{"id":4181,"date":"2025-07-24T22:23:26","date_gmt":"2025-07-24T15:23:26","guid":{"rendered":"https:\/\/sipin.com.vn\/?post_type=product&#038;p=4181"},"modified":"2025-07-24T22:23:26","modified_gmt":"2025-07-24T15:23:26","slug":"hiwin-pm-a-07-0d-v-34","status":"publish","type":"product","link":"https:\/\/sipin.com.vn\/index.php\/product\/hiwin-pm-a-07-0d-v-34\/","title":{"rendered":"HIWIN PM-A-07-0D-V-34"},"content":{"rendered":"<p>HIWIN PM-A-07-0D-V-30<\/p>\n<p>M\u1ed9t s\u1ed1 m\u00e3 th\u00f4ng d\u1ee5ng: PM-A-07-0D-V-34, PM-A-05-0D-V-50, PM-A07-0D-V-30<\/p>\n<p>H\u1ec7 th\u1ed1ng \u0111o v\u1ecb tr\u00ed PM-B v\u00e0 PM-A c\u1ee7a HIWIN<br class=\"html-br\" \/><br class=\"html-br\" \/>&#8211; Gi\u1edbi thi\u1ec7u chung<br class=\"html-br\" \/><br class=\"html-br\" \/>H\u1ec7 th\u1ed1ng \u0111o v\u1ecb tr\u00ed l\u00e0 m\u1ed9t thi\u1ebft b\u1ecb \u0111\u01b0\u1ee3c s\u1eed d\u1ee5ng \u0111\u1ec3 x\u00e1c \u0111\u1ecbnh ch\u00ednh x\u00e1c v\u1ecb tr\u00ed c\u1ee7a m\u1ed9t v\u1eadt th\u1ec3. C\u00e1c h\u1ec7 th\u1ed1ng n\u00e0y \u0111\u01b0\u1ee3c \u00e1p d\u1ee5ng r\u1ed9ng r\u00e3i trong nhi\u1ec1u l\u0129nh v\u1ef1c c\u00f4ng nghi\u1ec7p, t\u1eeb s\u1ea3n xu\u1ea5t \u0111\u1ebfn t\u1ef1 \u0111\u1ed9ng h\u00f3a.<br class=\"html-br\" \/><br class=\"html-br\" \/>\u0110\u1eb7c \u0111i\u1ec3m chung c\u1ee7a c\u00e1c h\u1ec7 th\u1ed1ng \u0111o v\u1ecb tr\u00ed PM-B v\u00e0 PM-A c\u1ee7a HIWIN<br class=\"html-br\" \/><br class=\"html-br\" \/>* \u0110\u1ed9 ch\u00ednh x\u00e1c cao: C\u00e1c h\u1ec7 th\u1ed1ng n\u00e0y cung c\u1ea5p \u0111\u1ed9 ch\u00ednh x\u00e1c cao, \u0111\u1ea3m b\u1ea3o vi\u1ec7c \u0111o \u0111\u1ea1c ch\u00ednh x\u00e1c trong c\u00e1c qu\u00e1 tr\u00ecnh s\u1ea3n xu\u1ea5t v\u00e0 ki\u1ec3m tra.<br class=\"html-br\" \/>* Kh\u1ea3 n\u0103ng ho\u1ea1t \u0111\u1ed9ng trong m\u00f4i tr\u01b0\u1eddng kh\u1eafc nghi\u1ec7t: Thi\u1ebft k\u1ebf ch\u1ed1ng d\u1ea7u, n\u01b0\u1edbc, m\u1ea1t s\u1eaft v\u00e0 c\u00e1c y\u1ebfu t\u1ed1 kh\u00e1c gi\u00fap c\u00e1c h\u1ec7 th\u1ed1ng n\u00e0y ho\u1ea1t \u0111\u1ed9ng \u1ed5n \u0111\u1ecbnh trong m\u00f4i tr\u01b0\u1eddng c\u00f4ng nghi\u1ec7p kh\u1eafc nghi\u1ec7t.<br class=\"html-br\" \/>* \u1ee8ng d\u1ee5ng \u0111a d\u1ea1ng: C\u00e1c h\u1ec7 th\u1ed1ng n\u00e0y c\u00f3 th\u1ec3 \u0111\u01b0\u1ee3c \u00e1p d\u1ee5ng trong nhi\u1ec1u ng\u00e0nh c\u00f4ng nghi\u1ec7p kh\u00e1c nhau, t\u1eeb s\u1ea3n xu\u1ea5t PCB, d\u1ec7t may, in \u1ea5n \u0111\u1ebfn t\u1ef1 \u0111\u1ed9ng h\u00f3a nh\u00e0 kho.<br class=\"html-br\" \/><br class=\"html-br\" \/>Chi ti\u1ebft c\u00e1c h\u1ec7 th\u1ed1ng \u0111o v\u1ecb tr\u00ed<br class=\"html-br\" \/><br class=\"html-br\" \/>1. PM-B 1mm Position Measurement System<br class=\"html-br\" \/><br class=\"html-br\" \/>* \u0110\u1ed9 ph\u00e2n gi\u1ea3i: 1 \u00b5m<br class=\"html-br\" \/>* \u0110\u1ed9 l\u1eb7p l\u1ea1i: \u00b12 \u00b5m<br class=\"html-br\" \/>* Kho\u1ea3ng c\u00e1ch ph\u00e1t hi\u1ec7n: 0.3 mm<br class=\"html-br\" \/>* \u1ee8ng d\u1ee5ng: C\u00f4ng nghi\u1ec7p PCB, c\u00f4ng nghi\u1ec7p d\u1ec7t may, m\u00e1y c\u1eaft k\u00ednh, c\u00f4ng nghi\u1ec7p t\u1ef1 \u0111\u1ed9ng h\u00f3a.<br class=\"html-br\" \/>M\u00e3 th\u00f4ng d\u1ee5ng:<br class=\"html-br\" \/><br class=\"html-br\" \/>2. PM-A 5mm Position Measurement System<br class=\"html-br\" \/><br class=\"html-br\" \/>* \u0110\u1ed9 ph\u00e2n gi\u1ea3i: 5 \u00b5m<br class=\"html-br\" \/>* \u0110\u1ed9 l\u1eb7p l\u1ea1i: \u00b110 \u00b5m<br class=\"html-br\" \/>* Kho\u1ea3ng c\u00e1ch ph\u00e1t hi\u1ec7n: 3 mm<br class=\"html-br\" \/>* \u1ee8ng d\u1ee5ng: C\u00f4ng nghi\u1ec7p ch\u1ebf bi\u1ebfn g\u1ed7, m\u00e1y c\u1eaft, t\u1ef1 \u0111\u1ed9ng h\u00f3a nh\u00e0 kho.<br class=\"html-br\" \/>M\u1ed9t s\u1ed1 m\u00e3 th\u00f4ng d\u1ee5ng: PM-A-07-0D-V-34, PM-A-05-0D-V-50, PM-A07-0D-V-30 &#8230;<\/p>\n","protected":false},"excerpt":{"rendered":"<p>HIWIN PM-A-07-0D-V-30 M\u1ed9t s\u1ed1 m\u00e3 th\u00f4ng d\u1ee5ng: PM-A-07-0D-V-34, PM-A-05-0D-V-50, PM-A07-0D-V-30 H\u1ec7 th\u1ed1ng \u0111o v\u1ecb tr\u00ed PM-B v\u00e0 PM-A c\u1ee7a HIWIN&#8211; Gi\u1edbi thi\u1ec7u chungH\u1ec7 th\u1ed1ng \u0111o v\u1ecb tr\u00ed l\u00e0 m\u1ed9t thi\u1ebft b\u1ecb \u0111\u01b0\u1ee3c s\u1eed d\u1ee5ng \u0111\u1ec3 x\u00e1c \u0111\u1ecbnh ch\u00ednh x\u00e1c v\u1ecb tr\u00ed c\u1ee7a m\u1ed9t v\u1eadt th\u1ec3. C\u00e1c h\u1ec7 th\u1ed1ng n\u00e0y \u0111\u01b0\u1ee3c&hellip; <\/p>\n","protected":false},"featured_media":4182,"comment_status":"open","ping_status":"closed","template":"","meta":{"om_disable_all_campaigns":false,"_monsterinsights_skip_tracking":false,"_monsterinsights_sitenote_active":false,"_monsterinsights_sitenote_note":"","_monsterinsights_sitenote_category":0},"product_cat":[851],"product_tag":[88,641,640],"class_list":{"0":"post-4181","1":"product","2":"type-product","3":"status-publish","4":"has-post-thumbnail","6":"product_cat-hiwin","7":"product_tag-cam-bien","8":"product_tag-dai-ly-hiwin-viet-nam","9":"product_tag-hiwin-viet-nam","11":"first","12":"instock","13":"shipping-taxable","14":"product-type-simple"},"aioseo_notices":[],"yoast_head":"<!-- This site is optimized with the Yoast SEO plugin v22.8 - https:\/\/yoast.com\/wordpress\/plugins\/seo\/ -->\n<title>HIWIN PM-A-07-0D-V-34 - OMANI VI\u1ec6T NAM<\/title>\n<meta name=\"description\" content=\"HIWIN PM-A-07-0D-V-34 Position Sensor\" \/>\n<meta name=\"robots\" content=\"index, follow, max-snippet:-1, max-image-preview:large, max-video-preview:-1\" \/>\n<link rel=\"canonical\" href=\"https:\/\/sipin.com.vn\/index.php\/product\/hiwin-pm-a-07-0d-v-34\/\" \/>\n<meta property=\"og:locale\" content=\"vi_VN\" \/>\n<meta property=\"og:type\" content=\"article\" \/>\n<meta property=\"og:title\" content=\"HIWIN PM-A-07-0D-V-34 - OMANI VI\u1ec6T NAM\" \/>\n<meta property=\"og:description\" content=\"HIWIN PM-A-07-0D-V-34 Position Sensor\" \/>\n<meta property=\"og:url\" content=\"https:\/\/sipin.com.vn\/index.php\/product\/hiwin-pm-a-07-0d-v-34\/\" \/>\n<meta property=\"og:site_name\" content=\"OMANI VI\u1ec6T NAM\" \/>\n<meta property=\"og:image\" content=\"https:\/\/sipin.com.vn\/wp-content\/uploads\/2025\/07\/PM-A-07-0D-V-34.png\" \/>\n\t<meta property=\"og:image:width\" content=\"1082\" \/>\n\t<meta property=\"og:image:height\" content=\"633\" \/>\n\t<meta property=\"og:image:type\" content=\"image\/png\" \/>\n<meta name=\"twitter:card\" content=\"summary_large_image\" \/>\n<meta name=\"twitter:label1\" content=\"\u01af\u1edbc t\u00ednh th\u1eddi gian \u0111\u1ecdc\" \/>\n\t<meta name=\"twitter:data1\" content=\"2 ph\u00fat\" \/>\n<script type=\"application\/ld+json\" class=\"yoast-schema-graph\">{\"@context\":\"https:\/\/schema.org\",\"@graph\":[{\"@type\":\"WebPage\",\"@id\":\"https:\/\/sipin.com.vn\/index.php\/product\/hiwin-pm-a-07-0d-v-34\/\",\"url\":\"https:\/\/sipin.com.vn\/index.php\/product\/hiwin-pm-a-07-0d-v-34\/\",\"name\":\"HIWIN PM-A-07-0D-V-34 - OMANI VI\u1ec6T NAM\",\"isPartOf\":{\"@id\":\"https:\/\/sipin.com.vn\/#website\"},\"primaryImageOfPage\":{\"@id\":\"https:\/\/sipin.com.vn\/index.php\/product\/hiwin-pm-a-07-0d-v-34\/#primaryimage\"},\"image\":{\"@id\":\"https:\/\/sipin.com.vn\/index.php\/product\/hiwin-pm-a-07-0d-v-34\/#primaryimage\"},\"thumbnailUrl\":\"https:\/\/sipin.com.vn\/wp-content\/uploads\/2025\/07\/PM-A-07-0D-V-34.png\",\"datePublished\":\"2025-07-24T15:23:26+00:00\",\"dateModified\":\"2025-07-24T15:23:26+00:00\",\"description\":\"HIWIN PM-A-07-0D-V-34 Position Sensor\",\"breadcrumb\":{\"@id\":\"https:\/\/sipin.com.vn\/index.php\/product\/hiwin-pm-a-07-0d-v-34\/#breadcrumb\"},\"inLanguage\":\"vi\",\"potentialAction\":[{\"@type\":\"ReadAction\",\"target\":[\"https:\/\/sipin.com.vn\/index.php\/product\/hiwin-pm-a-07-0d-v-34\/\"]}]},{\"@type\":\"ImageObject\",\"inLanguage\":\"vi\",\"@id\":\"https:\/\/sipin.com.vn\/index.php\/product\/hiwin-pm-a-07-0d-v-34\/#primaryimage\",\"url\":\"https:\/\/sipin.com.vn\/wp-content\/uploads\/2025\/07\/PM-A-07-0D-V-34.png\",\"contentUrl\":\"https:\/\/sipin.com.vn\/wp-content\/uploads\/2025\/07\/PM-A-07-0D-V-34.png\",\"width\":1082,\"height\":633},{\"@type\":\"BreadcrumbList\",\"@id\":\"https:\/\/sipin.com.vn\/index.php\/product\/hiwin-pm-a-07-0d-v-34\/#breadcrumb\",\"itemListElement\":[{\"@type\":\"ListItem\",\"position\":1,\"name\":\"Home\",\"item\":\"https:\/\/sipin.com.vn\/\"},{\"@type\":\"ListItem\",\"position\":2,\"name\":\"S\u1ea2N PH\u1ea8M\",\"item\":\"https:\/\/sipin.com.vn\/index.php\/cua-hang\/\"},{\"@type\":\"ListItem\",\"position\":3,\"name\":\"HIWIN PM-A-07-0D-V-34\"}]},{\"@type\":\"WebSite\",\"@id\":\"https:\/\/sipin.com.vn\/#website\",\"url\":\"https:\/\/sipin.com.vn\/\",\"name\":\"OMANI VI\u1ec6T NAM\",\"description\":\"Nh\u00e0 ph\u00e2n ph\u1ed1i thi\u1ebft b\u1ecb kh\u00ed n\u00e9n v\u00e0 thi\u1ebft b\u1ecb t\u1ef1 \u0111\u1ed9ng h\u00f3a trong c\u00f4ng nghi\u1ec7p\",\"publisher\":{\"@id\":\"https:\/\/sipin.com.vn\/#\/schema\/person\/0ad398a980dc3fd696111c2c5c8fa897\"},\"potentialAction\":[{\"@type\":\"SearchAction\",\"target\":{\"@type\":\"EntryPoint\",\"urlTemplate\":\"https:\/\/sipin.com.vn\/?s={search_term_string}\"},\"query-input\":\"required name=search_term_string\"}],\"inLanguage\":\"vi\"},{\"@type\":[\"Person\",\"Organization\"],\"@id\":\"https:\/\/sipin.com.vn\/#\/schema\/person\/0ad398a980dc3fd696111c2c5c8fa897\",\"name\":\"Nguy\u1ec5n V\u0103n Kh\u00e1nh\",\"image\":{\"@type\":\"ImageObject\",\"inLanguage\":\"vi\",\"@id\":\"https:\/\/sipin.com.vn\/#\/schema\/person\/image\/\",\"url\":\"https:\/\/sipin.com.vn\/wp-content\/uploads\/2024\/06\/logo-1024x1024.png\",\"contentUrl\":\"https:\/\/sipin.com.vn\/wp-content\/uploads\/2024\/06\/logo-1024x1024.png\",\"width\":1024,\"height\":1024,\"caption\":\"Nguy\u1ec5n V\u0103n Kh\u00e1nh\"},\"logo\":{\"@id\":\"https:\/\/sipin.com.vn\/#\/schema\/person\/image\/\"},\"sameAs\":[\"https:\/\/sipin.com.vn\"]}]}<\/script>\n<!-- \/ Yoast SEO plugin. -->","yoast_head_json":{"title":"HIWIN PM-A-07-0D-V-34 - OMANI VI\u1ec6T NAM","description":"HIWIN PM-A-07-0D-V-34 Position Sensor","robots":{"index":"index","follow":"follow","max-snippet":"max-snippet:-1","max-image-preview":"max-image-preview:large","max-video-preview":"max-video-preview:-1"},"canonical":"https:\/\/sipin.com.vn\/index.php\/product\/hiwin-pm-a-07-0d-v-34\/","og_locale":"vi_VN","og_type":"article","og_title":"HIWIN PM-A-07-0D-V-34 - OMANI VI\u1ec6T NAM","og_description":"HIWIN PM-A-07-0D-V-34 Position Sensor","og_url":"https:\/\/sipin.com.vn\/index.php\/product\/hiwin-pm-a-07-0d-v-34\/","og_site_name":"OMANI VI\u1ec6T NAM","og_image":[{"width":1082,"height":633,"url":"https:\/\/sipin.com.vn\/wp-content\/uploads\/2025\/07\/PM-A-07-0D-V-34.png","type":"image\/png"}],"twitter_card":"summary_large_image","twitter_misc":{"\u01af\u1edbc t\u00ednh th\u1eddi gian \u0111\u1ecdc":"2 ph\u00fat"},"schema":{"@context":"https:\/\/schema.org","@graph":[{"@type":"WebPage","@id":"https:\/\/sipin.com.vn\/index.php\/product\/hiwin-pm-a-07-0d-v-34\/","url":"https:\/\/sipin.com.vn\/index.php\/product\/hiwin-pm-a-07-0d-v-34\/","name":"HIWIN PM-A-07-0D-V-34 - OMANI VI\u1ec6T NAM","isPartOf":{"@id":"https:\/\/sipin.com.vn\/#website"},"primaryImageOfPage":{"@id":"https:\/\/sipin.com.vn\/index.php\/product\/hiwin-pm-a-07-0d-v-34\/#primaryimage"},"image":{"@id":"https:\/\/sipin.com.vn\/index.php\/product\/hiwin-pm-a-07-0d-v-34\/#primaryimage"},"thumbnailUrl":"https:\/\/sipin.com.vn\/wp-content\/uploads\/2025\/07\/PM-A-07-0D-V-34.png","datePublished":"2025-07-24T15:23:26+00:00","dateModified":"2025-07-24T15:23:26+00:00","description":"HIWIN PM-A-07-0D-V-34 Position Sensor","breadcrumb":{"@id":"https:\/\/sipin.com.vn\/index.php\/product\/hiwin-pm-a-07-0d-v-34\/#breadcrumb"},"inLanguage":"vi","potentialAction":[{"@type":"ReadAction","target":["https:\/\/sipin.com.vn\/index.php\/product\/hiwin-pm-a-07-0d-v-34\/"]}]},{"@type":"ImageObject","inLanguage":"vi","@id":"https:\/\/sipin.com.vn\/index.php\/product\/hiwin-pm-a-07-0d-v-34\/#primaryimage","url":"https:\/\/sipin.com.vn\/wp-content\/uploads\/2025\/07\/PM-A-07-0D-V-34.png","contentUrl":"https:\/\/sipin.com.vn\/wp-content\/uploads\/2025\/07\/PM-A-07-0D-V-34.png","width":1082,"height":633},{"@type":"BreadcrumbList","@id":"https:\/\/sipin.com.vn\/index.php\/product\/hiwin-pm-a-07-0d-v-34\/#breadcrumb","itemListElement":[{"@type":"ListItem","position":1,"name":"Home","item":"https:\/\/sipin.com.vn\/"},{"@type":"ListItem","position":2,"name":"S\u1ea2N PH\u1ea8M","item":"https:\/\/sipin.com.vn\/index.php\/cua-hang\/"},{"@type":"ListItem","position":3,"name":"HIWIN PM-A-07-0D-V-34"}]},{"@type":"WebSite","@id":"https:\/\/sipin.com.vn\/#website","url":"https:\/\/sipin.com.vn\/","name":"OMANI VI\u1ec6T NAM","description":"Nh\u00e0 ph\u00e2n ph\u1ed1i thi\u1ebft b\u1ecb kh\u00ed n\u00e9n v\u00e0 thi\u1ebft b\u1ecb t\u1ef1 \u0111\u1ed9ng h\u00f3a trong c\u00f4ng nghi\u1ec7p","publisher":{"@id":"https:\/\/sipin.com.vn\/#\/schema\/person\/0ad398a980dc3fd696111c2c5c8fa897"},"potentialAction":[{"@type":"SearchAction","target":{"@type":"EntryPoint","urlTemplate":"https:\/\/sipin.com.vn\/?s={search_term_string}"},"query-input":"required name=search_term_string"}],"inLanguage":"vi"},{"@type":["Person","Organization"],"@id":"https:\/\/sipin.com.vn\/#\/schema\/person\/0ad398a980dc3fd696111c2c5c8fa897","name":"Nguy\u1ec5n V\u0103n Kh\u00e1nh","image":{"@type":"ImageObject","inLanguage":"vi","@id":"https:\/\/sipin.com.vn\/#\/schema\/person\/image\/","url":"https:\/\/sipin.com.vn\/wp-content\/uploads\/2024\/06\/logo-1024x1024.png","contentUrl":"https:\/\/sipin.com.vn\/wp-content\/uploads\/2024\/06\/logo-1024x1024.png","width":1024,"height":1024,"caption":"Nguy\u1ec5n V\u0103n Kh\u00e1nh"},"logo":{"@id":"https:\/\/sipin.com.vn\/#\/schema\/person\/image\/"},"sameAs":["https:\/\/sipin.com.vn"]}]}},"_links":{"self":[{"href":"https:\/\/sipin.com.vn\/index.php\/wp-json\/wp\/v2\/product\/4181","targetHints":{"allow":["GET"]}}],"collection":[{"href":"https:\/\/sipin.com.vn\/index.php\/wp-json\/wp\/v2\/product"}],"about":[{"href":"https:\/\/sipin.com.vn\/index.php\/wp-json\/wp\/v2\/types\/product"}],"replies":[{"embeddable":true,"href":"https:\/\/sipin.com.vn\/index.php\/wp-json\/wp\/v2\/comments?post=4181"}],"wp:featuredmedia":[{"embeddable":true,"href":"https:\/\/sipin.com.vn\/index.php\/wp-json\/wp\/v2\/media\/4182"}],"wp:attachment":[{"href":"https:\/\/sipin.com.vn\/index.php\/wp-json\/wp\/v2\/media?parent=4181"}],"wp:term":[{"taxonomy":"product_cat","embeddable":true,"href":"https:\/\/sipin.com.vn\/index.php\/wp-json\/wp\/v2\/product_cat?post=4181"},{"taxonomy":"product_tag","embeddable":true,"href":"https:\/\/sipin.com.vn\/index.php\/wp-json\/wp\/v2\/product_tag?post=4181"}],"curies":[{"name":"wp","href":"https:\/\/api.w.org\/{rel}","templated":true}]}}