{"id":415,"date":"2024-06-12T23:29:58","date_gmt":"2024-06-12T16:29:58","guid":{"rendered":"https:\/\/omanivietnam.com\/?post_type=product&#038;p=415"},"modified":"2024-08-10T21:17:40","modified_gmt":"2024-08-10T14:17:40","slug":"ckd-sab1s-10a-c","status":"publish","type":"product","link":"https:\/\/sipin.com.vn\/index.php\/product\/ckd-sab1s-10a-c\/","title":{"rendered":"CKD SAB1S-10A-C"},"content":{"rendered":"<p>CKD SAB1S-10A-C<\/p>\n<p>CKD SAB1S-25A-C<\/p>\n<div class=\"chat-item flx \">\n<div class=\"chat-content flx flx-col flx-cell\">\n<div id=\"bb_msg_id_1717662805284\" class=\"chat-message wrap-message rotate-container -send-time -reaction bubble-jump-target\" data-node-type=\"bubble-message\">\n<div class=\"\">\n<div class=\"card card-with-reaction-v2 last-msg card--text\" data-id=\"div_ReceivedMsg_Text\">\n<div>\n<div class=\"overflow-hidden\"><span class=\"text\">CKD SAB1S-15A-C<\/span><\/div>\n<div class=\"overflow-hidden\"><span class=\"text\">CKD SAB1S-20A-C<\/span><\/div>\n<div class=\"overflow-hidden\"><span class=\"text\">CKD SAB1S-10A-C<\/span><\/div>\n<div class=\"overflow-hidden\"><span class=\"text\">CKD SAB2S-20A-C<\/span><\/div>\n<div class=\"overflow-hidden\"><span class=\"text\">CKD SCM-LB-25B-640-T2H3-D<\/span><\/div>\n<div class=\"overflow-hidden\"><span class=\"text\">CKD SSD2-L-40D-25-T2V3-D<\/span><\/div>\n<\/div>\n<div class=\"message-reaction-container message-reaction-container-v2 has-reacts has-send-time show-react-btn always-display \">\n<div id=\"reaction-btn-5513157914740\" data-id=\"btn_ReceivedMsg_React\">\n<div class=\"emoji-list-wrapper hide-elist\">\n<div class=\"reaction-emoji-list\">\n<div class=\"reaction-emoji-icon\"><\/div>\n<div class=\"reaction-emoji-icon\">CKD air control valve SAB1S-10A-C SAB1S-15A-C SAB1S-20A-C SAB1S-25A-C<\/div>\n<\/div>\n<\/div>\n<\/div>\n<\/div>\n<\/div>\n<\/div>\n<\/div>\n<\/div>\n<\/div>\n<div><\/div>\n<div>\n<h1 class=\"m-h1\">Air Operated 2 Port Cylinder Valve SAB*S Series<\/h1>\n<h2 class=\"m-h2\">Product Description<\/h2>\n<p>Air-operated 2-port valve.<br \/>\n[Features]<br \/>\n\u00b7 NC (normally closed) type, NO (normally open) type, double acting type<br \/>\n\u00b7 Connection port diameter: Rc1\/4 to Rc2, 32 to 50 flange<br \/>\n\u00b7 Operating fluid: For steam, water, air<br \/>\n[Application]<br \/>\n\u00b7 Ideal for controlling steam, water, air and non-corrosive liquids.<br \/>\n\u00b7 Can also be used in an explosion-proof atmosphere.<\/p>\n<\/div>\n<p>\u0110\u1ea1i l\u00fd CKD vietnam, CKD viet nam, CKD vietnam distributor, Ph\u00e2n ph\u1ed1i CKD t\u1ea1i vi\u1ec7t nam<\/p>\n<p>\u0110\u1ea1i l\u00fd CKD vietnam, CKD viet nam, CKD vietnam distributor, Ph\u00e2n ph\u1ed1i CKD t\u1ea1i vi\u1ec7t nam<\/p>\n<p>\u0110\u1ea1i l\u00fd CKD vietnam, CKD viet nam, CKD vietnam distributor, Ph\u00e2n ph\u1ed1i CKD t\u1ea1i vi\u1ec7t nam<\/p>\n<p>\u0110\u1ea1i l\u00fd CKD vietnam, CKD viet nam, CKD vietnam distributor, Ph\u00e2n ph\u1ed1i CKD t\u1ea1i vi\u1ec7t nam<\/p>\n<p>\u0110\u1ea1i l\u00fd CKD vietnam, CKD viet nam, CKD vietnam distributor, Ph\u00e2n ph\u1ed1i CKD t\u1ea1i vi\u1ec7t nam<\/p>\n","protected":false},"excerpt":{"rendered":"<p><strong>CKD SAB1S-10A-C<\/strong><\/p>\n<div data-redactor=\"1\">\n<p>\u0110T:\u00a0<a title=\"Call\" href=\"tel:0937876353\">0937 876 353<\/a><br \/>\nFace. Zalo :\u00a0<a title=\"Call\" href=\"tel:0937876353\">0937 876 353<\/a><br \/>\n\u0110C: 28\/1\/16 \u0110\u01b0\u1eddng 16, P. Linh Chi\u1ec3u, TP. Th\u1ee7 \u0110\u1ee9c, TP. HCM<\/p>\n<\/div>\n<div data-redactor=\"1\">\n<p>Web :\u00a0<a href=\"https:\/\/omanivietnam.com\/\">https:\/\/omanivietnam.com<\/a><\/p>\n<\/div>\n","protected":false},"featured_media":416,"comment_status":"open","ping_status":"closed","template":"","meta":{"om_disable_all_campaigns":false,"_monsterinsights_skip_tracking":false,"_monsterinsights_sitenote_active":false,"_monsterinsights_sitenote_note":"","_monsterinsights_sitenote_category":0},"product_cat":[15],"product_tag":[100,101,102],"class_list":{"0":"post-415","1":"product","2":"type-product","3":"status-publish","4":"has-post-thumbnail","6":"product_cat-apex","7":"product_tag-ckd-viet-nam","8":"product_tag-dai-ly-ckd-viet-nam","9":"product_tag-van-khi-nen","11":"first","12":"instock","13":"shipping-taxable","14":"product-type-simple"},"aioseo_notices":[],"yoast_head":"<!-- This site is optimized with the Yoast SEO plugin v22.8 - https:\/\/yoast.com\/wordpress\/plugins\/seo\/ -->\n<title>CKD SAB1S-10A-C - OMANI VI\u1ec6T NAM<\/title>\n<meta name=\"description\" content=\"Air Operated 2 Port Cylinder Valve SAB*S Series\" \/>\n<meta name=\"robots\" content=\"index, follow, max-snippet:-1, max-image-preview:large, max-video-preview:-1\" \/>\n<link rel=\"canonical\" href=\"https:\/\/sipin.com.vn\/index.php\/product\/ckd-sab1s-10a-c\/\" \/>\n<meta property=\"og:locale\" content=\"vi_VN\" \/>\n<meta property=\"og:type\" content=\"article\" \/>\n<meta property=\"og:title\" content=\"CKD SAB1S-10A-C - OMANI VI\u1ec6T NAM\" \/>\n<meta property=\"og:description\" content=\"Air Operated 2 Port Cylinder Valve SAB*S Series\" \/>\n<meta property=\"og:url\" content=\"https:\/\/sipin.com.vn\/index.php\/product\/ckd-sab1s-10a-c\/\" \/>\n<meta property=\"og:site_name\" content=\"OMANI VI\u1ec6T NAM\" \/>\n<meta property=\"article:modified_time\" content=\"2024-08-10T14:17:40+00:00\" \/>\n<meta property=\"og:image\" content=\"https:\/\/sipin.com.vn\/wp-content\/uploads\/2024\/06\/SAB1S-10A-C.png\" \/>\n\t<meta property=\"og:image:width\" content=\"627\" \/>\n\t<meta property=\"og:image:height\" content=\"545\" \/>\n\t<meta property=\"og:image:type\" content=\"image\/png\" \/>\n<meta name=\"twitter:card\" content=\"summary_large_image\" \/>\n<meta name=\"twitter:label1\" content=\"\u01af\u1edbc t\u00ednh th\u1eddi gian \u0111\u1ecdc\" \/>\n\t<meta name=\"twitter:data1\" content=\"2 ph\u00fat\" \/>\n<script type=\"application\/ld+json\" class=\"yoast-schema-graph\">{\"@context\":\"https:\/\/schema.org\",\"@graph\":[{\"@type\":\"WebPage\",\"@id\":\"https:\/\/sipin.com.vn\/index.php\/product\/ckd-sab1s-10a-c\/\",\"url\":\"https:\/\/sipin.com.vn\/index.php\/product\/ckd-sab1s-10a-c\/\",\"name\":\"CKD SAB1S-10A-C - OMANI VI\u1ec6T NAM\",\"isPartOf\":{\"@id\":\"https:\/\/sipin.com.vn\/#website\"},\"primaryImageOfPage\":{\"@id\":\"https:\/\/sipin.com.vn\/index.php\/product\/ckd-sab1s-10a-c\/#primaryimage\"},\"image\":{\"@id\":\"https:\/\/sipin.com.vn\/index.php\/product\/ckd-sab1s-10a-c\/#primaryimage\"},\"thumbnailUrl\":\"https:\/\/sipin.com.vn\/wp-content\/uploads\/2024\/06\/SAB1S-10A-C.png\",\"datePublished\":\"2024-06-12T16:29:58+00:00\",\"dateModified\":\"2024-08-10T14:17:40+00:00\",\"description\":\"Air Operated 2 Port Cylinder Valve SAB*S Series\",\"breadcrumb\":{\"@id\":\"https:\/\/sipin.com.vn\/index.php\/product\/ckd-sab1s-10a-c\/#breadcrumb\"},\"inLanguage\":\"vi\",\"potentialAction\":[{\"@type\":\"ReadAction\",\"target\":[\"https:\/\/sipin.com.vn\/index.php\/product\/ckd-sab1s-10a-c\/\"]}]},{\"@type\":\"ImageObject\",\"inLanguage\":\"vi\",\"@id\":\"https:\/\/sipin.com.vn\/index.php\/product\/ckd-sab1s-10a-c\/#primaryimage\",\"url\":\"https:\/\/sipin.com.vn\/wp-content\/uploads\/2024\/06\/SAB1S-10A-C.png\",\"contentUrl\":\"https:\/\/sipin.com.vn\/wp-content\/uploads\/2024\/06\/SAB1S-10A-C.png\",\"width\":627,\"height\":545},{\"@type\":\"BreadcrumbList\",\"@id\":\"https:\/\/sipin.com.vn\/index.php\/product\/ckd-sab1s-10a-c\/#breadcrumb\",\"itemListElement\":[{\"@type\":\"ListItem\",\"position\":1,\"name\":\"Home\",\"item\":\"https:\/\/sipin.com.vn\/\"},{\"@type\":\"ListItem\",\"position\":2,\"name\":\"S\u1ea2N PH\u1ea8M\",\"item\":\"https:\/\/sipin.com.vn\/index.php\/cua-hang\/\"},{\"@type\":\"ListItem\",\"position\":3,\"name\":\"CKD SAB1S-10A-C\"}]},{\"@type\":\"WebSite\",\"@id\":\"https:\/\/sipin.com.vn\/#website\",\"url\":\"https:\/\/sipin.com.vn\/\",\"name\":\"OMANI VI\u1ec6T NAM\",\"description\":\"Nh\u00e0 ph\u00e2n ph\u1ed1i thi\u1ebft b\u1ecb kh\u00ed n\u00e9n v\u00e0 thi\u1ebft b\u1ecb t\u1ef1 \u0111\u1ed9ng h\u00f3a trong c\u00f4ng nghi\u1ec7p\",\"publisher\":{\"@id\":\"https:\/\/sipin.com.vn\/#\/schema\/person\/0ad398a980dc3fd696111c2c5c8fa897\"},\"potentialAction\":[{\"@type\":\"SearchAction\",\"target\":{\"@type\":\"EntryPoint\",\"urlTemplate\":\"https:\/\/sipin.com.vn\/?s={search_term_string}\"},\"query-input\":\"required name=search_term_string\"}],\"inLanguage\":\"vi\"},{\"@type\":[\"Person\",\"Organization\"],\"@id\":\"https:\/\/sipin.com.vn\/#\/schema\/person\/0ad398a980dc3fd696111c2c5c8fa897\",\"name\":\"Nguy\u1ec5n V\u0103n Kh\u00e1nh\",\"image\":{\"@type\":\"ImageObject\",\"inLanguage\":\"vi\",\"@id\":\"https:\/\/sipin.com.vn\/#\/schema\/person\/image\/\",\"url\":\"https:\/\/sipin.com.vn\/wp-content\/uploads\/2024\/06\/logo-1024x1024.png\",\"contentUrl\":\"https:\/\/sipin.com.vn\/wp-content\/uploads\/2024\/06\/logo-1024x1024.png\",\"width\":1024,\"height\":1024,\"caption\":\"Nguy\u1ec5n V\u0103n Kh\u00e1nh\"},\"logo\":{\"@id\":\"https:\/\/sipin.com.vn\/#\/schema\/person\/image\/\"},\"sameAs\":[\"https:\/\/sipin.com.vn\"]}]}<\/script>\n<!-- \/ Yoast SEO plugin. -->","yoast_head_json":{"title":"CKD SAB1S-10A-C - OMANI VI\u1ec6T NAM","description":"Air Operated 2 Port Cylinder Valve SAB*S Series","robots":{"index":"index","follow":"follow","max-snippet":"max-snippet:-1","max-image-preview":"max-image-preview:large","max-video-preview":"max-video-preview:-1"},"canonical":"https:\/\/sipin.com.vn\/index.php\/product\/ckd-sab1s-10a-c\/","og_locale":"vi_VN","og_type":"article","og_title":"CKD SAB1S-10A-C - OMANI VI\u1ec6T NAM","og_description":"Air Operated 2 Port Cylinder Valve SAB*S Series","og_url":"https:\/\/sipin.com.vn\/index.php\/product\/ckd-sab1s-10a-c\/","og_site_name":"OMANI VI\u1ec6T NAM","article_modified_time":"2024-08-10T14:17:40+00:00","og_image":[{"width":627,"height":545,"url":"https:\/\/sipin.com.vn\/wp-content\/uploads\/2024\/06\/SAB1S-10A-C.png","type":"image\/png"}],"twitter_card":"summary_large_image","twitter_misc":{"\u01af\u1edbc t\u00ednh th\u1eddi gian \u0111\u1ecdc":"2 ph\u00fat"},"schema":{"@context":"https:\/\/schema.org","@graph":[{"@type":"WebPage","@id":"https:\/\/sipin.com.vn\/index.php\/product\/ckd-sab1s-10a-c\/","url":"https:\/\/sipin.com.vn\/index.php\/product\/ckd-sab1s-10a-c\/","name":"CKD SAB1S-10A-C - OMANI VI\u1ec6T NAM","isPartOf":{"@id":"https:\/\/sipin.com.vn\/#website"},"primaryImageOfPage":{"@id":"https:\/\/sipin.com.vn\/index.php\/product\/ckd-sab1s-10a-c\/#primaryimage"},"image":{"@id":"https:\/\/sipin.com.vn\/index.php\/product\/ckd-sab1s-10a-c\/#primaryimage"},"thumbnailUrl":"https:\/\/sipin.com.vn\/wp-content\/uploads\/2024\/06\/SAB1S-10A-C.png","datePublished":"2024-06-12T16:29:58+00:00","dateModified":"2024-08-10T14:17:40+00:00","description":"Air Operated 2 Port Cylinder Valve SAB*S Series","breadcrumb":{"@id":"https:\/\/sipin.com.vn\/index.php\/product\/ckd-sab1s-10a-c\/#breadcrumb"},"inLanguage":"vi","potentialAction":[{"@type":"ReadAction","target":["https:\/\/sipin.com.vn\/index.php\/product\/ckd-sab1s-10a-c\/"]}]},{"@type":"ImageObject","inLanguage":"vi","@id":"https:\/\/sipin.com.vn\/index.php\/product\/ckd-sab1s-10a-c\/#primaryimage","url":"https:\/\/sipin.com.vn\/wp-content\/uploads\/2024\/06\/SAB1S-10A-C.png","contentUrl":"https:\/\/sipin.com.vn\/wp-content\/uploads\/2024\/06\/SAB1S-10A-C.png","width":627,"height":545},{"@type":"BreadcrumbList","@id":"https:\/\/sipin.com.vn\/index.php\/product\/ckd-sab1s-10a-c\/#breadcrumb","itemListElement":[{"@type":"ListItem","position":1,"name":"Home","item":"https:\/\/sipin.com.vn\/"},{"@type":"ListItem","position":2,"name":"S\u1ea2N PH\u1ea8M","item":"https:\/\/sipin.com.vn\/index.php\/cua-hang\/"},{"@type":"ListItem","position":3,"name":"CKD SAB1S-10A-C"}]},{"@type":"WebSite","@id":"https:\/\/sipin.com.vn\/#website","url":"https:\/\/sipin.com.vn\/","name":"OMANI VI\u1ec6T NAM","description":"Nh\u00e0 ph\u00e2n ph\u1ed1i thi\u1ebft b\u1ecb kh\u00ed n\u00e9n v\u00e0 thi\u1ebft b\u1ecb t\u1ef1 \u0111\u1ed9ng h\u00f3a trong c\u00f4ng nghi\u1ec7p","publisher":{"@id":"https:\/\/sipin.com.vn\/#\/schema\/person\/0ad398a980dc3fd696111c2c5c8fa897"},"potentialAction":[{"@type":"SearchAction","target":{"@type":"EntryPoint","urlTemplate":"https:\/\/sipin.com.vn\/?s={search_term_string}"},"query-input":"required name=search_term_string"}],"inLanguage":"vi"},{"@type":["Person","Organization"],"@id":"https:\/\/sipin.com.vn\/#\/schema\/person\/0ad398a980dc3fd696111c2c5c8fa897","name":"Nguy\u1ec5n V\u0103n Kh\u00e1nh","image":{"@type":"ImageObject","inLanguage":"vi","@id":"https:\/\/sipin.com.vn\/#\/schema\/person\/image\/","url":"https:\/\/sipin.com.vn\/wp-content\/uploads\/2024\/06\/logo-1024x1024.png","contentUrl":"https:\/\/sipin.com.vn\/wp-content\/uploads\/2024\/06\/logo-1024x1024.png","width":1024,"height":1024,"caption":"Nguy\u1ec5n V\u0103n Kh\u00e1nh"},"logo":{"@id":"https:\/\/sipin.com.vn\/#\/schema\/person\/image\/"},"sameAs":["https:\/\/sipin.com.vn"]}]}},"_links":{"self":[{"href":"https:\/\/sipin.com.vn\/index.php\/wp-json\/wp\/v2\/product\/415","targetHints":{"allow":["GET"]}}],"collection":[{"href":"https:\/\/sipin.com.vn\/index.php\/wp-json\/wp\/v2\/product"}],"about":[{"href":"https:\/\/sipin.com.vn\/index.php\/wp-json\/wp\/v2\/types\/product"}],"replies":[{"embeddable":true,"href":"https:\/\/sipin.com.vn\/index.php\/wp-json\/wp\/v2\/comments?post=415"}],"wp:featuredmedia":[{"embeddable":true,"href":"https:\/\/sipin.com.vn\/index.php\/wp-json\/wp\/v2\/media\/416"}],"wp:attachment":[{"href":"https:\/\/sipin.com.vn\/index.php\/wp-json\/wp\/v2\/media?parent=415"}],"wp:term":[{"taxonomy":"product_cat","embeddable":true,"href":"https:\/\/sipin.com.vn\/index.php\/wp-json\/wp\/v2\/product_cat?post=415"},{"taxonomy":"product_tag","embeddable":true,"href":"https:\/\/sipin.com.vn\/index.php\/wp-json\/wp\/v2\/product_tag?post=415"}],"curies":[{"name":"wp","href":"https:\/\/api.w.org\/{rel}","templated":true}]}}