{"id":4087,"date":"2025-07-01T23:07:29","date_gmt":"2025-07-01T16:07:29","guid":{"rendered":"https:\/\/sipin.com.vn\/?post_type=product&#038;p=4087"},"modified":"2025-07-01T23:07:29","modified_gmt":"2025-07-01T16:07:29","slug":"mitsubishi-lm-10pd","status":"publish","type":"product","link":"https:\/\/sipin.com.vn\/index.php\/product\/mitsubishi-lm-10pd\/","title":{"rendered":"MITSUBISHI LM-10PD"},"content":{"rendered":"<p>MITSUBISHI LM-10PD<\/p>\n<h2>B\u1ed9 \u0111i\u1ec1u ch\u1ec9nh l\u1ef1c c\u0103ng Mitsubishi LM-10PD<\/h2>\n<h3>1. Gi\u1edbi thi\u1ec7u B\u1ed9 \u0111i\u1ec1u ch\u1ec9nh l\u1ef1c c\u0103ng\u00a0LM-10PD:<\/h3>\n<p>Th\u00f4ng s\u1ed1 k\u1ef9 thu\u1eadt:<\/p>\n<table class=\"is-zebra all magic-11\">\n<tbody>\n<tr>\n<td colspan=\"1\" rowspan=\"1\">\n<div class=\"magic-12\" data-spm-anchor-id=\"a2700.md_vi_VN.pronpeci14.i0.4261599ctWPGns\">Cung C\u1ea5p \u0111i\u1ec7n<\/div>\n<\/td>\n<td colspan=\"1\" rowspan=\"1\">\n<div class=\"magic-13\">AC85 ~ 264V 50\/60HZ 50VA<\/div>\n<\/td>\n<\/tr>\n<tr>\n<td colspan=\"1\" rowspan=\"1\">\n<div class=\"magic-12\">C\u0103ng th\u1eb3ng \u0111\u1ea7u ra t\u00edn hi\u1ec7u<\/div>\n<\/td>\n<td colspan=\"1\" rowspan=\"1\">\n<div class=\"magic-13\">\u00b7 \u0110i\u1ec7n \u00e1p \u0111\u1ea7u ra: 0 ~ 5V,0 ~ 10V,1 ~ 5V\/FS<br \/>\n\u00b7 Kh\u00e1ng t\u1ea3i: 1 K \u03a9 ho\u1eb7c cao h\u01a1n<br \/>\n\u00b7 S\u1ea3n l\u01b0\u1ee3ng hi\u1ec7n t\u1ea1i: 4 ~ 20mA\/FS<br \/>\n\u00b7 Kh\u00e1ng t\u1ea3i: 500 \u03a9 ho\u1eb7c d\u01b0\u1edbi \u0111\u00e2y<\/div>\n<\/td>\n<\/tr>\n<tr>\n<td colspan=\"1\" rowspan=\"1\">\n<div class=\"magic-12\">C\u0103ng th\u1eb3ng ph\u00e1t hi\u1ec7n \u0111\u1ea7u ra<\/div>\n<\/td>\n<td colspan=\"1\" rowspan=\"1\">\n<div class=\"magic-13\">\u00b7 Thi\u1ebft l\u1eadp gi\u00e1 tr\u1ecb: 0 ~ 2000N, X10N<br \/>\n\u00b7 Pen-\u0110\u1ea7u ra Collector: DC30V\/0.5A<\/div>\n<\/td>\n<\/tr>\n<tr>\n<td colspan=\"1\" rowspan=\"1\">\n<div class=\"magic-12\">B\u00ean ngo\u00e0i c\u0103ng th\u1eb3ng Meter s\u1eed d\u1ee5ng \u0111\u1ea7u ra<\/div>\n<\/td>\n<td colspan=\"1\" rowspan=\"1\">\n<div class=\"magic-13\">\u00b7 DC1mA (Tr\u1edf kh\u00e1ng N\u1ed9i B\u1ed9 1.5K\u03a9 ho\u1eb7c b\u00ean d\u01b0\u1edbi)<\/div>\n<\/td>\n<\/tr>\n<tr>\n<td colspan=\"1\" rowspan=\"1\">\n<div class=\"magic-12\">Ghi Meter s\u1eed d\u1ee5ng \u0111\u1ea7u ra<\/div>\n<\/td>\n<td colspan=\"1\" rowspan=\"1\">\n<div class=\"magic-13\">\u00b7 \u0110i\u1ec7n \u00e1p \u0111\u1ea7u ra: 0 ~ 5V<br \/>\n\u00b7 Kh\u00e1ng t\u1ea3i: 10K\u03a9 ho\u1eb7c cao h\u01a1n<\/div>\n<\/td>\n<\/tr>\n<tr>\n<td colspan=\"1\" rowspan=\"1\">\n<div class=\"magic-12\">Hi\u1ec3n th\u1ecb<\/div>\n<\/td>\n<td colspan=\"1\" rowspan=\"1\">\n<div class=\"magic-13\">\u00b7 Quy m\u00f4 \u0111\u1ea7y \u0111\u1ee7 thi\u1ebft l\u1eadp: 0.01 ~ 20000N<br \/>\n\u00b7 \u0110\u01a1n v\u1ecb: N ho\u1eb7c X10N<\/div>\n<\/td>\n<\/tr>\n<tr>\n<td colspan=\"1\" rowspan=\"1\">\n<div class=\"magic-12\">M\u00f4i tr\u01b0\u1eddng l\u00e0m vi\u1ec7c<\/div>\n<\/td>\n<td colspan=\"1\" rowspan=\"1\">\n<div class=\"magic-13\">\u00b7 Nhi\u1ec7t \u0111\u1ed9 m\u00f4i tr\u01b0\u1eddng: 0 ~ 50 \u2103<br \/>\n\u00b7 M\u00f4i tr\u01b0\u1eddng xung quanh \u0110\u1ed9 \u1ea9m: 35 ~ 80%<br \/>\n\u00b7 Rung: \u00cdt h\u01a1n 0.5G<br \/>\n\u00b7 M\u00f4i tr\u01b0\u1eddng Kh\u00f4ng kh\u00f4ng cho ph\u00e9p kh\u00ed \u0103n m\u00f2n v\u00e0 b\u1ee5i, m\u01b0a<\/div>\n<\/td>\n<\/tr>\n<\/tbody>\n<\/table>\n<h3>2. C\u00e1c m\u00e3 h\u00e0ng t\u01b0\u01a1ng \u0111\u01b0\u01a1ng\u00a0B\u1ed9 \u0111i\u1ec1u ch\u1ec9nh l\u1ef1c c\u0103ng\u00a0LM-10PD:<\/h3>\n<table width=\"166\">\n<tbody>\n<tr>\n<td width=\"166\">LD-05TL<\/td>\n<\/tr>\n<tr>\n<td>LD-05ZX<\/td>\n<\/tr>\n<tr>\n<td>LD-100W<\/td>\n<\/tr>\n<tr>\n<td>LD-10PAU-A<\/td>\n<\/tr>\n<tr>\n<td>LD-10PAU-B<\/td>\n<\/tr>\n<tr>\n<td>LD-10WTB-CCL<\/td>\n<\/tr>\n<tr>\n<td>LD-30FTA<\/td>\n<\/tr>\n<tr>\n<td>LD-30FTA-1AD<\/td>\n<\/tr>\n<tr>\n<td>LD-40PSU<\/td>\n<\/tr>\n<tr>\n<td>LD-8EEPROM<\/td>\n<\/tr>\n<tr>\n<td>LD-FB<\/td>\n<\/tr>\n<tr>\n<td>LD-FX<\/td>\n<\/tr>\n<tr>\n<td>LE-MC<\/td>\n<\/tr>\n<tr>\n<td>LE-10AD<\/td>\n<\/tr>\n<tr>\n<td>LE-10AS-SET<\/td>\n<\/tr>\n<tr>\n<td>LE-10AT-SET<\/td>\n<\/tr>\n<tr>\n<td>LE-10WTA-GOT<\/td>\n<\/tr>\n<tr>\n<td>LE-30CTA<\/td>\n<\/tr>\n<tr>\n<td>LE-30CTN<\/td>\n<\/tr>\n<tr>\n<td>LE-40MD<\/td>\n<\/tr>\n<tr>\n<td>LE-40MTA<\/td>\n<\/tr>\n<tr>\n<td>LE-40MTA-E<\/td>\n<\/tr>\n<tr>\n<td>LE-40MTB<\/td>\n<\/tr>\n<tr>\n<td>LE-40MTB-E<\/td>\n<\/tr>\n<tr>\n<td>LE-50PAU<\/td>\n<\/tr>\n<tr>\n<td>LE-50PAU-SET<\/td>\n<\/tr>\n<tr>\n<td>LE-5AP-E<\/td>\n<\/tr>\n<tr>\n<td>LE-60EC<\/td>\n<\/tr>\n<tr>\n<td>LE7-40GU<\/td>\n<\/tr>\n<tr>\n<td>LE7-40GU-L<\/td>\n<\/tr>\n<tr>\n<td>LE7-DCA<\/td>\n<\/tr>\n<tr>\n<td>LE-8802WX-012<\/td>\n<\/tr>\n<tr>\n<td>LE-HC<\/td>\n<\/tr>\n<tr>\n<td>LE-HD<\/td>\n<\/tr>\n<tr>\n<td>LE-HT<\/td>\n<\/tr>\n<tr>\n<td>LE-MC<\/td>\n<\/tr>\n<tr>\n<td>LE-MU<\/td>\n<\/tr>\n<tr>\n<td>LE-P06A<\/td>\n<\/tr>\n<tr>\n<td>LE-P38A<\/td>\n<\/tr>\n<tr>\n<td>LE-P50A<\/td>\n<\/tr>\n<tr>\n<td>LE-W5B<\/td>\n<\/tr>\n<tr>\n<td>LF2-SL<\/td>\n<\/tr>\n<tr>\n<td>LF2-SL1<\/td>\n<\/tr>\n<tr>\n<td>LL-05ZX<\/td>\n<\/tr>\n<tr>\n<td>LM-10PD<\/td>\n<\/tr>\n<tr>\n<td>LM-10TA<\/td>\n<\/tr>\n<tr>\n<td>LM-10WA-CCL<\/td>\n<\/tr>\n<tr>\n<td>LM-10WA-TAD<\/td>\n<\/tr>\n<tr>\n<td>LM-10WA-USB<\/td>\n<\/tr>\n<tr>\n<td>LM-PB-<\/td>\n<\/tr>\n<tr>\n<td>LM-PC<\/td>\n<\/tr>\n<tr>\n<td>LX-\u00a0\u25a1 _0_0\u00a0TD-928<\/td>\n<\/tr>\n<tr>\n<td>LX-005TD<\/td>\n<\/tr>\n<tr>\n<td>LX-005TD-909<\/td>\n<\/tr>\n<tr>\n<td>LX-005TD-928<\/td>\n<\/tr>\n<tr>\n<td>LX-015TD<\/td>\n<\/tr>\n<tr>\n<td>LX-015TD-909<\/td>\n<\/tr>\n<tr>\n<td>LX-015TD-928<\/td>\n<\/tr>\n<tr>\n<td>LX-030TD<\/td>\n<\/tr>\n<tr>\n<td>LX-030TD-909<\/td>\n<\/tr>\n<tr>\n<td>LX-030TD-928<\/td>\n<\/tr>\n<tr>\n<td>LX-050TD<\/td>\n<\/tr>\n<tr>\n<td>LX-050TD-101<\/td>\n<\/tr>\n<tr>\n<td>LX-050TD-909<\/td>\n<\/tr>\n<tr>\n<td>LX-050TD-928<\/td>\n<\/tr>\n<tr>\n<td>LX-05BRR<\/td>\n<\/tr>\n<tr>\n<td>LX-05BRR-928<\/td>\n<\/tr>\n<tr>\n<td>LX-100TD<\/td>\n<\/tr>\n<tr>\n<td>LX-100TD-909<\/td>\n<\/tr>\n<tr>\n<td>LX-100TD-928<\/td>\n<\/tr>\n<tr>\n<td>LX-200TD<\/td>\n<\/tr>\n<tr>\n<td>LX-200TD-909<\/td>\n<\/tr>\n<tr>\n<td>LX-200TD-928<\/td>\n<\/tr>\n<tr>\n<td>LX-TC-005<\/td>\n<\/tr>\n<tr>\n<td>LX-TC-005-909<\/td>\n<\/tr>\n<tr>\n<td>LX-TC-015<\/td>\n<\/tr>\n<tr>\n<td>LX-TC-015-909<\/td>\n<\/tr>\n<tr>\n<td>LX-TC-050<\/td>\n<\/tr>\n<tr>\n<td>LX-TC-050-909<\/td>\n<\/tr>\n<tr>\n<td>LX-TC-100<\/td>\n<\/tr>\n<tr>\n<td>LX-TC-100-909<\/td>\n<\/tr>\n<tr>\n<td>LX-TC-200<\/td>\n<\/tr>\n<tr>\n<td>LX-TC-200-909<\/td>\n<\/tr>\n<tr>\n<td>LX-TD<\/td>\n<\/tr>\n<tr>\n<td>LY40PT5P-CM<\/td>\n<\/tr>\n<\/tbody>\n<\/table>\n","protected":false},"excerpt":{"rendered":"<p>MITSUBISHI LM-10PD B\u1ed9 \u0111i\u1ec1u ch\u1ec9nh l\u1ef1c c\u0103ng Mitsubishi LM-10PD 1. Gi\u1edbi thi\u1ec7u B\u1ed9 \u0111i\u1ec1u ch\u1ec9nh l\u1ef1c c\u0103ng\u00a0LM-10PD: Th\u00f4ng s\u1ed1 k\u1ef9 thu\u1eadt: Cung C\u1ea5p \u0111i\u1ec7n AC85 ~ 264V 50\/60HZ 50VA C\u0103ng th\u1eb3ng \u0111\u1ea7u ra t\u00edn hi\u1ec7u \u00b7 \u0110i\u1ec7n \u00e1p \u0111\u1ea7u ra: 0 ~ 5V,0 ~ 10V,1 ~ 5V\/FS \u00b7 Kh\u00e1ng t\u1ea3i:&hellip; <\/p>\n","protected":false},"featured_media":4088,"comment_status":"open","ping_status":"closed","template":"","meta":{"om_disable_all_campaigns":false,"_monsterinsights_skip_tracking":false,"_monsterinsights_sitenote_active":false,"_monsterinsights_sitenote_note":"","_monsterinsights_sitenote_category":0},"product_cat":[749],"product_tag":[167,158,157],"class_list":{"0":"post-4087","1":"product","2":"type-product","3":"status-publish","4":"has-post-thumbnail","6":"product_cat-mitsubishi","7":"product_tag-bo-dieu-khien","8":"product_tag-dai-ly-mitsubishi-viet-nam","9":"product_tag-mitsubishi-viet-nam","11":"first","12":"instock","13":"shipping-taxable","14":"product-type-simple"},"aioseo_notices":[],"yoast_head":"<!-- This site is optimized with the Yoast SEO plugin v22.8 - https:\/\/yoast.com\/wordpress\/plugins\/seo\/ -->\n<title>MITSUBISHI LM-10PD - OMANI VI\u1ec6T NAM<\/title>\n<meta name=\"description\" content=\"MITSUBISHI LM-10PD L Tension Meter\" \/>\n<meta name=\"robots\" content=\"index, follow, max-snippet:-1, max-image-preview:large, max-video-preview:-1\" \/>\n<link rel=\"canonical\" href=\"https:\/\/sipin.com.vn\/index.php\/product\/mitsubishi-lm-10pd\/\" \/>\n<meta property=\"og:locale\" content=\"vi_VN\" \/>\n<meta property=\"og:type\" content=\"article\" \/>\n<meta property=\"og:title\" content=\"MITSUBISHI LM-10PD - OMANI VI\u1ec6T NAM\" \/>\n<meta property=\"og:description\" content=\"MITSUBISHI LM-10PD L Tension Meter\" \/>\n<meta property=\"og:url\" content=\"https:\/\/sipin.com.vn\/index.php\/product\/mitsubishi-lm-10pd\/\" \/>\n<meta property=\"og:site_name\" content=\"OMANI VI\u1ec6T NAM\" \/>\n<meta property=\"og:image\" content=\"https:\/\/sipin.com.vn\/wp-content\/uploads\/2025\/07\/LM-10PD.png\" \/>\n\t<meta property=\"og:image:width\" content=\"542\" \/>\n\t<meta property=\"og:image:height\" content=\"462\" \/>\n\t<meta property=\"og:image:type\" content=\"image\/png\" \/>\n<meta name=\"twitter:card\" content=\"summary_large_image\" \/>\n<meta name=\"twitter:label1\" content=\"\u01af\u1edbc t\u00ednh th\u1eddi gian \u0111\u1ecdc\" \/>\n\t<meta name=\"twitter:data1\" content=\"2 ph\u00fat\" \/>\n<script type=\"application\/ld+json\" class=\"yoast-schema-graph\">{\"@context\":\"https:\/\/schema.org\",\"@graph\":[{\"@type\":\"WebPage\",\"@id\":\"https:\/\/sipin.com.vn\/index.php\/product\/mitsubishi-lm-10pd\/\",\"url\":\"https:\/\/sipin.com.vn\/index.php\/product\/mitsubishi-lm-10pd\/\",\"name\":\"MITSUBISHI LM-10PD - OMANI VI\u1ec6T NAM\",\"isPartOf\":{\"@id\":\"https:\/\/sipin.com.vn\/#website\"},\"primaryImageOfPage\":{\"@id\":\"https:\/\/sipin.com.vn\/index.php\/product\/mitsubishi-lm-10pd\/#primaryimage\"},\"image\":{\"@id\":\"https:\/\/sipin.com.vn\/index.php\/product\/mitsubishi-lm-10pd\/#primaryimage\"},\"thumbnailUrl\":\"https:\/\/sipin.com.vn\/wp-content\/uploads\/2025\/07\/LM-10PD.png\",\"datePublished\":\"2025-07-01T16:07:29+00:00\",\"dateModified\":\"2025-07-01T16:07:29+00:00\",\"description\":\"MITSUBISHI LM-10PD L Tension Meter\",\"breadcrumb\":{\"@id\":\"https:\/\/sipin.com.vn\/index.php\/product\/mitsubishi-lm-10pd\/#breadcrumb\"},\"inLanguage\":\"vi\",\"potentialAction\":[{\"@type\":\"ReadAction\",\"target\":[\"https:\/\/sipin.com.vn\/index.php\/product\/mitsubishi-lm-10pd\/\"]}]},{\"@type\":\"ImageObject\",\"inLanguage\":\"vi\",\"@id\":\"https:\/\/sipin.com.vn\/index.php\/product\/mitsubishi-lm-10pd\/#primaryimage\",\"url\":\"https:\/\/sipin.com.vn\/wp-content\/uploads\/2025\/07\/LM-10PD.png\",\"contentUrl\":\"https:\/\/sipin.com.vn\/wp-content\/uploads\/2025\/07\/LM-10PD.png\",\"width\":542,\"height\":462},{\"@type\":\"BreadcrumbList\",\"@id\":\"https:\/\/sipin.com.vn\/index.php\/product\/mitsubishi-lm-10pd\/#breadcrumb\",\"itemListElement\":[{\"@type\":\"ListItem\",\"position\":1,\"name\":\"Home\",\"item\":\"https:\/\/sipin.com.vn\/\"},{\"@type\":\"ListItem\",\"position\":2,\"name\":\"S\u1ea2N PH\u1ea8M\",\"item\":\"https:\/\/sipin.com.vn\/index.php\/cua-hang\/\"},{\"@type\":\"ListItem\",\"position\":3,\"name\":\"MITSUBISHI LM-10PD\"}]},{\"@type\":\"WebSite\",\"@id\":\"https:\/\/sipin.com.vn\/#website\",\"url\":\"https:\/\/sipin.com.vn\/\",\"name\":\"OMANI VI\u1ec6T NAM\",\"description\":\"Nh\u00e0 ph\u00e2n ph\u1ed1i thi\u1ebft b\u1ecb kh\u00ed n\u00e9n v\u00e0 thi\u1ebft b\u1ecb t\u1ef1 \u0111\u1ed9ng h\u00f3a trong c\u00f4ng nghi\u1ec7p\",\"publisher\":{\"@id\":\"https:\/\/sipin.com.vn\/#\/schema\/person\/0ad398a980dc3fd696111c2c5c8fa897\"},\"potentialAction\":[{\"@type\":\"SearchAction\",\"target\":{\"@type\":\"EntryPoint\",\"urlTemplate\":\"https:\/\/sipin.com.vn\/?s={search_term_string}\"},\"query-input\":\"required name=search_term_string\"}],\"inLanguage\":\"vi\"},{\"@type\":[\"Person\",\"Organization\"],\"@id\":\"https:\/\/sipin.com.vn\/#\/schema\/person\/0ad398a980dc3fd696111c2c5c8fa897\",\"name\":\"Nguy\u1ec5n V\u0103n Kh\u00e1nh\",\"image\":{\"@type\":\"ImageObject\",\"inLanguage\":\"vi\",\"@id\":\"https:\/\/sipin.com.vn\/#\/schema\/person\/image\/\",\"url\":\"https:\/\/sipin.com.vn\/wp-content\/uploads\/2024\/06\/logo-1024x1024.png\",\"contentUrl\":\"https:\/\/sipin.com.vn\/wp-content\/uploads\/2024\/06\/logo-1024x1024.png\",\"width\":1024,\"height\":1024,\"caption\":\"Nguy\u1ec5n V\u0103n Kh\u00e1nh\"},\"logo\":{\"@id\":\"https:\/\/sipin.com.vn\/#\/schema\/person\/image\/\"},\"sameAs\":[\"https:\/\/sipin.com.vn\"]}]}<\/script>\n<!-- \/ Yoast SEO plugin. -->","yoast_head_json":{"title":"MITSUBISHI LM-10PD - OMANI VI\u1ec6T NAM","description":"MITSUBISHI LM-10PD L Tension Meter","robots":{"index":"index","follow":"follow","max-snippet":"max-snippet:-1","max-image-preview":"max-image-preview:large","max-video-preview":"max-video-preview:-1"},"canonical":"https:\/\/sipin.com.vn\/index.php\/product\/mitsubishi-lm-10pd\/","og_locale":"vi_VN","og_type":"article","og_title":"MITSUBISHI LM-10PD - OMANI VI\u1ec6T NAM","og_description":"MITSUBISHI LM-10PD L Tension Meter","og_url":"https:\/\/sipin.com.vn\/index.php\/product\/mitsubishi-lm-10pd\/","og_site_name":"OMANI VI\u1ec6T NAM","og_image":[{"width":542,"height":462,"url":"https:\/\/sipin.com.vn\/wp-content\/uploads\/2025\/07\/LM-10PD.png","type":"image\/png"}],"twitter_card":"summary_large_image","twitter_misc":{"\u01af\u1edbc t\u00ednh th\u1eddi gian \u0111\u1ecdc":"2 ph\u00fat"},"schema":{"@context":"https:\/\/schema.org","@graph":[{"@type":"WebPage","@id":"https:\/\/sipin.com.vn\/index.php\/product\/mitsubishi-lm-10pd\/","url":"https:\/\/sipin.com.vn\/index.php\/product\/mitsubishi-lm-10pd\/","name":"MITSUBISHI LM-10PD - OMANI VI\u1ec6T NAM","isPartOf":{"@id":"https:\/\/sipin.com.vn\/#website"},"primaryImageOfPage":{"@id":"https:\/\/sipin.com.vn\/index.php\/product\/mitsubishi-lm-10pd\/#primaryimage"},"image":{"@id":"https:\/\/sipin.com.vn\/index.php\/product\/mitsubishi-lm-10pd\/#primaryimage"},"thumbnailUrl":"https:\/\/sipin.com.vn\/wp-content\/uploads\/2025\/07\/LM-10PD.png","datePublished":"2025-07-01T16:07:29+00:00","dateModified":"2025-07-01T16:07:29+00:00","description":"MITSUBISHI LM-10PD L Tension Meter","breadcrumb":{"@id":"https:\/\/sipin.com.vn\/index.php\/product\/mitsubishi-lm-10pd\/#breadcrumb"},"inLanguage":"vi","potentialAction":[{"@type":"ReadAction","target":["https:\/\/sipin.com.vn\/index.php\/product\/mitsubishi-lm-10pd\/"]}]},{"@type":"ImageObject","inLanguage":"vi","@id":"https:\/\/sipin.com.vn\/index.php\/product\/mitsubishi-lm-10pd\/#primaryimage","url":"https:\/\/sipin.com.vn\/wp-content\/uploads\/2025\/07\/LM-10PD.png","contentUrl":"https:\/\/sipin.com.vn\/wp-content\/uploads\/2025\/07\/LM-10PD.png","width":542,"height":462},{"@type":"BreadcrumbList","@id":"https:\/\/sipin.com.vn\/index.php\/product\/mitsubishi-lm-10pd\/#breadcrumb","itemListElement":[{"@type":"ListItem","position":1,"name":"Home","item":"https:\/\/sipin.com.vn\/"},{"@type":"ListItem","position":2,"name":"S\u1ea2N PH\u1ea8M","item":"https:\/\/sipin.com.vn\/index.php\/cua-hang\/"},{"@type":"ListItem","position":3,"name":"MITSUBISHI LM-10PD"}]},{"@type":"WebSite","@id":"https:\/\/sipin.com.vn\/#website","url":"https:\/\/sipin.com.vn\/","name":"OMANI VI\u1ec6T NAM","description":"Nh\u00e0 ph\u00e2n ph\u1ed1i thi\u1ebft b\u1ecb kh\u00ed n\u00e9n v\u00e0 thi\u1ebft b\u1ecb t\u1ef1 \u0111\u1ed9ng h\u00f3a trong c\u00f4ng nghi\u1ec7p","publisher":{"@id":"https:\/\/sipin.com.vn\/#\/schema\/person\/0ad398a980dc3fd696111c2c5c8fa897"},"potentialAction":[{"@type":"SearchAction","target":{"@type":"EntryPoint","urlTemplate":"https:\/\/sipin.com.vn\/?s={search_term_string}"},"query-input":"required name=search_term_string"}],"inLanguage":"vi"},{"@type":["Person","Organization"],"@id":"https:\/\/sipin.com.vn\/#\/schema\/person\/0ad398a980dc3fd696111c2c5c8fa897","name":"Nguy\u1ec5n V\u0103n Kh\u00e1nh","image":{"@type":"ImageObject","inLanguage":"vi","@id":"https:\/\/sipin.com.vn\/#\/schema\/person\/image\/","url":"https:\/\/sipin.com.vn\/wp-content\/uploads\/2024\/06\/logo-1024x1024.png","contentUrl":"https:\/\/sipin.com.vn\/wp-content\/uploads\/2024\/06\/logo-1024x1024.png","width":1024,"height":1024,"caption":"Nguy\u1ec5n V\u0103n Kh\u00e1nh"},"logo":{"@id":"https:\/\/sipin.com.vn\/#\/schema\/person\/image\/"},"sameAs":["https:\/\/sipin.com.vn"]}]}},"_links":{"self":[{"href":"https:\/\/sipin.com.vn\/index.php\/wp-json\/wp\/v2\/product\/4087","targetHints":{"allow":["GET"]}}],"collection":[{"href":"https:\/\/sipin.com.vn\/index.php\/wp-json\/wp\/v2\/product"}],"about":[{"href":"https:\/\/sipin.com.vn\/index.php\/wp-json\/wp\/v2\/types\/product"}],"replies":[{"embeddable":true,"href":"https:\/\/sipin.com.vn\/index.php\/wp-json\/wp\/v2\/comments?post=4087"}],"wp:featuredmedia":[{"embeddable":true,"href":"https:\/\/sipin.com.vn\/index.php\/wp-json\/wp\/v2\/media\/4088"}],"wp:attachment":[{"href":"https:\/\/sipin.com.vn\/index.php\/wp-json\/wp\/v2\/media?parent=4087"}],"wp:term":[{"taxonomy":"product_cat","embeddable":true,"href":"https:\/\/sipin.com.vn\/index.php\/wp-json\/wp\/v2\/product_cat?post=4087"},{"taxonomy":"product_tag","embeddable":true,"href":"https:\/\/sipin.com.vn\/index.php\/wp-json\/wp\/v2\/product_tag?post=4087"}],"curies":[{"name":"wp","href":"https:\/\/api.w.org\/{rel}","templated":true}]}}