{"id":4081,"date":"2025-06-29T22:03:12","date_gmt":"2025-06-29T15:03:12","guid":{"rendered":"https:\/\/sipin.com.vn\/?post_type=product&#038;p=4081"},"modified":"2025-06-29T22:03:13","modified_gmt":"2025-06-29T15:03:13","slug":"spirax-sarco-pf61g-2nc","status":"publish","type":"product","link":"https:\/\/sipin.com.vn\/index.php\/product\/spirax-sarco-pf61g-2nc\/","title":{"rendered":"SPIRAX SARCO PF61G-2NC"},"content":{"rendered":"<p>SPIRAX SARCO PF61G-2NC 2&#8243; BSP 3730097<\/p>\n<p>SPIRAX SARCO PF61G-2NC 1\u00bd&#8221; BSP 3730096<\/p>\n<p class=\"LC20lb MBeuO DKV0Md\">PF6 Stainless Steel Piston Actuated On\/Off Valves<\/p>\n<p>Description<br \/>\nA 2-port pneumatically actuated on\/off stainless steel valve for use on steam, water, air, oil and gases. A pneumatic signal acts on the<br \/>\nactuator piston to open or close the valve with a spring return action. A valve position indicator is included on standard and flow regulator<br \/>\nmodels.<br \/>\nStandard versions have PTFE stem seals for operation up to 180 \u00b0C (356 \u00b0F).<br \/>\nOptionally, high temperature stem seals (H) can be provided for operation up to 200 \u00b0C (392 \u00b0F).<\/p>\n<p>Valves are available with one of three sizes of actuator:<br \/>\nType 1 (45 mm (1.77&#8243;)), Type 2 (63 mm (2.48&#8243;)) and Type 3 (90 mm (3.54&#8243;)) with the following action options:<br \/>\n&#8211; NC (Normally Closed) &#8211; Designed for flow over the seat (port 1 to 2).<br \/>\nCaution: Not recommended for waterhammer prevention.<br \/>\n&#8211; NO (Normally Open) &#8211; Designed for flow under the seat (port 2 to 1). Can be used to prevent waterhammer on valve closure in<br \/>\nliquid applications.<br \/>\n&#8211; BD (Bi-Directional normally closed) &#8211; Designed for special applications that require flow in both directions and incorporates an<br \/>\nanti-waterhammer design for liquid applications flowing under the seat (port 2 to 1).<br \/>\nNote: To help prevent the possibility of waterhammer on liquid applications flowing over the seat (port 1 to 2) the pressure should<br \/>\nnot exceed 1 bar g (15 psi g).<\/p>\n<p>Available range<br \/>\nValve action Screwed<br \/>\n(BSP or NPT) Butt weld Flanged<br \/>\n(EN 1092 or ASME)<br \/>\nNC &#8211; Normally Closed<br \/>\n(flow over seat)<br \/>\nPF61G-1NC PF62G-1NC<br \/>\nPF61G-2NC PF62G-2NC PF63G-2NC<br \/>\nPF61G-3NC PF62G-3NC PF63G-3NC<br \/>\nNO &#8211; Normally Open<br \/>\n(flow under seat)<br \/>\nPF61G-1NO PF62G-1NO<br \/>\nPF61G-2NO PF62G-2NO PF63G-2NO<br \/>\nPF61G-3NO PF62G-3NO PF63G-3NO<br \/>\nBD &#8211; Bi-Directional normally closed<br \/>\n(flow over or under seat)<br \/>\nPF61G-1BD PF62G-1BD<br \/>\nPF61G-2BD PF62G-2BD PF63G-2BD<br \/>\nPF61G-3BD PF62G-3BD PF63G-3BD<\/p>\n","protected":false},"excerpt":{"rendered":"<p>SPIRAX SARCO PF61G-2NC 2&#8243; BSP 3730097 SPIRAX SARCO PF61G-2NC 1\u00bd&#8221; BSP 3730096 PF6 Stainless Steel Piston Actuated On\/Off Valves Description A 2-port pneumatically actuated on\/off stainless steel valve for use on steam, water, air, oil and gases. A pneumatic signal acts on the actuator piston to open or close the&hellip; <\/p>\n","protected":false},"featured_media":4082,"comment_status":"open","ping_status":"closed","template":"","meta":{"om_disable_all_campaigns":false,"_monsterinsights_skip_tracking":false,"_monsterinsights_sitenote_active":false,"_monsterinsights_sitenote_note":"","_monsterinsights_sitenote_category":0},"product_cat":[829],"product_tag":[831,830,451],"class_list":{"0":"post-4081","1":"product","2":"type-product","3":"status-publish","4":"has-post-thumbnail","6":"product_cat-spirax-sarco","7":"product_tag-dai-ly-spirax-sarco-viet-nam","8":"product_tag-spirax-sarco-viet-nam","9":"product_tag-van","11":"first","12":"instock","13":"shipping-taxable","14":"product-type-simple"},"aioseo_notices":[],"yoast_head":"<!-- This site is optimized with the Yoast SEO plugin v22.8 - https:\/\/yoast.com\/wordpress\/plugins\/seo\/ -->\n<title>SPIRAX SARCO PF61G-2NC - OMANI VI\u1ec6T NAM<\/title>\n<meta name=\"description\" content=\"SPIRAX SARCO PF61G-2NC Pneumatic Valve\" \/>\n<meta name=\"robots\" content=\"index, follow, max-snippet:-1, max-image-preview:large, max-video-preview:-1\" \/>\n<link rel=\"canonical\" href=\"https:\/\/sipin.com.vn\/index.php\/product\/spirax-sarco-pf61g-2nc\/\" \/>\n<meta property=\"og:locale\" content=\"vi_VN\" \/>\n<meta property=\"og:type\" content=\"article\" \/>\n<meta property=\"og:title\" content=\"SPIRAX SARCO PF61G-2NC - OMANI VI\u1ec6T NAM\" \/>\n<meta property=\"og:description\" content=\"SPIRAX SARCO PF61G-2NC Pneumatic Valve\" \/>\n<meta property=\"og:url\" content=\"https:\/\/sipin.com.vn\/index.php\/product\/spirax-sarco-pf61g-2nc\/\" \/>\n<meta property=\"og:site_name\" content=\"OMANI VI\u1ec6T NAM\" \/>\n<meta property=\"article:modified_time\" content=\"2025-06-29T15:03:13+00:00\" \/>\n<meta property=\"og:image\" content=\"https:\/\/sipin.com.vn\/wp-content\/uploads\/2025\/06\/PF61G-2NC.png\" \/>\n\t<meta property=\"og:image:width\" content=\"538\" \/>\n\t<meta property=\"og:image:height\" content=\"534\" \/>\n\t<meta property=\"og:image:type\" content=\"image\/png\" \/>\n<meta name=\"twitter:card\" content=\"summary_large_image\" \/>\n<meta name=\"twitter:label1\" content=\"\u01af\u1edbc t\u00ednh th\u1eddi gian \u0111\u1ecdc\" \/>\n\t<meta name=\"twitter:data1\" content=\"2 ph\u00fat\" \/>\n<script type=\"application\/ld+json\" class=\"yoast-schema-graph\">{\"@context\":\"https:\/\/schema.org\",\"@graph\":[{\"@type\":\"WebPage\",\"@id\":\"https:\/\/sipin.com.vn\/index.php\/product\/spirax-sarco-pf61g-2nc\/\",\"url\":\"https:\/\/sipin.com.vn\/index.php\/product\/spirax-sarco-pf61g-2nc\/\",\"name\":\"SPIRAX SARCO PF61G-2NC - OMANI VI\u1ec6T NAM\",\"isPartOf\":{\"@id\":\"https:\/\/sipin.com.vn\/#website\"},\"primaryImageOfPage\":{\"@id\":\"https:\/\/sipin.com.vn\/index.php\/product\/spirax-sarco-pf61g-2nc\/#primaryimage\"},\"image\":{\"@id\":\"https:\/\/sipin.com.vn\/index.php\/product\/spirax-sarco-pf61g-2nc\/#primaryimage\"},\"thumbnailUrl\":\"https:\/\/sipin.com.vn\/wp-content\/uploads\/2025\/06\/PF61G-2NC.png\",\"datePublished\":\"2025-06-29T15:03:12+00:00\",\"dateModified\":\"2025-06-29T15:03:13+00:00\",\"description\":\"SPIRAX SARCO PF61G-2NC Pneumatic Valve\",\"breadcrumb\":{\"@id\":\"https:\/\/sipin.com.vn\/index.php\/product\/spirax-sarco-pf61g-2nc\/#breadcrumb\"},\"inLanguage\":\"vi\",\"potentialAction\":[{\"@type\":\"ReadAction\",\"target\":[\"https:\/\/sipin.com.vn\/index.php\/product\/spirax-sarco-pf61g-2nc\/\"]}]},{\"@type\":\"ImageObject\",\"inLanguage\":\"vi\",\"@id\":\"https:\/\/sipin.com.vn\/index.php\/product\/spirax-sarco-pf61g-2nc\/#primaryimage\",\"url\":\"https:\/\/sipin.com.vn\/wp-content\/uploads\/2025\/06\/PF61G-2NC.png\",\"contentUrl\":\"https:\/\/sipin.com.vn\/wp-content\/uploads\/2025\/06\/PF61G-2NC.png\",\"width\":538,\"height\":534},{\"@type\":\"BreadcrumbList\",\"@id\":\"https:\/\/sipin.com.vn\/index.php\/product\/spirax-sarco-pf61g-2nc\/#breadcrumb\",\"itemListElement\":[{\"@type\":\"ListItem\",\"position\":1,\"name\":\"Home\",\"item\":\"https:\/\/sipin.com.vn\/\"},{\"@type\":\"ListItem\",\"position\":2,\"name\":\"S\u1ea2N PH\u1ea8M\",\"item\":\"https:\/\/sipin.com.vn\/index.php\/cua-hang\/\"},{\"@type\":\"ListItem\",\"position\":3,\"name\":\"SPIRAX SARCO PF61G-2NC\"}]},{\"@type\":\"WebSite\",\"@id\":\"https:\/\/sipin.com.vn\/#website\",\"url\":\"https:\/\/sipin.com.vn\/\",\"name\":\"OMANI VI\u1ec6T NAM\",\"description\":\"Nh\u00e0 ph\u00e2n ph\u1ed1i thi\u1ebft b\u1ecb kh\u00ed n\u00e9n v\u00e0 thi\u1ebft b\u1ecb t\u1ef1 \u0111\u1ed9ng h\u00f3a trong c\u00f4ng nghi\u1ec7p\",\"publisher\":{\"@id\":\"https:\/\/sipin.com.vn\/#\/schema\/person\/0ad398a980dc3fd696111c2c5c8fa897\"},\"potentialAction\":[{\"@type\":\"SearchAction\",\"target\":{\"@type\":\"EntryPoint\",\"urlTemplate\":\"https:\/\/sipin.com.vn\/?s={search_term_string}\"},\"query-input\":\"required name=search_term_string\"}],\"inLanguage\":\"vi\"},{\"@type\":[\"Person\",\"Organization\"],\"@id\":\"https:\/\/sipin.com.vn\/#\/schema\/person\/0ad398a980dc3fd696111c2c5c8fa897\",\"name\":\"Nguy\u1ec5n V\u0103n Kh\u00e1nh\",\"image\":{\"@type\":\"ImageObject\",\"inLanguage\":\"vi\",\"@id\":\"https:\/\/sipin.com.vn\/#\/schema\/person\/image\/\",\"url\":\"https:\/\/sipin.com.vn\/wp-content\/uploads\/2024\/06\/logo-1024x1024.png\",\"contentUrl\":\"https:\/\/sipin.com.vn\/wp-content\/uploads\/2024\/06\/logo-1024x1024.png\",\"width\":1024,\"height\":1024,\"caption\":\"Nguy\u1ec5n V\u0103n Kh\u00e1nh\"},\"logo\":{\"@id\":\"https:\/\/sipin.com.vn\/#\/schema\/person\/image\/\"},\"sameAs\":[\"https:\/\/sipin.com.vn\"]}]}<\/script>\n<!-- \/ Yoast SEO plugin. -->","yoast_head_json":{"title":"SPIRAX SARCO PF61G-2NC - OMANI VI\u1ec6T NAM","description":"SPIRAX SARCO PF61G-2NC Pneumatic Valve","robots":{"index":"index","follow":"follow","max-snippet":"max-snippet:-1","max-image-preview":"max-image-preview:large","max-video-preview":"max-video-preview:-1"},"canonical":"https:\/\/sipin.com.vn\/index.php\/product\/spirax-sarco-pf61g-2nc\/","og_locale":"vi_VN","og_type":"article","og_title":"SPIRAX SARCO PF61G-2NC - OMANI VI\u1ec6T NAM","og_description":"SPIRAX SARCO PF61G-2NC Pneumatic Valve","og_url":"https:\/\/sipin.com.vn\/index.php\/product\/spirax-sarco-pf61g-2nc\/","og_site_name":"OMANI VI\u1ec6T NAM","article_modified_time":"2025-06-29T15:03:13+00:00","og_image":[{"width":538,"height":534,"url":"https:\/\/sipin.com.vn\/wp-content\/uploads\/2025\/06\/PF61G-2NC.png","type":"image\/png"}],"twitter_card":"summary_large_image","twitter_misc":{"\u01af\u1edbc t\u00ednh th\u1eddi gian \u0111\u1ecdc":"2 ph\u00fat"},"schema":{"@context":"https:\/\/schema.org","@graph":[{"@type":"WebPage","@id":"https:\/\/sipin.com.vn\/index.php\/product\/spirax-sarco-pf61g-2nc\/","url":"https:\/\/sipin.com.vn\/index.php\/product\/spirax-sarco-pf61g-2nc\/","name":"SPIRAX SARCO PF61G-2NC - OMANI VI\u1ec6T NAM","isPartOf":{"@id":"https:\/\/sipin.com.vn\/#website"},"primaryImageOfPage":{"@id":"https:\/\/sipin.com.vn\/index.php\/product\/spirax-sarco-pf61g-2nc\/#primaryimage"},"image":{"@id":"https:\/\/sipin.com.vn\/index.php\/product\/spirax-sarco-pf61g-2nc\/#primaryimage"},"thumbnailUrl":"https:\/\/sipin.com.vn\/wp-content\/uploads\/2025\/06\/PF61G-2NC.png","datePublished":"2025-06-29T15:03:12+00:00","dateModified":"2025-06-29T15:03:13+00:00","description":"SPIRAX SARCO PF61G-2NC Pneumatic Valve","breadcrumb":{"@id":"https:\/\/sipin.com.vn\/index.php\/product\/spirax-sarco-pf61g-2nc\/#breadcrumb"},"inLanguage":"vi","potentialAction":[{"@type":"ReadAction","target":["https:\/\/sipin.com.vn\/index.php\/product\/spirax-sarco-pf61g-2nc\/"]}]},{"@type":"ImageObject","inLanguage":"vi","@id":"https:\/\/sipin.com.vn\/index.php\/product\/spirax-sarco-pf61g-2nc\/#primaryimage","url":"https:\/\/sipin.com.vn\/wp-content\/uploads\/2025\/06\/PF61G-2NC.png","contentUrl":"https:\/\/sipin.com.vn\/wp-content\/uploads\/2025\/06\/PF61G-2NC.png","width":538,"height":534},{"@type":"BreadcrumbList","@id":"https:\/\/sipin.com.vn\/index.php\/product\/spirax-sarco-pf61g-2nc\/#breadcrumb","itemListElement":[{"@type":"ListItem","position":1,"name":"Home","item":"https:\/\/sipin.com.vn\/"},{"@type":"ListItem","position":2,"name":"S\u1ea2N PH\u1ea8M","item":"https:\/\/sipin.com.vn\/index.php\/cua-hang\/"},{"@type":"ListItem","position":3,"name":"SPIRAX SARCO PF61G-2NC"}]},{"@type":"WebSite","@id":"https:\/\/sipin.com.vn\/#website","url":"https:\/\/sipin.com.vn\/","name":"OMANI VI\u1ec6T NAM","description":"Nh\u00e0 ph\u00e2n ph\u1ed1i thi\u1ebft b\u1ecb kh\u00ed n\u00e9n v\u00e0 thi\u1ebft b\u1ecb t\u1ef1 \u0111\u1ed9ng h\u00f3a trong c\u00f4ng nghi\u1ec7p","publisher":{"@id":"https:\/\/sipin.com.vn\/#\/schema\/person\/0ad398a980dc3fd696111c2c5c8fa897"},"potentialAction":[{"@type":"SearchAction","target":{"@type":"EntryPoint","urlTemplate":"https:\/\/sipin.com.vn\/?s={search_term_string}"},"query-input":"required name=search_term_string"}],"inLanguage":"vi"},{"@type":["Person","Organization"],"@id":"https:\/\/sipin.com.vn\/#\/schema\/person\/0ad398a980dc3fd696111c2c5c8fa897","name":"Nguy\u1ec5n V\u0103n Kh\u00e1nh","image":{"@type":"ImageObject","inLanguage":"vi","@id":"https:\/\/sipin.com.vn\/#\/schema\/person\/image\/","url":"https:\/\/sipin.com.vn\/wp-content\/uploads\/2024\/06\/logo-1024x1024.png","contentUrl":"https:\/\/sipin.com.vn\/wp-content\/uploads\/2024\/06\/logo-1024x1024.png","width":1024,"height":1024,"caption":"Nguy\u1ec5n V\u0103n Kh\u00e1nh"},"logo":{"@id":"https:\/\/sipin.com.vn\/#\/schema\/person\/image\/"},"sameAs":["https:\/\/sipin.com.vn"]}]}},"_links":{"self":[{"href":"https:\/\/sipin.com.vn\/index.php\/wp-json\/wp\/v2\/product\/4081","targetHints":{"allow":["GET"]}}],"collection":[{"href":"https:\/\/sipin.com.vn\/index.php\/wp-json\/wp\/v2\/product"}],"about":[{"href":"https:\/\/sipin.com.vn\/index.php\/wp-json\/wp\/v2\/types\/product"}],"replies":[{"embeddable":true,"href":"https:\/\/sipin.com.vn\/index.php\/wp-json\/wp\/v2\/comments?post=4081"}],"wp:featuredmedia":[{"embeddable":true,"href":"https:\/\/sipin.com.vn\/index.php\/wp-json\/wp\/v2\/media\/4082"}],"wp:attachment":[{"href":"https:\/\/sipin.com.vn\/index.php\/wp-json\/wp\/v2\/media?parent=4081"}],"wp:term":[{"taxonomy":"product_cat","embeddable":true,"href":"https:\/\/sipin.com.vn\/index.php\/wp-json\/wp\/v2\/product_cat?post=4081"},{"taxonomy":"product_tag","embeddable":true,"href":"https:\/\/sipin.com.vn\/index.php\/wp-json\/wp\/v2\/product_tag?post=4081"}],"curies":[{"name":"wp","href":"https:\/\/api.w.org\/{rel}","templated":true}]}}