{"id":407,"date":"2024-06-12T23:14:29","date_gmt":"2024-06-12T16:14:29","guid":{"rendered":"https:\/\/omanivietnam.com\/?post_type=product&#038;p=407"},"modified":"2024-08-10T21:16:18","modified_gmt":"2024-08-10T14:16:18","slug":"sick-ym2d24-050pn1mrja4","status":"publish","type":"product","link":"https:\/\/sipin.com.vn\/index.php\/product\/sick-ym2d24-050pn1mrja4\/","title":{"rendered":"SICK YM2D24-050PN1MRJA4"},"content":{"rendered":"<p>SICK YM2D24-050PN1MRJA4<\/p>\n<p>Plug connectors and cables: Industrial Ethernet cables and fieldbus cables<\/p>\n<h1 class=\"headline margin-top-xs ng-star-inserted\"><span class=\"title ng-star-inserted\">YM2D24-050PN1MRJA4<\/span><\/h1>\n<div>\n<table class=\"width-100% margin-bottom-lg ng-star-inserted\">\n<tbody>\n<tr class=\"border-bottom border-midgray-3\">\n<td class=\"padding-bottom-sm\">Part no.:<\/td>\n<td class=\"font-bold padding-bottom-sm\">2106184<\/td>\n<\/tr>\n<\/tbody>\n<\/table>\n<\/div>\n<div class=\"body ng-tns-c29-3 ng-trigger ng-trigger-ShowBodyAnimation\">\n<div class=\"content ng-tns-c29-3\">\n<div class=\"margin-top-xl margin-bottom-lg ng-tns-c29-3\">\n<div class=\"margin-bottom-lg\">\n<nav class=\"navigator\">\n<ul role=\"tablist\" aria-label=\"Tab Navigation\">\n<li id=\"tab-Technical specifications\" class=\"ng-star-inserted\" role=\"tab\" aria-controls=\"panel-Technical specifications\">Technical specifications<\/li>\n<li id=\"tab-Classifications\" class=\"ng-star-inserted\" role=\"tab\" aria-controls=\"panel-Classifications\">Classifications<\/li>\n<\/ul>\n<\/nav>\n<div class=\"navigator__overflow-indicator-right-light\">\n<div class=\"navigator__overflow-indicator-right-light__icon-wrapper\"><\/div>\n<div class=\"gradient\"><\/div>\n<\/div>\n<\/div>\n<div id=\"panel-Technical specifications\" role=\"tabpanel\" aria-labelledby=\"tab-Technical specifications\">\n<div class=\"tech-table\">\n<table>\n<tbody>\n<tr>\n<td>Accessory group<\/td>\n<td>Plug connectors and cables<\/td>\n<\/tr>\n<tr>\n<td>Accessory family<\/td>\n<td>Connection cables<\/td>\n<\/tr>\n<tr>\n<td>Connection type head A<\/td>\n<td>Male connector, M12, 4-pin, straight, D-coded<\/td>\n<\/tr>\n<tr>\n<td>Connection type head B<\/td>\n<td>Male connector, RJ45, 4-pin, straight<\/td>\n<\/tr>\n<tr>\n<td>Locking plug connector<\/td>\n<td>Screw-on connection (M12), snap-in locking (RJ45)<\/td>\n<\/tr>\n<tr>\n<td>Connector material<\/td>\n<td>TPU<\/td>\n<\/tr>\n<tr>\n<td>Connector color<\/td>\n<td>Black<\/td>\n<\/tr>\n<tr>\n<td>Locking nut material<\/td>\n<td>Zinc die-cast, nickel-plated<\/td>\n<\/tr>\n<tr>\n<td>Tightening torque<\/td>\n<td>0.6\u00a0Nm<\/td>\n<\/tr>\n<tr>\n<td>Width across flats<\/td>\n<td>13<\/td>\n<\/tr>\n<tr>\n<td>Cable<\/td>\n<td>5\u00a0m, 4-wire, PUR, halogen-free<\/td>\n<\/tr>\n<tr>\n<td>Jacket material<\/td>\n<td>PUR, halogen-free<\/td>\n<\/tr>\n<tr>\n<td>Jacket color<\/td>\n<td>Green<\/td>\n<\/tr>\n<tr>\n<td>Cable diameter<\/td>\n<td>6.7\u00a0mm<\/td>\n<\/tr>\n<tr>\n<td>Conductor cross section<\/td>\n<td>0.34\u00a0mm\u00b2<\/td>\n<\/tr>\n<tr>\n<td>Shielding<\/td>\n<td>Shielded<\/td>\n<\/tr>\n<tr>\n<td colspan=\"2\">\n<table>\n<tbody>\n<tr>\n<td>Bending radius<\/td>\n<td><\/td>\n<\/tr>\n<tr class=\"feature\">\n<td>Flexible use<\/td>\n<td>&gt; 12\u00a0x cable diameter<\/td>\n<\/tr>\n<tr class=\"feature\">\n<td>Stationary position<\/td>\n<td>&gt; 5\u00a0x cable diameter<\/td>\n<\/tr>\n<tr class=\"feature\">\n<td>Drag chain operation<\/td>\n<td>&gt; 12\u00a0x cable diameter<\/td>\n<\/tr>\n<\/tbody>\n<\/table>\n<\/td>\n<\/tr>\n<tr>\n<td>Bending cycles<\/td>\n<td>3,000,000<\/td>\n<\/tr>\n<tr>\n<td>Nominal voltage, cable<\/td>\n<td>300\u00a0V\u00a0AC<\/td>\n<\/tr>\n<tr>\n<td>Test voltage, cable<\/td>\n<td>2,000\u00a0V\u00a0AC<\/td>\n<\/tr>\n<tr>\n<td colspan=\"2\">\n<table>\n<tbody>\n<tr>\n<td>Reference voltage<\/td>\n<td><\/td>\n<\/tr>\n<tr class=\"feature\">\n<td><\/td>\n<td>48\u00a0V\u00a0AC<\/td>\n<\/tr>\n<tr class=\"feature\">\n<td><\/td>\n<td>60\u00a0V\u00a0DC<\/td>\n<\/tr>\n<\/tbody>\n<\/table>\n<\/td>\n<\/tr>\n<tr>\n<td>Rated impulse voltage<\/td>\n<td>1\u00a0kV<\/td>\n<\/tr>\n<tr>\n<td>Current loading<\/td>\n<td>1.5\u00a0A<\/td>\n<\/tr>\n<tr>\n<td>Traversing speed<\/td>\n<td>3.3\u00a0m\/s<\/td>\n<\/tr>\n<tr>\n<td>Travelling distance<\/td>\n<td>5\u00a0m<\/td>\n<\/tr>\n<tr>\n<td>Acceleration<\/td>\n<td>\u2264\u00a02\u00a0m\/s\u00b2<\/td>\n<\/tr>\n<tr>\n<td>Signal type<\/td>\n<td>Ethernet, PROFINET<\/td>\n<\/tr>\n<tr>\n<td>Transmission characteristics<\/td>\n<td>CAT5e<\/td>\n<\/tr>\n<tr>\n<td>Data transmission rate<\/td>\n<td>\u2264\u00a00.1\u00a0Gbit\/s<\/td>\n<\/tr>\n<tr>\n<td>Application<\/td>\n<td>Drag chain operation<\/p>\n<p>Zones with oils and lubricants<\/td>\n<\/tr>\n<tr>\n<td>Authorizations<\/td>\n<td>CE<\/p>\n<p>UL<\/td>\n<\/tr>\n<tr>\n<td>Enclosure rating<\/td>\n<td>IP67 (M12), IP20 (RJ45)<\/td>\n<\/tr>\n<tr>\n<td colspan=\"2\">\n<table>\n<tbody>\n<tr>\n<td>Ambient operating temperature<\/td>\n<td><\/td>\n<\/tr>\n<tr class=\"feature\">\n<td>Flexible use<\/td>\n<td>\u201330\u00a0\u00b0C\u00a0\u2026 +70\u00a0\u00b0C<\/td>\n<\/tr>\n<tr class=\"feature\">\n<td>Stationary position<\/td>\n<td>\u201340\u00a0\u00b0C\u00a0\u2026 +80\u00a0\u00b0C<\/td>\n<\/tr>\n<tr class=\"feature\">\n<td>Drag chain operation<\/td>\n<td>\u201330\u00a0\u00b0C\u00a0\u2026 +70\u00a0\u00b0C<\/td>\n<\/tr>\n<tr class=\"feature\">\n<td>Head<\/td>\n<td>\u201325\u00a0\u00b0C\u00a0\u2026 +85\u00a0\u00b0C<\/td>\n<\/tr>\n<\/tbody>\n<\/table>\n<\/td>\n<\/tr>\n<tr>\n<td>Contamination rating<\/td>\n<td>3<\/td>\n<\/tr>\n<tr>\n<td>Insulation resistance<\/td>\n<td>&gt;\u00a0100\u00a0M\u03a9<\/td>\n<\/tr>\n<tr>\n<td>Overvoltage category<\/td>\n<td>III<\/td>\n<\/tr>\n<tr>\n<td>Specific insulation resistance<\/td>\n<td>&lt;\u00a030\u00a0m\u03a9<\/td>\n<\/tr>\n<tr>\n<td>Thermal resistance, piping<\/td>\n<td>Flame retardant acc. to UL 1581\u00a0Section 1090, Section 1100\u00a0(FT2), IEC\u00a060332-1-2\u00a0Std.<\/td>\n<\/tr>\n<\/tbody>\n<\/table>\n<\/div>\n<\/div>\n<\/div>\n<\/div>\n<\/div>\n<div class=\"header ng-tns-c29-4 ng-star-inserted\">\n<div class=\"title ng-tns-c29-4\">\n<div class=\"accordion-header ng-tns-c29-4\">Technical drawings<\/div>\n<\/div>\n<\/div>\n<div><\/div>\n<div><\/div>\n<div><img fetchpriority=\"high\" decoding=\"async\" class=\"\" src=\"https:\/\/www.sick.com\/media\/pim\/3\/13\/513\/IM0090513.png\" alt=\"Dimensional drawing\" width=\"914\" height=\"791\" \/><\/div>\n<div><\/div>\n<div><\/div>\n<div><\/div>\n<div><\/div>\n<div><\/div>\n<div>\n<p>\u0110\u1ea1i l\u00fd SICK vietnam, SICK viet nam, SICK vietnam distributor, Ph\u00e2n ph\u1ed1i SICK t\u1ea1i vi\u1ec7t nam<\/p>\n<p>\u0110\u1ea1i l\u00fd SICK vietnam, SICK viet nam, SICK vietnam distributor, Ph\u00e2n ph\u1ed1i SICK t\u1ea1i vi\u1ec7t nam<\/p>\n<p>\u0110\u1ea1i l\u00fd SICK vietnam, SICK viet nam, SICK vietnam distributor, Ph\u00e2n ph\u1ed1i SICK t\u1ea1i vi\u1ec7t nam<\/p>\n<p>\u0110\u1ea1i l\u00fd SICK vietnam, SICK viet nam, SICK vietnam distributor, Ph\u00e2n ph\u1ed1i SICK t\u1ea1i vi\u1ec7t nam<\/p>\n<p>\u0110\u1ea1i l\u00fd SICK vietnam, SICK viet nam, SICK vietnam distributor, Ph\u00e2n ph\u1ed1i SICK t\u1ea1i vi\u1ec7t nam<\/p>\n<\/div>\n<div><\/div>\n","protected":false},"excerpt":{"rendered":"<div data-redactor=\"1\">\n<p><strong>SICK YM2D24-050PN1MRJA4<\/strong><\/p>\n<p>\u0110T:\u00a0<a title=\"Call\" href=\"tel:0937876353\">0937 876 353<\/a><br \/>\nFace. Zalo :\u00a0<a title=\"Call\" href=\"tel:0937876353\">0937 876 353<\/a><br \/>\n\u0110C: 28\/1\/16 \u0110\u01b0\u1eddng 16, P. Linh Chi\u1ec3u, TP. Th\u1ee7 \u0110\u1ee9c, TP. HCM<\/p>\n<\/div>\n<div data-redactor=\"1\">\n<p>Web :\u00a0<a href=\"https:\/\/omanivietnam.com\/\">https:\/\/omanivietnam.com<\/a><\/p>\n<\/div>\n","protected":false},"featured_media":408,"comment_status":"open","ping_status":"closed","template":"","meta":{"om_disable_all_campaigns":false,"_monsterinsights_skip_tracking":false,"_monsterinsights_sitenote_active":false,"_monsterinsights_sitenote_note":"","_monsterinsights_sitenote_category":0},"product_cat":[15],"product_tag":[88,89,90],"class_list":{"0":"post-407","1":"product","2":"type-product","3":"status-publish","4":"has-post-thumbnail","6":"product_cat-apex","7":"product_tag-cam-bien","8":"product_tag-dai-ly-sick-viet-nam","9":"product_tag-sick-viet-nam","11":"first","12":"instock","13":"shipping-taxable","14":"product-type-simple"},"aioseo_notices":[],"yoast_head":"<!-- This site is optimized with the Yoast SEO plugin v22.8 - https:\/\/yoast.com\/wordpress\/plugins\/seo\/ -->\n<title>SICK YM2D24-050PN1MRJA4 - OMANI VI\u1ec6T NAM<\/title>\n<meta name=\"description\" content=\"SICK - YM2D24-050PN1MRJA4 PLUG CONNECTOR &amp; CABLE, M12 TO RJ45, MALE CONN, 4 PIN, STRAIGHT, 5M, PUR, HALOGEN FREE, IP67\/IP20\" \/>\n<meta name=\"robots\" content=\"index, follow, max-snippet:-1, max-image-preview:large, max-video-preview:-1\" \/>\n<link rel=\"canonical\" href=\"https:\/\/sipin.com.vn\/index.php\/product\/sick-ym2d24-050pn1mrja4\/\" \/>\n<meta property=\"og:locale\" content=\"vi_VN\" \/>\n<meta property=\"og:type\" content=\"article\" \/>\n<meta property=\"og:title\" content=\"SICK YM2D24-050PN1MRJA4 - OMANI VI\u1ec6T NAM\" \/>\n<meta property=\"og:description\" content=\"SICK - YM2D24-050PN1MRJA4 PLUG CONNECTOR &amp; CABLE, M12 TO RJ45, MALE CONN, 4 PIN, STRAIGHT, 5M, PUR, HALOGEN FREE, IP67\/IP20\" \/>\n<meta property=\"og:url\" content=\"https:\/\/sipin.com.vn\/index.php\/product\/sick-ym2d24-050pn1mrja4\/\" \/>\n<meta property=\"og:site_name\" content=\"OMANI VI\u1ec6T NAM\" \/>\n<meta property=\"article:modified_time\" content=\"2024-08-10T14:16:18+00:00\" \/>\n<meta property=\"og:image\" content=\"https:\/\/sipin.com.vn\/wp-content\/uploads\/2024\/06\/YM2D24-050PN1MRJA4.png\" \/>\n\t<meta property=\"og:image:width\" content=\"555\" \/>\n\t<meta property=\"og:image:height\" content=\"598\" \/>\n\t<meta property=\"og:image:type\" content=\"image\/png\" \/>\n<meta name=\"twitter:card\" content=\"summary_large_image\" \/>\n<meta name=\"twitter:label1\" content=\"\u01af\u1edbc t\u00ednh th\u1eddi gian \u0111\u1ecdc\" \/>\n\t<meta name=\"twitter:data1\" content=\"3 ph\u00fat\" \/>\n<script type=\"application\/ld+json\" class=\"yoast-schema-graph\">{\"@context\":\"https:\/\/schema.org\",\"@graph\":[{\"@type\":\"WebPage\",\"@id\":\"https:\/\/sipin.com.vn\/index.php\/product\/sick-ym2d24-050pn1mrja4\/\",\"url\":\"https:\/\/sipin.com.vn\/index.php\/product\/sick-ym2d24-050pn1mrja4\/\",\"name\":\"SICK YM2D24-050PN1MRJA4 - OMANI VI\u1ec6T NAM\",\"isPartOf\":{\"@id\":\"https:\/\/sipin.com.vn\/#website\"},\"primaryImageOfPage\":{\"@id\":\"https:\/\/sipin.com.vn\/index.php\/product\/sick-ym2d24-050pn1mrja4\/#primaryimage\"},\"image\":{\"@id\":\"https:\/\/sipin.com.vn\/index.php\/product\/sick-ym2d24-050pn1mrja4\/#primaryimage\"},\"thumbnailUrl\":\"https:\/\/sipin.com.vn\/wp-content\/uploads\/2024\/06\/YM2D24-050PN1MRJA4.png\",\"datePublished\":\"2024-06-12T16:14:29+00:00\",\"dateModified\":\"2024-08-10T14:16:18+00:00\",\"description\":\"SICK - YM2D24-050PN1MRJA4 PLUG CONNECTOR & CABLE, M12 TO RJ45, MALE CONN, 4 PIN, STRAIGHT, 5M, PUR, HALOGEN FREE, IP67\/IP20\",\"breadcrumb\":{\"@id\":\"https:\/\/sipin.com.vn\/index.php\/product\/sick-ym2d24-050pn1mrja4\/#breadcrumb\"},\"inLanguage\":\"vi\",\"potentialAction\":[{\"@type\":\"ReadAction\",\"target\":[\"https:\/\/sipin.com.vn\/index.php\/product\/sick-ym2d24-050pn1mrja4\/\"]}]},{\"@type\":\"ImageObject\",\"inLanguage\":\"vi\",\"@id\":\"https:\/\/sipin.com.vn\/index.php\/product\/sick-ym2d24-050pn1mrja4\/#primaryimage\",\"url\":\"https:\/\/sipin.com.vn\/wp-content\/uploads\/2024\/06\/YM2D24-050PN1MRJA4.png\",\"contentUrl\":\"https:\/\/sipin.com.vn\/wp-content\/uploads\/2024\/06\/YM2D24-050PN1MRJA4.png\",\"width\":555,\"height\":598},{\"@type\":\"BreadcrumbList\",\"@id\":\"https:\/\/sipin.com.vn\/index.php\/product\/sick-ym2d24-050pn1mrja4\/#breadcrumb\",\"itemListElement\":[{\"@type\":\"ListItem\",\"position\":1,\"name\":\"Home\",\"item\":\"https:\/\/sipin.com.vn\/\"},{\"@type\":\"ListItem\",\"position\":2,\"name\":\"S\u1ea2N PH\u1ea8M\",\"item\":\"https:\/\/sipin.com.vn\/index.php\/cua-hang\/\"},{\"@type\":\"ListItem\",\"position\":3,\"name\":\"SICK YM2D24-050PN1MRJA4\"}]},{\"@type\":\"WebSite\",\"@id\":\"https:\/\/sipin.com.vn\/#website\",\"url\":\"https:\/\/sipin.com.vn\/\",\"name\":\"OMANI VI\u1ec6T NAM\",\"description\":\"Nh\u00e0 ph\u00e2n ph\u1ed1i thi\u1ebft b\u1ecb kh\u00ed n\u00e9n v\u00e0 thi\u1ebft b\u1ecb t\u1ef1 \u0111\u1ed9ng h\u00f3a trong c\u00f4ng nghi\u1ec7p\",\"publisher\":{\"@id\":\"https:\/\/sipin.com.vn\/#\/schema\/person\/0ad398a980dc3fd696111c2c5c8fa897\"},\"potentialAction\":[{\"@type\":\"SearchAction\",\"target\":{\"@type\":\"EntryPoint\",\"urlTemplate\":\"https:\/\/sipin.com.vn\/?s={search_term_string}\"},\"query-input\":\"required name=search_term_string\"}],\"inLanguage\":\"vi\"},{\"@type\":[\"Person\",\"Organization\"],\"@id\":\"https:\/\/sipin.com.vn\/#\/schema\/person\/0ad398a980dc3fd696111c2c5c8fa897\",\"name\":\"Nguy\u1ec5n V\u0103n Kh\u00e1nh\",\"image\":{\"@type\":\"ImageObject\",\"inLanguage\":\"vi\",\"@id\":\"https:\/\/sipin.com.vn\/#\/schema\/person\/image\/\",\"url\":\"https:\/\/sipin.com.vn\/wp-content\/uploads\/2024\/06\/logo-1024x1024.png\",\"contentUrl\":\"https:\/\/sipin.com.vn\/wp-content\/uploads\/2024\/06\/logo-1024x1024.png\",\"width\":1024,\"height\":1024,\"caption\":\"Nguy\u1ec5n V\u0103n Kh\u00e1nh\"},\"logo\":{\"@id\":\"https:\/\/sipin.com.vn\/#\/schema\/person\/image\/\"},\"sameAs\":[\"https:\/\/sipin.com.vn\"]}]}<\/script>\n<!-- \/ Yoast SEO plugin. -->","yoast_head_json":{"title":"SICK YM2D24-050PN1MRJA4 - OMANI VI\u1ec6T NAM","description":"SICK - YM2D24-050PN1MRJA4 PLUG CONNECTOR & CABLE, M12 TO RJ45, MALE CONN, 4 PIN, STRAIGHT, 5M, PUR, HALOGEN FREE, IP67\/IP20","robots":{"index":"index","follow":"follow","max-snippet":"max-snippet:-1","max-image-preview":"max-image-preview:large","max-video-preview":"max-video-preview:-1"},"canonical":"https:\/\/sipin.com.vn\/index.php\/product\/sick-ym2d24-050pn1mrja4\/","og_locale":"vi_VN","og_type":"article","og_title":"SICK YM2D24-050PN1MRJA4 - OMANI VI\u1ec6T NAM","og_description":"SICK - YM2D24-050PN1MRJA4 PLUG CONNECTOR & CABLE, M12 TO RJ45, MALE CONN, 4 PIN, STRAIGHT, 5M, PUR, HALOGEN FREE, IP67\/IP20","og_url":"https:\/\/sipin.com.vn\/index.php\/product\/sick-ym2d24-050pn1mrja4\/","og_site_name":"OMANI VI\u1ec6T NAM","article_modified_time":"2024-08-10T14:16:18+00:00","og_image":[{"width":555,"height":598,"url":"https:\/\/sipin.com.vn\/wp-content\/uploads\/2024\/06\/YM2D24-050PN1MRJA4.png","type":"image\/png"}],"twitter_card":"summary_large_image","twitter_misc":{"\u01af\u1edbc t\u00ednh th\u1eddi gian \u0111\u1ecdc":"3 ph\u00fat"},"schema":{"@context":"https:\/\/schema.org","@graph":[{"@type":"WebPage","@id":"https:\/\/sipin.com.vn\/index.php\/product\/sick-ym2d24-050pn1mrja4\/","url":"https:\/\/sipin.com.vn\/index.php\/product\/sick-ym2d24-050pn1mrja4\/","name":"SICK YM2D24-050PN1MRJA4 - OMANI VI\u1ec6T NAM","isPartOf":{"@id":"https:\/\/sipin.com.vn\/#website"},"primaryImageOfPage":{"@id":"https:\/\/sipin.com.vn\/index.php\/product\/sick-ym2d24-050pn1mrja4\/#primaryimage"},"image":{"@id":"https:\/\/sipin.com.vn\/index.php\/product\/sick-ym2d24-050pn1mrja4\/#primaryimage"},"thumbnailUrl":"https:\/\/sipin.com.vn\/wp-content\/uploads\/2024\/06\/YM2D24-050PN1MRJA4.png","datePublished":"2024-06-12T16:14:29+00:00","dateModified":"2024-08-10T14:16:18+00:00","description":"SICK - YM2D24-050PN1MRJA4 PLUG CONNECTOR & CABLE, M12 TO RJ45, MALE CONN, 4 PIN, STRAIGHT, 5M, PUR, HALOGEN FREE, IP67\/IP20","breadcrumb":{"@id":"https:\/\/sipin.com.vn\/index.php\/product\/sick-ym2d24-050pn1mrja4\/#breadcrumb"},"inLanguage":"vi","potentialAction":[{"@type":"ReadAction","target":["https:\/\/sipin.com.vn\/index.php\/product\/sick-ym2d24-050pn1mrja4\/"]}]},{"@type":"ImageObject","inLanguage":"vi","@id":"https:\/\/sipin.com.vn\/index.php\/product\/sick-ym2d24-050pn1mrja4\/#primaryimage","url":"https:\/\/sipin.com.vn\/wp-content\/uploads\/2024\/06\/YM2D24-050PN1MRJA4.png","contentUrl":"https:\/\/sipin.com.vn\/wp-content\/uploads\/2024\/06\/YM2D24-050PN1MRJA4.png","width":555,"height":598},{"@type":"BreadcrumbList","@id":"https:\/\/sipin.com.vn\/index.php\/product\/sick-ym2d24-050pn1mrja4\/#breadcrumb","itemListElement":[{"@type":"ListItem","position":1,"name":"Home","item":"https:\/\/sipin.com.vn\/"},{"@type":"ListItem","position":2,"name":"S\u1ea2N PH\u1ea8M","item":"https:\/\/sipin.com.vn\/index.php\/cua-hang\/"},{"@type":"ListItem","position":3,"name":"SICK YM2D24-050PN1MRJA4"}]},{"@type":"WebSite","@id":"https:\/\/sipin.com.vn\/#website","url":"https:\/\/sipin.com.vn\/","name":"OMANI VI\u1ec6T NAM","description":"Nh\u00e0 ph\u00e2n ph\u1ed1i thi\u1ebft b\u1ecb kh\u00ed n\u00e9n v\u00e0 thi\u1ebft b\u1ecb t\u1ef1 \u0111\u1ed9ng h\u00f3a trong c\u00f4ng nghi\u1ec7p","publisher":{"@id":"https:\/\/sipin.com.vn\/#\/schema\/person\/0ad398a980dc3fd696111c2c5c8fa897"},"potentialAction":[{"@type":"SearchAction","target":{"@type":"EntryPoint","urlTemplate":"https:\/\/sipin.com.vn\/?s={search_term_string}"},"query-input":"required name=search_term_string"}],"inLanguage":"vi"},{"@type":["Person","Organization"],"@id":"https:\/\/sipin.com.vn\/#\/schema\/person\/0ad398a980dc3fd696111c2c5c8fa897","name":"Nguy\u1ec5n V\u0103n Kh\u00e1nh","image":{"@type":"ImageObject","inLanguage":"vi","@id":"https:\/\/sipin.com.vn\/#\/schema\/person\/image\/","url":"https:\/\/sipin.com.vn\/wp-content\/uploads\/2024\/06\/logo-1024x1024.png","contentUrl":"https:\/\/sipin.com.vn\/wp-content\/uploads\/2024\/06\/logo-1024x1024.png","width":1024,"height":1024,"caption":"Nguy\u1ec5n V\u0103n Kh\u00e1nh"},"logo":{"@id":"https:\/\/sipin.com.vn\/#\/schema\/person\/image\/"},"sameAs":["https:\/\/sipin.com.vn"]}]}},"_links":{"self":[{"href":"https:\/\/sipin.com.vn\/index.php\/wp-json\/wp\/v2\/product\/407","targetHints":{"allow":["GET"]}}],"collection":[{"href":"https:\/\/sipin.com.vn\/index.php\/wp-json\/wp\/v2\/product"}],"about":[{"href":"https:\/\/sipin.com.vn\/index.php\/wp-json\/wp\/v2\/types\/product"}],"replies":[{"embeddable":true,"href":"https:\/\/sipin.com.vn\/index.php\/wp-json\/wp\/v2\/comments?post=407"}],"wp:featuredmedia":[{"embeddable":true,"href":"https:\/\/sipin.com.vn\/index.php\/wp-json\/wp\/v2\/media\/408"}],"wp:attachment":[{"href":"https:\/\/sipin.com.vn\/index.php\/wp-json\/wp\/v2\/media?parent=407"}],"wp:term":[{"taxonomy":"product_cat","embeddable":true,"href":"https:\/\/sipin.com.vn\/index.php\/wp-json\/wp\/v2\/product_cat?post=407"},{"taxonomy":"product_tag","embeddable":true,"href":"https:\/\/sipin.com.vn\/index.php\/wp-json\/wp\/v2\/product_tag?post=407"}],"curies":[{"name":"wp","href":"https:\/\/api.w.org\/{rel}","templated":true}]}}