{"id":4065,"date":"2025-06-25T23:50:18","date_gmt":"2025-06-25T16:50:18","guid":{"rendered":"https:\/\/sipin.com.vn\/?post_type=product&#038;p=4065"},"modified":"2025-06-25T23:52:09","modified_gmt":"2025-06-25T16:52:09","slug":"proface-pfxgm4301tad","status":"publish","type":"product","link":"https:\/\/sipin.com.vn\/index.php\/product\/proface-pfxgm4301tad\/","title":{"rendered":"PROFACE PFXGM4301TAD"},"content":{"rendered":"<p>PROFACE PFXGM4301TAD<\/p>\n<div class=\"heading level-h1 has-rule\">\n<div class=\"heading level-h1 has-rule\">\n<div class=\"heading level-h1 has-rule\">\n<div class=\"heading level-h1 has-rule\">\n<p><strong>M\u00e0n h\u00ecnh Proface 5.7\u201d LCD TFT GP4000 Series PFXGM4301TAD<\/strong><\/p>\n<\/div>\n<\/div>\n<\/div>\n<\/div>\n<p><strong>GP-4000: Ti\u00eau chu\u1ea9n Pro-face m\u1edbi<\/strong><\/p>\n<p>Kh\u1ea3 n\u0103ng k\u1ebft n\u1ed1i t\u1ed1t nh\u1ea5t trong l\u1edbp, Ch\u1ee9c n\u0103ng HMI m\u1ea1nh m\u1ebd v\u00e0 Kh\u1ea3 n\u0103ng t\u01b0\u01a1ng th\u00edch \u0111\u1ea7y \u0111\u1ee7 v\u1edbi c\u00e1c s\u1ea3n ph\u1ea9m GP-Pro EX v\u00e0 GP3000 Pro-face k\u1ebf th\u1eeba. Tr\u00ecnh \u0111i\u1ec1u khi\u1ec3n HMI GP4000 cho ph\u00e9p b\u1ea1n \u201cn\u00f3i chuy\u1ec7n\u201d v\u1edbi PLC, h\u1ec7 th\u1ed1ng th\u1ecb gi\u00e1c, b\u1ed9 \u0111i\u1ec1u khi\u1ec3n chuy\u1ec3n \u0111\u1ed9ng, b\u1ed9 \u0111i\u1ec1u khi\u1ec3n nhi\u1ec7t \u0111\u1ed9, bi\u1ebfn t\u1ea7n, \u0111\u1ea7u \u0111\u1ecdc m\u00e3 v\u1ea1ch v\u00e0 b\u1ed9 truy\u1ec1n \u0111\u1ed9ng \u01b0a th\u00edch c\u1ee7a b\u1ea1n.<\/p>\n<p><strong>Th\u00f4ng s\u1ed1 k\u0129 thu\u1eadt M\u00e0n h\u00ecnh Proface PFXGM4301TAD<\/strong><\/p>\n<p><strong>Th\u00f4ng s\u1ed1 k\u1ef9 thu\u1eadt ch\u1ee9c n\u0103ng<\/strong><\/p>\n<div class=\"panel-pane pane-field-group\">\n<div id=\"\" class=\"field-group-table function_specifications \">\n<table class=\"field-group-format function_specifications table table-bordered mt-3\">\n<tbody>\n<tr class=\"\">\n<th class=\"field-label\">Display Type<a id=\"functionalspecifications\"><\/a><\/th>\n<td class=\"field-content\">\n<div class=\"field field-name-display-device field-type-text-long field-label-hidden\">\n<div class=\"field-items\">\n<div class=\"field-item even\">TFT Color LCD<\/div>\n<\/div>\n<\/div>\n<\/td>\n<\/tr>\n<tr class=\"\">\n<th class=\"field-label\">Display Size<\/th>\n<td class=\"field-content\">\n<div class=\"field field-name-display-size field-type-text-long field-label-hidden\">\n<div class=\"field-items\">\n<div class=\"field-item even\">5.7\u2033<\/div>\n<\/div>\n<\/div>\n<\/td>\n<\/tr>\n<tr class=\"\">\n<th class=\"field-label\">Resolution<\/th>\n<td class=\"field-content\">\n<div class=\"field field-name-display-dot field-type-text-long field-label-hidden\">\n<div class=\"field-items\">\n<div class=\"field-item even\">320 x 240 pixels (QVGA)<\/div>\n<\/div>\n<\/div>\n<\/td>\n<\/tr>\n<tr class=\"\">\n<th class=\"field-label\">Effective Display Area<\/th>\n<td class=\"field-content\">\n<div class=\"field field-name-effective-display-size field-type-text-long field-label-hidden\">\n<div class=\"field-items\">\n<div class=\"field-item even\">W115.2 x H86.4 mm (W4.53 x H3.40 in.)<\/div>\n<\/div>\n<\/div>\n<\/td>\n<\/tr>\n<tr class=\"\">\n<th class=\"field-label\">Display Colors<\/th>\n<td class=\"field-content\">\n<div class=\"field field-name-display-color field-type-text-long field-label-hidden\">\n<div class=\"field-items\">\n<div class=\"field-item even\">65,536 colors<\/div>\n<\/div>\n<\/div>\n<\/td>\n<\/tr>\n<tr class=\"\">\n<th class=\"field-label\">Backlight<\/th>\n<td class=\"field-content\">\n<div class=\"field field-name-backlight field-type-text-long field-label-hidden\">\n<div class=\"field-items\">\n<div class=\"field-item even\">White LED (When replacement is required,contact your local GP distributor)<\/div>\n<\/div>\n<\/div>\n<\/td>\n<\/tr>\n<tr class=\"\">\n<th class=\"field-label\">Brightness Control<\/th>\n<td class=\"field-content\">\n<div class=\"field field-name-brightness-control field-type-text-long field-label-hidden\">\n<div class=\"field-items\">\n<div class=\"field-item even\">16 Levels (Adjusted with the touch panel or the software)<\/div>\n<\/div>\n<\/div>\n<\/td>\n<\/tr>\n<tr class=\"\">\n<th class=\"field-label\">Backlight Service Life<\/th>\n<td class=\"field-content\">\n<div class=\"field field-name-backlight-life-span field-type-text-long field-label-hidden\">\n<div class=\"field-items\">\n<div class=\"field-item even\">50,000 hrs. or more (continuous operation at 25\u00b0C (77\u00b0F) before backlight brightness decreases to 50%)<\/div>\n<\/div>\n<\/div>\n<\/td>\n<\/tr>\n<tr class=\"\">\n<th class=\"field-label\">Language Fonts<\/th>\n<td class=\"field-content\">\n<div class=\"field field-name-display-character-type field-type-text-long field-label-hidden\">\n<div class=\"field-items\">\n<div class=\"field-item even\">Japanese: 6,962 (JIS Standards 1 &amp; 2) (including 607 non-kanji characters), ANK: 158 (Korean, Traditional Chinese and Simplified Chinese fonts are downloadable.<\/div>\n<\/div>\n<\/div>\n<\/td>\n<\/tr>\n<tr class=\"\">\n<th class=\"field-label\">Character Sizes<\/th>\n<td class=\"field-content\">\n<div class=\"field field-name-display-character-size field-type-text-long field-label-hidden\">\n<div class=\"field-items\">\n<div class=\"field-item even\">Standard font: 8 x 8, 8 x 16, 16 x 16 and 32 x 32 pixel fonts, Stroke font: 6 to 127 pixel fonts, Image font: 8 to 72 pixel fonts<\/div>\n<\/div>\n<\/div>\n<\/td>\n<\/tr>\n<tr class=\"\">\n<th class=\"field-label\">Font Sizes<\/th>\n<td class=\"field-content\">\n<div class=\"field field-name-display-character-magni field-type-text-long field-label-hidden\">\n<div class=\"field-items\">\n<div class=\"field-item even\">Standard font: Width can be expanded up to 8 times. Height can be expanded up to 8 times.<\/div>\n<\/div>\n<\/div>\n<\/td>\n<\/tr>\n<tr class=\"\">\n<th class=\"field-label\">8 x 16 dots<\/th>\n<td class=\"field-content\">\n<div class=\"field field-name-character-number-half field-type-text-long field-label-hidden\">\n<div class=\"field-items\">\n<div class=\"field-item even\">40 character x 15 rows<\/div>\n<\/div>\n<\/div>\n<\/td>\n<\/tr>\n<tr class=\"\">\n<th class=\"field-label\">16 x 16 dots<\/th>\n<td class=\"field-content\">\n<div class=\"field field-name-character-number-16dot field-type-text-long field-label-hidden\">\n<div class=\"field-items\">\n<div class=\"field-item even\">20 character x 15 rows<\/div>\n<\/div>\n<\/div>\n<\/td>\n<\/tr>\n<tr class=\"\">\n<th class=\"field-label\">32 x 32 dots<\/th>\n<td class=\"field-content\">\n<div class=\"field field-name-character-number-32dot field-type-text-long field-label-hidden\">\n<div class=\"field-items\">\n<div class=\"field-item even\">10 character x 7 rows<\/div>\n<\/div>\n<\/div>\n<\/td>\n<\/tr>\n<tr class=\"\">\n<th class=\"field-label\">8 x 8 dots<\/th>\n<td class=\"field-content\">\n<div class=\"field field-name-character-number-quarte field-type-text-long field-label-hidden\">\n<div class=\"field-items\">\n<div class=\"field-item even\">40 characters x 30 rows<\/div>\n<\/div>\n<\/div>\n<\/td>\n<\/tr>\n<tr class=\"\">\n<th class=\"field-label\">Application Memory<\/th>\n<td class=\"field-content\">\n<div class=\"field field-name-inner-memory field-type-text-long field-label-hidden\">\n<div class=\"field-items\">\n<div class=\"field-item even\">FLASH EPROM 8 MB<\/div>\n<\/div>\n<\/div>\n<\/td>\n<\/tr>\n<tr class=\"\">\n<th class=\"field-label\">Data Backup<\/th>\n<td class=\"field-content\">\n<div class=\"field field-name-backup-memory field-type-text-long field-label-hidden\">\n<div class=\"field-items\">\n<div class=\"field-item even\">128KB<\/div>\n<\/div>\n<\/div>\n<\/td>\n<\/tr>\n<tr class=\"\">\n<th class=\"field-label\">Clock Accuracy<\/th>\n<td class=\"field-content\">\n<div class=\"field field-name-clock-precision field-type-text-long field-label-hidden\">\n<div class=\"field-items\">\n<div class=\"field-item even\">Uses the clock of an external device<\/div>\n<\/div>\n<\/div>\n<\/td>\n<\/tr>\n<tr class=\"\">\n<th class=\"field-label\">Touch Panel Type<\/th>\n<td class=\"field-content\">\n<div class=\"field field-name-touchpanel-type field-type-text-long field-label-hidden\">\n<div class=\"field-items\">\n<div class=\"field-item even\">Resistive Film (analog)<\/div>\n<\/div>\n<\/div>\n<\/td>\n<\/tr>\n<tr class=\"\">\n<th class=\"field-label\">Touch Panel Service Life<\/th>\n<td class=\"field-content\">\n<div class=\"field field-name-touchpanel-life-span field-type-text-long field-label-hidden\">\n<div class=\"field-items\">\n<div class=\"field-item even\">1,000,000 times or more<\/div>\n<\/div>\n<\/div>\n<\/td>\n<\/tr>\n<tr class=\"\">\n<th class=\"field-label\">Serial (COM1)<\/th>\n<td class=\"field-content\">\n<div class=\"field field-name-serial-com1 field-type-text-long field-label-hidden\">\n<div class=\"field-items\">\n<div class=\"field-item even\">Asynchronous Transmission: RS-232C\/422\/485, Data Length: 7 or 8 bit, Stop Bit: 1 or 2 bit, Parity: none, Odd or Even, Data Transmission Speed: 2,400 to 115,200bps, 187,500 bps, Connector: D-Sub9 (plug)<\/div>\n<\/div>\n<\/div>\n<\/td>\n<\/tr>\n<tr class=\"\">\n<th class=\"field-label\">Ethernet (LAN)<\/th>\n<td class=\"field-content\">\n<div class=\"field field-name-ethernet-lan field-type-text-long field-label-hidden\">\n<div class=\"field-items\">\n<div class=\"field-item even\">IEEE802.3i\/ IEEE802.3u, 10BASE-T\/100BASE-TX, Connector: Modular jack (RJ-45) x 1<\/div>\n<\/div>\n<\/div>\n<\/td>\n<\/tr>\n<tr class=\"\">\n<th class=\"field-label\">USB (TYPE-A)<\/th>\n<td class=\"field-content\">\n<div class=\"field field-name-usb-typea field-type-text-long field-label-hidden\">\n<div class=\"field-items\">\n<div class=\"field-item even\">USB2.0, Connector\uff1aType A x 1, Power Supply Voltage\uff1aDC5V\u00b15\uff05\u3001Maximum Transmission Distance\uff1a3m (9.84 ft.) or less<\/div>\n<\/div>\n<\/div>\n<\/td>\n<\/tr>\n<tr class=\"\">\n<th class=\"field-label\">USB (mini-B)<\/th>\n<td class=\"field-content\">\n<div class=\"field field-name-usb-minib field-type-text-long field-label-hidden\">\n<div class=\"field-items\">\n<div class=\"field-item even\">USB2.0, Connector\uff1amini-B x 1, Maximum Transmission Distance\uff1a5m (16.40 ft.) or less<\/div>\n<\/div>\n<\/div>\n<\/td>\n<\/tr>\n<\/tbody>\n<\/table>\n<\/div>\n<\/div>\n<h3>C\u00e1c m\u00e3 t\u01b0\u01a1ng t\u1ef1 Proface PFXGM4301TAD<\/h3>\n<p>GP2601-TC41-24V<\/p>\n<p>GP2501-SC41-24V<\/p>\n<p>GP2501-TC41-24V<\/p>\n<p>PFXGM4301TAD<\/p>\n<p>PFXGP4402WADW<\/p>\n<p>GP2500-TC41-24V<\/p>\n<p>AGP3300-S1-D24<\/p>\n<p>AGP3650-U1-D24<\/p>\n<p>AGP3550-T1-D24<\/p>\n","protected":false},"excerpt":{"rendered":"<p>PROFACE PFXGM4301TAD M\u00e0n h\u00ecnh Proface 5.7\u201d LCD TFT GP4000 Series PFXGM4301TAD GP-4000: Ti\u00eau chu\u1ea9n Pro-face m\u1edbi Kh\u1ea3 n\u0103ng k\u1ebft n\u1ed1i t\u1ed1t nh\u1ea5t trong l\u1edbp, Ch\u1ee9c n\u0103ng HMI m\u1ea1nh m\u1ebd v\u00e0 Kh\u1ea3 n\u0103ng t\u01b0\u01a1ng th\u00edch \u0111\u1ea7y \u0111\u1ee7 v\u1edbi c\u00e1c s\u1ea3n ph\u1ea9m GP-Pro EX v\u00e0 GP3000 Pro-face k\u1ebf th\u1eeba. Tr\u00ecnh \u0111i\u1ec1u khi\u1ec3n&hellip; <\/p>\n","protected":false},"featured_media":4066,"comment_status":"open","ping_status":"closed","template":"","meta":{"om_disable_all_campaigns":false,"_monsterinsights_skip_tracking":false,"_monsterinsights_sitenote_active":false,"_monsterinsights_sitenote_note":"","_monsterinsights_sitenote_category":0},"product_cat":[825],"product_tag":[233,212,232],"class_list":{"0":"post-4065","1":"product","2":"type-product","3":"status-publish","4":"has-post-thumbnail","6":"product_cat-proface","7":"product_tag-dai-ly-proface-viet-nam","8":"product_tag-man-hinh","9":"product_tag-proface-viet-nam","11":"first","12":"instock","13":"shipping-taxable","14":"product-type-simple"},"aioseo_notices":[],"yoast_head":"<!-- This site is optimized with the Yoast SEO plugin v22.8 - https:\/\/yoast.com\/wordpress\/plugins\/seo\/ -->\n<title>PROFACE PFXGM4301TAD - OMANI VI\u1ec6T NAM<\/title>\n<meta name=\"description\" content=\"PROFACE PFXGM4301TAD HMI\" \/>\n<meta name=\"robots\" content=\"index, follow, max-snippet:-1, max-image-preview:large, max-video-preview:-1\" \/>\n<link rel=\"canonical\" href=\"https:\/\/sipin.com.vn\/index.php\/product\/proface-pfxgm4301tad\/\" \/>\n<meta property=\"og:locale\" content=\"vi_VN\" \/>\n<meta property=\"og:type\" content=\"article\" \/>\n<meta property=\"og:title\" content=\"PROFACE PFXGM4301TAD - OMANI VI\u1ec6T NAM\" \/>\n<meta property=\"og:description\" content=\"PROFACE PFXGM4301TAD HMI\" \/>\n<meta property=\"og:url\" content=\"https:\/\/sipin.com.vn\/index.php\/product\/proface-pfxgm4301tad\/\" \/>\n<meta property=\"og:site_name\" content=\"OMANI VI\u1ec6T NAM\" \/>\n<meta property=\"article:modified_time\" content=\"2025-06-25T16:52:09+00:00\" \/>\n<meta property=\"og:image\" content=\"https:\/\/sipin.com.vn\/wp-content\/uploads\/2025\/06\/PFXGM4301TAD.png\" \/>\n\t<meta property=\"og:image:width\" content=\"1056\" \/>\n\t<meta property=\"og:image:height\" content=\"841\" \/>\n\t<meta property=\"og:image:type\" content=\"image\/png\" \/>\n<meta name=\"twitter:card\" content=\"summary_large_image\" \/>\n<meta name=\"twitter:label1\" content=\"\u01af\u1edbc t\u00ednh th\u1eddi gian \u0111\u1ecdc\" \/>\n\t<meta name=\"twitter:data1\" content=\"3 ph\u00fat\" \/>\n<script type=\"application\/ld+json\" class=\"yoast-schema-graph\">{\"@context\":\"https:\/\/schema.org\",\"@graph\":[{\"@type\":\"WebPage\",\"@id\":\"https:\/\/sipin.com.vn\/index.php\/product\/proface-pfxgm4301tad\/\",\"url\":\"https:\/\/sipin.com.vn\/index.php\/product\/proface-pfxgm4301tad\/\",\"name\":\"PROFACE PFXGM4301TAD - OMANI VI\u1ec6T NAM\",\"isPartOf\":{\"@id\":\"https:\/\/sipin.com.vn\/#website\"},\"primaryImageOfPage\":{\"@id\":\"https:\/\/sipin.com.vn\/index.php\/product\/proface-pfxgm4301tad\/#primaryimage\"},\"image\":{\"@id\":\"https:\/\/sipin.com.vn\/index.php\/product\/proface-pfxgm4301tad\/#primaryimage\"},\"thumbnailUrl\":\"https:\/\/sipin.com.vn\/wp-content\/uploads\/2025\/06\/PFXGM4301TAD.png\",\"datePublished\":\"2025-06-25T16:50:18+00:00\",\"dateModified\":\"2025-06-25T16:52:09+00:00\",\"description\":\"PROFACE PFXGM4301TAD HMI\",\"breadcrumb\":{\"@id\":\"https:\/\/sipin.com.vn\/index.php\/product\/proface-pfxgm4301tad\/#breadcrumb\"},\"inLanguage\":\"vi\",\"potentialAction\":[{\"@type\":\"ReadAction\",\"target\":[\"https:\/\/sipin.com.vn\/index.php\/product\/proface-pfxgm4301tad\/\"]}]},{\"@type\":\"ImageObject\",\"inLanguage\":\"vi\",\"@id\":\"https:\/\/sipin.com.vn\/index.php\/product\/proface-pfxgm4301tad\/#primaryimage\",\"url\":\"https:\/\/sipin.com.vn\/wp-content\/uploads\/2025\/06\/PFXGM4301TAD.png\",\"contentUrl\":\"https:\/\/sipin.com.vn\/wp-content\/uploads\/2025\/06\/PFXGM4301TAD.png\",\"width\":1056,\"height\":841},{\"@type\":\"BreadcrumbList\",\"@id\":\"https:\/\/sipin.com.vn\/index.php\/product\/proface-pfxgm4301tad\/#breadcrumb\",\"itemListElement\":[{\"@type\":\"ListItem\",\"position\":1,\"name\":\"Home\",\"item\":\"https:\/\/sipin.com.vn\/\"},{\"@type\":\"ListItem\",\"position\":2,\"name\":\"S\u1ea2N PH\u1ea8M\",\"item\":\"https:\/\/sipin.com.vn\/index.php\/cua-hang\/\"},{\"@type\":\"ListItem\",\"position\":3,\"name\":\"PROFACE PFXGM4301TAD\"}]},{\"@type\":\"WebSite\",\"@id\":\"https:\/\/sipin.com.vn\/#website\",\"url\":\"https:\/\/sipin.com.vn\/\",\"name\":\"OMANI VI\u1ec6T NAM\",\"description\":\"Nh\u00e0 ph\u00e2n ph\u1ed1i thi\u1ebft b\u1ecb kh\u00ed n\u00e9n v\u00e0 thi\u1ebft b\u1ecb t\u1ef1 \u0111\u1ed9ng h\u00f3a trong c\u00f4ng nghi\u1ec7p\",\"publisher\":{\"@id\":\"https:\/\/sipin.com.vn\/#\/schema\/person\/0ad398a980dc3fd696111c2c5c8fa897\"},\"potentialAction\":[{\"@type\":\"SearchAction\",\"target\":{\"@type\":\"EntryPoint\",\"urlTemplate\":\"https:\/\/sipin.com.vn\/?s={search_term_string}\"},\"query-input\":\"required name=search_term_string\"}],\"inLanguage\":\"vi\"},{\"@type\":[\"Person\",\"Organization\"],\"@id\":\"https:\/\/sipin.com.vn\/#\/schema\/person\/0ad398a980dc3fd696111c2c5c8fa897\",\"name\":\"Nguy\u1ec5n V\u0103n Kh\u00e1nh\",\"image\":{\"@type\":\"ImageObject\",\"inLanguage\":\"vi\",\"@id\":\"https:\/\/sipin.com.vn\/#\/schema\/person\/image\/\",\"url\":\"https:\/\/sipin.com.vn\/wp-content\/uploads\/2024\/06\/logo-1024x1024.png\",\"contentUrl\":\"https:\/\/sipin.com.vn\/wp-content\/uploads\/2024\/06\/logo-1024x1024.png\",\"width\":1024,\"height\":1024,\"caption\":\"Nguy\u1ec5n V\u0103n Kh\u00e1nh\"},\"logo\":{\"@id\":\"https:\/\/sipin.com.vn\/#\/schema\/person\/image\/\"},\"sameAs\":[\"https:\/\/sipin.com.vn\"]}]}<\/script>\n<!-- \/ Yoast SEO plugin. -->","yoast_head_json":{"title":"PROFACE PFXGM4301TAD - OMANI VI\u1ec6T NAM","description":"PROFACE PFXGM4301TAD HMI","robots":{"index":"index","follow":"follow","max-snippet":"max-snippet:-1","max-image-preview":"max-image-preview:large","max-video-preview":"max-video-preview:-1"},"canonical":"https:\/\/sipin.com.vn\/index.php\/product\/proface-pfxgm4301tad\/","og_locale":"vi_VN","og_type":"article","og_title":"PROFACE PFXGM4301TAD - OMANI VI\u1ec6T NAM","og_description":"PROFACE PFXGM4301TAD HMI","og_url":"https:\/\/sipin.com.vn\/index.php\/product\/proface-pfxgm4301tad\/","og_site_name":"OMANI VI\u1ec6T NAM","article_modified_time":"2025-06-25T16:52:09+00:00","og_image":[{"width":1056,"height":841,"url":"https:\/\/sipin.com.vn\/wp-content\/uploads\/2025\/06\/PFXGM4301TAD.png","type":"image\/png"}],"twitter_card":"summary_large_image","twitter_misc":{"\u01af\u1edbc t\u00ednh th\u1eddi gian \u0111\u1ecdc":"3 ph\u00fat"},"schema":{"@context":"https:\/\/schema.org","@graph":[{"@type":"WebPage","@id":"https:\/\/sipin.com.vn\/index.php\/product\/proface-pfxgm4301tad\/","url":"https:\/\/sipin.com.vn\/index.php\/product\/proface-pfxgm4301tad\/","name":"PROFACE PFXGM4301TAD - OMANI VI\u1ec6T NAM","isPartOf":{"@id":"https:\/\/sipin.com.vn\/#website"},"primaryImageOfPage":{"@id":"https:\/\/sipin.com.vn\/index.php\/product\/proface-pfxgm4301tad\/#primaryimage"},"image":{"@id":"https:\/\/sipin.com.vn\/index.php\/product\/proface-pfxgm4301tad\/#primaryimage"},"thumbnailUrl":"https:\/\/sipin.com.vn\/wp-content\/uploads\/2025\/06\/PFXGM4301TAD.png","datePublished":"2025-06-25T16:50:18+00:00","dateModified":"2025-06-25T16:52:09+00:00","description":"PROFACE PFXGM4301TAD HMI","breadcrumb":{"@id":"https:\/\/sipin.com.vn\/index.php\/product\/proface-pfxgm4301tad\/#breadcrumb"},"inLanguage":"vi","potentialAction":[{"@type":"ReadAction","target":["https:\/\/sipin.com.vn\/index.php\/product\/proface-pfxgm4301tad\/"]}]},{"@type":"ImageObject","inLanguage":"vi","@id":"https:\/\/sipin.com.vn\/index.php\/product\/proface-pfxgm4301tad\/#primaryimage","url":"https:\/\/sipin.com.vn\/wp-content\/uploads\/2025\/06\/PFXGM4301TAD.png","contentUrl":"https:\/\/sipin.com.vn\/wp-content\/uploads\/2025\/06\/PFXGM4301TAD.png","width":1056,"height":841},{"@type":"BreadcrumbList","@id":"https:\/\/sipin.com.vn\/index.php\/product\/proface-pfxgm4301tad\/#breadcrumb","itemListElement":[{"@type":"ListItem","position":1,"name":"Home","item":"https:\/\/sipin.com.vn\/"},{"@type":"ListItem","position":2,"name":"S\u1ea2N PH\u1ea8M","item":"https:\/\/sipin.com.vn\/index.php\/cua-hang\/"},{"@type":"ListItem","position":3,"name":"PROFACE PFXGM4301TAD"}]},{"@type":"WebSite","@id":"https:\/\/sipin.com.vn\/#website","url":"https:\/\/sipin.com.vn\/","name":"OMANI VI\u1ec6T NAM","description":"Nh\u00e0 ph\u00e2n ph\u1ed1i thi\u1ebft b\u1ecb kh\u00ed n\u00e9n v\u00e0 thi\u1ebft b\u1ecb t\u1ef1 \u0111\u1ed9ng h\u00f3a trong c\u00f4ng nghi\u1ec7p","publisher":{"@id":"https:\/\/sipin.com.vn\/#\/schema\/person\/0ad398a980dc3fd696111c2c5c8fa897"},"potentialAction":[{"@type":"SearchAction","target":{"@type":"EntryPoint","urlTemplate":"https:\/\/sipin.com.vn\/?s={search_term_string}"},"query-input":"required name=search_term_string"}],"inLanguage":"vi"},{"@type":["Person","Organization"],"@id":"https:\/\/sipin.com.vn\/#\/schema\/person\/0ad398a980dc3fd696111c2c5c8fa897","name":"Nguy\u1ec5n V\u0103n Kh\u00e1nh","image":{"@type":"ImageObject","inLanguage":"vi","@id":"https:\/\/sipin.com.vn\/#\/schema\/person\/image\/","url":"https:\/\/sipin.com.vn\/wp-content\/uploads\/2024\/06\/logo-1024x1024.png","contentUrl":"https:\/\/sipin.com.vn\/wp-content\/uploads\/2024\/06\/logo-1024x1024.png","width":1024,"height":1024,"caption":"Nguy\u1ec5n V\u0103n Kh\u00e1nh"},"logo":{"@id":"https:\/\/sipin.com.vn\/#\/schema\/person\/image\/"},"sameAs":["https:\/\/sipin.com.vn"]}]}},"_links":{"self":[{"href":"https:\/\/sipin.com.vn\/index.php\/wp-json\/wp\/v2\/product\/4065","targetHints":{"allow":["GET"]}}],"collection":[{"href":"https:\/\/sipin.com.vn\/index.php\/wp-json\/wp\/v2\/product"}],"about":[{"href":"https:\/\/sipin.com.vn\/index.php\/wp-json\/wp\/v2\/types\/product"}],"replies":[{"embeddable":true,"href":"https:\/\/sipin.com.vn\/index.php\/wp-json\/wp\/v2\/comments?post=4065"}],"wp:featuredmedia":[{"embeddable":true,"href":"https:\/\/sipin.com.vn\/index.php\/wp-json\/wp\/v2\/media\/4066"}],"wp:attachment":[{"href":"https:\/\/sipin.com.vn\/index.php\/wp-json\/wp\/v2\/media?parent=4065"}],"wp:term":[{"taxonomy":"product_cat","embeddable":true,"href":"https:\/\/sipin.com.vn\/index.php\/wp-json\/wp\/v2\/product_cat?post=4065"},{"taxonomy":"product_tag","embeddable":true,"href":"https:\/\/sipin.com.vn\/index.php\/wp-json\/wp\/v2\/product_tag?post=4065"}],"curies":[{"name":"wp","href":"https:\/\/api.w.org\/{rel}","templated":true}]}}