{"id":4039,"date":"2025-06-21T22:21:44","date_gmt":"2025-06-21T15:21:44","guid":{"rendered":"https:\/\/sipin.com.vn\/?post_type=product&#038;p=4039"},"modified":"2025-06-21T22:21:44","modified_gmt":"2025-06-21T15:21:44","slug":"fine-suntronix-esf300-24","status":"publish","type":"product","link":"https:\/\/sipin.com.vn\/index.php\/product\/fine-suntronix-esf300-24\/","title":{"rendered":"FINE SUNTRONIX ESF300-24"},"content":{"rendered":"<p>FINE SUNTRONIX ESF300-24<\/p>\n<p>FINE SUNTRONIX ESF300-12<\/p>\n<p><strong>T\u00ednh n\u0103ng s\u1ea3n ph\u1ea9m:<\/strong><br \/>\n&#8211; \u0110\u1ea7u v\u00e0o AC ph\u1ed5 qu\u00e1t \/ Ph\u1ea1m vi \u0111\u1ea7y \u0111\u1ee7<br \/>\n&#8211; PF&gt; 0,98 t\u1ea1i 115VAC PF&gt; 0,95 t\u1ea1i 230VAC<br \/>\n&#8211; C\u00f4ng su\u1ea5t tr\u00ean ch\u1ec9 b\u00e1o<br \/>\n&#8211; L\u00e0m m\u00e1t qu\u1ea1t<br \/>\n&#8211; B\u1ea3o v\u1ec7: Qu\u00e1 t\u1ea3i \/ M\u1ea1ch ng\u1eafn \/ Qu\u00e1 \u00e1p \/ Nhi\u1ec7t \u0111\u1ed9 qu\u00e1<br \/>\n100%<br \/>\n&#8211; B\u1ea3o h\u00e0nh m\u1ed9t n\u0103m<\/p>\n<p>K\u00edch th\u01b0\u1edbc (L \u00d7 W \u00d7 H): 215mm \u00d7 115mm \u00d7 50mm<br \/>\nPh\u00ea duy\u1ec7t: CE<\/p>\n<table border=\"1\" cellspacing=\"0\" cellpadding=\"0\">\n<tbody>\n<tr>\n<td colspan=\"2\" valign=\"top\" width=\"639\">\n<div><strong>Th\u00f4ng s\u1ed1 k\u1ef9 thu\u1eadt<\/strong><\/div>\n<\/td>\n<\/tr>\n<tr>\n<td valign=\"top\" width=\"269\">\n<div>AC \u0111i\u1ec7n \u00e1p \u0111\u1ea7u v\u00e0o<\/div>\n<\/td>\n<td valign=\"top\" width=\"370\">\n<div>88 ~ 264VAC, danh ngh\u0129a 100 ~ 240VAC<\/div>\n<\/td>\n<\/tr>\n<tr>\n<td valign=\"top\" width=\"269\">\n<div>T\u1ea7n s\u1ed1 \u0111\u1ea7u v\u00e0o<\/div>\n<\/td>\n<td valign=\"top\" width=\"370\">\n<div>47 ~ 63Hz<\/div>\n<\/td>\n<\/tr>\n<tr>\n<td valign=\"top\" width=\"269\">\n<div>Inrush hi\u1ec7n t\u1ea1i<\/div>\n<\/td>\n<td valign=\"top\" width=\"370\">\n<div>60A @ 230VAC \u0111\u1ea7y t\u1ea3i l\u1ea1nh kh\u1edfi \u0111\u1ed9ng<br \/>\n30A @ 110VAC \u0111\u1ea7y t\u1ea3i l\u1ea1nh kh\u1edfi \u0111\u1ed9ng<\/div>\n<\/td>\n<\/tr>\n<tr>\n<td valign=\"top\" width=\"269\">\n<div>gi\u1eef th\u1eddi gian<\/div>\n<\/td>\n<td valign=\"top\" width=\"370\">\n<div>20 mili gi\u00e2y<\/div>\n<\/td>\n<\/tr>\n<tr>\n<td valign=\"top\" width=\"269\">\n<div>B\u1ea3o v\u1ec7 qu\u00e1 d\u00f2ng<\/div>\n<\/td>\n<td valign=\"top\" width=\"370\">\n<div>105 ~ 150%<\/div>\n<\/td>\n<\/tr>\n<tr>\n<td valign=\"top\" width=\"269\">\n<div>Nhi\u1ec7t \u0111\u1ed9 l\u00e0m vi\u1ec7c<\/div>\n<\/td>\n<td valign=\"top\" width=\"370\">\n<div>0 \u0111\u1ebfn 40 \u00b0 C<\/div>\n<\/td>\n<\/tr>\n<tr>\n<td valign=\"top\" width=\"269\">\n<div>Ti\u00eau chu\u1ea9n an to\u00e0n<\/div>\n<\/td>\n<td valign=\"top\" width=\"370\">\n<div>UL60950-1<\/div>\n<\/td>\n<\/tr>\n<tr>\n<td valign=\"top\" width=\"269\">\n<div>Ti\u00eau chu\u1ea9n EMC<\/div>\n<\/td>\n<td valign=\"top\" width=\"370\">\n<div>EN55022 lo\u1ea1i B<br \/>\nEN61000-3-2,3<br \/>\nEN61000-4-2,3,4,5,6,8,11<\/div>\n<\/td>\n<\/tr>\n<tr>\n<td valign=\"top\" width=\"269\">\n<div>MTBF<\/div>\n<\/td>\n<td valign=\"top\" width=\"370\">\n<div>105 gi\u1edd \u1edf 25 \u00b0 C<\/div>\n<\/td>\n<\/tr>\n<tr>\n<td valign=\"top\" width=\"269\">\n<div>Ch\u1ecbu \u0111\u01b0\u1ee3c \u0111i\u1ec7n \u00e1p<\/div>\n<\/td>\n<td valign=\"top\" width=\"370\">\n<div>I \/ PO \/ P1.5KV, 1 ph\u00fat \/ 5mA<br \/>\nI \/ P-FG: 1.5KV, 1 ph\u00fat \/ 5mA<\/div>\n<\/td>\n<\/tr>\n<tr>\n<td valign=\"top\" width=\"269\">\n<div>C\u00e2n n\u1eb7ng<\/div>\n<\/td>\n<td valign=\"top\" width=\"370\">\n<div>1,1kg \/ c\u00e1i<\/div>\n<\/td>\n<\/tr>\n<\/tbody>\n<\/table>\n<p>&nbsp;<\/p>\n<div>M\u1ed9t s\u1ed1 d\u00f2ng b\u1ed9 ngu\u1ed3n FINE SUNTRONIX:<\/div>\n<div>\n<table style=\"height: 313px;\" border=\"1\" width=\"768\" cellspacing=\"0\" cellpadding=\"0\">\n<tbody>\n<tr>\n<td width=\"86\">\n<div align=\"center\"><strong>P \/ N<\/strong><\/div>\n<\/td>\n<td width=\"106\">\n<div align=\"center\"><strong>\u0110\u1ea7u ra<\/strong><\/div>\n<\/td>\n<td width=\"54\">\n<div align=\"center\"><strong>Tol.<\/strong><\/div>\n<\/td>\n<td width=\"66\">\n<div align=\"center\"><strong>R &amp; N<\/strong><\/div>\n<\/td>\n<td width=\"46\">\n<div align=\"center\"><strong>Effi.<\/strong><\/div>\n<\/td>\n<td width=\"121\">\n<div align=\"center\"><strong>Quy \u0111\u1ecbnh t\u1ea3i<\/strong><\/div>\n<\/td>\n<td width=\"111\">\n<div align=\"center\"><strong>Quy \u0111\u1ecbnh d\u00f2ng<\/strong><\/div>\n<\/td>\n<\/tr>\n<tr>\n<td width=\"86\">\n<div>ESF-300-5<\/div>\n<\/td>\n<td width=\"106\">\n<div>5V, 50A<\/div>\n<\/td>\n<td width=\"54\">\n<div align=\"center\">2%<\/div>\n<\/td>\n<td width=\"66\">\n<div align=\"center\">150mV<\/div>\n<\/td>\n<td width=\"46\">\n<div align=\"center\">75%<\/div>\n<\/td>\n<td width=\"121\">\n<div align=\"center\">2%<\/div>\n<\/td>\n<td width=\"111\">\n<div align=\"center\">2%<\/div>\n<\/td>\n<\/tr>\n<tr>\n<td width=\"86\">\n<div>ESF-300-12<\/div>\n<\/td>\n<td width=\"106\">\n<div>12V, 25A<\/div>\n<\/td>\n<td width=\"54\">\n<div align=\"center\">2%<\/div>\n<\/td>\n<td width=\"66\">\n<div align=\"center\">150mV<\/div>\n<\/td>\n<td width=\"46\">\n<div align=\"center\">79%<\/div>\n<\/td>\n<td width=\"121\">\n<div align=\"center\">1%<\/div>\n<\/td>\n<td width=\"111\">\n<div align=\"center\">1%<\/div>\n<\/td>\n<\/tr>\n<tr>\n<td width=\"86\">\n<div>ESF-300-24<\/div>\n<\/td>\n<td width=\"106\">\n<div>24V, 12.5A<\/div>\n<\/td>\n<td width=\"54\">\n<div align=\"center\">1%<\/div>\n<\/td>\n<td width=\"66\">\n<div align=\"center\">150mV<\/div>\n<\/td>\n<td width=\"46\">\n<div align=\"center\">83%<\/div>\n<\/td>\n<td width=\"121\">\n<div align=\"center\">1%<\/div>\n<\/td>\n<td width=\"111\">\n<div align=\"center\">1%<\/div>\n<\/td>\n<\/tr>\n<tr>\n<td width=\"86\">\n<div>ESF-300-48<\/div>\n<\/td>\n<td width=\"106\">\n<div>48V, 6.2A<\/div>\n<\/td>\n<td width=\"54\">\n<div align=\"center\">1%<\/div>\n<\/td>\n<td width=\"66\">\n<div align=\"center\">240mV<\/div>\n<\/td>\n<td width=\"46\">\n<div align=\"center\">85%<\/div>\n<\/td>\n<td width=\"121\">\n<div align=\"center\">1%<\/div>\n<\/td>\n<td width=\"111\">\n<div align=\"center\">1%<\/div>\n<\/td>\n<\/tr>\n<\/tbody>\n<\/table>\n<table border=\"0\" cellspacing=\"0\" cellpadding=\"0\">\n<tbody>\n<tr>\n<td width=\"131\" height=\"19\">VFS15-DD<\/td>\n<\/tr>\n<tr>\n<td height=\"19\">VSF100-24<\/td>\n<\/tr>\n<tr>\n<td height=\"19\">VSF150-24<\/td>\n<\/tr>\n<tr>\n<td height=\"19\">VSF15-EEW<\/td>\n<\/tr>\n<tr>\n<td height=\"19\">VSF220-12<\/td>\n<\/tr>\n<tr>\n<td height=\"19\">VSF220-24<\/td>\n<\/tr>\n<tr>\n<td height=\"19\">VSF300-24<\/td>\n<\/tr>\n<tr>\n<td height=\"19\">VSF30-24<\/td>\n<\/tr>\n<tr>\n<td height=\"19\">VSF400-24<\/td>\n<\/tr>\n<tr>\n<td height=\"19\">VSF50-05<\/td>\n<\/tr>\n<tr>\n<td height=\"19\">VSF50-24<\/td>\n<\/tr>\n<tr>\n<td height=\"19\">VSF50-DD<\/td>\n<\/tr>\n<tr>\n<td height=\"19\">VSF75-24<\/td>\n<\/tr>\n<tr>\n<td height=\"19\">VSF75-05<\/td>\n<\/tr>\n<tr>\n<td height=\"19\">VSF75-12<\/td>\n<\/tr>\n<tr>\n<td height=\"19\">VSF (LN) 75-24<\/td>\n<\/tr>\n<\/tbody>\n<\/table>\n<\/div>\n","protected":false},"excerpt":{"rendered":"<p>FINE SUNTRONIX ESF300-24 FINE SUNTRONIX ESF300-12 T\u00ednh n\u0103ng s\u1ea3n ph\u1ea9m: &#8211; \u0110\u1ea7u v\u00e0o AC ph\u1ed5 qu\u00e1t \/ Ph\u1ea1m vi \u0111\u1ea7y \u0111\u1ee7 &#8211; PF&gt; 0,98 t\u1ea1i 115VAC PF&gt; 0,95 t\u1ea1i 230VAC &#8211; C\u00f4ng su\u1ea5t tr\u00ean ch\u1ec9 b\u00e1o &#8211; L\u00e0m m\u00e1t qu\u1ea1t &#8211; B\u1ea3o v\u1ec7: Qu\u00e1 t\u1ea3i \/ M\u1ea1ch ng\u1eafn \/ Qu\u00e1&hellip; <\/p>\n","protected":false},"featured_media":4040,"comment_status":"open","ping_status":"closed","template":"","meta":{"om_disable_all_campaigns":false,"_monsterinsights_skip_tracking":false,"_monsterinsights_sitenote_active":false,"_monsterinsights_sitenote_note":"","_monsterinsights_sitenote_category":0},"product_cat":[817],"product_tag":[221,218,217],"class_list":{"0":"post-4039","1":"product","2":"type-product","3":"status-publish","4":"has-post-thumbnail","6":"product_cat-fine-suntronix","7":"product_tag-bo-nguon","8":"product_tag-dai-ly-fine-suntronix-viet-nam","9":"product_tag-fine-suntronix-viet-nam","11":"first","12":"instock","13":"shipping-taxable","14":"product-type-simple"},"aioseo_notices":[],"yoast_head":"<!-- This site is optimized with the Yoast SEO plugin v22.8 - https:\/\/yoast.com\/wordpress\/plugins\/seo\/ -->\n<title>FINE SUNTRONIX ESF300-24 - OMANI VI\u1ec6T NAM<\/title>\n<meta name=\"description\" content=\"FINE SUNTRONIX ESF300-24 Power Supply\" \/>\n<meta name=\"robots\" content=\"index, follow, max-snippet:-1, max-image-preview:large, max-video-preview:-1\" \/>\n<link rel=\"canonical\" href=\"https:\/\/sipin.com.vn\/index.php\/product\/fine-suntronix-esf300-24\/\" \/>\n<meta property=\"og:locale\" content=\"vi_VN\" \/>\n<meta property=\"og:type\" content=\"article\" \/>\n<meta property=\"og:title\" content=\"FINE SUNTRONIX ESF300-24 - OMANI VI\u1ec6T NAM\" \/>\n<meta property=\"og:description\" content=\"FINE SUNTRONIX ESF300-24 Power Supply\" \/>\n<meta property=\"og:url\" content=\"https:\/\/sipin.com.vn\/index.php\/product\/fine-suntronix-esf300-24\/\" \/>\n<meta property=\"og:site_name\" content=\"OMANI VI\u1ec6T NAM\" \/>\n<meta property=\"og:image\" content=\"https:\/\/sipin.com.vn\/wp-content\/uploads\/2025\/06\/ESF300-24.png\" \/>\n\t<meta property=\"og:image:width\" content=\"779\" \/>\n\t<meta property=\"og:image:height\" content=\"769\" \/>\n\t<meta property=\"og:image:type\" content=\"image\/png\" \/>\n<meta name=\"twitter:card\" content=\"summary_large_image\" \/>\n<meta name=\"twitter:label1\" content=\"\u01af\u1edbc t\u00ednh th\u1eddi gian \u0111\u1ecdc\" \/>\n\t<meta name=\"twitter:data1\" content=\"2 ph\u00fat\" \/>\n<script type=\"application\/ld+json\" class=\"yoast-schema-graph\">{\"@context\":\"https:\/\/schema.org\",\"@graph\":[{\"@type\":\"WebPage\",\"@id\":\"https:\/\/sipin.com.vn\/index.php\/product\/fine-suntronix-esf300-24\/\",\"url\":\"https:\/\/sipin.com.vn\/index.php\/product\/fine-suntronix-esf300-24\/\",\"name\":\"FINE SUNTRONIX ESF300-24 - OMANI VI\u1ec6T NAM\",\"isPartOf\":{\"@id\":\"https:\/\/sipin.com.vn\/#website\"},\"primaryImageOfPage\":{\"@id\":\"https:\/\/sipin.com.vn\/index.php\/product\/fine-suntronix-esf300-24\/#primaryimage\"},\"image\":{\"@id\":\"https:\/\/sipin.com.vn\/index.php\/product\/fine-suntronix-esf300-24\/#primaryimage\"},\"thumbnailUrl\":\"https:\/\/sipin.com.vn\/wp-content\/uploads\/2025\/06\/ESF300-24.png\",\"datePublished\":\"2025-06-21T15:21:44+00:00\",\"dateModified\":\"2025-06-21T15:21:44+00:00\",\"description\":\"FINE SUNTRONIX ESF300-24 Power Supply\",\"breadcrumb\":{\"@id\":\"https:\/\/sipin.com.vn\/index.php\/product\/fine-suntronix-esf300-24\/#breadcrumb\"},\"inLanguage\":\"vi\",\"potentialAction\":[{\"@type\":\"ReadAction\",\"target\":[\"https:\/\/sipin.com.vn\/index.php\/product\/fine-suntronix-esf300-24\/\"]}]},{\"@type\":\"ImageObject\",\"inLanguage\":\"vi\",\"@id\":\"https:\/\/sipin.com.vn\/index.php\/product\/fine-suntronix-esf300-24\/#primaryimage\",\"url\":\"https:\/\/sipin.com.vn\/wp-content\/uploads\/2025\/06\/ESF300-24.png\",\"contentUrl\":\"https:\/\/sipin.com.vn\/wp-content\/uploads\/2025\/06\/ESF300-24.png\",\"width\":779,\"height\":769},{\"@type\":\"BreadcrumbList\",\"@id\":\"https:\/\/sipin.com.vn\/index.php\/product\/fine-suntronix-esf300-24\/#breadcrumb\",\"itemListElement\":[{\"@type\":\"ListItem\",\"position\":1,\"name\":\"Home\",\"item\":\"https:\/\/sipin.com.vn\/\"},{\"@type\":\"ListItem\",\"position\":2,\"name\":\"S\u1ea2N PH\u1ea8M\",\"item\":\"https:\/\/sipin.com.vn\/index.php\/cua-hang\/\"},{\"@type\":\"ListItem\",\"position\":3,\"name\":\"FINE SUNTRONIX ESF300-24\"}]},{\"@type\":\"WebSite\",\"@id\":\"https:\/\/sipin.com.vn\/#website\",\"url\":\"https:\/\/sipin.com.vn\/\",\"name\":\"OMANI VI\u1ec6T NAM\",\"description\":\"Nh\u00e0 ph\u00e2n ph\u1ed1i thi\u1ebft b\u1ecb kh\u00ed n\u00e9n v\u00e0 thi\u1ebft b\u1ecb t\u1ef1 \u0111\u1ed9ng h\u00f3a trong c\u00f4ng nghi\u1ec7p\",\"publisher\":{\"@id\":\"https:\/\/sipin.com.vn\/#\/schema\/person\/0ad398a980dc3fd696111c2c5c8fa897\"},\"potentialAction\":[{\"@type\":\"SearchAction\",\"target\":{\"@type\":\"EntryPoint\",\"urlTemplate\":\"https:\/\/sipin.com.vn\/?s={search_term_string}\"},\"query-input\":\"required name=search_term_string\"}],\"inLanguage\":\"vi\"},{\"@type\":[\"Person\",\"Organization\"],\"@id\":\"https:\/\/sipin.com.vn\/#\/schema\/person\/0ad398a980dc3fd696111c2c5c8fa897\",\"name\":\"Nguy\u1ec5n V\u0103n Kh\u00e1nh\",\"image\":{\"@type\":\"ImageObject\",\"inLanguage\":\"vi\",\"@id\":\"https:\/\/sipin.com.vn\/#\/schema\/person\/image\/\",\"url\":\"https:\/\/sipin.com.vn\/wp-content\/uploads\/2024\/06\/logo-1024x1024.png\",\"contentUrl\":\"https:\/\/sipin.com.vn\/wp-content\/uploads\/2024\/06\/logo-1024x1024.png\",\"width\":1024,\"height\":1024,\"caption\":\"Nguy\u1ec5n V\u0103n Kh\u00e1nh\"},\"logo\":{\"@id\":\"https:\/\/sipin.com.vn\/#\/schema\/person\/image\/\"},\"sameAs\":[\"https:\/\/sipin.com.vn\"]}]}<\/script>\n<!-- \/ Yoast SEO plugin. -->","yoast_head_json":{"title":"FINE SUNTRONIX ESF300-24 - OMANI VI\u1ec6T NAM","description":"FINE SUNTRONIX ESF300-24 Power Supply","robots":{"index":"index","follow":"follow","max-snippet":"max-snippet:-1","max-image-preview":"max-image-preview:large","max-video-preview":"max-video-preview:-1"},"canonical":"https:\/\/sipin.com.vn\/index.php\/product\/fine-suntronix-esf300-24\/","og_locale":"vi_VN","og_type":"article","og_title":"FINE SUNTRONIX ESF300-24 - OMANI VI\u1ec6T NAM","og_description":"FINE SUNTRONIX ESF300-24 Power Supply","og_url":"https:\/\/sipin.com.vn\/index.php\/product\/fine-suntronix-esf300-24\/","og_site_name":"OMANI VI\u1ec6T NAM","og_image":[{"width":779,"height":769,"url":"https:\/\/sipin.com.vn\/wp-content\/uploads\/2025\/06\/ESF300-24.png","type":"image\/png"}],"twitter_card":"summary_large_image","twitter_misc":{"\u01af\u1edbc t\u00ednh th\u1eddi gian \u0111\u1ecdc":"2 ph\u00fat"},"schema":{"@context":"https:\/\/schema.org","@graph":[{"@type":"WebPage","@id":"https:\/\/sipin.com.vn\/index.php\/product\/fine-suntronix-esf300-24\/","url":"https:\/\/sipin.com.vn\/index.php\/product\/fine-suntronix-esf300-24\/","name":"FINE SUNTRONIX ESF300-24 - OMANI VI\u1ec6T NAM","isPartOf":{"@id":"https:\/\/sipin.com.vn\/#website"},"primaryImageOfPage":{"@id":"https:\/\/sipin.com.vn\/index.php\/product\/fine-suntronix-esf300-24\/#primaryimage"},"image":{"@id":"https:\/\/sipin.com.vn\/index.php\/product\/fine-suntronix-esf300-24\/#primaryimage"},"thumbnailUrl":"https:\/\/sipin.com.vn\/wp-content\/uploads\/2025\/06\/ESF300-24.png","datePublished":"2025-06-21T15:21:44+00:00","dateModified":"2025-06-21T15:21:44+00:00","description":"FINE SUNTRONIX ESF300-24 Power Supply","breadcrumb":{"@id":"https:\/\/sipin.com.vn\/index.php\/product\/fine-suntronix-esf300-24\/#breadcrumb"},"inLanguage":"vi","potentialAction":[{"@type":"ReadAction","target":["https:\/\/sipin.com.vn\/index.php\/product\/fine-suntronix-esf300-24\/"]}]},{"@type":"ImageObject","inLanguage":"vi","@id":"https:\/\/sipin.com.vn\/index.php\/product\/fine-suntronix-esf300-24\/#primaryimage","url":"https:\/\/sipin.com.vn\/wp-content\/uploads\/2025\/06\/ESF300-24.png","contentUrl":"https:\/\/sipin.com.vn\/wp-content\/uploads\/2025\/06\/ESF300-24.png","width":779,"height":769},{"@type":"BreadcrumbList","@id":"https:\/\/sipin.com.vn\/index.php\/product\/fine-suntronix-esf300-24\/#breadcrumb","itemListElement":[{"@type":"ListItem","position":1,"name":"Home","item":"https:\/\/sipin.com.vn\/"},{"@type":"ListItem","position":2,"name":"S\u1ea2N PH\u1ea8M","item":"https:\/\/sipin.com.vn\/index.php\/cua-hang\/"},{"@type":"ListItem","position":3,"name":"FINE SUNTRONIX ESF300-24"}]},{"@type":"WebSite","@id":"https:\/\/sipin.com.vn\/#website","url":"https:\/\/sipin.com.vn\/","name":"OMANI VI\u1ec6T NAM","description":"Nh\u00e0 ph\u00e2n ph\u1ed1i thi\u1ebft b\u1ecb kh\u00ed n\u00e9n v\u00e0 thi\u1ebft b\u1ecb t\u1ef1 \u0111\u1ed9ng h\u00f3a trong c\u00f4ng nghi\u1ec7p","publisher":{"@id":"https:\/\/sipin.com.vn\/#\/schema\/person\/0ad398a980dc3fd696111c2c5c8fa897"},"potentialAction":[{"@type":"SearchAction","target":{"@type":"EntryPoint","urlTemplate":"https:\/\/sipin.com.vn\/?s={search_term_string}"},"query-input":"required name=search_term_string"}],"inLanguage":"vi"},{"@type":["Person","Organization"],"@id":"https:\/\/sipin.com.vn\/#\/schema\/person\/0ad398a980dc3fd696111c2c5c8fa897","name":"Nguy\u1ec5n V\u0103n Kh\u00e1nh","image":{"@type":"ImageObject","inLanguage":"vi","@id":"https:\/\/sipin.com.vn\/#\/schema\/person\/image\/","url":"https:\/\/sipin.com.vn\/wp-content\/uploads\/2024\/06\/logo-1024x1024.png","contentUrl":"https:\/\/sipin.com.vn\/wp-content\/uploads\/2024\/06\/logo-1024x1024.png","width":1024,"height":1024,"caption":"Nguy\u1ec5n V\u0103n Kh\u00e1nh"},"logo":{"@id":"https:\/\/sipin.com.vn\/#\/schema\/person\/image\/"},"sameAs":["https:\/\/sipin.com.vn"]}]}},"_links":{"self":[{"href":"https:\/\/sipin.com.vn\/index.php\/wp-json\/wp\/v2\/product\/4039","targetHints":{"allow":["GET"]}}],"collection":[{"href":"https:\/\/sipin.com.vn\/index.php\/wp-json\/wp\/v2\/product"}],"about":[{"href":"https:\/\/sipin.com.vn\/index.php\/wp-json\/wp\/v2\/types\/product"}],"replies":[{"embeddable":true,"href":"https:\/\/sipin.com.vn\/index.php\/wp-json\/wp\/v2\/comments?post=4039"}],"wp:featuredmedia":[{"embeddable":true,"href":"https:\/\/sipin.com.vn\/index.php\/wp-json\/wp\/v2\/media\/4040"}],"wp:attachment":[{"href":"https:\/\/sipin.com.vn\/index.php\/wp-json\/wp\/v2\/media?parent=4039"}],"wp:term":[{"taxonomy":"product_cat","embeddable":true,"href":"https:\/\/sipin.com.vn\/index.php\/wp-json\/wp\/v2\/product_cat?post=4039"},{"taxonomy":"product_tag","embeddable":true,"href":"https:\/\/sipin.com.vn\/index.php\/wp-json\/wp\/v2\/product_tag?post=4039"}],"curies":[{"name":"wp","href":"https:\/\/api.w.org\/{rel}","templated":true}]}}