{"id":4029,"date":"2025-06-20T23:14:09","date_gmt":"2025-06-20T16:14:09","guid":{"rendered":"https:\/\/sipin.com.vn\/?post_type=product&#038;p=4029"},"modified":"2025-06-20T23:14:09","modified_gmt":"2025-06-20T16:14:09","slug":"orion-ad-5-g7","status":"publish","type":"product","link":"https:\/\/sipin.com.vn\/index.php\/product\/orion-ad-5-g7\/","title":{"rendered":"ORION AD-5-G7"},"content":{"rendered":"<p>RION AD-5-G7<\/p>\n<p>Auto Drain Trap ORION AD-5 | AD-5-G1 | AD-5-G7<\/p>\n<h2><strong>Nguy\u00ean l\u00fd ho\u1ea1t \u0111\u1ed9ng c\u1ee7a van x\u1ea3 n\u01b0\u1edbc t\u1ef1 \u0111\u1ed9ng ORION AD5<\/strong><\/h2>\n<p>Van ho\u1ea1t \u0111\u1ed9ng tr\u00ean nguy\u00ean l\u00fd d\u1ea1ng \u0111\u0129a (Disc operated). \u0110\u00e2y l\u00e0 nguy\u00ean l\u00fd x\u1ea3 n\u01b0\u1edbc \u0111\u1eb7c bi\u1ec7t v\u00e0 kh\u00e1c so v\u1edbi nh\u1eefng van x\u1ea3 n\u01b0\u1edbc\u00a0 c\u00f2n l\u1ea1i l\u00e0 d\u1ea1ng phao c\u01a1 v\u00e0 van \u0111i\u1ec7n.<\/p>\n<p>Van c\u00f3 l\u01b0u l\u01b0\u1ee3ng x\u1ea3 l\u1edbn. Ph\u00f9 h\u1ee3p cho nh\u1eefng v\u1ecb tr\u00ed \u0111\u00f2i h\u1ecfi van x\u1ea3 kh\u1eaft khe nh\u01b0 sau m\u00e1y s\u1ea5y. \u0110\u00e1y b\u00ecnh t\u00edch \u00e1p.<\/p>\n<p>\u0110i\u1ec3m \u0111\u1ed9c \u0111\u00e1o v\u1ec1 thi\u1ebft k\u1ebf gi\u00fap van ho\u1ea1t \u0111\u1ed9ng b\u1ec1n b\u1ec9 h\u1ea1n ch\u1ebf t\u1eafc c\u1eb7n b\u1ea9n h\u01a1n hai nguy\u00ean l\u00fd x\u1ea3 c\u00f2n l\u1ea1i. N\u00ean van th\u01b0\u1eddng \u0111\u01b0\u1ee3c d\u00f9ng trong nh\u1eefng h\u1ec7 th\u1ed1ng x\u1eed l\u00fd kh\u00ed n\u00e9n quan tr\u1ecdng v\u00e0 hi\u1ec7n \u0111\u1ea1i.<\/p>\n<p>Nh\u01b0\u1ee3c \u0111i\u1ec3m duy nh\u1ea5t c\u1ee7a d\u00f2ng van n\u00e0y l\u00e0 n\u00f3 ph\u00e1t ra ti\u1ebfng \u1ed3n nh\u1ecf c\u1ee7a \u0111\u1ed3ng xu b\u1eadt, n\u1ea9y khi trong khi ho\u1ea1t \u0111\u1ed9ng v\u00e0 chi ph\u00ed \u0111\u1eaft. B\u1ea1n c\u0169ng c\u00f3 th\u1ec3 t\u00ecm \u0111\u1ebfn Van x\u1ea3 n\u01b0\u1edbc c\u00f9ng nguy\u00ean l\u00fd nh\u01b0 PA68,Wellair xu\u1ea5t x\u1ee9 Trung Qu\u1ed1c v\u1edbi \u0111\u1ed9 c\u1ee9ng c\u00e1p cao t\u1eeb nh\u00f4m \u0111\u00fac nguy\u00ean kh\u1ed1i, c\u00f3 gi\u00e1 th\u00e0nh r\u1ebb ho\u1eb7c li\u00ean h\u1ec7 ch\u00fang t\u00f4i \u0111\u1ec3 l\u1ef1a ch\u1ecdn s\u1ea3n ph\u1ea9m ph\u00f9 h\u1ee3p v\u1edbi chi ph\u00ed th\u1ea5p nh\u1ea5t.<\/p>\n<p>Van AD-5 c\u0169ng c\u1ea7n \u0111\u01b0\u1ee3c b\u1ea3o d\u01b0\u1ee1ng \u0111\u1ecbnh k\u00ec, v\u1ec7 sinh l\u01b0\u1edbi l\u1ecdc, thay KIt Oring sau khi \u0111\u1ed3ng xu b\u1ecb m\u00f2n.<\/p>\n<h2><strong>TH\u00d4NG S\u1ed0 K\u1ef8 THU\u1eacT VAN X\u1ea2 N\u01af\u1edaC ORION AD5<\/strong><\/h2>\n<ul>\n<li>Model: AD-5<\/li>\n<li>H\u00e3ng s\u1ea3n xu\u1ea5t: ORION<\/li>\n<li>Xu\u1ea5t x\u1ee9: Nh\u1eadt B\u1ea3n<\/li>\n<li>L\u01b0u l\u01b0\u1ee3ng t\u1ed1i \u0111a: 450 l\u00edt\/ph\u00fat<\/li>\n<li>\u00c1p su\u1ea5t l\u00e0m vi\u1ec7c: 0.29 \u0111\u1ebfn 0.98 Mpa (3 \u0334 9.9 kgf\/cm2) (42,7 \u0334 140.8 psi)<\/li>\n<li>Nhi\u1ec7t \u0111\u1ed9 l\u00e0m vi\u1ec7c: 0 &#8211; 60 oC t\u01b0\u01a1ng \u1ee9ng (36-140 oF)<\/li>\n<li>K\u1ebft n\u1ed1i ren v\u00e0o-ra: 1\/2&#8221; (21mm)<\/li>\n<li>\u0110\u01b0\u1eddng k\u00ednh c\u1ee7a van c\u1ed5ng ch\u00ednh: 3.5mm (0.38&#8221;)<\/li>\n<li>K\u00edch th\u01b0\u1edbc: OD86 x L198 (mm)<\/li>\n<li>Tr\u1ecdng l\u01b0\u1ee3ng: 1.7 (kg)<\/li>\n<\/ul>\n<p>Van x\u1ea3 t\u1ef1 \u0111\u1ed9ng AD-5 thi\u1ebft k\u1ebf nh\u1ecf g\u1ecdn, tro\u0323ng l\u01b0\u01a1\u0323ng nhe\u0323, kh\u00f4ng chi\u00ea\u0301m nhi\u00ea\u0300u di\u00ea\u0323n ti\u0301ch, d\u1ec5 d\u00e0ng cho vi\u1ec7c s\u1eed d\u1ee5ng<br \/>\nSa\u0309n ph\u00e2\u0309m \u0111\u01b0\u01a1\u0323c la\u0300m b\u0103\u0300ng ch\u1ea5t li\u1ec7u c\u01b0\u0301ng ca\u0301p r\u00e2\u0301t b\u00ea\u0300n bi\u0309 ta\u0323o s\u01b0\u0323 ch\u0103\u0301c ch\u0103\u0301n va\u0300 co\u0301 \u0111\u00f4\u0323 b\u00ea\u0300n cao, tra\u0301nh cong v\u00eanh, kh\u00f4ng d\u00ea\u0303 bi\u0323 h\u01b0 ho\u0309ng nh\u01b0 ca\u0301c loa\u0323i th\u01b0\u1eddng. Van c\u00f3 \u0111\u1ed9 b\u1ec1n cao, \u00edt h\u01b0 h\u1ecfng, k\u00eanh hay k\u1eb9t van. Nguy\u00ean l\u00fd ho\u1ea1t \u0111\u1ed9ng \u0111\u1eb7c bi\u1ec7t, d\u1ef1a tr\u00ean nguy\u00ean l\u00fd d\u1ea1ng \u0111\u0129a t\u00ednh ch\u1ea5t ho\u1ea1t \u0111\u1ed9ng \u1ed5n \u0111\u1ecbnh.<br \/>\nVan x\u1ea3 Orion \u0111a\u0303 qua ki\u00ea\u0309m \u0111i\u0323nh nghi\u00eam ng\u0103\u0323t \u0111a\u0301p \u01b0\u0301ng \u0111\u01b0\u01a1\u0323c nh\u01b0\u0303ng y\u00eau c\u00e2\u0300u v\u00ea\u0300 m\u00e2\u0303u ma\u0303, ch\u00e2\u0301t l\u01b0\u01a1\u0323ng cu\u0303ng nh\u01b0 \u0111a\u0309m ba\u0309o s\u01b0\u0323 gia\u0301 ca\u0309 pha\u0309i ch\u0103ng phu\u0300 h\u01a1\u0323p v\u01a1\u0301i tu\u0301i ti\u00ea\u0300n ng\u01b0\u01a1\u0300i s\u01b0\u0309 du\u0323ng.<\/p>\n","protected":false},"excerpt":{"rendered":"<p>RION AD-5-G7 Auto Drain Trap ORION AD-5 | AD-5-G1 | AD-5-G7 Nguy\u00ean l\u00fd ho\u1ea1t \u0111\u1ed9ng c\u1ee7a van x\u1ea3 n\u01b0\u1edbc t\u1ef1 \u0111\u1ed9ng ORION AD5 Van ho\u1ea1t \u0111\u1ed9ng tr\u00ean nguy\u00ean l\u00fd d\u1ea1ng \u0111\u0129a (Disc operated). \u0110\u00e2y l\u00e0 nguy\u00ean l\u00fd x\u1ea3 n\u01b0\u1edbc \u0111\u1eb7c bi\u1ec7t v\u00e0 kh\u00e1c so v\u1edbi nh\u1eefng van x\u1ea3 n\u01b0\u1edbc\u00a0 c\u00f2n&hellip; <\/p>\n","protected":false},"featured_media":4030,"comment_status":"open","ping_status":"closed","template":"","meta":{"om_disable_all_campaigns":false,"_monsterinsights_skip_tracking":false,"_monsterinsights_sitenote_active":false,"_monsterinsights_sitenote_note":"","_monsterinsights_sitenote_category":0},"product_cat":[816],"product_tag":[610,609,431],"class_list":{"0":"post-4029","1":"product","2":"type-product","3":"status-publish","4":"has-post-thumbnail","6":"product_cat-orion","7":"product_tag-dai-ly-orion-viet-nam","8":"product_tag-orion-viet-nam","9":"product_tag-van-xa","11":"first","12":"instock","13":"shipping-taxable","14":"product-type-simple"},"aioseo_notices":[],"yoast_head":"<!-- This site is optimized with the Yoast SEO plugin v22.8 - https:\/\/yoast.com\/wordpress\/plugins\/seo\/ -->\n<title>ORION AD-5-G7 - OMANI VI\u1ec6T NAM<\/title>\n<meta name=\"description\" content=\"ORION AD-5-G7 Drain Trap\" \/>\n<meta name=\"robots\" content=\"index, follow, max-snippet:-1, max-image-preview:large, max-video-preview:-1\" \/>\n<link rel=\"canonical\" href=\"https:\/\/sipin.com.vn\/index.php\/product\/orion-ad-5-g7\/\" \/>\n<meta property=\"og:locale\" content=\"vi_VN\" \/>\n<meta property=\"og:type\" content=\"article\" \/>\n<meta property=\"og:title\" content=\"ORION AD-5-G7 - OMANI VI\u1ec6T NAM\" \/>\n<meta property=\"og:description\" content=\"ORION AD-5-G7 Drain Trap\" \/>\n<meta property=\"og:url\" content=\"https:\/\/sipin.com.vn\/index.php\/product\/orion-ad-5-g7\/\" \/>\n<meta property=\"og:site_name\" content=\"OMANI VI\u1ec6T NAM\" \/>\n<meta property=\"og:image\" content=\"https:\/\/sipin.com.vn\/wp-content\/uploads\/2025\/06\/AD-5-G7.png\" \/>\n\t<meta property=\"og:image:width\" content=\"791\" \/>\n\t<meta property=\"og:image:height\" content=\"795\" \/>\n\t<meta property=\"og:image:type\" content=\"image\/png\" \/>\n<meta name=\"twitter:card\" content=\"summary_large_image\" \/>\n<meta name=\"twitter:label1\" content=\"\u01af\u1edbc t\u00ednh th\u1eddi gian \u0111\u1ecdc\" \/>\n\t<meta name=\"twitter:data1\" content=\"3 ph\u00fat\" \/>\n<script type=\"application\/ld+json\" class=\"yoast-schema-graph\">{\"@context\":\"https:\/\/schema.org\",\"@graph\":[{\"@type\":\"WebPage\",\"@id\":\"https:\/\/sipin.com.vn\/index.php\/product\/orion-ad-5-g7\/\",\"url\":\"https:\/\/sipin.com.vn\/index.php\/product\/orion-ad-5-g7\/\",\"name\":\"ORION AD-5-G7 - OMANI VI\u1ec6T NAM\",\"isPartOf\":{\"@id\":\"https:\/\/sipin.com.vn\/#website\"},\"primaryImageOfPage\":{\"@id\":\"https:\/\/sipin.com.vn\/index.php\/product\/orion-ad-5-g7\/#primaryimage\"},\"image\":{\"@id\":\"https:\/\/sipin.com.vn\/index.php\/product\/orion-ad-5-g7\/#primaryimage\"},\"thumbnailUrl\":\"https:\/\/sipin.com.vn\/wp-content\/uploads\/2025\/06\/AD-5-G7.png\",\"datePublished\":\"2025-06-20T16:14:09+00:00\",\"dateModified\":\"2025-06-20T16:14:09+00:00\",\"description\":\"ORION AD-5-G7 Drain Trap\",\"breadcrumb\":{\"@id\":\"https:\/\/sipin.com.vn\/index.php\/product\/orion-ad-5-g7\/#breadcrumb\"},\"inLanguage\":\"vi\",\"potentialAction\":[{\"@type\":\"ReadAction\",\"target\":[\"https:\/\/sipin.com.vn\/index.php\/product\/orion-ad-5-g7\/\"]}]},{\"@type\":\"ImageObject\",\"inLanguage\":\"vi\",\"@id\":\"https:\/\/sipin.com.vn\/index.php\/product\/orion-ad-5-g7\/#primaryimage\",\"url\":\"https:\/\/sipin.com.vn\/wp-content\/uploads\/2025\/06\/AD-5-G7.png\",\"contentUrl\":\"https:\/\/sipin.com.vn\/wp-content\/uploads\/2025\/06\/AD-5-G7.png\",\"width\":791,\"height\":795},{\"@type\":\"BreadcrumbList\",\"@id\":\"https:\/\/sipin.com.vn\/index.php\/product\/orion-ad-5-g7\/#breadcrumb\",\"itemListElement\":[{\"@type\":\"ListItem\",\"position\":1,\"name\":\"Home\",\"item\":\"https:\/\/sipin.com.vn\/\"},{\"@type\":\"ListItem\",\"position\":2,\"name\":\"S\u1ea2N PH\u1ea8M\",\"item\":\"https:\/\/sipin.com.vn\/index.php\/cua-hang\/\"},{\"@type\":\"ListItem\",\"position\":3,\"name\":\"ORION AD-5-G7\"}]},{\"@type\":\"WebSite\",\"@id\":\"https:\/\/sipin.com.vn\/#website\",\"url\":\"https:\/\/sipin.com.vn\/\",\"name\":\"OMANI VI\u1ec6T NAM\",\"description\":\"Nh\u00e0 ph\u00e2n ph\u1ed1i thi\u1ebft b\u1ecb kh\u00ed n\u00e9n v\u00e0 thi\u1ebft b\u1ecb t\u1ef1 \u0111\u1ed9ng h\u00f3a trong c\u00f4ng nghi\u1ec7p\",\"publisher\":{\"@id\":\"https:\/\/sipin.com.vn\/#\/schema\/person\/0ad398a980dc3fd696111c2c5c8fa897\"},\"potentialAction\":[{\"@type\":\"SearchAction\",\"target\":{\"@type\":\"EntryPoint\",\"urlTemplate\":\"https:\/\/sipin.com.vn\/?s={search_term_string}\"},\"query-input\":\"required name=search_term_string\"}],\"inLanguage\":\"vi\"},{\"@type\":[\"Person\",\"Organization\"],\"@id\":\"https:\/\/sipin.com.vn\/#\/schema\/person\/0ad398a980dc3fd696111c2c5c8fa897\",\"name\":\"Nguy\u1ec5n V\u0103n Kh\u00e1nh\",\"image\":{\"@type\":\"ImageObject\",\"inLanguage\":\"vi\",\"@id\":\"https:\/\/sipin.com.vn\/#\/schema\/person\/image\/\",\"url\":\"https:\/\/sipin.com.vn\/wp-content\/uploads\/2024\/06\/logo-1024x1024.png\",\"contentUrl\":\"https:\/\/sipin.com.vn\/wp-content\/uploads\/2024\/06\/logo-1024x1024.png\",\"width\":1024,\"height\":1024,\"caption\":\"Nguy\u1ec5n V\u0103n Kh\u00e1nh\"},\"logo\":{\"@id\":\"https:\/\/sipin.com.vn\/#\/schema\/person\/image\/\"},\"sameAs\":[\"https:\/\/sipin.com.vn\"]}]}<\/script>\n<!-- \/ Yoast SEO plugin. -->","yoast_head_json":{"title":"ORION AD-5-G7 - OMANI VI\u1ec6T NAM","description":"ORION AD-5-G7 Drain Trap","robots":{"index":"index","follow":"follow","max-snippet":"max-snippet:-1","max-image-preview":"max-image-preview:large","max-video-preview":"max-video-preview:-1"},"canonical":"https:\/\/sipin.com.vn\/index.php\/product\/orion-ad-5-g7\/","og_locale":"vi_VN","og_type":"article","og_title":"ORION AD-5-G7 - OMANI VI\u1ec6T NAM","og_description":"ORION AD-5-G7 Drain Trap","og_url":"https:\/\/sipin.com.vn\/index.php\/product\/orion-ad-5-g7\/","og_site_name":"OMANI VI\u1ec6T NAM","og_image":[{"width":791,"height":795,"url":"https:\/\/sipin.com.vn\/wp-content\/uploads\/2025\/06\/AD-5-G7.png","type":"image\/png"}],"twitter_card":"summary_large_image","twitter_misc":{"\u01af\u1edbc t\u00ednh th\u1eddi gian \u0111\u1ecdc":"3 ph\u00fat"},"schema":{"@context":"https:\/\/schema.org","@graph":[{"@type":"WebPage","@id":"https:\/\/sipin.com.vn\/index.php\/product\/orion-ad-5-g7\/","url":"https:\/\/sipin.com.vn\/index.php\/product\/orion-ad-5-g7\/","name":"ORION AD-5-G7 - OMANI VI\u1ec6T NAM","isPartOf":{"@id":"https:\/\/sipin.com.vn\/#website"},"primaryImageOfPage":{"@id":"https:\/\/sipin.com.vn\/index.php\/product\/orion-ad-5-g7\/#primaryimage"},"image":{"@id":"https:\/\/sipin.com.vn\/index.php\/product\/orion-ad-5-g7\/#primaryimage"},"thumbnailUrl":"https:\/\/sipin.com.vn\/wp-content\/uploads\/2025\/06\/AD-5-G7.png","datePublished":"2025-06-20T16:14:09+00:00","dateModified":"2025-06-20T16:14:09+00:00","description":"ORION AD-5-G7 Drain Trap","breadcrumb":{"@id":"https:\/\/sipin.com.vn\/index.php\/product\/orion-ad-5-g7\/#breadcrumb"},"inLanguage":"vi","potentialAction":[{"@type":"ReadAction","target":["https:\/\/sipin.com.vn\/index.php\/product\/orion-ad-5-g7\/"]}]},{"@type":"ImageObject","inLanguage":"vi","@id":"https:\/\/sipin.com.vn\/index.php\/product\/orion-ad-5-g7\/#primaryimage","url":"https:\/\/sipin.com.vn\/wp-content\/uploads\/2025\/06\/AD-5-G7.png","contentUrl":"https:\/\/sipin.com.vn\/wp-content\/uploads\/2025\/06\/AD-5-G7.png","width":791,"height":795},{"@type":"BreadcrumbList","@id":"https:\/\/sipin.com.vn\/index.php\/product\/orion-ad-5-g7\/#breadcrumb","itemListElement":[{"@type":"ListItem","position":1,"name":"Home","item":"https:\/\/sipin.com.vn\/"},{"@type":"ListItem","position":2,"name":"S\u1ea2N PH\u1ea8M","item":"https:\/\/sipin.com.vn\/index.php\/cua-hang\/"},{"@type":"ListItem","position":3,"name":"ORION AD-5-G7"}]},{"@type":"WebSite","@id":"https:\/\/sipin.com.vn\/#website","url":"https:\/\/sipin.com.vn\/","name":"OMANI VI\u1ec6T NAM","description":"Nh\u00e0 ph\u00e2n ph\u1ed1i thi\u1ebft b\u1ecb kh\u00ed n\u00e9n v\u00e0 thi\u1ebft b\u1ecb t\u1ef1 \u0111\u1ed9ng h\u00f3a trong c\u00f4ng nghi\u1ec7p","publisher":{"@id":"https:\/\/sipin.com.vn\/#\/schema\/person\/0ad398a980dc3fd696111c2c5c8fa897"},"potentialAction":[{"@type":"SearchAction","target":{"@type":"EntryPoint","urlTemplate":"https:\/\/sipin.com.vn\/?s={search_term_string}"},"query-input":"required name=search_term_string"}],"inLanguage":"vi"},{"@type":["Person","Organization"],"@id":"https:\/\/sipin.com.vn\/#\/schema\/person\/0ad398a980dc3fd696111c2c5c8fa897","name":"Nguy\u1ec5n V\u0103n Kh\u00e1nh","image":{"@type":"ImageObject","inLanguage":"vi","@id":"https:\/\/sipin.com.vn\/#\/schema\/person\/image\/","url":"https:\/\/sipin.com.vn\/wp-content\/uploads\/2024\/06\/logo-1024x1024.png","contentUrl":"https:\/\/sipin.com.vn\/wp-content\/uploads\/2024\/06\/logo-1024x1024.png","width":1024,"height":1024,"caption":"Nguy\u1ec5n V\u0103n Kh\u00e1nh"},"logo":{"@id":"https:\/\/sipin.com.vn\/#\/schema\/person\/image\/"},"sameAs":["https:\/\/sipin.com.vn"]}]}},"_links":{"self":[{"href":"https:\/\/sipin.com.vn\/index.php\/wp-json\/wp\/v2\/product\/4029","targetHints":{"allow":["GET"]}}],"collection":[{"href":"https:\/\/sipin.com.vn\/index.php\/wp-json\/wp\/v2\/product"}],"about":[{"href":"https:\/\/sipin.com.vn\/index.php\/wp-json\/wp\/v2\/types\/product"}],"replies":[{"embeddable":true,"href":"https:\/\/sipin.com.vn\/index.php\/wp-json\/wp\/v2\/comments?post=4029"}],"wp:featuredmedia":[{"embeddable":true,"href":"https:\/\/sipin.com.vn\/index.php\/wp-json\/wp\/v2\/media\/4030"}],"wp:attachment":[{"href":"https:\/\/sipin.com.vn\/index.php\/wp-json\/wp\/v2\/media?parent=4029"}],"wp:term":[{"taxonomy":"product_cat","embeddable":true,"href":"https:\/\/sipin.com.vn\/index.php\/wp-json\/wp\/v2\/product_cat?post=4029"},{"taxonomy":"product_tag","embeddable":true,"href":"https:\/\/sipin.com.vn\/index.php\/wp-json\/wp\/v2\/product_tag?post=4029"}],"curies":[{"name":"wp","href":"https:\/\/api.w.org\/{rel}","templated":true}]}}