{"id":4021,"date":"2025-06-18T22:22:28","date_gmt":"2025-06-18T15:22:28","guid":{"rendered":"https:\/\/sipin.com.vn\/?post_type=product&#038;p=4021"},"modified":"2025-06-18T22:22:28","modified_gmt":"2025-06-18T15:22:28","slug":"ckd-grc-80-180-a1","status":"publish","type":"product","link":"https:\/\/sipin.com.vn\/index.php\/product\/ckd-grc-80-180-a1\/","title":{"rendered":"CKD GRC-80-180-A1"},"content":{"rendered":"<p>CKD GRC-80-180-A1<\/p>\n<p>Table Type Rotary Actuator GRC\/GRC-K Series<\/p>\n<p>The table rotary actuator with rack and pinion realizes high load, direct mounting and high position accuracy thanks to a bearing guide.<\/p>\n<p>Six sizes of 5, 10, 20, 30, 50, 80.<br \/>\nStandard and high accuracy type are available with the same dimensions.<br \/>\n90\u00b0 and 180\u00b0 specifications are available.<br \/>\nComes with an angle adjustment bolt with rubber cushion for adjusting the oscillation angle.<br \/>\nThe load can be directly mounted on the rotary table.<\/p>\n<p>Select among 3 surfaces for piping port leadout directions.<br \/>\nLarge hollow diameter keeps piping and wiring simple.<br \/>\nPositioning spigots for the table top (4 positions) and the body bottom (1 position) are available.<\/p>\n<p>Stable operation with external stopper.<br \/>\nSmooth stopping is possible without backlash due to the external stopper and shock absorber (optional).<br \/>\n1.5 s\/90\u00b0 low speed operation is possible.<br \/>\nThe large pinion diameter and long piston stroke length achieve low speed operation.<\/p>\n<p>&nbsp;<\/p>\n<p>4F320-10-AC220V<\/p>\n<p>ADK11-25A-02G<\/p>\n","protected":false},"excerpt":{"rendered":"<p>CKD GRC-80-180-A1 Table Type Rotary Actuator GRC\/GRC-K Series The table rotary actuator with rack and pinion realizes high load, direct mounting and high position accuracy thanks to a bearing guide. Six sizes of 5, 10, 20, 30, 50, 80. Standard and high accuracy type are available with the same dimensions.&hellip; <\/p>\n","protected":false},"featured_media":4022,"comment_status":"open","ping_status":"closed","template":"","meta":{"om_disable_all_campaigns":false,"_monsterinsights_skip_tracking":false,"_monsterinsights_sitenote_active":false,"_monsterinsights_sitenote_note":"","_monsterinsights_sitenote_category":0},"product_cat":[800],"product_tag":[100,101,98],"class_list":{"0":"post-4021","1":"product","2":"type-product","3":"status-publish","4":"has-post-thumbnail","6":"product_cat-ckd","7":"product_tag-ckd-viet-nam","8":"product_tag-dai-ly-ckd-viet-nam","9":"product_tag-xy-lanh-khi","11":"first","12":"instock","13":"shipping-taxable","14":"product-type-simple"},"aioseo_notices":[],"yoast_head":"<!-- This site is optimized with the Yoast SEO plugin v22.8 - https:\/\/yoast.com\/wordpress\/plugins\/seo\/ -->\n<title>CKD GRC-80-180-A1 - OMANI VI\u1ec6T NAM<\/title>\n<meta name=\"description\" content=\"CKD GRC-80-180-A1 Table rotary actuator\" \/>\n<meta name=\"robots\" content=\"index, follow, max-snippet:-1, max-image-preview:large, max-video-preview:-1\" \/>\n<link rel=\"canonical\" href=\"https:\/\/sipin.com.vn\/index.php\/product\/ckd-grc-80-180-a1\/\" \/>\n<meta property=\"og:locale\" content=\"vi_VN\" \/>\n<meta property=\"og:type\" content=\"article\" \/>\n<meta property=\"og:title\" content=\"CKD GRC-80-180-A1 - OMANI VI\u1ec6T NAM\" \/>\n<meta property=\"og:description\" content=\"CKD GRC-80-180-A1 Table rotary actuator\" \/>\n<meta property=\"og:url\" content=\"https:\/\/sipin.com.vn\/index.php\/product\/ckd-grc-80-180-a1\/\" \/>\n<meta property=\"og:site_name\" content=\"OMANI VI\u1ec6T NAM\" \/>\n<meta property=\"og:image\" content=\"https:\/\/sipin.com.vn\/wp-content\/uploads\/2025\/06\/GRC-80-180-A1.png\" \/>\n\t<meta property=\"og:image:width\" content=\"427\" \/>\n\t<meta property=\"og:image:height\" content=\"455\" \/>\n\t<meta property=\"og:image:type\" content=\"image\/png\" \/>\n<meta name=\"twitter:card\" content=\"summary_large_image\" \/>\n<meta name=\"twitter:label1\" content=\"\u01af\u1edbc t\u00ednh th\u1eddi gian \u0111\u1ecdc\" \/>\n\t<meta name=\"twitter:data1\" content=\"2 ph\u00fat\" \/>\n<script type=\"application\/ld+json\" class=\"yoast-schema-graph\">{\"@context\":\"https:\/\/schema.org\",\"@graph\":[{\"@type\":\"WebPage\",\"@id\":\"https:\/\/sipin.com.vn\/index.php\/product\/ckd-grc-80-180-a1\/\",\"url\":\"https:\/\/sipin.com.vn\/index.php\/product\/ckd-grc-80-180-a1\/\",\"name\":\"CKD GRC-80-180-A1 - OMANI VI\u1ec6T NAM\",\"isPartOf\":{\"@id\":\"https:\/\/sipin.com.vn\/#website\"},\"primaryImageOfPage\":{\"@id\":\"https:\/\/sipin.com.vn\/index.php\/product\/ckd-grc-80-180-a1\/#primaryimage\"},\"image\":{\"@id\":\"https:\/\/sipin.com.vn\/index.php\/product\/ckd-grc-80-180-a1\/#primaryimage\"},\"thumbnailUrl\":\"https:\/\/sipin.com.vn\/wp-content\/uploads\/2025\/06\/GRC-80-180-A1.png\",\"datePublished\":\"2025-06-18T15:22:28+00:00\",\"dateModified\":\"2025-06-18T15:22:28+00:00\",\"description\":\"CKD GRC-80-180-A1 Table rotary actuator\",\"breadcrumb\":{\"@id\":\"https:\/\/sipin.com.vn\/index.php\/product\/ckd-grc-80-180-a1\/#breadcrumb\"},\"inLanguage\":\"vi\",\"potentialAction\":[{\"@type\":\"ReadAction\",\"target\":[\"https:\/\/sipin.com.vn\/index.php\/product\/ckd-grc-80-180-a1\/\"]}]},{\"@type\":\"ImageObject\",\"inLanguage\":\"vi\",\"@id\":\"https:\/\/sipin.com.vn\/index.php\/product\/ckd-grc-80-180-a1\/#primaryimage\",\"url\":\"https:\/\/sipin.com.vn\/wp-content\/uploads\/2025\/06\/GRC-80-180-A1.png\",\"contentUrl\":\"https:\/\/sipin.com.vn\/wp-content\/uploads\/2025\/06\/GRC-80-180-A1.png\",\"width\":427,\"height\":455},{\"@type\":\"BreadcrumbList\",\"@id\":\"https:\/\/sipin.com.vn\/index.php\/product\/ckd-grc-80-180-a1\/#breadcrumb\",\"itemListElement\":[{\"@type\":\"ListItem\",\"position\":1,\"name\":\"Home\",\"item\":\"https:\/\/sipin.com.vn\/\"},{\"@type\":\"ListItem\",\"position\":2,\"name\":\"S\u1ea2N PH\u1ea8M\",\"item\":\"https:\/\/sipin.com.vn\/index.php\/cua-hang\/\"},{\"@type\":\"ListItem\",\"position\":3,\"name\":\"CKD GRC-80-180-A1\"}]},{\"@type\":\"WebSite\",\"@id\":\"https:\/\/sipin.com.vn\/#website\",\"url\":\"https:\/\/sipin.com.vn\/\",\"name\":\"OMANI VI\u1ec6T NAM\",\"description\":\"Nh\u00e0 ph\u00e2n ph\u1ed1i thi\u1ebft b\u1ecb kh\u00ed n\u00e9n v\u00e0 thi\u1ebft b\u1ecb t\u1ef1 \u0111\u1ed9ng h\u00f3a trong c\u00f4ng nghi\u1ec7p\",\"publisher\":{\"@id\":\"https:\/\/sipin.com.vn\/#\/schema\/person\/0ad398a980dc3fd696111c2c5c8fa897\"},\"potentialAction\":[{\"@type\":\"SearchAction\",\"target\":{\"@type\":\"EntryPoint\",\"urlTemplate\":\"https:\/\/sipin.com.vn\/?s={search_term_string}\"},\"query-input\":\"required name=search_term_string\"}],\"inLanguage\":\"vi\"},{\"@type\":[\"Person\",\"Organization\"],\"@id\":\"https:\/\/sipin.com.vn\/#\/schema\/person\/0ad398a980dc3fd696111c2c5c8fa897\",\"name\":\"Nguy\u1ec5n V\u0103n Kh\u00e1nh\",\"image\":{\"@type\":\"ImageObject\",\"inLanguage\":\"vi\",\"@id\":\"https:\/\/sipin.com.vn\/#\/schema\/person\/image\/\",\"url\":\"https:\/\/sipin.com.vn\/wp-content\/uploads\/2024\/06\/logo-1024x1024.png\",\"contentUrl\":\"https:\/\/sipin.com.vn\/wp-content\/uploads\/2024\/06\/logo-1024x1024.png\",\"width\":1024,\"height\":1024,\"caption\":\"Nguy\u1ec5n V\u0103n Kh\u00e1nh\"},\"logo\":{\"@id\":\"https:\/\/sipin.com.vn\/#\/schema\/person\/image\/\"},\"sameAs\":[\"https:\/\/sipin.com.vn\"]}]}<\/script>\n<!-- \/ Yoast SEO plugin. -->","yoast_head_json":{"title":"CKD GRC-80-180-A1 - OMANI VI\u1ec6T NAM","description":"CKD GRC-80-180-A1 Table rotary actuator","robots":{"index":"index","follow":"follow","max-snippet":"max-snippet:-1","max-image-preview":"max-image-preview:large","max-video-preview":"max-video-preview:-1"},"canonical":"https:\/\/sipin.com.vn\/index.php\/product\/ckd-grc-80-180-a1\/","og_locale":"vi_VN","og_type":"article","og_title":"CKD GRC-80-180-A1 - OMANI VI\u1ec6T NAM","og_description":"CKD GRC-80-180-A1 Table rotary actuator","og_url":"https:\/\/sipin.com.vn\/index.php\/product\/ckd-grc-80-180-a1\/","og_site_name":"OMANI VI\u1ec6T NAM","og_image":[{"width":427,"height":455,"url":"https:\/\/sipin.com.vn\/wp-content\/uploads\/2025\/06\/GRC-80-180-A1.png","type":"image\/png"}],"twitter_card":"summary_large_image","twitter_misc":{"\u01af\u1edbc t\u00ednh th\u1eddi gian \u0111\u1ecdc":"2 ph\u00fat"},"schema":{"@context":"https:\/\/schema.org","@graph":[{"@type":"WebPage","@id":"https:\/\/sipin.com.vn\/index.php\/product\/ckd-grc-80-180-a1\/","url":"https:\/\/sipin.com.vn\/index.php\/product\/ckd-grc-80-180-a1\/","name":"CKD GRC-80-180-A1 - OMANI VI\u1ec6T NAM","isPartOf":{"@id":"https:\/\/sipin.com.vn\/#website"},"primaryImageOfPage":{"@id":"https:\/\/sipin.com.vn\/index.php\/product\/ckd-grc-80-180-a1\/#primaryimage"},"image":{"@id":"https:\/\/sipin.com.vn\/index.php\/product\/ckd-grc-80-180-a1\/#primaryimage"},"thumbnailUrl":"https:\/\/sipin.com.vn\/wp-content\/uploads\/2025\/06\/GRC-80-180-A1.png","datePublished":"2025-06-18T15:22:28+00:00","dateModified":"2025-06-18T15:22:28+00:00","description":"CKD GRC-80-180-A1 Table rotary actuator","breadcrumb":{"@id":"https:\/\/sipin.com.vn\/index.php\/product\/ckd-grc-80-180-a1\/#breadcrumb"},"inLanguage":"vi","potentialAction":[{"@type":"ReadAction","target":["https:\/\/sipin.com.vn\/index.php\/product\/ckd-grc-80-180-a1\/"]}]},{"@type":"ImageObject","inLanguage":"vi","@id":"https:\/\/sipin.com.vn\/index.php\/product\/ckd-grc-80-180-a1\/#primaryimage","url":"https:\/\/sipin.com.vn\/wp-content\/uploads\/2025\/06\/GRC-80-180-A1.png","contentUrl":"https:\/\/sipin.com.vn\/wp-content\/uploads\/2025\/06\/GRC-80-180-A1.png","width":427,"height":455},{"@type":"BreadcrumbList","@id":"https:\/\/sipin.com.vn\/index.php\/product\/ckd-grc-80-180-a1\/#breadcrumb","itemListElement":[{"@type":"ListItem","position":1,"name":"Home","item":"https:\/\/sipin.com.vn\/"},{"@type":"ListItem","position":2,"name":"S\u1ea2N PH\u1ea8M","item":"https:\/\/sipin.com.vn\/index.php\/cua-hang\/"},{"@type":"ListItem","position":3,"name":"CKD GRC-80-180-A1"}]},{"@type":"WebSite","@id":"https:\/\/sipin.com.vn\/#website","url":"https:\/\/sipin.com.vn\/","name":"OMANI VI\u1ec6T NAM","description":"Nh\u00e0 ph\u00e2n ph\u1ed1i thi\u1ebft b\u1ecb kh\u00ed n\u00e9n v\u00e0 thi\u1ebft b\u1ecb t\u1ef1 \u0111\u1ed9ng h\u00f3a trong c\u00f4ng nghi\u1ec7p","publisher":{"@id":"https:\/\/sipin.com.vn\/#\/schema\/person\/0ad398a980dc3fd696111c2c5c8fa897"},"potentialAction":[{"@type":"SearchAction","target":{"@type":"EntryPoint","urlTemplate":"https:\/\/sipin.com.vn\/?s={search_term_string}"},"query-input":"required name=search_term_string"}],"inLanguage":"vi"},{"@type":["Person","Organization"],"@id":"https:\/\/sipin.com.vn\/#\/schema\/person\/0ad398a980dc3fd696111c2c5c8fa897","name":"Nguy\u1ec5n V\u0103n Kh\u00e1nh","image":{"@type":"ImageObject","inLanguage":"vi","@id":"https:\/\/sipin.com.vn\/#\/schema\/person\/image\/","url":"https:\/\/sipin.com.vn\/wp-content\/uploads\/2024\/06\/logo-1024x1024.png","contentUrl":"https:\/\/sipin.com.vn\/wp-content\/uploads\/2024\/06\/logo-1024x1024.png","width":1024,"height":1024,"caption":"Nguy\u1ec5n V\u0103n Kh\u00e1nh"},"logo":{"@id":"https:\/\/sipin.com.vn\/#\/schema\/person\/image\/"},"sameAs":["https:\/\/sipin.com.vn"]}]}},"_links":{"self":[{"href":"https:\/\/sipin.com.vn\/index.php\/wp-json\/wp\/v2\/product\/4021","targetHints":{"allow":["GET"]}}],"collection":[{"href":"https:\/\/sipin.com.vn\/index.php\/wp-json\/wp\/v2\/product"}],"about":[{"href":"https:\/\/sipin.com.vn\/index.php\/wp-json\/wp\/v2\/types\/product"}],"replies":[{"embeddable":true,"href":"https:\/\/sipin.com.vn\/index.php\/wp-json\/wp\/v2\/comments?post=4021"}],"wp:featuredmedia":[{"embeddable":true,"href":"https:\/\/sipin.com.vn\/index.php\/wp-json\/wp\/v2\/media\/4022"}],"wp:attachment":[{"href":"https:\/\/sipin.com.vn\/index.php\/wp-json\/wp\/v2\/media?parent=4021"}],"wp:term":[{"taxonomy":"product_cat","embeddable":true,"href":"https:\/\/sipin.com.vn\/index.php\/wp-json\/wp\/v2\/product_cat?post=4021"},{"taxonomy":"product_tag","embeddable":true,"href":"https:\/\/sipin.com.vn\/index.php\/wp-json\/wp\/v2\/product_tag?post=4021"}],"curies":[{"name":"wp","href":"https:\/\/api.w.org\/{rel}","templated":true}]}}