{"id":3963,"date":"2025-06-05T22:39:13","date_gmt":"2025-06-05T15:39:13","guid":{"rendered":"https:\/\/sipin.com.vn\/?post_type=product&#038;p=3963"},"modified":"2025-06-05T22:39:13","modified_gmt":"2025-06-05T15:39:13","slug":"ckd-apk21-32a-c4a-ac220v","status":"publish","type":"product","link":"https:\/\/sipin.com.vn\/index.php\/product\/ckd-apk21-32a-c4a-ac220v\/","title":{"rendered":"CKD APK21-32A-C4A-AC220V"},"content":{"rendered":"<p>CKD APK21-32A-C4A-AC220V<\/p>\n<p>CKD APK21-40A-C4A-AC220V<\/p>\n<p>CKD APK11-25A-C4A-AC220V<\/p>\n<div class=\"sr-txt-title\">\n<p class=\"sr-txt-h2\">Basic Info.<\/p>\n<\/div>\n<div class=\"sr-layout-content\">\n<div class=\"basic-info-list\">\n<div class=\"bsc-item cf\">\n<div class=\"bac-item-label fl\">Model NO. APK21-32A-C4A 220V<\/div>\n<\/div>\n<div class=\"bsc-item cf\">\n<div class=\"bac-item-label fl\">Connection Form Flange<\/div>\n<\/div>\n<div class=\"bsc-item cf\">\n<div class=\"bac-item-label fl\">Driving Mode Pneumatic<\/div>\n<\/div>\n<div class=\"bsc-item cf\">\n<div class=\"bac-item-label fl\">Nominal Pressure JIS10-20K<\/div>\n<\/div>\n<div class=\"bsc-item cf\">\n<div class=\"bac-item-label fl\">Channel Straight Through Type<\/div>\n<\/div>\n<div class=\"bsc-item cf\">\n<div class=\"bac-item-label fl\">Structure Fixed Ball Valve<\/div>\n<\/div>\n<div class=\"bsc-item cf\">\n<div class=\"bac-item-label fl\">Type Solenoid Valve<\/div>\n<\/div>\n<div class=\"bsc-item cf\">\n<div class=\"bac-item-label fl\">Function Blow-Down Valve, Relief Valve, Atmospheric Valve, Bypass-Valve<\/div>\n<\/div>\n<div class=\"bsc-item cf\">\n<div class=\"bac-item-label fl\">Temperature Normal Temperature<\/div>\n<\/div>\n<div class=\"bsc-item cf\">\n<div class=\"bac-item-label fl\">Application Industrial Usage, Water Industrial Usage, Household Usage<\/div>\n<\/div>\n<div class=\"bsc-item cf\">\n<div class=\"bac-item-label fl\">Transport Package Carton<\/div>\n<\/div>\n<div class=\"bsc-item cf\">\n<div class=\"bac-item-label fl\">Specification 1KG<\/div>\n<\/div>\n<div class=\"bsc-item cf\">\n<div class=\"bac-item-label fl\">Origin Japan<\/div>\n<\/div>\n<div class=\"bsc-item cf\">\n<div class=\"bac-item-label fl\">HS Code 8481100090<\/div>\n<\/div>\n<\/div>\n<\/div>\n","protected":false},"excerpt":{"rendered":"<p>CKD APK21-32A-C4A-AC220V CKD APK21-40A-C4A-AC220V CKD APK11-25A-C4A-AC220V Basic Info. Model NO. APK21-32A-C4A 220V Connection Form Flange Driving Mode Pneumatic Nominal Pressure JIS10-20K Channel Straight Through Type Structure Fixed Ball Valve Type Solenoid Valve Function Blow-Down Valve, Relief Valve, Atmospheric Valve, Bypass-Valve Temperature Normal Temperature Application Industrial Usage, Water Industrial Usage, Household&hellip; <\/p>\n","protected":false},"featured_media":3964,"comment_status":"open","ping_status":"closed","template":"","meta":{"om_disable_all_campaigns":false,"_monsterinsights_skip_tracking":false,"_monsterinsights_sitenote_active":false,"_monsterinsights_sitenote_note":"","_monsterinsights_sitenote_category":0},"product_cat":[800],"product_tag":[100,101,102],"class_list":{"0":"post-3963","1":"product","2":"type-product","3":"status-publish","4":"has-post-thumbnail","6":"product_cat-ckd","7":"product_tag-ckd-viet-nam","8":"product_tag-dai-ly-ckd-viet-nam","9":"product_tag-van-khi-nen","11":"first","12":"instock","13":"shipping-taxable","14":"product-type-simple"},"aioseo_notices":[],"yoast_head":"<!-- This site is optimized with the Yoast SEO plugin v22.8 - https:\/\/yoast.com\/wordpress\/plugins\/seo\/ -->\n<title>CKD APK21-32A-C4A-AC220V - OMANI VI\u1ec6T NAM<\/title>\n<meta name=\"description\" content=\"CKD APK21-32A-C4A-AC220V Solenoid Valve\" \/>\n<meta name=\"robots\" content=\"index, follow, max-snippet:-1, max-image-preview:large, max-video-preview:-1\" \/>\n<link rel=\"canonical\" href=\"https:\/\/sipin.com.vn\/index.php\/product\/ckd-apk21-32a-c4a-ac220v\/\" \/>\n<meta property=\"og:locale\" content=\"vi_VN\" \/>\n<meta property=\"og:type\" content=\"article\" \/>\n<meta property=\"og:title\" content=\"CKD APK21-32A-C4A-AC220V - OMANI VI\u1ec6T NAM\" \/>\n<meta property=\"og:description\" content=\"CKD APK21-32A-C4A-AC220V Solenoid Valve\" \/>\n<meta property=\"og:url\" content=\"https:\/\/sipin.com.vn\/index.php\/product\/ckd-apk21-32a-c4a-ac220v\/\" \/>\n<meta property=\"og:site_name\" content=\"OMANI VI\u1ec6T NAM\" \/>\n<meta property=\"og:image\" content=\"https:\/\/sipin.com.vn\/wp-content\/uploads\/2025\/06\/APK21-32A-C4A-AC220V.png\" \/>\n\t<meta property=\"og:image:width\" content=\"619\" \/>\n\t<meta property=\"og:image:height\" content=\"498\" \/>\n\t<meta property=\"og:image:type\" content=\"image\/png\" \/>\n<meta name=\"twitter:card\" content=\"summary_large_image\" \/>\n<meta name=\"twitter:label1\" content=\"\u01af\u1edbc t\u00ednh th\u1eddi gian \u0111\u1ecdc\" \/>\n\t<meta name=\"twitter:data1\" content=\"1 ph\u00fat\" \/>\n<script type=\"application\/ld+json\" class=\"yoast-schema-graph\">{\"@context\":\"https:\/\/schema.org\",\"@graph\":[{\"@type\":\"WebPage\",\"@id\":\"https:\/\/sipin.com.vn\/index.php\/product\/ckd-apk21-32a-c4a-ac220v\/\",\"url\":\"https:\/\/sipin.com.vn\/index.php\/product\/ckd-apk21-32a-c4a-ac220v\/\",\"name\":\"CKD APK21-32A-C4A-AC220V - OMANI VI\u1ec6T NAM\",\"isPartOf\":{\"@id\":\"https:\/\/sipin.com.vn\/#website\"},\"primaryImageOfPage\":{\"@id\":\"https:\/\/sipin.com.vn\/index.php\/product\/ckd-apk21-32a-c4a-ac220v\/#primaryimage\"},\"image\":{\"@id\":\"https:\/\/sipin.com.vn\/index.php\/product\/ckd-apk21-32a-c4a-ac220v\/#primaryimage\"},\"thumbnailUrl\":\"https:\/\/sipin.com.vn\/wp-content\/uploads\/2025\/06\/APK21-32A-C4A-AC220V.png\",\"datePublished\":\"2025-06-05T15:39:13+00:00\",\"dateModified\":\"2025-06-05T15:39:13+00:00\",\"description\":\"CKD APK21-32A-C4A-AC220V Solenoid Valve\",\"breadcrumb\":{\"@id\":\"https:\/\/sipin.com.vn\/index.php\/product\/ckd-apk21-32a-c4a-ac220v\/#breadcrumb\"},\"inLanguage\":\"vi\",\"potentialAction\":[{\"@type\":\"ReadAction\",\"target\":[\"https:\/\/sipin.com.vn\/index.php\/product\/ckd-apk21-32a-c4a-ac220v\/\"]}]},{\"@type\":\"ImageObject\",\"inLanguage\":\"vi\",\"@id\":\"https:\/\/sipin.com.vn\/index.php\/product\/ckd-apk21-32a-c4a-ac220v\/#primaryimage\",\"url\":\"https:\/\/sipin.com.vn\/wp-content\/uploads\/2025\/06\/APK21-32A-C4A-AC220V.png\",\"contentUrl\":\"https:\/\/sipin.com.vn\/wp-content\/uploads\/2025\/06\/APK21-32A-C4A-AC220V.png\",\"width\":619,\"height\":498},{\"@type\":\"BreadcrumbList\",\"@id\":\"https:\/\/sipin.com.vn\/index.php\/product\/ckd-apk21-32a-c4a-ac220v\/#breadcrumb\",\"itemListElement\":[{\"@type\":\"ListItem\",\"position\":1,\"name\":\"Home\",\"item\":\"https:\/\/sipin.com.vn\/\"},{\"@type\":\"ListItem\",\"position\":2,\"name\":\"S\u1ea2N PH\u1ea8M\",\"item\":\"https:\/\/sipin.com.vn\/index.php\/cua-hang\/\"},{\"@type\":\"ListItem\",\"position\":3,\"name\":\"CKD APK21-32A-C4A-AC220V\"}]},{\"@type\":\"WebSite\",\"@id\":\"https:\/\/sipin.com.vn\/#website\",\"url\":\"https:\/\/sipin.com.vn\/\",\"name\":\"OMANI VI\u1ec6T NAM\",\"description\":\"Nh\u00e0 ph\u00e2n ph\u1ed1i thi\u1ebft b\u1ecb kh\u00ed n\u00e9n v\u00e0 thi\u1ebft b\u1ecb t\u1ef1 \u0111\u1ed9ng h\u00f3a trong c\u00f4ng nghi\u1ec7p\",\"publisher\":{\"@id\":\"https:\/\/sipin.com.vn\/#\/schema\/person\/0ad398a980dc3fd696111c2c5c8fa897\"},\"potentialAction\":[{\"@type\":\"SearchAction\",\"target\":{\"@type\":\"EntryPoint\",\"urlTemplate\":\"https:\/\/sipin.com.vn\/?s={search_term_string}\"},\"query-input\":\"required name=search_term_string\"}],\"inLanguage\":\"vi\"},{\"@type\":[\"Person\",\"Organization\"],\"@id\":\"https:\/\/sipin.com.vn\/#\/schema\/person\/0ad398a980dc3fd696111c2c5c8fa897\",\"name\":\"Nguy\u1ec5n V\u0103n Kh\u00e1nh\",\"image\":{\"@type\":\"ImageObject\",\"inLanguage\":\"vi\",\"@id\":\"https:\/\/sipin.com.vn\/#\/schema\/person\/image\/\",\"url\":\"https:\/\/sipin.com.vn\/wp-content\/uploads\/2024\/06\/logo-1024x1024.png\",\"contentUrl\":\"https:\/\/sipin.com.vn\/wp-content\/uploads\/2024\/06\/logo-1024x1024.png\",\"width\":1024,\"height\":1024,\"caption\":\"Nguy\u1ec5n V\u0103n Kh\u00e1nh\"},\"logo\":{\"@id\":\"https:\/\/sipin.com.vn\/#\/schema\/person\/image\/\"},\"sameAs\":[\"https:\/\/sipin.com.vn\"]}]}<\/script>\n<!-- \/ Yoast SEO plugin. -->","yoast_head_json":{"title":"CKD APK21-32A-C4A-AC220V - OMANI VI\u1ec6T NAM","description":"CKD APK21-32A-C4A-AC220V Solenoid Valve","robots":{"index":"index","follow":"follow","max-snippet":"max-snippet:-1","max-image-preview":"max-image-preview:large","max-video-preview":"max-video-preview:-1"},"canonical":"https:\/\/sipin.com.vn\/index.php\/product\/ckd-apk21-32a-c4a-ac220v\/","og_locale":"vi_VN","og_type":"article","og_title":"CKD APK21-32A-C4A-AC220V - OMANI VI\u1ec6T NAM","og_description":"CKD APK21-32A-C4A-AC220V Solenoid Valve","og_url":"https:\/\/sipin.com.vn\/index.php\/product\/ckd-apk21-32a-c4a-ac220v\/","og_site_name":"OMANI VI\u1ec6T NAM","og_image":[{"width":619,"height":498,"url":"https:\/\/sipin.com.vn\/wp-content\/uploads\/2025\/06\/APK21-32A-C4A-AC220V.png","type":"image\/png"}],"twitter_card":"summary_large_image","twitter_misc":{"\u01af\u1edbc t\u00ednh th\u1eddi gian \u0111\u1ecdc":"1 ph\u00fat"},"schema":{"@context":"https:\/\/schema.org","@graph":[{"@type":"WebPage","@id":"https:\/\/sipin.com.vn\/index.php\/product\/ckd-apk21-32a-c4a-ac220v\/","url":"https:\/\/sipin.com.vn\/index.php\/product\/ckd-apk21-32a-c4a-ac220v\/","name":"CKD APK21-32A-C4A-AC220V - OMANI VI\u1ec6T NAM","isPartOf":{"@id":"https:\/\/sipin.com.vn\/#website"},"primaryImageOfPage":{"@id":"https:\/\/sipin.com.vn\/index.php\/product\/ckd-apk21-32a-c4a-ac220v\/#primaryimage"},"image":{"@id":"https:\/\/sipin.com.vn\/index.php\/product\/ckd-apk21-32a-c4a-ac220v\/#primaryimage"},"thumbnailUrl":"https:\/\/sipin.com.vn\/wp-content\/uploads\/2025\/06\/APK21-32A-C4A-AC220V.png","datePublished":"2025-06-05T15:39:13+00:00","dateModified":"2025-06-05T15:39:13+00:00","description":"CKD APK21-32A-C4A-AC220V Solenoid Valve","breadcrumb":{"@id":"https:\/\/sipin.com.vn\/index.php\/product\/ckd-apk21-32a-c4a-ac220v\/#breadcrumb"},"inLanguage":"vi","potentialAction":[{"@type":"ReadAction","target":["https:\/\/sipin.com.vn\/index.php\/product\/ckd-apk21-32a-c4a-ac220v\/"]}]},{"@type":"ImageObject","inLanguage":"vi","@id":"https:\/\/sipin.com.vn\/index.php\/product\/ckd-apk21-32a-c4a-ac220v\/#primaryimage","url":"https:\/\/sipin.com.vn\/wp-content\/uploads\/2025\/06\/APK21-32A-C4A-AC220V.png","contentUrl":"https:\/\/sipin.com.vn\/wp-content\/uploads\/2025\/06\/APK21-32A-C4A-AC220V.png","width":619,"height":498},{"@type":"BreadcrumbList","@id":"https:\/\/sipin.com.vn\/index.php\/product\/ckd-apk21-32a-c4a-ac220v\/#breadcrumb","itemListElement":[{"@type":"ListItem","position":1,"name":"Home","item":"https:\/\/sipin.com.vn\/"},{"@type":"ListItem","position":2,"name":"S\u1ea2N PH\u1ea8M","item":"https:\/\/sipin.com.vn\/index.php\/cua-hang\/"},{"@type":"ListItem","position":3,"name":"CKD APK21-32A-C4A-AC220V"}]},{"@type":"WebSite","@id":"https:\/\/sipin.com.vn\/#website","url":"https:\/\/sipin.com.vn\/","name":"OMANI VI\u1ec6T NAM","description":"Nh\u00e0 ph\u00e2n ph\u1ed1i thi\u1ebft b\u1ecb kh\u00ed n\u00e9n v\u00e0 thi\u1ebft b\u1ecb t\u1ef1 \u0111\u1ed9ng h\u00f3a trong c\u00f4ng nghi\u1ec7p","publisher":{"@id":"https:\/\/sipin.com.vn\/#\/schema\/person\/0ad398a980dc3fd696111c2c5c8fa897"},"potentialAction":[{"@type":"SearchAction","target":{"@type":"EntryPoint","urlTemplate":"https:\/\/sipin.com.vn\/?s={search_term_string}"},"query-input":"required name=search_term_string"}],"inLanguage":"vi"},{"@type":["Person","Organization"],"@id":"https:\/\/sipin.com.vn\/#\/schema\/person\/0ad398a980dc3fd696111c2c5c8fa897","name":"Nguy\u1ec5n V\u0103n Kh\u00e1nh","image":{"@type":"ImageObject","inLanguage":"vi","@id":"https:\/\/sipin.com.vn\/#\/schema\/person\/image\/","url":"https:\/\/sipin.com.vn\/wp-content\/uploads\/2024\/06\/logo-1024x1024.png","contentUrl":"https:\/\/sipin.com.vn\/wp-content\/uploads\/2024\/06\/logo-1024x1024.png","width":1024,"height":1024,"caption":"Nguy\u1ec5n V\u0103n Kh\u00e1nh"},"logo":{"@id":"https:\/\/sipin.com.vn\/#\/schema\/person\/image\/"},"sameAs":["https:\/\/sipin.com.vn"]}]}},"_links":{"self":[{"href":"https:\/\/sipin.com.vn\/index.php\/wp-json\/wp\/v2\/product\/3963","targetHints":{"allow":["GET"]}}],"collection":[{"href":"https:\/\/sipin.com.vn\/index.php\/wp-json\/wp\/v2\/product"}],"about":[{"href":"https:\/\/sipin.com.vn\/index.php\/wp-json\/wp\/v2\/types\/product"}],"replies":[{"embeddable":true,"href":"https:\/\/sipin.com.vn\/index.php\/wp-json\/wp\/v2\/comments?post=3963"}],"wp:featuredmedia":[{"embeddable":true,"href":"https:\/\/sipin.com.vn\/index.php\/wp-json\/wp\/v2\/media\/3964"}],"wp:attachment":[{"href":"https:\/\/sipin.com.vn\/index.php\/wp-json\/wp\/v2\/media?parent=3963"}],"wp:term":[{"taxonomy":"product_cat","embeddable":true,"href":"https:\/\/sipin.com.vn\/index.php\/wp-json\/wp\/v2\/product_cat?post=3963"},{"taxonomy":"product_tag","embeddable":true,"href":"https:\/\/sipin.com.vn\/index.php\/wp-json\/wp\/v2\/product_tag?post=3963"}],"curies":[{"name":"wp","href":"https:\/\/api.w.org\/{rel}","templated":true}]}}