{"id":3958,"date":"2025-06-04T21:43:40","date_gmt":"2025-06-04T14:43:40","guid":{"rendered":"https:\/\/sipin.com.vn\/?post_type=product&#038;p=3958"},"modified":"2025-06-04T21:43:40","modified_gmt":"2025-06-04T14:43:40","slug":"skp-saw200-02bdg","status":"publish","type":"product","link":"https:\/\/sipin.com.vn\/index.php\/product\/skp-saw200-02bdg\/","title":{"rendered":"SKP SAW200-02BDG"},"content":{"rendered":"<p>SKP SAW200-02BDG<\/p>\n<p><strong>Th\u00f4ng s\u1ed1 k\u1ef9 thu\u1eadt c\u1ee7a b\u1ed9 l\u1ecdc kh\u00ed n\u00e9n SKP SAW200-02BDG (ren 13mm)<\/strong><\/p>\n<p>B\u1ed9 l\u1ecdc \u0111\u01a1n kh\u00ed n\u00e9n SKP SAW200-02BDG<strong>\u00a0<\/strong>c\u00f3 ch\u1ee9c n\u0103ng l\u1ecdc s\u1ea1ch, t\u00e1ch n\u01b0\u1edbc v\u00e0 \u0111i\u1ec1u ch\u1ec9nh \u00e1p su\u1ea5t kh\u00ed n\u00e9n.<\/p>\n<p class=\"fr-tag\">K\u00edch th\u01b0\u1edbc c\u1ed5ng : 1\/4\u2033 (ren 13mm)<\/p>\n<p class=\"fr-tag\">\u00c1p su\u1ea5t cung c\u1ea5p t\u1ed1i \u0111a: 15.3 kg\/cm\u00b2<\/p>\n<p class=\"fr-tag\">\u00c1p su\u1ea5t l\u00e0m vi\u1ec7c t\u1ed1i \u0111a: 9.9 kg\/cm\u00b2<\/p>\n<p class=\"fr-tag\">\u00c1p su\u1ea5t \u0111i\u1ec1u ch\u1ec9nh:\u00a0<span class=\"fontArticleDesc\">0.5 \u2013 8.7 kg\/c<\/span>m\u00b2<\/p>\n<p class=\"fr-tag\">Nhi\u1ec7t \u0111\u1ed9 ho\u1ea1t \u0111\u1ed9ng:\u00a05~60<sup>o<\/sup>C<\/p>\n<p class=\"fr-tag\">Kh\u1ea3 n\u0103ng l\u1ecdc: 10\u00b5m<\/p>\n<p class=\"fr-tag\">H\u00e3ng s\u1ea3n xu\u1ea5t: SKP (H\u00e0n Qu\u1ed1c)<\/p>\n<p class=\"fr-tag\">\u0110\u00e2y l\u00e0\u00a0<strong>b\u1ed9 l\u1ecdc \u0111\u01a1n kh\u00ed n\u00e9n\u00a0<\/strong>SKP SAW200\u00a0c\u00f3 c\u00e1c ch\u1ee9c n\u0103ng c\u1ee5 th\u1ec3 nh\u01b0 sau:<\/p>\n<p class=\"fr-tag\">SAW200-02BG\u00a0 \u00a0 \u00a0 \u00a0 \u00a0 (c\u1ed1c (ly) l\u1ecdc b\u1eb1ng nh\u1ef1a, c\u00f3 ch\u1ee9c n\u0103ng x\u1ea3 b\u1eb1ng tay).<\/p>\n<p class=\"fr-tag\">SAW200-02BDG\u00a0 \u00a0 \u00a0 \u00a0 (c\u1ed1c (ly) l\u1ecdc b\u1eb1ng nh\u1ef1a, c\u00f3 ch\u1ee9c n\u0103ng t\u1ef1 \u0111\u1ed9ng x\u1ea3).<\/p>\n<p class=\"fr-tag\">SAW200-02BDG-ME\u00a0(c\u1ed1c (ly) l\u1ecdc b\u1eb1ng nh\u00f4m, c\u00f3 ch\u1ee9c n\u0103ng t\u1ef1 \u0111\u1ed9ng x\u1ea3).<\/p>\n<p class=\"fr-tag\">Trong nh\u1eefng\u00a0<strong>b\u1ed9 l\u1ecdc \u0111\u01a1n kh\u00ed n\u00e9n SKP<\/strong>\u00a0c\u00f2n c\u00f3 c\u00e1c model v\u00e0 nhi\u1ec1u k\u00edch c\u1ee1 kh\u00e1c nhau:<\/p>\n<p>SAW300-03 (3\/8\u2033, ren 17mm)<\/p>\n<p>SAW400-04 (1\/2\u2033, ren 21mm)<\/p>\n<p>SAW600-06\u00a0(3\/4\u2033, ren 27mm)<\/p>\n<p>SAW600-10\u00a0 \u00a0 (1\u2033, ren 34mm)<\/p>\n","protected":false},"excerpt":{"rendered":"<p>SKP SAW200-02BDG Th\u00f4ng s\u1ed1 k\u1ef9 thu\u1eadt c\u1ee7a b\u1ed9 l\u1ecdc kh\u00ed n\u00e9n SKP SAW200-02BDG (ren 13mm) B\u1ed9 l\u1ecdc \u0111\u01a1n kh\u00ed n\u00e9n SKP SAW200-02BDG\u00a0c\u00f3 ch\u1ee9c n\u0103ng l\u1ecdc s\u1ea1ch, t\u00e1ch n\u01b0\u1edbc v\u00e0 \u0111i\u1ec1u ch\u1ec9nh \u00e1p su\u1ea5t kh\u00ed n\u00e9n. K\u00edch th\u01b0\u1edbc c\u1ed5ng : 1\/4\u2033 (ren 13mm) \u00c1p su\u1ea5t cung c\u1ea5p t\u1ed1i \u0111a: 15.3 kg\/cm\u00b2&hellip; <\/p>\n","protected":false},"featured_media":0,"comment_status":"open","ping_status":"closed","template":"","meta":{"om_disable_all_campaigns":false,"_monsterinsights_skip_tracking":false,"_monsterinsights_sitenote_active":false,"_monsterinsights_sitenote_note":"","_monsterinsights_sitenote_category":0},"product_cat":[796],"product_tag":[798,797,350],"class_list":{"0":"post-3958","1":"product","2":"type-product","3":"status-publish","5":"product_cat-skp","6":"product_tag-dai-ly-skp-viet-nam","7":"product_tag-skp-viet-nam","8":"product_tag-thiet-bi-loc-khi","10":"first","11":"instock","12":"shipping-taxable","13":"product-type-simple"},"aioseo_notices":[],"yoast_head":"<!-- This site is optimized with the Yoast SEO plugin v22.8 - https:\/\/yoast.com\/wordpress\/plugins\/seo\/ -->\n<title>SKP SAW200-02BDG - OMANI VI\u1ec6T NAM<\/title>\n<meta name=\"description\" content=\"SKP SAW200-02BDG Air filter regulator\" \/>\n<meta name=\"robots\" content=\"index, follow, max-snippet:-1, max-image-preview:large, max-video-preview:-1\" \/>\n<link rel=\"canonical\" href=\"https:\/\/sipin.com.vn\/index.php\/product\/skp-saw200-02bdg\/\" \/>\n<meta property=\"og:locale\" content=\"vi_VN\" \/>\n<meta property=\"og:type\" content=\"article\" \/>\n<meta property=\"og:title\" content=\"SKP SAW200-02BDG - OMANI VI\u1ec6T NAM\" \/>\n<meta property=\"og:description\" content=\"SKP SAW200-02BDG Air filter regulator\" \/>\n<meta property=\"og:url\" content=\"https:\/\/sipin.com.vn\/index.php\/product\/skp-saw200-02bdg\/\" \/>\n<meta property=\"og:site_name\" content=\"OMANI VI\u1ec6T NAM\" \/>\n<meta name=\"twitter:card\" content=\"summary_large_image\" \/>\n<meta name=\"twitter:label1\" content=\"\u01af\u1edbc t\u00ednh th\u1eddi gian \u0111\u1ecdc\" \/>\n\t<meta name=\"twitter:data1\" content=\"1 ph\u00fat\" \/>\n<script type=\"application\/ld+json\" class=\"yoast-schema-graph\">{\"@context\":\"https:\/\/schema.org\",\"@graph\":[{\"@type\":\"WebPage\",\"@id\":\"https:\/\/sipin.com.vn\/index.php\/product\/skp-saw200-02bdg\/\",\"url\":\"https:\/\/sipin.com.vn\/index.php\/product\/skp-saw200-02bdg\/\",\"name\":\"SKP SAW200-02BDG - OMANI VI\u1ec6T NAM\",\"isPartOf\":{\"@id\":\"https:\/\/sipin.com.vn\/#website\"},\"datePublished\":\"2025-06-04T14:43:40+00:00\",\"dateModified\":\"2025-06-04T14:43:40+00:00\",\"description\":\"SKP SAW200-02BDG Air filter regulator\",\"breadcrumb\":{\"@id\":\"https:\/\/sipin.com.vn\/index.php\/product\/skp-saw200-02bdg\/#breadcrumb\"},\"inLanguage\":\"vi\",\"potentialAction\":[{\"@type\":\"ReadAction\",\"target\":[\"https:\/\/sipin.com.vn\/index.php\/product\/skp-saw200-02bdg\/\"]}]},{\"@type\":\"BreadcrumbList\",\"@id\":\"https:\/\/sipin.com.vn\/index.php\/product\/skp-saw200-02bdg\/#breadcrumb\",\"itemListElement\":[{\"@type\":\"ListItem\",\"position\":1,\"name\":\"Home\",\"item\":\"https:\/\/sipin.com.vn\/\"},{\"@type\":\"ListItem\",\"position\":2,\"name\":\"S\u1ea2N PH\u1ea8M\",\"item\":\"https:\/\/sipin.com.vn\/index.php\/cua-hang\/\"},{\"@type\":\"ListItem\",\"position\":3,\"name\":\"SKP SAW200-02BDG\"}]},{\"@type\":\"WebSite\",\"@id\":\"https:\/\/sipin.com.vn\/#website\",\"url\":\"https:\/\/sipin.com.vn\/\",\"name\":\"OMANI VI\u1ec6T NAM\",\"description\":\"Nh\u00e0 ph\u00e2n ph\u1ed1i thi\u1ebft b\u1ecb kh\u00ed n\u00e9n v\u00e0 thi\u1ebft b\u1ecb t\u1ef1 \u0111\u1ed9ng h\u00f3a trong c\u00f4ng nghi\u1ec7p\",\"publisher\":{\"@id\":\"https:\/\/sipin.com.vn\/#\/schema\/person\/0ad398a980dc3fd696111c2c5c8fa897\"},\"potentialAction\":[{\"@type\":\"SearchAction\",\"target\":{\"@type\":\"EntryPoint\",\"urlTemplate\":\"https:\/\/sipin.com.vn\/?s={search_term_string}\"},\"query-input\":\"required name=search_term_string\"}],\"inLanguage\":\"vi\"},{\"@type\":[\"Person\",\"Organization\"],\"@id\":\"https:\/\/sipin.com.vn\/#\/schema\/person\/0ad398a980dc3fd696111c2c5c8fa897\",\"name\":\"Nguy\u1ec5n V\u0103n Kh\u00e1nh\",\"image\":{\"@type\":\"ImageObject\",\"inLanguage\":\"vi\",\"@id\":\"https:\/\/sipin.com.vn\/#\/schema\/person\/image\/\",\"url\":\"https:\/\/sipin.com.vn\/wp-content\/uploads\/2024\/06\/logo-1024x1024.png\",\"contentUrl\":\"https:\/\/sipin.com.vn\/wp-content\/uploads\/2024\/06\/logo-1024x1024.png\",\"width\":1024,\"height\":1024,\"caption\":\"Nguy\u1ec5n V\u0103n Kh\u00e1nh\"},\"logo\":{\"@id\":\"https:\/\/sipin.com.vn\/#\/schema\/person\/image\/\"},\"sameAs\":[\"https:\/\/sipin.com.vn\"]}]}<\/script>\n<!-- \/ Yoast SEO plugin. -->","yoast_head_json":{"title":"SKP SAW200-02BDG - OMANI VI\u1ec6T NAM","description":"SKP SAW200-02BDG Air filter regulator","robots":{"index":"index","follow":"follow","max-snippet":"max-snippet:-1","max-image-preview":"max-image-preview:large","max-video-preview":"max-video-preview:-1"},"canonical":"https:\/\/sipin.com.vn\/index.php\/product\/skp-saw200-02bdg\/","og_locale":"vi_VN","og_type":"article","og_title":"SKP SAW200-02BDG - OMANI VI\u1ec6T NAM","og_description":"SKP SAW200-02BDG Air filter regulator","og_url":"https:\/\/sipin.com.vn\/index.php\/product\/skp-saw200-02bdg\/","og_site_name":"OMANI VI\u1ec6T NAM","twitter_card":"summary_large_image","twitter_misc":{"\u01af\u1edbc t\u00ednh th\u1eddi gian \u0111\u1ecdc":"1 ph\u00fat"},"schema":{"@context":"https:\/\/schema.org","@graph":[{"@type":"WebPage","@id":"https:\/\/sipin.com.vn\/index.php\/product\/skp-saw200-02bdg\/","url":"https:\/\/sipin.com.vn\/index.php\/product\/skp-saw200-02bdg\/","name":"SKP SAW200-02BDG - OMANI VI\u1ec6T NAM","isPartOf":{"@id":"https:\/\/sipin.com.vn\/#website"},"datePublished":"2025-06-04T14:43:40+00:00","dateModified":"2025-06-04T14:43:40+00:00","description":"SKP SAW200-02BDG Air filter regulator","breadcrumb":{"@id":"https:\/\/sipin.com.vn\/index.php\/product\/skp-saw200-02bdg\/#breadcrumb"},"inLanguage":"vi","potentialAction":[{"@type":"ReadAction","target":["https:\/\/sipin.com.vn\/index.php\/product\/skp-saw200-02bdg\/"]}]},{"@type":"BreadcrumbList","@id":"https:\/\/sipin.com.vn\/index.php\/product\/skp-saw200-02bdg\/#breadcrumb","itemListElement":[{"@type":"ListItem","position":1,"name":"Home","item":"https:\/\/sipin.com.vn\/"},{"@type":"ListItem","position":2,"name":"S\u1ea2N PH\u1ea8M","item":"https:\/\/sipin.com.vn\/index.php\/cua-hang\/"},{"@type":"ListItem","position":3,"name":"SKP SAW200-02BDG"}]},{"@type":"WebSite","@id":"https:\/\/sipin.com.vn\/#website","url":"https:\/\/sipin.com.vn\/","name":"OMANI VI\u1ec6T NAM","description":"Nh\u00e0 ph\u00e2n ph\u1ed1i thi\u1ebft b\u1ecb kh\u00ed n\u00e9n v\u00e0 thi\u1ebft b\u1ecb t\u1ef1 \u0111\u1ed9ng h\u00f3a trong c\u00f4ng nghi\u1ec7p","publisher":{"@id":"https:\/\/sipin.com.vn\/#\/schema\/person\/0ad398a980dc3fd696111c2c5c8fa897"},"potentialAction":[{"@type":"SearchAction","target":{"@type":"EntryPoint","urlTemplate":"https:\/\/sipin.com.vn\/?s={search_term_string}"},"query-input":"required name=search_term_string"}],"inLanguage":"vi"},{"@type":["Person","Organization"],"@id":"https:\/\/sipin.com.vn\/#\/schema\/person\/0ad398a980dc3fd696111c2c5c8fa897","name":"Nguy\u1ec5n V\u0103n Kh\u00e1nh","image":{"@type":"ImageObject","inLanguage":"vi","@id":"https:\/\/sipin.com.vn\/#\/schema\/person\/image\/","url":"https:\/\/sipin.com.vn\/wp-content\/uploads\/2024\/06\/logo-1024x1024.png","contentUrl":"https:\/\/sipin.com.vn\/wp-content\/uploads\/2024\/06\/logo-1024x1024.png","width":1024,"height":1024,"caption":"Nguy\u1ec5n V\u0103n Kh\u00e1nh"},"logo":{"@id":"https:\/\/sipin.com.vn\/#\/schema\/person\/image\/"},"sameAs":["https:\/\/sipin.com.vn"]}]}},"_links":{"self":[{"href":"https:\/\/sipin.com.vn\/index.php\/wp-json\/wp\/v2\/product\/3958","targetHints":{"allow":["GET"]}}],"collection":[{"href":"https:\/\/sipin.com.vn\/index.php\/wp-json\/wp\/v2\/product"}],"about":[{"href":"https:\/\/sipin.com.vn\/index.php\/wp-json\/wp\/v2\/types\/product"}],"replies":[{"embeddable":true,"href":"https:\/\/sipin.com.vn\/index.php\/wp-json\/wp\/v2\/comments?post=3958"}],"wp:attachment":[{"href":"https:\/\/sipin.com.vn\/index.php\/wp-json\/wp\/v2\/media?parent=3958"}],"wp:term":[{"taxonomy":"product_cat","embeddable":true,"href":"https:\/\/sipin.com.vn\/index.php\/wp-json\/wp\/v2\/product_cat?post=3958"},{"taxonomy":"product_tag","embeddable":true,"href":"https:\/\/sipin.com.vn\/index.php\/wp-json\/wp\/v2\/product_tag?post=3958"}],"curies":[{"name":"wp","href":"https:\/\/api.w.org\/{rel}","templated":true}]}}