{"id":3956,"date":"2025-06-04T21:41:37","date_gmt":"2025-06-04T14:41:37","guid":{"rendered":"https:\/\/sipin.com.vn\/?post_type=product&#038;p=3956"},"modified":"2025-06-04T21:41:37","modified_gmt":"2025-06-04T14:41:37","slug":"skp-sar200-02bg","status":"publish","type":"product","link":"https:\/\/sipin.com.vn\/index.php\/product\/skp-sar200-02bg\/","title":{"rendered":"SKP SAR200-02BG"},"content":{"rendered":"<p>SKP SAR200-02BG<\/p>\n<h3><strong>Van \u0111i\u1ec1u \u00e1p SKP SAR200-02BG<\/strong><\/h3>\n<h3><strong>C\u00e1c th\u00f4ng s\u1ed1 k\u1ef9 thu\u1eadt c\u1ee7a van \u0111i\u1ec1u \u00e1p SKP SAR200-02BG (Van \u0111i\u1ec1u ch\u1ec9nh \u00e1p su\u1ea5t kh\u00ed n\u00e9n, ren 13)\u00a0<\/strong><\/h3>\n<p><strong>Van \u0111i\u1ec1u \u00e1p kh\u00ed n\u00e9n\u00a0<\/strong>SKP SAR200-02BG c\u00f3 ch\u1ee9c n\u0103ng \u0111i\u1ec1u ch\u1ec9nh \u00e1p su\u1ea5t kh\u00ed n\u00e9n<\/p>\n<p class=\"fr-tag\">k\u00edch th\u01b0\u1edbc c\u1ed5ng : 1\/4\u2033 (ren 13mm)<\/p>\n<p class=\"fr-tag\">\u00c1p su\u1ea5t l\u00e0m vi\u1ec7c t\u1ed1i \u0111a: 9.9 kg\/cm\u00b2<\/p>\n<p class=\"fr-tag\">\u00c1p su\u1ea5t \u0111i\u1ec1u ch\u1ec9nh:\u00a0<span class=\"fontArticleDesc\">0.5 \u2013 8.5 kg\/c<\/span>m\u00b2<\/p>\n<p class=\"fr-tag\">Nhi\u1ec7t \u0111\u1ed9 ho\u1ea1t \u0111\u1ed9ng:\u00a05~60<sup>o<\/sup>C<\/p>\n<p class=\"fr-tag\">H\u00e3ng s\u1ea3n xu\u1ea5t: SKP (H\u00e0n Qu\u1ed1c)<\/p>\n<p class=\"fr-tag\"><strong>Van \u0111i\u1ec1u \u00e1p\u00a0<\/strong>SKP\u00a0series\u00a0SAR\u00a0c\u00f3 c\u00e1c model sau:<\/p>\n<p class=\"fr-tag\">SAR200-02BG (ren 13mm, 1\/4\u2033)<\/p>\n<p class=\"fr-tag\">SAR300-03BG (ren 17mm, 3\/8\u2033)<\/p>\n<p class=\"fr-tag\">SAR400-04BG (ren 21mm, 1\/2\u2033)<\/p>\n<p class=\"fr-tag\">SAR400-06BG (ren 27mm, 3\/4\u2033)<\/p>\n<p class=\"fr-tag\">SAR600-06BG (ren 27mm, 3\/4\u2033)<\/p>\n<p class=\"fr-tag\">SAR600-10BG (ren 34mm, 1\u2033)<\/p>\n<p class=\"fr-tag\">Ngo\u00e0i nh\u1eefng model tr\u00ean\u00a0van \u0111i\u1ec1u \u00e1p\u00a0SKP\u00a0c\u00f2n c\u00f3 c\u00e1c\u00a0van \u0111i\u1ec1u \u00e1p l\u01b0u l\u01b0\u1ee3ng l\u1edbn\u00a0c\u00f3 k\u00edch c\u1ee1 kh\u00e1c nhau nh\u01b0:<\/p>\n<p class=\"fr-tag\">SAR825-12G (ren 42, 1.1\/4\u2033),<\/p>\n<p class=\"fr-tag\">SAR825-14G (ren 49, 1.1\/2\u2033),<\/p>\n<p class=\"fr-tag\">SAR925-20G (ren 60, 2\u2033)<\/p>\n","protected":false},"excerpt":{"rendered":"<p>SKP SAR200-02BG Van \u0111i\u1ec1u \u00e1p SKP SAR200-02BG C\u00e1c th\u00f4ng s\u1ed1 k\u1ef9 thu\u1eadt c\u1ee7a van \u0111i\u1ec1u \u00e1p SKP SAR200-02BG (Van \u0111i\u1ec1u ch\u1ec9nh \u00e1p su\u1ea5t kh\u00ed n\u00e9n, ren 13)\u00a0 Van \u0111i\u1ec1u \u00e1p kh\u00ed n\u00e9n\u00a0SKP SAR200-02BG c\u00f3 ch\u1ee9c n\u0103ng \u0111i\u1ec1u ch\u1ec9nh \u00e1p su\u1ea5t kh\u00ed n\u00e9n k\u00edch th\u01b0\u1edbc c\u1ed5ng : 1\/4\u2033 (ren 13mm) \u00c1p&hellip; <\/p>\n","protected":false},"featured_media":3957,"comment_status":"open","ping_status":"closed","template":"","meta":{"om_disable_all_campaigns":false,"_monsterinsights_skip_tracking":false,"_monsterinsights_sitenote_active":false,"_monsterinsights_sitenote_note":"","_monsterinsights_sitenote_category":0},"product_cat":[796],"product_tag":[798,797,198],"class_list":{"0":"post-3956","1":"product","2":"type-product","3":"status-publish","4":"has-post-thumbnail","6":"product_cat-skp","7":"product_tag-dai-ly-skp-viet-nam","8":"product_tag-skp-viet-nam","9":"product_tag-van-dieu-ap","11":"first","12":"instock","13":"shipping-taxable","14":"product-type-simple"},"aioseo_notices":[],"yoast_head":"<!-- This site is optimized with the Yoast SEO plugin v22.8 - https:\/\/yoast.com\/wordpress\/plugins\/seo\/ -->\n<title>SKP SAR200-02BG - OMANI VI\u1ec6T NAM<\/title>\n<meta name=\"description\" content=\"SKP SAR200-02BG Air regulator\" \/>\n<meta name=\"robots\" content=\"index, follow, max-snippet:-1, max-image-preview:large, max-video-preview:-1\" \/>\n<link rel=\"canonical\" href=\"https:\/\/sipin.com.vn\/index.php\/product\/skp-sar200-02bg\/\" \/>\n<meta property=\"og:locale\" content=\"vi_VN\" \/>\n<meta property=\"og:type\" content=\"article\" \/>\n<meta property=\"og:title\" content=\"SKP SAR200-02BG - OMANI VI\u1ec6T NAM\" \/>\n<meta property=\"og:description\" content=\"SKP SAR200-02BG Air regulator\" \/>\n<meta property=\"og:url\" content=\"https:\/\/sipin.com.vn\/index.php\/product\/skp-sar200-02bg\/\" \/>\n<meta property=\"og:site_name\" content=\"OMANI VI\u1ec6T NAM\" \/>\n<meta property=\"og:image\" content=\"https:\/\/sipin.com.vn\/wp-content\/uploads\/2025\/06\/SAR200-02BG.png\" \/>\n\t<meta property=\"og:image:width\" content=\"599\" \/>\n\t<meta property=\"og:image:height\" content=\"571\" \/>\n\t<meta property=\"og:image:type\" content=\"image\/png\" \/>\n<meta name=\"twitter:card\" content=\"summary_large_image\" \/>\n<meta name=\"twitter:label1\" content=\"\u01af\u1edbc t\u00ednh th\u1eddi gian \u0111\u1ecdc\" \/>\n\t<meta name=\"twitter:data1\" content=\"2 ph\u00fat\" \/>\n<script type=\"application\/ld+json\" class=\"yoast-schema-graph\">{\"@context\":\"https:\/\/schema.org\",\"@graph\":[{\"@type\":\"WebPage\",\"@id\":\"https:\/\/sipin.com.vn\/index.php\/product\/skp-sar200-02bg\/\",\"url\":\"https:\/\/sipin.com.vn\/index.php\/product\/skp-sar200-02bg\/\",\"name\":\"SKP SAR200-02BG - OMANI VI\u1ec6T NAM\",\"isPartOf\":{\"@id\":\"https:\/\/sipin.com.vn\/#website\"},\"primaryImageOfPage\":{\"@id\":\"https:\/\/sipin.com.vn\/index.php\/product\/skp-sar200-02bg\/#primaryimage\"},\"image\":{\"@id\":\"https:\/\/sipin.com.vn\/index.php\/product\/skp-sar200-02bg\/#primaryimage\"},\"thumbnailUrl\":\"https:\/\/sipin.com.vn\/wp-content\/uploads\/2025\/06\/SAR200-02BG.png\",\"datePublished\":\"2025-06-04T14:41:37+00:00\",\"dateModified\":\"2025-06-04T14:41:37+00:00\",\"description\":\"SKP SAR200-02BG Air regulator\",\"breadcrumb\":{\"@id\":\"https:\/\/sipin.com.vn\/index.php\/product\/skp-sar200-02bg\/#breadcrumb\"},\"inLanguage\":\"vi\",\"potentialAction\":[{\"@type\":\"ReadAction\",\"target\":[\"https:\/\/sipin.com.vn\/index.php\/product\/skp-sar200-02bg\/\"]}]},{\"@type\":\"ImageObject\",\"inLanguage\":\"vi\",\"@id\":\"https:\/\/sipin.com.vn\/index.php\/product\/skp-sar200-02bg\/#primaryimage\",\"url\":\"https:\/\/sipin.com.vn\/wp-content\/uploads\/2025\/06\/SAR200-02BG.png\",\"contentUrl\":\"https:\/\/sipin.com.vn\/wp-content\/uploads\/2025\/06\/SAR200-02BG.png\",\"width\":599,\"height\":571},{\"@type\":\"BreadcrumbList\",\"@id\":\"https:\/\/sipin.com.vn\/index.php\/product\/skp-sar200-02bg\/#breadcrumb\",\"itemListElement\":[{\"@type\":\"ListItem\",\"position\":1,\"name\":\"Home\",\"item\":\"https:\/\/sipin.com.vn\/\"},{\"@type\":\"ListItem\",\"position\":2,\"name\":\"S\u1ea2N PH\u1ea8M\",\"item\":\"https:\/\/sipin.com.vn\/index.php\/cua-hang\/\"},{\"@type\":\"ListItem\",\"position\":3,\"name\":\"SKP SAR200-02BG\"}]},{\"@type\":\"WebSite\",\"@id\":\"https:\/\/sipin.com.vn\/#website\",\"url\":\"https:\/\/sipin.com.vn\/\",\"name\":\"OMANI VI\u1ec6T NAM\",\"description\":\"Nh\u00e0 ph\u00e2n ph\u1ed1i thi\u1ebft b\u1ecb kh\u00ed n\u00e9n v\u00e0 thi\u1ebft b\u1ecb t\u1ef1 \u0111\u1ed9ng h\u00f3a trong c\u00f4ng nghi\u1ec7p\",\"publisher\":{\"@id\":\"https:\/\/sipin.com.vn\/#\/schema\/person\/0ad398a980dc3fd696111c2c5c8fa897\"},\"potentialAction\":[{\"@type\":\"SearchAction\",\"target\":{\"@type\":\"EntryPoint\",\"urlTemplate\":\"https:\/\/sipin.com.vn\/?s={search_term_string}\"},\"query-input\":\"required name=search_term_string\"}],\"inLanguage\":\"vi\"},{\"@type\":[\"Person\",\"Organization\"],\"@id\":\"https:\/\/sipin.com.vn\/#\/schema\/person\/0ad398a980dc3fd696111c2c5c8fa897\",\"name\":\"Nguy\u1ec5n V\u0103n Kh\u00e1nh\",\"image\":{\"@type\":\"ImageObject\",\"inLanguage\":\"vi\",\"@id\":\"https:\/\/sipin.com.vn\/#\/schema\/person\/image\/\",\"url\":\"https:\/\/sipin.com.vn\/wp-content\/uploads\/2024\/06\/logo-1024x1024.png\",\"contentUrl\":\"https:\/\/sipin.com.vn\/wp-content\/uploads\/2024\/06\/logo-1024x1024.png\",\"width\":1024,\"height\":1024,\"caption\":\"Nguy\u1ec5n V\u0103n Kh\u00e1nh\"},\"logo\":{\"@id\":\"https:\/\/sipin.com.vn\/#\/schema\/person\/image\/\"},\"sameAs\":[\"https:\/\/sipin.com.vn\"]}]}<\/script>\n<!-- \/ Yoast SEO plugin. -->","yoast_head_json":{"title":"SKP SAR200-02BG - OMANI VI\u1ec6T NAM","description":"SKP SAR200-02BG Air regulator","robots":{"index":"index","follow":"follow","max-snippet":"max-snippet:-1","max-image-preview":"max-image-preview:large","max-video-preview":"max-video-preview:-1"},"canonical":"https:\/\/sipin.com.vn\/index.php\/product\/skp-sar200-02bg\/","og_locale":"vi_VN","og_type":"article","og_title":"SKP SAR200-02BG - OMANI VI\u1ec6T NAM","og_description":"SKP SAR200-02BG Air regulator","og_url":"https:\/\/sipin.com.vn\/index.php\/product\/skp-sar200-02bg\/","og_site_name":"OMANI VI\u1ec6T NAM","og_image":[{"width":599,"height":571,"url":"https:\/\/sipin.com.vn\/wp-content\/uploads\/2025\/06\/SAR200-02BG.png","type":"image\/png"}],"twitter_card":"summary_large_image","twitter_misc":{"\u01af\u1edbc t\u00ednh th\u1eddi gian \u0111\u1ecdc":"2 ph\u00fat"},"schema":{"@context":"https:\/\/schema.org","@graph":[{"@type":"WebPage","@id":"https:\/\/sipin.com.vn\/index.php\/product\/skp-sar200-02bg\/","url":"https:\/\/sipin.com.vn\/index.php\/product\/skp-sar200-02bg\/","name":"SKP SAR200-02BG - OMANI VI\u1ec6T NAM","isPartOf":{"@id":"https:\/\/sipin.com.vn\/#website"},"primaryImageOfPage":{"@id":"https:\/\/sipin.com.vn\/index.php\/product\/skp-sar200-02bg\/#primaryimage"},"image":{"@id":"https:\/\/sipin.com.vn\/index.php\/product\/skp-sar200-02bg\/#primaryimage"},"thumbnailUrl":"https:\/\/sipin.com.vn\/wp-content\/uploads\/2025\/06\/SAR200-02BG.png","datePublished":"2025-06-04T14:41:37+00:00","dateModified":"2025-06-04T14:41:37+00:00","description":"SKP SAR200-02BG Air regulator","breadcrumb":{"@id":"https:\/\/sipin.com.vn\/index.php\/product\/skp-sar200-02bg\/#breadcrumb"},"inLanguage":"vi","potentialAction":[{"@type":"ReadAction","target":["https:\/\/sipin.com.vn\/index.php\/product\/skp-sar200-02bg\/"]}]},{"@type":"ImageObject","inLanguage":"vi","@id":"https:\/\/sipin.com.vn\/index.php\/product\/skp-sar200-02bg\/#primaryimage","url":"https:\/\/sipin.com.vn\/wp-content\/uploads\/2025\/06\/SAR200-02BG.png","contentUrl":"https:\/\/sipin.com.vn\/wp-content\/uploads\/2025\/06\/SAR200-02BG.png","width":599,"height":571},{"@type":"BreadcrumbList","@id":"https:\/\/sipin.com.vn\/index.php\/product\/skp-sar200-02bg\/#breadcrumb","itemListElement":[{"@type":"ListItem","position":1,"name":"Home","item":"https:\/\/sipin.com.vn\/"},{"@type":"ListItem","position":2,"name":"S\u1ea2N PH\u1ea8M","item":"https:\/\/sipin.com.vn\/index.php\/cua-hang\/"},{"@type":"ListItem","position":3,"name":"SKP SAR200-02BG"}]},{"@type":"WebSite","@id":"https:\/\/sipin.com.vn\/#website","url":"https:\/\/sipin.com.vn\/","name":"OMANI VI\u1ec6T NAM","description":"Nh\u00e0 ph\u00e2n ph\u1ed1i thi\u1ebft b\u1ecb kh\u00ed n\u00e9n v\u00e0 thi\u1ebft b\u1ecb t\u1ef1 \u0111\u1ed9ng h\u00f3a trong c\u00f4ng nghi\u1ec7p","publisher":{"@id":"https:\/\/sipin.com.vn\/#\/schema\/person\/0ad398a980dc3fd696111c2c5c8fa897"},"potentialAction":[{"@type":"SearchAction","target":{"@type":"EntryPoint","urlTemplate":"https:\/\/sipin.com.vn\/?s={search_term_string}"},"query-input":"required name=search_term_string"}],"inLanguage":"vi"},{"@type":["Person","Organization"],"@id":"https:\/\/sipin.com.vn\/#\/schema\/person\/0ad398a980dc3fd696111c2c5c8fa897","name":"Nguy\u1ec5n V\u0103n Kh\u00e1nh","image":{"@type":"ImageObject","inLanguage":"vi","@id":"https:\/\/sipin.com.vn\/#\/schema\/person\/image\/","url":"https:\/\/sipin.com.vn\/wp-content\/uploads\/2024\/06\/logo-1024x1024.png","contentUrl":"https:\/\/sipin.com.vn\/wp-content\/uploads\/2024\/06\/logo-1024x1024.png","width":1024,"height":1024,"caption":"Nguy\u1ec5n V\u0103n Kh\u00e1nh"},"logo":{"@id":"https:\/\/sipin.com.vn\/#\/schema\/person\/image\/"},"sameAs":["https:\/\/sipin.com.vn"]}]}},"_links":{"self":[{"href":"https:\/\/sipin.com.vn\/index.php\/wp-json\/wp\/v2\/product\/3956","targetHints":{"allow":["GET"]}}],"collection":[{"href":"https:\/\/sipin.com.vn\/index.php\/wp-json\/wp\/v2\/product"}],"about":[{"href":"https:\/\/sipin.com.vn\/index.php\/wp-json\/wp\/v2\/types\/product"}],"replies":[{"embeddable":true,"href":"https:\/\/sipin.com.vn\/index.php\/wp-json\/wp\/v2\/comments?post=3956"}],"wp:featuredmedia":[{"embeddable":true,"href":"https:\/\/sipin.com.vn\/index.php\/wp-json\/wp\/v2\/media\/3957"}],"wp:attachment":[{"href":"https:\/\/sipin.com.vn\/index.php\/wp-json\/wp\/v2\/media?parent=3956"}],"wp:term":[{"taxonomy":"product_cat","embeddable":true,"href":"https:\/\/sipin.com.vn\/index.php\/wp-json\/wp\/v2\/product_cat?post=3956"},{"taxonomy":"product_tag","embeddable":true,"href":"https:\/\/sipin.com.vn\/index.php\/wp-json\/wp\/v2\/product_tag?post=3956"}],"curies":[{"name":"wp","href":"https:\/\/api.w.org\/{rel}","templated":true}]}}