{"id":3954,"date":"2025-06-04T21:39:08","date_gmt":"2025-06-04T14:39:08","guid":{"rendered":"https:\/\/sipin.com.vn\/?post_type=product&#038;p=3954"},"modified":"2025-06-04T21:39:08","modified_gmt":"2025-06-04T14:39:08","slug":"skp-sau400-04dg-pcs","status":"publish","type":"product","link":"https:\/\/sipin.com.vn\/index.php\/product\/skp-sau400-04dg-pcs\/","title":{"rendered":"SKP SAU400-04DG-PcS"},"content":{"rendered":"<p>SKP SAU400-04DG-PcS<\/p>\n<p>SKP SAU400-04G-PcS<\/p>\n<p>SKP SAU410-04DG-PcS SKP SAU400-04G-PcS<\/p>\n<p>SKP SAU310-04DG-PcS SKP SAU310-04G-PcS<\/p>\n<h2 class=\"WjNdTR\">Product Description<\/h2>\n<div class=\"Gf4Ro0\">\n<div class=\"e8lZp3\">\n<p class=\"QN2lPu\">SAU = Air Unit<\/p>\n<p class=\"QN2lPu\">Body Size : 4 &#8211; 1\/2<\/p>\n<p class=\"QN2lPu\">Composition : 00 &#8211; Filter (SAF), Regulator (SAR), Lubricator (SAL)<\/p>\n<p class=\"QN2lPu\">Thread type : Nil &#8211; Rc(PT)<\/p>\n<p class=\"QN2lPu\">Port Size : 04 &#8211; 1\/2<\/p>\n<p class=\"QN2lPu\">D &#8211; Auto Drain<\/p>\n<p class=\"QN2lPu\">G &#8211; Gauge<\/p>\n<p class=\"QN2lPu\">Bowl : Polycarbonate<\/p>\n<p class=\"QN2lPu\">Precautions 1. Do not use poly-carbonate bowls in an environment where they are exposed to or come in contact with organic solvents, chemicals, cutting oil, synthetic oil, alkali, and thread lock solutions. 2. Components with a bowl must be installed vertically with the bowl downward so that faulty drain discharge and dripping can be verified. 3. Set the outlet pressure range for the regulator in a range that is 85%, or less of the inlet pressure. If set above 85% the inlet pressure will be easily effected by fluctuations in the flow rate and inlet pressure, and will become unstable. 4. To set the pressure using the knob, turn the knob in the direction that increases pressure and lock the knob after the pressure is set. If this is done in the direction that decreases pressure, the pressure may drop from the original set pressure. Turning the knob clockwise increases the outlet pressure, and turning it counterclockwise reduce the pressure. 5. When auto drain is used, drain piping should be both 4mm or greater in diameter and less than 1mm in length. Avoid installing drain piping upwards. 6. When auto drain is inoperable, drain manually by pushing the one-touch fitting upward.<\/p>\n<\/div>\n<\/div>\n<p><strong>C\u00e1c th\u00f4ng s\u1ed1 k\u1ef9 thu\u1eadt c\u1ee7a b\u1ed9 l\u1ecdc kh\u00ed n\u00e9n SKP SAU400-04 B\u1ed9 l\u1ecdc ba<\/strong><\/p>\n<p class=\"fr-tag\">k\u00edch th\u01b0\u1edbc c\u1ed5ng : 1\/2&#8243; (ren 21 mm),<\/p>\n<p class=\"fr-tag\">\u00c1p su\u1ea5t ho\u1ea1t \u0111\u1ed9ng t\u1ed1i \u0111a :\u00a0<span style=\"font-family: Tahoma, Geneva, sans-serif;\">9.9 kg\/c<\/span>m\u00b2,<\/p>\n<p class=\"fr-tag\">\u00c1p su\u1ea5t cung c\u1ea5p t\u1ed1i \u0111a : 15.3kg\/cm\u00b2,<\/p>\n<p class=\"fr-tag\">D\u00e3y \u00e1p su\u1ea5t \u0111i\u1ec1u ch\u1ec9nh :\u00a0<span class=\"fontArticleDesc\">0.5<\/span>~8<span class=\"fontArticleDesc\">.7<\/span>\u00a0kg\/cm\u00b2,<\/p>\n<p class=\"fr-tag\">Kh\u1ea3 n\u0103ng l\u1ecdc: 10\u00b5m,<\/p>\n<p class=\"fr-tag\">Nhi\u1ec7t \u0111\u1ed9 l\u00e0m vi\u1ec7c : 5~60<sup>o<\/sup>C,<\/p>\n<p class=\"fr-tag\">Xu\u1ea5t x\u1ee9: SKP (H\u00e0n Qu\u1ed1c)<\/p>\n<p class=\"fr-tag\"><strong>B\u1ed9 l\u1ecdc kh\u00ed n\u00e9n SKP<\/strong><strong>\u00a0SAU400-04<\/strong> \u0111\u01b0\u1ee3c c\u1ea5u t\u1ea1o th\u00e0nh b\u1edfi b\u1ed9 ba bao g\u1ed3m:\u00a0 SAF400-04 (l\u1ecdc kh\u00ed) + SAR400-04 (B\u1ed9 \u0111i\u1ec1u \u00e1p) +SAL400-04<a href=\"http:\/\/vandientuchinhhang.com\/bo-chua-dau-boi-tron-skp-sal4000-04-phi-21-sp226.html\">\u00a0<\/a>\u00a0(B\u1ed9 cung c\u1ea5p d\u1ea7u) c\u00f3 model nh\u01b0 sau:<\/p>\n<p class=\"fr-tag\"><strong>SAU400-04G\u00a0 \u00a0 \u00a0 \u00a0 \u00a0 \u00a0<\/strong>(ren 21mm)<strong>\u00a0<\/strong>(lo\u1ea1i c\u1ed1c(ly) l\u1ecdc \u0111\u01b0\u1ee3c l\u00e0m b\u1eb1ng nh\u1ef1a, x\u1ea3 tay).<\/p>\n<p class=\"fr-tag\"><strong>SAU400-04DG\u00a0 \u00a0 \u00a0 \u00a0\u00a0<\/strong>(ren 21mm)\u00a0(lo\u1ea1i c\u1ed1c(ly) l\u1ecdc \u0111\u01b0\u1ee3c l\u00e0m b\u1eb1ng nh\u1ef1a, t\u1ef1 \u0111\u1ed9ng x\u1ea3).<\/p>\n<p class=\"fr-tag\"><strong>SAU400-04G-ME\u00a0 \u00a0\u00a0<\/strong>(ren 21mm)\u00a0(lo\u1ea1i c\u1ed1c(ly) l\u1ecdc \u0111\u01b0\u1ee3c l\u00e0m b\u1eb1ng nh\u00f4m, x\u1ea3 tay).<\/p>\n<p class=\"fr-tag\"><strong>SAU400-04DG-ME\u00a0<\/strong>(ren 21mm)\u00a0(lo\u1ea1i c\u1ed1c(ly) l\u1ecdc \u0111\u01b0\u1ee3c l\u00e0m b\u1eb1ng nh\u00f4m, t\u1ef1 \u0111\u1ed9ng x\u1ea3).<\/p>\n<p class=\"fr-tag\">B\u1ed9 l\u1ecdc ba\u00a0<strong>SAU<\/strong>\u00a0c\u00f3 c\u00e1c k\u00edch th\u01b0\u1edbc kh\u00e1c nhau nh\u01b0 sau:<\/p>\n<p class=\"fr-tag\"><b>SAU200-02 <\/b>(1\/4&#8243;, phi 13mm)<\/p>\n<p class=\"fr-tag\">SAU300-03 <b><\/b>(1\/2&#8243;, phi 21mm)<\/p>\n<p class=\"fr-tag\"><b>SAU400-06 <\/b>(3\/4&#8243;, phi 27mm)<\/p>\n<p class=\"fr-tag\"><b>SAU600-06<\/b>(3\/4&#8243;, phi 27mm)<\/p>\n<p class=\"fr-tag\"><b>SAU600-10<\/b>(3\/4&#8243;, phi 34mm)<\/p>\n<p>L\u1ecdc \u0111\u00f4i\u00a0<strong>SAU<\/strong>\u00a0c\u00f2n c\u00f3 c\u00e1c k\u00edch c\u1ee1 kh\u00e1c nhau th\u00f4ng qua c\u00e1c model \u00a0nh\u01b0 sau<\/p>\n<p>SAU210-02 (1\/4&#8243;, phi 13mm)<\/p>\n<p>SAU310-03 (3\/8&#8243;, phi 17mm)<\/p>\n<p>SAU410-04(1\/2&#8243;, phi 21mm)<\/p>\n<p>SAU610-06 (3\/4&#8243;, phi 27mm)<\/p>\n<p class=\"fr-tag\">SAU610-10 (1&#8243;, phi 34mm)<\/p>\n","protected":false},"excerpt":{"rendered":"<p>SKP SAU400-04DG-PcS SKP SAU400-04G-PcS SKP SAU410-04DG-PcS SKP SAU400-04G-PcS SKP SAU310-04DG-PcS SKP SAU310-04G-PcS Product Description SAU = Air Unit Body Size : 4 &#8211; 1\/2 Composition : 00 &#8211; Filter (SAF), Regulator (SAR), Lubricator (SAL) Thread type : Nil &#8211; Rc(PT) Port Size : 04 &#8211; 1\/2 D &#8211; Auto Drain&hellip; <\/p>\n","protected":false},"featured_media":3955,"comment_status":"open","ping_status":"closed","template":"","meta":{"om_disable_all_campaigns":false,"_monsterinsights_skip_tracking":false,"_monsterinsights_sitenote_active":false,"_monsterinsights_sitenote_note":"","_monsterinsights_sitenote_category":0},"product_cat":[796],"product_tag":[798,799,797],"class_list":{"0":"post-3954","1":"product","2":"type-product","3":"status-publish","4":"has-post-thumbnail","6":"product_cat-skp","7":"product_tag-dai-ly-skp-viet-nam","8":"product_tag-loc-ba","9":"product_tag-skp-viet-nam","11":"first","12":"instock","13":"shipping-taxable","14":"product-type-simple"},"aioseo_notices":[],"yoast_head":"<!-- This site is optimized with the Yoast SEO plugin v22.8 - https:\/\/yoast.com\/wordpress\/plugins\/seo\/ -->\n<title>SKP SAU400-04DG-PcS - OMANI VI\u1ec6T NAM<\/title>\n<meta name=\"description\" content=\"SKP SAU400-04DG-PcS Air Unit (SAU) - Air Filter + Air Regulator + Air Lubricator\" \/>\n<meta name=\"robots\" content=\"index, follow, max-snippet:-1, max-image-preview:large, max-video-preview:-1\" \/>\n<link rel=\"canonical\" href=\"https:\/\/sipin.com.vn\/index.php\/product\/skp-sau400-04dg-pcs\/\" \/>\n<meta property=\"og:locale\" content=\"vi_VN\" \/>\n<meta property=\"og:type\" content=\"article\" \/>\n<meta property=\"og:title\" content=\"SKP SAU400-04DG-PcS - OMANI VI\u1ec6T NAM\" \/>\n<meta property=\"og:description\" content=\"SKP SAU400-04DG-PcS Air Unit (SAU) - Air Filter + Air Regulator + Air Lubricator\" \/>\n<meta property=\"og:url\" content=\"https:\/\/sipin.com.vn\/index.php\/product\/skp-sau400-04dg-pcs\/\" \/>\n<meta property=\"og:site_name\" content=\"OMANI VI\u1ec6T NAM\" \/>\n<meta property=\"og:image\" content=\"https:\/\/sipin.com.vn\/wp-content\/uploads\/2025\/06\/SAU400-04DG-PcS.png\" \/>\n\t<meta property=\"og:image:width\" content=\"622\" \/>\n\t<meta property=\"og:image:height\" content=\"522\" \/>\n\t<meta property=\"og:image:type\" content=\"image\/png\" \/>\n<meta name=\"twitter:card\" content=\"summary_large_image\" \/>\n<meta name=\"twitter:label1\" content=\"\u01af\u1edbc t\u00ednh th\u1eddi gian \u0111\u1ecdc\" \/>\n\t<meta name=\"twitter:data1\" content=\"3 ph\u00fat\" \/>\n<script type=\"application\/ld+json\" class=\"yoast-schema-graph\">{\"@context\":\"https:\/\/schema.org\",\"@graph\":[{\"@type\":\"WebPage\",\"@id\":\"https:\/\/sipin.com.vn\/index.php\/product\/skp-sau400-04dg-pcs\/\",\"url\":\"https:\/\/sipin.com.vn\/index.php\/product\/skp-sau400-04dg-pcs\/\",\"name\":\"SKP SAU400-04DG-PcS - OMANI VI\u1ec6T NAM\",\"isPartOf\":{\"@id\":\"https:\/\/sipin.com.vn\/#website\"},\"primaryImageOfPage\":{\"@id\":\"https:\/\/sipin.com.vn\/index.php\/product\/skp-sau400-04dg-pcs\/#primaryimage\"},\"image\":{\"@id\":\"https:\/\/sipin.com.vn\/index.php\/product\/skp-sau400-04dg-pcs\/#primaryimage\"},\"thumbnailUrl\":\"https:\/\/sipin.com.vn\/wp-content\/uploads\/2025\/06\/SAU400-04DG-PcS.png\",\"datePublished\":\"2025-06-04T14:39:08+00:00\",\"dateModified\":\"2025-06-04T14:39:08+00:00\",\"description\":\"SKP SAU400-04DG-PcS Air Unit (SAU) - Air Filter + Air Regulator + Air Lubricator\",\"breadcrumb\":{\"@id\":\"https:\/\/sipin.com.vn\/index.php\/product\/skp-sau400-04dg-pcs\/#breadcrumb\"},\"inLanguage\":\"vi\",\"potentialAction\":[{\"@type\":\"ReadAction\",\"target\":[\"https:\/\/sipin.com.vn\/index.php\/product\/skp-sau400-04dg-pcs\/\"]}]},{\"@type\":\"ImageObject\",\"inLanguage\":\"vi\",\"@id\":\"https:\/\/sipin.com.vn\/index.php\/product\/skp-sau400-04dg-pcs\/#primaryimage\",\"url\":\"https:\/\/sipin.com.vn\/wp-content\/uploads\/2025\/06\/SAU400-04DG-PcS.png\",\"contentUrl\":\"https:\/\/sipin.com.vn\/wp-content\/uploads\/2025\/06\/SAU400-04DG-PcS.png\",\"width\":622,\"height\":522},{\"@type\":\"BreadcrumbList\",\"@id\":\"https:\/\/sipin.com.vn\/index.php\/product\/skp-sau400-04dg-pcs\/#breadcrumb\",\"itemListElement\":[{\"@type\":\"ListItem\",\"position\":1,\"name\":\"Home\",\"item\":\"https:\/\/sipin.com.vn\/\"},{\"@type\":\"ListItem\",\"position\":2,\"name\":\"S\u1ea2N PH\u1ea8M\",\"item\":\"https:\/\/sipin.com.vn\/index.php\/cua-hang\/\"},{\"@type\":\"ListItem\",\"position\":3,\"name\":\"SKP SAU400-04DG-PcS\"}]},{\"@type\":\"WebSite\",\"@id\":\"https:\/\/sipin.com.vn\/#website\",\"url\":\"https:\/\/sipin.com.vn\/\",\"name\":\"OMANI VI\u1ec6T NAM\",\"description\":\"Nh\u00e0 ph\u00e2n ph\u1ed1i thi\u1ebft b\u1ecb kh\u00ed n\u00e9n v\u00e0 thi\u1ebft b\u1ecb t\u1ef1 \u0111\u1ed9ng h\u00f3a trong c\u00f4ng nghi\u1ec7p\",\"publisher\":{\"@id\":\"https:\/\/sipin.com.vn\/#\/schema\/person\/0ad398a980dc3fd696111c2c5c8fa897\"},\"potentialAction\":[{\"@type\":\"SearchAction\",\"target\":{\"@type\":\"EntryPoint\",\"urlTemplate\":\"https:\/\/sipin.com.vn\/?s={search_term_string}\"},\"query-input\":\"required name=search_term_string\"}],\"inLanguage\":\"vi\"},{\"@type\":[\"Person\",\"Organization\"],\"@id\":\"https:\/\/sipin.com.vn\/#\/schema\/person\/0ad398a980dc3fd696111c2c5c8fa897\",\"name\":\"Nguy\u1ec5n V\u0103n Kh\u00e1nh\",\"image\":{\"@type\":\"ImageObject\",\"inLanguage\":\"vi\",\"@id\":\"https:\/\/sipin.com.vn\/#\/schema\/person\/image\/\",\"url\":\"https:\/\/sipin.com.vn\/wp-content\/uploads\/2024\/06\/logo-1024x1024.png\",\"contentUrl\":\"https:\/\/sipin.com.vn\/wp-content\/uploads\/2024\/06\/logo-1024x1024.png\",\"width\":1024,\"height\":1024,\"caption\":\"Nguy\u1ec5n V\u0103n Kh\u00e1nh\"},\"logo\":{\"@id\":\"https:\/\/sipin.com.vn\/#\/schema\/person\/image\/\"},\"sameAs\":[\"https:\/\/sipin.com.vn\"]}]}<\/script>\n<!-- \/ Yoast SEO plugin. -->","yoast_head_json":{"title":"SKP SAU400-04DG-PcS - OMANI VI\u1ec6T NAM","description":"SKP SAU400-04DG-PcS Air Unit (SAU) - Air Filter + Air Regulator + Air Lubricator","robots":{"index":"index","follow":"follow","max-snippet":"max-snippet:-1","max-image-preview":"max-image-preview:large","max-video-preview":"max-video-preview:-1"},"canonical":"https:\/\/sipin.com.vn\/index.php\/product\/skp-sau400-04dg-pcs\/","og_locale":"vi_VN","og_type":"article","og_title":"SKP SAU400-04DG-PcS - OMANI VI\u1ec6T NAM","og_description":"SKP SAU400-04DG-PcS Air Unit (SAU) - Air Filter + Air Regulator + Air Lubricator","og_url":"https:\/\/sipin.com.vn\/index.php\/product\/skp-sau400-04dg-pcs\/","og_site_name":"OMANI VI\u1ec6T NAM","og_image":[{"width":622,"height":522,"url":"https:\/\/sipin.com.vn\/wp-content\/uploads\/2025\/06\/SAU400-04DG-PcS.png","type":"image\/png"}],"twitter_card":"summary_large_image","twitter_misc":{"\u01af\u1edbc t\u00ednh th\u1eddi gian \u0111\u1ecdc":"3 ph\u00fat"},"schema":{"@context":"https:\/\/schema.org","@graph":[{"@type":"WebPage","@id":"https:\/\/sipin.com.vn\/index.php\/product\/skp-sau400-04dg-pcs\/","url":"https:\/\/sipin.com.vn\/index.php\/product\/skp-sau400-04dg-pcs\/","name":"SKP SAU400-04DG-PcS - OMANI VI\u1ec6T NAM","isPartOf":{"@id":"https:\/\/sipin.com.vn\/#website"},"primaryImageOfPage":{"@id":"https:\/\/sipin.com.vn\/index.php\/product\/skp-sau400-04dg-pcs\/#primaryimage"},"image":{"@id":"https:\/\/sipin.com.vn\/index.php\/product\/skp-sau400-04dg-pcs\/#primaryimage"},"thumbnailUrl":"https:\/\/sipin.com.vn\/wp-content\/uploads\/2025\/06\/SAU400-04DG-PcS.png","datePublished":"2025-06-04T14:39:08+00:00","dateModified":"2025-06-04T14:39:08+00:00","description":"SKP SAU400-04DG-PcS Air Unit (SAU) - Air Filter + Air Regulator + Air Lubricator","breadcrumb":{"@id":"https:\/\/sipin.com.vn\/index.php\/product\/skp-sau400-04dg-pcs\/#breadcrumb"},"inLanguage":"vi","potentialAction":[{"@type":"ReadAction","target":["https:\/\/sipin.com.vn\/index.php\/product\/skp-sau400-04dg-pcs\/"]}]},{"@type":"ImageObject","inLanguage":"vi","@id":"https:\/\/sipin.com.vn\/index.php\/product\/skp-sau400-04dg-pcs\/#primaryimage","url":"https:\/\/sipin.com.vn\/wp-content\/uploads\/2025\/06\/SAU400-04DG-PcS.png","contentUrl":"https:\/\/sipin.com.vn\/wp-content\/uploads\/2025\/06\/SAU400-04DG-PcS.png","width":622,"height":522},{"@type":"BreadcrumbList","@id":"https:\/\/sipin.com.vn\/index.php\/product\/skp-sau400-04dg-pcs\/#breadcrumb","itemListElement":[{"@type":"ListItem","position":1,"name":"Home","item":"https:\/\/sipin.com.vn\/"},{"@type":"ListItem","position":2,"name":"S\u1ea2N PH\u1ea8M","item":"https:\/\/sipin.com.vn\/index.php\/cua-hang\/"},{"@type":"ListItem","position":3,"name":"SKP SAU400-04DG-PcS"}]},{"@type":"WebSite","@id":"https:\/\/sipin.com.vn\/#website","url":"https:\/\/sipin.com.vn\/","name":"OMANI VI\u1ec6T NAM","description":"Nh\u00e0 ph\u00e2n ph\u1ed1i thi\u1ebft b\u1ecb kh\u00ed n\u00e9n v\u00e0 thi\u1ebft b\u1ecb t\u1ef1 \u0111\u1ed9ng h\u00f3a trong c\u00f4ng nghi\u1ec7p","publisher":{"@id":"https:\/\/sipin.com.vn\/#\/schema\/person\/0ad398a980dc3fd696111c2c5c8fa897"},"potentialAction":[{"@type":"SearchAction","target":{"@type":"EntryPoint","urlTemplate":"https:\/\/sipin.com.vn\/?s={search_term_string}"},"query-input":"required name=search_term_string"}],"inLanguage":"vi"},{"@type":["Person","Organization"],"@id":"https:\/\/sipin.com.vn\/#\/schema\/person\/0ad398a980dc3fd696111c2c5c8fa897","name":"Nguy\u1ec5n V\u0103n Kh\u00e1nh","image":{"@type":"ImageObject","inLanguage":"vi","@id":"https:\/\/sipin.com.vn\/#\/schema\/person\/image\/","url":"https:\/\/sipin.com.vn\/wp-content\/uploads\/2024\/06\/logo-1024x1024.png","contentUrl":"https:\/\/sipin.com.vn\/wp-content\/uploads\/2024\/06\/logo-1024x1024.png","width":1024,"height":1024,"caption":"Nguy\u1ec5n V\u0103n Kh\u00e1nh"},"logo":{"@id":"https:\/\/sipin.com.vn\/#\/schema\/person\/image\/"},"sameAs":["https:\/\/sipin.com.vn"]}]}},"_links":{"self":[{"href":"https:\/\/sipin.com.vn\/index.php\/wp-json\/wp\/v2\/product\/3954","targetHints":{"allow":["GET"]}}],"collection":[{"href":"https:\/\/sipin.com.vn\/index.php\/wp-json\/wp\/v2\/product"}],"about":[{"href":"https:\/\/sipin.com.vn\/index.php\/wp-json\/wp\/v2\/types\/product"}],"replies":[{"embeddable":true,"href":"https:\/\/sipin.com.vn\/index.php\/wp-json\/wp\/v2\/comments?post=3954"}],"wp:featuredmedia":[{"embeddable":true,"href":"https:\/\/sipin.com.vn\/index.php\/wp-json\/wp\/v2\/media\/3955"}],"wp:attachment":[{"href":"https:\/\/sipin.com.vn\/index.php\/wp-json\/wp\/v2\/media?parent=3954"}],"wp:term":[{"taxonomy":"product_cat","embeddable":true,"href":"https:\/\/sipin.com.vn\/index.php\/wp-json\/wp\/v2\/product_cat?post=3954"},{"taxonomy":"product_tag","embeddable":true,"href":"https:\/\/sipin.com.vn\/index.php\/wp-json\/wp\/v2\/product_tag?post=3954"}],"curies":[{"name":"wp","href":"https:\/\/api.w.org\/{rel}","templated":true}]}}