{"id":3931,"date":"2025-05-29T22:51:19","date_gmt":"2025-05-29T15:51:19","guid":{"rendered":"https:\/\/sipin.com.vn\/?post_type=product&#038;p=3931"},"modified":"2025-05-29T22:51:19","modified_gmt":"2025-05-29T15:51:19","slug":"bussmann-170m6813d","status":"publish","type":"product","link":"https:\/\/sipin.com.vn\/index.php\/product\/bussmann-170m6813d\/","title":{"rendered":"BUSSMANN 170M6813D"},"content":{"rendered":"<p>BUSSMANN 170M6813D<\/p>\n<p>C\u1ea7u Ch\u00ec Bussmann 170M6813D<\/p>\n<p>\u0110i\u1ec7n \u00e1p : 690V<\/p>\n<p>D\u00f2ng \u0111i\u1ec7n : 900A<\/p>\n<p>D\u00f2ng c\u1eaft : 200kA<\/p>\n<p>\u0110\u1eb7c t\u00ednh : C\u1ea7u ch\u00ec c\u1eaft nhanh aR<\/p>\n<p>Ki\u1ec3u l\u1eafp : G\u1eafn \u0111\u1ebf d\u1ea1ng thanh g\u00e0i<\/p>\n<p>K\u00edch th\u01b0\u1edbc : Size 3<\/p>\n<p>\u1ee8ng d\u1ee5ng : B\u1ea3o v\u1ec7 UPS,Bi\u1ebfn t\u1ea7n&#8230;.<\/p>\n<div id=\"0\" class=\"product-specification-item\">\n<h2 class=\"product-specification-item__title\">General specifications:<\/h2>\n<div class=\"product-specification-item__content\">\n<table class=\"specifications-table\">\n<tbody>\n<tr class=\"specification-row\">\n<td class=\"specification-title\"><strong>Product Name<\/strong><\/td>\n<td class=\"specification-value\">\n<div class=\"module-table__value value-type-default\"><span class=\"specification-value-secondary\">Eaton Bussmann series high speed square body fuse<\/span><\/div>\n<\/td>\n<\/tr>\n<tr class=\"specification-row\">\n<td class=\"specification-title\"><strong>Catalog Number<\/strong><\/td>\n<td class=\"specification-value\">\n<div class=\"module-table__value value-type-default\"><span class=\"specification-value-secondary\">170M6813D<\/span><\/div>\n<\/td>\n<\/tr>\n<tr class=\"specification-row\">\n<td class=\"specification-title\"><strong>EAN<\/strong><\/td>\n<td class=\"specification-value\">\n<div class=\"module-table__value value-type-default\"><span class=\"specification-value-secondary\">5027590463263<\/span><\/div>\n<\/td>\n<\/tr>\n<tr class=\"specification-row\">\n<td class=\"specification-title\"><strong>UPC<\/strong><\/td>\n<td class=\"specification-value\">\n<div class=\"module-table__value value-type-default\"><span class=\"specification-value-secondary\">051712334969<\/span><\/div>\n<\/td>\n<\/tr>\n<tr class=\"specification-row\">\n<td class=\"specification-title\"><strong>Product Length\/Depth<\/strong><\/td>\n<td class=\"specification-value\">\n<div class=\"module-table__value value-type-default\"><span class=\"specification-value-secondary\">150 mm<\/span><\/div>\n<\/td>\n<\/tr>\n<tr class=\"specification-row\">\n<td class=\"specification-title\"><strong>Product Height<\/strong><\/td>\n<td class=\"specification-value\">\n<div class=\"module-table__value value-type-default\"><span class=\"specification-value-secondary\">87 mm<\/span><\/div>\n<\/td>\n<\/tr>\n<tr class=\"specification-row\">\n<td class=\"specification-title\"><strong>Product Width<\/strong><\/td>\n<td class=\"specification-value\">\n<div class=\"module-table__value value-type-default\"><span class=\"specification-value-secondary\">71 mm<\/span><\/div>\n<\/td>\n<\/tr>\n<tr class=\"specification-row\">\n<td class=\"specification-title\"><strong>Product Weight<\/strong><\/td>\n<td class=\"specification-value\">\n<div class=\"module-table__value value-type-default\"><span class=\"specification-value-secondary\">1113 g<\/span><\/div>\n<\/td>\n<\/tr>\n<tr class=\"specification-row\">\n<td class=\"specification-title\"><strong>Compliances<\/strong><\/td>\n<td class=\"specification-value\">\n<div class=\"module-table__value value-type-default\"><span class=\"specification-value-secondary\">CE Marked<br \/>\nRoHS Compliant<\/span><\/div>\n<\/td>\n<\/tr>\n<tr class=\"specification-row\">\n<td class=\"specification-title\"><strong>Certifications<\/strong><\/td>\n<td class=\"specification-value\">\n<div class=\"module-table__value value-type-default\"><span class=\"specification-value-secondary\">UL Recognized<br \/>\nIEC Rated<\/span><\/div>\n<\/td>\n<\/tr>\n<\/tbody>\n<\/table>\n<\/div>\n<\/div>\n<div id=\"1\" class=\"product-specification-item\">\n<h2 class=\"product-specification-item__title\">Product specifications:<\/h2>\n<div class=\"product-specification-item__content\">\n<div><\/div>\n<table class=\"specifications-table\">\n<tbody>\n<tr class=\"specification-row\">\n<td class=\"specification-title\"><strong>Amperage Rating<\/strong><\/td>\n<td class=\"specification-value\">\n<div class=\"module-table__value value-type-default\"><span class=\"specification-value-secondary\">900 A<\/span><\/div>\n<\/td>\n<\/tr>\n<tr class=\"specification-row\">\n<td class=\"specification-title\"><strong>Breaking capacity<\/strong><\/td>\n<td class=\"specification-value\">\n<div class=\"module-table__value value-type-default\"><span class=\"specification-value-secondary\">200 kA<\/span><\/div>\n<\/td>\n<\/tr>\n<tr class=\"specification-row\">\n<td class=\"specification-title\"><strong>Fuse indicator<\/strong><\/td>\n<td class=\"specification-value\">\n<div class=\"module-table__value value-type-default\"><span class=\"specification-value-secondary\">Combination fuse status indicator<\/span><\/div>\n<\/td>\n<\/tr>\n<tr class=\"specification-row\">\n<td class=\"specification-title\"><strong>Insulated metal gripping lugs (IMGL)<\/strong><\/td>\n<td class=\"specification-value\">\n<div class=\"module-table__value value-type-default\"><span class=\"specification-value-secondary\">No<\/span><\/div>\n<\/td>\n<\/tr>\n<tr class=\"specification-row\">\n<td class=\"specification-title\"><strong>Utilization category<\/strong><\/td>\n<td class=\"specification-value\">\n<div class=\"module-table__value value-type-default\"><span class=\"specification-value-secondary\">aR (accompanied semiconductor protection)<\/span><\/div>\n<\/td>\n<\/tr>\n<tr class=\"specification-row\">\n<td class=\"specification-title\"><strong>Voltage type<\/strong><\/td>\n<td class=\"specification-value\">\n<div class=\"module-table__value value-type-default\"><span class=\"specification-value-secondary\">AC<\/span><\/div>\n<\/td>\n<\/tr>\n<tr class=\"specification-row\">\n<td class=\"specification-title\"><strong>Fuse size<\/strong><\/td>\n<td class=\"specification-value\">\n<div class=\"module-table__value value-type-default\"><span class=\"specification-value-secondary\">3<\/span><\/div>\n<\/td>\n<\/tr>\n<tr class=\"specification-row\">\n<td class=\"specification-title\"><strong>Rated voltage AC<\/strong><\/td>\n<td class=\"specification-value\">\n<div class=\"module-table__value value-type-default\"><span class=\"specification-value-secondary\">690 V<\/span><\/div>\n<\/td>\n<\/tr>\n<tr class=\"specification-row\">\n<td class=\"specification-title\"><strong>Current type<\/strong><\/td>\n<td class=\"specification-value\">\n<div class=\"module-table__value value-type-default\"><span class=\"specification-value-secondary\">AC<\/span><\/div>\n<\/td>\n<\/tr>\n<tr class=\"specification-row\">\n<td class=\"specification-title\"><strong>Class<\/strong><\/td>\n<td class=\"specification-value\">\n<div class=\"module-table__value value-type-default\"><span class=\"specification-value-secondary\">Class aR<\/span><\/div>\n<\/td>\n<\/tr>\n<tr class=\"specification-row\">\n<td class=\"specification-title\"><strong>Clearing (I2T)<\/strong><\/td>\n<td class=\"specification-value\">\n<div class=\"module-table__value value-type-default\"><span class=\"specification-value-secondary\">720000 at 660 V<\/span><\/div>\n<\/td>\n<\/tr>\n<tr class=\"specification-row\">\n<td class=\"specification-title\"><strong>Watt losses<\/strong><\/td>\n<td class=\"specification-value\">\n<div class=\"module-table__value value-type-default\"><span class=\"specification-value-secondary\">50 W<\/span><\/div>\n<\/td>\n<\/tr>\n<tr class=\"specification-row\">\n<td class=\"specification-title\"><strong>Fuse shape<\/strong><\/td>\n<td class=\"specification-value\">\n<div class=\"module-table__value value-type-default\"><span class=\"specification-value-secondary\">Square body, knife blade contacts<\/span><\/div>\n<\/td>\n<\/tr>\n<tr class=\"specification-row\">\n<td class=\"specification-title\"><strong>Pre arc (I2T)<\/strong><\/td>\n<td class=\"specification-value\">\n<div class=\"module-table__value value-type-default\"><span class=\"specification-value-secondary\">100000<\/span><\/div>\n<\/td>\n<\/tr>\n<tr class=\"specification-row\">\n<td class=\"specification-title\"><strong>Color<\/strong><\/td>\n<td class=\"specification-value\">\n<div class=\"module-table__value value-type-default\"><span class=\"specification-value-secondary\">None<\/span><\/div>\n<\/td>\n<\/tr>\n<tr class=\"specification-row\">\n<td class=\"specification-title\"><strong>Interrupt rating<\/strong><\/td>\n<td class=\"specification-value\">\n<div class=\"module-table__value value-type-default\"><span class=\"specification-value-secondary\">200 kAIC<\/span><\/div>\n<\/td>\n<\/tr>\n<tr class=\"specification-row\">\n<td class=\"specification-title\"><strong>Fitted with:<\/strong><\/td>\n<td class=\"specification-value\">\n<div class=\"module-table__value value-type-default\"><span class=\"specification-value-secondary\">Dual indicator<\/span><\/div>\n<\/td>\n<\/tr>\n<tr class=\"specification-row\">\n<td class=\"specification-title\"><strong>Connection<\/strong><\/td>\n<td class=\"specification-value\">\n<div class=\"module-table__value value-type-default\"><span class=\"specification-value-secondary\">Din 43-620 blade end x Din 43-620 blade end<\/span><\/div>\n<\/td>\n<\/tr>\n<tr class=\"specification-row\">\n<td class=\"specification-title\"><strong>Construction size<\/strong><\/td>\n<td class=\"specification-value\">\n<div class=\"module-table__value value-type-default\"><span class=\"specification-value-secondary\">3<\/span><\/div>\n<\/td>\n<\/tr>\n<tr class=\"specification-row\">\n<td class=\"specification-title\"><strong>Packaging type<\/strong><\/td>\n<td class=\"specification-value\">\n<div class=\"module-table__value value-type-default\"><span class=\"specification-value-secondary\">Standard<\/span><\/div>\n<\/td>\n<\/tr>\n<tr class=\"specification-row\">\n<td class=\"specification-title\"><strong>Voltage rating<\/strong><\/td>\n<td class=\"specification-value\">\n<div class=\"module-table__value value-type-default\"><span class=\"specification-value-secondary\">690 V (IEC), 700 V (UL)<\/span><\/div>\n<\/td>\n<\/tr>\n<tr class=\"specification-row\">\n<td class=\"specification-title\"><strong>Type<\/strong><\/td>\n<td class=\"specification-value\">\n<div class=\"module-table__value value-type-default\"><span class=\"specification-value-secondary\">Fuse<\/span><\/div>\n<\/td>\n<\/tr>\n<tr class=\"specification-row\">\n<td class=\"specification-title\"><strong>Application<\/strong><\/td>\n<td class=\"specification-value\">\n<div class=\"module-table__value value-type-default\"><span class=\"specification-value-secondary\">Semiconductor, DC Common bus, DC drives, power converters\/rectifiers<\/span><\/div>\n<\/td>\n<\/tr>\n<tr class=\"specification-row\">\n<td class=\"specification-title\"><strong>Fuse type<\/strong><\/td>\n<td class=\"specification-value\">\n<div class=\"module-table__value value-type-default\"><span class=\"specification-value-secondary\">DIN 43620<br \/>\nBladed<\/span><\/div>\n<\/td>\n<\/tr>\n<tr class=\"specification-row\">\n<td class=\"specification-title\"><strong>Fuse system (according to IEC 60269)<\/strong><\/td>\n<\/tr>\n<\/tbody>\n<\/table>\n<\/div>\n<\/div>\n<p>S\u1ea3n Ph\u1ea9m C\u00f9ng Lo\u1ea1i:<\/p>\n<table border=\"0\" width=\"784\" cellspacing=\"0\" cellpadding=\"0\">\n<colgroup>\n<col \/>\n<col \/>\n<col \/><\/colgroup>\n<tbody>\n<tr>\n<td height=\"43\">M\u00e3 c\u1ea7u ch\u00ec<\/td>\n<td>D\u00f2ng \u0111i\u1ec7n (A)<\/td>\n<td>\u0110i\u1ec7n \u00c1p (V)<\/td>\n<\/tr>\n<tr>\n<td align=\"left\" height=\"45\">C\u1ea7u ch\u00ec\u00a0 Bussmann 170M3808D<\/td>\n<td>C\u1ea7u Ch\u00ec\u00a0 40A<\/td>\n<td rowspan=\"25\">C\u1ea7u Ch\u00ec AC<br \/>\n690V<\/td>\n<\/tr>\n<tr>\n<td align=\"left\" height=\"45\">C\u1ea7u ch\u00ec\u00a0 Bussmann 170M3809D<\/td>\n<td>C\u1ea7u Ch\u00ec\u00a0 50A<\/td>\n<\/tr>\n<tr>\n<td align=\"left\" height=\"45\">C\u1ea7u ch\u00ec\u00a0 Bussmann 170M3810D<\/td>\n<td>C\u1ea7u Ch\u00ec\u00a0 63A<\/td>\n<\/tr>\n<tr>\n<td align=\"left\" height=\"45\">C\u1ea7u ch\u00ec\u00a0 Bussmann 170M3811D<\/td>\n<td>C\u1ea7u Ch\u00ec\u00a0 80A<\/td>\n<\/tr>\n<tr>\n<td align=\"left\" height=\"45\">C\u1ea7u ch\u00ec\u00a0 Bussmann 170M3812D<\/td>\n<td>C\u1ea7u Ch\u00ec\u00a0 100A<\/td>\n<\/tr>\n<tr>\n<td align=\"left\" height=\"45\">C\u1ea7u ch\u00ec\u00a0 Bussmann 170M3813D<\/td>\n<td>C\u1ea7u Ch\u00ec\u00a0 125A<\/td>\n<\/tr>\n<tr>\n<td align=\"left\" height=\"45\">C\u1ea7u ch\u00ec\u00a0 Bussmann 170M3814D<\/td>\n<td>C\u1ea7u Ch\u00ec\u00a0 160A<\/td>\n<\/tr>\n<tr>\n<td align=\"left\" height=\"45\">C\u1ea7u ch\u00ec\u00a0 Bussmann 170M3815D<\/td>\n<td>C\u1ea7u Ch\u00ec\u00a0 200A<\/td>\n<\/tr>\n<tr>\n<td align=\"left\" height=\"45\">C\u1ea7u ch\u00ec\u00a0 Bussmann 170M3816D<\/td>\n<td>C\u1ea7u Ch\u00ec\u00a0 250A<\/td>\n<\/tr>\n<tr>\n<td align=\"left\" height=\"45\">C\u1ea7u ch\u00ec\u00a0 Bussmann 170M3817D<\/td>\n<td>C\u1ea7u Ch\u00ec\u00a0 315A<\/td>\n<\/tr>\n<tr>\n<td align=\"left\" height=\"45\">C\u1ea7u ch\u00ec\u00a0 Bussmann 170M3818D<\/td>\n<td>C\u1ea7u Ch\u00ec\u00a0 350A<\/td>\n<\/tr>\n<tr>\n<td align=\"left\" height=\"45\">C\u1ea7u ch\u00ec\u00a0 Bussmann 170M3819D<\/td>\n<td>C\u1ea7u Ch\u00ec\u00a0 400A<\/td>\n<\/tr>\n<tr>\n<td align=\"left\" height=\"45\">C\u1ea7u ch\u00ec\u00a0 Bussmann 170M5808D<\/td>\n<td>C\u1ea7u Ch\u00ec\u00a0 400A<\/td>\n<\/tr>\n<tr>\n<td align=\"left\" height=\"45\">C\u1ea7u ch\u00ec\u00a0 Bussmann 170M5809D<\/td>\n<td>C\u1ea7u Ch\u00ec\u00a0 450A<\/td>\n<\/tr>\n<tr>\n<td align=\"left\" height=\"45\">C\u1ea7u ch\u00ec\u00a0 Bussmann 170M5810D<\/td>\n<td>C\u1ea7u Ch\u00ec\u00a0 500A<\/td>\n<\/tr>\n<tr>\n<td align=\"left\" height=\"45\">C\u1ea7u ch\u00ec\u00a0 Bussmann 170M5811D<\/td>\n<td>C\u1ea7u Ch\u00ec\u00a0 550A<\/td>\n<\/tr>\n<tr>\n<td align=\"left\" height=\"45\">C\u1ea7u ch\u00ec\u00a0 Bussmann 170M5812D<\/td>\n<td>C\u1ea7u Ch\u00ec\u00a0 630A<\/td>\n<\/tr>\n<tr>\n<td align=\"left\" height=\"45\">C\u1ea7u ch\u00ec\u00a0 Bussmann 170M5813D<\/td>\n<td>C\u1ea7u Ch\u00ec\u00a0 700A<\/td>\n<\/tr>\n<tr>\n<td align=\"left\" height=\"45\">C\u1ea7u ch\u00ec\u00a0 Bussmann 170M6808D<\/td>\n<td>C\u1ea7u Ch\u00ec\u00a0 500A<\/td>\n<\/tr>\n<tr>\n<td align=\"left\" height=\"45\">C\u1ea7u ch\u00ec\u00a0 Bussmann 170M6809D<\/td>\n<td>C\u1ea7u Ch\u00ec\u00a0 550A<\/td>\n<\/tr>\n<tr>\n<td align=\"left\" height=\"45\">C\u1ea7u ch\u00ec\u00a0 Bussmann 170M6810D<\/td>\n<td>C\u1ea7u Ch\u00ec\u00a0 630A<\/td>\n<\/tr>\n<tr>\n<td align=\"left\" height=\"45\">C\u1ea7u ch\u00ec\u00a0 Bussmann 170M6811D<\/td>\n<td>C\u1ea7u Ch\u00ec\u00a0 700A<\/td>\n<\/tr>\n<tr>\n<td align=\"left\" height=\"45\">C\u1ea7u ch\u00ec\u00a0 Bussmann 170M6812D<\/td>\n<td>C\u1ea7u Ch\u00ec\u00a0 800A<\/td>\n<\/tr>\n<tr>\n<td align=\"left\" height=\"45\">C\u1ea7u ch\u00ec\u00a0 Bussmann 170M6813D<\/td>\n<td>C\u1ea7u Ch\u00ec\u00a0 900A<\/td>\n<\/tr>\n<tr>\n<td align=\"left\" height=\"45\">C\u1ea7u ch\u00ec\u00a0 Bussmann 170M6814D<\/td>\n<td>C\u1ea7u Ch\u00ec\u00a0 1000A<\/td>\n<\/tr>\n<\/tbody>\n<\/table>\n<table border=\"1\" cellspacing=\"1\" cellpadding=\"1\">\n<tbody>\n<tr>\n<td>C\u1ea7u ch\u00ec\u00a0 Bussmann 690V 500A<\/td>\n<td>170M6808D<\/td>\n<\/tr>\n<tr>\n<td>C\u1ea7u ch\u00ec\u00a0 Bussmann 690V 550A<\/td>\n<td>170M6809D<\/td>\n<\/tr>\n<tr>\n<td>C\u1ea7u ch\u00ec\u00a0 Bussmann 690V 630A<\/td>\n<td>170M6810D<\/td>\n<\/tr>\n<tr>\n<td>C\u1ea7u ch\u00ec\u00a0 Bussmann 690V 700A<\/td>\n<td>170M6811D<\/td>\n<\/tr>\n<tr>\n<td>C\u1ea7u ch\u00ec\u00a0 Bussmann 690V 800A<\/td>\n<td>170M6812D<\/td>\n<\/tr>\n<tr>\n<td>C\u1ea7u ch\u00ec\u00a0 Bussmann 690V 1000A<\/td>\n<td>170M6814D<\/td>\n<\/tr>\n<tr>\n<td>C\u1ea7u ch\u00ec\u00a0 Bussmann 690V 1100A<\/td>\n<td>170M6892D<\/td>\n<\/tr>\n<tr>\n<td>C\u1ea7u ch\u00ec\u00a0 Bussmann 690V 1250A<\/td>\n<td>170M8554D<\/td>\n<\/tr>\n<tr>\n<td>C\u1ea7u ch\u00ec\u00a0 Bussmann 690V 1400A<\/td>\n<td>170M8555D<\/td>\n<\/tr>\n<tr>\n<td>C\u1ea7u ch\u00ec\u00a0 Bussmann 690V 1500A<\/td>\n<td>170M8556D<\/td>\n<\/tr>\n<tr>\n<td>C\u1ea7u ch\u00ec\u00a0 Bussmann 690V 1600A<\/td>\n<td>170M8557D<\/td>\n<\/tr>\n<\/tbody>\n<\/table>\n","protected":false},"excerpt":{"rendered":"<p>BUSSMANN 170M6813D C\u1ea7u Ch\u00ec Bussmann 170M6813D \u0110i\u1ec7n \u00e1p : 690V D\u00f2ng \u0111i\u1ec7n : 900A D\u00f2ng c\u1eaft : 200kA \u0110\u1eb7c t\u00ednh : C\u1ea7u ch\u00ec c\u1eaft nhanh aR Ki\u1ec3u l\u1eafp : G\u1eafn \u0111\u1ebf d\u1ea1ng thanh g\u00e0i K\u00edch th\u01b0\u1edbc : Size 3 \u1ee8ng d\u1ee5ng : B\u1ea3o v\u1ec7 UPS,Bi\u1ebfn t\u1ea7n&#8230;. General specifications: Product Name&hellip; <\/p>\n","protected":false},"featured_media":3932,"comment_status":"open","ping_status":"closed","template":"","meta":{"om_disable_all_campaigns":false,"_monsterinsights_skip_tracking":false,"_monsterinsights_sitenote_active":false,"_monsterinsights_sitenote_note":"","_monsterinsights_sitenote_category":0},"product_cat":[792],"product_tag":[188,190,189],"class_list":{"0":"post-3931","1":"product","2":"type-product","3":"status-publish","4":"has-post-thumbnail","6":"product_cat-bussmann","7":"product_tag-bussmann-viet-nam","8":"product_tag-cau-chi","9":"product_tag-dai-ly-bussmann-viet-nam","11":"first","12":"instock","13":"shipping-taxable","14":"product-type-simple"},"aioseo_notices":[],"yoast_head":"<!-- This site is optimized with the Yoast SEO plugin v22.8 - https:\/\/yoast.com\/wordpress\/plugins\/seo\/ -->\n<title>BUSSMANN 170M6813D - OMANI VI\u1ec6T NAM<\/title>\n<meta name=\"description\" content=\"BUSSMANN 170M6813D Fast Fuse\" \/>\n<meta name=\"robots\" content=\"index, follow, max-snippet:-1, max-image-preview:large, max-video-preview:-1\" \/>\n<link rel=\"canonical\" href=\"https:\/\/sipin.com.vn\/index.php\/product\/bussmann-170m6813d\/\" \/>\n<meta property=\"og:locale\" content=\"vi_VN\" \/>\n<meta property=\"og:type\" content=\"article\" \/>\n<meta property=\"og:title\" content=\"BUSSMANN 170M6813D - OMANI VI\u1ec6T NAM\" \/>\n<meta property=\"og:description\" content=\"BUSSMANN 170M6813D Fast Fuse\" \/>\n<meta property=\"og:url\" content=\"https:\/\/sipin.com.vn\/index.php\/product\/bussmann-170m6813d\/\" \/>\n<meta property=\"og:site_name\" content=\"OMANI VI\u1ec6T NAM\" \/>\n<meta property=\"og:image\" content=\"https:\/\/sipin.com.vn\/wp-content\/uploads\/2025\/05\/170M6813D.png\" \/>\n\t<meta property=\"og:image:width\" content=\"601\" \/>\n\t<meta property=\"og:image:height\" content=\"763\" \/>\n\t<meta property=\"og:image:type\" content=\"image\/png\" \/>\n<meta name=\"twitter:card\" content=\"summary_large_image\" \/>\n<meta name=\"twitter:label1\" content=\"\u01af\u1edbc t\u00ednh th\u1eddi gian \u0111\u1ecdc\" \/>\n\t<meta name=\"twitter:data1\" content=\"3 ph\u00fat\" \/>\n<script type=\"application\/ld+json\" class=\"yoast-schema-graph\">{\"@context\":\"https:\/\/schema.org\",\"@graph\":[{\"@type\":\"WebPage\",\"@id\":\"https:\/\/sipin.com.vn\/index.php\/product\/bussmann-170m6813d\/\",\"url\":\"https:\/\/sipin.com.vn\/index.php\/product\/bussmann-170m6813d\/\",\"name\":\"BUSSMANN 170M6813D - OMANI VI\u1ec6T NAM\",\"isPartOf\":{\"@id\":\"https:\/\/sipin.com.vn\/#website\"},\"primaryImageOfPage\":{\"@id\":\"https:\/\/sipin.com.vn\/index.php\/product\/bussmann-170m6813d\/#primaryimage\"},\"image\":{\"@id\":\"https:\/\/sipin.com.vn\/index.php\/product\/bussmann-170m6813d\/#primaryimage\"},\"thumbnailUrl\":\"https:\/\/sipin.com.vn\/wp-content\/uploads\/2025\/05\/170M6813D.png\",\"datePublished\":\"2025-05-29T15:51:19+00:00\",\"dateModified\":\"2025-05-29T15:51:19+00:00\",\"description\":\"BUSSMANN 170M6813D Fast Fuse\",\"breadcrumb\":{\"@id\":\"https:\/\/sipin.com.vn\/index.php\/product\/bussmann-170m6813d\/#breadcrumb\"},\"inLanguage\":\"vi\",\"potentialAction\":[{\"@type\":\"ReadAction\",\"target\":[\"https:\/\/sipin.com.vn\/index.php\/product\/bussmann-170m6813d\/\"]}]},{\"@type\":\"ImageObject\",\"inLanguage\":\"vi\",\"@id\":\"https:\/\/sipin.com.vn\/index.php\/product\/bussmann-170m6813d\/#primaryimage\",\"url\":\"https:\/\/sipin.com.vn\/wp-content\/uploads\/2025\/05\/170M6813D.png\",\"contentUrl\":\"https:\/\/sipin.com.vn\/wp-content\/uploads\/2025\/05\/170M6813D.png\",\"width\":601,\"height\":763},{\"@type\":\"BreadcrumbList\",\"@id\":\"https:\/\/sipin.com.vn\/index.php\/product\/bussmann-170m6813d\/#breadcrumb\",\"itemListElement\":[{\"@type\":\"ListItem\",\"position\":1,\"name\":\"Home\",\"item\":\"https:\/\/sipin.com.vn\/\"},{\"@type\":\"ListItem\",\"position\":2,\"name\":\"S\u1ea2N PH\u1ea8M\",\"item\":\"https:\/\/sipin.com.vn\/index.php\/cua-hang\/\"},{\"@type\":\"ListItem\",\"position\":3,\"name\":\"BUSSMANN 170M6813D\"}]},{\"@type\":\"WebSite\",\"@id\":\"https:\/\/sipin.com.vn\/#website\",\"url\":\"https:\/\/sipin.com.vn\/\",\"name\":\"OMANI VI\u1ec6T NAM\",\"description\":\"Nh\u00e0 ph\u00e2n ph\u1ed1i thi\u1ebft b\u1ecb kh\u00ed n\u00e9n v\u00e0 thi\u1ebft b\u1ecb t\u1ef1 \u0111\u1ed9ng h\u00f3a trong c\u00f4ng nghi\u1ec7p\",\"publisher\":{\"@id\":\"https:\/\/sipin.com.vn\/#\/schema\/person\/0ad398a980dc3fd696111c2c5c8fa897\"},\"potentialAction\":[{\"@type\":\"SearchAction\",\"target\":{\"@type\":\"EntryPoint\",\"urlTemplate\":\"https:\/\/sipin.com.vn\/?s={search_term_string}\"},\"query-input\":\"required name=search_term_string\"}],\"inLanguage\":\"vi\"},{\"@type\":[\"Person\",\"Organization\"],\"@id\":\"https:\/\/sipin.com.vn\/#\/schema\/person\/0ad398a980dc3fd696111c2c5c8fa897\",\"name\":\"Nguy\u1ec5n V\u0103n Kh\u00e1nh\",\"image\":{\"@type\":\"ImageObject\",\"inLanguage\":\"vi\",\"@id\":\"https:\/\/sipin.com.vn\/#\/schema\/person\/image\/\",\"url\":\"https:\/\/sipin.com.vn\/wp-content\/uploads\/2024\/06\/logo-1024x1024.png\",\"contentUrl\":\"https:\/\/sipin.com.vn\/wp-content\/uploads\/2024\/06\/logo-1024x1024.png\",\"width\":1024,\"height\":1024,\"caption\":\"Nguy\u1ec5n V\u0103n Kh\u00e1nh\"},\"logo\":{\"@id\":\"https:\/\/sipin.com.vn\/#\/schema\/person\/image\/\"},\"sameAs\":[\"https:\/\/sipin.com.vn\"]}]}<\/script>\n<!-- \/ Yoast SEO plugin. -->","yoast_head_json":{"title":"BUSSMANN 170M6813D - OMANI VI\u1ec6T NAM","description":"BUSSMANN 170M6813D Fast Fuse","robots":{"index":"index","follow":"follow","max-snippet":"max-snippet:-1","max-image-preview":"max-image-preview:large","max-video-preview":"max-video-preview:-1"},"canonical":"https:\/\/sipin.com.vn\/index.php\/product\/bussmann-170m6813d\/","og_locale":"vi_VN","og_type":"article","og_title":"BUSSMANN 170M6813D - OMANI VI\u1ec6T NAM","og_description":"BUSSMANN 170M6813D Fast Fuse","og_url":"https:\/\/sipin.com.vn\/index.php\/product\/bussmann-170m6813d\/","og_site_name":"OMANI VI\u1ec6T NAM","og_image":[{"width":601,"height":763,"url":"https:\/\/sipin.com.vn\/wp-content\/uploads\/2025\/05\/170M6813D.png","type":"image\/png"}],"twitter_card":"summary_large_image","twitter_misc":{"\u01af\u1edbc t\u00ednh th\u1eddi gian \u0111\u1ecdc":"3 ph\u00fat"},"schema":{"@context":"https:\/\/schema.org","@graph":[{"@type":"WebPage","@id":"https:\/\/sipin.com.vn\/index.php\/product\/bussmann-170m6813d\/","url":"https:\/\/sipin.com.vn\/index.php\/product\/bussmann-170m6813d\/","name":"BUSSMANN 170M6813D - OMANI VI\u1ec6T NAM","isPartOf":{"@id":"https:\/\/sipin.com.vn\/#website"},"primaryImageOfPage":{"@id":"https:\/\/sipin.com.vn\/index.php\/product\/bussmann-170m6813d\/#primaryimage"},"image":{"@id":"https:\/\/sipin.com.vn\/index.php\/product\/bussmann-170m6813d\/#primaryimage"},"thumbnailUrl":"https:\/\/sipin.com.vn\/wp-content\/uploads\/2025\/05\/170M6813D.png","datePublished":"2025-05-29T15:51:19+00:00","dateModified":"2025-05-29T15:51:19+00:00","description":"BUSSMANN 170M6813D Fast Fuse","breadcrumb":{"@id":"https:\/\/sipin.com.vn\/index.php\/product\/bussmann-170m6813d\/#breadcrumb"},"inLanguage":"vi","potentialAction":[{"@type":"ReadAction","target":["https:\/\/sipin.com.vn\/index.php\/product\/bussmann-170m6813d\/"]}]},{"@type":"ImageObject","inLanguage":"vi","@id":"https:\/\/sipin.com.vn\/index.php\/product\/bussmann-170m6813d\/#primaryimage","url":"https:\/\/sipin.com.vn\/wp-content\/uploads\/2025\/05\/170M6813D.png","contentUrl":"https:\/\/sipin.com.vn\/wp-content\/uploads\/2025\/05\/170M6813D.png","width":601,"height":763},{"@type":"BreadcrumbList","@id":"https:\/\/sipin.com.vn\/index.php\/product\/bussmann-170m6813d\/#breadcrumb","itemListElement":[{"@type":"ListItem","position":1,"name":"Home","item":"https:\/\/sipin.com.vn\/"},{"@type":"ListItem","position":2,"name":"S\u1ea2N PH\u1ea8M","item":"https:\/\/sipin.com.vn\/index.php\/cua-hang\/"},{"@type":"ListItem","position":3,"name":"BUSSMANN 170M6813D"}]},{"@type":"WebSite","@id":"https:\/\/sipin.com.vn\/#website","url":"https:\/\/sipin.com.vn\/","name":"OMANI VI\u1ec6T NAM","description":"Nh\u00e0 ph\u00e2n ph\u1ed1i thi\u1ebft b\u1ecb kh\u00ed n\u00e9n v\u00e0 thi\u1ebft b\u1ecb t\u1ef1 \u0111\u1ed9ng h\u00f3a trong c\u00f4ng nghi\u1ec7p","publisher":{"@id":"https:\/\/sipin.com.vn\/#\/schema\/person\/0ad398a980dc3fd696111c2c5c8fa897"},"potentialAction":[{"@type":"SearchAction","target":{"@type":"EntryPoint","urlTemplate":"https:\/\/sipin.com.vn\/?s={search_term_string}"},"query-input":"required name=search_term_string"}],"inLanguage":"vi"},{"@type":["Person","Organization"],"@id":"https:\/\/sipin.com.vn\/#\/schema\/person\/0ad398a980dc3fd696111c2c5c8fa897","name":"Nguy\u1ec5n V\u0103n Kh\u00e1nh","image":{"@type":"ImageObject","inLanguage":"vi","@id":"https:\/\/sipin.com.vn\/#\/schema\/person\/image\/","url":"https:\/\/sipin.com.vn\/wp-content\/uploads\/2024\/06\/logo-1024x1024.png","contentUrl":"https:\/\/sipin.com.vn\/wp-content\/uploads\/2024\/06\/logo-1024x1024.png","width":1024,"height":1024,"caption":"Nguy\u1ec5n V\u0103n Kh\u00e1nh"},"logo":{"@id":"https:\/\/sipin.com.vn\/#\/schema\/person\/image\/"},"sameAs":["https:\/\/sipin.com.vn"]}]}},"_links":{"self":[{"href":"https:\/\/sipin.com.vn\/index.php\/wp-json\/wp\/v2\/product\/3931","targetHints":{"allow":["GET"]}}],"collection":[{"href":"https:\/\/sipin.com.vn\/index.php\/wp-json\/wp\/v2\/product"}],"about":[{"href":"https:\/\/sipin.com.vn\/index.php\/wp-json\/wp\/v2\/types\/product"}],"replies":[{"embeddable":true,"href":"https:\/\/sipin.com.vn\/index.php\/wp-json\/wp\/v2\/comments?post=3931"}],"wp:featuredmedia":[{"embeddable":true,"href":"https:\/\/sipin.com.vn\/index.php\/wp-json\/wp\/v2\/media\/3932"}],"wp:attachment":[{"href":"https:\/\/sipin.com.vn\/index.php\/wp-json\/wp\/v2\/media?parent=3931"}],"wp:term":[{"taxonomy":"product_cat","embeddable":true,"href":"https:\/\/sipin.com.vn\/index.php\/wp-json\/wp\/v2\/product_cat?post=3931"},{"taxonomy":"product_tag","embeddable":true,"href":"https:\/\/sipin.com.vn\/index.php\/wp-json\/wp\/v2\/product_tag?post=3931"}],"curies":[{"name":"wp","href":"https:\/\/api.w.org\/{rel}","templated":true}]}}