{"id":3882,"date":"2025-05-23T22:20:21","date_gmt":"2025-05-23T15:20:21","guid":{"rendered":"https:\/\/sipin.com.vn\/?post_type=product&#038;p=3882"},"modified":"2025-05-23T22:20:21","modified_gmt":"2025-05-23T15:20:21","slug":"mitsubishi-fx2n-10pg","status":"publish","type":"product","link":"https:\/\/sipin.com.vn\/index.php\/product\/mitsubishi-fx2n-10pg\/","title":{"rendered":"MITSUBISHI FX2N-10PG"},"content":{"rendered":"<p>MITSUBISHI FX2N-10PG<\/p>\n<p>Mitsubishi FX2N-10PG, FX2N-10GM, FX2N-1PG-E<\/p>\n<p class=\"product_title entry-title\">Module \u0111i\u1ec1u khi\u1ec3n v\u1ecb tr\u00ed Mitsubishi FX2N-10PG<\/p>\n<h2>FA-COM PLC: Positioning Module<\/h2>\n<table class=\"woocommerce-product-attributes shop_attributes\">\n<tbody>\n<tr>\n<td>Model<\/td>\n<td>FX2N-10PG<\/td>\n<\/tr>\n<tr>\n<td>Series<\/td>\n<td>MELSEC-F SERIES<\/td>\n<\/tr>\n<tr>\n<td>Type<\/td>\n<td>FX2N<\/td>\n<\/tr>\n<tr>\n<td>Number of Axes<\/td>\n<td>1<\/td>\n<\/tr>\n<tr>\n<td>Width (mm)<\/td>\n<td>43<\/td>\n<\/tr>\n<tr>\n<td>Height (mm)<\/td>\n<td>90<\/td>\n<\/tr>\n<tr>\n<td>Depth (mm)<\/td>\n<td>87<\/td>\n<\/tr>\n<tr>\n<td>Weight (kg)<\/td>\n<td>0,18<\/td>\n<\/tr>\n<\/tbody>\n<\/table>\n<h2 id=\"tablepress-482-name\" class=\"tablepress-table-name tablepress-table-name-id-482\">Module m\u1edf r\u1ed9ng th\u01b0\u1eddng d\u00f9ng<\/h2>\n<table id=\"tablepress-482\" class=\"tablepress tablepress-id-482\" aria-labelledby=\"tablepress-482-name\" aria-describedby=\"tablepress-482-description\">\n<thead>\n<tr class=\"row-1\">\n<th class=\"column-1\">Model<\/th>\n<th class=\"column-2\">M\u00f4 t\u1ea3<\/th>\n<\/tr>\n<\/thead>\n<tbody class=\"row-striping row-hover\">\n<tr class=\"row-2\">\n<td class=\"column-1\">Analog control<\/td>\n<td class=\"column-2\"><\/td>\n<\/tr>\n<tr class=\"row-3\">\n<td class=\"column-1\">FX2N-2AD<\/td>\n<td class=\"column-2\">PLC, FX2N Analog input module; 12 bit; 2 analog inputs<\/td>\n<\/tr>\n<tr class=\"row-4\">\n<td class=\"column-1\">FX2N-2DA<\/td>\n<td class=\"column-2\">PLC, FX2N Analog output module; 12 bit; 2 analog outputs<\/td>\n<\/tr>\n<tr class=\"row-5\">\n<td class=\"column-1\">FX2N-4AD<\/td>\n<td class=\"column-2\">Kh\u1ed1i ch\u1ee9c n\u0103ng D\/A, 4 k\u00eanh v\u00e0o: -10~10VDC \/ -20~20mA \/ 4~20mA (11bit<\/td>\n<\/tr>\n<tr class=\"row-6\">\n<td class=\"column-1\">FX2N-4DA<\/td>\n<td class=\"column-2\">Kh\u1ed1i ch\u1ee9c n\u0103ng D\/A, 4 k\u00eanh ra: -10~10VDC\/ 0~20mA\/ 4~20mA (11bit +<\/td>\n<\/tr>\n<tr class=\"row-7\">\n<td class=\"column-1\">FX2N-8AD<\/td>\n<td class=\"column-2\">PLC, FX2N Analog input module; 16 bit; 8 analog inputs<\/td>\n<\/tr>\n<tr class=\"row-8\">\n<td class=\"column-1\">FX3U-4DA<\/td>\n<td class=\"column-2\">PLC, FX3U Analog output module; 16 bit; 4 analog outputs for current or voltage<\/td>\n<\/tr>\n<tr class=\"row-9\">\n<td class=\"column-1\">FX3U-4AD<\/td>\n<td class=\"column-2\">PLC, FX3U Analog input module; 16 bit; 4 analog inputs for current or voltage<\/td>\n<\/tr>\n<tr class=\"row-10\">\n<td class=\"column-1\">FX3U-4AD-ADP<\/td>\n<td class=\"column-2\">PLC, FX3U Analog input module; 12 bit; 4 analog inputs for current or voltage<\/td>\n<\/tr>\n<tr class=\"row-11\">\n<td class=\"column-1\">FX3U-4DA-ADP<\/td>\n<td class=\"column-2\">PLC, FX3U Analog output module; 12 bit; 4 analog outputs for current or voltage<\/td>\n<\/tr>\n<tr class=\"row-12\">\n<td class=\"column-1\">FX2N-5A<\/td>\n<td class=\"column-2\">PLC, FX2N Analog modul; 4 analog inputs, 16 bits; 1 analog output, 12 bits<\/td>\n<\/tr>\n<tr class=\"row-13\">\n<td class=\"column-1\">FX3G-1DA-BD<\/td>\n<td class=\"column-2\">PLC, FX3G Analog adapter, 1 analog ouput, 12bit<\/td>\n<\/tr>\n<tr class=\"row-14\">\n<td class=\"column-1\">FX3G-2AD-BD<\/td>\n<td class=\"column-2\">PLC, FX3G Analog adapter, 2 analog inputs, 12bit<\/td>\n<\/tr>\n<tr class=\"row-15\">\n<td class=\"column-1\">FX3U-3A-ADP<\/td>\n<td class=\"column-2\">PLC, FX3U analog module, 12 bit; 2 analog inputs, 1 analog output<\/td>\n<\/tr>\n<tr class=\"row-16\">\n<td class=\"column-1\">FX2N-4AD-PT<\/td>\n<td class=\"column-2\">Module nhi\u1ec7t \u0111\u1ed9 (Lo\u1ea1i PT)<\/td>\n<\/tr>\n<tr class=\"row-17\">\n<td class=\"column-1\">FX2N-4AD-TC<\/td>\n<td class=\"column-2\">Module nhi\u1ec7t \u0111\u1ed9 (Lo\u1ea1i K)<\/td>\n<\/tr>\n<tr class=\"row-18\">\n<td class=\"column-1\">FX3U-4AD-TC-ADP<\/td>\n<td class=\"column-2\">PLC, FX3U Analog input module for thermo-elements; 4 thermo-coupler inputs<\/td>\n<\/tr>\n<tr class=\"row-19\">\n<td class=\"column-1\">FX3U-4AD-PT-ADP<\/td>\n<td class=\"column-2\">PLC, FX3U Analog input module for Pt100 elements; 4 Pt100 inputs<\/td>\n<\/tr>\n<tr class=\"row-20\">\n<td class=\"column-1\">FX3U-4AD-PTW-ADP<\/td>\n<td class=\"column-2\">SPS, FX3U Analog input module for Pt100 elements; 4 inputs; wide temp. range<\/td>\n<\/tr>\n<tr class=\"row-21\">\n<td class=\"column-1\">FX3U-4AD-PNK-ADP<\/td>\n<td class=\"column-2\">SPS, FX3U Analog input module for Pt1000\/Ni1000 elements; 4 Pt1000\/Ni1000 inputs<\/td>\n<\/tr>\n<tr class=\"row-22\">\n<td class=\"column-1\">FX3U-4LC<\/td>\n<td class=\"column-2\">PLC, FX3U Temperature control module, 4 inputs, 4 transistor outputs, PID loop<\/td>\n<\/tr>\n<tr class=\"row-23\">\n<td class=\"column-1\">FX3UC-4AD<\/td>\n<td class=\"column-2\">PLC, FX3UC Analog input module; 16 bit; 4 analog inputs for current or voltage<\/td>\n<\/tr>\n<tr class=\"row-24\">\n<td class=\"column-1\">FX0N-3A<\/td>\n<td class=\"column-2\">Kh\u1ed1i ch\u1ee9c n\u0103ng A\/D v\u00e0 D\/A k\u1ebft h\u1ee3p, 2 k\u00eanh v\u00e0o v\u00e0 1 k\u00eanh ra: 0 ~ 5\/10VDC \/<\/td>\n<\/tr>\n<tr class=\"row-25\">\n<td class=\"column-1\">FX2N-2LC<\/td>\n<td class=\"column-2\">Kh\u1ed1i ch\u1ee9c n\u0103ng \u0111i\u1ec1u khi\u1ec3n nhi\u1ec7t \u0111\u1ed9: 2 k\u00eanh v\u00e0o Thermocouple\/ Pt100, 2 ng\u00f5 ra<\/td>\n<\/tr>\n<tr class=\"row-26\">\n<td class=\"column-1\">I\/O<\/td>\n<td class=\"column-2\"><\/td>\n<\/tr>\n<tr class=\"row-27\">\n<td class=\"column-1\">FX2N-8ER<\/td>\n<td class=\"column-2\">PLC, FX2N Modular extension unit; 4 inputs, 4 relay outputs<\/td>\n<\/tr>\n<tr class=\"row-28\">\n<td class=\"column-1\">FX2N-8EX<\/td>\n<td class=\"column-2\">PLC, FX2N Modular extension unit; 8 inputs<\/td>\n<\/tr>\n<tr class=\"row-29\">\n<td class=\"column-1\">FX2N-8EYR<\/td>\n<td class=\"column-2\">PLC, FX2N Modular extension unit; 8 relay outputs<\/td>\n<\/tr>\n<tr class=\"row-30\">\n<td class=\"column-1\">FX2N-8EYT<\/td>\n<td class=\"column-2\">PLC, FX2N Extension unit; 8 transistor outputs, sink<\/td>\n<\/tr>\n<tr class=\"row-31\">\n<td class=\"column-1\">FX2N-16ER<\/td>\n<td class=\"column-2\">PLC, FX2N Modular extension unit; 8 inputs, 8 relay outputs<\/td>\n<\/tr>\n<tr class=\"row-32\">\n<td class=\"column-1\">FX2N-16EX<\/td>\n<td class=\"column-2\">PLC, FX2N Modular extension unit; 16 inputs 24 VDC; sink<\/td>\n<\/tr>\n<tr class=\"row-33\">\n<td class=\"column-1\">FX2N-16EYR<\/td>\n<td class=\"column-2\">PLC, FX2N Modular extension unit; 16 relay outputs<\/td>\n<\/tr>\n<tr class=\"row-34\">\n<td class=\"column-1\">FX2N-16EYT<\/td>\n<td class=\"column-2\">PLC, FX2N Modular extension unit; 16 transistor outputs; sink<\/td>\n<\/tr>\n<tr class=\"row-35\">\n<td class=\"column-1\">FX2N-32ER<\/td>\n<td class=\"column-2\">PLC, FX2N Compact extension unit AC 100-240 V; 16 inputs,16 relay outputs<\/td>\n<\/tr>\n<tr class=\"row-36\">\n<td class=\"column-1\">FX2N-48ER<\/td>\n<td class=\"column-2\">Kh\u1ed1i m\u1edf r\u1ed9ng 24 ng\u00f5 v\u00e0o, 24 ng\u00f5 ra Relay.<\/td>\n<\/tr>\n<tr class=\"row-37\">\n<td class=\"column-1\">FX2N-48ER-DS<\/td>\n<td class=\"column-2\">PLC, FX2N Compact extension unit DC 24 V; 24 inputs, 24 relay outputs<\/td>\n<\/tr>\n<tr class=\"row-38\">\n<td class=\"column-1\">FX2N-48ER-UA1\/UL<\/td>\n<td class=\"column-2\">24 inputs (110V AC), 24 relay outputs, 100-240V AC supply<\/td>\n<\/tr>\n<tr class=\"row-39\">\n<td class=\"column-1\">FX2N-48ET-DSS<\/td>\n<td class=\"column-2\">PLC, FX2N Compact extension unit DC 24 V; 24 inputs, 24 transistor outputs<\/td>\n<\/tr>\n<tr class=\"row-40\">\n<td class=\"column-1\">FX2N-48ET-ESS\/UL<\/td>\n<td class=\"column-2\">PLC, FX2N Compact extension unit AC 100-240 V; 24 inputs, 24 transistor outputs<\/td>\n<\/tr>\n<tr class=\"row-41\">\n<td class=\"column-1\">FX3G-2EYT-BD<\/td>\n<td class=\"column-2\">FX3G BD Board 2 Transistor Outputs<\/td>\n<\/tr>\n<tr class=\"row-42\">\n<td class=\"column-1\">FX3G-4EX-BD<\/td>\n<td class=\"column-2\">FX3G BD Board 4 Inputs DC24V<\/td>\n<\/tr>\n<tr class=\"row-43\">\n<td class=\"column-1\">Network communication<\/td>\n<td class=\"column-2\"><\/td>\n<\/tr>\n<tr class=\"row-44\">\n<td class=\"column-1\">FX3G-232-BD<\/td>\n<td class=\"column-2\">PLC, FX3G Interface module RS232C<\/td>\n<\/tr>\n<tr class=\"row-45\">\n<td class=\"column-1\">FX3G-422-BD<\/td>\n<td class=\"column-2\">PLC, FX3G Interface adapter RS422<\/td>\n<\/tr>\n<tr class=\"row-46\">\n<td class=\"column-1\">FX3G-485-BD<\/td>\n<td class=\"column-2\">PLC, FX3G Interface module RS485, 1:n Multidrop, network expansion until 50 m<\/td>\n<\/tr>\n<tr class=\"row-47\">\n<td class=\"column-1\">FX3U-32DP<\/td>\n<td class=\"column-2\">PLC, FX3U PROFIBUS Module; Slave-Station (DP)<\/td>\n<\/tr>\n<tr class=\"row-48\">\n<td class=\"column-1\">FX3U-422-BD<\/td>\n<td class=\"column-2\">PLC, FX3U RS422 Interface module; for MELSEC FX3U<\/td>\n<\/tr>\n<tr class=\"row-49\">\n<td class=\"column-1\">FX3U-485-BD<\/td>\n<td class=\"column-2\">PLC, FX3U RS485 Interface module, 1:n Multidrop, network expansion until 50 m<\/td>\n<\/tr>\n<tr class=\"row-50\">\n<td class=\"column-1\">FX3U-485ADP-MB<\/td>\n<td class=\"column-2\">PLC, FX3U RS485 Interface module, 1:n Multidrop, Modbus RTU\/ASCII (master\/slave)<\/td>\n<\/tr>\n<tr class=\"row-51\">\n<td class=\"column-1\">FX-232AWC-H<\/td>\n<td class=\"column-2\">B\u1ed9 chuy\u1ec3n \u0111\u1ed5i giao ti\u1ebfp t\u1eeb RS-232C sang RS-422, d\u00f9ng cho FX1S\/1N\/3G\/3U\/3UC.<\/td>\n<\/tr>\n<tr class=\"row-52\">\n<td class=\"column-1\">FX-USB-AW<\/td>\n<td class=\"column-2\">B\u1ed9 chuy\u1ec3n \u0111\u1ed5i giao ti\u1ebfp t\u1eeb USB sang RS-422, d\u00f9ng cho FX1S\/1N\/3U\/3UC.<\/td>\n<\/tr>\n<tr class=\"row-53\">\n<td class=\"column-1\">FX2N-16CCL-M<\/td>\n<td class=\"column-2\">Kh\u1ed1i giao ti\u1ebfp m\u1ea1ng CC-Link Ver. 1.0, ch\u1ee9c n\u0103ng l\u00e0m tr\u1ea1m Master c\u1ee7a m\u1ea1ng.<\/td>\n<\/tr>\n<tr class=\"row-54\">\n<td class=\"column-1\">FX2N-232IF<\/td>\n<td class=\"column-2\">PLC, FX2N RS232C Interface module including memory<\/td>\n<\/tr>\n<tr class=\"row-55\">\n<td class=\"column-1\">FX2N-32CCL<\/td>\n<td class=\"column-2\">PLC, FX2N Communication module for CC-Link; Slave Modules<\/td>\n<\/tr>\n<tr class=\"row-56\">\n<td class=\"column-1\">FX2N-32DP-IF-D<\/td>\n<td class=\"column-2\">PLC, FX2N Communikation module for PROFIBUS-DP; Slave-Remote-I\/O Station, 24VDC<\/td>\n<\/tr>\n<tr class=\"row-57\">\n<td class=\"column-1\">FX2N-64CL-M<\/td>\n<td class=\"column-2\">PLC, CC-LINK\/LT Module; Master Module<\/td>\n<\/tr>\n<tr class=\"row-58\">\n<td class=\"column-1\">FX2N-64DNET<\/td>\n<td class=\"column-2\">PLC, FX2N DeviceNet-Modules; Slave module<\/td>\n<\/tr>\n<tr class=\"row-59\">\n<td class=\"column-1\">FX3G-485-BD-RJ<\/td>\n<td class=\"column-2\">FX3G RS485 BD Board;RJ45 Connector Type<\/td>\n<\/tr>\n<tr class=\"row-60\">\n<td class=\"column-1\">FX3U-128ASL-M<\/td>\n<td class=\"column-2\">PLC, FX3U Communication module ASLINK Master<\/td>\n<\/tr>\n<tr class=\"row-61\">\n<td class=\"column-1\">FX3U-16CCL-M<\/td>\n<td class=\"column-2\">PLC FX Series, FX3U CC-Link Master Module<\/td>\n<\/tr>\n<tr class=\"row-62\">\n<td class=\"column-1\">FX3U-232-BD<\/td>\n<td class=\"column-2\">PLC, FX3U RS232C Interface module; for MELSEC FX3U<\/td>\n<\/tr>\n<tr class=\"row-63\">\n<td class=\"column-1\">FX3U-232ADP-MB<\/td>\n<td class=\"column-2\">PLC, FX3U RS232C Interface module incl. Modbus RTU\/ASCII (master\/slave)<\/td>\n<\/tr>\n<tr class=\"row-64\">\n<td class=\"column-1\">FX3U-485ADP-MBH<\/td>\n<td class=\"column-2\">PLC RS485 interface adapter inlcuding Modbus RTU\/ASCII (Master\/Slave), extension<\/td>\n<\/tr>\n<tr class=\"row-65\">\n<td class=\"column-1\">FX3U-64CCL<\/td>\n<td class=\"column-2\">PLC, FX3U Communication module for CC-Link; Slave Modules<\/td>\n<\/tr>\n<tr class=\"row-66\">\n<td class=\"column-1\">FX3U-64DP-M<\/td>\n<td class=\"column-2\">PLC, FX3U Communication module for Profibus DP Master connection<\/td>\n<\/tr>\n<tr class=\"row-67\">\n<td class=\"column-1\">FX3U-CAN<\/td>\n<td class=\"column-2\">PLC FX Series, FX3U CAN Module<\/td>\n<\/tr>\n<tr class=\"row-68\">\n<td class=\"column-1\">FX3U-CF-ADP<\/td>\n<td class=\"column-2\">B\u1ed9 chuy\u1ec3n \u0111\u1ed5i cho vi\u1ec7c l\u01b0u tr\u1eef d\u1eef li\u1ec7u (data logging).<\/td>\n<\/tr>\n<tr class=\"row-69\">\n<td class=\"column-1\">FX3U-CNV-BD<\/td>\n<td class=\"column-2\">B\u1ed9 chuy\u1ec3n \u0111\u1ed5i giao di\u1ec7n.<\/td>\n<\/tr>\n<tr class=\"row-70\">\n<td class=\"column-1\">FX3U-ENET<\/td>\n<td class=\"column-2\">PLC, FX3U Communication modul for Ethernet 10\/100MBit; RJ45, TCP\/IP<\/td>\n<\/tr>\n<tr class=\"row-71\">\n<td class=\"column-1\">FX3U-ENET-ADP<\/td>\n<td class=\"column-2\">PLC;FX3U Ethernet Adapter Module<\/td>\n<\/tr>\n<tr class=\"row-72\">\n<td class=\"column-1\">FX3U-ENET-L<\/td>\n<td class=\"column-2\">Kh\u1ed1i truy\u1ec1n th\u00f4ng Ethernet, chu\u1ea9n: MC-Protocol, TCP\/IP, UDP. Cable: CAT5e STP\u2026<\/td>\n<\/tr>\n<tr class=\"row-73\">\n<td class=\"column-1\">FX3U-ENET-P502<\/td>\n<td class=\"column-2\">PLC, FX3U Communication module for Ethernet 10\/100MBit; RJ45, TCP\/IP, MB-support<\/td>\n<\/tr>\n<tr class=\"row-74\">\n<td class=\"column-1\">FX3U-J1939<\/td>\n<td class=\"column-2\">PLC FX Series, FX3U 1939 communication Module<\/td>\n<\/tr>\n<tr class=\"row-75\">\n<td class=\"column-1\">FX3U-USB-BD<\/td>\n<td class=\"column-2\">PLC, FX3U USB Interface module incl. USB cable (3m)<\/td>\n<\/tr>\n<tr class=\"row-76\">\n<td class=\"column-1\">Positioning control<\/td>\n<td class=\"column-2\"><\/td>\n<\/tr>\n<tr class=\"row-77\">\n<td class=\"column-1\">FX2N-10PG<\/td>\n<td class=\"column-2\">PLC, FX2N High speed pulse output of 1 MHz<\/td>\n<\/tr>\n<tr class=\"row-78\">\n<td class=\"column-1\">FX3U-1PG<\/td>\n<td class=\"column-2\">PLC FX Series, FX3U 1 axis positioning module<\/td>\n<\/tr>\n<tr class=\"row-79\">\n<td class=\"column-1\">FX3U-20SSC-H<\/td>\n<td class=\"column-2\">PLC, FX3U Two-axis positioning module with SSCNET III for MR-J3-B servo motors<\/td>\n<\/tr>\n<tr class=\"row-80\">\n<td class=\"column-1\">FX3U-2HSY-ADP<\/td>\n<td class=\"column-2\">PLC, FX3U Two-axis positioning module for stepper and servo motors (200 kHz)<\/td>\n<\/tr>\n<tr class=\"row-81\">\n<td class=\"column-1\">FX2N-1PG-E<\/td>\n<td class=\"column-2\">Kh\u1ed1i ch\u1ee9c n\u0103ng cho \u0111i\u1ec1u khi\u1ec3n v\u1ecb tr\u00ed 1 tr\u1ee5c;<\/td>\n<\/tr>\n<tr class=\"row-82\">\n<td class=\"column-1\">FX2N-1RM-E-SET<\/td>\n<td class=\"column-2\">Kh\u1ed1i \u0111i\u1ec1u khi\u1ec3n CAM \u0111i\u1ec7n t\u1eed: 1 tr\u1ee5c (s\u1eed d\u1ee5ng resolver F2-720RSV), 48 ng\u00f5 ra, \u0111\u1ed9<\/td>\n<\/tr>\n<tr class=\"row-83\">\n<td class=\"column-1\">FX2N-20GM<\/td>\n<td class=\"column-2\">Kh\u1ed1i \u0111i\u1ec1u khi\u1ec3n v\u1ecb tr\u00ed ch\u1ea1y \u0111\u1ed9c l\u1eadp: b\u1ed9 nh\u1edb 7.8 kStep (RAM), \u0111i\u1ec1u khi\u1ec3n 2 tr\u1ee5c (\u0111\u1ed3ng b\u1ed9\/ \u0111\u1ed9c l\u1eadp), t\u1ea7n s\u1ed1 xung ra Max. 200kHz.<\/td>\n<\/tr>\n<tr class=\"row-84\">\n<td class=\"column-1\">High-speed counting<\/td>\n<td class=\"column-2\"><\/td>\n<\/tr>\n<tr class=\"row-85\">\n<td class=\"column-1\">FX2N-1HC<\/td>\n<td class=\"column-2\">Kh\u1ed1i ch\u1ee9c n\u0103ng \u0111\u1ebfm xung t\u1ed1c \u0111\u1ed9 cao: 1 k\u00eanh (1-pha\/ 2-pha), t\u1ea7n s\u1ed1 Max. : 50 kHz.<\/td>\n<\/tr>\n<tr class=\"row-86\">\n<td class=\"column-1\">FX3U-2HC<\/td>\n<td class=\"column-2\">PLC, FX3U High-speed counter module (200kHz)<\/td>\n<\/tr>\n<tr class=\"row-87\">\n<td class=\"column-1\">FX3U-4HSX-ADP<\/td>\n<td class=\"column-2\">PLC, FX3U High-speed counter module (4x 200 kHz)<\/td>\n<\/tr>\n<\/tbody>\n<\/table>\n","protected":false},"excerpt":{"rendered":"<p>MITSUBISHI FX2N-10PG Mitsubishi FX2N-10PG, FX2N-10GM, FX2N-1PG-E Module \u0111i\u1ec1u khi\u1ec3n v\u1ecb tr\u00ed Mitsubishi FX2N-10PG FA-COM PLC: Positioning Module Model FX2N-10PG Series MELSEC-F SERIES Type FX2N Number of Axes 1 Width (mm) 43 Height (mm) 90 Depth (mm) 87 Weight (kg) 0,18 Module m\u1edf r\u1ed9ng th\u01b0\u1eddng d\u00f9ng Model M\u00f4 t\u1ea3 Analog control&hellip; <\/p>\n","protected":false},"featured_media":3883,"comment_status":"open","ping_status":"closed","template":"","meta":{"om_disable_all_campaigns":false,"_monsterinsights_skip_tracking":false,"_monsterinsights_sitenote_active":false,"_monsterinsights_sitenote_note":"","_monsterinsights_sitenote_category":0},"product_cat":[749],"product_tag":[158,157,159],"class_list":{"0":"post-3882","1":"product","2":"type-product","3":"status-publish","4":"has-post-thumbnail","6":"product_cat-mitsubishi","7":"product_tag-dai-ly-mitsubishi-viet-nam","8":"product_tag-mitsubishi-viet-nam","9":"product_tag-mo-dun","11":"first","12":"instock","13":"shipping-taxable","14":"product-type-simple"},"aioseo_notices":[],"yoast_head":"<!-- This site is optimized with the Yoast SEO plugin v22.8 - https:\/\/yoast.com\/wordpress\/plugins\/seo\/ -->\n<title>MITSUBISHI FX2N-10PG - OMANI VI\u1ec6T NAM<\/title>\n<meta name=\"description\" content=\"MITSUBISHI FX2N-10PG Module\" \/>\n<meta name=\"robots\" content=\"index, follow, max-snippet:-1, max-image-preview:large, max-video-preview:-1\" \/>\n<link rel=\"canonical\" href=\"https:\/\/sipin.com.vn\/index.php\/product\/mitsubishi-fx2n-10pg\/\" \/>\n<meta property=\"og:locale\" content=\"vi_VN\" \/>\n<meta property=\"og:type\" content=\"article\" \/>\n<meta property=\"og:title\" content=\"MITSUBISHI FX2N-10PG - OMANI VI\u1ec6T NAM\" \/>\n<meta property=\"og:description\" content=\"MITSUBISHI FX2N-10PG Module\" \/>\n<meta property=\"og:url\" content=\"https:\/\/sipin.com.vn\/index.php\/product\/mitsubishi-fx2n-10pg\/\" \/>\n<meta property=\"og:site_name\" content=\"OMANI VI\u1ec6T NAM\" \/>\n<meta property=\"og:image\" content=\"https:\/\/sipin.com.vn\/wp-content\/uploads\/2025\/05\/FX2N-10PG.png\" \/>\n\t<meta property=\"og:image:width\" content=\"639\" \/>\n\t<meta property=\"og:image:height\" content=\"650\" \/>\n\t<meta property=\"og:image:type\" content=\"image\/png\" \/>\n<meta name=\"twitter:card\" content=\"summary_large_image\" \/>\n<meta name=\"twitter:label1\" content=\"\u01af\u1edbc t\u00ednh th\u1eddi gian \u0111\u1ecdc\" \/>\n\t<meta name=\"twitter:data1\" content=\"6 ph\u00fat\" \/>\n<script type=\"application\/ld+json\" class=\"yoast-schema-graph\">{\"@context\":\"https:\/\/schema.org\",\"@graph\":[{\"@type\":\"WebPage\",\"@id\":\"https:\/\/sipin.com.vn\/index.php\/product\/mitsubishi-fx2n-10pg\/\",\"url\":\"https:\/\/sipin.com.vn\/index.php\/product\/mitsubishi-fx2n-10pg\/\",\"name\":\"MITSUBISHI FX2N-10PG - OMANI VI\u1ec6T NAM\",\"isPartOf\":{\"@id\":\"https:\/\/sipin.com.vn\/#website\"},\"primaryImageOfPage\":{\"@id\":\"https:\/\/sipin.com.vn\/index.php\/product\/mitsubishi-fx2n-10pg\/#primaryimage\"},\"image\":{\"@id\":\"https:\/\/sipin.com.vn\/index.php\/product\/mitsubishi-fx2n-10pg\/#primaryimage\"},\"thumbnailUrl\":\"https:\/\/sipin.com.vn\/wp-content\/uploads\/2025\/05\/FX2N-10PG.png\",\"datePublished\":\"2025-05-23T15:20:21+00:00\",\"dateModified\":\"2025-05-23T15:20:21+00:00\",\"description\":\"MITSUBISHI FX2N-10PG Module\",\"breadcrumb\":{\"@id\":\"https:\/\/sipin.com.vn\/index.php\/product\/mitsubishi-fx2n-10pg\/#breadcrumb\"},\"inLanguage\":\"vi\",\"potentialAction\":[{\"@type\":\"ReadAction\",\"target\":[\"https:\/\/sipin.com.vn\/index.php\/product\/mitsubishi-fx2n-10pg\/\"]}]},{\"@type\":\"ImageObject\",\"inLanguage\":\"vi\",\"@id\":\"https:\/\/sipin.com.vn\/index.php\/product\/mitsubishi-fx2n-10pg\/#primaryimage\",\"url\":\"https:\/\/sipin.com.vn\/wp-content\/uploads\/2025\/05\/FX2N-10PG.png\",\"contentUrl\":\"https:\/\/sipin.com.vn\/wp-content\/uploads\/2025\/05\/FX2N-10PG.png\",\"width\":639,\"height\":650},{\"@type\":\"BreadcrumbList\",\"@id\":\"https:\/\/sipin.com.vn\/index.php\/product\/mitsubishi-fx2n-10pg\/#breadcrumb\",\"itemListElement\":[{\"@type\":\"ListItem\",\"position\":1,\"name\":\"Home\",\"item\":\"https:\/\/sipin.com.vn\/\"},{\"@type\":\"ListItem\",\"position\":2,\"name\":\"S\u1ea2N PH\u1ea8M\",\"item\":\"https:\/\/sipin.com.vn\/index.php\/cua-hang\/\"},{\"@type\":\"ListItem\",\"position\":3,\"name\":\"MITSUBISHI FX2N-10PG\"}]},{\"@type\":\"WebSite\",\"@id\":\"https:\/\/sipin.com.vn\/#website\",\"url\":\"https:\/\/sipin.com.vn\/\",\"name\":\"OMANI VI\u1ec6T NAM\",\"description\":\"Nh\u00e0 ph\u00e2n ph\u1ed1i thi\u1ebft b\u1ecb kh\u00ed n\u00e9n v\u00e0 thi\u1ebft b\u1ecb t\u1ef1 \u0111\u1ed9ng h\u00f3a trong c\u00f4ng nghi\u1ec7p\",\"publisher\":{\"@id\":\"https:\/\/sipin.com.vn\/#\/schema\/person\/0ad398a980dc3fd696111c2c5c8fa897\"},\"potentialAction\":[{\"@type\":\"SearchAction\",\"target\":{\"@type\":\"EntryPoint\",\"urlTemplate\":\"https:\/\/sipin.com.vn\/?s={search_term_string}\"},\"query-input\":\"required name=search_term_string\"}],\"inLanguage\":\"vi\"},{\"@type\":[\"Person\",\"Organization\"],\"@id\":\"https:\/\/sipin.com.vn\/#\/schema\/person\/0ad398a980dc3fd696111c2c5c8fa897\",\"name\":\"Nguy\u1ec5n V\u0103n Kh\u00e1nh\",\"image\":{\"@type\":\"ImageObject\",\"inLanguage\":\"vi\",\"@id\":\"https:\/\/sipin.com.vn\/#\/schema\/person\/image\/\",\"url\":\"https:\/\/sipin.com.vn\/wp-content\/uploads\/2024\/06\/logo-1024x1024.png\",\"contentUrl\":\"https:\/\/sipin.com.vn\/wp-content\/uploads\/2024\/06\/logo-1024x1024.png\",\"width\":1024,\"height\":1024,\"caption\":\"Nguy\u1ec5n V\u0103n Kh\u00e1nh\"},\"logo\":{\"@id\":\"https:\/\/sipin.com.vn\/#\/schema\/person\/image\/\"},\"sameAs\":[\"https:\/\/sipin.com.vn\"]}]}<\/script>\n<!-- \/ Yoast SEO plugin. -->","yoast_head_json":{"title":"MITSUBISHI FX2N-10PG - OMANI VI\u1ec6T NAM","description":"MITSUBISHI FX2N-10PG Module","robots":{"index":"index","follow":"follow","max-snippet":"max-snippet:-1","max-image-preview":"max-image-preview:large","max-video-preview":"max-video-preview:-1"},"canonical":"https:\/\/sipin.com.vn\/index.php\/product\/mitsubishi-fx2n-10pg\/","og_locale":"vi_VN","og_type":"article","og_title":"MITSUBISHI FX2N-10PG - OMANI VI\u1ec6T NAM","og_description":"MITSUBISHI FX2N-10PG Module","og_url":"https:\/\/sipin.com.vn\/index.php\/product\/mitsubishi-fx2n-10pg\/","og_site_name":"OMANI VI\u1ec6T NAM","og_image":[{"width":639,"height":650,"url":"https:\/\/sipin.com.vn\/wp-content\/uploads\/2025\/05\/FX2N-10PG.png","type":"image\/png"}],"twitter_card":"summary_large_image","twitter_misc":{"\u01af\u1edbc t\u00ednh th\u1eddi gian \u0111\u1ecdc":"6 ph\u00fat"},"schema":{"@context":"https:\/\/schema.org","@graph":[{"@type":"WebPage","@id":"https:\/\/sipin.com.vn\/index.php\/product\/mitsubishi-fx2n-10pg\/","url":"https:\/\/sipin.com.vn\/index.php\/product\/mitsubishi-fx2n-10pg\/","name":"MITSUBISHI FX2N-10PG - OMANI VI\u1ec6T NAM","isPartOf":{"@id":"https:\/\/sipin.com.vn\/#website"},"primaryImageOfPage":{"@id":"https:\/\/sipin.com.vn\/index.php\/product\/mitsubishi-fx2n-10pg\/#primaryimage"},"image":{"@id":"https:\/\/sipin.com.vn\/index.php\/product\/mitsubishi-fx2n-10pg\/#primaryimage"},"thumbnailUrl":"https:\/\/sipin.com.vn\/wp-content\/uploads\/2025\/05\/FX2N-10PG.png","datePublished":"2025-05-23T15:20:21+00:00","dateModified":"2025-05-23T15:20:21+00:00","description":"MITSUBISHI FX2N-10PG Module","breadcrumb":{"@id":"https:\/\/sipin.com.vn\/index.php\/product\/mitsubishi-fx2n-10pg\/#breadcrumb"},"inLanguage":"vi","potentialAction":[{"@type":"ReadAction","target":["https:\/\/sipin.com.vn\/index.php\/product\/mitsubishi-fx2n-10pg\/"]}]},{"@type":"ImageObject","inLanguage":"vi","@id":"https:\/\/sipin.com.vn\/index.php\/product\/mitsubishi-fx2n-10pg\/#primaryimage","url":"https:\/\/sipin.com.vn\/wp-content\/uploads\/2025\/05\/FX2N-10PG.png","contentUrl":"https:\/\/sipin.com.vn\/wp-content\/uploads\/2025\/05\/FX2N-10PG.png","width":639,"height":650},{"@type":"BreadcrumbList","@id":"https:\/\/sipin.com.vn\/index.php\/product\/mitsubishi-fx2n-10pg\/#breadcrumb","itemListElement":[{"@type":"ListItem","position":1,"name":"Home","item":"https:\/\/sipin.com.vn\/"},{"@type":"ListItem","position":2,"name":"S\u1ea2N PH\u1ea8M","item":"https:\/\/sipin.com.vn\/index.php\/cua-hang\/"},{"@type":"ListItem","position":3,"name":"MITSUBISHI FX2N-10PG"}]},{"@type":"WebSite","@id":"https:\/\/sipin.com.vn\/#website","url":"https:\/\/sipin.com.vn\/","name":"OMANI VI\u1ec6T NAM","description":"Nh\u00e0 ph\u00e2n ph\u1ed1i thi\u1ebft b\u1ecb kh\u00ed n\u00e9n v\u00e0 thi\u1ebft b\u1ecb t\u1ef1 \u0111\u1ed9ng h\u00f3a trong c\u00f4ng nghi\u1ec7p","publisher":{"@id":"https:\/\/sipin.com.vn\/#\/schema\/person\/0ad398a980dc3fd696111c2c5c8fa897"},"potentialAction":[{"@type":"SearchAction","target":{"@type":"EntryPoint","urlTemplate":"https:\/\/sipin.com.vn\/?s={search_term_string}"},"query-input":"required name=search_term_string"}],"inLanguage":"vi"},{"@type":["Person","Organization"],"@id":"https:\/\/sipin.com.vn\/#\/schema\/person\/0ad398a980dc3fd696111c2c5c8fa897","name":"Nguy\u1ec5n V\u0103n Kh\u00e1nh","image":{"@type":"ImageObject","inLanguage":"vi","@id":"https:\/\/sipin.com.vn\/#\/schema\/person\/image\/","url":"https:\/\/sipin.com.vn\/wp-content\/uploads\/2024\/06\/logo-1024x1024.png","contentUrl":"https:\/\/sipin.com.vn\/wp-content\/uploads\/2024\/06\/logo-1024x1024.png","width":1024,"height":1024,"caption":"Nguy\u1ec5n V\u0103n Kh\u00e1nh"},"logo":{"@id":"https:\/\/sipin.com.vn\/#\/schema\/person\/image\/"},"sameAs":["https:\/\/sipin.com.vn"]}]}},"_links":{"self":[{"href":"https:\/\/sipin.com.vn\/index.php\/wp-json\/wp\/v2\/product\/3882","targetHints":{"allow":["GET"]}}],"collection":[{"href":"https:\/\/sipin.com.vn\/index.php\/wp-json\/wp\/v2\/product"}],"about":[{"href":"https:\/\/sipin.com.vn\/index.php\/wp-json\/wp\/v2\/types\/product"}],"replies":[{"embeddable":true,"href":"https:\/\/sipin.com.vn\/index.php\/wp-json\/wp\/v2\/comments?post=3882"}],"wp:featuredmedia":[{"embeddable":true,"href":"https:\/\/sipin.com.vn\/index.php\/wp-json\/wp\/v2\/media\/3883"}],"wp:attachment":[{"href":"https:\/\/sipin.com.vn\/index.php\/wp-json\/wp\/v2\/media?parent=3882"}],"wp:term":[{"taxonomy":"product_cat","embeddable":true,"href":"https:\/\/sipin.com.vn\/index.php\/wp-json\/wp\/v2\/product_cat?post=3882"},{"taxonomy":"product_tag","embeddable":true,"href":"https:\/\/sipin.com.vn\/index.php\/wp-json\/wp\/v2\/product_tag?post=3882"}],"curies":[{"name":"wp","href":"https:\/\/api.w.org\/{rel}","templated":true}]}}