{"id":3862,"date":"2025-05-21T21:58:43","date_gmt":"2025-05-21T14:58:43","guid":{"rendered":"https:\/\/sipin.com.vn\/?post_type=product&#038;p=3862"},"modified":"2025-05-21T21:58:43","modified_gmt":"2025-05-21T14:58:43","slug":"camozzi-438-015-22","status":"publish","type":"product","link":"https:\/\/sipin.com.vn\/index.php\/product\/camozzi-438-015-22\/","title":{"rendered":"CAMOZZI 438-015-22"},"content":{"rendered":"<p>CAMOZZI 438-015-22<\/p>\n<p>CAMOZZI 438-015-22 +U73 DC24V<\/p>\n<p>Model : 438-015-22 (ch\u01b0a bao g\u1ed3m coil v\u00e0 connector)<\/p>\n<p>Camozzi 434-015-22, Camozzi 458-015-22,\u00a0Camozzi 354-011-02,<\/p>\n<p>Camozzi\u00a0434-015-22, Camozzi\u00a0454-016-22<\/p>\n<p>Coil 24VDC theo m\u00e1y ban \u0111\u1ea7u U73.<\/p>\n<p>C\u00e1c lo\u1ea1i coil \u0111i k\u00e8m : G77 (22MM 24V DC 3,1W 48VAC), U77, G73, chu\u00f4i c\u1eafm coil\u00a0122-800<\/p>\n<h3><strong>Gi\u1edbi thi\u1ec7u s\u1ea3n ph\u1ea9m\u00a0Van kh\u00ed n\u00e9n 438-015-22 Camozzi<\/strong><\/h3>\n<p data-sourcepos=\"5:1-5:318\">Van kh\u00ed n\u00e9n 438-015-22 \u0111\u1ebfn t\u1eeb th\u01b0\u01a1ng hi\u1ec7u Camozzi uy t\u00edn l\u00e0 thi\u1ebft b\u1ecb kh\u00f4ng th\u1ec3 thi\u1ebfu trong h\u1ec7 th\u1ed1ng kh\u00ed n\u00e9n, gi\u00fap \u0111i\u1ec1u khi\u1ec3n d\u00f2ng kh\u00ed n\u00e9n m\u1ed9t c\u00e1ch ch\u00ednh x\u00e1c, hi\u1ec7u qu\u1ea3 v\u00e0 an to\u00e0n. V\u1edbi thi\u1ebft k\u1ebf hi\u1ec7n \u0111\u1ea1i, ch\u1ea5t l\u01b0\u1ee3ng cao c\u1ea5p v\u00e0 \u0111\u1ed9 b\u1ec1n b\u1ec9 v\u01b0\u1ee3t tr\u1ed9i, van kh\u00ed n\u00e9n 438-015-22 h\u1ee9a h\u1eb9n mang \u0111\u1ebfn cho b\u1ea1n tr\u1ea3i nghi\u1ec7m s\u1eed d\u1ee5ng tuy\u1ec7t v\u1eddi nh\u1ea5t.<\/p>\n<h3 data-sourcepos=\"7:1-7:21\"><span id=\"Dac_diem_noi_bat\" class=\"ez-toc-section\"><\/span><strong>\u0110\u1eb7c \u0111i\u1ec3m n\u1ed5i b\u1eadt:<\/strong><\/h3>\n<ul data-sourcepos=\"9:1-14:0\">\n<li data-sourcepos=\"9:1-9:99\"><strong>Thi\u1ebft k\u1ebf nh\u1ecf g\u1ecdn:<\/strong>\u00a0Van kh\u00ed n\u00e9n 438-015-22 c\u00f3 k\u00edch th\u01b0\u1edbc nh\u1ecf g\u1ecdn, ti\u1ebft ki\u1ec7m kh\u00f4ng gian l\u1eafp \u0111\u1eb7t.<\/li>\n<li data-sourcepos=\"10:1-10:134\"><strong>Ho\u1ea1t \u0111\u1ed9ng ch\u00ednh x\u00e1c:<\/strong>\u00a0Van \u0111\u1ea3m b\u1ea3o \u0111i\u1ec1u khi\u1ec3n d\u00f2ng kh\u00ed n\u00e9n ch\u00ednh x\u00e1c, \u0111\u00e1p \u1ee9ng c\u00e1c y\u00eau c\u1ea7u kh\u1eaft khe v\u1ec1 \u0111\u1ed9 ch\u00ednh x\u00e1c trong h\u1ec7 th\u1ed1ng.<\/li>\n<li data-sourcepos=\"11:1-11:113\"><strong>L\u01b0u l\u01b0\u1ee3ng kh\u00ed l\u1edbn:<\/strong>\u00a0Van c\u00f3 l\u01b0u l\u01b0\u1ee3ng kh\u00ed l\u1edbn 220 l\/ph\u00fat, \u0111\u00e1p \u1ee9ng nhu c\u1ea7u s\u1eed d\u1ee5ng c\u1ee7a nhi\u1ec1u h\u1ec7 th\u1ed1ng kh\u00ed n\u00e9n.<\/li>\n<li data-sourcepos=\"12:1-12:29\"><strong>\u0110\u1ed9 b\u1ec1n b\u1ec9 cao:<\/strong>\u00a0Van \u0111\u01b0\u1ee3c ch\u1ebf t\u1ea1o t\u1eeb v\u1eadt li\u1ec7u cao c\u1ea5p, c\u00f3 kh\u1ea3 n\u0103ng ch\u1ecbu \u0111\u01b0\u1ee3c \u00e1p l\u1ef1c v\u00e0 nhi\u1ec7t \u0111\u1ed9 cao, \u0111\u1ea3m b\u1ea3o tu\u1ed5i th\u1ecd l\u00e2u d\u00e0i.<\/li>\n<li data-sourcepos=\"13:1-13:75\"><strong>D\u1ec5 d\u00e0ng l\u1eafp \u0111\u1eb7t:<\/strong>\u00a0Van c\u00f3 c\u1ea5u t\u1ea1o \u0111\u01a1n gi\u1ea3n, d\u1ec5 d\u00e0ng l\u1eafp \u0111\u1eb7t v\u00e0 b\u1ea3o tr\u00ec.<\/li>\n<li data-sourcepos=\"14:1-15:0\"><strong>\u1ee8ng d\u1ee5ng \u0111a d\u1ea1ng:<\/strong>\u00a0Van kh\u00ed n\u00e9n 438-015-22 ph\u00f9 h\u1ee3p v\u1edbi nhi\u1ec1u \u1ee9ng d\u1ee5ng kh\u00ed n\u00e9n trong c\u00e1c ng\u00e0nh c\u00f4ng nghi\u1ec7p nh\u01b0: t\u1ef1 \u0111\u1ed9ng h\u00f3a d\u00e2y chuy\u1ec1n s\u1ea3n xu\u1ea5t, \u0111\u00f3ng g\u00f3i, ch\u1ebf bi\u1ebfn th\u1ef1c ph\u1ea9m, d\u1ec7t may, v.v.<\/li>\n<\/ul>\n<h3 data-sourcepos=\"15:1-15:22\"><strong>Th\u00f4ng s\u1ed1 k\u1ef9 thu\u1eadt:<\/strong><\/h3>\n<ul data-sourcepos=\"17:1-25:0\">\n<li data-sourcepos=\"18:1-18:42\"><strong>T\u00ean s\u1ea3n ph\u1ea9m:<\/strong>\u00a0Van kh\u00ed n\u00e9n 438-015-22<\/li>\n<li data-sourcepos=\"19:1-19:26\"><strong>Th\u01b0\u01a1ng hi\u1ec7u:<\/strong>\u00a0Camozzi<\/li>\n<li data-sourcepos=\"20:1-20:37\"><strong>Lo\u1ea1i van:<\/strong>\u00a0Van kh\u00ed n\u00e9n 3\/2\u00a0 NC<\/li>\n<li data-sourcepos=\"21:1-21:36\"><strong>K\u00edch th\u01b0\u1edbc c\u1ed5ng k\u1ebft n\u1ed1i:<\/strong>\u00a0G1\/8\u2033<\/li>\n<li data-sourcepos=\"22:1-22:31\"><strong>L\u01b0u l\u01b0\u1ee3ng kh\u00ed:<\/strong>\u00a0220 l\/ph\u00fat<\/li>\n<li data-sourcepos=\"23:1-23:36\"><strong>\u00c1p su\u1ea5t l\u00e0m vi\u1ec7c:<\/strong>\u00a00.5 \u2013 10 bar<\/li>\n<li data-sourcepos=\"24:1-24:39\"><strong>Nhi\u1ec7t \u0111\u1ed9 l\u00e0m vi\u1ec7c:<\/strong>\u00a0-10\u00b0C \u0111\u1ebfn 60\u00b0C<\/li>\n<li data-sourcepos=\"25:1-26:0\"><strong>Ch\u1ea5t li\u1ec7u:<\/strong>\u00a0Kim lo\u1ea1i cao c\u1ea5p<\/li>\n<\/ul>\n<h3 data-sourcepos=\"26:1-26:24\"><span id=\"Loi_ich_khi_su_dung\" class=\"ez-toc-section\"><\/span><strong>L\u1ee3i \u00edch khi s\u1eed d\u1ee5ng:<\/strong><\/h3>\n<ul data-sourcepos=\"28:1-32:0\">\n<li data-sourcepos=\"29:1-29:51\">N\u00e2ng cao hi\u1ec7u qu\u1ea3 ho\u1ea1t \u0111\u1ed9ng c\u1ee7a h\u1ec7 th\u1ed1ng kh\u00ed n\u00e9n.<\/li>\n<li data-sourcepos=\"30:1-30:26\">T\u0103ng n\u0103ng su\u1ea5t lao \u0111\u1ed9ng.<\/li>\n<li data-sourcepos=\"31:1-31:29\">Ti\u1ebft ki\u1ec7m chi ph\u00ed v\u1eadn h\u00e0nh.<\/li>\n<li data-sourcepos=\"32:1-32:35\">Gi\u1ea3m thi\u1ec3u ti\u1ebfng \u1ed3n v\u00e0 rung \u0111\u1ed9ng.<\/li>\n<li data-sourcepos=\"33:1-34:0\">\u0110\u1ea3m b\u1ea3o an to\u00e0n cho ng\u01b0\u1eddi lao \u0111\u1ed9ng.<\/li>\n<\/ul>\n<p>Camozzi series 4 solenoid valves have been designed in the 3\/2, 5\/2 and 5\/3 versions and with the following two devices of actuation. Electropneumatically actuated with mechanical spring return. Electropneumatically actuated and return with external and internal air pressure supply. Series 4 valves are equipped with a manual override which allows for stable operation and mounting in arduous conditions. Part Reference: 438-015-22<\/p>\n<p class=\"h1\">CAMOZZI 438-015-22 &#8211; 3\/2 NC, G1\/8, Single Solenoid, Spring Return, Series 4 Valves and Solenoid Valves<\/p>\n<div class=\"product-number\">\n<p>Part Number:\u00a0<span class=\"font-weight-bold\">438-015-22<\/span><\/p>\n<\/div>\n<table class=\"table\">\n<tbody>\n<tr>\n<td class=\"attrib feature-name\">Type of manual override<\/td>\n<td>\u00a0 Bistable, standard<\/td>\n<\/tr>\n<tr>\n<td class=\"attrib feature-name\">Name of Series<\/td>\n<td>\u00a0 4<\/td>\n<\/tr>\n<tr>\n<td class=\"attrib feature-name\">Actuation<\/td>\n<td>\u00a0 Single solenoid, spring return (horizontal solenoids)<\/td>\n<\/tr>\n<tr>\n<td class=\"attrib feature-name\">Ports<\/td>\n<td>\u00a0 G1\/8<\/td>\n<\/tr>\n<tr>\n<td class=\"attrib feature-name\">Number of ways &#8211; function<\/td>\n<td>\u00a0 3\/2 NC<\/td>\n<\/tr>\n<tr>\n<td class=\"attrib feature-name\">Solenoid interface<\/td>\n<td>\u00a0 Mech. sol. 22 x 22<\/td>\n<\/tr>\n<\/tbody>\n<\/table>\n","protected":false},"excerpt":{"rendered":"<p>CAMOZZI 438-015-22 CAMOZZI 438-015-22 +U73 DC24V Model : 438-015-22 (ch\u01b0a bao g\u1ed3m coil v\u00e0 connector) Camozzi 434-015-22, Camozzi 458-015-22,\u00a0Camozzi 354-011-02, Camozzi\u00a0434-015-22, Camozzi\u00a0454-016-22 Coil 24VDC theo m\u00e1y ban \u0111\u1ea7u U73. C\u00e1c lo\u1ea1i coil \u0111i k\u00e8m : G77 (22MM 24V DC 3,1W 48VAC), U77, G73, chu\u00f4i c\u1eafm coil\u00a0122-800 Gi\u1edbi thi\u1ec7u s\u1ea3n ph\u1ea9m\u00a0Van&hellip; <\/p>\n","protected":false},"featured_media":3863,"comment_status":"open","ping_status":"closed","template":"","meta":{"om_disable_all_campaigns":false,"_monsterinsights_skip_tracking":false,"_monsterinsights_sitenote_active":false,"_monsterinsights_sitenote_note":"","_monsterinsights_sitenote_category":0},"product_cat":[745],"product_tag":[96,97,102],"class_list":{"0":"post-3862","1":"product","2":"type-product","3":"status-publish","4":"has-post-thumbnail","6":"product_cat-camozzi","7":"product_tag-camozzi-viet-nam","8":"product_tag-dai-ly-camozzi-viet-nam","9":"product_tag-van-khi-nen","11":"first","12":"instock","13":"shipping-taxable","14":"product-type-simple"},"aioseo_notices":[],"yoast_head":"<!-- This site is optimized with the Yoast SEO plugin v22.8 - https:\/\/yoast.com\/wordpress\/plugins\/seo\/ -->\n<title>CAMOZZI 438-015-22 - OMANI VI\u1ec6T NAM<\/title>\n<meta name=\"description\" content=\"CAMOZZI 438-015-22 Solenoid Valve\" \/>\n<meta name=\"robots\" content=\"index, follow, max-snippet:-1, max-image-preview:large, max-video-preview:-1\" \/>\n<link rel=\"canonical\" href=\"https:\/\/sipin.com.vn\/index.php\/product\/camozzi-438-015-22\/\" \/>\n<meta property=\"og:locale\" content=\"vi_VN\" \/>\n<meta property=\"og:type\" content=\"article\" \/>\n<meta property=\"og:title\" content=\"CAMOZZI 438-015-22 - OMANI VI\u1ec6T NAM\" \/>\n<meta property=\"og:description\" content=\"CAMOZZI 438-015-22 Solenoid Valve\" \/>\n<meta property=\"og:url\" content=\"https:\/\/sipin.com.vn\/index.php\/product\/camozzi-438-015-22\/\" \/>\n<meta property=\"og:site_name\" content=\"OMANI VI\u1ec6T NAM\" \/>\n<meta property=\"og:image\" content=\"https:\/\/sipin.com.vn\/wp-content\/uploads\/2025\/05\/438-015-22.png\" \/>\n\t<meta property=\"og:image:width\" content=\"584\" \/>\n\t<meta property=\"og:image:height\" content=\"694\" \/>\n\t<meta property=\"og:image:type\" content=\"image\/png\" \/>\n<meta name=\"twitter:card\" content=\"summary_large_image\" \/>\n<meta name=\"twitter:label1\" content=\"\u01af\u1edbc t\u00ednh th\u1eddi gian \u0111\u1ecdc\" \/>\n\t<meta name=\"twitter:data1\" content=\"3 ph\u00fat\" \/>\n<script type=\"application\/ld+json\" class=\"yoast-schema-graph\">{\"@context\":\"https:\/\/schema.org\",\"@graph\":[{\"@type\":\"WebPage\",\"@id\":\"https:\/\/sipin.com.vn\/index.php\/product\/camozzi-438-015-22\/\",\"url\":\"https:\/\/sipin.com.vn\/index.php\/product\/camozzi-438-015-22\/\",\"name\":\"CAMOZZI 438-015-22 - OMANI VI\u1ec6T NAM\",\"isPartOf\":{\"@id\":\"https:\/\/sipin.com.vn\/#website\"},\"primaryImageOfPage\":{\"@id\":\"https:\/\/sipin.com.vn\/index.php\/product\/camozzi-438-015-22\/#primaryimage\"},\"image\":{\"@id\":\"https:\/\/sipin.com.vn\/index.php\/product\/camozzi-438-015-22\/#primaryimage\"},\"thumbnailUrl\":\"https:\/\/sipin.com.vn\/wp-content\/uploads\/2025\/05\/438-015-22.png\",\"datePublished\":\"2025-05-21T14:58:43+00:00\",\"dateModified\":\"2025-05-21T14:58:43+00:00\",\"description\":\"CAMOZZI 438-015-22 Solenoid Valve\",\"breadcrumb\":{\"@id\":\"https:\/\/sipin.com.vn\/index.php\/product\/camozzi-438-015-22\/#breadcrumb\"},\"inLanguage\":\"vi\",\"potentialAction\":[{\"@type\":\"ReadAction\",\"target\":[\"https:\/\/sipin.com.vn\/index.php\/product\/camozzi-438-015-22\/\"]}]},{\"@type\":\"ImageObject\",\"inLanguage\":\"vi\",\"@id\":\"https:\/\/sipin.com.vn\/index.php\/product\/camozzi-438-015-22\/#primaryimage\",\"url\":\"https:\/\/sipin.com.vn\/wp-content\/uploads\/2025\/05\/438-015-22.png\",\"contentUrl\":\"https:\/\/sipin.com.vn\/wp-content\/uploads\/2025\/05\/438-015-22.png\",\"width\":584,\"height\":694},{\"@type\":\"BreadcrumbList\",\"@id\":\"https:\/\/sipin.com.vn\/index.php\/product\/camozzi-438-015-22\/#breadcrumb\",\"itemListElement\":[{\"@type\":\"ListItem\",\"position\":1,\"name\":\"Home\",\"item\":\"https:\/\/sipin.com.vn\/\"},{\"@type\":\"ListItem\",\"position\":2,\"name\":\"S\u1ea2N PH\u1ea8M\",\"item\":\"https:\/\/sipin.com.vn\/index.php\/cua-hang\/\"},{\"@type\":\"ListItem\",\"position\":3,\"name\":\"CAMOZZI 438-015-22\"}]},{\"@type\":\"WebSite\",\"@id\":\"https:\/\/sipin.com.vn\/#website\",\"url\":\"https:\/\/sipin.com.vn\/\",\"name\":\"OMANI VI\u1ec6T NAM\",\"description\":\"Nh\u00e0 ph\u00e2n ph\u1ed1i thi\u1ebft b\u1ecb kh\u00ed n\u00e9n v\u00e0 thi\u1ebft b\u1ecb t\u1ef1 \u0111\u1ed9ng h\u00f3a trong c\u00f4ng nghi\u1ec7p\",\"publisher\":{\"@id\":\"https:\/\/sipin.com.vn\/#\/schema\/person\/0ad398a980dc3fd696111c2c5c8fa897\"},\"potentialAction\":[{\"@type\":\"SearchAction\",\"target\":{\"@type\":\"EntryPoint\",\"urlTemplate\":\"https:\/\/sipin.com.vn\/?s={search_term_string}\"},\"query-input\":\"required name=search_term_string\"}],\"inLanguage\":\"vi\"},{\"@type\":[\"Person\",\"Organization\"],\"@id\":\"https:\/\/sipin.com.vn\/#\/schema\/person\/0ad398a980dc3fd696111c2c5c8fa897\",\"name\":\"Nguy\u1ec5n V\u0103n Kh\u00e1nh\",\"image\":{\"@type\":\"ImageObject\",\"inLanguage\":\"vi\",\"@id\":\"https:\/\/sipin.com.vn\/#\/schema\/person\/image\/\",\"url\":\"https:\/\/sipin.com.vn\/wp-content\/uploads\/2024\/06\/logo-1024x1024.png\",\"contentUrl\":\"https:\/\/sipin.com.vn\/wp-content\/uploads\/2024\/06\/logo-1024x1024.png\",\"width\":1024,\"height\":1024,\"caption\":\"Nguy\u1ec5n V\u0103n Kh\u00e1nh\"},\"logo\":{\"@id\":\"https:\/\/sipin.com.vn\/#\/schema\/person\/image\/\"},\"sameAs\":[\"https:\/\/sipin.com.vn\"]}]}<\/script>\n<!-- \/ Yoast SEO plugin. -->","yoast_head_json":{"title":"CAMOZZI 438-015-22 - OMANI VI\u1ec6T NAM","description":"CAMOZZI 438-015-22 Solenoid Valve","robots":{"index":"index","follow":"follow","max-snippet":"max-snippet:-1","max-image-preview":"max-image-preview:large","max-video-preview":"max-video-preview:-1"},"canonical":"https:\/\/sipin.com.vn\/index.php\/product\/camozzi-438-015-22\/","og_locale":"vi_VN","og_type":"article","og_title":"CAMOZZI 438-015-22 - OMANI VI\u1ec6T NAM","og_description":"CAMOZZI 438-015-22 Solenoid Valve","og_url":"https:\/\/sipin.com.vn\/index.php\/product\/camozzi-438-015-22\/","og_site_name":"OMANI VI\u1ec6T NAM","og_image":[{"width":584,"height":694,"url":"https:\/\/sipin.com.vn\/wp-content\/uploads\/2025\/05\/438-015-22.png","type":"image\/png"}],"twitter_card":"summary_large_image","twitter_misc":{"\u01af\u1edbc t\u00ednh th\u1eddi gian \u0111\u1ecdc":"3 ph\u00fat"},"schema":{"@context":"https:\/\/schema.org","@graph":[{"@type":"WebPage","@id":"https:\/\/sipin.com.vn\/index.php\/product\/camozzi-438-015-22\/","url":"https:\/\/sipin.com.vn\/index.php\/product\/camozzi-438-015-22\/","name":"CAMOZZI 438-015-22 - OMANI VI\u1ec6T NAM","isPartOf":{"@id":"https:\/\/sipin.com.vn\/#website"},"primaryImageOfPage":{"@id":"https:\/\/sipin.com.vn\/index.php\/product\/camozzi-438-015-22\/#primaryimage"},"image":{"@id":"https:\/\/sipin.com.vn\/index.php\/product\/camozzi-438-015-22\/#primaryimage"},"thumbnailUrl":"https:\/\/sipin.com.vn\/wp-content\/uploads\/2025\/05\/438-015-22.png","datePublished":"2025-05-21T14:58:43+00:00","dateModified":"2025-05-21T14:58:43+00:00","description":"CAMOZZI 438-015-22 Solenoid Valve","breadcrumb":{"@id":"https:\/\/sipin.com.vn\/index.php\/product\/camozzi-438-015-22\/#breadcrumb"},"inLanguage":"vi","potentialAction":[{"@type":"ReadAction","target":["https:\/\/sipin.com.vn\/index.php\/product\/camozzi-438-015-22\/"]}]},{"@type":"ImageObject","inLanguage":"vi","@id":"https:\/\/sipin.com.vn\/index.php\/product\/camozzi-438-015-22\/#primaryimage","url":"https:\/\/sipin.com.vn\/wp-content\/uploads\/2025\/05\/438-015-22.png","contentUrl":"https:\/\/sipin.com.vn\/wp-content\/uploads\/2025\/05\/438-015-22.png","width":584,"height":694},{"@type":"BreadcrumbList","@id":"https:\/\/sipin.com.vn\/index.php\/product\/camozzi-438-015-22\/#breadcrumb","itemListElement":[{"@type":"ListItem","position":1,"name":"Home","item":"https:\/\/sipin.com.vn\/"},{"@type":"ListItem","position":2,"name":"S\u1ea2N PH\u1ea8M","item":"https:\/\/sipin.com.vn\/index.php\/cua-hang\/"},{"@type":"ListItem","position":3,"name":"CAMOZZI 438-015-22"}]},{"@type":"WebSite","@id":"https:\/\/sipin.com.vn\/#website","url":"https:\/\/sipin.com.vn\/","name":"OMANI VI\u1ec6T NAM","description":"Nh\u00e0 ph\u00e2n ph\u1ed1i thi\u1ebft b\u1ecb kh\u00ed n\u00e9n v\u00e0 thi\u1ebft b\u1ecb t\u1ef1 \u0111\u1ed9ng h\u00f3a trong c\u00f4ng nghi\u1ec7p","publisher":{"@id":"https:\/\/sipin.com.vn\/#\/schema\/person\/0ad398a980dc3fd696111c2c5c8fa897"},"potentialAction":[{"@type":"SearchAction","target":{"@type":"EntryPoint","urlTemplate":"https:\/\/sipin.com.vn\/?s={search_term_string}"},"query-input":"required name=search_term_string"}],"inLanguage":"vi"},{"@type":["Person","Organization"],"@id":"https:\/\/sipin.com.vn\/#\/schema\/person\/0ad398a980dc3fd696111c2c5c8fa897","name":"Nguy\u1ec5n V\u0103n Kh\u00e1nh","image":{"@type":"ImageObject","inLanguage":"vi","@id":"https:\/\/sipin.com.vn\/#\/schema\/person\/image\/","url":"https:\/\/sipin.com.vn\/wp-content\/uploads\/2024\/06\/logo-1024x1024.png","contentUrl":"https:\/\/sipin.com.vn\/wp-content\/uploads\/2024\/06\/logo-1024x1024.png","width":1024,"height":1024,"caption":"Nguy\u1ec5n V\u0103n Kh\u00e1nh"},"logo":{"@id":"https:\/\/sipin.com.vn\/#\/schema\/person\/image\/"},"sameAs":["https:\/\/sipin.com.vn"]}]}},"_links":{"self":[{"href":"https:\/\/sipin.com.vn\/index.php\/wp-json\/wp\/v2\/product\/3862","targetHints":{"allow":["GET"]}}],"collection":[{"href":"https:\/\/sipin.com.vn\/index.php\/wp-json\/wp\/v2\/product"}],"about":[{"href":"https:\/\/sipin.com.vn\/index.php\/wp-json\/wp\/v2\/types\/product"}],"replies":[{"embeddable":true,"href":"https:\/\/sipin.com.vn\/index.php\/wp-json\/wp\/v2\/comments?post=3862"}],"wp:featuredmedia":[{"embeddable":true,"href":"https:\/\/sipin.com.vn\/index.php\/wp-json\/wp\/v2\/media\/3863"}],"wp:attachment":[{"href":"https:\/\/sipin.com.vn\/index.php\/wp-json\/wp\/v2\/media?parent=3862"}],"wp:term":[{"taxonomy":"product_cat","embeddable":true,"href":"https:\/\/sipin.com.vn\/index.php\/wp-json\/wp\/v2\/product_cat?post=3862"},{"taxonomy":"product_tag","embeddable":true,"href":"https:\/\/sipin.com.vn\/index.php\/wp-json\/wp\/v2\/product_tag?post=3862"}],"curies":[{"name":"wp","href":"https:\/\/api.w.org\/{rel}","templated":true}]}}