{"id":3850,"date":"2025-05-21T21:41:26","date_gmt":"2025-05-21T14:41:26","guid":{"rendered":"https:\/\/sipin.com.vn\/?post_type=product&#038;p=3850"},"modified":"2025-05-21T21:41:26","modified_gmt":"2025-05-21T14:41:26","slug":"cmlwe43-g03-c5-a240-n","status":"publish","type":"product","link":"https:\/\/sipin.com.vn\/index.php\/product\/cmlwe43-g03-c5-a240-n\/","title":{"rendered":"CML\tWE43-G03-C5-A240-N"},"content":{"rendered":"<p>CML WE43-G03-C5-A240-N<\/p>\n<p>CML WE42-G03-B11B-A240-N<\/p>\n<p>Solenoid Operated Directional Valves, Actuated Directional Spool Valve, Directional Control Spool Valve<\/p>\n<p>CML High Back Pressure Type Solenoid Valve WE series are used in the direction switching operation of Shoemaking machinery, metal processing machinery, and various hydraulic systems. Small size, sensitive switch action, fast switching and high efficiency. Applicable to international standards such as ISO, CETOP, NFPA and DIN.<\/p>\n<p class=\"desc_continue\">The WE series has 10 diameters, with junction box and plug-type wiring methods, suitable for 50 \/ 60Hz current, the maximum operating pressure is 210bar, the maximum return pressure is 100bar, and the flow range is 63 ~ 120 (LPM). The spool type and reverse assembly can be selected according to the needs of the circuit.<br \/>\nFor Spool type, Pressure Drop Curve and Assembly Instruction or related information, please refer to the attachment at the bottom of the page or contact CML professionals.<\/p>\n<h5>Feature<\/h5>\n<ul>\n<li><i class=\"fa fa-circle\" aria-hidden=\"true\"><\/i>High pressure, large flow, low noise, Smooth motion when switching.<\/li>\n<li><i class=\"fa fa-circle\" aria-hidden=\"true\"><\/i>Dual-channel design, low impedance, high efficiency.<\/li>\n<li><i class=\"fa fa-circle\" aria-hidden=\"true\"><\/i>ISO standard measurements, easy to install.<\/li>\n<li><i class=\"fa fa-circle\" aria-hidden=\"true\"><\/i>Clear directional light indication<\/li>\n<li><i class=\"fa fa-circle\" aria-hidden=\"true\"><\/i>100% inspected, stable high quality.<\/li>\n<\/ul>\n<div class=\"desc_html_application\">\n<h5>Application<\/h5>\n<h6>Metal Processing<\/h6>\n<ul>\n<li>Cutting machinery: Four-post cutting machine, plane cutting machine, gantry cutting machine.<\/li>\n<li>Die casting machine industry: Hot and Cold types die casting machine, Aluminum extrusion machine, Vertical squeeze Casting Machine, Gravity die casting machine.<\/li>\n<li>Machine Tool Industry: CNC lathe, CNC milling machine, CNC turning and milling machine, CNC Surface grinder machine, band saw, circular saw.<\/li>\n<\/ul>\n<h6>Dedicated Machine Industry:<\/h6>\n<ul>\n<li>Shoemaking machine industry: Toe-Lasting Machine, Seat\/Side Lasting Machine, Heel-Lasting Machine, EVA injection machine, disc injection machine, Press machine, Cutting machine.<\/li>\n<li>Rubber machinery industry: Horizontal Injection Molding Machine, Vertical injection machinery, Hollow Blow Molding Machine.<\/li>\n<\/ul>\n<div class=\"desc_html_spec\">\n<h5>Specification<\/h5>\n<table class=\"tg\">\n<thead>\n<tr>\n<th class=\"tg-w3ts\">WE<\/th>\n<th class=\"tg-w3ts\">42<\/th>\n<th class=\"tg-w3ts\">G02<\/th>\n<th class=\"tg-w3ts\">B11B<\/th>\n<th class=\"tg-w3ts\" colspan=\"2\">A110<\/th>\n<th class=\"tg-w3ts\">N<\/th>\n<\/tr>\n<\/thead>\n<tbody>\n<tr>\n<td class=\"tg-s9si\">Product Series<\/td>\n<td class=\"tg-nvz1\">Positions<\/td>\n<td class=\"tg-nvz1\">Nominal Dia<\/td>\n<td class=\"tg-s9si\">Spool Type<\/td>\n<td class=\"tg-s9si\" colspan=\"2\">Coil Voltage<\/td>\n<td class=\"tg-s9si\">Connection Type<\/td>\n<\/tr>\n<tr>\n<td class=\"tg-dovg\" rowspan=\"10\">High Back<br \/>\nPressure Type<br \/>\nSolenoid Valve<\/td>\n<td class=\"tg-dovg\" rowspan=\"10\">4 Ways 2 Positions<br \/>\n4 Ways 3 Positions<\/td>\n<td class=\"tg-s0v6\" rowspan=\"10\">G03 3\/4&#8243; (9mm)<br \/>\nISO : CETOP 5<br \/>\nDIN : NG 10<br \/>\nNFPA : D05<\/td>\n<td class=\"tg-dovg\" rowspan=\"10\">See Spool Type<\/td>\n<td class=\"tg-dovg\" rowspan=\"2\">A110<\/td>\n<td class=\"tg-3qo2\">AC100 50Hz<\/td>\n<td class=\"tg-t0sg\" rowspan=\"10\">N : DIN Connector<br \/>\n(Socket Type)<br \/>\nNone : ISO Type<br \/>\n(Wiring Box Type)<\/td>\n<\/tr>\n<tr>\n<td class=\"tg-3qo2\">AC110V 60Hz<\/td>\n<\/tr>\n<tr>\n<td class=\"tg-dovg\" rowspan=\"2\">A120<\/td>\n<td class=\"tg-3qo2\">AC110V 50Hz<\/td>\n<\/tr>\n<tr>\n<td class=\"tg-3qo2\">AC120V 60Hz<\/td>\n<\/tr>\n<tr>\n<td class=\"tg-dovg\" rowspan=\"2\">A 220<\/td>\n<td class=\"tg-3qo2\">AC200V 50Hz<\/td>\n<\/tr>\n<tr>\n<td class=\"tg-3qo2\">AC220V 60Hz<\/td>\n<\/tr>\n<tr>\n<td class=\"tg-dovg\" rowspan=\"2\">A 240<\/td>\n<td class=\"tg-3qo2\">AC220V 50Hz<\/td>\n<\/tr>\n<tr>\n<td class=\"tg-3qo2\">AC240V 60Hz<\/td>\n<\/tr>\n<tr>\n<td class=\"tg-m8l0\">D12<\/td>\n<td class=\"tg-3qo2\">DC 12V<\/td>\n<\/tr>\n<tr>\n<td class=\"tg-m8l0\">D24<\/td>\n<td class=\"tg-3qo2\">DC 24V<\/td>\n<\/tr>\n<\/tbody>\n<\/table>\n<\/div>\n<h5>Model No.<\/h5>\n<p>WE42-G03-B11B-A240-N, WE42-G03-B11B-D24-N, WE43-G03-C5-A220-N, WE43-G03-C5-A240-N, WE43-G03-C5-D24-N<\/p>\n<p>CML WE43-G02-3C2, WE43-G02-3C3,WE43-G02-3C4, WE43-G02-3C5, WE43-G02-3C6, WE43-G02-3C8, WE43-G02-3C9, WE43-G02-3C10, WE43-G02-3C12, WE42-G03-2B2-220V, WE43-G03-3C2, WE43-G03-3C3,WE43-G03-3C4, WE43-G03-3C5, WE43-G03-3C6, WE43-G03-3C8, WE43-G03-3C9, WE43-G03-3C10, WE43-G03-3C12<\/p>\n<p>CML WE42-G03-B11B-A240-N WE 42-G03-B11B-A110-N WE 42-G03-B11B-D24-N<\/p>\n<\/div>\n","protected":false},"excerpt":{"rendered":"<p>CML WE43-G03-C5-A240-N CML WE42-G03-B11B-A240-N Solenoid Operated Directional Valves, Actuated Directional Spool Valve, Directional Control Spool Valve CML High Back Pressure Type Solenoid Valve WE series are used in the direction switching operation of Shoemaking machinery, metal processing machinery, and various hydraulic systems. Small size, sensitive switch action, fast switching and&hellip; <\/p>\n","protected":false},"featured_media":3851,"comment_status":"open","ping_status":"closed","template":"","meta":{"om_disable_all_campaigns":false,"_monsterinsights_skip_tracking":false,"_monsterinsights_sitenote_active":false,"_monsterinsights_sitenote_note":"","_monsterinsights_sitenote_category":0},"product_cat":[766],"product_tag":[767,768,102],"class_list":{"0":"post-3850","1":"product","2":"type-product","3":"status-publish","4":"has-post-thumbnail","6":"product_cat-cml","7":"product_tag-cml-viet-nam","8":"product_tag-dai-ly-cml-viet-nam","9":"product_tag-van-khi-nen","11":"first","12":"instock","13":"shipping-taxable","14":"product-type-simple"},"aioseo_notices":[],"yoast_head":"<!-- This site is optimized with the Yoast SEO plugin v22.8 - https:\/\/yoast.com\/wordpress\/plugins\/seo\/ -->\n<title>CML WE43-G03-C5-A240-N - OMANI VI\u1ec6T NAM<\/title>\n<meta name=\"description\" content=\"CML WE43-G03-C5-A240-N Solenoid Valve\" \/>\n<meta name=\"robots\" content=\"index, follow, max-snippet:-1, max-image-preview:large, max-video-preview:-1\" \/>\n<link rel=\"canonical\" href=\"https:\/\/sipin.com.vn\/index.php\/product\/cmlwe43-g03-c5-a240-n\/\" \/>\n<meta property=\"og:locale\" content=\"vi_VN\" \/>\n<meta property=\"og:type\" content=\"article\" \/>\n<meta property=\"og:title\" content=\"CML WE43-G03-C5-A240-N - OMANI VI\u1ec6T NAM\" \/>\n<meta property=\"og:description\" content=\"CML WE43-G03-C5-A240-N Solenoid Valve\" \/>\n<meta property=\"og:url\" content=\"https:\/\/sipin.com.vn\/index.php\/product\/cmlwe43-g03-c5-a240-n\/\" \/>\n<meta property=\"og:site_name\" content=\"OMANI VI\u1ec6T NAM\" \/>\n<meta property=\"og:image\" content=\"https:\/\/sipin.com.vn\/wp-content\/uploads\/2025\/05\/WE43-G03-C5-A240-N.png\" \/>\n\t<meta property=\"og:image:width\" content=\"596\" \/>\n\t<meta property=\"og:image:height\" content=\"307\" \/>\n\t<meta property=\"og:image:type\" content=\"image\/png\" \/>\n<meta name=\"twitter:card\" content=\"summary_large_image\" \/>\n<meta name=\"twitter:label1\" content=\"\u01af\u1edbc t\u00ednh th\u1eddi gian \u0111\u1ecdc\" \/>\n\t<meta name=\"twitter:data1\" content=\"3 ph\u00fat\" \/>\n<script type=\"application\/ld+json\" class=\"yoast-schema-graph\">{\"@context\":\"https:\/\/schema.org\",\"@graph\":[{\"@type\":\"WebPage\",\"@id\":\"https:\/\/sipin.com.vn\/index.php\/product\/cmlwe43-g03-c5-a240-n\/\",\"url\":\"https:\/\/sipin.com.vn\/index.php\/product\/cmlwe43-g03-c5-a240-n\/\",\"name\":\"CML WE43-G03-C5-A240-N - OMANI VI\u1ec6T NAM\",\"isPartOf\":{\"@id\":\"https:\/\/sipin.com.vn\/#website\"},\"primaryImageOfPage\":{\"@id\":\"https:\/\/sipin.com.vn\/index.php\/product\/cmlwe43-g03-c5-a240-n\/#primaryimage\"},\"image\":{\"@id\":\"https:\/\/sipin.com.vn\/index.php\/product\/cmlwe43-g03-c5-a240-n\/#primaryimage\"},\"thumbnailUrl\":\"https:\/\/sipin.com.vn\/wp-content\/uploads\/2025\/05\/WE43-G03-C5-A240-N.png\",\"datePublished\":\"2025-05-21T14:41:26+00:00\",\"dateModified\":\"2025-05-21T14:41:26+00:00\",\"description\":\"CML WE43-G03-C5-A240-N Solenoid Valve\",\"breadcrumb\":{\"@id\":\"https:\/\/sipin.com.vn\/index.php\/product\/cmlwe43-g03-c5-a240-n\/#breadcrumb\"},\"inLanguage\":\"vi\",\"potentialAction\":[{\"@type\":\"ReadAction\",\"target\":[\"https:\/\/sipin.com.vn\/index.php\/product\/cmlwe43-g03-c5-a240-n\/\"]}]},{\"@type\":\"ImageObject\",\"inLanguage\":\"vi\",\"@id\":\"https:\/\/sipin.com.vn\/index.php\/product\/cmlwe43-g03-c5-a240-n\/#primaryimage\",\"url\":\"https:\/\/sipin.com.vn\/wp-content\/uploads\/2025\/05\/WE43-G03-C5-A240-N.png\",\"contentUrl\":\"https:\/\/sipin.com.vn\/wp-content\/uploads\/2025\/05\/WE43-G03-C5-A240-N.png\",\"width\":596,\"height\":307},{\"@type\":\"BreadcrumbList\",\"@id\":\"https:\/\/sipin.com.vn\/index.php\/product\/cmlwe43-g03-c5-a240-n\/#breadcrumb\",\"itemListElement\":[{\"@type\":\"ListItem\",\"position\":1,\"name\":\"Home\",\"item\":\"https:\/\/sipin.com.vn\/\"},{\"@type\":\"ListItem\",\"position\":2,\"name\":\"S\u1ea2N PH\u1ea8M\",\"item\":\"https:\/\/sipin.com.vn\/index.php\/cua-hang\/\"},{\"@type\":\"ListItem\",\"position\":3,\"name\":\"CML WE43-G03-C5-A240-N\"}]},{\"@type\":\"WebSite\",\"@id\":\"https:\/\/sipin.com.vn\/#website\",\"url\":\"https:\/\/sipin.com.vn\/\",\"name\":\"OMANI VI\u1ec6T NAM\",\"description\":\"Nh\u00e0 ph\u00e2n ph\u1ed1i thi\u1ebft b\u1ecb kh\u00ed n\u00e9n v\u00e0 thi\u1ebft b\u1ecb t\u1ef1 \u0111\u1ed9ng h\u00f3a trong c\u00f4ng nghi\u1ec7p\",\"publisher\":{\"@id\":\"https:\/\/sipin.com.vn\/#\/schema\/person\/0ad398a980dc3fd696111c2c5c8fa897\"},\"potentialAction\":[{\"@type\":\"SearchAction\",\"target\":{\"@type\":\"EntryPoint\",\"urlTemplate\":\"https:\/\/sipin.com.vn\/?s={search_term_string}\"},\"query-input\":\"required name=search_term_string\"}],\"inLanguage\":\"vi\"},{\"@type\":[\"Person\",\"Organization\"],\"@id\":\"https:\/\/sipin.com.vn\/#\/schema\/person\/0ad398a980dc3fd696111c2c5c8fa897\",\"name\":\"Nguy\u1ec5n V\u0103n Kh\u00e1nh\",\"image\":{\"@type\":\"ImageObject\",\"inLanguage\":\"vi\",\"@id\":\"https:\/\/sipin.com.vn\/#\/schema\/person\/image\/\",\"url\":\"https:\/\/sipin.com.vn\/wp-content\/uploads\/2024\/06\/logo-1024x1024.png\",\"contentUrl\":\"https:\/\/sipin.com.vn\/wp-content\/uploads\/2024\/06\/logo-1024x1024.png\",\"width\":1024,\"height\":1024,\"caption\":\"Nguy\u1ec5n V\u0103n Kh\u00e1nh\"},\"logo\":{\"@id\":\"https:\/\/sipin.com.vn\/#\/schema\/person\/image\/\"},\"sameAs\":[\"https:\/\/sipin.com.vn\"]}]}<\/script>\n<!-- \/ Yoast SEO plugin. -->","yoast_head_json":{"title":"CML WE43-G03-C5-A240-N - OMANI VI\u1ec6T NAM","description":"CML WE43-G03-C5-A240-N Solenoid Valve","robots":{"index":"index","follow":"follow","max-snippet":"max-snippet:-1","max-image-preview":"max-image-preview:large","max-video-preview":"max-video-preview:-1"},"canonical":"https:\/\/sipin.com.vn\/index.php\/product\/cmlwe43-g03-c5-a240-n\/","og_locale":"vi_VN","og_type":"article","og_title":"CML WE43-G03-C5-A240-N - OMANI VI\u1ec6T NAM","og_description":"CML WE43-G03-C5-A240-N Solenoid Valve","og_url":"https:\/\/sipin.com.vn\/index.php\/product\/cmlwe43-g03-c5-a240-n\/","og_site_name":"OMANI VI\u1ec6T NAM","og_image":[{"width":596,"height":307,"url":"https:\/\/sipin.com.vn\/wp-content\/uploads\/2025\/05\/WE43-G03-C5-A240-N.png","type":"image\/png"}],"twitter_card":"summary_large_image","twitter_misc":{"\u01af\u1edbc t\u00ednh th\u1eddi gian \u0111\u1ecdc":"3 ph\u00fat"},"schema":{"@context":"https:\/\/schema.org","@graph":[{"@type":"WebPage","@id":"https:\/\/sipin.com.vn\/index.php\/product\/cmlwe43-g03-c5-a240-n\/","url":"https:\/\/sipin.com.vn\/index.php\/product\/cmlwe43-g03-c5-a240-n\/","name":"CML WE43-G03-C5-A240-N - OMANI VI\u1ec6T NAM","isPartOf":{"@id":"https:\/\/sipin.com.vn\/#website"},"primaryImageOfPage":{"@id":"https:\/\/sipin.com.vn\/index.php\/product\/cmlwe43-g03-c5-a240-n\/#primaryimage"},"image":{"@id":"https:\/\/sipin.com.vn\/index.php\/product\/cmlwe43-g03-c5-a240-n\/#primaryimage"},"thumbnailUrl":"https:\/\/sipin.com.vn\/wp-content\/uploads\/2025\/05\/WE43-G03-C5-A240-N.png","datePublished":"2025-05-21T14:41:26+00:00","dateModified":"2025-05-21T14:41:26+00:00","description":"CML WE43-G03-C5-A240-N Solenoid Valve","breadcrumb":{"@id":"https:\/\/sipin.com.vn\/index.php\/product\/cmlwe43-g03-c5-a240-n\/#breadcrumb"},"inLanguage":"vi","potentialAction":[{"@type":"ReadAction","target":["https:\/\/sipin.com.vn\/index.php\/product\/cmlwe43-g03-c5-a240-n\/"]}]},{"@type":"ImageObject","inLanguage":"vi","@id":"https:\/\/sipin.com.vn\/index.php\/product\/cmlwe43-g03-c5-a240-n\/#primaryimage","url":"https:\/\/sipin.com.vn\/wp-content\/uploads\/2025\/05\/WE43-G03-C5-A240-N.png","contentUrl":"https:\/\/sipin.com.vn\/wp-content\/uploads\/2025\/05\/WE43-G03-C5-A240-N.png","width":596,"height":307},{"@type":"BreadcrumbList","@id":"https:\/\/sipin.com.vn\/index.php\/product\/cmlwe43-g03-c5-a240-n\/#breadcrumb","itemListElement":[{"@type":"ListItem","position":1,"name":"Home","item":"https:\/\/sipin.com.vn\/"},{"@type":"ListItem","position":2,"name":"S\u1ea2N PH\u1ea8M","item":"https:\/\/sipin.com.vn\/index.php\/cua-hang\/"},{"@type":"ListItem","position":3,"name":"CML WE43-G03-C5-A240-N"}]},{"@type":"WebSite","@id":"https:\/\/sipin.com.vn\/#website","url":"https:\/\/sipin.com.vn\/","name":"OMANI VI\u1ec6T NAM","description":"Nh\u00e0 ph\u00e2n ph\u1ed1i thi\u1ebft b\u1ecb kh\u00ed n\u00e9n v\u00e0 thi\u1ebft b\u1ecb t\u1ef1 \u0111\u1ed9ng h\u00f3a trong c\u00f4ng nghi\u1ec7p","publisher":{"@id":"https:\/\/sipin.com.vn\/#\/schema\/person\/0ad398a980dc3fd696111c2c5c8fa897"},"potentialAction":[{"@type":"SearchAction","target":{"@type":"EntryPoint","urlTemplate":"https:\/\/sipin.com.vn\/?s={search_term_string}"},"query-input":"required name=search_term_string"}],"inLanguage":"vi"},{"@type":["Person","Organization"],"@id":"https:\/\/sipin.com.vn\/#\/schema\/person\/0ad398a980dc3fd696111c2c5c8fa897","name":"Nguy\u1ec5n V\u0103n Kh\u00e1nh","image":{"@type":"ImageObject","inLanguage":"vi","@id":"https:\/\/sipin.com.vn\/#\/schema\/person\/image\/","url":"https:\/\/sipin.com.vn\/wp-content\/uploads\/2024\/06\/logo-1024x1024.png","contentUrl":"https:\/\/sipin.com.vn\/wp-content\/uploads\/2024\/06\/logo-1024x1024.png","width":1024,"height":1024,"caption":"Nguy\u1ec5n V\u0103n Kh\u00e1nh"},"logo":{"@id":"https:\/\/sipin.com.vn\/#\/schema\/person\/image\/"},"sameAs":["https:\/\/sipin.com.vn"]}]}},"_links":{"self":[{"href":"https:\/\/sipin.com.vn\/index.php\/wp-json\/wp\/v2\/product\/3850","targetHints":{"allow":["GET"]}}],"collection":[{"href":"https:\/\/sipin.com.vn\/index.php\/wp-json\/wp\/v2\/product"}],"about":[{"href":"https:\/\/sipin.com.vn\/index.php\/wp-json\/wp\/v2\/types\/product"}],"replies":[{"embeddable":true,"href":"https:\/\/sipin.com.vn\/index.php\/wp-json\/wp\/v2\/comments?post=3850"}],"wp:featuredmedia":[{"embeddable":true,"href":"https:\/\/sipin.com.vn\/index.php\/wp-json\/wp\/v2\/media\/3851"}],"wp:attachment":[{"href":"https:\/\/sipin.com.vn\/index.php\/wp-json\/wp\/v2\/media?parent=3850"}],"wp:term":[{"taxonomy":"product_cat","embeddable":true,"href":"https:\/\/sipin.com.vn\/index.php\/wp-json\/wp\/v2\/product_cat?post=3850"},{"taxonomy":"product_tag","embeddable":true,"href":"https:\/\/sipin.com.vn\/index.php\/wp-json\/wp\/v2\/product_tag?post=3850"}],"curies":[{"name":"wp","href":"https:\/\/api.w.org\/{rel}","templated":true}]}}