{"id":3818,"date":"2025-05-16T22:33:46","date_gmt":"2025-05-16T15:33:46","guid":{"rendered":"https:\/\/sipin.com.vn\/?post_type=product&#038;p=3818"},"modified":"2025-05-16T22:33:47","modified_gmt":"2025-05-16T15:33:47","slug":"festo-vppe-3-1-1-8-6-010-e1","status":"publish","type":"product","link":"https:\/\/sipin.com.vn\/index.php\/product\/festo-vppe-3-1-1-8-6-010-e1\/","title":{"rendered":"FESTO VPPE-3-1-1\/8-6-010-E1"},"content":{"rendered":"<p>FESTO VPPE-3-1-1\/8-6-010-E1<\/p>\n<p>FESTO VPPE-3-1-1\/8-6-010<\/p>\n<h2 class=\"title-product item_name\">Van \u0111i\u1ec1u \u00e1p Festo VPPE-3-1\/8-6-010-E1<\/h2>\n<h3>1.Van \u0111i\u1ec1u \u00e1p VPPE-3-1\/8-6-010-E1:<\/h3>\n<div>K\u00edch th\u01b0\u1edbc danh ngh\u0129a, ngu\u1ed3n cung: 5 mm<br \/>\nK\u00edch th\u01b0\u1edbc danh ngh\u0129a, kh\u00ed th\u1ea3i: 2,5 mm<br \/>\nLo\u1ea1i truy\u1ec1n \u0111\u1ed9ng: \u0110i\u1ec7n<br \/>\nNguy\u00ean t\u1eafc ni\u00eam phong: M\u1ec1m m\u1ea1i<br \/>\nV\u1ecb tr\u00ed l\u1eafp \u0111\u1eb7t: t\u00f9y ch\u1ecdn T\u1ed1t nh\u1ea5t l\u00e0 theo chi\u1ec1u d\u1ecdc<br \/>\nThi\u1ebft k\u1ebf: B\u1ed9 \u0111i\u1ec1u ch\u1ec9nh piston th\u00ed \u0111i\u1ec3m<br \/>\n\u0110\u00e1nh gi\u00e1 d\u00f2ng \u0111i\u1ec7n ng\u1eafn m\u1ea1ch: \u0110\u1ed1i v\u1edbi t\u1ea5t c\u1ea3 c\u00e1c k\u1ebft n\u1ed1i \u0111i\u1ec7n<br \/>\nNh\u1eefng ch\u1ec9 d\u1eabn an to\u00e0n: V\u1ecb tr\u00ed an to\u00e0n VPPE: n\u1ebfu c\u00e1p ngu\u1ed3n b\u1ecb gi\u00e1n \u0111o\u1ea1n, \u00e1p su\u1ea5t \u0111\u1ea7u ra \u0111\u01b0\u1ee3c duy tr\u00ec kh\u00f4ng \u0111\u01b0\u1ee3c \u0111i\u1ec1u ch\u1ec9nh.<br \/>\nBi\u1ec3u t\u01b0\u1ee3ng: 00995303<br \/>\nB\u1ea3o v\u1ec7 ph\u00e2n c\u1ef1c ng\u01b0\u1ee3c: \u0110\u1ed1i v\u1edbi t\u1ea5t c\u1ea3 c\u00e1c k\u1ebft n\u1ed1i \u0111i\u1ec7n<br \/>\nCh\u1ee9c n\u0103ng van: B\u1ed9 \u0111i\u1ec1u ch\u1ec9nh \u00e1p su\u1ea5t t\u1ef7 l\u1ec7 3 chi\u1ec1u, \u0111\u00f3ng<br \/>\n\u00c1p l\u1ef1c v\u1eadn h\u00e0nh: 0,8 MPa<br \/>\n\u00c1p l\u1ef1c v\u1eadn h\u00e0nh: 8 thanh<br \/>\nPh\u1ea1m vi \u0111i\u1ec1u ch\u1ec9nh \u00e1p su\u1ea5t: 0,015 MPa \u2026 0,6 MPa<br \/>\nPh\u1ea1m vi \u0111i\u1ec1u ch\u1ec9nh \u00e1p su\u1ea5t: 0,15 thanh\u2026 6 thanh<br \/>\n\u00c1p su\u1ea5t \u0111\u1ea7u v\u00e0o 1: 6 thanh\u2026 8 thanh<br \/>\n\u00c1p su\u1ea5t \u0111\u1ea7u v\u00e0o 1: 0,6 MPa \u2026 0,8 MPa<br \/>\nT\u1ed1i \u0111a. \u0111\u1ed9 tr\u1ec5 \u00e1p su\u1ea5t: 0,015 MPa<br \/>\nT\u1ed1i \u0111a. \u0111\u1ed9 tr\u1ec5 \u00e1p su\u1ea5t: 0,15 thanh<br \/>\nT\u1ed1c \u0111\u1ed9 d\u00f2ng ch\u1ea3y danh ngh\u0129a ti\u00eau chu\u1ea9n: 850 l\/ph\u00fat<br \/>\nT\u1eaft th\u1eddi gian: 1300 mili gi\u00e2y<br \/>\nB\u1eadt th\u1eddi gian: 550 mili gi\u00e2y<br \/>\nD\u1ea3i \u0111i\u1ec7n \u00e1p ho\u1ea1t \u0111\u1ed9ng DC: 21,6V\u2026 26,4V<br \/>\nT\u1ed1i \u0111a. m\u1ee9c ti\u00eau th\u1ee5 hi\u1ec7n t\u1ea1i: 150 mA<br \/>\nT\u1ed1i \u0111a. ti\u00eau th\u1ee5 \u0111i\u1ec7n n\u0103ng: 3,6 W<br \/>\nG\u1ee3n s\u00f3ng d\u01b0: 10%<br \/>\nGi\u00e1 tr\u1ecb \u0110I\u1ec2M C\u00c0I \u0110\u1eb6T\/TH\u1ef0C T\u1ebe: Lo\u1ea1i \u0111i\u1ec7n \u00e1p 0 \u2013 10V<br \/>\nPh\u01b0\u01a1ng ti\u1ec7n v\u1eadn h\u00e0nh: Kh\u00ed n\u00e9n \u0111\u1ea1t ti\u00eau chu\u1ea9n ISO 8573-1:2010 [7:4:4] Kh\u00ed tr\u01a1<br \/>\nL\u01b0u \u00fd v\u1ec1 ph\u01b0\u01a1ng ti\u1ec7n v\u1eadn h\u00e0nh v\u00e0 th\u00ed \u0111i\u1ec3m: Kh\u00f4ng th\u1ec3 v\u1eadn h\u00e0nh b\u00f4i tr\u01a1n<br \/>\nS\u1ef1 ch\u1ea5p thu\u1eadn: Nh\u00e3n hi\u1ec7u RCM c UL \u0111\u01b0\u1ee3c ch\u00fang t\u00f4i li\u1ec7t k\u00ea (OL)<br \/>\nD\u1ea5u KC: KC-EMV<br \/>\nD\u1ea5u CE (xem tuy\u00ean b\u1ed1 v\u1ec1 s\u1ef1 ph\u00f9 h\u1ee3p): Theo Ch\u1ec9 th\u1ecb EMC c\u1ee7a EU Ph\u00f9 h\u1ee3p v\u1edbi Ch\u1ec9 th\u1ecb RoHS c\u1ee7a EU<br \/>\nD\u1ea5u CE (xem tuy\u00ean b\u1ed1 v\u1ec1 s\u1ef1 ph\u00f9 h\u1ee3p): H\u01b0\u1edbng d\u1eabn \u0111\u1ebfn V\u01b0\u01a1ng qu\u1ed1c Anh v\u1ec1 EMC H\u01b0\u1edbng d\u1eabn RoHS c\u1ee7a V\u01b0\u01a1ng qu\u1ed1c Anh<br \/>\nC\u01a1 quan c\u1ea5p gi\u1ea5y ch\u1ee9ng nh\u1eadn: UL E322346<br \/>\nL\u1edbp ch\u1ed1ng \u0103n m\u00f2n CRC: 2 \u2013 \u1ee8ng su\u1ea5t \u0103n m\u00f2n v\u1eeba ph\u1ea3i<br \/>\nTu\u00e2n th\u1ee7 LABS (PWIS): VDMA24364-B2-L<br \/>\nNhi\u1ec7t \u0111\u1ed9 m\u00f4i tr\u01b0\u1eddng: 10\u00b0C\u202650\u00b0C<br \/>\nM\u1ee9c \u0111\u1ed9 b\u1ea3o v\u1ec7: IP65<br \/>\nNhi\u1ec7t \u0111\u1ed9 m\u00f4i tr\u01b0\u1eddng xung quanh: 10\u00b0C\u202650\u00b0C<br \/>\nTr\u1ecdng l\u01b0\u1ee3ng s\u1ea3n ph\u1ea9m: 445 g<br \/>\nTuy\u1ebfn t\u00ednh: 1 %FS<br \/>\n\u0110\u1ed9 tr\u1ec5: 2,5 %FS<br \/>\nKh\u1ea3 n\u0103ng t\u00e1i l\u1eadp: 0,5 %FS<br \/>\nT\u1ed5ng \u0111\u1ed9 ch\u00ednh x\u00e1c: 2,25%FS<br \/>\nH\u1ec7 s\u1ed1 nhi\u1ec7t \u0111\u1ed9: 0,04 %\/K<br \/>\nK\u1ebft n\u1ed1i \u0111i\u1ec7n: Ph\u00edch c\u1eafm M12x1 4 ch\u00e2n Thi\u1ebft k\u1ebf tr\u00f2n<br \/>\nKi\u1ec3u l\u1eafp \u0111\u1eb7t: C\u00f3 l\u1ed7 xuy\u00ean qua<br \/>\nK\u1ebft n\u1ed1i kh\u00ed n\u00e9n, c\u1ed5ng 1: G1\/8<br \/>\nK\u1ebft n\u1ed1i kh\u00ed n\u00e9n, c\u1ed5ng 2: G1\/8<br \/>\nL\u01b0u \u00fd v\u1ec1 ch\u1ea5t li\u1ec7u: Tu\u00e2n th\u1ee7 RoHS<br \/>\nNh\u00e0 \u1edf v\u1eadt li\u1ec7u: H\u1ee3p kim nh\u00f4m r\u00e8n<br \/>\nM\u00e0ng v\u1eadt li\u1ec7u: NBR<\/div>\n<h3>2. Van \u0111i\u1ec1u \u00e1p VPPE-3-1-1\/8-10-010-E1 557773:<\/h3>\n<p>VPPE-3-1\/8-6-010 539639<br \/>\nVPPE-3-1-1\/8-10-010-E1 557773<br \/>\nVPPE-3-1-1\/8-10-010-E1T 557777<br \/>\nVPPE-3-1-1\/8-10-420-E1 557776<br \/>\nVPPE-3-1-1\/8-10-420-E1T<br \/>\nVPPE-3-1-1\/8-2-010-E1 557771<br \/>\nVPPE-3-1-1\/8-6-010-E1<br \/>\nVPPE-3-1-1\/8-6-010-E1 557772<br \/>\nVPPE-3-1-1\/8-6-010-E1T 567539<br \/>\nVPPE-3-1-1\/8-6-420-E1 557775<br \/>\nVPPE-3-1-1\/8-6-420-E1T 567540<\/p>\n","protected":false},"excerpt":{"rendered":"<p>FESTO VPPE-3-1-1\/8-6-010-E1 FESTO VPPE-3-1-1\/8-6-010 Van \u0111i\u1ec1u \u00e1p Festo VPPE-3-1\/8-6-010-E1 1.Van \u0111i\u1ec1u \u00e1p VPPE-3-1\/8-6-010-E1: K\u00edch th\u01b0\u1edbc danh ngh\u0129a, ngu\u1ed3n cung: 5 mm K\u00edch th\u01b0\u1edbc danh ngh\u0129a, kh\u00ed th\u1ea3i: 2,5 mm Lo\u1ea1i truy\u1ec1n \u0111\u1ed9ng: \u0110i\u1ec7n Nguy\u00ean t\u1eafc ni\u00eam phong: M\u1ec1m m\u1ea1i V\u1ecb tr\u00ed l\u1eafp \u0111\u1eb7t: t\u00f9y ch\u1ecdn T\u1ed1t nh\u1ea5t l\u00e0 theo chi\u1ec1u&hellip; <\/p>\n","protected":false},"featured_media":3819,"comment_status":"open","ping_status":"closed","template":"","meta":{"om_disable_all_campaigns":false,"_monsterinsights_skip_tracking":false,"_monsterinsights_sitenote_active":false,"_monsterinsights_sitenote_note":"","_monsterinsights_sitenote_category":0},"product_cat":[735],"product_tag":[364,363,198],"class_list":{"0":"post-3818","1":"product","2":"type-product","3":"status-publish","4":"has-post-thumbnail","6":"product_cat-festo","7":"product_tag-dai-ly-festo-viet-nam","8":"product_tag-festo-viet-nam","9":"product_tag-van-dieu-ap","11":"first","12":"instock","13":"shipping-taxable","14":"product-type-simple"},"aioseo_notices":[],"yoast_head":"<!-- This site is optimized with the Yoast SEO plugin v22.8 - https:\/\/yoast.com\/wordpress\/plugins\/seo\/ -->\n<title>FESTO VPPE-3-1-1\/8-6-010-E1 - OMANI VI\u1ec6T NAM<\/title>\n<meta name=\"description\" content=\"FESTO VPPE-3-1-1\/8-6-010-E1 Proportional pressure regulators\" \/>\n<meta name=\"robots\" content=\"index, follow, max-snippet:-1, max-image-preview:large, max-video-preview:-1\" \/>\n<link rel=\"canonical\" href=\"https:\/\/sipin.com.vn\/index.php\/product\/festo-vppe-3-1-1-8-6-010-e1\/\" \/>\n<meta property=\"og:locale\" content=\"vi_VN\" \/>\n<meta property=\"og:type\" content=\"article\" \/>\n<meta property=\"og:title\" content=\"FESTO VPPE-3-1-1\/8-6-010-E1 - OMANI VI\u1ec6T NAM\" \/>\n<meta property=\"og:description\" content=\"FESTO VPPE-3-1-1\/8-6-010-E1 Proportional pressure regulators\" \/>\n<meta property=\"og:url\" content=\"https:\/\/sipin.com.vn\/index.php\/product\/festo-vppe-3-1-1-8-6-010-e1\/\" \/>\n<meta property=\"og:site_name\" content=\"OMANI VI\u1ec6T NAM\" \/>\n<meta property=\"article:modified_time\" content=\"2025-05-16T15:33:47+00:00\" \/>\n<meta property=\"og:image\" content=\"https:\/\/sipin.com.vn\/wp-content\/uploads\/2025\/05\/VPPE-3-1-1-8-6-010-E1.png\" \/>\n\t<meta property=\"og:image:width\" content=\"621\" \/>\n\t<meta property=\"og:image:height\" content=\"628\" \/>\n\t<meta property=\"og:image:type\" content=\"image\/png\" \/>\n<meta name=\"twitter:card\" content=\"summary_large_image\" \/>\n<meta name=\"twitter:label1\" content=\"\u01af\u1edbc t\u00ednh th\u1eddi gian \u0111\u1ecdc\" \/>\n\t<meta name=\"twitter:data1\" content=\"3 ph\u00fat\" \/>\n<script type=\"application\/ld+json\" class=\"yoast-schema-graph\">{\"@context\":\"https:\/\/schema.org\",\"@graph\":[{\"@type\":\"WebPage\",\"@id\":\"https:\/\/sipin.com.vn\/index.php\/product\/festo-vppe-3-1-1-8-6-010-e1\/\",\"url\":\"https:\/\/sipin.com.vn\/index.php\/product\/festo-vppe-3-1-1-8-6-010-e1\/\",\"name\":\"FESTO VPPE-3-1-1\/8-6-010-E1 - OMANI VI\u1ec6T NAM\",\"isPartOf\":{\"@id\":\"https:\/\/sipin.com.vn\/#website\"},\"primaryImageOfPage\":{\"@id\":\"https:\/\/sipin.com.vn\/index.php\/product\/festo-vppe-3-1-1-8-6-010-e1\/#primaryimage\"},\"image\":{\"@id\":\"https:\/\/sipin.com.vn\/index.php\/product\/festo-vppe-3-1-1-8-6-010-e1\/#primaryimage\"},\"thumbnailUrl\":\"https:\/\/sipin.com.vn\/wp-content\/uploads\/2025\/05\/VPPE-3-1-1-8-6-010-E1.png\",\"datePublished\":\"2025-05-16T15:33:46+00:00\",\"dateModified\":\"2025-05-16T15:33:47+00:00\",\"description\":\"FESTO VPPE-3-1-1\/8-6-010-E1 Proportional pressure regulators\",\"breadcrumb\":{\"@id\":\"https:\/\/sipin.com.vn\/index.php\/product\/festo-vppe-3-1-1-8-6-010-e1\/#breadcrumb\"},\"inLanguage\":\"vi\",\"potentialAction\":[{\"@type\":\"ReadAction\",\"target\":[\"https:\/\/sipin.com.vn\/index.php\/product\/festo-vppe-3-1-1-8-6-010-e1\/\"]}]},{\"@type\":\"ImageObject\",\"inLanguage\":\"vi\",\"@id\":\"https:\/\/sipin.com.vn\/index.php\/product\/festo-vppe-3-1-1-8-6-010-e1\/#primaryimage\",\"url\":\"https:\/\/sipin.com.vn\/wp-content\/uploads\/2025\/05\/VPPE-3-1-1-8-6-010-E1.png\",\"contentUrl\":\"https:\/\/sipin.com.vn\/wp-content\/uploads\/2025\/05\/VPPE-3-1-1-8-6-010-E1.png\",\"width\":621,\"height\":628},{\"@type\":\"BreadcrumbList\",\"@id\":\"https:\/\/sipin.com.vn\/index.php\/product\/festo-vppe-3-1-1-8-6-010-e1\/#breadcrumb\",\"itemListElement\":[{\"@type\":\"ListItem\",\"position\":1,\"name\":\"Home\",\"item\":\"https:\/\/sipin.com.vn\/\"},{\"@type\":\"ListItem\",\"position\":2,\"name\":\"S\u1ea2N PH\u1ea8M\",\"item\":\"https:\/\/sipin.com.vn\/index.php\/cua-hang\/\"},{\"@type\":\"ListItem\",\"position\":3,\"name\":\"FESTO VPPE-3-1-1\/8-6-010-E1\"}]},{\"@type\":\"WebSite\",\"@id\":\"https:\/\/sipin.com.vn\/#website\",\"url\":\"https:\/\/sipin.com.vn\/\",\"name\":\"OMANI VI\u1ec6T NAM\",\"description\":\"Nh\u00e0 ph\u00e2n ph\u1ed1i thi\u1ebft b\u1ecb kh\u00ed n\u00e9n v\u00e0 thi\u1ebft b\u1ecb t\u1ef1 \u0111\u1ed9ng h\u00f3a trong c\u00f4ng nghi\u1ec7p\",\"publisher\":{\"@id\":\"https:\/\/sipin.com.vn\/#\/schema\/person\/0ad398a980dc3fd696111c2c5c8fa897\"},\"potentialAction\":[{\"@type\":\"SearchAction\",\"target\":{\"@type\":\"EntryPoint\",\"urlTemplate\":\"https:\/\/sipin.com.vn\/?s={search_term_string}\"},\"query-input\":\"required name=search_term_string\"}],\"inLanguage\":\"vi\"},{\"@type\":[\"Person\",\"Organization\"],\"@id\":\"https:\/\/sipin.com.vn\/#\/schema\/person\/0ad398a980dc3fd696111c2c5c8fa897\",\"name\":\"Nguy\u1ec5n V\u0103n Kh\u00e1nh\",\"image\":{\"@type\":\"ImageObject\",\"inLanguage\":\"vi\",\"@id\":\"https:\/\/sipin.com.vn\/#\/schema\/person\/image\/\",\"url\":\"https:\/\/sipin.com.vn\/wp-content\/uploads\/2024\/06\/logo-1024x1024.png\",\"contentUrl\":\"https:\/\/sipin.com.vn\/wp-content\/uploads\/2024\/06\/logo-1024x1024.png\",\"width\":1024,\"height\":1024,\"caption\":\"Nguy\u1ec5n V\u0103n Kh\u00e1nh\"},\"logo\":{\"@id\":\"https:\/\/sipin.com.vn\/#\/schema\/person\/image\/\"},\"sameAs\":[\"https:\/\/sipin.com.vn\"]}]}<\/script>\n<!-- \/ Yoast SEO plugin. -->","yoast_head_json":{"title":"FESTO VPPE-3-1-1\/8-6-010-E1 - OMANI VI\u1ec6T NAM","description":"FESTO VPPE-3-1-1\/8-6-010-E1 Proportional pressure regulators","robots":{"index":"index","follow":"follow","max-snippet":"max-snippet:-1","max-image-preview":"max-image-preview:large","max-video-preview":"max-video-preview:-1"},"canonical":"https:\/\/sipin.com.vn\/index.php\/product\/festo-vppe-3-1-1-8-6-010-e1\/","og_locale":"vi_VN","og_type":"article","og_title":"FESTO VPPE-3-1-1\/8-6-010-E1 - OMANI VI\u1ec6T NAM","og_description":"FESTO VPPE-3-1-1\/8-6-010-E1 Proportional pressure regulators","og_url":"https:\/\/sipin.com.vn\/index.php\/product\/festo-vppe-3-1-1-8-6-010-e1\/","og_site_name":"OMANI VI\u1ec6T NAM","article_modified_time":"2025-05-16T15:33:47+00:00","og_image":[{"width":621,"height":628,"url":"https:\/\/sipin.com.vn\/wp-content\/uploads\/2025\/05\/VPPE-3-1-1-8-6-010-E1.png","type":"image\/png"}],"twitter_card":"summary_large_image","twitter_misc":{"\u01af\u1edbc t\u00ednh th\u1eddi gian \u0111\u1ecdc":"3 ph\u00fat"},"schema":{"@context":"https:\/\/schema.org","@graph":[{"@type":"WebPage","@id":"https:\/\/sipin.com.vn\/index.php\/product\/festo-vppe-3-1-1-8-6-010-e1\/","url":"https:\/\/sipin.com.vn\/index.php\/product\/festo-vppe-3-1-1-8-6-010-e1\/","name":"FESTO VPPE-3-1-1\/8-6-010-E1 - OMANI VI\u1ec6T NAM","isPartOf":{"@id":"https:\/\/sipin.com.vn\/#website"},"primaryImageOfPage":{"@id":"https:\/\/sipin.com.vn\/index.php\/product\/festo-vppe-3-1-1-8-6-010-e1\/#primaryimage"},"image":{"@id":"https:\/\/sipin.com.vn\/index.php\/product\/festo-vppe-3-1-1-8-6-010-e1\/#primaryimage"},"thumbnailUrl":"https:\/\/sipin.com.vn\/wp-content\/uploads\/2025\/05\/VPPE-3-1-1-8-6-010-E1.png","datePublished":"2025-05-16T15:33:46+00:00","dateModified":"2025-05-16T15:33:47+00:00","description":"FESTO VPPE-3-1-1\/8-6-010-E1 Proportional pressure regulators","breadcrumb":{"@id":"https:\/\/sipin.com.vn\/index.php\/product\/festo-vppe-3-1-1-8-6-010-e1\/#breadcrumb"},"inLanguage":"vi","potentialAction":[{"@type":"ReadAction","target":["https:\/\/sipin.com.vn\/index.php\/product\/festo-vppe-3-1-1-8-6-010-e1\/"]}]},{"@type":"ImageObject","inLanguage":"vi","@id":"https:\/\/sipin.com.vn\/index.php\/product\/festo-vppe-3-1-1-8-6-010-e1\/#primaryimage","url":"https:\/\/sipin.com.vn\/wp-content\/uploads\/2025\/05\/VPPE-3-1-1-8-6-010-E1.png","contentUrl":"https:\/\/sipin.com.vn\/wp-content\/uploads\/2025\/05\/VPPE-3-1-1-8-6-010-E1.png","width":621,"height":628},{"@type":"BreadcrumbList","@id":"https:\/\/sipin.com.vn\/index.php\/product\/festo-vppe-3-1-1-8-6-010-e1\/#breadcrumb","itemListElement":[{"@type":"ListItem","position":1,"name":"Home","item":"https:\/\/sipin.com.vn\/"},{"@type":"ListItem","position":2,"name":"S\u1ea2N PH\u1ea8M","item":"https:\/\/sipin.com.vn\/index.php\/cua-hang\/"},{"@type":"ListItem","position":3,"name":"FESTO VPPE-3-1-1\/8-6-010-E1"}]},{"@type":"WebSite","@id":"https:\/\/sipin.com.vn\/#website","url":"https:\/\/sipin.com.vn\/","name":"OMANI VI\u1ec6T NAM","description":"Nh\u00e0 ph\u00e2n ph\u1ed1i thi\u1ebft b\u1ecb kh\u00ed n\u00e9n v\u00e0 thi\u1ebft b\u1ecb t\u1ef1 \u0111\u1ed9ng h\u00f3a trong c\u00f4ng nghi\u1ec7p","publisher":{"@id":"https:\/\/sipin.com.vn\/#\/schema\/person\/0ad398a980dc3fd696111c2c5c8fa897"},"potentialAction":[{"@type":"SearchAction","target":{"@type":"EntryPoint","urlTemplate":"https:\/\/sipin.com.vn\/?s={search_term_string}"},"query-input":"required name=search_term_string"}],"inLanguage":"vi"},{"@type":["Person","Organization"],"@id":"https:\/\/sipin.com.vn\/#\/schema\/person\/0ad398a980dc3fd696111c2c5c8fa897","name":"Nguy\u1ec5n V\u0103n Kh\u00e1nh","image":{"@type":"ImageObject","inLanguage":"vi","@id":"https:\/\/sipin.com.vn\/#\/schema\/person\/image\/","url":"https:\/\/sipin.com.vn\/wp-content\/uploads\/2024\/06\/logo-1024x1024.png","contentUrl":"https:\/\/sipin.com.vn\/wp-content\/uploads\/2024\/06\/logo-1024x1024.png","width":1024,"height":1024,"caption":"Nguy\u1ec5n V\u0103n Kh\u00e1nh"},"logo":{"@id":"https:\/\/sipin.com.vn\/#\/schema\/person\/image\/"},"sameAs":["https:\/\/sipin.com.vn"]}]}},"_links":{"self":[{"href":"https:\/\/sipin.com.vn\/index.php\/wp-json\/wp\/v2\/product\/3818","targetHints":{"allow":["GET"]}}],"collection":[{"href":"https:\/\/sipin.com.vn\/index.php\/wp-json\/wp\/v2\/product"}],"about":[{"href":"https:\/\/sipin.com.vn\/index.php\/wp-json\/wp\/v2\/types\/product"}],"replies":[{"embeddable":true,"href":"https:\/\/sipin.com.vn\/index.php\/wp-json\/wp\/v2\/comments?post=3818"}],"wp:featuredmedia":[{"embeddable":true,"href":"https:\/\/sipin.com.vn\/index.php\/wp-json\/wp\/v2\/media\/3819"}],"wp:attachment":[{"href":"https:\/\/sipin.com.vn\/index.php\/wp-json\/wp\/v2\/media?parent=3818"}],"wp:term":[{"taxonomy":"product_cat","embeddable":true,"href":"https:\/\/sipin.com.vn\/index.php\/wp-json\/wp\/v2\/product_cat?post=3818"},{"taxonomy":"product_tag","embeddable":true,"href":"https:\/\/sipin.com.vn\/index.php\/wp-json\/wp\/v2\/product_tag?post=3818"}],"curies":[{"name":"wp","href":"https:\/\/api.w.org\/{rel}","templated":true}]}}