{"id":3697,"date":"2025-05-04T16:07:29","date_gmt":"2025-05-04T09:07:29","guid":{"rendered":"https:\/\/omanivietnam.com\/?post_type=product&#038;p=3697"},"modified":"2025-05-13T22:09:28","modified_gmt":"2025-05-13T15:09:28","slug":"mitsubishi-hf-kp43","status":"publish","type":"product","link":"https:\/\/sipin.com.vn\/index.php\/product\/mitsubishi-hf-kp43\/","title":{"rendered":"MITSUBISHI HF-KP43"},"content":{"rendered":"<p>MITSUBISHI HF-KP43<\/p>\n<p>SERVO MOTOR MITSUBISHI\u00a0HF-KP43<\/p>\n<p>Chi ti\u1ebft d\u00f2ng\u00a0<strong>servo motor HF-KP43<\/strong>\u00a0c\u1ee7a nh\u00e0 s\u1ea3n xu\u1ea5t\u00a0<strong>Mitsubishi\u00a0<\/strong>xu\u1ea5t x\u1ee9 Japan<\/p>\n<ul>\n<li>\u0110i\u1ec7n \u00e1p cung c\u1ea5p: 400V.<\/li>\n<li>Servo amplifier: 40A\/B\/A(1)\/B(1)(-RJ006)\/T(1)<\/li>\n<li>Qu\u00e1n t\u00ednh c\u1ef1c nh\u1ecf, c\u00f4ng su\u1ea5t nh\u1ecf.<\/li>\n<li>T\u1ed1c \u0111\u1ed9: 3000 rpm.<\/li>\n<li>T\u1ed1c \u0111\u1ed9 l\u1edbn nh\u1ea5t: 6000 rpm.<\/li>\n<li>\u1ee8ng d\u1ee5ng: \u0110i\u1ec1u khi\u1ec3n t\u1ed1c \u0111\u1ed9, v\u1ecb tr\u00ed, momen.<\/li>\n<li>Encoder: 18 bit.<\/li>\n<li>Ng\u00f5 ra \u0111\u1ecbnh m\u1ee9c: 400 W.<\/li>\n<li>\u0110\u1ed9 ph\u00e2n gi\u1ea3i:262.144 xung\/v\u00f2ng<\/li>\n<li>Ph\u01b0\u01a1ng ph\u00e1p \u0111i\u1ec1u khi\u1ec3n: Ch\u1ec9nh l\u01b0u to\u00e0n k\u00ec 3 pha\/ IGBT\/ PWM.<\/li>\n<li>Kh\u1ed1i l\u01b0\u1ee3ng ti\u00eau chu\u1ea9n: 1.5Kg<\/li>\n<\/ul>\n<p><u><strong>Model c\u00e1c d\u00f2ng kh\u00e1c:<\/strong><\/u><\/p>\n<p>HF-KP053<br \/>\nHF-KP053B<br \/>\nHF-KP13B<br \/>\nHF-KP13B<br \/>\nHF-KP23<br \/>\nHF-KP23B<br \/>\nHF-KP43<br \/>\nHF-KP43B<br \/>\nHF-KP73<br \/>\nHF-KP73B<\/p>\n<table class=\"woocommerce-product-attributes shop_attributes\">\n<tbody>\n<tr>\n<td>Primary brand<\/td>\n<td>Mitsubishi Electric<\/td>\n<\/tr>\n<tr>\n<td>Main function<\/td>\n<td>AC servo motor<\/td>\n<\/tr>\n<tr>\n<td>Product series \/ family name<\/td>\n<td>MELSERVO J3 series<\/td>\n<\/tr>\n<tr>\n<td>Sub-range name<\/td>\n<td>HF-KP series<\/td>\n<\/tr>\n<tr>\n<td>Functions<\/td>\n<td>AC brushless rotary servo motor<\/td>\n<\/tr>\n<tr>\n<td>Design<\/td>\n<td>straight shaftbuilt-in absolute feedback encod. (18-bit)low inertia \/ small power capacitynatural cooling<\/td>\n<\/tr>\n<tr>\n<td>Supply voltage (AC)<\/td>\n<td>200Vac class<\/td>\n<\/tr>\n<tr>\n<td>Rated current<\/td>\n<td>2.7A<\/td>\n<\/tr>\n<tr>\n<td>Rated active power (kW)<\/td>\n<td>400W \/ 0.4kW<\/td>\n<\/tr>\n<tr>\n<td>Rotational speed<\/td>\n<td>3000rpm6000rpm (maximum)<\/td>\n<\/tr>\n<tr>\n<td>Torque<\/td>\n<td>1.3Nm nominal<\/td>\n<\/tr>\n<tr>\n<td>Maximum torque<\/td>\n<td>3.8Nm<\/td>\n<\/tr>\n<tr>\n<td>Moment of inertia<\/td>\n<td>0.000042kg.m2 (0.42kg.cm2)<\/td>\n<\/tr>\n<tr>\n<td>Net Height (mm)<\/td>\n<td>77.1 mm<\/td>\n<\/tr>\n<tr>\n<td>Net Width (mm)<\/td>\n<td>60 mm<\/td>\n<\/tr>\n<tr>\n<td>Net Depth (mm)<\/td>\n<td>128.5 mm<\/td>\n<\/tr>\n<tr>\n<td>Mounting mode<\/td>\n<td>60x60mm flange mounting<\/td>\n<\/tr>\n<tr>\n<td>Degree of protection<\/td>\n<td>IP65<\/td>\n<\/tr>\n<tr>\n<td>Dimensions<\/td>\n<td>H77.1mm x W60mm x D128.5mm<\/td>\n<\/tr>\n<tr>\n<td>Ambient air temperature for operation<\/td>\n<td>0\u2026+40 \u00b0C<\/td>\n<\/tr>\n<tr>\n<td>Ambient air temperature for storage<\/td>\n<td>-15\u00b0C\u2026+70 \u00b0C<\/td>\n<\/tr>\n<tr>\n<td>Maximum current<\/td>\n<td>8.1 A<\/td>\n<\/tr>\n<tr>\n<td>Order code \/ Manufacturer SKU<\/td>\n<td>HF-KP43<\/td>\n<\/tr>\n<tr>\n<td>Benefits<\/td>\n<td>taking advantage of the characteristics of a servo motor such as smallness and high-outputthis motor serves as a compact and high-output spindle motor which is capable of high-speed rotation 6000rpm<\/td>\n<\/tr>\n<\/tbody>\n<\/table>\n","protected":false},"excerpt":{"rendered":"<p>MITSUBISHI HF-KP43 SERVO MOTOR MITSUBISHI\u00a0HF-KP43 Chi ti\u1ebft d\u00f2ng\u00a0servo motor HF-KP43\u00a0c\u1ee7a nh\u00e0 s\u1ea3n xu\u1ea5t\u00a0Mitsubishi\u00a0xu\u1ea5t x\u1ee9 Japan \u0110i\u1ec7n \u00e1p cung c\u1ea5p: 400V. Servo amplifier: 40A\/B\/A(1)\/B(1)(-RJ006)\/T(1) Qu\u00e1n t\u00ednh c\u1ef1c nh\u1ecf, c\u00f4ng su\u1ea5t nh\u1ecf. T\u1ed1c \u0111\u1ed9: 3000 rpm. T\u1ed1c \u0111\u1ed9 l\u1edbn nh\u1ea5t: 6000 rpm. \u1ee8ng d\u1ee5ng: \u0110i\u1ec1u khi\u1ec3n t\u1ed1c \u0111\u1ed9, v\u1ecb tr\u00ed, momen. Encoder:&hellip; <\/p>\n","protected":false},"featured_media":3698,"comment_status":"open","ping_status":"closed","template":"","meta":{"om_disable_all_campaigns":false,"_monsterinsights_skip_tracking":false,"_monsterinsights_sitenote_active":false,"_monsterinsights_sitenote_note":"","_monsterinsights_sitenote_category":0},"product_cat":[749],"product_tag":[158,120,157],"class_list":{"0":"post-3697","1":"product","2":"type-product","3":"status-publish","4":"has-post-thumbnail","6":"product_cat-mitsubishi","7":"product_tag-dai-ly-mitsubishi-viet-nam","8":"product_tag-dong-co","9":"product_tag-mitsubishi-viet-nam","11":"first","12":"instock","13":"shipping-taxable","14":"product-type-simple"},"aioseo_notices":[],"yoast_head":"<!-- This site is optimized with the Yoast SEO plugin v22.8 - https:\/\/yoast.com\/wordpress\/plugins\/seo\/ -->\n<title>MITSUBISHI HF-KP43 - OMANI VI\u1ec6T NAM<\/title>\n<meta name=\"description\" content=\"MITSUBISHI HF-KP43 Servo Motor\" \/>\n<meta name=\"robots\" content=\"index, follow, max-snippet:-1, max-image-preview:large, max-video-preview:-1\" \/>\n<link rel=\"canonical\" href=\"https:\/\/sipin.com.vn\/index.php\/product\/mitsubishi-hf-kp43\/\" \/>\n<meta property=\"og:locale\" content=\"vi_VN\" \/>\n<meta property=\"og:type\" content=\"article\" \/>\n<meta property=\"og:title\" content=\"MITSUBISHI HF-KP43 - OMANI VI\u1ec6T NAM\" \/>\n<meta property=\"og:description\" content=\"MITSUBISHI HF-KP43 Servo Motor\" \/>\n<meta property=\"og:url\" content=\"https:\/\/sipin.com.vn\/index.php\/product\/mitsubishi-hf-kp43\/\" \/>\n<meta property=\"og:site_name\" content=\"OMANI VI\u1ec6T NAM\" \/>\n<meta property=\"article:modified_time\" content=\"2025-05-13T15:09:28+00:00\" \/>\n<meta property=\"og:image\" content=\"https:\/\/sipin.com.vn\/wp-content\/uploads\/2025\/05\/HF-KP43.png\" \/>\n\t<meta property=\"og:image:width\" content=\"696\" \/>\n\t<meta property=\"og:image:height\" content=\"446\" \/>\n\t<meta property=\"og:image:type\" content=\"image\/png\" \/>\n<meta name=\"twitter:card\" content=\"summary_large_image\" \/>\n<meta name=\"twitter:label1\" content=\"\u01af\u1edbc t\u00ednh th\u1eddi gian \u0111\u1ecdc\" \/>\n\t<meta name=\"twitter:data1\" content=\"2 ph\u00fat\" \/>\n<script type=\"application\/ld+json\" class=\"yoast-schema-graph\">{\"@context\":\"https:\/\/schema.org\",\"@graph\":[{\"@type\":\"WebPage\",\"@id\":\"https:\/\/sipin.com.vn\/index.php\/product\/mitsubishi-hf-kp43\/\",\"url\":\"https:\/\/sipin.com.vn\/index.php\/product\/mitsubishi-hf-kp43\/\",\"name\":\"MITSUBISHI HF-KP43 - OMANI VI\u1ec6T NAM\",\"isPartOf\":{\"@id\":\"https:\/\/sipin.com.vn\/#website\"},\"primaryImageOfPage\":{\"@id\":\"https:\/\/sipin.com.vn\/index.php\/product\/mitsubishi-hf-kp43\/#primaryimage\"},\"image\":{\"@id\":\"https:\/\/sipin.com.vn\/index.php\/product\/mitsubishi-hf-kp43\/#primaryimage\"},\"thumbnailUrl\":\"https:\/\/sipin.com.vn\/wp-content\/uploads\/2025\/05\/HF-KP43.png\",\"datePublished\":\"2025-05-04T09:07:29+00:00\",\"dateModified\":\"2025-05-13T15:09:28+00:00\",\"description\":\"MITSUBISHI HF-KP43 Servo Motor\",\"breadcrumb\":{\"@id\":\"https:\/\/sipin.com.vn\/index.php\/product\/mitsubishi-hf-kp43\/#breadcrumb\"},\"inLanguage\":\"vi\",\"potentialAction\":[{\"@type\":\"ReadAction\",\"target\":[\"https:\/\/sipin.com.vn\/index.php\/product\/mitsubishi-hf-kp43\/\"]}]},{\"@type\":\"ImageObject\",\"inLanguage\":\"vi\",\"@id\":\"https:\/\/sipin.com.vn\/index.php\/product\/mitsubishi-hf-kp43\/#primaryimage\",\"url\":\"https:\/\/sipin.com.vn\/wp-content\/uploads\/2025\/05\/HF-KP43.png\",\"contentUrl\":\"https:\/\/sipin.com.vn\/wp-content\/uploads\/2025\/05\/HF-KP43.png\",\"width\":696,\"height\":446},{\"@type\":\"BreadcrumbList\",\"@id\":\"https:\/\/sipin.com.vn\/index.php\/product\/mitsubishi-hf-kp43\/#breadcrumb\",\"itemListElement\":[{\"@type\":\"ListItem\",\"position\":1,\"name\":\"Home\",\"item\":\"https:\/\/sipin.com.vn\/\"},{\"@type\":\"ListItem\",\"position\":2,\"name\":\"S\u1ea2N PH\u1ea8M\",\"item\":\"https:\/\/sipin.com.vn\/index.php\/cua-hang\/\"},{\"@type\":\"ListItem\",\"position\":3,\"name\":\"MITSUBISHI HF-KP43\"}]},{\"@type\":\"WebSite\",\"@id\":\"https:\/\/sipin.com.vn\/#website\",\"url\":\"https:\/\/sipin.com.vn\/\",\"name\":\"OMANI VI\u1ec6T NAM\",\"description\":\"Nh\u00e0 ph\u00e2n ph\u1ed1i thi\u1ebft b\u1ecb kh\u00ed n\u00e9n v\u00e0 thi\u1ebft b\u1ecb t\u1ef1 \u0111\u1ed9ng h\u00f3a trong c\u00f4ng nghi\u1ec7p\",\"publisher\":{\"@id\":\"https:\/\/sipin.com.vn\/#\/schema\/person\/0ad398a980dc3fd696111c2c5c8fa897\"},\"potentialAction\":[{\"@type\":\"SearchAction\",\"target\":{\"@type\":\"EntryPoint\",\"urlTemplate\":\"https:\/\/sipin.com.vn\/?s={search_term_string}\"},\"query-input\":\"required name=search_term_string\"}],\"inLanguage\":\"vi\"},{\"@type\":[\"Person\",\"Organization\"],\"@id\":\"https:\/\/sipin.com.vn\/#\/schema\/person\/0ad398a980dc3fd696111c2c5c8fa897\",\"name\":\"Nguy\u1ec5n V\u0103n Kh\u00e1nh\",\"image\":{\"@type\":\"ImageObject\",\"inLanguage\":\"vi\",\"@id\":\"https:\/\/sipin.com.vn\/#\/schema\/person\/image\/\",\"url\":\"https:\/\/sipin.com.vn\/wp-content\/uploads\/2024\/06\/logo-1024x1024.png\",\"contentUrl\":\"https:\/\/sipin.com.vn\/wp-content\/uploads\/2024\/06\/logo-1024x1024.png\",\"width\":1024,\"height\":1024,\"caption\":\"Nguy\u1ec5n V\u0103n Kh\u00e1nh\"},\"logo\":{\"@id\":\"https:\/\/sipin.com.vn\/#\/schema\/person\/image\/\"},\"sameAs\":[\"https:\/\/sipin.com.vn\"]}]}<\/script>\n<!-- \/ Yoast SEO plugin. -->","yoast_head_json":{"title":"MITSUBISHI HF-KP43 - OMANI VI\u1ec6T NAM","description":"MITSUBISHI HF-KP43 Servo Motor","robots":{"index":"index","follow":"follow","max-snippet":"max-snippet:-1","max-image-preview":"max-image-preview:large","max-video-preview":"max-video-preview:-1"},"canonical":"https:\/\/sipin.com.vn\/index.php\/product\/mitsubishi-hf-kp43\/","og_locale":"vi_VN","og_type":"article","og_title":"MITSUBISHI HF-KP43 - OMANI VI\u1ec6T NAM","og_description":"MITSUBISHI HF-KP43 Servo Motor","og_url":"https:\/\/sipin.com.vn\/index.php\/product\/mitsubishi-hf-kp43\/","og_site_name":"OMANI VI\u1ec6T NAM","article_modified_time":"2025-05-13T15:09:28+00:00","og_image":[{"width":696,"height":446,"url":"https:\/\/sipin.com.vn\/wp-content\/uploads\/2025\/05\/HF-KP43.png","type":"image\/png"}],"twitter_card":"summary_large_image","twitter_misc":{"\u01af\u1edbc t\u00ednh th\u1eddi gian \u0111\u1ecdc":"2 ph\u00fat"},"schema":{"@context":"https:\/\/schema.org","@graph":[{"@type":"WebPage","@id":"https:\/\/sipin.com.vn\/index.php\/product\/mitsubishi-hf-kp43\/","url":"https:\/\/sipin.com.vn\/index.php\/product\/mitsubishi-hf-kp43\/","name":"MITSUBISHI HF-KP43 - OMANI VI\u1ec6T NAM","isPartOf":{"@id":"https:\/\/sipin.com.vn\/#website"},"primaryImageOfPage":{"@id":"https:\/\/sipin.com.vn\/index.php\/product\/mitsubishi-hf-kp43\/#primaryimage"},"image":{"@id":"https:\/\/sipin.com.vn\/index.php\/product\/mitsubishi-hf-kp43\/#primaryimage"},"thumbnailUrl":"https:\/\/sipin.com.vn\/wp-content\/uploads\/2025\/05\/HF-KP43.png","datePublished":"2025-05-04T09:07:29+00:00","dateModified":"2025-05-13T15:09:28+00:00","description":"MITSUBISHI HF-KP43 Servo Motor","breadcrumb":{"@id":"https:\/\/sipin.com.vn\/index.php\/product\/mitsubishi-hf-kp43\/#breadcrumb"},"inLanguage":"vi","potentialAction":[{"@type":"ReadAction","target":["https:\/\/sipin.com.vn\/index.php\/product\/mitsubishi-hf-kp43\/"]}]},{"@type":"ImageObject","inLanguage":"vi","@id":"https:\/\/sipin.com.vn\/index.php\/product\/mitsubishi-hf-kp43\/#primaryimage","url":"https:\/\/sipin.com.vn\/wp-content\/uploads\/2025\/05\/HF-KP43.png","contentUrl":"https:\/\/sipin.com.vn\/wp-content\/uploads\/2025\/05\/HF-KP43.png","width":696,"height":446},{"@type":"BreadcrumbList","@id":"https:\/\/sipin.com.vn\/index.php\/product\/mitsubishi-hf-kp43\/#breadcrumb","itemListElement":[{"@type":"ListItem","position":1,"name":"Home","item":"https:\/\/sipin.com.vn\/"},{"@type":"ListItem","position":2,"name":"S\u1ea2N PH\u1ea8M","item":"https:\/\/sipin.com.vn\/index.php\/cua-hang\/"},{"@type":"ListItem","position":3,"name":"MITSUBISHI HF-KP43"}]},{"@type":"WebSite","@id":"https:\/\/sipin.com.vn\/#website","url":"https:\/\/sipin.com.vn\/","name":"OMANI VI\u1ec6T NAM","description":"Nh\u00e0 ph\u00e2n ph\u1ed1i thi\u1ebft b\u1ecb kh\u00ed n\u00e9n v\u00e0 thi\u1ebft b\u1ecb t\u1ef1 \u0111\u1ed9ng h\u00f3a trong c\u00f4ng nghi\u1ec7p","publisher":{"@id":"https:\/\/sipin.com.vn\/#\/schema\/person\/0ad398a980dc3fd696111c2c5c8fa897"},"potentialAction":[{"@type":"SearchAction","target":{"@type":"EntryPoint","urlTemplate":"https:\/\/sipin.com.vn\/?s={search_term_string}"},"query-input":"required name=search_term_string"}],"inLanguage":"vi"},{"@type":["Person","Organization"],"@id":"https:\/\/sipin.com.vn\/#\/schema\/person\/0ad398a980dc3fd696111c2c5c8fa897","name":"Nguy\u1ec5n V\u0103n Kh\u00e1nh","image":{"@type":"ImageObject","inLanguage":"vi","@id":"https:\/\/sipin.com.vn\/#\/schema\/person\/image\/","url":"https:\/\/sipin.com.vn\/wp-content\/uploads\/2024\/06\/logo-1024x1024.png","contentUrl":"https:\/\/sipin.com.vn\/wp-content\/uploads\/2024\/06\/logo-1024x1024.png","width":1024,"height":1024,"caption":"Nguy\u1ec5n V\u0103n Kh\u00e1nh"},"logo":{"@id":"https:\/\/sipin.com.vn\/#\/schema\/person\/image\/"},"sameAs":["https:\/\/sipin.com.vn"]}]}},"_links":{"self":[{"href":"https:\/\/sipin.com.vn\/index.php\/wp-json\/wp\/v2\/product\/3697","targetHints":{"allow":["GET"]}}],"collection":[{"href":"https:\/\/sipin.com.vn\/index.php\/wp-json\/wp\/v2\/product"}],"about":[{"href":"https:\/\/sipin.com.vn\/index.php\/wp-json\/wp\/v2\/types\/product"}],"replies":[{"embeddable":true,"href":"https:\/\/sipin.com.vn\/index.php\/wp-json\/wp\/v2\/comments?post=3697"}],"wp:featuredmedia":[{"embeddable":true,"href":"https:\/\/sipin.com.vn\/index.php\/wp-json\/wp\/v2\/media\/3698"}],"wp:attachment":[{"href":"https:\/\/sipin.com.vn\/index.php\/wp-json\/wp\/v2\/media?parent=3697"}],"wp:term":[{"taxonomy":"product_cat","embeddable":true,"href":"https:\/\/sipin.com.vn\/index.php\/wp-json\/wp\/v2\/product_cat?post=3697"},{"taxonomy":"product_tag","embeddable":true,"href":"https:\/\/sipin.com.vn\/index.php\/wp-json\/wp\/v2\/product_tag?post=3697"}],"curies":[{"name":"wp","href":"https:\/\/api.w.org\/{rel}","templated":true}]}}