{"id":3693,"date":"2025-05-03T11:12:41","date_gmt":"2025-05-03T04:12:41","guid":{"rendered":"https:\/\/omanivietnam.com\/?post_type=product&#038;p=3693"},"modified":"2025-05-13T22:20:35","modified_gmt":"2025-05-13T15:20:35","slug":"mitsubishi-hf-kp13","status":"publish","type":"product","link":"https:\/\/sipin.com.vn\/index.php\/product\/mitsubishi-hf-kp13\/","title":{"rendered":"MITSUBISHI HF-KP13"},"content":{"rendered":"<p>MITSUBISHI HF-KP13<\/p>\n<p>MITSUBISHI HF-KP13J<\/p>\n<p>HF-KP23 HF-KP23J<\/p>\n<p>HF-KP43 HF-KP43J<\/p>\n<h2 class=\"title-product item_name\">Servo motor Mitsubishi HF-KP13<\/h2>\n<h3>1. Servo motor\u00a0HF-KP13:<\/h3>\n<div>\u2013 \u0110i\u1ec7n \u00e1p cung c\u1ea5p: 200V<br \/>\n\u2013 C\u00f4ng su\u1ea5t: 0.1 kW<br \/>\n\u2013 T\u1ed1c \u0111\u1ed9 v\u00f2ng quay: 3000 \u2013 6000 v\u00f2ng\/ph\u00fat<br \/>\n\u2013 Encoder 18-bit, \u0111\u1ed9 ph\u00e2n gi\u1ea3i 262.144 xung\/v\u00f2ng<br \/>\n\u2013 M\u00f4 men xo\u1eafn: 0.32 Nm, Max 1.11 Nm<br \/>\n\u2013 T\u01b0\u01a1ng th\u00edch v\u1edbi Servo Amplifiler: MR-J3-10A-RJ006, MR-J3-10A1-RJ006, MR-J3-10B-RJ006, MR-J3-10B1-RJ006, MR-J3-10T, MR-J3-10T1<br \/>\n\u2013 C\u1ea5p \u0111\u1ed9 b\u1ea3o v\u1ec7: IP65<br \/>\n\u2013 \u1ee8ng d\u1ee5ng trong \u0111i\u1ec1u khi\u1ec3n t\u1ed1c \u0111\u1ed9, v\u1ecb tr\u00ed<br \/>\n\u2013 H\u00e3ng s\u1ea3n xu\u1ea5t: Mitsubishi \u2013 Nh\u1eadt B\u1ea3n<\/div>\n<h3>2. C\u00e1c m\u00e3 h\u00e0ng t\u01b0\u01a1ng \u0111\u01b0\u01a1ng Servo motor\u00a0HF-KP13:<\/h3>\n<p>HC-KF053-S24<br \/>\nHC-KF13<br \/>\nHC-KF23<br \/>\nHC-KF43<br \/>\nHC-KF43B<br \/>\nHC-KF43BK<br \/>\nHC-KF43-S24<br \/>\nHC-KF73<br \/>\nHC-KF73E<br \/>\nHC-KFE053<br \/>\nHC-KFE053B<br \/>\nHC-KFE053BK<br \/>\nHC-KFE13<br \/>\nHC-KFE1353K<br \/>\nHC-KFE13B<br \/>\nHC-KFE13BK<br \/>\nHC-KFE13K<\/p>\n<p>&nbsp;<\/p>\n<table class=\"woocommerce-product-attributes shop_attributes\">\n<tbody>\n<tr>\n<td>Primary brand<\/td>\n<td>Mitsubishi Electric<\/td>\n<\/tr>\n<tr>\n<td>Main function<\/td>\n<td>AC servo motor<\/td>\n<\/tr>\n<tr>\n<td>Product series \/ family name<\/td>\n<td>MELSERVO J3 series<\/td>\n<\/tr>\n<tr>\n<td>Sub-range name<\/td>\n<td>HF-KP series<\/td>\n<\/tr>\n<tr>\n<td>Functions<\/td>\n<td>AC brushless rotary servo motor<\/td>\n<\/tr>\n<tr>\n<td>Design<\/td>\n<td>straight shaftbuilt-in absolute feedback encod. (18-bit)low inertia \/ small power capacitynatural cooling<\/td>\n<\/tr>\n<tr>\n<td>Supply voltage (AC)<\/td>\n<td>200Vac class<\/td>\n<\/tr>\n<tr>\n<td>Rated current<\/td>\n<td>0.8A<\/td>\n<\/tr>\n<tr>\n<td>Rated active power (kW)<\/td>\n<td>100W \/ 0.1kW<\/td>\n<\/tr>\n<tr>\n<td>Rotational speed<\/td>\n<td>3000rpm6000rpm (maximum)<\/td>\n<\/tr>\n<tr>\n<td>Torque<\/td>\n<td>0.32Nm nominal<\/td>\n<\/tr>\n<tr>\n<td>Maximum torque<\/td>\n<td>0.95Nm<\/td>\n<\/tr>\n<tr>\n<td>Moment of inertia<\/td>\n<td>0.0000088kg.m2 (0.088kg.cm2)<\/td>\n<\/tr>\n<tr>\n<td>Net Height (mm)<\/td>\n<td>57.1 mm<\/td>\n<\/tr>\n<tr>\n<td>Net Width (mm)<\/td>\n<td>41 mm<\/td>\n<\/tr>\n<tr>\n<td>Net Depth (mm)<\/td>\n<td>107.4 mm<\/td>\n<\/tr>\n<tr>\n<td>Mounting mode<\/td>\n<td>40x40mm flange mounting<\/td>\n<\/tr>\n<tr>\n<td>Degree of protection<\/td>\n<td>IP65<\/td>\n<\/tr>\n<tr>\n<td>Dimensions<\/td>\n<td>H57.1mm x W41mm x D107.4mm<\/td>\n<\/tr>\n<tr>\n<td>Ambient air temperature for operation<\/td>\n<td>0\u2026+40 \u00b0C<\/td>\n<\/tr>\n<tr>\n<td>Ambient air temperature for storage<\/td>\n<td>-15\u00b0C\u2026+70 \u00b0C<\/td>\n<\/tr>\n<tr>\n<td>Maximum current<\/td>\n<td>2.4 A<\/td>\n<\/tr>\n<tr>\n<td>Order code \/ Manufacturer SKU<\/td>\n<td>HF-KP13<\/td>\n<\/tr>\n<tr>\n<td>Benefits<\/td>\n<td>taking advantage of the characteristics of a servo motor such as smallness and high-outputthis motor serves as a compact and high-output spindle motor which is capable of high-speed rotation 6000rpm<\/td>\n<\/tr>\n<\/tbody>\n<\/table>\n","protected":false},"excerpt":{"rendered":"<p>MITSUBISHI HF-KP13 MITSUBISHI HF-KP13J HF-KP23 HF-KP23J HF-KP43 HF-KP43J Servo motor Mitsubishi HF-KP13 1. Servo motor\u00a0HF-KP13: \u2013 \u0110i\u1ec7n \u00e1p cung c\u1ea5p: 200V \u2013 C\u00f4ng su\u1ea5t: 0.1 kW \u2013 T\u1ed1c \u0111\u1ed9 v\u00f2ng quay: 3000 \u2013 6000 v\u00f2ng\/ph\u00fat \u2013 Encoder 18-bit, \u0111\u1ed9 ph\u00e2n gi\u1ea3i 262.144 xung\/v\u00f2ng \u2013 M\u00f4 men xo\u1eafn: 0.32 Nm, Max&hellip; <\/p>\n","protected":false},"featured_media":3694,"comment_status":"open","ping_status":"closed","template":"","meta":{"om_disable_all_campaigns":false,"_monsterinsights_skip_tracking":false,"_monsterinsights_sitenote_active":false,"_monsterinsights_sitenote_note":"","_monsterinsights_sitenote_category":0},"product_cat":[749],"product_tag":[158,120,157],"class_list":{"0":"post-3693","1":"product","2":"type-product","3":"status-publish","4":"has-post-thumbnail","6":"product_cat-mitsubishi","7":"product_tag-dai-ly-mitsubishi-viet-nam","8":"product_tag-dong-co","9":"product_tag-mitsubishi-viet-nam","11":"first","12":"instock","13":"shipping-taxable","14":"product-type-simple"},"aioseo_notices":[],"yoast_head":"<!-- This site is optimized with the Yoast SEO plugin v22.8 - https:\/\/yoast.com\/wordpress\/plugins\/seo\/ -->\n<title>MITSUBISHI HF-KP13 - OMANI VI\u1ec6T NAM<\/title>\n<meta name=\"description\" content=\"MITSUBISHI HF-KP13 Servo motor\" \/>\n<meta name=\"robots\" content=\"index, follow, max-snippet:-1, max-image-preview:large, max-video-preview:-1\" \/>\n<link rel=\"canonical\" href=\"https:\/\/sipin.com.vn\/index.php\/product\/mitsubishi-hf-kp13\/\" \/>\n<meta property=\"og:locale\" content=\"vi_VN\" \/>\n<meta property=\"og:type\" content=\"article\" \/>\n<meta property=\"og:title\" content=\"MITSUBISHI HF-KP13 - OMANI VI\u1ec6T NAM\" \/>\n<meta property=\"og:description\" content=\"MITSUBISHI HF-KP13 Servo motor\" \/>\n<meta property=\"og:url\" content=\"https:\/\/sipin.com.vn\/index.php\/product\/mitsubishi-hf-kp13\/\" \/>\n<meta property=\"og:site_name\" content=\"OMANI VI\u1ec6T NAM\" \/>\n<meta property=\"article:modified_time\" content=\"2025-05-13T15:20:35+00:00\" \/>\n<meta property=\"og:image\" content=\"https:\/\/sipin.com.vn\/wp-content\/uploads\/2025\/05\/HF-KP13.png\" \/>\n\t<meta property=\"og:image:width\" content=\"690\" \/>\n\t<meta property=\"og:image:height\" content=\"504\" \/>\n\t<meta property=\"og:image:type\" content=\"image\/png\" \/>\n<meta name=\"twitter:card\" content=\"summary_large_image\" \/>\n<meta name=\"twitter:label1\" content=\"\u01af\u1edbc t\u00ednh th\u1eddi gian \u0111\u1ecdc\" \/>\n\t<meta name=\"twitter:data1\" content=\"2 ph\u00fat\" \/>\n<script type=\"application\/ld+json\" class=\"yoast-schema-graph\">{\"@context\":\"https:\/\/schema.org\",\"@graph\":[{\"@type\":\"WebPage\",\"@id\":\"https:\/\/sipin.com.vn\/index.php\/product\/mitsubishi-hf-kp13\/\",\"url\":\"https:\/\/sipin.com.vn\/index.php\/product\/mitsubishi-hf-kp13\/\",\"name\":\"MITSUBISHI HF-KP13 - OMANI VI\u1ec6T NAM\",\"isPartOf\":{\"@id\":\"https:\/\/sipin.com.vn\/#website\"},\"primaryImageOfPage\":{\"@id\":\"https:\/\/sipin.com.vn\/index.php\/product\/mitsubishi-hf-kp13\/#primaryimage\"},\"image\":{\"@id\":\"https:\/\/sipin.com.vn\/index.php\/product\/mitsubishi-hf-kp13\/#primaryimage\"},\"thumbnailUrl\":\"https:\/\/sipin.com.vn\/wp-content\/uploads\/2025\/05\/HF-KP13.png\",\"datePublished\":\"2025-05-03T04:12:41+00:00\",\"dateModified\":\"2025-05-13T15:20:35+00:00\",\"description\":\"MITSUBISHI HF-KP13 Servo motor\",\"breadcrumb\":{\"@id\":\"https:\/\/sipin.com.vn\/index.php\/product\/mitsubishi-hf-kp13\/#breadcrumb\"},\"inLanguage\":\"vi\",\"potentialAction\":[{\"@type\":\"ReadAction\",\"target\":[\"https:\/\/sipin.com.vn\/index.php\/product\/mitsubishi-hf-kp13\/\"]}]},{\"@type\":\"ImageObject\",\"inLanguage\":\"vi\",\"@id\":\"https:\/\/sipin.com.vn\/index.php\/product\/mitsubishi-hf-kp13\/#primaryimage\",\"url\":\"https:\/\/sipin.com.vn\/wp-content\/uploads\/2025\/05\/HF-KP13.png\",\"contentUrl\":\"https:\/\/sipin.com.vn\/wp-content\/uploads\/2025\/05\/HF-KP13.png\",\"width\":690,\"height\":504},{\"@type\":\"BreadcrumbList\",\"@id\":\"https:\/\/sipin.com.vn\/index.php\/product\/mitsubishi-hf-kp13\/#breadcrumb\",\"itemListElement\":[{\"@type\":\"ListItem\",\"position\":1,\"name\":\"Home\",\"item\":\"https:\/\/sipin.com.vn\/\"},{\"@type\":\"ListItem\",\"position\":2,\"name\":\"S\u1ea2N PH\u1ea8M\",\"item\":\"https:\/\/sipin.com.vn\/index.php\/cua-hang\/\"},{\"@type\":\"ListItem\",\"position\":3,\"name\":\"MITSUBISHI HF-KP13\"}]},{\"@type\":\"WebSite\",\"@id\":\"https:\/\/sipin.com.vn\/#website\",\"url\":\"https:\/\/sipin.com.vn\/\",\"name\":\"OMANI VI\u1ec6T NAM\",\"description\":\"Nh\u00e0 ph\u00e2n ph\u1ed1i thi\u1ebft b\u1ecb kh\u00ed n\u00e9n v\u00e0 thi\u1ebft b\u1ecb t\u1ef1 \u0111\u1ed9ng h\u00f3a trong c\u00f4ng nghi\u1ec7p\",\"publisher\":{\"@id\":\"https:\/\/sipin.com.vn\/#\/schema\/person\/0ad398a980dc3fd696111c2c5c8fa897\"},\"potentialAction\":[{\"@type\":\"SearchAction\",\"target\":{\"@type\":\"EntryPoint\",\"urlTemplate\":\"https:\/\/sipin.com.vn\/?s={search_term_string}\"},\"query-input\":\"required name=search_term_string\"}],\"inLanguage\":\"vi\"},{\"@type\":[\"Person\",\"Organization\"],\"@id\":\"https:\/\/sipin.com.vn\/#\/schema\/person\/0ad398a980dc3fd696111c2c5c8fa897\",\"name\":\"Nguy\u1ec5n V\u0103n Kh\u00e1nh\",\"image\":{\"@type\":\"ImageObject\",\"inLanguage\":\"vi\",\"@id\":\"https:\/\/sipin.com.vn\/#\/schema\/person\/image\/\",\"url\":\"https:\/\/sipin.com.vn\/wp-content\/uploads\/2024\/06\/logo-1024x1024.png\",\"contentUrl\":\"https:\/\/sipin.com.vn\/wp-content\/uploads\/2024\/06\/logo-1024x1024.png\",\"width\":1024,\"height\":1024,\"caption\":\"Nguy\u1ec5n V\u0103n Kh\u00e1nh\"},\"logo\":{\"@id\":\"https:\/\/sipin.com.vn\/#\/schema\/person\/image\/\"},\"sameAs\":[\"https:\/\/sipin.com.vn\"]}]}<\/script>\n<!-- \/ Yoast SEO plugin. -->","yoast_head_json":{"title":"MITSUBISHI HF-KP13 - OMANI VI\u1ec6T NAM","description":"MITSUBISHI HF-KP13 Servo motor","robots":{"index":"index","follow":"follow","max-snippet":"max-snippet:-1","max-image-preview":"max-image-preview:large","max-video-preview":"max-video-preview:-1"},"canonical":"https:\/\/sipin.com.vn\/index.php\/product\/mitsubishi-hf-kp13\/","og_locale":"vi_VN","og_type":"article","og_title":"MITSUBISHI HF-KP13 - OMANI VI\u1ec6T NAM","og_description":"MITSUBISHI HF-KP13 Servo motor","og_url":"https:\/\/sipin.com.vn\/index.php\/product\/mitsubishi-hf-kp13\/","og_site_name":"OMANI VI\u1ec6T NAM","article_modified_time":"2025-05-13T15:20:35+00:00","og_image":[{"width":690,"height":504,"url":"https:\/\/sipin.com.vn\/wp-content\/uploads\/2025\/05\/HF-KP13.png","type":"image\/png"}],"twitter_card":"summary_large_image","twitter_misc":{"\u01af\u1edbc t\u00ednh th\u1eddi gian \u0111\u1ecdc":"2 ph\u00fat"},"schema":{"@context":"https:\/\/schema.org","@graph":[{"@type":"WebPage","@id":"https:\/\/sipin.com.vn\/index.php\/product\/mitsubishi-hf-kp13\/","url":"https:\/\/sipin.com.vn\/index.php\/product\/mitsubishi-hf-kp13\/","name":"MITSUBISHI HF-KP13 - OMANI VI\u1ec6T NAM","isPartOf":{"@id":"https:\/\/sipin.com.vn\/#website"},"primaryImageOfPage":{"@id":"https:\/\/sipin.com.vn\/index.php\/product\/mitsubishi-hf-kp13\/#primaryimage"},"image":{"@id":"https:\/\/sipin.com.vn\/index.php\/product\/mitsubishi-hf-kp13\/#primaryimage"},"thumbnailUrl":"https:\/\/sipin.com.vn\/wp-content\/uploads\/2025\/05\/HF-KP13.png","datePublished":"2025-05-03T04:12:41+00:00","dateModified":"2025-05-13T15:20:35+00:00","description":"MITSUBISHI HF-KP13 Servo motor","breadcrumb":{"@id":"https:\/\/sipin.com.vn\/index.php\/product\/mitsubishi-hf-kp13\/#breadcrumb"},"inLanguage":"vi","potentialAction":[{"@type":"ReadAction","target":["https:\/\/sipin.com.vn\/index.php\/product\/mitsubishi-hf-kp13\/"]}]},{"@type":"ImageObject","inLanguage":"vi","@id":"https:\/\/sipin.com.vn\/index.php\/product\/mitsubishi-hf-kp13\/#primaryimage","url":"https:\/\/sipin.com.vn\/wp-content\/uploads\/2025\/05\/HF-KP13.png","contentUrl":"https:\/\/sipin.com.vn\/wp-content\/uploads\/2025\/05\/HF-KP13.png","width":690,"height":504},{"@type":"BreadcrumbList","@id":"https:\/\/sipin.com.vn\/index.php\/product\/mitsubishi-hf-kp13\/#breadcrumb","itemListElement":[{"@type":"ListItem","position":1,"name":"Home","item":"https:\/\/sipin.com.vn\/"},{"@type":"ListItem","position":2,"name":"S\u1ea2N PH\u1ea8M","item":"https:\/\/sipin.com.vn\/index.php\/cua-hang\/"},{"@type":"ListItem","position":3,"name":"MITSUBISHI HF-KP13"}]},{"@type":"WebSite","@id":"https:\/\/sipin.com.vn\/#website","url":"https:\/\/sipin.com.vn\/","name":"OMANI VI\u1ec6T NAM","description":"Nh\u00e0 ph\u00e2n ph\u1ed1i thi\u1ebft b\u1ecb kh\u00ed n\u00e9n v\u00e0 thi\u1ebft b\u1ecb t\u1ef1 \u0111\u1ed9ng h\u00f3a trong c\u00f4ng nghi\u1ec7p","publisher":{"@id":"https:\/\/sipin.com.vn\/#\/schema\/person\/0ad398a980dc3fd696111c2c5c8fa897"},"potentialAction":[{"@type":"SearchAction","target":{"@type":"EntryPoint","urlTemplate":"https:\/\/sipin.com.vn\/?s={search_term_string}"},"query-input":"required name=search_term_string"}],"inLanguage":"vi"},{"@type":["Person","Organization"],"@id":"https:\/\/sipin.com.vn\/#\/schema\/person\/0ad398a980dc3fd696111c2c5c8fa897","name":"Nguy\u1ec5n V\u0103n Kh\u00e1nh","image":{"@type":"ImageObject","inLanguage":"vi","@id":"https:\/\/sipin.com.vn\/#\/schema\/person\/image\/","url":"https:\/\/sipin.com.vn\/wp-content\/uploads\/2024\/06\/logo-1024x1024.png","contentUrl":"https:\/\/sipin.com.vn\/wp-content\/uploads\/2024\/06\/logo-1024x1024.png","width":1024,"height":1024,"caption":"Nguy\u1ec5n V\u0103n Kh\u00e1nh"},"logo":{"@id":"https:\/\/sipin.com.vn\/#\/schema\/person\/image\/"},"sameAs":["https:\/\/sipin.com.vn"]}]}},"_links":{"self":[{"href":"https:\/\/sipin.com.vn\/index.php\/wp-json\/wp\/v2\/product\/3693","targetHints":{"allow":["GET"]}}],"collection":[{"href":"https:\/\/sipin.com.vn\/index.php\/wp-json\/wp\/v2\/product"}],"about":[{"href":"https:\/\/sipin.com.vn\/index.php\/wp-json\/wp\/v2\/types\/product"}],"replies":[{"embeddable":true,"href":"https:\/\/sipin.com.vn\/index.php\/wp-json\/wp\/v2\/comments?post=3693"}],"wp:featuredmedia":[{"embeddable":true,"href":"https:\/\/sipin.com.vn\/index.php\/wp-json\/wp\/v2\/media\/3694"}],"wp:attachment":[{"href":"https:\/\/sipin.com.vn\/index.php\/wp-json\/wp\/v2\/media?parent=3693"}],"wp:term":[{"taxonomy":"product_cat","embeddable":true,"href":"https:\/\/sipin.com.vn\/index.php\/wp-json\/wp\/v2\/product_cat?post=3693"},{"taxonomy":"product_tag","embeddable":true,"href":"https:\/\/sipin.com.vn\/index.php\/wp-json\/wp\/v2\/product_tag?post=3693"}],"curies":[{"name":"wp","href":"https:\/\/api.w.org\/{rel}","templated":true}]}}