{"id":3677,"date":"2025-04-30T13:23:39","date_gmt":"2025-04-30T06:23:39","guid":{"rendered":"https:\/\/omanivietnam.com\/?post_type=product&#038;p=3677"},"modified":"2025-04-30T13:23:39","modified_gmt":"2025-04-30T06:23:39","slug":"panasonic-ex-19ea","status":"publish","type":"product","link":"https:\/\/sipin.com.vn\/index.php\/product\/panasonic-ex-19ea\/","title":{"rendered":"PANASONIC EX-19EA"},"content":{"rendered":"<p>PANASONIC EX-19EA<\/p>\n<p>C\u1ea3m bi\u1ebfn quang EX-19EA (EX-19EAD,EX-19P) Panasonic<\/p>\n<div id=\"hs_cos_wrapper_parts-detail\" class=\"hs_cos_wrapper hs_cos_wrapper_widget hs_cos_wrapper_type_module\" data-hs-cos-general-type=\"widget\" data-hs-cos-type=\"module\">\n<div class=\"bl_parts_wrapper\">\n<div class=\"bl_parts_footer\">\n<div class=\"bl_parts_contents\">\n<h2 id=\"spec\">Spec Detail<\/h2>\n<div class=\"bl_parts_change_notion\">Specifications and design of the products are subject to change without notice for the product improvement.<\/div>\n<div class=\"bl_table_wrapper scroll-hint\">\n<table class=\"el_parts_table el_parts_table-column2\">\n<thead>\n<tr>\n<th>Item<\/th>\n<th>Specifications<\/th>\n<\/tr>\n<\/thead>\n<tbody>\n<tr>\n<th>Product Number<\/th>\n<td>EX-19EA<\/td>\n<\/tr>\n<tr>\n<th>Part Number<\/th>\n<td>EX-19EA<\/td>\n<\/tr>\n<tr>\n<th>Products Name<\/th>\n<td>Ultra-slim Photoelectric Sensor<\/td>\n<\/tr>\n<tr>\n<th>Product details<\/th>\n<td>Thru-beam [Front sensing]<\/td>\n<\/tr>\n<tr>\n<th>The price of the product<\/th>\n<td>Please contact our office<\/td>\n<\/tr>\n<tr>\n<th>Applicable regulations and certifications<\/th>\n<td>CE Marking (EMC Directive, RoHS Directive), UKCA Marking (EMC Regulations, RoHS Regulations), ISO 13849-1 (Category 1, PLc) (Note), UL Recognition certification<br \/>\n(Note) : Conformed from December 2021 production.<\/td>\n<\/tr>\n<tr>\n<th>Sensing range<\/th>\n<td>1 m\u00a0<span class=\"inch\">3.281 ft<\/span><\/td>\n<\/tr>\n<tr>\n<th>Min. sensing object<\/th>\n<td>\u00f82 mm\u00a0<span class=\"inch\">\u00f80.079 in<\/span>\u00a0opaque object (Completely beam interrupted object) (Setting distance between emitter and receiver: 500 mm\u00a0<span class=\"inch\">19.685 in<\/span>)<\/td>\n<\/tr>\n<tr>\n<th>Hysteresis<\/th>\n<td>&#8211;<\/td>\n<\/tr>\n<tr>\n<th>Repeatability(perpendicular to sensing axis)<\/th>\n<td>0.05 mm\u00a0<span class=\"inch\">0.002 in<\/span>\u00a0or less<\/td>\n<\/tr>\n<tr>\n<th>Supply voltage<\/th>\n<td>12 to 24 V DC plus or minus 10 % Ripple P-P 10 % or less<\/td>\n<\/tr>\n<tr>\n<th>Current consumption<\/th>\n<td>Emitter: 10 mA or less<br \/>\nReceiver: 10 mA or less<\/td>\n<\/tr>\n<tr>\n<th>Output<\/th>\n<td>NPN open-collector transistor<br \/>\n&#8211; Maximum sink current: 50 mA<br \/>\n&#8211; Applied voltage: 30 V DC or less (between output and 0 V)<br \/>\n&#8211; Residual voltage: 2 V or less (at 50 mA sink current),1 V or less (at 16 mA sink current)<\/td>\n<\/tr>\n<tr>\n<th>Output:Utilization category<\/th>\n<td>DC-12 or DC-13<\/td>\n<\/tr>\n<tr>\n<th>Output:Short-circuit protection<\/th>\n<td>Incorporated<\/td>\n<\/tr>\n<tr>\n<th>Response time<\/th>\n<td>0.5 ms or less<\/td>\n<\/tr>\n<tr>\n<th>Operation indicator<\/th>\n<td>Orange LED (lights up when the output is ON)<\/td>\n<\/tr>\n<tr>\n<th>Incident beam indicator<\/th>\n<td>&#8211;<\/td>\n<\/tr>\n<tr>\n<th>Stability indicator<\/th>\n<td>Green LED (lights up under stable light received condition or stable dark condition)<\/td>\n<\/tr>\n<tr>\n<th>Pollution degree<\/th>\n<td>3 (Industrial environment)<\/td>\n<\/tr>\n<tr>\n<th>Protection<\/th>\n<td>IP67 (IEC)<\/td>\n<\/tr>\n<tr>\n<th>Ambient temperature<\/th>\n<td>-25 to +55 \u2103 -13 to +131 \u2109 (No dew condensation or icing allowed), Storage: -30 to +70 \u2103 -22 to +158 \u2109<\/td>\n<\/tr>\n<tr>\n<th>Ambient humidity<\/th>\n<td>35 to 85 % RH, Storage: 35 to 85 % RH<\/td>\n<\/tr>\n<tr>\n<th>Ambient illuminance<\/th>\n<td>Incandescent light: 3,000 lx or less at the light-receiving face<\/td>\n<\/tr>\n<tr>\n<th>Voltage withstandability<\/th>\n<td>1,000 V AC for one min. between all supply terminals connected together and enclosure<\/td>\n<\/tr>\n<tr>\n<th>Insulation resistance<\/th>\n<td>20 MOhm , or more, with 250 V DC megger between all supply terminals connected together and enclosure<\/td>\n<\/tr>\n<tr>\n<th>Vibration resistance<\/th>\n<td>10 to 500 Hz frequency, 3 mm\u00a0<span class=\"inch\">0.118 in<\/span>\u00a0double amplitude (20 G max.) in X, Y and Z directions for two hours each<\/td>\n<\/tr>\n<tr>\n<th>Shock resistance<\/th>\n<td>500 m\/s<sup>2<\/sup>\u00a0acceleration (50 G approx.) in X, Y and Z directions three times each<\/td>\n<\/tr>\n<tr>\n<th>Emitting element<\/th>\n<td>Red LED (Peak emission wavelength: 680 nm\u00a0<span class=\"inch\">0.027 mil<\/span>, modulated)<\/td>\n<\/tr>\n<tr>\n<th>Material<\/th>\n<td>Enclosure: Polyarylate<br \/>\nLens: Polyarylate<\/td>\n<\/tr>\n<tr>\n<th>Cable<\/th>\n<td>0.1 mm<sup>2<\/sup>\u00a03-core (emitter: 2-core) cabtyre cable, 2 m<span class=\"inch\">\u00a06.562 ft<\/span>\u00a0long<\/td>\n<\/tr>\n<tr>\n<th>Cable extension<\/th>\n<td>Extension up to total 50 m\u00a0<span class=\"inch\">164 ft<\/span>\u00a0is possible with 0.3 mm<sup>2<\/sup>, or more, cable (emitter and receiver).<br \/>\n(Note) : For safety applications, do not exceed 30 m\u00a0<span class=\"inch\">98.425 ft.<\/span><\/td>\n<\/tr>\n<tr>\n<th>Weight<\/th>\n<td>Net weight (each emitter and receiver): 20 g approx<br \/>\nGross weight: 50 g approx<\/td>\n<\/tr>\n<tr>\n<th>Accessory<\/th>\n<td>Mounting screws: 1 set<\/td>\n<\/tr>\n<\/tbody>\n<\/table>\n<div class=\"scroll-hint-icon-wrap\" data-target=\"scrollable-icon\"><\/div>\n<\/div>\n<\/div>\n<\/div>\n<\/div>\n<\/div>\n<div id=\"hs_cos_wrapper_fa-parts-applicable-parts\" class=\"hs_cos_wrapper hs_cos_wrapper_widget hs_cos_wrapper_type_module\" data-hs-cos-general-type=\"widget\" data-hs-cos-type=\"module\">\n<div class=\"fa-parts-applicable\">\n<div id=\"App--fa-parts-applicable-parts\" data-v-app=\"\">\n<div class=\"bl_parts_contents parts_applicable\">\n<div class=\"parts_applicable_block scroll-hint\">\n<table cellspacing=\"1\">\n<tbody>\n<tr>\n<th colspan=\"2\" rowspan=\"2\">Type<\/th>\n<th colspan=\"6\">Thru-beam<\/th>\n<\/tr>\n<tr>\n<th>Front<br \/>\nsensing<\/th>\n<th>Side<br \/>\nsensing<\/th>\n<th>Front<br \/>\nsensing<\/th>\n<th>Side<br \/>\nsensing<\/th>\n<th>Front<br \/>\nsensing<\/th>\n<th>Side<br \/>\nsensing<\/th>\n<\/tr>\n<tr>\n<th rowspan=\"2\">Model No.<br \/>\n(Note 2)<\/th>\n<th>Light-ON<\/th>\n<th>EX-11A<br \/>\n(-PN)<\/th>\n<th>EX-11EA<br \/>\n(-PN)<\/th>\n<th>EX-13A<br \/>\n(-PN)<\/th>\n<th>EX-13EA<br \/>\n(-PN)<\/th>\n<th>EX-19A<br \/>\n(-PN)<\/th>\n<th>EX-19EA<br \/>\n(-PN)<\/th>\n<\/tr>\n<tr>\n<th>Dark-ON<\/th>\n<th>EX-11B<br \/>\n(-PN)<\/th>\n<th>EX-11EB<br \/>\n(-PN)<\/th>\n<th>EX-13B<br \/>\n(-PN)<\/th>\n<th>EX-13EB<br \/>\n(-PN)<\/th>\n<th>EX-19B<br \/>\n(-PN)<\/th>\n<th>EX-19EB<br \/>\n(-PN)<\/th>\n<\/tr>\n<\/tbody>\n<\/table>\n<\/div>\n<p>SENSOR PANASONIC EX-13EA 2 Pcs<\/p>\n<p>SENSOR PANASONIC PM-L25 2 Pcs<\/p>\n<p>SENSOR PANASONIC EX-13EA 3 Pcs<\/p>\n<p>SENSOR PANASONIC PM-L25 2 Pcs<\/p>\n<p>SENSOR PANASONIC PM-L25 2 Pcs<\/p>\n<p>SENSOR PANASONIC PM-L25 4 Pcs<\/p>\n<p>SENSOR PANASONIC EX-19EA 5 Pcs<\/p>\n<p>SENSOR PANASONIC EX-13EA 1 Pcs<\/p>\n<p>SENSOR PANASONIC EX-13EA 2 Pcs<\/p>\n<p>SENSOR PANASONIC EX-13EA 2 Pcs<\/p>\n<p>SENSOR PANASONIC EX-13EA 2 Pcs<\/p>\n<p>SENSOR PANASONIC PM-L25 2 Pcs<\/p>\n<p>SENSOR PANASONIC EX-13EA 3 Pcs<\/p>\n<p>SENSOR PANASONIC EX-13EA 3 Pcs<\/p>\n<p>SENSOR KEYENCE LR-X50 2 Pcs<\/p>\n<p>SENSOR PANASONIC PM-L25 4 Pcs<\/p>\n<\/div>\n<\/div>\n<\/div>\n<\/div>\n","protected":false},"excerpt":{"rendered":"<p>PANASONIC EX-19EA C\u1ea3m bi\u1ebfn quang EX-19EA (EX-19EAD,EX-19P) Panasonic Spec Detail Specifications and design of the products are subject to change without notice for the product improvement. Item Specifications Product Number EX-19EA Part Number EX-19EA Products Name Ultra-slim Photoelectric Sensor Product details Thru-beam [Front sensing] The price of the product Please&hellip; <\/p>\n","protected":false},"featured_media":3678,"comment_status":"open","ping_status":"closed","template":"","meta":{"om_disable_all_campaigns":false,"_monsterinsights_skip_tracking":false,"_monsterinsights_sitenote_active":false,"_monsterinsights_sitenote_note":"","_monsterinsights_sitenote_category":0},"product_cat":[15],"product_tag":[88,86,87],"class_list":{"0":"post-3677","1":"product","2":"type-product","3":"status-publish","4":"has-post-thumbnail","6":"product_cat-apex","7":"product_tag-cam-bien","8":"product_tag-dai-ly-panasonic-viet-nam","9":"product_tag-panasonic-viet-nam","11":"first","12":"instock","13":"shipping-taxable","14":"product-type-simple"},"aioseo_notices":[],"yoast_head":"<!-- This site is optimized with the Yoast SEO plugin v22.8 - https:\/\/yoast.com\/wordpress\/plugins\/seo\/ -->\n<title>PANASONIC EX-19EA - OMANI VI\u1ec6T NAM<\/title>\n<meta name=\"description\" content=\"PANASONIC EX-19EA Ultra-slim Photoelectric Sensor\" \/>\n<meta name=\"robots\" content=\"index, follow, max-snippet:-1, max-image-preview:large, max-video-preview:-1\" \/>\n<link rel=\"canonical\" href=\"https:\/\/sipin.com.vn\/index.php\/product\/panasonic-ex-19ea\/\" \/>\n<meta property=\"og:locale\" content=\"vi_VN\" \/>\n<meta property=\"og:type\" content=\"article\" \/>\n<meta property=\"og:title\" content=\"PANASONIC EX-19EA - OMANI VI\u1ec6T NAM\" \/>\n<meta property=\"og:description\" content=\"PANASONIC EX-19EA Ultra-slim Photoelectric Sensor\" \/>\n<meta property=\"og:url\" content=\"https:\/\/sipin.com.vn\/index.php\/product\/panasonic-ex-19ea\/\" \/>\n<meta property=\"og:site_name\" content=\"OMANI VI\u1ec6T NAM\" \/>\n<meta property=\"og:image\" content=\"https:\/\/sipin.com.vn\/wp-content\/uploads\/2025\/04\/EX-19EA.png\" \/>\n\t<meta property=\"og:image:width\" content=\"536\" \/>\n\t<meta property=\"og:image:height\" content=\"440\" \/>\n\t<meta property=\"og:image:type\" content=\"image\/png\" \/>\n<meta name=\"twitter:card\" content=\"summary_large_image\" \/>\n<meta name=\"twitter:label1\" content=\"\u01af\u1edbc t\u00ednh th\u1eddi gian \u0111\u1ecdc\" \/>\n\t<meta name=\"twitter:data1\" content=\"4 ph\u00fat\" \/>\n<script type=\"application\/ld+json\" class=\"yoast-schema-graph\">{\"@context\":\"https:\/\/schema.org\",\"@graph\":[{\"@type\":\"WebPage\",\"@id\":\"https:\/\/sipin.com.vn\/index.php\/product\/panasonic-ex-19ea\/\",\"url\":\"https:\/\/sipin.com.vn\/index.php\/product\/panasonic-ex-19ea\/\",\"name\":\"PANASONIC EX-19EA - OMANI VI\u1ec6T NAM\",\"isPartOf\":{\"@id\":\"https:\/\/sipin.com.vn\/#website\"},\"primaryImageOfPage\":{\"@id\":\"https:\/\/sipin.com.vn\/index.php\/product\/panasonic-ex-19ea\/#primaryimage\"},\"image\":{\"@id\":\"https:\/\/sipin.com.vn\/index.php\/product\/panasonic-ex-19ea\/#primaryimage\"},\"thumbnailUrl\":\"https:\/\/sipin.com.vn\/wp-content\/uploads\/2025\/04\/EX-19EA.png\",\"datePublished\":\"2025-04-30T06:23:39+00:00\",\"dateModified\":\"2025-04-30T06:23:39+00:00\",\"description\":\"PANASONIC EX-19EA Ultra-slim Photoelectric Sensor\",\"breadcrumb\":{\"@id\":\"https:\/\/sipin.com.vn\/index.php\/product\/panasonic-ex-19ea\/#breadcrumb\"},\"inLanguage\":\"vi\",\"potentialAction\":[{\"@type\":\"ReadAction\",\"target\":[\"https:\/\/sipin.com.vn\/index.php\/product\/panasonic-ex-19ea\/\"]}]},{\"@type\":\"ImageObject\",\"inLanguage\":\"vi\",\"@id\":\"https:\/\/sipin.com.vn\/index.php\/product\/panasonic-ex-19ea\/#primaryimage\",\"url\":\"https:\/\/sipin.com.vn\/wp-content\/uploads\/2025\/04\/EX-19EA.png\",\"contentUrl\":\"https:\/\/sipin.com.vn\/wp-content\/uploads\/2025\/04\/EX-19EA.png\",\"width\":536,\"height\":440},{\"@type\":\"BreadcrumbList\",\"@id\":\"https:\/\/sipin.com.vn\/index.php\/product\/panasonic-ex-19ea\/#breadcrumb\",\"itemListElement\":[{\"@type\":\"ListItem\",\"position\":1,\"name\":\"Home\",\"item\":\"https:\/\/sipin.com.vn\/\"},{\"@type\":\"ListItem\",\"position\":2,\"name\":\"S\u1ea2N PH\u1ea8M\",\"item\":\"https:\/\/sipin.com.vn\/index.php\/cua-hang\/\"},{\"@type\":\"ListItem\",\"position\":3,\"name\":\"PANASONIC EX-19EA\"}]},{\"@type\":\"WebSite\",\"@id\":\"https:\/\/sipin.com.vn\/#website\",\"url\":\"https:\/\/sipin.com.vn\/\",\"name\":\"OMANI VI\u1ec6T NAM\",\"description\":\"Nh\u00e0 ph\u00e2n ph\u1ed1i thi\u1ebft b\u1ecb kh\u00ed n\u00e9n v\u00e0 thi\u1ebft b\u1ecb t\u1ef1 \u0111\u1ed9ng h\u00f3a trong c\u00f4ng nghi\u1ec7p\",\"publisher\":{\"@id\":\"https:\/\/sipin.com.vn\/#\/schema\/person\/0ad398a980dc3fd696111c2c5c8fa897\"},\"potentialAction\":[{\"@type\":\"SearchAction\",\"target\":{\"@type\":\"EntryPoint\",\"urlTemplate\":\"https:\/\/sipin.com.vn\/?s={search_term_string}\"},\"query-input\":\"required name=search_term_string\"}],\"inLanguage\":\"vi\"},{\"@type\":[\"Person\",\"Organization\"],\"@id\":\"https:\/\/sipin.com.vn\/#\/schema\/person\/0ad398a980dc3fd696111c2c5c8fa897\",\"name\":\"Nguy\u1ec5n V\u0103n Kh\u00e1nh\",\"image\":{\"@type\":\"ImageObject\",\"inLanguage\":\"vi\",\"@id\":\"https:\/\/sipin.com.vn\/#\/schema\/person\/image\/\",\"url\":\"https:\/\/sipin.com.vn\/wp-content\/uploads\/2024\/06\/logo-1024x1024.png\",\"contentUrl\":\"https:\/\/sipin.com.vn\/wp-content\/uploads\/2024\/06\/logo-1024x1024.png\",\"width\":1024,\"height\":1024,\"caption\":\"Nguy\u1ec5n V\u0103n Kh\u00e1nh\"},\"logo\":{\"@id\":\"https:\/\/sipin.com.vn\/#\/schema\/person\/image\/\"},\"sameAs\":[\"https:\/\/sipin.com.vn\"]}]}<\/script>\n<!-- \/ Yoast SEO plugin. -->","yoast_head_json":{"title":"PANASONIC EX-19EA - OMANI VI\u1ec6T NAM","description":"PANASONIC EX-19EA Ultra-slim Photoelectric Sensor","robots":{"index":"index","follow":"follow","max-snippet":"max-snippet:-1","max-image-preview":"max-image-preview:large","max-video-preview":"max-video-preview:-1"},"canonical":"https:\/\/sipin.com.vn\/index.php\/product\/panasonic-ex-19ea\/","og_locale":"vi_VN","og_type":"article","og_title":"PANASONIC EX-19EA - OMANI VI\u1ec6T NAM","og_description":"PANASONIC EX-19EA Ultra-slim Photoelectric Sensor","og_url":"https:\/\/sipin.com.vn\/index.php\/product\/panasonic-ex-19ea\/","og_site_name":"OMANI VI\u1ec6T NAM","og_image":[{"width":536,"height":440,"url":"https:\/\/sipin.com.vn\/wp-content\/uploads\/2025\/04\/EX-19EA.png","type":"image\/png"}],"twitter_card":"summary_large_image","twitter_misc":{"\u01af\u1edbc t\u00ednh th\u1eddi gian \u0111\u1ecdc":"4 ph\u00fat"},"schema":{"@context":"https:\/\/schema.org","@graph":[{"@type":"WebPage","@id":"https:\/\/sipin.com.vn\/index.php\/product\/panasonic-ex-19ea\/","url":"https:\/\/sipin.com.vn\/index.php\/product\/panasonic-ex-19ea\/","name":"PANASONIC EX-19EA - OMANI VI\u1ec6T NAM","isPartOf":{"@id":"https:\/\/sipin.com.vn\/#website"},"primaryImageOfPage":{"@id":"https:\/\/sipin.com.vn\/index.php\/product\/panasonic-ex-19ea\/#primaryimage"},"image":{"@id":"https:\/\/sipin.com.vn\/index.php\/product\/panasonic-ex-19ea\/#primaryimage"},"thumbnailUrl":"https:\/\/sipin.com.vn\/wp-content\/uploads\/2025\/04\/EX-19EA.png","datePublished":"2025-04-30T06:23:39+00:00","dateModified":"2025-04-30T06:23:39+00:00","description":"PANASONIC EX-19EA Ultra-slim Photoelectric Sensor","breadcrumb":{"@id":"https:\/\/sipin.com.vn\/index.php\/product\/panasonic-ex-19ea\/#breadcrumb"},"inLanguage":"vi","potentialAction":[{"@type":"ReadAction","target":["https:\/\/sipin.com.vn\/index.php\/product\/panasonic-ex-19ea\/"]}]},{"@type":"ImageObject","inLanguage":"vi","@id":"https:\/\/sipin.com.vn\/index.php\/product\/panasonic-ex-19ea\/#primaryimage","url":"https:\/\/sipin.com.vn\/wp-content\/uploads\/2025\/04\/EX-19EA.png","contentUrl":"https:\/\/sipin.com.vn\/wp-content\/uploads\/2025\/04\/EX-19EA.png","width":536,"height":440},{"@type":"BreadcrumbList","@id":"https:\/\/sipin.com.vn\/index.php\/product\/panasonic-ex-19ea\/#breadcrumb","itemListElement":[{"@type":"ListItem","position":1,"name":"Home","item":"https:\/\/sipin.com.vn\/"},{"@type":"ListItem","position":2,"name":"S\u1ea2N PH\u1ea8M","item":"https:\/\/sipin.com.vn\/index.php\/cua-hang\/"},{"@type":"ListItem","position":3,"name":"PANASONIC EX-19EA"}]},{"@type":"WebSite","@id":"https:\/\/sipin.com.vn\/#website","url":"https:\/\/sipin.com.vn\/","name":"OMANI VI\u1ec6T NAM","description":"Nh\u00e0 ph\u00e2n ph\u1ed1i thi\u1ebft b\u1ecb kh\u00ed n\u00e9n v\u00e0 thi\u1ebft b\u1ecb t\u1ef1 \u0111\u1ed9ng h\u00f3a trong c\u00f4ng nghi\u1ec7p","publisher":{"@id":"https:\/\/sipin.com.vn\/#\/schema\/person\/0ad398a980dc3fd696111c2c5c8fa897"},"potentialAction":[{"@type":"SearchAction","target":{"@type":"EntryPoint","urlTemplate":"https:\/\/sipin.com.vn\/?s={search_term_string}"},"query-input":"required name=search_term_string"}],"inLanguage":"vi"},{"@type":["Person","Organization"],"@id":"https:\/\/sipin.com.vn\/#\/schema\/person\/0ad398a980dc3fd696111c2c5c8fa897","name":"Nguy\u1ec5n V\u0103n Kh\u00e1nh","image":{"@type":"ImageObject","inLanguage":"vi","@id":"https:\/\/sipin.com.vn\/#\/schema\/person\/image\/","url":"https:\/\/sipin.com.vn\/wp-content\/uploads\/2024\/06\/logo-1024x1024.png","contentUrl":"https:\/\/sipin.com.vn\/wp-content\/uploads\/2024\/06\/logo-1024x1024.png","width":1024,"height":1024,"caption":"Nguy\u1ec5n V\u0103n Kh\u00e1nh"},"logo":{"@id":"https:\/\/sipin.com.vn\/#\/schema\/person\/image\/"},"sameAs":["https:\/\/sipin.com.vn"]}]}},"_links":{"self":[{"href":"https:\/\/sipin.com.vn\/index.php\/wp-json\/wp\/v2\/product\/3677","targetHints":{"allow":["GET"]}}],"collection":[{"href":"https:\/\/sipin.com.vn\/index.php\/wp-json\/wp\/v2\/product"}],"about":[{"href":"https:\/\/sipin.com.vn\/index.php\/wp-json\/wp\/v2\/types\/product"}],"replies":[{"embeddable":true,"href":"https:\/\/sipin.com.vn\/index.php\/wp-json\/wp\/v2\/comments?post=3677"}],"wp:featuredmedia":[{"embeddable":true,"href":"https:\/\/sipin.com.vn\/index.php\/wp-json\/wp\/v2\/media\/3678"}],"wp:attachment":[{"href":"https:\/\/sipin.com.vn\/index.php\/wp-json\/wp\/v2\/media?parent=3677"}],"wp:term":[{"taxonomy":"product_cat","embeddable":true,"href":"https:\/\/sipin.com.vn\/index.php\/wp-json\/wp\/v2\/product_cat?post=3677"},{"taxonomy":"product_tag","embeddable":true,"href":"https:\/\/sipin.com.vn\/index.php\/wp-json\/wp\/v2\/product_tag?post=3677"}],"curies":[{"name":"wp","href":"https:\/\/api.w.org\/{rel}","templated":true}]}}