{"id":3655,"date":"2025-04-24T20:23:26","date_gmt":"2025-04-24T13:23:26","guid":{"rendered":"https:\/\/omanivietnam.com\/?post_type=product&#038;p=3655"},"modified":"2025-04-24T20:23:26","modified_gmt":"2025-04-24T13:23:26","slug":"daesung-dbss-40ex-ps","status":"publish","type":"product","link":"https:\/\/sipin.com.vn\/index.php\/product\/daesung-dbss-40ex-ps\/","title":{"rendered":"DAESUNG DBSS-40EX-PS"},"content":{"rendered":"<p>DAESUNG DBSS-40EX-PS<\/p>\n<p>Speed Switch Model: DBSS-40EX-PS<\/p>\n<p>Type: separation non-contacting, proximity type, Contact capacity: 5A 125VAC 3A 250VAC Control Speed: 1 &#8211; 9999 RPM Brand: Daesung Q&#8217;ty: 1 set<\/p>\n<p>DAESUNG DBSS-40-P<\/p>\n<p>Speed Switch Model: DBSS-40-P<\/p>\n<p>Contact capacity: 5A 125VAC 3A 250VAC Power: AC 85-250V, Number of contacts: 2 x SPDT, Control Speed: 1 &#8211; 9999 RPM On time delay: 0 &#8211; 30 sec Brand: Daesung Q&#8217;ty: 1 set<\/p>\n<p class=\"title\">DBSS-40EX-PS<\/p>\n<p>\u2013 UP COVER BUTTON RESET \u2013 CONTACT CAPACITY : 15A 125V\/250V AC. \u2013 PROTECTION : IP65 \u2013 NUMBER OF CONTACTS : SPDT x 2EA \u2013 REQUIRED FORCE OF PULL CORD : ABT 7Kg \u2013 CABLE ENTRY : PF 3\/4\u2033 x 2EA \u2013 WEIGHT:3KG<\/p>\n<p><strong>Specifications:<\/strong><\/p>\n<p>\u2013 UP COVER BUTTON RESET<br \/>\n\u2013 CONTACT CAPACITY : 15A 125V\/250V AC.<br \/>\n\u2013 PROTECTION : IP65<br \/>\n\u2013 NUMBER OF CONTACTS : SPDT x 2EA<br \/>\n\u2013 REQUIRED FORCE OF PULL CORD : ABT 7Kg<br \/>\n\u2013 CABLE ENTRY : PF 3\/4\u2033 x 2EA<br \/>\n\u2013 WEIGHT:3KG<\/p>\n<p>This \u2018EMERGENCY STOP\u2019 switch is called a pull cord switch.<br \/>\nit cling to the side of the belt conveyor or machines.<br \/>\nwhen needed the driver or whoever know of the emergency and withes to suddenly stop the belt conveyor or other machines pulls the wire rofe connected to the pull cord switch.<\/p>\n<p>C\u00e1c s\u1ea3n ph\u1ea9m Dae Sung<\/p>\n<table border=\"0\" width=\"801\" cellspacing=\"0\" cellpadding=\"0\">\n<tbody>\n<tr>\n<td class=\"xl74\" width=\"185\" height=\"24\">Description<\/td>\n<td class=\"xl74\" width=\"145\">Model<\/td>\n<td class=\"xl73\">Note<\/td>\n<\/tr>\n<tr>\n<td class=\"xl69\" width=\"185\" height=\"47\">Pull Cord Switch<\/td>\n<td class=\"xl67\">DBSS-10<\/td>\n<td class=\"xl69\" width=\"471\"><\/td>\n<\/tr>\n<tr>\n<td class=\"xl69\" width=\"185\" height=\"47\">Pull Cord Switch (EX PLOSION-PROOF)<\/td>\n<td class=\"xl67\">DBSS-10EX<\/td>\n<td class=\"xl69\" width=\"471\"><\/td>\n<\/tr>\n<tr>\n<td class=\"xl69\" width=\"185\" height=\"47\">Belt sway Switch<\/td>\n<td class=\"xl67\">DBSS-20<\/td>\n<td class=\"xl69\" width=\"471\"><\/td>\n<\/tr>\n<tr>\n<td class=\"xl69\" width=\"185\" height=\"47\">BELT SWAY SWAY (EXPLOSION- PROOF)<\/td>\n<td class=\"xl67\">DBSS-20EX<\/td>\n<td class=\"xl69\" width=\"471\"><\/td>\n<\/tr>\n<tr>\n<td class=\"xl69\" width=\"185\" height=\"47\">Speed switch<\/td>\n<td class=\"xl67\">DBSS-40EX-PS<\/td>\n<td class=\"xl69\" width=\"471\"><\/td>\n<\/tr>\n<tr>\n<td class=\"xl69\" width=\"185\" height=\"47\">Speed Switch<\/td>\n<td class=\"xl67\">DBSS-40-P<\/td>\n<td class=\"xl69\" width=\"471\"><\/td>\n<\/tr>\n<tr>\n<td class=\"xl69\" width=\"185\" height=\"47\">MOTION SWITCH<\/td>\n<td class=\"xl67\">DBSS-40-PS<\/td>\n<td class=\"xl69\" width=\"471\"><\/td>\n<\/tr>\n<tr>\n<td class=\"xl69\" width=\"185\" height=\"47\">CHUT(TILT) Switch<\/td>\n<td class=\"xl67\">DCS-30EX<\/td>\n<td class=\"xl69\" width=\"471\"><\/td>\n<\/tr>\n<tr>\n<td class=\"xl69\" width=\"185\" height=\"47\">CHUTE SWITCH(TILT)<\/td>\n<td class=\"xl67\">DSS-311SM<\/td>\n<td class=\"xl69\" width=\"471\"><\/td>\n<\/tr>\n<tr>\n<td class=\"xl69\" width=\"185\" height=\"47\">PULL CORD SWITCH<\/td>\n<td class=\"xl67\">DBSS-10EXL<\/td>\n<td class=\"xl69\" width=\"471\"><\/td>\n<\/tr>\n<tr>\n<td class=\"xl69\" width=\"185\" height=\"47\">WARNING HORN WITH LIGHT<\/td>\n<td class=\"xl67\">SA-10EXL<\/td>\n<td class=\"xl69\" width=\"471\"><\/td>\n<\/tr>\n<tr>\n<td class=\"xl69\" width=\"185\" height=\"47\">Flow Switch<\/td>\n<td class=\"xl67\">DFS-10EX<\/td>\n<td class=\"xl69\" width=\"471\"><\/td>\n<\/tr>\n<\/tbody>\n<\/table>\n<p>&nbsp;<\/p>\n<p>\u0110\u1ea1i l\u00fd DAE SUNG vietnam, DAE SUNG viet nam, DAE SUNG vietnam distributor, Ph\u00e2n ph\u1ed1i DAE SUNG t\u1ea1i vi\u1ec7t nam<\/p>\n<p>\u0110\u1ea1i l\u00fd DAE SUNG vietnam, DAE SUNG viet nam, DAE SUNG vietnam distributor, Ph\u00e2n ph\u1ed1i DAE SUNG t\u1ea1i vi\u1ec7t nam<\/p>\n<p>\u0110\u1ea1i l\u00fd DAE SUNG vietnam, DAE SUNG viet nam, DAE SUNG vietnam distributor, Ph\u00e2n ph\u1ed1i DAE SUNG t\u1ea1i vi\u1ec7t nam<\/p>\n<p>&nbsp;<\/p>\n","protected":false},"excerpt":{"rendered":"<p>DAESUNG DBSS-40EX-PS Speed Switch Model: DBSS-40EX-PS Type: separation non-contacting, proximity type, Contact capacity: 5A 125VAC 3A 250VAC Control Speed: 1 &#8211; 9999 RPM Brand: Daesung Q&#8217;ty: 1 set DAESUNG DBSS-40-P Speed Switch Model: DBSS-40-P Contact capacity: 5A 125VAC 3A 250VAC Power: AC 85-250V, Number of contacts: 2 x SPDT, Control&hellip; <\/p>\n","protected":false},"featured_media":3656,"comment_status":"open","ping_status":"closed","template":"","meta":{"om_disable_all_campaigns":false,"_monsterinsights_skip_tracking":false,"_monsterinsights_sitenote_active":false,"_monsterinsights_sitenote_note":"","_monsterinsights_sitenote_category":0},"product_cat":[15],"product_tag":[700,698,699],"class_list":{"0":"post-3655","1":"product","2":"type-product","3":"status-publish","4":"has-post-thumbnail","6":"product_cat-apex","7":"product_tag-cong-tac-keo","8":"product_tag-daesung-viet-nam","9":"product_tag-dai-ly-daesung-viet-nam","11":"first","12":"instock","13":"shipping-taxable","14":"product-type-simple"},"aioseo_notices":[],"yoast_head":"<!-- This site is optimized with the Yoast SEO plugin v22.8 - https:\/\/yoast.com\/wordpress\/plugins\/seo\/ -->\n<title>DAESUNG DBSS-40EX-PS - OMANI VI\u1ec6T NAM<\/title>\n<meta name=\"description\" content=\"DAESUNG DBSS-40EX-PS Speed switch\" \/>\n<meta name=\"robots\" content=\"index, follow, max-snippet:-1, max-image-preview:large, max-video-preview:-1\" \/>\n<link rel=\"canonical\" href=\"https:\/\/sipin.com.vn\/index.php\/product\/daesung-dbss-40ex-ps\/\" \/>\n<meta property=\"og:locale\" content=\"vi_VN\" \/>\n<meta property=\"og:type\" content=\"article\" \/>\n<meta property=\"og:title\" content=\"DAESUNG DBSS-40EX-PS - OMANI VI\u1ec6T NAM\" \/>\n<meta property=\"og:description\" content=\"DAESUNG DBSS-40EX-PS Speed switch\" \/>\n<meta property=\"og:url\" content=\"https:\/\/sipin.com.vn\/index.php\/product\/daesung-dbss-40ex-ps\/\" \/>\n<meta property=\"og:site_name\" content=\"OMANI VI\u1ec6T NAM\" \/>\n<meta property=\"og:image\" content=\"https:\/\/sipin.com.vn\/wp-content\/uploads\/2025\/04\/DBSS-40EX-PS.png\" \/>\n\t<meta property=\"og:image:width\" content=\"597\" \/>\n\t<meta property=\"og:image:height\" content=\"394\" \/>\n\t<meta property=\"og:image:type\" content=\"image\/png\" \/>\n<meta name=\"twitter:card\" content=\"summary_large_image\" \/>\n<meta name=\"twitter:label1\" content=\"\u01af\u1edbc t\u00ednh th\u1eddi gian \u0111\u1ecdc\" \/>\n\t<meta name=\"twitter:data1\" content=\"2 ph\u00fat\" \/>\n<script type=\"application\/ld+json\" class=\"yoast-schema-graph\">{\"@context\":\"https:\/\/schema.org\",\"@graph\":[{\"@type\":\"WebPage\",\"@id\":\"https:\/\/sipin.com.vn\/index.php\/product\/daesung-dbss-40ex-ps\/\",\"url\":\"https:\/\/sipin.com.vn\/index.php\/product\/daesung-dbss-40ex-ps\/\",\"name\":\"DAESUNG DBSS-40EX-PS - OMANI VI\u1ec6T NAM\",\"isPartOf\":{\"@id\":\"https:\/\/sipin.com.vn\/#website\"},\"primaryImageOfPage\":{\"@id\":\"https:\/\/sipin.com.vn\/index.php\/product\/daesung-dbss-40ex-ps\/#primaryimage\"},\"image\":{\"@id\":\"https:\/\/sipin.com.vn\/index.php\/product\/daesung-dbss-40ex-ps\/#primaryimage\"},\"thumbnailUrl\":\"https:\/\/sipin.com.vn\/wp-content\/uploads\/2025\/04\/DBSS-40EX-PS.png\",\"datePublished\":\"2025-04-24T13:23:26+00:00\",\"dateModified\":\"2025-04-24T13:23:26+00:00\",\"description\":\"DAESUNG DBSS-40EX-PS Speed switch\",\"breadcrumb\":{\"@id\":\"https:\/\/sipin.com.vn\/index.php\/product\/daesung-dbss-40ex-ps\/#breadcrumb\"},\"inLanguage\":\"vi\",\"potentialAction\":[{\"@type\":\"ReadAction\",\"target\":[\"https:\/\/sipin.com.vn\/index.php\/product\/daesung-dbss-40ex-ps\/\"]}]},{\"@type\":\"ImageObject\",\"inLanguage\":\"vi\",\"@id\":\"https:\/\/sipin.com.vn\/index.php\/product\/daesung-dbss-40ex-ps\/#primaryimage\",\"url\":\"https:\/\/sipin.com.vn\/wp-content\/uploads\/2025\/04\/DBSS-40EX-PS.png\",\"contentUrl\":\"https:\/\/sipin.com.vn\/wp-content\/uploads\/2025\/04\/DBSS-40EX-PS.png\",\"width\":597,\"height\":394},{\"@type\":\"BreadcrumbList\",\"@id\":\"https:\/\/sipin.com.vn\/index.php\/product\/daesung-dbss-40ex-ps\/#breadcrumb\",\"itemListElement\":[{\"@type\":\"ListItem\",\"position\":1,\"name\":\"Home\",\"item\":\"https:\/\/sipin.com.vn\/\"},{\"@type\":\"ListItem\",\"position\":2,\"name\":\"S\u1ea2N PH\u1ea8M\",\"item\":\"https:\/\/sipin.com.vn\/index.php\/cua-hang\/\"},{\"@type\":\"ListItem\",\"position\":3,\"name\":\"DAESUNG DBSS-40EX-PS\"}]},{\"@type\":\"WebSite\",\"@id\":\"https:\/\/sipin.com.vn\/#website\",\"url\":\"https:\/\/sipin.com.vn\/\",\"name\":\"OMANI VI\u1ec6T NAM\",\"description\":\"Nh\u00e0 ph\u00e2n ph\u1ed1i thi\u1ebft b\u1ecb kh\u00ed n\u00e9n v\u00e0 thi\u1ebft b\u1ecb t\u1ef1 \u0111\u1ed9ng h\u00f3a trong c\u00f4ng nghi\u1ec7p\",\"publisher\":{\"@id\":\"https:\/\/sipin.com.vn\/#\/schema\/person\/0ad398a980dc3fd696111c2c5c8fa897\"},\"potentialAction\":[{\"@type\":\"SearchAction\",\"target\":{\"@type\":\"EntryPoint\",\"urlTemplate\":\"https:\/\/sipin.com.vn\/?s={search_term_string}\"},\"query-input\":\"required name=search_term_string\"}],\"inLanguage\":\"vi\"},{\"@type\":[\"Person\",\"Organization\"],\"@id\":\"https:\/\/sipin.com.vn\/#\/schema\/person\/0ad398a980dc3fd696111c2c5c8fa897\",\"name\":\"Nguy\u1ec5n V\u0103n Kh\u00e1nh\",\"image\":{\"@type\":\"ImageObject\",\"inLanguage\":\"vi\",\"@id\":\"https:\/\/sipin.com.vn\/#\/schema\/person\/image\/\",\"url\":\"https:\/\/sipin.com.vn\/wp-content\/uploads\/2024\/06\/logo-1024x1024.png\",\"contentUrl\":\"https:\/\/sipin.com.vn\/wp-content\/uploads\/2024\/06\/logo-1024x1024.png\",\"width\":1024,\"height\":1024,\"caption\":\"Nguy\u1ec5n V\u0103n Kh\u00e1nh\"},\"logo\":{\"@id\":\"https:\/\/sipin.com.vn\/#\/schema\/person\/image\/\"},\"sameAs\":[\"https:\/\/sipin.com.vn\"]}]}<\/script>\n<!-- \/ Yoast SEO plugin. -->","yoast_head_json":{"title":"DAESUNG DBSS-40EX-PS - OMANI VI\u1ec6T NAM","description":"DAESUNG DBSS-40EX-PS Speed switch","robots":{"index":"index","follow":"follow","max-snippet":"max-snippet:-1","max-image-preview":"max-image-preview:large","max-video-preview":"max-video-preview:-1"},"canonical":"https:\/\/sipin.com.vn\/index.php\/product\/daesung-dbss-40ex-ps\/","og_locale":"vi_VN","og_type":"article","og_title":"DAESUNG DBSS-40EX-PS - OMANI VI\u1ec6T NAM","og_description":"DAESUNG DBSS-40EX-PS Speed switch","og_url":"https:\/\/sipin.com.vn\/index.php\/product\/daesung-dbss-40ex-ps\/","og_site_name":"OMANI VI\u1ec6T NAM","og_image":[{"width":597,"height":394,"url":"https:\/\/sipin.com.vn\/wp-content\/uploads\/2025\/04\/DBSS-40EX-PS.png","type":"image\/png"}],"twitter_card":"summary_large_image","twitter_misc":{"\u01af\u1edbc t\u00ednh th\u1eddi gian \u0111\u1ecdc":"2 ph\u00fat"},"schema":{"@context":"https:\/\/schema.org","@graph":[{"@type":"WebPage","@id":"https:\/\/sipin.com.vn\/index.php\/product\/daesung-dbss-40ex-ps\/","url":"https:\/\/sipin.com.vn\/index.php\/product\/daesung-dbss-40ex-ps\/","name":"DAESUNG DBSS-40EX-PS - OMANI VI\u1ec6T NAM","isPartOf":{"@id":"https:\/\/sipin.com.vn\/#website"},"primaryImageOfPage":{"@id":"https:\/\/sipin.com.vn\/index.php\/product\/daesung-dbss-40ex-ps\/#primaryimage"},"image":{"@id":"https:\/\/sipin.com.vn\/index.php\/product\/daesung-dbss-40ex-ps\/#primaryimage"},"thumbnailUrl":"https:\/\/sipin.com.vn\/wp-content\/uploads\/2025\/04\/DBSS-40EX-PS.png","datePublished":"2025-04-24T13:23:26+00:00","dateModified":"2025-04-24T13:23:26+00:00","description":"DAESUNG DBSS-40EX-PS Speed switch","breadcrumb":{"@id":"https:\/\/sipin.com.vn\/index.php\/product\/daesung-dbss-40ex-ps\/#breadcrumb"},"inLanguage":"vi","potentialAction":[{"@type":"ReadAction","target":["https:\/\/sipin.com.vn\/index.php\/product\/daesung-dbss-40ex-ps\/"]}]},{"@type":"ImageObject","inLanguage":"vi","@id":"https:\/\/sipin.com.vn\/index.php\/product\/daesung-dbss-40ex-ps\/#primaryimage","url":"https:\/\/sipin.com.vn\/wp-content\/uploads\/2025\/04\/DBSS-40EX-PS.png","contentUrl":"https:\/\/sipin.com.vn\/wp-content\/uploads\/2025\/04\/DBSS-40EX-PS.png","width":597,"height":394},{"@type":"BreadcrumbList","@id":"https:\/\/sipin.com.vn\/index.php\/product\/daesung-dbss-40ex-ps\/#breadcrumb","itemListElement":[{"@type":"ListItem","position":1,"name":"Home","item":"https:\/\/sipin.com.vn\/"},{"@type":"ListItem","position":2,"name":"S\u1ea2N PH\u1ea8M","item":"https:\/\/sipin.com.vn\/index.php\/cua-hang\/"},{"@type":"ListItem","position":3,"name":"DAESUNG DBSS-40EX-PS"}]},{"@type":"WebSite","@id":"https:\/\/sipin.com.vn\/#website","url":"https:\/\/sipin.com.vn\/","name":"OMANI VI\u1ec6T NAM","description":"Nh\u00e0 ph\u00e2n ph\u1ed1i thi\u1ebft b\u1ecb kh\u00ed n\u00e9n v\u00e0 thi\u1ebft b\u1ecb t\u1ef1 \u0111\u1ed9ng h\u00f3a trong c\u00f4ng nghi\u1ec7p","publisher":{"@id":"https:\/\/sipin.com.vn\/#\/schema\/person\/0ad398a980dc3fd696111c2c5c8fa897"},"potentialAction":[{"@type":"SearchAction","target":{"@type":"EntryPoint","urlTemplate":"https:\/\/sipin.com.vn\/?s={search_term_string}"},"query-input":"required name=search_term_string"}],"inLanguage":"vi"},{"@type":["Person","Organization"],"@id":"https:\/\/sipin.com.vn\/#\/schema\/person\/0ad398a980dc3fd696111c2c5c8fa897","name":"Nguy\u1ec5n V\u0103n Kh\u00e1nh","image":{"@type":"ImageObject","inLanguage":"vi","@id":"https:\/\/sipin.com.vn\/#\/schema\/person\/image\/","url":"https:\/\/sipin.com.vn\/wp-content\/uploads\/2024\/06\/logo-1024x1024.png","contentUrl":"https:\/\/sipin.com.vn\/wp-content\/uploads\/2024\/06\/logo-1024x1024.png","width":1024,"height":1024,"caption":"Nguy\u1ec5n V\u0103n Kh\u00e1nh"},"logo":{"@id":"https:\/\/sipin.com.vn\/#\/schema\/person\/image\/"},"sameAs":["https:\/\/sipin.com.vn"]}]}},"_links":{"self":[{"href":"https:\/\/sipin.com.vn\/index.php\/wp-json\/wp\/v2\/product\/3655","targetHints":{"allow":["GET"]}}],"collection":[{"href":"https:\/\/sipin.com.vn\/index.php\/wp-json\/wp\/v2\/product"}],"about":[{"href":"https:\/\/sipin.com.vn\/index.php\/wp-json\/wp\/v2\/types\/product"}],"replies":[{"embeddable":true,"href":"https:\/\/sipin.com.vn\/index.php\/wp-json\/wp\/v2\/comments?post=3655"}],"wp:featuredmedia":[{"embeddable":true,"href":"https:\/\/sipin.com.vn\/index.php\/wp-json\/wp\/v2\/media\/3656"}],"wp:attachment":[{"href":"https:\/\/sipin.com.vn\/index.php\/wp-json\/wp\/v2\/media?parent=3655"}],"wp:term":[{"taxonomy":"product_cat","embeddable":true,"href":"https:\/\/sipin.com.vn\/index.php\/wp-json\/wp\/v2\/product_cat?post=3655"},{"taxonomy":"product_tag","embeddable":true,"href":"https:\/\/sipin.com.vn\/index.php\/wp-json\/wp\/v2\/product_tag?post=3655"}],"curies":[{"name":"wp","href":"https:\/\/api.w.org\/{rel}","templated":true}]}}