{"id":3649,"date":"2025-04-22T22:09:19","date_gmt":"2025-04-22T15:09:19","guid":{"rendered":"https:\/\/omanivietnam.com\/?post_type=product&#038;p=3649"},"modified":"2025-04-22T22:09:19","modified_gmt":"2025-04-22T15:09:19","slug":"panasonic-ex-l221","status":"publish","type":"product","link":"https:\/\/sipin.com.vn\/index.php\/product\/panasonic-ex-l221\/","title":{"rendered":"PANASONIC EX-L221"},"content":{"rendered":"<p>PANASONIC EX-L221<\/p>\n<p>C\u00e1c s\u1ea3n ph\u1ea9m th\u00f4ng d\u1ee5ng c\u00f9ng lo\u1ea1i:<br \/>\nC\u1ea3m bi\u1ebfn quang Panasonic EX-L211 ( UEXL211 )<br \/>\nC\u1ea3m bi\u1ebfn quang Panasonic EQ-34 ( UEQ34 )<br \/>\nC\u1ea3m bi\u1ebfn quang Panasonic\u00a0EQ-501 ( UEQ501 )<br \/>\nC\u1ea3m bi\u1ebfn quang Panasonic\u00a0EQ-502T ( UEQ502T )<br \/>\nC\u1ea3m bi\u1ebfn quang Panasonic\u00a0EQ-511 ( UEQ511 )<br \/>\nC\u1ea3m bi\u1ebfn quang Panasonic\u00a0EQ-512 ( UEQ512 )<\/p>\n<p class=\"el_lv1Heading-02 \"><span class=\"js_recentViewTtl__parts\">EX-L221\uff5cAmplifier Built-in Ultra-compact Laser Sensor EX-L200<\/span><\/p>\n<h2 id=\"spec\">Spec Detail<\/h2>\n<div class=\"bl_parts_change_notion\">Specifications and design of the products are subject to change without notice for the product improvement.<\/div>\n<div class=\"bl_table_wrapper scroll-hint\">\n<table class=\"el_parts_table el_parts_table-column2\">\n<thead>\n<tr>\n<th>Item<\/th>\n<th>Specifications<\/th>\n<\/tr>\n<\/thead>\n<tbody>\n<tr>\n<th>Product Number<\/th>\n<td>EX-L221<\/td>\n<\/tr>\n<tr>\n<th>Part Number<\/th>\n<td>EX-L221<\/td>\n<\/tr>\n<tr>\n<th>Products Name<\/th>\n<td>Amplifier Built-in Ultra-compact Laser Sensor<\/td>\n<\/tr>\n<tr>\n<th>Product details<\/th>\n<td>Spot reflective type<\/td>\n<\/tr>\n<tr>\n<th>The price of the product<\/th>\n<td>Please contact our office<\/td>\n<\/tr>\n<tr>\n<th>Applicable regulations<\/th>\n<td>CE Marking (EMC Directive, RoHS Directive), UKCA Marking (EMC Regulations, RoHS Regulations)<\/td>\n<\/tr>\n<tr>\n<th>Sensing range<\/th>\n<td>45 to 300 mm\u00a0<span class=\"inch\">1.772 to 11.811 in<\/span><br \/>\n(Note)The sensing range is specified for white non-glossy papar (100 x 100 mm\u00a0<span class=\"inch\">3.937 x 3.937 in<\/span>) as the object.<\/td>\n<\/tr>\n<tr>\n<th>Emission spot size (Typical)<\/th>\n<td>\u00f81 mm\u00a0<span class=\"inch\">\u00f80.039 in<\/span>\u00a0or less<br \/>\n(at a sensing distance of 300 mm)<\/td>\n<\/tr>\n<tr>\n<th>Sensing object<\/th>\n<td>\u00f81 mm\u00a0<span class=\"inch\">\u00f80.039 in<\/span>\u00a0or less<br \/>\n(at a sensing distance of 300 mm)<\/td>\n<\/tr>\n<tr>\n<th>Minimum sensing object (Typical)<\/th>\n<td>Gold wire of \u00f80.01 mm\u00a0<span class=\"inch\">\u00f80.0004 in<\/span><br \/>\n(Note)Typical values when the sensitivity adjuster is optimally adjusted.<\/td>\n<\/tr>\n<tr>\n<th>Hysteresis<\/th>\n<td>20 % or less of operation distance<\/td>\n<\/tr>\n<tr>\n<th>Repeatability<\/th>\n<td>Perpendicular to sensing axis: 0.05 mm\u00a0<span class=\"inch\">0.0020 in<\/span>\u00a0or less<\/td>\n<\/tr>\n<tr>\n<th>Repeatability (Typical)(perpendicular to sensing axis)<\/th>\n<td>0.02 mm\u00a0<span class=\"inch\">0.0008 in<\/span>\u00a0or less<br \/>\n(at 100 to 200 mm sensing distance)<br \/>\n(Note)Typical values when the sensitivity adjuster is optimally adjusted.<\/td>\n<\/tr>\n<tr>\n<th>Supply voltage<\/th>\n<td>12 to 24 V DC plus or minus 10 % Ripple P-P 10 % or less<\/td>\n<\/tr>\n<tr>\n<th>Current consumption<\/th>\n<td>15 mA or less<\/td>\n<\/tr>\n<tr>\n<th>Output<\/th>\n<td>NPN open-collector transistor<br \/>\n&#8211; Maximum sink current: 50 mA<br \/>\n&#8211; Applied voltage: 26.4 V DC or less (between output and 0 V)<br \/>\n&#8211; Residual voltage: 2 V or less (at 50 mA sink current), 1 V or less (at 16 mA sink current)<\/td>\n<\/tr>\n<tr>\n<th>Output:Output operation<\/th>\n<td>Light-ON \/ Dark-ON selectable by the output operation switching input<\/td>\n<\/tr>\n<tr>\n<th>Output:Short-circuit protection<\/th>\n<td>Incorporated (short-circuit protection \/ inverse polarity protection)<\/td>\n<\/tr>\n<tr>\n<th>Response time<\/th>\n<td>0.5 ms or less<\/td>\n<\/tr>\n<tr>\n<th>Automatic Interference prevention function<\/th>\n<td>Incorporated<br \/>\n(Two sensors can be mounted close together.)<\/td>\n<\/tr>\n<tr>\n<th>Sensitivity adjuster<\/th>\n<td>Continuously variable adjuster<\/td>\n<\/tr>\n<tr>\n<th>Protection<\/th>\n<td>IP67 (IEC)<\/td>\n<\/tr>\n<tr>\n<th>Ambient temperature<\/th>\n<td>-10 to +55 \u2103\u00a0<span class=\"inch\">+14 to +131 \u2109<\/span>\u00a0(No dew condensation or no icing condition),<br \/>\nStorage: -30 to +70 \u2103\u00a0<span class=\"inch\">-22 to +158 \u2109<\/span><\/td>\n<\/tr>\n<tr>\n<th>Ambient humidity<\/th>\n<td>35 to 85 % RH, Storage: 35 to 85 % RH<\/td>\n<\/tr>\n<tr>\n<th>Ambient illuminance<\/th>\n<td>Incandescent light: 3,000 lx or less at the light-receiving face<\/td>\n<\/tr>\n<tr>\n<th>Voltage withstandability<\/th>\n<td>1,000 V AC for one min. between all supply terminals connected together and enclosure<\/td>\n<\/tr>\n<tr>\n<th>Insulation resistance<\/th>\n<td>20 MOhm , or more, with 250 V DC megger between all supply terminals connected together and enclosure<\/td>\n<\/tr>\n<tr>\n<th>Vibration resistance<\/th>\n<td>10 to 500 Hz frequency, 1.5 mm\u00a0<span class=\"inch\">0.059 in<\/span>\u00a0double amplitude (10 G max.) in X, Y and Z directions for two hours each<\/td>\n<\/tr>\n<tr>\n<th>Shock resistance<\/th>\n<td>500 m\/s<sup>2<\/sup>\u00a0acceleration (50 G approx.) in X, Y and Z directions three times each<\/td>\n<\/tr>\n<tr>\n<th>Emitting element<\/th>\n<td>Red semiconductor laser Class 1 (IEC \/ JIS\/ FDA\/ GB\/ EN\/ KS) (Note\uff1aThis product complies with 21 CFR 1040.10 and 1040.11 Laser Notice No. 56, dated May 8, 2019, issued by CDRH<br \/>\n(Center for Devices and Radiological Health) under the FDA (Food and Drug Administration)<br \/>\n(Maximum output: 2 mW, Peak emission wavelength: 655 nm\u00a0<span class=\"inch\">0.026 mil<\/span>)<\/td>\n<\/tr>\n<tr>\n<th>Material<\/th>\n<td>Enclosure: Polybutylene terephthalate, Front cover: Acylic, Lens: Glass, Indicator part: Polyarylate<\/td>\n<\/tr>\n<tr>\n<th>Cable<\/th>\n<td>0.15 mm<sup>2<\/sup>\u00a04-core (emitter of a thru-beam type: 2-core) cabtyre cable, 2 m\u00a0<span class=\"inch\">6.562 ft<\/span>\u00a0long<\/td>\n<\/tr>\n<tr>\n<th>Cable extension<\/th>\n<td>Extension up to total 50 m\u00a0<span class=\"inch\">164.042 ft<\/span>\u00a0is possible with 0.3 mm<sup>2<\/sup>, or more, cable.<\/td>\n<\/tr>\n<tr>\n<th>Weight<\/th>\n<td>Net weight: 45 g approx<br \/>\nGross weight: 60 g approx<\/td>\n<\/tr>\n<tr>\n<th>Accessory<\/th>\n<td>MS-EXL2-3 (Mounting plate): 1 pc.<\/td>\n<\/tr>\n<\/tbody>\n<\/table>\n<table class=\"SplitLRNolineMainTable\" cellspacing=\"0\">\n<tbody>\n<tr>\n<td class=\"SplitLRNolineL\"><\/td>\n<\/tr>\n<\/tbody>\n<\/table>\n<p>&nbsp;<\/p>\n<p>LS-H21F<br \/>\nLS-H21F-A<br \/>\nLS-H22F<br \/>\nLS-H91F<br \/>\nLS-H91F-A<br \/>\nLS-H92F<\/p>\n<p>EX-L211<br \/>\nEX-L211-C5<br \/>\nEX-L211-J<br \/>\nEX-L211-P<br \/>\nEX-L211-P-C5<br \/>\nEX-L211-P-J<br \/>\nEX-L212<br \/>\nEX-L212-C5<br \/>\nEX-L212-J<br \/>\nEX-L212-P<br \/>\nEX-L212-P-C5<br \/>\nEX-L212-P-J<br \/>\nEX-L221<br \/>\nEX-L221-C5<br \/>\nEX-L221-J<br \/>\nEX-L221-P<br \/>\nEX-L221-P-C5<br \/>\nEX-L221-P-J<br \/>\nEX-L291<br \/>\nEX-L291-C5<br \/>\nEX-L291-J<br \/>\nEX-L291-P<br \/>\nEX-L291-P-C5<br \/>\nEX-L291-P-J<\/p>\n<p>&nbsp;<\/p>\n<p>&nbsp;<\/p>\n<\/div>\n","protected":false},"excerpt":{"rendered":"<p>PANASONIC EX-L221 C\u00e1c s\u1ea3n ph\u1ea9m th\u00f4ng d\u1ee5ng c\u00f9ng lo\u1ea1i: C\u1ea3m bi\u1ebfn quang Panasonic EX-L211 ( UEXL211 ) C\u1ea3m bi\u1ebfn quang Panasonic EQ-34 ( UEQ34 ) C\u1ea3m bi\u1ebfn quang Panasonic\u00a0EQ-501 ( UEQ501 ) C\u1ea3m bi\u1ebfn quang Panasonic\u00a0EQ-502T ( UEQ502T ) C\u1ea3m bi\u1ebfn quang Panasonic\u00a0EQ-511 ( UEQ511 ) C\u1ea3m bi\u1ebfn quang Panasonic\u00a0EQ-512&hellip; <\/p>\n","protected":false},"featured_media":3650,"comment_status":"open","ping_status":"closed","template":"","meta":{"om_disable_all_campaigns":false,"_monsterinsights_skip_tracking":false,"_monsterinsights_sitenote_active":false,"_monsterinsights_sitenote_note":"","_monsterinsights_sitenote_category":0},"product_cat":[15],"product_tag":[88,86,87],"class_list":{"0":"post-3649","1":"product","2":"type-product","3":"status-publish","4":"has-post-thumbnail","6":"product_cat-apex","7":"product_tag-cam-bien","8":"product_tag-dai-ly-panasonic-viet-nam","9":"product_tag-panasonic-viet-nam","11":"first","12":"instock","13":"shipping-taxable","14":"product-type-simple"},"aioseo_notices":[],"yoast_head":"<!-- This site is optimized with the Yoast SEO plugin v22.8 - https:\/\/yoast.com\/wordpress\/plugins\/seo\/ -->\n<title>PANASONIC EX-L221 - OMANI VI\u1ec6T NAM<\/title>\n<meta name=\"description\" content=\"PANASONIC EX-L221 Laser Sensor\" \/>\n<meta name=\"robots\" content=\"index, follow, max-snippet:-1, max-image-preview:large, max-video-preview:-1\" \/>\n<link rel=\"canonical\" href=\"https:\/\/sipin.com.vn\/index.php\/product\/panasonic-ex-l221\/\" \/>\n<meta property=\"og:locale\" content=\"vi_VN\" \/>\n<meta property=\"og:type\" content=\"article\" \/>\n<meta property=\"og:title\" content=\"PANASONIC EX-L221 - OMANI VI\u1ec6T NAM\" \/>\n<meta property=\"og:description\" content=\"PANASONIC EX-L221 Laser Sensor\" \/>\n<meta property=\"og:url\" content=\"https:\/\/sipin.com.vn\/index.php\/product\/panasonic-ex-l221\/\" \/>\n<meta property=\"og:site_name\" content=\"OMANI VI\u1ec6T NAM\" \/>\n<meta property=\"og:image\" content=\"https:\/\/sipin.com.vn\/wp-content\/uploads\/2025\/04\/EX-L221.png\" \/>\n\t<meta property=\"og:image:width\" content=\"659\" \/>\n\t<meta property=\"og:image:height\" content=\"619\" \/>\n\t<meta property=\"og:image:type\" content=\"image\/png\" \/>\n<meta name=\"twitter:card\" content=\"summary_large_image\" \/>\n<meta name=\"twitter:label1\" content=\"\u01af\u1edbc t\u00ednh th\u1eddi gian \u0111\u1ecdc\" \/>\n\t<meta name=\"twitter:data1\" content=\"4 ph\u00fat\" \/>\n<script type=\"application\/ld+json\" class=\"yoast-schema-graph\">{\"@context\":\"https:\/\/schema.org\",\"@graph\":[{\"@type\":\"WebPage\",\"@id\":\"https:\/\/sipin.com.vn\/index.php\/product\/panasonic-ex-l221\/\",\"url\":\"https:\/\/sipin.com.vn\/index.php\/product\/panasonic-ex-l221\/\",\"name\":\"PANASONIC EX-L221 - OMANI VI\u1ec6T NAM\",\"isPartOf\":{\"@id\":\"https:\/\/sipin.com.vn\/#website\"},\"primaryImageOfPage\":{\"@id\":\"https:\/\/sipin.com.vn\/index.php\/product\/panasonic-ex-l221\/#primaryimage\"},\"image\":{\"@id\":\"https:\/\/sipin.com.vn\/index.php\/product\/panasonic-ex-l221\/#primaryimage\"},\"thumbnailUrl\":\"https:\/\/sipin.com.vn\/wp-content\/uploads\/2025\/04\/EX-L221.png\",\"datePublished\":\"2025-04-22T15:09:19+00:00\",\"dateModified\":\"2025-04-22T15:09:19+00:00\",\"description\":\"PANASONIC EX-L221 Laser Sensor\",\"breadcrumb\":{\"@id\":\"https:\/\/sipin.com.vn\/index.php\/product\/panasonic-ex-l221\/#breadcrumb\"},\"inLanguage\":\"vi\",\"potentialAction\":[{\"@type\":\"ReadAction\",\"target\":[\"https:\/\/sipin.com.vn\/index.php\/product\/panasonic-ex-l221\/\"]}]},{\"@type\":\"ImageObject\",\"inLanguage\":\"vi\",\"@id\":\"https:\/\/sipin.com.vn\/index.php\/product\/panasonic-ex-l221\/#primaryimage\",\"url\":\"https:\/\/sipin.com.vn\/wp-content\/uploads\/2025\/04\/EX-L221.png\",\"contentUrl\":\"https:\/\/sipin.com.vn\/wp-content\/uploads\/2025\/04\/EX-L221.png\",\"width\":659,\"height\":619},{\"@type\":\"BreadcrumbList\",\"@id\":\"https:\/\/sipin.com.vn\/index.php\/product\/panasonic-ex-l221\/#breadcrumb\",\"itemListElement\":[{\"@type\":\"ListItem\",\"position\":1,\"name\":\"Home\",\"item\":\"https:\/\/sipin.com.vn\/\"},{\"@type\":\"ListItem\",\"position\":2,\"name\":\"S\u1ea2N PH\u1ea8M\",\"item\":\"https:\/\/sipin.com.vn\/index.php\/cua-hang\/\"},{\"@type\":\"ListItem\",\"position\":3,\"name\":\"PANASONIC EX-L221\"}]},{\"@type\":\"WebSite\",\"@id\":\"https:\/\/sipin.com.vn\/#website\",\"url\":\"https:\/\/sipin.com.vn\/\",\"name\":\"OMANI VI\u1ec6T NAM\",\"description\":\"Nh\u00e0 ph\u00e2n ph\u1ed1i thi\u1ebft b\u1ecb kh\u00ed n\u00e9n v\u00e0 thi\u1ebft b\u1ecb t\u1ef1 \u0111\u1ed9ng h\u00f3a trong c\u00f4ng nghi\u1ec7p\",\"publisher\":{\"@id\":\"https:\/\/sipin.com.vn\/#\/schema\/person\/0ad398a980dc3fd696111c2c5c8fa897\"},\"potentialAction\":[{\"@type\":\"SearchAction\",\"target\":{\"@type\":\"EntryPoint\",\"urlTemplate\":\"https:\/\/sipin.com.vn\/?s={search_term_string}\"},\"query-input\":\"required name=search_term_string\"}],\"inLanguage\":\"vi\"},{\"@type\":[\"Person\",\"Organization\"],\"@id\":\"https:\/\/sipin.com.vn\/#\/schema\/person\/0ad398a980dc3fd696111c2c5c8fa897\",\"name\":\"Nguy\u1ec5n V\u0103n Kh\u00e1nh\",\"image\":{\"@type\":\"ImageObject\",\"inLanguage\":\"vi\",\"@id\":\"https:\/\/sipin.com.vn\/#\/schema\/person\/image\/\",\"url\":\"https:\/\/sipin.com.vn\/wp-content\/uploads\/2024\/06\/logo-1024x1024.png\",\"contentUrl\":\"https:\/\/sipin.com.vn\/wp-content\/uploads\/2024\/06\/logo-1024x1024.png\",\"width\":1024,\"height\":1024,\"caption\":\"Nguy\u1ec5n V\u0103n Kh\u00e1nh\"},\"logo\":{\"@id\":\"https:\/\/sipin.com.vn\/#\/schema\/person\/image\/\"},\"sameAs\":[\"https:\/\/sipin.com.vn\"]}]}<\/script>\n<!-- \/ Yoast SEO plugin. -->","yoast_head_json":{"title":"PANASONIC EX-L221 - OMANI VI\u1ec6T NAM","description":"PANASONIC EX-L221 Laser Sensor","robots":{"index":"index","follow":"follow","max-snippet":"max-snippet:-1","max-image-preview":"max-image-preview:large","max-video-preview":"max-video-preview:-1"},"canonical":"https:\/\/sipin.com.vn\/index.php\/product\/panasonic-ex-l221\/","og_locale":"vi_VN","og_type":"article","og_title":"PANASONIC EX-L221 - OMANI VI\u1ec6T NAM","og_description":"PANASONIC EX-L221 Laser Sensor","og_url":"https:\/\/sipin.com.vn\/index.php\/product\/panasonic-ex-l221\/","og_site_name":"OMANI VI\u1ec6T NAM","og_image":[{"width":659,"height":619,"url":"https:\/\/sipin.com.vn\/wp-content\/uploads\/2025\/04\/EX-L221.png","type":"image\/png"}],"twitter_card":"summary_large_image","twitter_misc":{"\u01af\u1edbc t\u00ednh th\u1eddi gian \u0111\u1ecdc":"4 ph\u00fat"},"schema":{"@context":"https:\/\/schema.org","@graph":[{"@type":"WebPage","@id":"https:\/\/sipin.com.vn\/index.php\/product\/panasonic-ex-l221\/","url":"https:\/\/sipin.com.vn\/index.php\/product\/panasonic-ex-l221\/","name":"PANASONIC EX-L221 - OMANI VI\u1ec6T NAM","isPartOf":{"@id":"https:\/\/sipin.com.vn\/#website"},"primaryImageOfPage":{"@id":"https:\/\/sipin.com.vn\/index.php\/product\/panasonic-ex-l221\/#primaryimage"},"image":{"@id":"https:\/\/sipin.com.vn\/index.php\/product\/panasonic-ex-l221\/#primaryimage"},"thumbnailUrl":"https:\/\/sipin.com.vn\/wp-content\/uploads\/2025\/04\/EX-L221.png","datePublished":"2025-04-22T15:09:19+00:00","dateModified":"2025-04-22T15:09:19+00:00","description":"PANASONIC EX-L221 Laser Sensor","breadcrumb":{"@id":"https:\/\/sipin.com.vn\/index.php\/product\/panasonic-ex-l221\/#breadcrumb"},"inLanguage":"vi","potentialAction":[{"@type":"ReadAction","target":["https:\/\/sipin.com.vn\/index.php\/product\/panasonic-ex-l221\/"]}]},{"@type":"ImageObject","inLanguage":"vi","@id":"https:\/\/sipin.com.vn\/index.php\/product\/panasonic-ex-l221\/#primaryimage","url":"https:\/\/sipin.com.vn\/wp-content\/uploads\/2025\/04\/EX-L221.png","contentUrl":"https:\/\/sipin.com.vn\/wp-content\/uploads\/2025\/04\/EX-L221.png","width":659,"height":619},{"@type":"BreadcrumbList","@id":"https:\/\/sipin.com.vn\/index.php\/product\/panasonic-ex-l221\/#breadcrumb","itemListElement":[{"@type":"ListItem","position":1,"name":"Home","item":"https:\/\/sipin.com.vn\/"},{"@type":"ListItem","position":2,"name":"S\u1ea2N PH\u1ea8M","item":"https:\/\/sipin.com.vn\/index.php\/cua-hang\/"},{"@type":"ListItem","position":3,"name":"PANASONIC EX-L221"}]},{"@type":"WebSite","@id":"https:\/\/sipin.com.vn\/#website","url":"https:\/\/sipin.com.vn\/","name":"OMANI VI\u1ec6T NAM","description":"Nh\u00e0 ph\u00e2n ph\u1ed1i thi\u1ebft b\u1ecb kh\u00ed n\u00e9n v\u00e0 thi\u1ebft b\u1ecb t\u1ef1 \u0111\u1ed9ng h\u00f3a trong c\u00f4ng nghi\u1ec7p","publisher":{"@id":"https:\/\/sipin.com.vn\/#\/schema\/person\/0ad398a980dc3fd696111c2c5c8fa897"},"potentialAction":[{"@type":"SearchAction","target":{"@type":"EntryPoint","urlTemplate":"https:\/\/sipin.com.vn\/?s={search_term_string}"},"query-input":"required name=search_term_string"}],"inLanguage":"vi"},{"@type":["Person","Organization"],"@id":"https:\/\/sipin.com.vn\/#\/schema\/person\/0ad398a980dc3fd696111c2c5c8fa897","name":"Nguy\u1ec5n V\u0103n Kh\u00e1nh","image":{"@type":"ImageObject","inLanguage":"vi","@id":"https:\/\/sipin.com.vn\/#\/schema\/person\/image\/","url":"https:\/\/sipin.com.vn\/wp-content\/uploads\/2024\/06\/logo-1024x1024.png","contentUrl":"https:\/\/sipin.com.vn\/wp-content\/uploads\/2024\/06\/logo-1024x1024.png","width":1024,"height":1024,"caption":"Nguy\u1ec5n V\u0103n Kh\u00e1nh"},"logo":{"@id":"https:\/\/sipin.com.vn\/#\/schema\/person\/image\/"},"sameAs":["https:\/\/sipin.com.vn"]}]}},"_links":{"self":[{"href":"https:\/\/sipin.com.vn\/index.php\/wp-json\/wp\/v2\/product\/3649","targetHints":{"allow":["GET"]}}],"collection":[{"href":"https:\/\/sipin.com.vn\/index.php\/wp-json\/wp\/v2\/product"}],"about":[{"href":"https:\/\/sipin.com.vn\/index.php\/wp-json\/wp\/v2\/types\/product"}],"replies":[{"embeddable":true,"href":"https:\/\/sipin.com.vn\/index.php\/wp-json\/wp\/v2\/comments?post=3649"}],"wp:featuredmedia":[{"embeddable":true,"href":"https:\/\/sipin.com.vn\/index.php\/wp-json\/wp\/v2\/media\/3650"}],"wp:attachment":[{"href":"https:\/\/sipin.com.vn\/index.php\/wp-json\/wp\/v2\/media?parent=3649"}],"wp:term":[{"taxonomy":"product_cat","embeddable":true,"href":"https:\/\/sipin.com.vn\/index.php\/wp-json\/wp\/v2\/product_cat?post=3649"},{"taxonomy":"product_tag","embeddable":true,"href":"https:\/\/sipin.com.vn\/index.php\/wp-json\/wp\/v2\/product_tag?post=3649"}],"curies":[{"name":"wp","href":"https:\/\/api.w.org\/{rel}","templated":true}]}}