{"id":3645,"date":"2025-04-22T21:40:02","date_gmt":"2025-04-22T14:40:02","guid":{"rendered":"https:\/\/omanivietnam.com\/?post_type=product&#038;p=3645"},"modified":"2025-04-22T21:40:04","modified_gmt":"2025-04-22T14:40:04","slug":"fonray-nar-200-r-s","status":"publish","type":"product","link":"https:\/\/sipin.com.vn\/index.php\/product\/fonray-nar-200-r-s\/","title":{"rendered":"FONRAY NAR-200-R-S"},"content":{"rendered":"<p>FONRAY NAR-200-R-S<\/p>\n<p>Pressure Regulator &#8211; NAR<\/p>\n<p>FONRAY The Pressure Regulating Valve AR2000-A BR-200A BR-300A BR-400A<\/p>\n<p>FONRAY The pressure regulating valve BR-300A BR-400A NAR-200-R-S<\/p>\n<h3>Specifications<\/h3>\n<div class=\"autoflow\">\n<table class=\"product-space\" border=\"0\" cellspacing=\"0\" cellpadding=\"0\">\n<tbody>\n<tr>\n<th>Model<\/th>\n<th>Port Size<br \/>\n(G\/PT)<\/th>\n<th>Working &#8211; pressure Range<br \/>\n(Mpa)<\/th>\n<\/tr>\n<tr>\n<td>NAR-200-R-S<\/td>\n<td>1\/4&#8243;<\/td>\n<td>0.15 ~ 1.0<\/td>\n<\/tr>\n<\/tbody>\n<\/table>\n<\/div>\n<p>Model, Port Size (G\/PT), Working-pressure. Range(Mpa).\u00a0<em>NAR-200-R-S<\/em>, 1\/4&#8243;, 0.05~0.85<\/p>\n<p>NAR-LB; NAR-200-R-S.<\/p>\n<p>&nbsp;<\/p>\n<p>&nbsp;<\/p>\n","protected":false},"excerpt":{"rendered":"<p>FONRAY NAR-200-R-S Pressure Regulator &#8211; NAR FONRAY The Pressure Regulating Valve AR2000-A BR-200A BR-300A BR-400A FONRAY The pressure regulating valve BR-300A BR-400A NAR-200-R-S Specifications Model Port Size (G\/PT) Working &#8211; pressure Range (Mpa) NAR-200-R-S 1\/4&#8243; 0.15 ~ 1.0 Model, Port Size (G\/PT), Working-pressure. Range(Mpa).\u00a0NAR-200-R-S, 1\/4&#8243;, 0.05~0.85 NAR-LB; NAR-200-R-S. &nbsp; &nbsp;<\/p>\n","protected":false},"featured_media":3646,"comment_status":"open","ping_status":"closed","template":"","meta":{"om_disable_all_campaigns":false,"_monsterinsights_skip_tracking":false,"_monsterinsights_sitenote_active":false,"_monsterinsights_sitenote_note":"","_monsterinsights_sitenote_category":0},"product_cat":[15],"product_tag":[273,272,198],"class_list":{"0":"post-3645","1":"product","2":"type-product","3":"status-publish","4":"has-post-thumbnail","6":"product_cat-apex","7":"product_tag-dai-ly-fonray-viet-nam","8":"product_tag-fonray-viet-nam","9":"product_tag-van-dieu-ap","11":"first","12":"instock","13":"shipping-taxable","14":"product-type-simple"},"aioseo_notices":[],"yoast_head":"<!-- This site is optimized with the Yoast SEO plugin v22.8 - https:\/\/yoast.com\/wordpress\/plugins\/seo\/ -->\n<title>FONRAY NAR-200-R-S - OMANI VI\u1ec6T NAM<\/title>\n<meta name=\"description\" content=\"FONRAY NAR-200-R-S Pressure Regulator\" \/>\n<meta name=\"robots\" content=\"index, follow, max-snippet:-1, max-image-preview:large, max-video-preview:-1\" \/>\n<link rel=\"canonical\" href=\"https:\/\/sipin.com.vn\/index.php\/product\/fonray-nar-200-r-s\/\" \/>\n<meta property=\"og:locale\" content=\"vi_VN\" \/>\n<meta property=\"og:type\" content=\"article\" \/>\n<meta property=\"og:title\" content=\"FONRAY NAR-200-R-S - OMANI VI\u1ec6T NAM\" \/>\n<meta property=\"og:description\" content=\"FONRAY NAR-200-R-S Pressure Regulator\" \/>\n<meta property=\"og:url\" content=\"https:\/\/sipin.com.vn\/index.php\/product\/fonray-nar-200-r-s\/\" \/>\n<meta property=\"og:site_name\" content=\"OMANI VI\u1ec6T NAM\" \/>\n<meta property=\"article:modified_time\" content=\"2025-04-22T14:40:04+00:00\" \/>\n<meta property=\"og:image\" content=\"https:\/\/sipin.com.vn\/wp-content\/uploads\/2025\/04\/NAR-200-R-S.png\" \/>\n\t<meta property=\"og:image:width\" content=\"573\" \/>\n\t<meta property=\"og:image:height\" content=\"598\" \/>\n\t<meta property=\"og:image:type\" content=\"image\/png\" \/>\n<meta name=\"twitter:card\" content=\"summary_large_image\" \/>\n<meta name=\"twitter:label1\" content=\"\u01af\u1edbc t\u00ednh th\u1eddi gian \u0111\u1ecdc\" \/>\n\t<meta name=\"twitter:data1\" content=\"1 ph\u00fat\" \/>\n<script type=\"application\/ld+json\" class=\"yoast-schema-graph\">{\"@context\":\"https:\/\/schema.org\",\"@graph\":[{\"@type\":\"WebPage\",\"@id\":\"https:\/\/sipin.com.vn\/index.php\/product\/fonray-nar-200-r-s\/\",\"url\":\"https:\/\/sipin.com.vn\/index.php\/product\/fonray-nar-200-r-s\/\",\"name\":\"FONRAY NAR-200-R-S - OMANI VI\u1ec6T NAM\",\"isPartOf\":{\"@id\":\"https:\/\/sipin.com.vn\/#website\"},\"primaryImageOfPage\":{\"@id\":\"https:\/\/sipin.com.vn\/index.php\/product\/fonray-nar-200-r-s\/#primaryimage\"},\"image\":{\"@id\":\"https:\/\/sipin.com.vn\/index.php\/product\/fonray-nar-200-r-s\/#primaryimage\"},\"thumbnailUrl\":\"https:\/\/sipin.com.vn\/wp-content\/uploads\/2025\/04\/NAR-200-R-S.png\",\"datePublished\":\"2025-04-22T14:40:02+00:00\",\"dateModified\":\"2025-04-22T14:40:04+00:00\",\"description\":\"FONRAY NAR-200-R-S Pressure Regulator\",\"breadcrumb\":{\"@id\":\"https:\/\/sipin.com.vn\/index.php\/product\/fonray-nar-200-r-s\/#breadcrumb\"},\"inLanguage\":\"vi\",\"potentialAction\":[{\"@type\":\"ReadAction\",\"target\":[\"https:\/\/sipin.com.vn\/index.php\/product\/fonray-nar-200-r-s\/\"]}]},{\"@type\":\"ImageObject\",\"inLanguage\":\"vi\",\"@id\":\"https:\/\/sipin.com.vn\/index.php\/product\/fonray-nar-200-r-s\/#primaryimage\",\"url\":\"https:\/\/sipin.com.vn\/wp-content\/uploads\/2025\/04\/NAR-200-R-S.png\",\"contentUrl\":\"https:\/\/sipin.com.vn\/wp-content\/uploads\/2025\/04\/NAR-200-R-S.png\",\"width\":573,\"height\":598},{\"@type\":\"BreadcrumbList\",\"@id\":\"https:\/\/sipin.com.vn\/index.php\/product\/fonray-nar-200-r-s\/#breadcrumb\",\"itemListElement\":[{\"@type\":\"ListItem\",\"position\":1,\"name\":\"Home\",\"item\":\"https:\/\/sipin.com.vn\/\"},{\"@type\":\"ListItem\",\"position\":2,\"name\":\"S\u1ea2N PH\u1ea8M\",\"item\":\"https:\/\/sipin.com.vn\/index.php\/cua-hang\/\"},{\"@type\":\"ListItem\",\"position\":3,\"name\":\"FONRAY NAR-200-R-S\"}]},{\"@type\":\"WebSite\",\"@id\":\"https:\/\/sipin.com.vn\/#website\",\"url\":\"https:\/\/sipin.com.vn\/\",\"name\":\"OMANI VI\u1ec6T NAM\",\"description\":\"Nh\u00e0 ph\u00e2n ph\u1ed1i thi\u1ebft b\u1ecb kh\u00ed n\u00e9n v\u00e0 thi\u1ebft b\u1ecb t\u1ef1 \u0111\u1ed9ng h\u00f3a trong c\u00f4ng nghi\u1ec7p\",\"publisher\":{\"@id\":\"https:\/\/sipin.com.vn\/#\/schema\/person\/0ad398a980dc3fd696111c2c5c8fa897\"},\"potentialAction\":[{\"@type\":\"SearchAction\",\"target\":{\"@type\":\"EntryPoint\",\"urlTemplate\":\"https:\/\/sipin.com.vn\/?s={search_term_string}\"},\"query-input\":\"required name=search_term_string\"}],\"inLanguage\":\"vi\"},{\"@type\":[\"Person\",\"Organization\"],\"@id\":\"https:\/\/sipin.com.vn\/#\/schema\/person\/0ad398a980dc3fd696111c2c5c8fa897\",\"name\":\"Nguy\u1ec5n V\u0103n Kh\u00e1nh\",\"image\":{\"@type\":\"ImageObject\",\"inLanguage\":\"vi\",\"@id\":\"https:\/\/sipin.com.vn\/#\/schema\/person\/image\/\",\"url\":\"https:\/\/sipin.com.vn\/wp-content\/uploads\/2024\/06\/logo-1024x1024.png\",\"contentUrl\":\"https:\/\/sipin.com.vn\/wp-content\/uploads\/2024\/06\/logo-1024x1024.png\",\"width\":1024,\"height\":1024,\"caption\":\"Nguy\u1ec5n V\u0103n Kh\u00e1nh\"},\"logo\":{\"@id\":\"https:\/\/sipin.com.vn\/#\/schema\/person\/image\/\"},\"sameAs\":[\"https:\/\/sipin.com.vn\"]}]}<\/script>\n<!-- \/ Yoast SEO plugin. -->","yoast_head_json":{"title":"FONRAY NAR-200-R-S - OMANI VI\u1ec6T NAM","description":"FONRAY NAR-200-R-S Pressure Regulator","robots":{"index":"index","follow":"follow","max-snippet":"max-snippet:-1","max-image-preview":"max-image-preview:large","max-video-preview":"max-video-preview:-1"},"canonical":"https:\/\/sipin.com.vn\/index.php\/product\/fonray-nar-200-r-s\/","og_locale":"vi_VN","og_type":"article","og_title":"FONRAY NAR-200-R-S - OMANI VI\u1ec6T NAM","og_description":"FONRAY NAR-200-R-S Pressure Regulator","og_url":"https:\/\/sipin.com.vn\/index.php\/product\/fonray-nar-200-r-s\/","og_site_name":"OMANI VI\u1ec6T NAM","article_modified_time":"2025-04-22T14:40:04+00:00","og_image":[{"width":573,"height":598,"url":"https:\/\/sipin.com.vn\/wp-content\/uploads\/2025\/04\/NAR-200-R-S.png","type":"image\/png"}],"twitter_card":"summary_large_image","twitter_misc":{"\u01af\u1edbc t\u00ednh th\u1eddi gian \u0111\u1ecdc":"1 ph\u00fat"},"schema":{"@context":"https:\/\/schema.org","@graph":[{"@type":"WebPage","@id":"https:\/\/sipin.com.vn\/index.php\/product\/fonray-nar-200-r-s\/","url":"https:\/\/sipin.com.vn\/index.php\/product\/fonray-nar-200-r-s\/","name":"FONRAY NAR-200-R-S - OMANI VI\u1ec6T NAM","isPartOf":{"@id":"https:\/\/sipin.com.vn\/#website"},"primaryImageOfPage":{"@id":"https:\/\/sipin.com.vn\/index.php\/product\/fonray-nar-200-r-s\/#primaryimage"},"image":{"@id":"https:\/\/sipin.com.vn\/index.php\/product\/fonray-nar-200-r-s\/#primaryimage"},"thumbnailUrl":"https:\/\/sipin.com.vn\/wp-content\/uploads\/2025\/04\/NAR-200-R-S.png","datePublished":"2025-04-22T14:40:02+00:00","dateModified":"2025-04-22T14:40:04+00:00","description":"FONRAY NAR-200-R-S Pressure Regulator","breadcrumb":{"@id":"https:\/\/sipin.com.vn\/index.php\/product\/fonray-nar-200-r-s\/#breadcrumb"},"inLanguage":"vi","potentialAction":[{"@type":"ReadAction","target":["https:\/\/sipin.com.vn\/index.php\/product\/fonray-nar-200-r-s\/"]}]},{"@type":"ImageObject","inLanguage":"vi","@id":"https:\/\/sipin.com.vn\/index.php\/product\/fonray-nar-200-r-s\/#primaryimage","url":"https:\/\/sipin.com.vn\/wp-content\/uploads\/2025\/04\/NAR-200-R-S.png","contentUrl":"https:\/\/sipin.com.vn\/wp-content\/uploads\/2025\/04\/NAR-200-R-S.png","width":573,"height":598},{"@type":"BreadcrumbList","@id":"https:\/\/sipin.com.vn\/index.php\/product\/fonray-nar-200-r-s\/#breadcrumb","itemListElement":[{"@type":"ListItem","position":1,"name":"Home","item":"https:\/\/sipin.com.vn\/"},{"@type":"ListItem","position":2,"name":"S\u1ea2N PH\u1ea8M","item":"https:\/\/sipin.com.vn\/index.php\/cua-hang\/"},{"@type":"ListItem","position":3,"name":"FONRAY NAR-200-R-S"}]},{"@type":"WebSite","@id":"https:\/\/sipin.com.vn\/#website","url":"https:\/\/sipin.com.vn\/","name":"OMANI VI\u1ec6T NAM","description":"Nh\u00e0 ph\u00e2n ph\u1ed1i thi\u1ebft b\u1ecb kh\u00ed n\u00e9n v\u00e0 thi\u1ebft b\u1ecb t\u1ef1 \u0111\u1ed9ng h\u00f3a trong c\u00f4ng nghi\u1ec7p","publisher":{"@id":"https:\/\/sipin.com.vn\/#\/schema\/person\/0ad398a980dc3fd696111c2c5c8fa897"},"potentialAction":[{"@type":"SearchAction","target":{"@type":"EntryPoint","urlTemplate":"https:\/\/sipin.com.vn\/?s={search_term_string}"},"query-input":"required name=search_term_string"}],"inLanguage":"vi"},{"@type":["Person","Organization"],"@id":"https:\/\/sipin.com.vn\/#\/schema\/person\/0ad398a980dc3fd696111c2c5c8fa897","name":"Nguy\u1ec5n V\u0103n Kh\u00e1nh","image":{"@type":"ImageObject","inLanguage":"vi","@id":"https:\/\/sipin.com.vn\/#\/schema\/person\/image\/","url":"https:\/\/sipin.com.vn\/wp-content\/uploads\/2024\/06\/logo-1024x1024.png","contentUrl":"https:\/\/sipin.com.vn\/wp-content\/uploads\/2024\/06\/logo-1024x1024.png","width":1024,"height":1024,"caption":"Nguy\u1ec5n V\u0103n Kh\u00e1nh"},"logo":{"@id":"https:\/\/sipin.com.vn\/#\/schema\/person\/image\/"},"sameAs":["https:\/\/sipin.com.vn"]}]}},"_links":{"self":[{"href":"https:\/\/sipin.com.vn\/index.php\/wp-json\/wp\/v2\/product\/3645","targetHints":{"allow":["GET"]}}],"collection":[{"href":"https:\/\/sipin.com.vn\/index.php\/wp-json\/wp\/v2\/product"}],"about":[{"href":"https:\/\/sipin.com.vn\/index.php\/wp-json\/wp\/v2\/types\/product"}],"replies":[{"embeddable":true,"href":"https:\/\/sipin.com.vn\/index.php\/wp-json\/wp\/v2\/comments?post=3645"}],"wp:featuredmedia":[{"embeddable":true,"href":"https:\/\/sipin.com.vn\/index.php\/wp-json\/wp\/v2\/media\/3646"}],"wp:attachment":[{"href":"https:\/\/sipin.com.vn\/index.php\/wp-json\/wp\/v2\/media?parent=3645"}],"wp:term":[{"taxonomy":"product_cat","embeddable":true,"href":"https:\/\/sipin.com.vn\/index.php\/wp-json\/wp\/v2\/product_cat?post=3645"},{"taxonomy":"product_tag","embeddable":true,"href":"https:\/\/sipin.com.vn\/index.php\/wp-json\/wp\/v2\/product_tag?post=3645"}],"curies":[{"name":"wp","href":"https:\/\/api.w.org\/{rel}","templated":true}]}}