{"id":3633,"date":"2025-04-21T20:45:31","date_gmt":"2025-04-21T13:45:31","guid":{"rendered":"https:\/\/omanivietnam.com\/?post_type=product&#038;p=3633"},"modified":"2025-04-21T20:45:31","modified_gmt":"2025-04-21T13:45:31","slug":"aventics-r160520431","status":"publish","type":"product","link":"https:\/\/sipin.com.vn\/index.php\/product\/aventics-r160520431\/","title":{"rendered":"AVENTICS R160520431"},"content":{"rendered":"<p>AVENTICS R160520431, rail 260mm<\/p>\n<p>AVENTICS R162221420, BLOCK<\/p>\n<div class=\"product-title\">\n<p>BALL GUIDE RAIL CARBON STEEL KSA-025-SNS-N-MA-AK<\/p>\n<\/div>\n<div class=\"product-id\">R160520431<\/div>\n<div class=\"product-description\">Ball guide rail, SNS, size 25, steel CS, accuracy standard<\/div>\n<div>The ball guide rail is highly precise and characterized by the following product features:<br \/>\nSize 25<br \/>\nFormat SNS: Width = slimline, length = normal, height = standard<br \/>\nGuide rail made of carbon steel CS<br \/>\nFastener MA: Bolting from above<br \/>\nCover AK: Plastic caps<br \/>\nAccuracy class standard<br \/>\nNumber of partial sections: one-piece<br \/>\nRail in standard version<\/p>\n<ul>\n<li>Maximum rigidity in all load directions<\/li>\n<li>High torque load capacity<\/li>\n<li>For mounting from above with plastic mounting hole plugs<\/li>\n<li>No extra space needed at rail ends<\/li>\n<\/ul>\n<table class=\"table table-hover sun-product-table\">\n<thead class=\"thead\">\n<tr>\n<th><strong class=\"midSize\">Product attributes<\/strong><\/th>\n<th><\/th>\n<\/tr>\n<\/thead>\n<tbody class=\"tbody midSize\">\n<tr>\n<td>Version<\/td>\n<td class=\"highlight\">Ball rail system<\/td>\n<\/tr>\n<tr>\n<td>Nominal size [mm]<\/td>\n<td class=\"highlight\">25<\/td>\n<\/tr>\n<tr>\n<td>Format<\/td>\n<td class=\"highlight\">SNS &#8211; Standard guide rail<\/td>\n<\/tr>\n<tr>\n<td>Material<\/td>\n<td class=\"highlight\">Carbon steel<\/td>\n<\/tr>\n<tr>\n<td>Accuracy class<\/td>\n<td class=\"highlight\">N &#8211; Normal<\/td>\n<\/tr>\n<tr>\n<td>Guide rail mounting<\/td>\n<td class=\"highlight\">For bolting from above<\/td>\n<\/tr>\n<tr>\n<td>Guide rail cover<\/td>\n<td class=\"highlight\">Plastic caps<\/td>\n<\/tr>\n<tr>\n<td>Max. length Lmax [mm]<\/td>\n<td class=\"highlight\">5816<\/td>\n<\/tr>\n<tr>\n<td>Note: Lmax<\/td>\n<td class=\"highlight\">Available on request<\/td>\n<\/tr>\n<tr>\n<td>Minimum length Lmin [mm]<\/td>\n<td class=\"highlight\">80<\/td>\n<\/tr>\n<tr>\n<td>Number of holes nB (profiled rail systems)<\/td>\n<td class=\"highlight\">64<\/td>\n<\/tr>\n<tr>\n<td>Number of sections<\/td>\n<td class=\"highlight\">1-piece<\/td>\n<\/tr>\n<tr>\n<td>Mass m (kg\/m) [kg\/m]<\/td>\n<td class=\"highlight\">3.2<\/td>\n<\/tr>\n<tr>\n<td>Permissible ambient temperature (min. &#8230; max.)<\/td>\n<td class=\"highlight\">-10 \u00b0C &#8230; +80 \u00b0C<\/td>\n<\/tr>\n<tr>\n<td>Note: permissible ambient temperature (min. &#8230; max.)<\/td>\n<td class=\"highlight\">100 \u00b0C admissible for short time. For operation at negative temperatures, please consult us.<\/td>\n<\/tr>\n<tr>\n<td>Weight [kg]<\/td>\n<td class=\"highlight\">13.2<\/td>\n<\/tr>\n<tr>\n<td>Recommended rail length (formula)<\/td>\n<td class=\"highlight\">L = nB \u2022 T \u2012 4 mm<\/td>\n<\/tr>\n<tr>\n<td>Product information<\/td>\n<td class=\"highlight\">Please configure the product to add it to the shopping cart.<\/td>\n<\/tr>\n<tr>\n<td>Pitch T guide rail [mm]<\/td>\n<td class=\"highlight\">60<\/td>\n<\/tr>\n<tr>\n<td>Dimension A2 (profiled rail systems) [mm]<\/td>\n<td class=\"highlight\">23<\/td>\n<\/tr>\n<tr>\n<td>Dimension D [mm]<\/td>\n<td class=\"highlight\">11<\/td>\n<\/tr>\n<tr>\n<td>Dimension H2 without cover strip (profiled rail systems) [mm]<\/td>\n<td class=\"highlight\">24.25<\/td>\n<\/tr>\n<tr>\n<td>Dimension N6 (profiled rail systems) [mm]<\/td>\n<td class=\"highlight\">15.2<\/td>\n<\/tr>\n<tr>\n<td>Dimension N6 tolerance (profiled rail systems) [mm]<\/td>\n<td class=\"highlight\">\u00b10.5<\/td>\n<\/tr>\n<tr>\n<td>Dimension S5 (profiled rail system) [mm]<\/td>\n<td class=\"highlight\">7<\/td>\n<\/tr>\n<tr>\n<td>Dimension T [mm]<\/td>\n<td class=\"highlight\">60<\/td>\n<\/tr>\n<tr>\n<td>Dimension T1 max (profiled rail systems) [mm]<\/td>\n<td class=\"highlight\">50<\/td>\n<\/tr>\n<tr>\n<td>Dimension T1 min [mm]<\/td>\n<td class=\"highlight\">10<\/td>\n<\/tr>\n<tr>\n<td>Dimension T1 s (profiled rail systems) [mm]<\/td>\n<td class=\"highlight\">28<\/td>\n<\/tr>\n<tr>\n<td>Footnote of dimension T1 s (profiled rail systems)<\/td>\n<td class=\"highlight\">Preferred dimension T1S with tolerances \u00b1 0.75 recommended.<\/td>\n<\/tr>\n<tr>\n<td>Height of guide rail H2 [mm]<\/td>\n<td class=\"highlight\">24.25<\/td>\n<\/tr>\n<\/tbody>\n<\/table>\n<p><strong data-spm-anchor-id=\"a2700.details.0.i47.7b7528c6YdTOrK\">C\u00e1c d\u00f2ng s\u1ea3n ph\u1ea9m:<\/strong><\/p>\n<p align=\"left\">R166681420 R162111220 R162112220 R162111320 R162119320<\/p>\n<p align=\"left\">R162113220 R162112320 R162111420 R162119420 R162112420<\/p>\n<p align=\"left\">R162121220 R162122220 R162123220 R162121320 R162129320<\/p>\n<p align=\"left\">R162122320 R162121420 R162129420 R162122420 R162171220<br \/>\nR162173220 R162171320 R162179320 R162172320 R162171420<br \/>\nR162179420 R162172420 R162131220 R162132220 R162133220<br \/>\nR162131320 R162139320 R162132320 R162131420 R162139420<br \/>\nR162132420 R162141220 R162142220 R162143220 R162141320<br \/>\nR162149320 R162142320 R162141420 R162149420 R162142420<br \/>\nR162211220 R162212220 R162213220 R162211320 R162219320<br \/>\nR162212320 R162211420 R162219420 R162212420 R162281220<br \/>\nR162282220 R162283220 R162281320 R162289320 R162282320<br \/>\nR162281420 R162289420 R162282420 R162221220 R162222220<br \/>\nR162223220 R162221320 R162229320 R162222320 R162221420<br \/>\nR162229420 R162222420 R162271220 R162272220 R162273220<br \/>\nR162271320 R162279320 R162272320 R162271420 R162279420<br \/>\nR162272420 R162231220 R162232220 R162233220 R162231320<br \/>\nR162239320 R162232320 R162231420 R162239420 R162232420<br \/>\nR162241220 R162242220 R162243220 R162241320 R162249320<br \/>\nR162242320 R162241420 R162249420 R162242420 R162311420<br \/>\nR162319420 R162381220 R162382220 R162383220 R162381320<br \/>\nR162389320 R162382320 R162381420 R162389420 R162382420<br \/>\nR162321220 R162322220 R162323220 R162321320 R162329320<br \/>\nR162322320 R162321420 R162329420 R162322420 R162371220<br \/>\nR162372220 R162373220 R162371320 R162379320 R162372320<br \/>\nR162371420 R162379420 R162372420 R162331220 R162332220<br \/>\nR162333220 R162331320 R162339320 R162332320 R162331420<br \/>\nR162339420 R162332420 R162341220 R162342220 R162343220<br \/>\nR162341320 R162349320 R162342320 R162341420 R162349420<br \/>\nR162342420 R162421220 R162422220 R162423220 R162421320<br \/>\nR162429320 R162422320 R162421420 R162429420 R162422420<br \/>\nR162471220 R162472220 R162473220 R162471320 R162479320<br \/>\nR162472320 R162471420 R162479420 R162472420 R162431220<br \/>\nR162432220 R162433220 R162431320 R162439320 R162432320<br \/>\nR162431420 R162439420 R162432420 R162441220 R162442220<br \/>\nR162443220 R162441320 R162449320 R162442320 R162441420<br \/>\nR162449420 R162442420 R163111320 R163119320 R163111420<br \/>\nR163119420 R163121320 R163129320 R163121420 R163129420<br \/>\nR163171320 R163179320 R163171420 R163179420 R163131320<br \/>\nR163139320 R163131420 R163139420 R163211320 R163219320<br \/>\nR163211420 R163219420 R163221320 R163229320 R163221420<br \/>\nR163229420 R163271320 R163279320 R163271420 R163279420<br \/>\nR163231320 R163239320 R163231420 R163239420 R165111920<br \/>\nR165112920 R165113920 R165111120 R165112120 R165113120<br \/>\nR165111220 R165112220 R165113220 R165111320 R165119320<br \/>\nR165112320 R165111420 R165119420 R165112420 R165181920<br \/>\nR165182920 R165183920 R165181920 R165182920 R165183920<br \/>\nR165181220 R165182220 R165183220 R165181320 R165189320<br \/>\nR165182320 R165181420 R165189420 R165182420 R165121920<br \/>\nR165122920 R165123920 R165121120 R165122120 R165123120<br \/>\nR165121220 R165122220 R165123220 R165121320 R165129320<br \/>\nR165122320 R165121420 R165129420 R165122420 R165171920<br \/>\nR165172920 R165173920 R165171120 R165172120 R165173120<br \/>\nR165171220 R165172220 R165173220 R165171320 R165179320<br \/>\nR165172320 R165171420 R165179420 R165172420 R165131920<br \/>\nR165132920 R165133920 R165131120 R165132120 R165133120<br \/>\nR165131220 R165132220 R165133220 R165131320 R165139320<br \/>\nR165132320 R165131420 R165139420 R165132420 R165141920<br \/>\nR165142920 R165143920 R165141120 R165142120 R165143120<br \/>\nR165141220 R165142220 R165143220 R165141320 R165149320<br \/>\nR165142320 R165141420 R165149420 R165142420 R165311420<br \/>\nR165319420 R165381920 R165382920 R165383920 R165381920<br \/>\nR165382920 R165383920 R165381220 R165382220 R165383220<br \/>\nR165381320 R165389320 R165382320 R165381420 R165389420<br \/>\nR165382420 R165321920 R165322920 R165323920 R165321120<br \/>\nR165322120 R165323120 R165321220 R165322220 R165323220<br \/>\nR165321320 R165329320 R165322320 R165321420 R165329420<br \/>\nR165322420 R165371920 R165372920 R165373920 R165371120<br \/>\nR165372120 R165373120 R165371220 R165372220 R165373220<br \/>\nR165371320 R165379320 R165372320 R165371420 R165379420<br \/>\nR165372420 R165331920 R165332920 R165333920 R165331120<br \/>\nR165332120 R165333120 R165331220 R165332220 R165333220<br \/>\nR165331320 R165339320 R165332320 R165331420 R165339420<br \/>\nR165332420 R165341920 R165342920 R165343920 R165341120<br \/>\nR165342120 R165343120 R165341220 R165342220 R165343220<br \/>\nR165341320 R165349320 R165342320 R165341420 R165349420<\/p>\n<p>\u0110\u1ea1i l\u00fd AVENTICS vietnam, AVENTICS viet nam, AVENTICS vietnam distributor, Ph\u00e2n ph\u1ed1i AVENTICS t\u1ea1i vi\u1ec7t nam<\/p>\n<p>\u0110\u1ea1i l\u00fd AVENTICS vietnam, AVENTICS viet nam, AVENTICS vietnam distributor, Ph\u00e2n ph\u1ed1i AVENTICS t\u1ea1i vi\u1ec7t nam<\/p>\n<p>\u0110\u1ea1i l\u00fd AVENTICS vietnam, AVENTICS viet nam, AVENTICS vietnam distributor, Ph\u00e2n ph\u1ed1i AVENTICS t\u1ea1i vi\u1ec7t nam<\/p>\n<p>\u0110\u1ea1i l\u00fd AVENTICS vietnam, AVENTICS viet nam, AVENTICS vietnam distributor, Ph\u00e2n ph\u1ed1i AVENTICS t\u1ea1i vi\u1ec7t nam<\/p>\n<p>\u0110\u1ea1i l\u00fd AVENTICS vietnam, AVENTICS viet nam, AVENTICS vietnam distributor, Ph\u00e2n ph\u1ed1i AVENTICS t\u1ea1i vi\u1ec7t nam<\/p>\n<\/div>\n","protected":false},"excerpt":{"rendered":"<p>AVENTICS R160520431, rail 260mm AVENTICS R162221420, BLOCK BALL GUIDE RAIL CARBON STEEL KSA-025-SNS-N-MA-AK R160520431 Ball guide rail, SNS, size 25, steel CS, accuracy standard The ball guide rail is highly precise and characterized by the following product features: Size 25 Format SNS: Width = slimline, length = normal, height =&hellip; <\/p>\n","protected":false},"featured_media":3634,"comment_status":"open","ping_status":"closed","template":"","meta":{"om_disable_all_campaigns":false,"_monsterinsights_skip_tracking":false,"_monsterinsights_sitenote_active":false,"_monsterinsights_sitenote_note":"","_monsterinsights_sitenote_category":0},"product_cat":[15],"product_tag":[264,265,467],"class_list":{"0":"post-3633","1":"product","2":"type-product","3":"status-publish","4":"has-post-thumbnail","6":"product_cat-apex","7":"product_tag-aventics-viet-nam","8":"product_tag-dai-ly-aventics-viet-nam","9":"product_tag-thanh-dan-huong","11":"first","12":"instock","13":"shipping-taxable","14":"product-type-simple"},"aioseo_notices":[],"yoast_head":"<!-- This site is optimized with the Yoast SEO plugin v22.8 - https:\/\/yoast.com\/wordpress\/plugins\/seo\/ -->\n<title>AVENTICS R160520431 - OMANI VI\u1ec6T NAM<\/title>\n<meta name=\"description\" content=\"AVENTICS R160520431 Guide rail\" \/>\n<meta name=\"robots\" content=\"index, follow, max-snippet:-1, max-image-preview:large, max-video-preview:-1\" \/>\n<link rel=\"canonical\" href=\"https:\/\/sipin.com.vn\/index.php\/product\/aventics-r160520431\/\" \/>\n<meta property=\"og:locale\" content=\"vi_VN\" \/>\n<meta property=\"og:type\" content=\"article\" \/>\n<meta property=\"og:title\" content=\"AVENTICS R160520431 - OMANI VI\u1ec6T NAM\" \/>\n<meta property=\"og:description\" content=\"AVENTICS R160520431 Guide rail\" \/>\n<meta property=\"og:url\" content=\"https:\/\/sipin.com.vn\/index.php\/product\/aventics-r160520431\/\" \/>\n<meta property=\"og:site_name\" content=\"OMANI VI\u1ec6T NAM\" \/>\n<meta property=\"og:image\" content=\"https:\/\/sipin.com.vn\/wp-content\/uploads\/2025\/04\/R160520431.png\" \/>\n\t<meta property=\"og:image:width\" content=\"1348\" \/>\n\t<meta property=\"og:image:height\" content=\"793\" \/>\n\t<meta property=\"og:image:type\" content=\"image\/png\" \/>\n<meta name=\"twitter:card\" content=\"summary_large_image\" \/>\n<meta name=\"twitter:label1\" content=\"\u01af\u1edbc t\u00ednh th\u1eddi gian \u0111\u1ecdc\" \/>\n\t<meta name=\"twitter:data1\" content=\"5 ph\u00fat\" \/>\n<script type=\"application\/ld+json\" class=\"yoast-schema-graph\">{\"@context\":\"https:\/\/schema.org\",\"@graph\":[{\"@type\":\"WebPage\",\"@id\":\"https:\/\/sipin.com.vn\/index.php\/product\/aventics-r160520431\/\",\"url\":\"https:\/\/sipin.com.vn\/index.php\/product\/aventics-r160520431\/\",\"name\":\"AVENTICS R160520431 - OMANI VI\u1ec6T NAM\",\"isPartOf\":{\"@id\":\"https:\/\/sipin.com.vn\/#website\"},\"primaryImageOfPage\":{\"@id\":\"https:\/\/sipin.com.vn\/index.php\/product\/aventics-r160520431\/#primaryimage\"},\"image\":{\"@id\":\"https:\/\/sipin.com.vn\/index.php\/product\/aventics-r160520431\/#primaryimage\"},\"thumbnailUrl\":\"https:\/\/sipin.com.vn\/wp-content\/uploads\/2025\/04\/R160520431.png\",\"datePublished\":\"2025-04-21T13:45:31+00:00\",\"dateModified\":\"2025-04-21T13:45:31+00:00\",\"description\":\"AVENTICS R160520431 Guide rail\",\"breadcrumb\":{\"@id\":\"https:\/\/sipin.com.vn\/index.php\/product\/aventics-r160520431\/#breadcrumb\"},\"inLanguage\":\"vi\",\"potentialAction\":[{\"@type\":\"ReadAction\",\"target\":[\"https:\/\/sipin.com.vn\/index.php\/product\/aventics-r160520431\/\"]}]},{\"@type\":\"ImageObject\",\"inLanguage\":\"vi\",\"@id\":\"https:\/\/sipin.com.vn\/index.php\/product\/aventics-r160520431\/#primaryimage\",\"url\":\"https:\/\/sipin.com.vn\/wp-content\/uploads\/2025\/04\/R160520431.png\",\"contentUrl\":\"https:\/\/sipin.com.vn\/wp-content\/uploads\/2025\/04\/R160520431.png\",\"width\":1348,\"height\":793},{\"@type\":\"BreadcrumbList\",\"@id\":\"https:\/\/sipin.com.vn\/index.php\/product\/aventics-r160520431\/#breadcrumb\",\"itemListElement\":[{\"@type\":\"ListItem\",\"position\":1,\"name\":\"Home\",\"item\":\"https:\/\/sipin.com.vn\/\"},{\"@type\":\"ListItem\",\"position\":2,\"name\":\"S\u1ea2N PH\u1ea8M\",\"item\":\"https:\/\/sipin.com.vn\/index.php\/cua-hang\/\"},{\"@type\":\"ListItem\",\"position\":3,\"name\":\"AVENTICS R160520431\"}]},{\"@type\":\"WebSite\",\"@id\":\"https:\/\/sipin.com.vn\/#website\",\"url\":\"https:\/\/sipin.com.vn\/\",\"name\":\"OMANI VI\u1ec6T NAM\",\"description\":\"Nh\u00e0 ph\u00e2n ph\u1ed1i thi\u1ebft b\u1ecb kh\u00ed n\u00e9n v\u00e0 thi\u1ebft b\u1ecb t\u1ef1 \u0111\u1ed9ng h\u00f3a trong c\u00f4ng nghi\u1ec7p\",\"publisher\":{\"@id\":\"https:\/\/sipin.com.vn\/#\/schema\/person\/0ad398a980dc3fd696111c2c5c8fa897\"},\"potentialAction\":[{\"@type\":\"SearchAction\",\"target\":{\"@type\":\"EntryPoint\",\"urlTemplate\":\"https:\/\/sipin.com.vn\/?s={search_term_string}\"},\"query-input\":\"required name=search_term_string\"}],\"inLanguage\":\"vi\"},{\"@type\":[\"Person\",\"Organization\"],\"@id\":\"https:\/\/sipin.com.vn\/#\/schema\/person\/0ad398a980dc3fd696111c2c5c8fa897\",\"name\":\"Nguy\u1ec5n V\u0103n Kh\u00e1nh\",\"image\":{\"@type\":\"ImageObject\",\"inLanguage\":\"vi\",\"@id\":\"https:\/\/sipin.com.vn\/#\/schema\/person\/image\/\",\"url\":\"https:\/\/sipin.com.vn\/wp-content\/uploads\/2024\/06\/logo-1024x1024.png\",\"contentUrl\":\"https:\/\/sipin.com.vn\/wp-content\/uploads\/2024\/06\/logo-1024x1024.png\",\"width\":1024,\"height\":1024,\"caption\":\"Nguy\u1ec5n V\u0103n Kh\u00e1nh\"},\"logo\":{\"@id\":\"https:\/\/sipin.com.vn\/#\/schema\/person\/image\/\"},\"sameAs\":[\"https:\/\/sipin.com.vn\"]}]}<\/script>\n<!-- \/ Yoast SEO plugin. -->","yoast_head_json":{"title":"AVENTICS R160520431 - OMANI VI\u1ec6T NAM","description":"AVENTICS R160520431 Guide rail","robots":{"index":"index","follow":"follow","max-snippet":"max-snippet:-1","max-image-preview":"max-image-preview:large","max-video-preview":"max-video-preview:-1"},"canonical":"https:\/\/sipin.com.vn\/index.php\/product\/aventics-r160520431\/","og_locale":"vi_VN","og_type":"article","og_title":"AVENTICS R160520431 - OMANI VI\u1ec6T NAM","og_description":"AVENTICS R160520431 Guide rail","og_url":"https:\/\/sipin.com.vn\/index.php\/product\/aventics-r160520431\/","og_site_name":"OMANI VI\u1ec6T NAM","og_image":[{"width":1348,"height":793,"url":"https:\/\/sipin.com.vn\/wp-content\/uploads\/2025\/04\/R160520431.png","type":"image\/png"}],"twitter_card":"summary_large_image","twitter_misc":{"\u01af\u1edbc t\u00ednh th\u1eddi gian \u0111\u1ecdc":"5 ph\u00fat"},"schema":{"@context":"https:\/\/schema.org","@graph":[{"@type":"WebPage","@id":"https:\/\/sipin.com.vn\/index.php\/product\/aventics-r160520431\/","url":"https:\/\/sipin.com.vn\/index.php\/product\/aventics-r160520431\/","name":"AVENTICS R160520431 - OMANI VI\u1ec6T NAM","isPartOf":{"@id":"https:\/\/sipin.com.vn\/#website"},"primaryImageOfPage":{"@id":"https:\/\/sipin.com.vn\/index.php\/product\/aventics-r160520431\/#primaryimage"},"image":{"@id":"https:\/\/sipin.com.vn\/index.php\/product\/aventics-r160520431\/#primaryimage"},"thumbnailUrl":"https:\/\/sipin.com.vn\/wp-content\/uploads\/2025\/04\/R160520431.png","datePublished":"2025-04-21T13:45:31+00:00","dateModified":"2025-04-21T13:45:31+00:00","description":"AVENTICS R160520431 Guide rail","breadcrumb":{"@id":"https:\/\/sipin.com.vn\/index.php\/product\/aventics-r160520431\/#breadcrumb"},"inLanguage":"vi","potentialAction":[{"@type":"ReadAction","target":["https:\/\/sipin.com.vn\/index.php\/product\/aventics-r160520431\/"]}]},{"@type":"ImageObject","inLanguage":"vi","@id":"https:\/\/sipin.com.vn\/index.php\/product\/aventics-r160520431\/#primaryimage","url":"https:\/\/sipin.com.vn\/wp-content\/uploads\/2025\/04\/R160520431.png","contentUrl":"https:\/\/sipin.com.vn\/wp-content\/uploads\/2025\/04\/R160520431.png","width":1348,"height":793},{"@type":"BreadcrumbList","@id":"https:\/\/sipin.com.vn\/index.php\/product\/aventics-r160520431\/#breadcrumb","itemListElement":[{"@type":"ListItem","position":1,"name":"Home","item":"https:\/\/sipin.com.vn\/"},{"@type":"ListItem","position":2,"name":"S\u1ea2N PH\u1ea8M","item":"https:\/\/sipin.com.vn\/index.php\/cua-hang\/"},{"@type":"ListItem","position":3,"name":"AVENTICS R160520431"}]},{"@type":"WebSite","@id":"https:\/\/sipin.com.vn\/#website","url":"https:\/\/sipin.com.vn\/","name":"OMANI VI\u1ec6T NAM","description":"Nh\u00e0 ph\u00e2n ph\u1ed1i thi\u1ebft b\u1ecb kh\u00ed n\u00e9n v\u00e0 thi\u1ebft b\u1ecb t\u1ef1 \u0111\u1ed9ng h\u00f3a trong c\u00f4ng nghi\u1ec7p","publisher":{"@id":"https:\/\/sipin.com.vn\/#\/schema\/person\/0ad398a980dc3fd696111c2c5c8fa897"},"potentialAction":[{"@type":"SearchAction","target":{"@type":"EntryPoint","urlTemplate":"https:\/\/sipin.com.vn\/?s={search_term_string}"},"query-input":"required name=search_term_string"}],"inLanguage":"vi"},{"@type":["Person","Organization"],"@id":"https:\/\/sipin.com.vn\/#\/schema\/person\/0ad398a980dc3fd696111c2c5c8fa897","name":"Nguy\u1ec5n V\u0103n Kh\u00e1nh","image":{"@type":"ImageObject","inLanguage":"vi","@id":"https:\/\/sipin.com.vn\/#\/schema\/person\/image\/","url":"https:\/\/sipin.com.vn\/wp-content\/uploads\/2024\/06\/logo-1024x1024.png","contentUrl":"https:\/\/sipin.com.vn\/wp-content\/uploads\/2024\/06\/logo-1024x1024.png","width":1024,"height":1024,"caption":"Nguy\u1ec5n V\u0103n Kh\u00e1nh"},"logo":{"@id":"https:\/\/sipin.com.vn\/#\/schema\/person\/image\/"},"sameAs":["https:\/\/sipin.com.vn"]}]}},"_links":{"self":[{"href":"https:\/\/sipin.com.vn\/index.php\/wp-json\/wp\/v2\/product\/3633","targetHints":{"allow":["GET"]}}],"collection":[{"href":"https:\/\/sipin.com.vn\/index.php\/wp-json\/wp\/v2\/product"}],"about":[{"href":"https:\/\/sipin.com.vn\/index.php\/wp-json\/wp\/v2\/types\/product"}],"replies":[{"embeddable":true,"href":"https:\/\/sipin.com.vn\/index.php\/wp-json\/wp\/v2\/comments?post=3633"}],"wp:featuredmedia":[{"embeddable":true,"href":"https:\/\/sipin.com.vn\/index.php\/wp-json\/wp\/v2\/media\/3634"}],"wp:attachment":[{"href":"https:\/\/sipin.com.vn\/index.php\/wp-json\/wp\/v2\/media?parent=3633"}],"wp:term":[{"taxonomy":"product_cat","embeddable":true,"href":"https:\/\/sipin.com.vn\/index.php\/wp-json\/wp\/v2\/product_cat?post=3633"},{"taxonomy":"product_tag","embeddable":true,"href":"https:\/\/sipin.com.vn\/index.php\/wp-json\/wp\/v2\/product_tag?post=3633"}],"curies":[{"name":"wp","href":"https:\/\/api.w.org\/{rel}","templated":true}]}}