{"id":3620,"date":"2025-04-20T10:02:32","date_gmt":"2025-04-20T03:02:32","guid":{"rendered":"https:\/\/omanivietnam.com\/?post_type=product&#038;p=3620"},"modified":"2025-04-20T10:03:57","modified_gmt":"2025-04-20T03:03:57","slug":"camozzi-mc238-d00","status":"publish","type":"product","link":"https:\/\/sipin.com.vn\/index.php\/product\/camozzi-mc238-d00\/","title":{"rendered":"CAMOZZI MC238-D00"},"content":{"rendered":"<p class=\"worldwideName first-text bold black hidden-sm no-margin\">CAMOZZI MC238-D00<\/p>\n<p>CAMOZZI MC238-D134<\/p>\n<p class=\"product_title entry-title font-weight-light mb-3\">CAMOZZI MC238-AV<\/p>\n<p class=\"camozziName second-text regular black hidden-sm no-margin\">Filter-regulators<\/p>\n<div class=\"subtitle hidden-sm\">Series MC<\/div>\n<div class=\"sku-features\">\n<table class=\"table\">\n<tbody>\n<tr>\n<td class=\"attrib feature-name\">Filter element<\/td>\n<td>\u00a0 25\u03bcm (standard)<\/td>\n<\/tr>\n<tr>\n<td class=\"attrib feature-name\">Type of regulator<\/td>\n<td>\u00a0 Without by-pass valve (standard)<\/td>\n<\/tr>\n<tr>\n<td class=\"attrib feature-name\">Operating pressure<\/td>\n<td>\u00a0 0.5 \u00f7 10<\/td>\n<\/tr>\n<tr>\n<td class=\"attrib feature-name\">Name of Series<\/td>\n<td>\u00a0 MC<\/td>\n<\/tr>\n<tr>\n<td class=\"attrib feature-name\">Size<\/td>\n<td>\u00a0 G3\/8 &#8211; G1\/2<\/td>\n<\/tr>\n<tr>\n<td class=\"attrib feature-name\">Pressure gauge<\/td>\n<td>\u00a0 Without pressure gauge (standard)<\/td>\n<\/tr>\n<tr>\n<td class=\"attrib feature-name\">Condensate drain<\/td>\n<td>\u00a0 Manual semiautomatic, self-relieving<\/td>\n<\/tr>\n<tr>\n<td class=\"attrib feature-name\">Function<\/td>\n<td>\u00a0 FILTER-REGULATOR<\/td>\n<\/tr>\n<tr>\n<td class=\"attrib feature-name\">Ports<\/td>\n<td>\u00a0 G3\/8<\/td>\n<\/tr>\n<\/tbody>\n<\/table>\n<\/div>\n","protected":false},"excerpt":{"rendered":"<p>CAMOZZI MC238-D00 CAMOZZI MC238-D134 CAMOZZI MC238-AV Filter-regulators Series MC Filter element \u00a0 25\u03bcm (standard) Type of regulator \u00a0 Without by-pass valve (standard) Operating pressure \u00a0 0.5 \u00f7 10 Name of Series \u00a0 MC Size \u00a0 G3\/8 &#8211; G1\/2 Pressure gauge \u00a0 Without pressure gauge (standard) Condensate drain \u00a0 Manual semiautomatic,&hellip; <\/p>\n","protected":false},"featured_media":3621,"comment_status":"open","ping_status":"closed","template":"","meta":{"om_disable_all_campaigns":false,"_monsterinsights_skip_tracking":false,"_monsterinsights_sitenote_active":false,"_monsterinsights_sitenote_note":"","_monsterinsights_sitenote_category":0},"product_cat":[15],"product_tag":[96,97,350],"class_list":{"0":"post-3620","1":"product","2":"type-product","3":"status-publish","4":"has-post-thumbnail","6":"product_cat-apex","7":"product_tag-camozzi-viet-nam","8":"product_tag-dai-ly-camozzi-viet-nam","9":"product_tag-thiet-bi-loc-khi","11":"first","12":"instock","13":"shipping-taxable","14":"product-type-simple"},"aioseo_notices":[],"yoast_head":"<!-- This site is optimized with the Yoast SEO plugin v22.8 - https:\/\/yoast.com\/wordpress\/plugins\/seo\/ -->\n<title>CAMOZZI MC238-D00 - OMANI VI\u1ec6T NAM<\/title>\n<meta name=\"description\" content=\"CAMOZZI MC238-D00 Filter-regulators\" \/>\n<meta name=\"robots\" content=\"index, follow, max-snippet:-1, max-image-preview:large, max-video-preview:-1\" \/>\n<link rel=\"canonical\" href=\"https:\/\/sipin.com.vn\/index.php\/product\/camozzi-mc238-d00\/\" \/>\n<meta property=\"og:locale\" content=\"vi_VN\" \/>\n<meta property=\"og:type\" content=\"article\" \/>\n<meta property=\"og:title\" content=\"CAMOZZI MC238-D00 - OMANI VI\u1ec6T NAM\" \/>\n<meta property=\"og:description\" content=\"CAMOZZI MC238-D00 Filter-regulators\" \/>\n<meta property=\"og:url\" content=\"https:\/\/sipin.com.vn\/index.php\/product\/camozzi-mc238-d00\/\" \/>\n<meta property=\"og:site_name\" content=\"OMANI VI\u1ec6T NAM\" \/>\n<meta property=\"article:modified_time\" content=\"2025-04-20T03:03:57+00:00\" \/>\n<meta property=\"og:image\" content=\"https:\/\/sipin.com.vn\/wp-content\/uploads\/2025\/04\/MC238-D00.png\" \/>\n\t<meta property=\"og:image:width\" content=\"640\" \/>\n\t<meta property=\"og:image:height\" content=\"928\" \/>\n\t<meta property=\"og:image:type\" content=\"image\/png\" \/>\n<meta name=\"twitter:card\" content=\"summary_large_image\" \/>\n<meta name=\"twitter:label1\" content=\"\u01af\u1edbc t\u00ednh th\u1eddi gian \u0111\u1ecdc\" \/>\n\t<meta name=\"twitter:data1\" content=\"1 ph\u00fat\" \/>\n<script type=\"application\/ld+json\" class=\"yoast-schema-graph\">{\"@context\":\"https:\/\/schema.org\",\"@graph\":[{\"@type\":\"WebPage\",\"@id\":\"https:\/\/sipin.com.vn\/index.php\/product\/camozzi-mc238-d00\/\",\"url\":\"https:\/\/sipin.com.vn\/index.php\/product\/camozzi-mc238-d00\/\",\"name\":\"CAMOZZI MC238-D00 - OMANI VI\u1ec6T NAM\",\"isPartOf\":{\"@id\":\"https:\/\/sipin.com.vn\/#website\"},\"primaryImageOfPage\":{\"@id\":\"https:\/\/sipin.com.vn\/index.php\/product\/camozzi-mc238-d00\/#primaryimage\"},\"image\":{\"@id\":\"https:\/\/sipin.com.vn\/index.php\/product\/camozzi-mc238-d00\/#primaryimage\"},\"thumbnailUrl\":\"https:\/\/sipin.com.vn\/wp-content\/uploads\/2025\/04\/MC238-D00.png\",\"datePublished\":\"2025-04-20T03:02:32+00:00\",\"dateModified\":\"2025-04-20T03:03:57+00:00\",\"description\":\"CAMOZZI MC238-D00 Filter-regulators\",\"breadcrumb\":{\"@id\":\"https:\/\/sipin.com.vn\/index.php\/product\/camozzi-mc238-d00\/#breadcrumb\"},\"inLanguage\":\"vi\",\"potentialAction\":[{\"@type\":\"ReadAction\",\"target\":[\"https:\/\/sipin.com.vn\/index.php\/product\/camozzi-mc238-d00\/\"]}]},{\"@type\":\"ImageObject\",\"inLanguage\":\"vi\",\"@id\":\"https:\/\/sipin.com.vn\/index.php\/product\/camozzi-mc238-d00\/#primaryimage\",\"url\":\"https:\/\/sipin.com.vn\/wp-content\/uploads\/2025\/04\/MC238-D00.png\",\"contentUrl\":\"https:\/\/sipin.com.vn\/wp-content\/uploads\/2025\/04\/MC238-D00.png\",\"width\":640,\"height\":928},{\"@type\":\"BreadcrumbList\",\"@id\":\"https:\/\/sipin.com.vn\/index.php\/product\/camozzi-mc238-d00\/#breadcrumb\",\"itemListElement\":[{\"@type\":\"ListItem\",\"position\":1,\"name\":\"Home\",\"item\":\"https:\/\/sipin.com.vn\/\"},{\"@type\":\"ListItem\",\"position\":2,\"name\":\"S\u1ea2N PH\u1ea8M\",\"item\":\"https:\/\/sipin.com.vn\/index.php\/cua-hang\/\"},{\"@type\":\"ListItem\",\"position\":3,\"name\":\"CAMOZZI MC238-D00\"}]},{\"@type\":\"WebSite\",\"@id\":\"https:\/\/sipin.com.vn\/#website\",\"url\":\"https:\/\/sipin.com.vn\/\",\"name\":\"OMANI VI\u1ec6T NAM\",\"description\":\"Nh\u00e0 ph\u00e2n ph\u1ed1i thi\u1ebft b\u1ecb kh\u00ed n\u00e9n v\u00e0 thi\u1ebft b\u1ecb t\u1ef1 \u0111\u1ed9ng h\u00f3a trong c\u00f4ng nghi\u1ec7p\",\"publisher\":{\"@id\":\"https:\/\/sipin.com.vn\/#\/schema\/person\/0ad398a980dc3fd696111c2c5c8fa897\"},\"potentialAction\":[{\"@type\":\"SearchAction\",\"target\":{\"@type\":\"EntryPoint\",\"urlTemplate\":\"https:\/\/sipin.com.vn\/?s={search_term_string}\"},\"query-input\":\"required name=search_term_string\"}],\"inLanguage\":\"vi\"},{\"@type\":[\"Person\",\"Organization\"],\"@id\":\"https:\/\/sipin.com.vn\/#\/schema\/person\/0ad398a980dc3fd696111c2c5c8fa897\",\"name\":\"Nguy\u1ec5n V\u0103n Kh\u00e1nh\",\"image\":{\"@type\":\"ImageObject\",\"inLanguage\":\"vi\",\"@id\":\"https:\/\/sipin.com.vn\/#\/schema\/person\/image\/\",\"url\":\"https:\/\/sipin.com.vn\/wp-content\/uploads\/2024\/06\/logo-1024x1024.png\",\"contentUrl\":\"https:\/\/sipin.com.vn\/wp-content\/uploads\/2024\/06\/logo-1024x1024.png\",\"width\":1024,\"height\":1024,\"caption\":\"Nguy\u1ec5n V\u0103n Kh\u00e1nh\"},\"logo\":{\"@id\":\"https:\/\/sipin.com.vn\/#\/schema\/person\/image\/\"},\"sameAs\":[\"https:\/\/sipin.com.vn\"]}]}<\/script>\n<!-- \/ Yoast SEO plugin. -->","yoast_head_json":{"title":"CAMOZZI MC238-D00 - OMANI VI\u1ec6T NAM","description":"CAMOZZI MC238-D00 Filter-regulators","robots":{"index":"index","follow":"follow","max-snippet":"max-snippet:-1","max-image-preview":"max-image-preview:large","max-video-preview":"max-video-preview:-1"},"canonical":"https:\/\/sipin.com.vn\/index.php\/product\/camozzi-mc238-d00\/","og_locale":"vi_VN","og_type":"article","og_title":"CAMOZZI MC238-D00 - OMANI VI\u1ec6T NAM","og_description":"CAMOZZI MC238-D00 Filter-regulators","og_url":"https:\/\/sipin.com.vn\/index.php\/product\/camozzi-mc238-d00\/","og_site_name":"OMANI VI\u1ec6T NAM","article_modified_time":"2025-04-20T03:03:57+00:00","og_image":[{"width":640,"height":928,"url":"https:\/\/sipin.com.vn\/wp-content\/uploads\/2025\/04\/MC238-D00.png","type":"image\/png"}],"twitter_card":"summary_large_image","twitter_misc":{"\u01af\u1edbc t\u00ednh th\u1eddi gian \u0111\u1ecdc":"1 ph\u00fat"},"schema":{"@context":"https:\/\/schema.org","@graph":[{"@type":"WebPage","@id":"https:\/\/sipin.com.vn\/index.php\/product\/camozzi-mc238-d00\/","url":"https:\/\/sipin.com.vn\/index.php\/product\/camozzi-mc238-d00\/","name":"CAMOZZI MC238-D00 - OMANI VI\u1ec6T NAM","isPartOf":{"@id":"https:\/\/sipin.com.vn\/#website"},"primaryImageOfPage":{"@id":"https:\/\/sipin.com.vn\/index.php\/product\/camozzi-mc238-d00\/#primaryimage"},"image":{"@id":"https:\/\/sipin.com.vn\/index.php\/product\/camozzi-mc238-d00\/#primaryimage"},"thumbnailUrl":"https:\/\/sipin.com.vn\/wp-content\/uploads\/2025\/04\/MC238-D00.png","datePublished":"2025-04-20T03:02:32+00:00","dateModified":"2025-04-20T03:03:57+00:00","description":"CAMOZZI MC238-D00 Filter-regulators","breadcrumb":{"@id":"https:\/\/sipin.com.vn\/index.php\/product\/camozzi-mc238-d00\/#breadcrumb"},"inLanguage":"vi","potentialAction":[{"@type":"ReadAction","target":["https:\/\/sipin.com.vn\/index.php\/product\/camozzi-mc238-d00\/"]}]},{"@type":"ImageObject","inLanguage":"vi","@id":"https:\/\/sipin.com.vn\/index.php\/product\/camozzi-mc238-d00\/#primaryimage","url":"https:\/\/sipin.com.vn\/wp-content\/uploads\/2025\/04\/MC238-D00.png","contentUrl":"https:\/\/sipin.com.vn\/wp-content\/uploads\/2025\/04\/MC238-D00.png","width":640,"height":928},{"@type":"BreadcrumbList","@id":"https:\/\/sipin.com.vn\/index.php\/product\/camozzi-mc238-d00\/#breadcrumb","itemListElement":[{"@type":"ListItem","position":1,"name":"Home","item":"https:\/\/sipin.com.vn\/"},{"@type":"ListItem","position":2,"name":"S\u1ea2N PH\u1ea8M","item":"https:\/\/sipin.com.vn\/index.php\/cua-hang\/"},{"@type":"ListItem","position":3,"name":"CAMOZZI MC238-D00"}]},{"@type":"WebSite","@id":"https:\/\/sipin.com.vn\/#website","url":"https:\/\/sipin.com.vn\/","name":"OMANI VI\u1ec6T NAM","description":"Nh\u00e0 ph\u00e2n ph\u1ed1i thi\u1ebft b\u1ecb kh\u00ed n\u00e9n v\u00e0 thi\u1ebft b\u1ecb t\u1ef1 \u0111\u1ed9ng h\u00f3a trong c\u00f4ng nghi\u1ec7p","publisher":{"@id":"https:\/\/sipin.com.vn\/#\/schema\/person\/0ad398a980dc3fd696111c2c5c8fa897"},"potentialAction":[{"@type":"SearchAction","target":{"@type":"EntryPoint","urlTemplate":"https:\/\/sipin.com.vn\/?s={search_term_string}"},"query-input":"required name=search_term_string"}],"inLanguage":"vi"},{"@type":["Person","Organization"],"@id":"https:\/\/sipin.com.vn\/#\/schema\/person\/0ad398a980dc3fd696111c2c5c8fa897","name":"Nguy\u1ec5n V\u0103n Kh\u00e1nh","image":{"@type":"ImageObject","inLanguage":"vi","@id":"https:\/\/sipin.com.vn\/#\/schema\/person\/image\/","url":"https:\/\/sipin.com.vn\/wp-content\/uploads\/2024\/06\/logo-1024x1024.png","contentUrl":"https:\/\/sipin.com.vn\/wp-content\/uploads\/2024\/06\/logo-1024x1024.png","width":1024,"height":1024,"caption":"Nguy\u1ec5n V\u0103n Kh\u00e1nh"},"logo":{"@id":"https:\/\/sipin.com.vn\/#\/schema\/person\/image\/"},"sameAs":["https:\/\/sipin.com.vn"]}]}},"_links":{"self":[{"href":"https:\/\/sipin.com.vn\/index.php\/wp-json\/wp\/v2\/product\/3620","targetHints":{"allow":["GET"]}}],"collection":[{"href":"https:\/\/sipin.com.vn\/index.php\/wp-json\/wp\/v2\/product"}],"about":[{"href":"https:\/\/sipin.com.vn\/index.php\/wp-json\/wp\/v2\/types\/product"}],"replies":[{"embeddable":true,"href":"https:\/\/sipin.com.vn\/index.php\/wp-json\/wp\/v2\/comments?post=3620"}],"wp:featuredmedia":[{"embeddable":true,"href":"https:\/\/sipin.com.vn\/index.php\/wp-json\/wp\/v2\/media\/3621"}],"wp:attachment":[{"href":"https:\/\/sipin.com.vn\/index.php\/wp-json\/wp\/v2\/media?parent=3620"}],"wp:term":[{"taxonomy":"product_cat","embeddable":true,"href":"https:\/\/sipin.com.vn\/index.php\/wp-json\/wp\/v2\/product_cat?post=3620"},{"taxonomy":"product_tag","embeddable":true,"href":"https:\/\/sipin.com.vn\/index.php\/wp-json\/wp\/v2\/product_tag?post=3620"}],"curies":[{"name":"wp","href":"https:\/\/api.w.org\/{rel}","templated":true}]}}