{"id":3610,"date":"2025-04-19T21:49:48","date_gmt":"2025-04-19T14:49:48","guid":{"rendered":"https:\/\/omanivietnam.com\/?post_type=product&#038;p=3610"},"modified":"2025-04-19T22:15:13","modified_gmt":"2025-04-19T15:15:13","slug":"hbm-z6fc3-500kg","status":"publish","type":"product","link":"https:\/\/sipin.com.vn\/index.php\/product\/hbm-z6fc3-500kg\/","title":{"rendered":"HBM Z6FC3 500KG"},"content":{"rendered":"<p>HBM Z6FC3 500KG<\/p>\n<p>C\u1ea3m bi\u1ebfn c\u00e2n, load cell HBM Z6FC3 50kg, Z6FC3 100kg, Z6FC3 200kg <strong>Z6FC3-500KG, Z6FC3-1t<\/strong><\/p>\n<p><strong>Z6FC3-20KG, Z6FC3-50KG, Z6FC3-100KG, Z6FC3-200KG, Z6FC3-500KG, Z6FC3-1T<\/strong><\/p>\n<p>Loadcell Z6FC3 500kg \u1ee9ng d\u1ee5ng trong c\u00e1c h\u1ec7 th\u1ed1ng c\u00e2n \u0111i\u1ec7n t\u1eed\u2026B\u1ea3o h\u00e0nh 12 th\u00e1ng.<\/p>\n<p>Load cell Z6FC3 500kg<\/p>\n<p><strong><em>Z6FC3 500kg<\/em><\/strong>\u00a0la\u0300 loa\u0323i ca\u0309m bi\u00ea\u0301n do\u0300ng kinh t\u00ea\u0301, a\u0301p du\u0323ng trong ca\u0301c ngha\u0300nh c\u00f4ng nghi\u00ea\u0323p \u0111o l\u01b0\u1eddng.\u00a0<strong><em>Loadcell Z6FC3 500kg<\/em><\/strong>\u00a0c\u00f3 thi\u1ebft k\u1ebf hi\u1ec7n \u0111\u1ea1i, v\u1eadt li\u1ec7u ch\u1ea5t li\u1ec7u cao c\u1ea5p cho \u0111\u1ed9 b\u1ec1n cao.\u00a0<strong><em>Model Z6FC3 500kg<\/em><\/strong>\u00a0c\u00f3 th\u1ec3 ho\u1ea1t \u0111\u1ed9ng li\u00ean t\u1ee5c v\u00e0 \u1ed5n \u0111\u1ecbnh.\u00a0<strong><em>Loadcell Z6FC3 500kg<\/em><\/strong>\u00a0\u1ee9ng d\u1ee5ng trong c\u00e1c h\u1ec7 th\u1ed1ng \u0111o l\u01b0\u1eddng, c\u00e2n \u0111i\u1ec7n t\u1eed.<br \/>\nTh\u00f4ng s\u1ed1 k\u1ef9 thu\u1eadt:<br \/>\nModel:\u00a0<strong><em>Z6FC3 500kg<\/em><\/strong><br \/>\nT\u1ea3i tr\u1ecdng: 500 kg.<br \/>\nT\u00edn hi\u1ec7u ra: 2mV\/V<br \/>\nNhi\u1ec7t \u0111\u1ed9 ho\u1ea1t \u0111\u1ed9ng: -10 ~ 40<sup>o<\/sup>\u00a0C.<br \/>\nC\u1ea5p b\u1ea3o v\u1ec7: IP68.<\/p>\n<p>\u0110\u1ea1i l\u00fd HBM vietnam, HBM viet nam, HBM vietnam distributor, Ph\u00e2n ph\u1ed1i HBM t\u1ea1i vi\u1ec7t nam<\/p>\n<p>\u0110\u1ea1i l\u00fd HBM vietnam, HBM viet nam, HBM vietnam distributor, Ph\u00e2n ph\u1ed1i HBM t\u1ea1i vi\u1ec7t nam<\/p>\n<p>\u0110\u1ea1i l\u00fd HBM vietnam, HBM viet nam, HBM vietnam distributor, Ph\u00e2n ph\u1ed1i HBM t\u1ea1i vi\u1ec7t nam<\/p>\n<p class=\"title__info\">Th\u00f4ng tin k\u1ef9 thu\u1eadt<\/p>\n<div class=\"scroll-mb fix_specifications\">\n<table border=\"1\">\n<tbody>\n<tr>\n<td><strong>Model<\/strong><\/td>\n<td><strong>Z6FD1-5KG<\/strong><\/td>\n<td><strong>Z6FC3-10KG<\/strong><\/td>\n<td><strong>Z6FC3-20KG, Z6FC3-50KG, Z6FC3-100KG, Z6FC3-200KG, Z6FC3-500KG, Z6FC3-1T<\/strong><\/td>\n<td><strong>\u0110\u01a1n v\u1ecb<\/strong><\/td>\n<\/tr>\n<tr>\n<td>Kh\u1ed1i l\u01b0\u1ee3ng c\u00e2n \u0111\u1ecbnh m\u1ee9c (R.C.)<\/td>\n<td>5<\/td>\n<td>10<\/td>\n<td>20,50,100,200,500,1000<\/td>\n<td>Kg<\/td>\n<\/tr>\n<tr>\n<td>\u0110i\u1ec7n \u00e1p \u0111\u1ea7u ra (R.O.)<\/td>\n<td>2.0 +0.02 -0.002<\/td>\n<td>2\u00b10.1%<\/td>\n<td>2\u00b10.05%<\/td>\n<td>mV\/V<\/td>\n<\/tr>\n<tr>\n<td>Qu\u00e1 t\u1ea3i an to\u00e0n<\/td>\n<td colspan=\"3\">150<\/td>\n<td>%R.C.<\/td>\n<\/tr>\n<tr>\n<td>H\u1ec7 s\u1ed1 phi tuy\u1ebfn t\u00ednh<\/td>\n<td>0.05<\/td>\n<td colspan=\"2\">0.0180 typ.<\/td>\n<td>%R.O.<\/td>\n<\/tr>\n<tr>\n<td>\u0110\u1ed9 tr\u1ec5<\/td>\n<td>0.05<\/td>\n<td colspan=\"2\">0.0170 typ.<\/td>\n<td>%R.O.<\/td>\n<\/tr>\n<tr>\n<td>H\u1ec7 s\u1ed1 tr\u01b0\u1ee3t<\/td>\n<td>0.049<\/td>\n<td colspan=\"2\">0.0166<\/td>\n<td>%R.O.\/30ph\u00fat<\/td>\n<\/tr>\n<tr>\n<td>Kho\u1ea3ng b\u00f9 nhi\u1ec7t \u0111\u1ed9<\/td>\n<td colspan=\"3\">-10 to +40<\/td>\n<td>\u2103<\/td>\n<\/tr>\n<tr>\n<td>V\u00f9ng nhi\u1ec7t \u0111\u1ed9 an to\u00e0n<\/td>\n<td colspan=\"3\">-30 to +70<\/td>\n<td>\u2103<\/td>\n<\/tr>\n<tr>\n<td>Nhi\u1ec7t \u0111\u1ed9 \u1ea3nh h\u01b0\u1edfng \u0111\u1ebfn zero<\/td>\n<td>0.05<\/td>\n<td colspan=\"2\">0.0125<\/td>\n<td>%R.O.\/10\u2103<\/td>\n<\/tr>\n<tr>\n<td>Nhi\u1ec7t \u0111\u1ed9 \u1ea3nh h\u01b0\u1edfng \u0111\u1ebfn d\u1ea3i \u0111o<\/td>\n<td>0.05<\/td>\n<td colspan=\"2\">0.0080 typ.<\/td>\n<td>%R.O.\/10\u2103<\/td>\n<\/tr>\n<tr>\n<td>\u0110i\u1ec7n tr\u1edf ng\u00f5 v\u00e0o<\/td>\n<td colspan=\"3\">350 \u0111\u1ebfn 480<\/td>\n<td>\u03a9<\/td>\n<\/tr>\n<tr>\n<td>\u0110i\u1ec7n tr\u1edf ng\u00f5 ra<\/td>\n<td>356\u00b10.2<\/td>\n<td colspan=\"2\">356\u00b10.12<\/td>\n<td>\u03a9<\/td>\n<\/tr>\n<tr>\n<td>\u0110i\u1ec7n \u00e1p k\u00edch th\u00edch t\u1ed1i \u0111a<\/td>\n<td colspan=\"3\">12<\/td>\n<td>V<\/td>\n<\/tr>\n<tr>\n<td>Tr\u1edf kh\u00e1ng c\u00e1ch ly<\/td>\n<td colspan=\"3\">5000 ho\u1eb7c h\u01a1n<\/td>\n<td>M\u03a9<\/td>\n<\/tr>\n<tr>\n<td>C\u1ea5p \u0111\u1ed9 b\u1ea3o v\u1ec7<\/td>\n<td colspan=\"3\">IP68<\/td>\n<td><\/td>\n<\/tr>\n<tr>\n<td>D\u00e2y c\u00e1p<\/td>\n<td colspan=\"3\">\u03c65.4 6-D\u00e2y b\u1ecdc d\u1eabn c\u00f3 chia m\u00e0u. Chi\u1ec1u d\u00e0i 3m<\/td>\n<td><\/td>\n<\/tr>\n<tr>\n<td>M\u00e3 m\u00e0u d\u00e2y<\/td>\n<td colspan=\"3\">\uff0bEXC: Xanh D\u01b0\u01a1ng<br \/>\n\uff0bS\uff1aXanh L\u00e1<br \/>\n\uff0dS\uff1aX\u00e1m<br \/>\n\uff0dEXC\uff1a\u0110en<br \/>\n\uff0bSIG\uff1aTr\u1eafng<br \/>\n\uff0dSIG: \u0110\u1ecf<br \/>\nN\u1ed1i \u0111\u1ea5t: V\u00e0ng<\/td>\n<td><\/td>\n<\/tr>\n<tr>\n<td>V\u1eadt li\u1ec7u l\u00e0m loadcell<\/td>\n<td colspan=\"3\">Th\u00e9p kh\u00f4ng g\u1ec9<\/td>\n<td><\/td>\n<\/tr>\n<tr>\n<td>\u0110\u1ed9 bi\u1ebfn d\u1ea1ng<\/td>\n<td colspan=\"3\">5KG\uff1a0.24<br \/>\n10KG\uff1a0.3<br \/>\n20KG\uff1a0.29<br \/>\n50KG\uff1a0.27<br \/>\n100KG\uff1a0.31<br \/>\n200KG\uff1a0.39<br \/>\n500KG\uff1a0.6<br \/>\n1T\uff1a0.55<\/td>\n<td>mm<\/td>\n<\/tr>\n<tr>\n<td>Kh\u1ed1i l\u01b0\u1ee3ng<\/td>\n<td colspan=\"3\">5KG\uff5e500KG\uff1a0.5<br \/>\n1T\uff1a2.3<\/td>\n<td>Kg<\/td>\n<\/tr>\n<\/tbody>\n<\/table>\n<\/div>\n","protected":false},"excerpt":{"rendered":"<p>HBM Z6FC3 500KG C\u1ea3m bi\u1ebfn c\u00e2n, load cell HBM Z6FC3 50kg, Z6FC3 100kg, Z6FC3 200kg Z6FC3-500KG, Z6FC3-1t Z6FC3-20KG, Z6FC3-50KG, Z6FC3-100KG, Z6FC3-200KG, Z6FC3-500KG, Z6FC3-1T Loadcell Z6FC3 500kg \u1ee9ng d\u1ee5ng trong c\u00e1c h\u1ec7 th\u1ed1ng c\u00e2n \u0111i\u1ec7n t\u1eed\u2026B\u1ea3o h\u00e0nh 12 th\u00e1ng. Load cell Z6FC3 500kg Z6FC3 500kg\u00a0la\u0300 loa\u0323i ca\u0309m bi\u00ea\u0301n do\u0300ng kinh t\u00ea\u0301,&hellip; <\/p>\n","protected":false},"featured_media":3611,"comment_status":"open","ping_status":"closed","template":"","meta":{"om_disable_all_campaigns":false,"_monsterinsights_skip_tracking":false,"_monsterinsights_sitenote_active":false,"_monsterinsights_sitenote_note":"","_monsterinsights_sitenote_category":0},"product_cat":[15],"product_tag":[650,392,391],"class_list":{"0":"post-3610","1":"product","2":"type-product","3":"status-publish","4":"has-post-thumbnail","6":"product_cat-apex","7":"product_tag-cam-bien-luc","8":"product_tag-dai-ly-hbm-viet-nam","9":"product_tag-hbm-viet-nam","11":"first","12":"instock","13":"shipping-taxable","14":"product-type-simple"},"aioseo_notices":[],"yoast_head":"<!-- This site is optimized with the Yoast SEO plugin v22.8 - https:\/\/yoast.com\/wordpress\/plugins\/seo\/ -->\n<title>HBM Z6FC3 500KG - OMANI VI\u1ec6T NAM<\/title>\n<meta name=\"description\" content=\"HBM Z6FC3 500KG Load cell\" \/>\n<meta name=\"robots\" content=\"index, follow, max-snippet:-1, max-image-preview:large, max-video-preview:-1\" \/>\n<link rel=\"canonical\" href=\"https:\/\/sipin.com.vn\/index.php\/product\/hbm-z6fc3-500kg\/\" \/>\n<meta property=\"og:locale\" content=\"vi_VN\" \/>\n<meta property=\"og:type\" content=\"article\" \/>\n<meta property=\"og:title\" content=\"HBM Z6FC3 500KG - OMANI VI\u1ec6T NAM\" \/>\n<meta property=\"og:description\" content=\"HBM Z6FC3 500KG Load cell\" \/>\n<meta property=\"og:url\" content=\"https:\/\/sipin.com.vn\/index.php\/product\/hbm-z6fc3-500kg\/\" \/>\n<meta property=\"og:site_name\" content=\"OMANI VI\u1ec6T NAM\" \/>\n<meta property=\"article:modified_time\" content=\"2025-04-19T15:15:13+00:00\" \/>\n<meta property=\"og:image\" content=\"https:\/\/sipin.com.vn\/wp-content\/uploads\/2025\/04\/Z6FC3-500KG.png\" \/>\n\t<meta property=\"og:image:width\" content=\"686\" \/>\n\t<meta property=\"og:image:height\" content=\"512\" \/>\n\t<meta property=\"og:image:type\" content=\"image\/png\" \/>\n<meta name=\"twitter:card\" content=\"summary_large_image\" \/>\n<meta name=\"twitter:label1\" content=\"\u01af\u1edbc t\u00ednh th\u1eddi gian \u0111\u1ecdc\" \/>\n\t<meta name=\"twitter:data1\" content=\"3 ph\u00fat\" \/>\n<script type=\"application\/ld+json\" class=\"yoast-schema-graph\">{\"@context\":\"https:\/\/schema.org\",\"@graph\":[{\"@type\":\"WebPage\",\"@id\":\"https:\/\/sipin.com.vn\/index.php\/product\/hbm-z6fc3-500kg\/\",\"url\":\"https:\/\/sipin.com.vn\/index.php\/product\/hbm-z6fc3-500kg\/\",\"name\":\"HBM Z6FC3 500KG - OMANI VI\u1ec6T NAM\",\"isPartOf\":{\"@id\":\"https:\/\/sipin.com.vn\/#website\"},\"primaryImageOfPage\":{\"@id\":\"https:\/\/sipin.com.vn\/index.php\/product\/hbm-z6fc3-500kg\/#primaryimage\"},\"image\":{\"@id\":\"https:\/\/sipin.com.vn\/index.php\/product\/hbm-z6fc3-500kg\/#primaryimage\"},\"thumbnailUrl\":\"https:\/\/sipin.com.vn\/wp-content\/uploads\/2025\/04\/Z6FC3-500KG.png\",\"datePublished\":\"2025-04-19T14:49:48+00:00\",\"dateModified\":\"2025-04-19T15:15:13+00:00\",\"description\":\"HBM Z6FC3 500KG Load cell\",\"breadcrumb\":{\"@id\":\"https:\/\/sipin.com.vn\/index.php\/product\/hbm-z6fc3-500kg\/#breadcrumb\"},\"inLanguage\":\"vi\",\"potentialAction\":[{\"@type\":\"ReadAction\",\"target\":[\"https:\/\/sipin.com.vn\/index.php\/product\/hbm-z6fc3-500kg\/\"]}]},{\"@type\":\"ImageObject\",\"inLanguage\":\"vi\",\"@id\":\"https:\/\/sipin.com.vn\/index.php\/product\/hbm-z6fc3-500kg\/#primaryimage\",\"url\":\"https:\/\/sipin.com.vn\/wp-content\/uploads\/2025\/04\/Z6FC3-500KG.png\",\"contentUrl\":\"https:\/\/sipin.com.vn\/wp-content\/uploads\/2025\/04\/Z6FC3-500KG.png\",\"width\":686,\"height\":512},{\"@type\":\"BreadcrumbList\",\"@id\":\"https:\/\/sipin.com.vn\/index.php\/product\/hbm-z6fc3-500kg\/#breadcrumb\",\"itemListElement\":[{\"@type\":\"ListItem\",\"position\":1,\"name\":\"Home\",\"item\":\"https:\/\/sipin.com.vn\/\"},{\"@type\":\"ListItem\",\"position\":2,\"name\":\"S\u1ea2N PH\u1ea8M\",\"item\":\"https:\/\/sipin.com.vn\/index.php\/cua-hang\/\"},{\"@type\":\"ListItem\",\"position\":3,\"name\":\"HBM Z6FC3 500KG\"}]},{\"@type\":\"WebSite\",\"@id\":\"https:\/\/sipin.com.vn\/#website\",\"url\":\"https:\/\/sipin.com.vn\/\",\"name\":\"OMANI VI\u1ec6T NAM\",\"description\":\"Nh\u00e0 ph\u00e2n ph\u1ed1i thi\u1ebft b\u1ecb kh\u00ed n\u00e9n v\u00e0 thi\u1ebft b\u1ecb t\u1ef1 \u0111\u1ed9ng h\u00f3a trong c\u00f4ng nghi\u1ec7p\",\"publisher\":{\"@id\":\"https:\/\/sipin.com.vn\/#\/schema\/person\/0ad398a980dc3fd696111c2c5c8fa897\"},\"potentialAction\":[{\"@type\":\"SearchAction\",\"target\":{\"@type\":\"EntryPoint\",\"urlTemplate\":\"https:\/\/sipin.com.vn\/?s={search_term_string}\"},\"query-input\":\"required name=search_term_string\"}],\"inLanguage\":\"vi\"},{\"@type\":[\"Person\",\"Organization\"],\"@id\":\"https:\/\/sipin.com.vn\/#\/schema\/person\/0ad398a980dc3fd696111c2c5c8fa897\",\"name\":\"Nguy\u1ec5n V\u0103n Kh\u00e1nh\",\"image\":{\"@type\":\"ImageObject\",\"inLanguage\":\"vi\",\"@id\":\"https:\/\/sipin.com.vn\/#\/schema\/person\/image\/\",\"url\":\"https:\/\/sipin.com.vn\/wp-content\/uploads\/2024\/06\/logo-1024x1024.png\",\"contentUrl\":\"https:\/\/sipin.com.vn\/wp-content\/uploads\/2024\/06\/logo-1024x1024.png\",\"width\":1024,\"height\":1024,\"caption\":\"Nguy\u1ec5n V\u0103n Kh\u00e1nh\"},\"logo\":{\"@id\":\"https:\/\/sipin.com.vn\/#\/schema\/person\/image\/\"},\"sameAs\":[\"https:\/\/sipin.com.vn\"]}]}<\/script>\n<!-- \/ Yoast SEO plugin. -->","yoast_head_json":{"title":"HBM Z6FC3 500KG - OMANI VI\u1ec6T NAM","description":"HBM Z6FC3 500KG Load cell","robots":{"index":"index","follow":"follow","max-snippet":"max-snippet:-1","max-image-preview":"max-image-preview:large","max-video-preview":"max-video-preview:-1"},"canonical":"https:\/\/sipin.com.vn\/index.php\/product\/hbm-z6fc3-500kg\/","og_locale":"vi_VN","og_type":"article","og_title":"HBM Z6FC3 500KG - OMANI VI\u1ec6T NAM","og_description":"HBM Z6FC3 500KG Load cell","og_url":"https:\/\/sipin.com.vn\/index.php\/product\/hbm-z6fc3-500kg\/","og_site_name":"OMANI VI\u1ec6T NAM","article_modified_time":"2025-04-19T15:15:13+00:00","og_image":[{"width":686,"height":512,"url":"https:\/\/sipin.com.vn\/wp-content\/uploads\/2025\/04\/Z6FC3-500KG.png","type":"image\/png"}],"twitter_card":"summary_large_image","twitter_misc":{"\u01af\u1edbc t\u00ednh th\u1eddi gian \u0111\u1ecdc":"3 ph\u00fat"},"schema":{"@context":"https:\/\/schema.org","@graph":[{"@type":"WebPage","@id":"https:\/\/sipin.com.vn\/index.php\/product\/hbm-z6fc3-500kg\/","url":"https:\/\/sipin.com.vn\/index.php\/product\/hbm-z6fc3-500kg\/","name":"HBM Z6FC3 500KG - OMANI VI\u1ec6T NAM","isPartOf":{"@id":"https:\/\/sipin.com.vn\/#website"},"primaryImageOfPage":{"@id":"https:\/\/sipin.com.vn\/index.php\/product\/hbm-z6fc3-500kg\/#primaryimage"},"image":{"@id":"https:\/\/sipin.com.vn\/index.php\/product\/hbm-z6fc3-500kg\/#primaryimage"},"thumbnailUrl":"https:\/\/sipin.com.vn\/wp-content\/uploads\/2025\/04\/Z6FC3-500KG.png","datePublished":"2025-04-19T14:49:48+00:00","dateModified":"2025-04-19T15:15:13+00:00","description":"HBM Z6FC3 500KG Load cell","breadcrumb":{"@id":"https:\/\/sipin.com.vn\/index.php\/product\/hbm-z6fc3-500kg\/#breadcrumb"},"inLanguage":"vi","potentialAction":[{"@type":"ReadAction","target":["https:\/\/sipin.com.vn\/index.php\/product\/hbm-z6fc3-500kg\/"]}]},{"@type":"ImageObject","inLanguage":"vi","@id":"https:\/\/sipin.com.vn\/index.php\/product\/hbm-z6fc3-500kg\/#primaryimage","url":"https:\/\/sipin.com.vn\/wp-content\/uploads\/2025\/04\/Z6FC3-500KG.png","contentUrl":"https:\/\/sipin.com.vn\/wp-content\/uploads\/2025\/04\/Z6FC3-500KG.png","width":686,"height":512},{"@type":"BreadcrumbList","@id":"https:\/\/sipin.com.vn\/index.php\/product\/hbm-z6fc3-500kg\/#breadcrumb","itemListElement":[{"@type":"ListItem","position":1,"name":"Home","item":"https:\/\/sipin.com.vn\/"},{"@type":"ListItem","position":2,"name":"S\u1ea2N PH\u1ea8M","item":"https:\/\/sipin.com.vn\/index.php\/cua-hang\/"},{"@type":"ListItem","position":3,"name":"HBM Z6FC3 500KG"}]},{"@type":"WebSite","@id":"https:\/\/sipin.com.vn\/#website","url":"https:\/\/sipin.com.vn\/","name":"OMANI VI\u1ec6T NAM","description":"Nh\u00e0 ph\u00e2n ph\u1ed1i thi\u1ebft b\u1ecb kh\u00ed n\u00e9n v\u00e0 thi\u1ebft b\u1ecb t\u1ef1 \u0111\u1ed9ng h\u00f3a trong c\u00f4ng nghi\u1ec7p","publisher":{"@id":"https:\/\/sipin.com.vn\/#\/schema\/person\/0ad398a980dc3fd696111c2c5c8fa897"},"potentialAction":[{"@type":"SearchAction","target":{"@type":"EntryPoint","urlTemplate":"https:\/\/sipin.com.vn\/?s={search_term_string}"},"query-input":"required name=search_term_string"}],"inLanguage":"vi"},{"@type":["Person","Organization"],"@id":"https:\/\/sipin.com.vn\/#\/schema\/person\/0ad398a980dc3fd696111c2c5c8fa897","name":"Nguy\u1ec5n V\u0103n Kh\u00e1nh","image":{"@type":"ImageObject","inLanguage":"vi","@id":"https:\/\/sipin.com.vn\/#\/schema\/person\/image\/","url":"https:\/\/sipin.com.vn\/wp-content\/uploads\/2024\/06\/logo-1024x1024.png","contentUrl":"https:\/\/sipin.com.vn\/wp-content\/uploads\/2024\/06\/logo-1024x1024.png","width":1024,"height":1024,"caption":"Nguy\u1ec5n V\u0103n Kh\u00e1nh"},"logo":{"@id":"https:\/\/sipin.com.vn\/#\/schema\/person\/image\/"},"sameAs":["https:\/\/sipin.com.vn"]}]}},"_links":{"self":[{"href":"https:\/\/sipin.com.vn\/index.php\/wp-json\/wp\/v2\/product\/3610","targetHints":{"allow":["GET"]}}],"collection":[{"href":"https:\/\/sipin.com.vn\/index.php\/wp-json\/wp\/v2\/product"}],"about":[{"href":"https:\/\/sipin.com.vn\/index.php\/wp-json\/wp\/v2\/types\/product"}],"replies":[{"embeddable":true,"href":"https:\/\/sipin.com.vn\/index.php\/wp-json\/wp\/v2\/comments?post=3610"}],"wp:featuredmedia":[{"embeddable":true,"href":"https:\/\/sipin.com.vn\/index.php\/wp-json\/wp\/v2\/media\/3611"}],"wp:attachment":[{"href":"https:\/\/sipin.com.vn\/index.php\/wp-json\/wp\/v2\/media?parent=3610"}],"wp:term":[{"taxonomy":"product_cat","embeddable":true,"href":"https:\/\/sipin.com.vn\/index.php\/wp-json\/wp\/v2\/product_cat?post=3610"},{"taxonomy":"product_tag","embeddable":true,"href":"https:\/\/sipin.com.vn\/index.php\/wp-json\/wp\/v2\/product_tag?post=3610"}],"curies":[{"name":"wp","href":"https:\/\/api.w.org\/{rel}","templated":true}]}}