{"id":3564,"date":"2025-04-14T22:17:25","date_gmt":"2025-04-14T15:17:25","guid":{"rendered":"https:\/\/omanivietnam.com\/?post_type=product&#038;p=3564"},"modified":"2025-04-14T22:17:36","modified_gmt":"2025-04-14T15:17:36","slug":"honeywell-szl-wle-c","status":"publish","type":"product","link":"https:\/\/sipin.com.vn\/index.php\/product\/honeywell-szl-wle-c\/","title":{"rendered":"HONEYWELL SZL-WLE-C"},"content":{"rendered":"<p>HONEYWELL SZL-WLE-C<\/p>\n<p class=\"title-product item_name\">C\u00f4ng t\u1eafc h\u00e0nh tr\u00ecnh Honeywell SZL-WLE-C<\/p>\n<p>1. C\u00f4ng t\u1eafc h\u00e0nh tr\u00ecnh SZL-WLE-C:<\/p>\n<div>\n<div>Nh\u00e0 s\u1ea3n xu\u1ea5t:Honeywell<\/div>\n<div>Danh m\u1ee5c S\u1ea3n ph\u1ea9m:C\u00f4ng t\u1eafc gi\u1edbi h\u1ea1n<\/div>\n<div>\u0110\u01b0\u1ee3c chi\u1ebfu s\u00e1ng:Kh\u00f4ng chi\u1ebfu s\u00e1ng<\/div>\n<div>Lo\u1ea1i \u0111\u00e8n:-<\/div>\n<div>D\u1ea1ng ti\u1ebfp \u0111i\u1ec3m:SPDT<\/div>\n<div>B\u1ed9 d\u1eabn \u0111\u1ed9ng:g\u1eady<\/div>\n<div>\u0110\u1ecbnh m\u1ee9c d\u00f2ng:10 A<\/div>\n<div>AC \u0111\u1ecbnh m\u1ee9c \u0111i\u1ec7n \u00e1p:480 VAC<\/div>\n<div>DC \u0111\u1ecbnh m\u1ee9c \u0111i\u1ec7n \u00e1p:250 VDC<\/div>\n<div>L\u1ef1c v\u1eadn h\u00e0nh:1,39 N<\/div>\n<div>Ki\u1ec3u ch\u1ea5m d\u1ee9t:\u0110inh \u1ed1c<\/div>\n<div>Ch\u1ec9 s\u1ed1 IP:IP67<\/div>\n<div>Ki\u1ec3u b\u1ed9 d\u1eabn \u0111\u1ed9ng:g\u1eady<\/div>\n<div>Nh\u00e3n hi\u1ec7u:Honeywell<\/div>\n<div>Lo\u1ea1i s\u1ea3n ph\u1ea9m:C\u00f4ng t\u1eafc gi\u1edbi h\u1ea1n<\/div>\n<div>Say-ri:SZL-WL<\/div>\n<div>Danh m\u1ee5c ph\u1ee5: C\u00f4ng t\u1eafc<\/div>\n<\/div>\n<p>2. C\u00e1c m\u00e3 h\u00e0ng t\u01b0\u01a1ng \u0111\u01b0\u01a1ng C\u00f4ng t\u1eafc h\u00e0nh tr\u00ecnh\u00a0SZL-WLE-C:<\/p>\n<div>SZL-WL-A<br \/>\nSZL-WL-A-A01CH<br \/>\nSZL-WL-A-C01AH<br \/>\nSZL-WL-B-A01CH<br \/>\nSZL-WL-C<br \/>\nSZL-WL-J<br \/>\nSZL-WL-K<br \/>\nSZL-WLC-A<br \/>\nSZL-WLC-A-L3<br \/>\nSZL-WLC-B<br \/>\nSZL-WLC-B-N<br \/>\nSZL-WLC-B-L3<br \/>\nSZL-WLC-C<br \/>\nSZL-WLC-CL3<br \/>\nSZL-WLE-B<br \/>\nSZL-WLE-C<br \/>\nSZL-WL-D<br \/>\nSZL-WL-D-A01CH<br \/>\nSZL-WL-H<br \/>\nSZL-WL-H-L3<br \/>\nSZL-WL-H-LE<\/div>\n","protected":false},"excerpt":{"rendered":"<p>HONEYWELL SZL-WLE-C C\u00f4ng t\u1eafc h\u00e0nh tr\u00ecnh Honeywell SZL-WLE-C 1. C\u00f4ng t\u1eafc h\u00e0nh tr\u00ecnh SZL-WLE-C: Nh\u00e0 s\u1ea3n xu\u1ea5t:Honeywell Danh m\u1ee5c S\u1ea3n ph\u1ea9m:C\u00f4ng t\u1eafc gi\u1edbi h\u1ea1n \u0110\u01b0\u1ee3c chi\u1ebfu s\u00e1ng:Kh\u00f4ng chi\u1ebfu s\u00e1ng Lo\u1ea1i \u0111\u00e8n:- D\u1ea1ng ti\u1ebfp \u0111i\u1ec3m:SPDT B\u1ed9 d\u1eabn \u0111\u1ed9ng:g\u1eady \u0110\u1ecbnh m\u1ee9c d\u00f2ng:10 A AC \u0111\u1ecbnh m\u1ee9c \u0111i\u1ec7n \u00e1p:480 VAC DC \u0111\u1ecbnh m\u1ee9c&hellip; <\/p>\n","protected":false},"featured_media":3565,"comment_status":"open","ping_status":"closed","template":"","meta":{"om_disable_all_campaigns":false,"_monsterinsights_skip_tracking":false,"_monsterinsights_sitenote_active":false,"_monsterinsights_sitenote_note":"","_monsterinsights_sitenote_category":0},"product_cat":[15],"product_tag":[180,196,195],"class_list":{"0":"post-3564","1":"product","2":"type-product","3":"status-publish","4":"has-post-thumbnail","6":"product_cat-apex","7":"product_tag-cong-tac-hanh-trinh","8":"product_tag-dai-ly-honeywell-viet-nam","9":"product_tag-honeywell-viet-nam","11":"first","12":"instock","13":"shipping-taxable","14":"product-type-simple"},"aioseo_notices":[],"yoast_head":"<!-- This site is optimized with the Yoast SEO plugin v22.8 - https:\/\/yoast.com\/wordpress\/plugins\/seo\/ -->\n<title>HONEYWELL SZL-WLE-C - OMANI VI\u1ec6T NAM<\/title>\n<meta name=\"description\" content=\"HONEYWELL SZL-WLE-C Limit Switch\" \/>\n<meta name=\"robots\" content=\"index, follow, max-snippet:-1, max-image-preview:large, max-video-preview:-1\" \/>\n<link rel=\"canonical\" href=\"https:\/\/sipin.com.vn\/index.php\/product\/honeywell-szl-wle-c\/\" \/>\n<meta property=\"og:locale\" content=\"vi_VN\" \/>\n<meta property=\"og:type\" content=\"article\" \/>\n<meta property=\"og:title\" content=\"HONEYWELL SZL-WLE-C - OMANI VI\u1ec6T NAM\" \/>\n<meta property=\"og:description\" content=\"HONEYWELL SZL-WLE-C Limit Switch\" \/>\n<meta property=\"og:url\" content=\"https:\/\/sipin.com.vn\/index.php\/product\/honeywell-szl-wle-c\/\" \/>\n<meta property=\"og:site_name\" content=\"OMANI VI\u1ec6T NAM\" \/>\n<meta property=\"article:modified_time\" content=\"2025-04-14T15:17:36+00:00\" \/>\n<meta property=\"og:image\" content=\"https:\/\/sipin.com.vn\/wp-content\/uploads\/2025\/04\/Honeywell-SZL-WLE-C.png\" \/>\n\t<meta property=\"og:image:width\" content=\"410\" \/>\n\t<meta property=\"og:image:height\" content=\"465\" \/>\n\t<meta property=\"og:image:type\" content=\"image\/png\" \/>\n<meta name=\"twitter:card\" content=\"summary_large_image\" \/>\n<meta name=\"twitter:label1\" content=\"\u01af\u1edbc t\u00ednh th\u1eddi gian \u0111\u1ecdc\" \/>\n\t<meta name=\"twitter:data1\" content=\"1 ph\u00fat\" \/>\n<script type=\"application\/ld+json\" class=\"yoast-schema-graph\">{\"@context\":\"https:\/\/schema.org\",\"@graph\":[{\"@type\":\"WebPage\",\"@id\":\"https:\/\/sipin.com.vn\/index.php\/product\/honeywell-szl-wle-c\/\",\"url\":\"https:\/\/sipin.com.vn\/index.php\/product\/honeywell-szl-wle-c\/\",\"name\":\"HONEYWELL SZL-WLE-C - OMANI VI\u1ec6T NAM\",\"isPartOf\":{\"@id\":\"https:\/\/sipin.com.vn\/#website\"},\"primaryImageOfPage\":{\"@id\":\"https:\/\/sipin.com.vn\/index.php\/product\/honeywell-szl-wle-c\/#primaryimage\"},\"image\":{\"@id\":\"https:\/\/sipin.com.vn\/index.php\/product\/honeywell-szl-wle-c\/#primaryimage\"},\"thumbnailUrl\":\"https:\/\/sipin.com.vn\/wp-content\/uploads\/2025\/04\/Honeywell-SZL-WLE-C.png\",\"datePublished\":\"2025-04-14T15:17:25+00:00\",\"dateModified\":\"2025-04-14T15:17:36+00:00\",\"description\":\"HONEYWELL SZL-WLE-C Limit Switch\",\"breadcrumb\":{\"@id\":\"https:\/\/sipin.com.vn\/index.php\/product\/honeywell-szl-wle-c\/#breadcrumb\"},\"inLanguage\":\"vi\",\"potentialAction\":[{\"@type\":\"ReadAction\",\"target\":[\"https:\/\/sipin.com.vn\/index.php\/product\/honeywell-szl-wle-c\/\"]}]},{\"@type\":\"ImageObject\",\"inLanguage\":\"vi\",\"@id\":\"https:\/\/sipin.com.vn\/index.php\/product\/honeywell-szl-wle-c\/#primaryimage\",\"url\":\"https:\/\/sipin.com.vn\/wp-content\/uploads\/2025\/04\/Honeywell-SZL-WLE-C.png\",\"contentUrl\":\"https:\/\/sipin.com.vn\/wp-content\/uploads\/2025\/04\/Honeywell-SZL-WLE-C.png\",\"width\":410,\"height\":465},{\"@type\":\"BreadcrumbList\",\"@id\":\"https:\/\/sipin.com.vn\/index.php\/product\/honeywell-szl-wle-c\/#breadcrumb\",\"itemListElement\":[{\"@type\":\"ListItem\",\"position\":1,\"name\":\"Home\",\"item\":\"https:\/\/sipin.com.vn\/\"},{\"@type\":\"ListItem\",\"position\":2,\"name\":\"S\u1ea2N PH\u1ea8M\",\"item\":\"https:\/\/sipin.com.vn\/index.php\/cua-hang\/\"},{\"@type\":\"ListItem\",\"position\":3,\"name\":\"HONEYWELL SZL-WLE-C\"}]},{\"@type\":\"WebSite\",\"@id\":\"https:\/\/sipin.com.vn\/#website\",\"url\":\"https:\/\/sipin.com.vn\/\",\"name\":\"OMANI VI\u1ec6T NAM\",\"description\":\"Nh\u00e0 ph\u00e2n ph\u1ed1i thi\u1ebft b\u1ecb kh\u00ed n\u00e9n v\u00e0 thi\u1ebft b\u1ecb t\u1ef1 \u0111\u1ed9ng h\u00f3a trong c\u00f4ng nghi\u1ec7p\",\"publisher\":{\"@id\":\"https:\/\/sipin.com.vn\/#\/schema\/person\/0ad398a980dc3fd696111c2c5c8fa897\"},\"potentialAction\":[{\"@type\":\"SearchAction\",\"target\":{\"@type\":\"EntryPoint\",\"urlTemplate\":\"https:\/\/sipin.com.vn\/?s={search_term_string}\"},\"query-input\":\"required name=search_term_string\"}],\"inLanguage\":\"vi\"},{\"@type\":[\"Person\",\"Organization\"],\"@id\":\"https:\/\/sipin.com.vn\/#\/schema\/person\/0ad398a980dc3fd696111c2c5c8fa897\",\"name\":\"Nguy\u1ec5n V\u0103n Kh\u00e1nh\",\"image\":{\"@type\":\"ImageObject\",\"inLanguage\":\"vi\",\"@id\":\"https:\/\/sipin.com.vn\/#\/schema\/person\/image\/\",\"url\":\"https:\/\/sipin.com.vn\/wp-content\/uploads\/2024\/06\/logo-1024x1024.png\",\"contentUrl\":\"https:\/\/sipin.com.vn\/wp-content\/uploads\/2024\/06\/logo-1024x1024.png\",\"width\":1024,\"height\":1024,\"caption\":\"Nguy\u1ec5n V\u0103n Kh\u00e1nh\"},\"logo\":{\"@id\":\"https:\/\/sipin.com.vn\/#\/schema\/person\/image\/\"},\"sameAs\":[\"https:\/\/sipin.com.vn\"]}]}<\/script>\n<!-- \/ Yoast SEO plugin. -->","yoast_head_json":{"title":"HONEYWELL SZL-WLE-C - OMANI VI\u1ec6T NAM","description":"HONEYWELL SZL-WLE-C Limit Switch","robots":{"index":"index","follow":"follow","max-snippet":"max-snippet:-1","max-image-preview":"max-image-preview:large","max-video-preview":"max-video-preview:-1"},"canonical":"https:\/\/sipin.com.vn\/index.php\/product\/honeywell-szl-wle-c\/","og_locale":"vi_VN","og_type":"article","og_title":"HONEYWELL SZL-WLE-C - OMANI VI\u1ec6T NAM","og_description":"HONEYWELL SZL-WLE-C Limit Switch","og_url":"https:\/\/sipin.com.vn\/index.php\/product\/honeywell-szl-wle-c\/","og_site_name":"OMANI VI\u1ec6T NAM","article_modified_time":"2025-04-14T15:17:36+00:00","og_image":[{"width":410,"height":465,"url":"https:\/\/sipin.com.vn\/wp-content\/uploads\/2025\/04\/Honeywell-SZL-WLE-C.png","type":"image\/png"}],"twitter_card":"summary_large_image","twitter_misc":{"\u01af\u1edbc t\u00ednh th\u1eddi gian \u0111\u1ecdc":"1 ph\u00fat"},"schema":{"@context":"https:\/\/schema.org","@graph":[{"@type":"WebPage","@id":"https:\/\/sipin.com.vn\/index.php\/product\/honeywell-szl-wle-c\/","url":"https:\/\/sipin.com.vn\/index.php\/product\/honeywell-szl-wle-c\/","name":"HONEYWELL SZL-WLE-C - OMANI VI\u1ec6T NAM","isPartOf":{"@id":"https:\/\/sipin.com.vn\/#website"},"primaryImageOfPage":{"@id":"https:\/\/sipin.com.vn\/index.php\/product\/honeywell-szl-wle-c\/#primaryimage"},"image":{"@id":"https:\/\/sipin.com.vn\/index.php\/product\/honeywell-szl-wle-c\/#primaryimage"},"thumbnailUrl":"https:\/\/sipin.com.vn\/wp-content\/uploads\/2025\/04\/Honeywell-SZL-WLE-C.png","datePublished":"2025-04-14T15:17:25+00:00","dateModified":"2025-04-14T15:17:36+00:00","description":"HONEYWELL SZL-WLE-C Limit Switch","breadcrumb":{"@id":"https:\/\/sipin.com.vn\/index.php\/product\/honeywell-szl-wle-c\/#breadcrumb"},"inLanguage":"vi","potentialAction":[{"@type":"ReadAction","target":["https:\/\/sipin.com.vn\/index.php\/product\/honeywell-szl-wle-c\/"]}]},{"@type":"ImageObject","inLanguage":"vi","@id":"https:\/\/sipin.com.vn\/index.php\/product\/honeywell-szl-wle-c\/#primaryimage","url":"https:\/\/sipin.com.vn\/wp-content\/uploads\/2025\/04\/Honeywell-SZL-WLE-C.png","contentUrl":"https:\/\/sipin.com.vn\/wp-content\/uploads\/2025\/04\/Honeywell-SZL-WLE-C.png","width":410,"height":465},{"@type":"BreadcrumbList","@id":"https:\/\/sipin.com.vn\/index.php\/product\/honeywell-szl-wle-c\/#breadcrumb","itemListElement":[{"@type":"ListItem","position":1,"name":"Home","item":"https:\/\/sipin.com.vn\/"},{"@type":"ListItem","position":2,"name":"S\u1ea2N PH\u1ea8M","item":"https:\/\/sipin.com.vn\/index.php\/cua-hang\/"},{"@type":"ListItem","position":3,"name":"HONEYWELL SZL-WLE-C"}]},{"@type":"WebSite","@id":"https:\/\/sipin.com.vn\/#website","url":"https:\/\/sipin.com.vn\/","name":"OMANI VI\u1ec6T NAM","description":"Nh\u00e0 ph\u00e2n ph\u1ed1i thi\u1ebft b\u1ecb kh\u00ed n\u00e9n v\u00e0 thi\u1ebft b\u1ecb t\u1ef1 \u0111\u1ed9ng h\u00f3a trong c\u00f4ng nghi\u1ec7p","publisher":{"@id":"https:\/\/sipin.com.vn\/#\/schema\/person\/0ad398a980dc3fd696111c2c5c8fa897"},"potentialAction":[{"@type":"SearchAction","target":{"@type":"EntryPoint","urlTemplate":"https:\/\/sipin.com.vn\/?s={search_term_string}"},"query-input":"required name=search_term_string"}],"inLanguage":"vi"},{"@type":["Person","Organization"],"@id":"https:\/\/sipin.com.vn\/#\/schema\/person\/0ad398a980dc3fd696111c2c5c8fa897","name":"Nguy\u1ec5n V\u0103n Kh\u00e1nh","image":{"@type":"ImageObject","inLanguage":"vi","@id":"https:\/\/sipin.com.vn\/#\/schema\/person\/image\/","url":"https:\/\/sipin.com.vn\/wp-content\/uploads\/2024\/06\/logo-1024x1024.png","contentUrl":"https:\/\/sipin.com.vn\/wp-content\/uploads\/2024\/06\/logo-1024x1024.png","width":1024,"height":1024,"caption":"Nguy\u1ec5n V\u0103n Kh\u00e1nh"},"logo":{"@id":"https:\/\/sipin.com.vn\/#\/schema\/person\/image\/"},"sameAs":["https:\/\/sipin.com.vn"]}]}},"_links":{"self":[{"href":"https:\/\/sipin.com.vn\/index.php\/wp-json\/wp\/v2\/product\/3564","targetHints":{"allow":["GET"]}}],"collection":[{"href":"https:\/\/sipin.com.vn\/index.php\/wp-json\/wp\/v2\/product"}],"about":[{"href":"https:\/\/sipin.com.vn\/index.php\/wp-json\/wp\/v2\/types\/product"}],"replies":[{"embeddable":true,"href":"https:\/\/sipin.com.vn\/index.php\/wp-json\/wp\/v2\/comments?post=3564"}],"wp:featuredmedia":[{"embeddable":true,"href":"https:\/\/sipin.com.vn\/index.php\/wp-json\/wp\/v2\/media\/3565"}],"wp:attachment":[{"href":"https:\/\/sipin.com.vn\/index.php\/wp-json\/wp\/v2\/media?parent=3564"}],"wp:term":[{"taxonomy":"product_cat","embeddable":true,"href":"https:\/\/sipin.com.vn\/index.php\/wp-json\/wp\/v2\/product_cat?post=3564"},{"taxonomy":"product_tag","embeddable":true,"href":"https:\/\/sipin.com.vn\/index.php\/wp-json\/wp\/v2\/product_tag?post=3564"}],"curies":[{"name":"wp","href":"https:\/\/api.w.org\/{rel}","templated":true}]}}