{"id":3449,"date":"2025-03-29T22:56:38","date_gmt":"2025-03-29T15:56:38","guid":{"rendered":"https:\/\/omanivietnam.com\/?post_type=product&#038;p=3449"},"modified":"2025-03-30T22:01:10","modified_gmt":"2025-03-30T15:01:10","slug":"kromschroder-gik-50r02-5","status":"publish","type":"product","link":"https:\/\/sipin.com.vn\/index.php\/product\/kromschroder-gik-50r02-5\/","title":{"rendered":"KROMSCHRODER GIK-50R02-5"},"content":{"rendered":"<p>KROMSCHRODER GIK-50R02-5<\/p>\n<p class=\"title-pro-detail\">B\u1ed9 \u0111i\u1ec1u ch\u1ec9nh \u00e1p su\u1ea5t air\/gas ratio control Kromschroder GIK 65F02-6 (85092220) GIK 50R02-5 (03155158)<\/p>\n<div class=\"desc-pro-detail\">\n<p>Connection size DN 65Connection type Flange to ISO 7005<\/p>\n<p>Pu max.0.2 bar<\/p>\n<p>Weight, kg12,4<\/p>\n<\/div>\n<p class=\"product_heading\"><span data-product=\"48016\">Kromschroder GIK 50R02-5, air\/gas ratio control (03155158)<\/span><\/p>\n<p>Air\/gas ratio control<br \/>\nTo maintain a constant pressure ratio of 1:1<br \/>\nDN 50<br \/>\nRp internal thread<br \/>\npu max. 200 mbar<br \/>\nPressure test point at the outlet<br \/>\nFor gas, EU certified<\/p>\n<p>&nbsp;<\/p>\n","protected":false},"excerpt":{"rendered":"<p>KROMSCHRODER GIK-50R02-5 B\u1ed9 \u0111i\u1ec1u ch\u1ec9nh \u00e1p su\u1ea5t air\/gas ratio control Kromschroder GIK 65F02-6 (85092220) GIK 50R02-5 (03155158) Connection size DN 65Connection type Flange to ISO 7005 Pu max.0.2 bar Weight, kg12,4 Kromschroder GIK 50R02-5, air\/gas ratio control (03155158) Air\/gas ratio control To maintain a constant pressure ratio of 1:1 DN&hellip; <\/p>\n","protected":false},"featured_media":3450,"comment_status":"open","ping_status":"closed","template":"","meta":{"om_disable_all_campaigns":false,"_monsterinsights_skip_tracking":false,"_monsterinsights_sitenote_active":false,"_monsterinsights_sitenote_note":"","_monsterinsights_sitenote_category":0},"product_cat":[15],"product_tag":[194,675,193],"class_list":{"0":"post-3449","1":"product","2":"type-product","3":"status-publish","4":"has-post-thumbnail","6":"product_cat-apex","7":"product_tag-dai-ly-kromschroder-viet-nam","8":"product_tag-gas-air-ratio-regulator","9":"product_tag-kromschroder-viet-nam","11":"first","12":"instock","13":"shipping-taxable","14":"product-type-simple"},"aioseo_notices":[],"yoast_head":"<!-- This site is optimized with the Yoast SEO plugin v22.8 - https:\/\/yoast.com\/wordpress\/plugins\/seo\/ -->\n<title>KROMSCHRODER GIK-50R02-5 - OMANI VI\u1ec6T NAM<\/title>\n<meta name=\"description\" content=\"KROMSCHRODER GIK-50R02-5 Gas\/Air Ratio Regulator\" \/>\n<meta name=\"robots\" content=\"index, follow, max-snippet:-1, max-image-preview:large, max-video-preview:-1\" \/>\n<link rel=\"canonical\" href=\"https:\/\/sipin.com.vn\/index.php\/product\/kromschroder-gik-50r02-5\/\" \/>\n<meta property=\"og:locale\" content=\"vi_VN\" \/>\n<meta property=\"og:type\" content=\"article\" \/>\n<meta property=\"og:title\" content=\"KROMSCHRODER GIK-50R02-5 - OMANI VI\u1ec6T NAM\" \/>\n<meta property=\"og:description\" content=\"KROMSCHRODER GIK-50R02-5 Gas\/Air Ratio Regulator\" \/>\n<meta property=\"og:url\" content=\"https:\/\/sipin.com.vn\/index.php\/product\/kromschroder-gik-50r02-5\/\" \/>\n<meta property=\"og:site_name\" content=\"OMANI VI\u1ec6T NAM\" \/>\n<meta property=\"article:modified_time\" content=\"2025-03-30T15:01:10+00:00\" \/>\n<meta property=\"og:image\" content=\"https:\/\/sipin.com.vn\/wp-content\/uploads\/2025\/03\/GIK-50R02-5.png\" \/>\n\t<meta property=\"og:image:width\" content=\"548\" \/>\n\t<meta property=\"og:image:height\" content=\"728\" \/>\n\t<meta property=\"og:image:type\" content=\"image\/png\" \/>\n<meta name=\"twitter:card\" content=\"summary_large_image\" \/>\n<meta name=\"twitter:label1\" content=\"\u01af\u1edbc t\u00ednh th\u1eddi gian \u0111\u1ecdc\" \/>\n\t<meta name=\"twitter:data1\" content=\"1 ph\u00fat\" \/>\n<script type=\"application\/ld+json\" class=\"yoast-schema-graph\">{\"@context\":\"https:\/\/schema.org\",\"@graph\":[{\"@type\":\"WebPage\",\"@id\":\"https:\/\/sipin.com.vn\/index.php\/product\/kromschroder-gik-50r02-5\/\",\"url\":\"https:\/\/sipin.com.vn\/index.php\/product\/kromschroder-gik-50r02-5\/\",\"name\":\"KROMSCHRODER GIK-50R02-5 - OMANI VI\u1ec6T NAM\",\"isPartOf\":{\"@id\":\"https:\/\/sipin.com.vn\/#website\"},\"primaryImageOfPage\":{\"@id\":\"https:\/\/sipin.com.vn\/index.php\/product\/kromschroder-gik-50r02-5\/#primaryimage\"},\"image\":{\"@id\":\"https:\/\/sipin.com.vn\/index.php\/product\/kromschroder-gik-50r02-5\/#primaryimage\"},\"thumbnailUrl\":\"https:\/\/sipin.com.vn\/wp-content\/uploads\/2025\/03\/GIK-50R02-5.png\",\"datePublished\":\"2025-03-29T15:56:38+00:00\",\"dateModified\":\"2025-03-30T15:01:10+00:00\",\"description\":\"KROMSCHRODER GIK-50R02-5 Gas\/Air Ratio Regulator\",\"breadcrumb\":{\"@id\":\"https:\/\/sipin.com.vn\/index.php\/product\/kromschroder-gik-50r02-5\/#breadcrumb\"},\"inLanguage\":\"vi\",\"potentialAction\":[{\"@type\":\"ReadAction\",\"target\":[\"https:\/\/sipin.com.vn\/index.php\/product\/kromschroder-gik-50r02-5\/\"]}]},{\"@type\":\"ImageObject\",\"inLanguage\":\"vi\",\"@id\":\"https:\/\/sipin.com.vn\/index.php\/product\/kromschroder-gik-50r02-5\/#primaryimage\",\"url\":\"https:\/\/sipin.com.vn\/wp-content\/uploads\/2025\/03\/GIK-50R02-5.png\",\"contentUrl\":\"https:\/\/sipin.com.vn\/wp-content\/uploads\/2025\/03\/GIK-50R02-5.png\",\"width\":548,\"height\":728},{\"@type\":\"BreadcrumbList\",\"@id\":\"https:\/\/sipin.com.vn\/index.php\/product\/kromschroder-gik-50r02-5\/#breadcrumb\",\"itemListElement\":[{\"@type\":\"ListItem\",\"position\":1,\"name\":\"Home\",\"item\":\"https:\/\/sipin.com.vn\/\"},{\"@type\":\"ListItem\",\"position\":2,\"name\":\"S\u1ea2N PH\u1ea8M\",\"item\":\"https:\/\/sipin.com.vn\/index.php\/cua-hang\/\"},{\"@type\":\"ListItem\",\"position\":3,\"name\":\"KROMSCHRODER GIK-50R02-5\"}]},{\"@type\":\"WebSite\",\"@id\":\"https:\/\/sipin.com.vn\/#website\",\"url\":\"https:\/\/sipin.com.vn\/\",\"name\":\"OMANI VI\u1ec6T NAM\",\"description\":\"Nh\u00e0 ph\u00e2n ph\u1ed1i thi\u1ebft b\u1ecb kh\u00ed n\u00e9n v\u00e0 thi\u1ebft b\u1ecb t\u1ef1 \u0111\u1ed9ng h\u00f3a trong c\u00f4ng nghi\u1ec7p\",\"publisher\":{\"@id\":\"https:\/\/sipin.com.vn\/#\/schema\/person\/0ad398a980dc3fd696111c2c5c8fa897\"},\"potentialAction\":[{\"@type\":\"SearchAction\",\"target\":{\"@type\":\"EntryPoint\",\"urlTemplate\":\"https:\/\/sipin.com.vn\/?s={search_term_string}\"},\"query-input\":\"required name=search_term_string\"}],\"inLanguage\":\"vi\"},{\"@type\":[\"Person\",\"Organization\"],\"@id\":\"https:\/\/sipin.com.vn\/#\/schema\/person\/0ad398a980dc3fd696111c2c5c8fa897\",\"name\":\"Nguy\u1ec5n V\u0103n Kh\u00e1nh\",\"image\":{\"@type\":\"ImageObject\",\"inLanguage\":\"vi\",\"@id\":\"https:\/\/sipin.com.vn\/#\/schema\/person\/image\/\",\"url\":\"https:\/\/sipin.com.vn\/wp-content\/uploads\/2024\/06\/logo-1024x1024.png\",\"contentUrl\":\"https:\/\/sipin.com.vn\/wp-content\/uploads\/2024\/06\/logo-1024x1024.png\",\"width\":1024,\"height\":1024,\"caption\":\"Nguy\u1ec5n V\u0103n Kh\u00e1nh\"},\"logo\":{\"@id\":\"https:\/\/sipin.com.vn\/#\/schema\/person\/image\/\"},\"sameAs\":[\"https:\/\/sipin.com.vn\"]}]}<\/script>\n<!-- \/ Yoast SEO plugin. -->","yoast_head_json":{"title":"KROMSCHRODER GIK-50R02-5 - OMANI VI\u1ec6T NAM","description":"KROMSCHRODER GIK-50R02-5 Gas\/Air Ratio Regulator","robots":{"index":"index","follow":"follow","max-snippet":"max-snippet:-1","max-image-preview":"max-image-preview:large","max-video-preview":"max-video-preview:-1"},"canonical":"https:\/\/sipin.com.vn\/index.php\/product\/kromschroder-gik-50r02-5\/","og_locale":"vi_VN","og_type":"article","og_title":"KROMSCHRODER GIK-50R02-5 - OMANI VI\u1ec6T NAM","og_description":"KROMSCHRODER GIK-50R02-5 Gas\/Air Ratio Regulator","og_url":"https:\/\/sipin.com.vn\/index.php\/product\/kromschroder-gik-50r02-5\/","og_site_name":"OMANI VI\u1ec6T NAM","article_modified_time":"2025-03-30T15:01:10+00:00","og_image":[{"width":548,"height":728,"url":"https:\/\/sipin.com.vn\/wp-content\/uploads\/2025\/03\/GIK-50R02-5.png","type":"image\/png"}],"twitter_card":"summary_large_image","twitter_misc":{"\u01af\u1edbc t\u00ednh th\u1eddi gian \u0111\u1ecdc":"1 ph\u00fat"},"schema":{"@context":"https:\/\/schema.org","@graph":[{"@type":"WebPage","@id":"https:\/\/sipin.com.vn\/index.php\/product\/kromschroder-gik-50r02-5\/","url":"https:\/\/sipin.com.vn\/index.php\/product\/kromschroder-gik-50r02-5\/","name":"KROMSCHRODER GIK-50R02-5 - OMANI VI\u1ec6T NAM","isPartOf":{"@id":"https:\/\/sipin.com.vn\/#website"},"primaryImageOfPage":{"@id":"https:\/\/sipin.com.vn\/index.php\/product\/kromschroder-gik-50r02-5\/#primaryimage"},"image":{"@id":"https:\/\/sipin.com.vn\/index.php\/product\/kromschroder-gik-50r02-5\/#primaryimage"},"thumbnailUrl":"https:\/\/sipin.com.vn\/wp-content\/uploads\/2025\/03\/GIK-50R02-5.png","datePublished":"2025-03-29T15:56:38+00:00","dateModified":"2025-03-30T15:01:10+00:00","description":"KROMSCHRODER GIK-50R02-5 Gas\/Air Ratio Regulator","breadcrumb":{"@id":"https:\/\/sipin.com.vn\/index.php\/product\/kromschroder-gik-50r02-5\/#breadcrumb"},"inLanguage":"vi","potentialAction":[{"@type":"ReadAction","target":["https:\/\/sipin.com.vn\/index.php\/product\/kromschroder-gik-50r02-5\/"]}]},{"@type":"ImageObject","inLanguage":"vi","@id":"https:\/\/sipin.com.vn\/index.php\/product\/kromschroder-gik-50r02-5\/#primaryimage","url":"https:\/\/sipin.com.vn\/wp-content\/uploads\/2025\/03\/GIK-50R02-5.png","contentUrl":"https:\/\/sipin.com.vn\/wp-content\/uploads\/2025\/03\/GIK-50R02-5.png","width":548,"height":728},{"@type":"BreadcrumbList","@id":"https:\/\/sipin.com.vn\/index.php\/product\/kromschroder-gik-50r02-5\/#breadcrumb","itemListElement":[{"@type":"ListItem","position":1,"name":"Home","item":"https:\/\/sipin.com.vn\/"},{"@type":"ListItem","position":2,"name":"S\u1ea2N PH\u1ea8M","item":"https:\/\/sipin.com.vn\/index.php\/cua-hang\/"},{"@type":"ListItem","position":3,"name":"KROMSCHRODER GIK-50R02-5"}]},{"@type":"WebSite","@id":"https:\/\/sipin.com.vn\/#website","url":"https:\/\/sipin.com.vn\/","name":"OMANI VI\u1ec6T NAM","description":"Nh\u00e0 ph\u00e2n ph\u1ed1i thi\u1ebft b\u1ecb kh\u00ed n\u00e9n v\u00e0 thi\u1ebft b\u1ecb t\u1ef1 \u0111\u1ed9ng h\u00f3a trong c\u00f4ng nghi\u1ec7p","publisher":{"@id":"https:\/\/sipin.com.vn\/#\/schema\/person\/0ad398a980dc3fd696111c2c5c8fa897"},"potentialAction":[{"@type":"SearchAction","target":{"@type":"EntryPoint","urlTemplate":"https:\/\/sipin.com.vn\/?s={search_term_string}"},"query-input":"required name=search_term_string"}],"inLanguage":"vi"},{"@type":["Person","Organization"],"@id":"https:\/\/sipin.com.vn\/#\/schema\/person\/0ad398a980dc3fd696111c2c5c8fa897","name":"Nguy\u1ec5n V\u0103n Kh\u00e1nh","image":{"@type":"ImageObject","inLanguage":"vi","@id":"https:\/\/sipin.com.vn\/#\/schema\/person\/image\/","url":"https:\/\/sipin.com.vn\/wp-content\/uploads\/2024\/06\/logo-1024x1024.png","contentUrl":"https:\/\/sipin.com.vn\/wp-content\/uploads\/2024\/06\/logo-1024x1024.png","width":1024,"height":1024,"caption":"Nguy\u1ec5n V\u0103n Kh\u00e1nh"},"logo":{"@id":"https:\/\/sipin.com.vn\/#\/schema\/person\/image\/"},"sameAs":["https:\/\/sipin.com.vn"]}]}},"_links":{"self":[{"href":"https:\/\/sipin.com.vn\/index.php\/wp-json\/wp\/v2\/product\/3449","targetHints":{"allow":["GET"]}}],"collection":[{"href":"https:\/\/sipin.com.vn\/index.php\/wp-json\/wp\/v2\/product"}],"about":[{"href":"https:\/\/sipin.com.vn\/index.php\/wp-json\/wp\/v2\/types\/product"}],"replies":[{"embeddable":true,"href":"https:\/\/sipin.com.vn\/index.php\/wp-json\/wp\/v2\/comments?post=3449"}],"wp:featuredmedia":[{"embeddable":true,"href":"https:\/\/sipin.com.vn\/index.php\/wp-json\/wp\/v2\/media\/3450"}],"wp:attachment":[{"href":"https:\/\/sipin.com.vn\/index.php\/wp-json\/wp\/v2\/media?parent=3449"}],"wp:term":[{"taxonomy":"product_cat","embeddable":true,"href":"https:\/\/sipin.com.vn\/index.php\/wp-json\/wp\/v2\/product_cat?post=3449"},{"taxonomy":"product_tag","embeddable":true,"href":"https:\/\/sipin.com.vn\/index.php\/wp-json\/wp\/v2\/product_tag?post=3449"}],"curies":[{"name":"wp","href":"https:\/\/api.w.org\/{rel}","templated":true}]}}