{"id":3416,"date":"2025-03-26T22:54:37","date_gmt":"2025-03-26T15:54:37","guid":{"rendered":"https:\/\/omanivietnam.com\/?post_type=product&#038;p=3416"},"modified":"2025-04-19T16:53:18","modified_gmt":"2025-04-19T09:53:18","slug":"hbm-z6fc3-200kg","status":"publish","type":"product","link":"https:\/\/sipin.com.vn\/index.php\/product\/hbm-z6fc3-200kg\/","title":{"rendered":"HBM Z6FC3 200KG"},"content":{"rendered":"<p>HBM Z6FC3 200KG<\/p>\n<p>C\u1ea3m bi\u1ebfn l\u1ef1c, load cell HBM Z6FC3 50kg, Z6FC3 100kg, Z6FC3 200kg<\/p>\n<p>Loadcell Z6FC3 200kg \u1ee9ng d\u1ee5ng trong c\u00e1c h\u1ec7 th\u1ed1ng c\u00e2n \u0111i\u1ec7n t\u1eed\u2026B\u1ea3o h\u00e0nh 12 th\u00e1ng.<\/p>\n<p>Load cell Z6FC3 200kg<\/p>\n<p><strong><em>Z6FC3 200kg<\/em><\/strong>\u00a0la\u0300 loa\u0323i ca\u0309m bi\u00ea\u0301n do\u0300ng kinh t\u00ea\u0301, a\u0301p du\u0323ng trong ca\u0301c ngha\u0300nh c\u00f4ng nghi\u00ea\u0323p \u0111o l\u01b0\u1eddng.\u00a0<strong><em>Loadcell Z6FC3 200kg<\/em><\/strong>\u00a0c\u00f3 thi\u1ebft k\u1ebf hi\u1ec7n \u0111\u1ea1i, v\u1eadt li\u1ec7u ch\u1ea5t li\u1ec7u cao c\u1ea5p cho \u0111\u1ed9 b\u1ec1n cao.\u00a0<strong><em>Model Z6FC3 200kg<\/em><\/strong>\u00a0c\u00f3 th\u1ec3 ho\u1ea1t \u0111\u1ed9ng li\u00ean t\u1ee5c v\u00e0 \u1ed5n \u0111\u1ecbnh.\u00a0<strong><em>Loadcell Z6FC3 200kg<\/em><\/strong>\u00a0\u1ee9ng d\u1ee5ng trong c\u00e1c h\u1ec7 th\u1ed1ng \u0111o l\u01b0\u1eddng, c\u00e2n \u0111i\u1ec7n t\u1eed.<br \/>\nTh\u00f4ng s\u1ed1 k\u1ef9 thu\u1eadt:<br \/>\nModel:\u00a0<strong><em>Z6FC3 200kg<\/em><\/strong><br \/>\nT\u1ea3i tr\u1ecdng: 200 kg.<br \/>\nT\u00edn hi\u1ec7u ra: 2mV\/V<br \/>\nNhi\u1ec7t \u0111\u1ed9 ho\u1ea1t \u0111\u1ed9ng: -10 ~ 40<sup>o<\/sup>\u00a0C.<br \/>\nC\u1ea5p b\u1ea3o v\u1ec7: IP68.<\/p>\n<p>&nbsp;<\/p>\n<table>\n<tbody>\n<tr>\n<td colspan=\"2\"><strong>Model<\/strong><\/td>\n<td colspan=\"4\"><strong>Z6<\/strong><\/td>\n<\/tr>\n<tr>\n<td colspan=\"2\"><strong>Rated Capacity (kgf)<\/strong><\/td>\n<td colspan=\"2\"><strong>10, 20, 30, 50, 100, 200, 500kgf, 1tf<\/strong><\/td>\n<td><strong>20, 30, 50, 100, 200, 500<\/strong><\/td>\n<td><strong>20, 30, 50, 100, 200<\/strong><\/td>\n<\/tr>\n<tr>\n<td colspan=\"2\"><strong>Accuracy Class<\/strong><\/td>\n<td><strong>D1<\/strong><\/td>\n<td><strong>C3<\/strong><\/td>\n<td><strong>C4<\/strong><\/td>\n<td><strong>C6<\/strong><\/td>\n<\/tr>\n<tr>\n<td colspan=\"2\"><strong>Combined Error (% R.O)<\/strong><\/td>\n<td><strong>\u2264 0.050<\/strong><\/td>\n<td><strong>\u2264 0.0180<\/strong><\/td>\n<td><strong>\u2264 0.0150<\/strong><\/td>\n<td><strong>\u2264 0.0110<\/strong><\/td>\n<\/tr>\n<tr>\n<td colspan=\"2\"><strong>Creep for 30 min (% R.O)<\/strong><\/td>\n<td><strong>\u2264 0.049<\/strong><\/td>\n<td><strong>\u2264 0.0166<\/strong><\/td>\n<td><strong>\u2264 0.0125<\/strong><\/td>\n<td><strong>\u2264 0.0083<\/strong><\/td>\n<\/tr>\n<tr>\n<td rowspan=\"2\"><strong>Excitation<\/strong><\/td>\n<td><strong>Recommended (V)<\/strong><\/td>\n<td colspan=\"4\"><strong>5<\/strong><\/td>\n<\/tr>\n<tr>\n<td><strong>Maximum (V)<\/strong><\/td>\n<td colspan=\"4\"><strong>12<\/strong><\/td>\n<\/tr>\n<tr>\n<td colspan=\"2\"><strong>Compensated Temperature Range (<sup>0<\/sup>C)<\/strong><\/td>\n<td colspan=\"4\"><strong>-10 ~ +40<\/strong><\/td>\n<\/tr>\n<tr>\n<td colspan=\"2\"><strong>Operating Temperature Range (<sup>0<\/sup>C)<\/strong><\/td>\n<td colspan=\"4\"><strong>-30 ~ +80<\/strong><\/td>\n<\/tr>\n<tr>\n<td colspan=\"2\"><strong>Material &amp; plate<\/strong><\/td>\n<td colspan=\"4\"><strong>Stainless steel<\/strong><\/td>\n<\/tr>\n<\/tbody>\n<\/table>\n<p>&nbsp;<\/p>\n<div>Th\u00f4ng s\u1ed1 k\u1ef9 thu\u1eadt:<\/div>\n<div><\/div>\n<table class=\"techSpecs-table\" border=\"1\" cellspacing=\"1\" cellpadding=\"1\">\n<tbody>\n<tr>\n<td><strong>Model c\u1ea3m bi\u1ebfn load cell<\/strong><\/td>\n<td><strong>Z6FD1<\/strong><\/td>\n<td><strong>Z6FC3<\/strong><\/td>\n<\/tr>\n<tr>\n<td>T\u1ea3i tr\u1ecdng<\/td>\n<td>Z6FD1 5kg, 10kg, 20kg, 30kg, 50kg, 100kg, 200kg, 500kg, 1t,<\/td>\n<td>Z6FC3\u00a010kg, 20kg, 30kg, 50kg, 100kg, 200kg, 500kg, 1t,<\/td>\n<\/tr>\n<tr>\n<td>\u0110i\u1ec7n tr\u1edf<\/td>\n<td>2mV\/V \u00a0\u00b1 0.1%<\/td>\n<td>2mV\/V \u00a0\u00b1 0.05%<\/td>\n<\/tr>\n<tr>\n<td>\u1ea2nh h\u01b0\u1edfng nhi\u1ec7t \u0111\u1ed9 \u0111\u1ebfn \u0111i\u1ec3m zero<\/td>\n<td>Z6FD1\u00a0\u00b10.0500<\/td>\n<td>Z6FC3 \u00a0\u00b10.0125<\/td>\n<\/tr>\n<tr>\n<td>\u1ea2nh h\u01b0\u1edfng nhi\u1ec7t \u0111\u1ed9 \u0111\u1ebfn \u0111\u1ed9 nh\u1ea1y<\/td>\n<td>Z6FD1\u00a0\u00b10.0500<\/td>\n<td>Z6FC3 \u00a0\u00b10.0080<\/td>\n<\/tr>\n<tr>\n<td>Tr\u1edf kh\u00e1ng \u0111\u1ea7u v\u00e0o<\/td>\n<td>Z6FD1\u00a0350\u03a9\u2026480\u03a9<\/td>\n<td>Z6FC3 380\u00b120\u03a9<\/td>\n<\/tr>\n<tr>\n<td>Tr\u1edf kh\u00e1ng ng\u00f5 ra<\/td>\n<td>Z6FD1\u00a0356\u00b10.2<\/td>\n<td>Z6FC3 356\u00b12\u03a9<\/td>\n<\/tr>\n<tr>\n<td>Tr\u1edf kh\u00e1ng c\u00e1ch li<\/td>\n<td colspan=\"2\">&gt; 5000 M\u03a9<\/td>\n<\/tr>\n<tr>\n<td>Nhi\u1ec7t \u0111\u1ed9 ho\u1ea1t \u0111\u1ed9ng<\/td>\n<td colspan=\"2\">\u2013 30 ~ +70 C<\/td>\n<\/tr>\n<tr>\n<td>\u0110i\u1ec7n \u00e1p ho\u1ea1t \u0111\u1ed9ng<\/td>\n<td colspan=\"2\">0.5 ~ 12V<\/td>\n<\/tr>\n<tr>\n<td>D\u00e2y t\u00edn hi\u1ec7u<\/td>\n<td colspan=\"2\">L\u00f5i 6 d\u00e2y, c\u00e1p PVC. ( Exc+ Blue , Sen+ Green | Exc- Black, Sen-Grey | Sig+ White, Sig- Red)<\/td>\n<\/tr>\n<tr>\n<td>V\u1eadt li\u1ec7u<\/td>\n<td colspan=\"2\">\u00a0inox kh\u00f4ng g\u1ec9<\/td>\n<\/tr>\n<tr>\n<td>Ti\u00eau chu\u1ea9n b\u1ea3o v\u1ec7<\/td>\n<td colspan=\"2\">IP68<\/td>\n<\/tr>\n<tr>\n<td>Qu\u00e1 t\u1ea3i an to\u00e0n<\/td>\n<td colspan=\"2\">150% FS<\/td>\n<\/tr>\n<tr>\n<td>\u1ee8ng d\u1ee5ng<\/td>\n<td colspan=\"2\">S\u1eed d\u1ee5ng cho c\u00e2n b\u0103ng t\u1ea3i, c\u00e2n b\u1ed3n, c\u00e2n \u0111\u00f3ng g\u00f3i, c\u00e2n b\u00e0n \u0111i\u1ec7n t\u1eed<\/td>\n<\/tr>\n<\/tbody>\n<\/table>\n<p>&nbsp;<\/p>\n<table id=\"03\" class=\"#\" summary=\"Specifications\">\n<tbody>\n<tr class=\"odd\">\n<td><strong>Model<\/strong><\/td>\n<td><strong>Z6FD1-5KG<\/strong><\/td>\n<td><strong>Z6FC3-10KG<\/strong><\/td>\n<td><strong>Z6FC3-20KG, Z6FC3-50KG,<\/strong><br \/>\n<strong>Z6FC3-100KG, Z6FC3-200KG, Z6FC3-500KG, Z6FC3-1t<\/strong><\/td>\n<td><\/td>\n<\/tr>\n<tr class=\"even\">\n<th>Rated capacity<\/th>\n<td>5kg<\/td>\n<td>10kg<\/td>\n<td>20kg, 50kg, 100kg, 200kg, 500kg, 1t<\/td>\n<td><\/td>\n<\/tr>\n<tr class=\"odd\">\n<th>Rated output<\/th>\n<td>2.0 +0.02 -0.002<\/td>\n<td>2\u00b10.1%<\/td>\n<td>2\u00b10.05%<\/td>\n<td>mV\/V<\/td>\n<\/tr>\n<tr class=\"even\">\n<th>Safe overload<\/th>\n<td colspan=\"3\">150<\/td>\n<td>%R.C.<\/td>\n<\/tr>\n<tr class=\"odd\">\n<th>Non-linearity<\/th>\n<td>0.05<\/td>\n<td colspan=\"2\">0.0180 typ.<\/td>\n<td>%R.O.<\/td>\n<\/tr>\n<tr class=\"even\">\n<th>Hysteresis<\/th>\n<td>0.05<\/td>\n<td colspan=\"2\">0.0170 typ.<\/td>\n<td>%R.O.<\/td>\n<\/tr>\n<tr class=\"odd\">\n<th>Creep<\/th>\n<td>0.049<\/td>\n<td colspan=\"2\">0.0166<\/td>\n<td>%R.O.\/30min<\/td>\n<\/tr>\n<tr class=\"even\">\n<th>Compensated temperature range<\/th>\n<td colspan=\"3\">\uff0d10 to \uff0b40<\/td>\n<td>\u2103<\/td>\n<\/tr>\n<tr class=\"odd\">\n<th>Safe temperature range<\/th>\n<td colspan=\"3\">\uff0d30 to \uff0b70<\/td>\n<td>\u2103<\/td>\n<\/tr>\n<tr class=\"even\">\n<th>Temperature effect on zero<\/th>\n<td>0.05<\/td>\n<td colspan=\"2\">0.0125<\/td>\n<td>%R.O.\/10\u2103<\/td>\n<\/tr>\n<tr class=\"odd\">\n<th>Temperature effect on span<\/th>\n<td>0.05<\/td>\n<td colspan=\"2\">0.0080 typ.<\/td>\n<td>%R.O.\/10\u2103<\/td>\n<\/tr>\n<tr class=\"even\">\n<th>Input resistance<\/th>\n<td colspan=\"3\">350 to 480<\/td>\n<td>\u03a9<\/td>\n<\/tr>\n<tr class=\"odd\">\n<th>Output resistance<\/th>\n<td>356\u00b10.2<\/td>\n<td colspan=\"2\">356\u00b10.12<\/td>\n<td>\u03a9<\/td>\n<\/tr>\n<tr class=\"even\">\n<th>Maximum excitation voltage<\/th>\n<td colspan=\"3\">12<\/td>\n<td>V<\/td>\n<\/tr>\n<tr class=\"odd\">\n<th>Insulation resistance<\/th>\n<td colspan=\"3\">5000\u4ee5\u4e0a<\/td>\n<td>M\u03a9<\/td>\n<\/tr>\n<tr class=\"even\">\n<th>Degrees of protection<\/th>\n<td colspan=\"3\">IP68<\/td>\n<td><\/td>\n<\/tr>\n<tr class=\"odd\">\n<th>Cable<\/th>\n<td colspan=\"3\">\u03c65.4 6-conductor color shield cable. Length 3m<\/td>\n<td><\/td>\n<\/tr>\n<tr class=\"even\">\n<th>Cable color code<\/th>\n<td colspan=\"3\">\uff0bEXC\uff1aBlue<br \/>\n\uff0bS\uff1aGreen<br \/>\n\uff0dS\uff1aGray<br \/>\n\uff0dEXC\uff1aBlack<br \/>\n\uff0bSIG\uff1aWhite<br \/>\n\uff0dSIG:Red<br \/>\nSHIELD<\/td>\n<td><\/td>\n<\/tr>\n<tr class=\"odd\">\n<th>Loadcell material<\/th>\n<td colspan=\"3\">Stainless steel<\/td>\n<td><\/td>\n<\/tr>\n<tr class=\"even\">\n<th>Deflection at rated<\/th>\n<td colspan=\"3\">5KG\uff1a0.24<br \/>\n10KG\uff1a0.3<br \/>\n20KG\uff1a0.29<br \/>\n50KG\uff1a0.27<br \/>\n100KG\uff1a0.31<br \/>\n200KG\uff1a0.39<br \/>\n500KG\uff1a0.6<br \/>\n1T\uff1a0.55<\/td>\n<td>mm<\/td>\n<\/tr>\n<tr class=\"odd\">\n<th>Weight<\/th>\n<td colspan=\"3\">5KG\uff5e500KG\uff1a0.5<br \/>\n1T\uff1a2.3<\/td>\n<td>kg<\/td>\n<\/tr>\n<\/tbody>\n<\/table>\n<p>1-Z6FD1\/10KG-1 1-Z6FD1\/20KG-1 1-Z6FD1\/30KG-1 1-Z6FD1\/50KG-1 1-Z6FD1\/100KG-1 1-Z6FD1\/200KG-1 1-Z6FD1\/500KG-1 1-Z6FC3\/10KG-1 1-Z6FC3\/20KG-1 1-Z6FC3\/30KG-1 1-Z6FC3\/50KG-1 1-Z6FC3\/100KG-1 1-Z6FC3\/200KG-1 1-Z6FC3\/500KG-1<\/p>\n<p>Z6 curved beam load cell is an industrial weighing device. It has a very high precision (according to the OIML R 60 standard) and can be used in harsh industrial environments. It is ideal for platform scales, hopper scales\u2026 Z6 load cells are available in many different models (Z6FD1, Z6FC3, ) Key characteristics Bellows welding Stainless steel and mounting accessories made of stainless steel According to OIML R60 standard, 6000d 6-wire system Can be connected in parallel with four corner adjustment Compliance with EMC\/ESD requirements in accordance with EN 45501 Explosion-proof models are available, according to ATEX95<\/p>\n<p>Rated load: 5 kg \/ 10 kg \/ 20 kg \/ 30 kg \/ 50 kg \/ 100 kg \/ 200 kg \/ 500 kg \/ 1 t Accuracy level: D1, C3, Certification: OIML, NTEP, Ex, GOS Protection level: EMC certification Material: stainless steel<\/p>\n<p>\u0110\u1ea1i l\u00fd HBM vietnam, HBM viet nam, HBM vietnam distributor, Ph\u00e2n ph\u1ed1i HBM t\u1ea1i vi\u1ec7t nam<\/p>\n<p>\u0110\u1ea1i l\u00fd HBM vietnam, HBM viet nam, HBM vietnam distributor, Ph\u00e2n ph\u1ed1i HBM t\u1ea1i vi\u1ec7t nam<\/p>\n<p>\u0110\u1ea1i l\u00fd HBM vietnam, HBM viet nam, HBM vietnam distributor, Ph\u00e2n ph\u1ed1i HBM t\u1ea1i vi\u1ec7t nam<\/p>\n<p>\u0110\u1ea1i l\u00fd HBM vietnam, HBM viet nam, HBM vietnam distributor, Ph\u00e2n ph\u1ed1i HBM t\u1ea1i vi\u1ec7t nam<\/p>\n<p>\u0110\u1ea1i l\u00fd HBM vietnam, HBM viet nam, HBM vietnam distributor, Ph\u00e2n ph\u1ed1i HBM t\u1ea1i vi\u1ec7t nam<\/p>\n","protected":false},"excerpt":{"rendered":"<p>HBM Z6FC3 200KG C\u1ea3m bi\u1ebfn l\u1ef1c, load cell HBM Z6FC3 50kg, Z6FC3 100kg, Z6FC3 200kg Loadcell Z6FC3 200kg \u1ee9ng d\u1ee5ng trong c\u00e1c h\u1ec7 th\u1ed1ng c\u00e2n \u0111i\u1ec7n t\u1eed\u2026B\u1ea3o h\u00e0nh 12 th\u00e1ng. Load cell Z6FC3 200kg Z6FC3 200kg\u00a0la\u0300 loa\u0323i ca\u0309m bi\u00ea\u0301n do\u0300ng kinh t\u00ea\u0301, a\u0301p du\u0323ng trong ca\u0301c ngha\u0300nh c\u00f4ng nghi\u00ea\u0323p \u0111o&hellip; <\/p>\n","protected":false},"featured_media":3417,"comment_status":"open","ping_status":"closed","template":"","meta":{"om_disable_all_campaigns":false,"_monsterinsights_skip_tracking":false,"_monsterinsights_sitenote_active":false,"_monsterinsights_sitenote_note":"","_monsterinsights_sitenote_category":0},"product_cat":[15],"product_tag":[650,392,391,651],"class_list":{"0":"post-3416","1":"product","2":"type-product","3":"status-publish","4":"has-post-thumbnail","6":"product_cat-apex","7":"product_tag-cam-bien-luc","8":"product_tag-dai-ly-hbm-viet-nam","9":"product_tag-hbm-viet-nam","10":"product_tag-loadcell","12":"first","13":"instock","14":"shipping-taxable","15":"product-type-simple"},"aioseo_notices":[],"yoast_head":"<!-- This site is optimized with the Yoast SEO plugin v22.8 - https:\/\/yoast.com\/wordpress\/plugins\/seo\/ -->\n<title>HBM Z6FC3 200KG - OMANI VI\u1ec6T NAM<\/title>\n<meta name=\"description\" content=\"HBM Z6FC3 200KG Loadcell\" \/>\n<meta name=\"robots\" content=\"index, follow, max-snippet:-1, max-image-preview:large, max-video-preview:-1\" \/>\n<link rel=\"canonical\" href=\"https:\/\/sipin.com.vn\/index.php\/product\/hbm-z6fc3-200kg\/\" \/>\n<meta property=\"og:locale\" content=\"vi_VN\" \/>\n<meta property=\"og:type\" content=\"article\" \/>\n<meta property=\"og:title\" content=\"HBM Z6FC3 200KG - OMANI VI\u1ec6T NAM\" \/>\n<meta property=\"og:description\" content=\"HBM Z6FC3 200KG Loadcell\" \/>\n<meta property=\"og:url\" content=\"https:\/\/sipin.com.vn\/index.php\/product\/hbm-z6fc3-200kg\/\" \/>\n<meta property=\"og:site_name\" content=\"OMANI VI\u1ec6T NAM\" \/>\n<meta property=\"article:modified_time\" content=\"2025-04-19T09:53:18+00:00\" \/>\n<meta property=\"og:image\" content=\"https:\/\/sipin.com.vn\/wp-content\/uploads\/2025\/03\/Z6FC3-200KG.png\" \/>\n\t<meta property=\"og:image:width\" content=\"1404\" \/>\n\t<meta property=\"og:image:height\" content=\"898\" \/>\n\t<meta property=\"og:image:type\" content=\"image\/png\" \/>\n<meta name=\"twitter:card\" content=\"summary_large_image\" \/>\n<meta name=\"twitter:label1\" content=\"\u01af\u1edbc t\u00ednh th\u1eddi gian \u0111\u1ecdc\" \/>\n\t<meta name=\"twitter:data1\" content=\"5 ph\u00fat\" \/>\n<script type=\"application\/ld+json\" class=\"yoast-schema-graph\">{\"@context\":\"https:\/\/schema.org\",\"@graph\":[{\"@type\":\"WebPage\",\"@id\":\"https:\/\/sipin.com.vn\/index.php\/product\/hbm-z6fc3-200kg\/\",\"url\":\"https:\/\/sipin.com.vn\/index.php\/product\/hbm-z6fc3-200kg\/\",\"name\":\"HBM Z6FC3 200KG - OMANI VI\u1ec6T NAM\",\"isPartOf\":{\"@id\":\"https:\/\/sipin.com.vn\/#website\"},\"primaryImageOfPage\":{\"@id\":\"https:\/\/sipin.com.vn\/index.php\/product\/hbm-z6fc3-200kg\/#primaryimage\"},\"image\":{\"@id\":\"https:\/\/sipin.com.vn\/index.php\/product\/hbm-z6fc3-200kg\/#primaryimage\"},\"thumbnailUrl\":\"https:\/\/sipin.com.vn\/wp-content\/uploads\/2025\/03\/Z6FC3-200KG.png\",\"datePublished\":\"2025-03-26T15:54:37+00:00\",\"dateModified\":\"2025-04-19T09:53:18+00:00\",\"description\":\"HBM Z6FC3 200KG Loadcell\",\"breadcrumb\":{\"@id\":\"https:\/\/sipin.com.vn\/index.php\/product\/hbm-z6fc3-200kg\/#breadcrumb\"},\"inLanguage\":\"vi\",\"potentialAction\":[{\"@type\":\"ReadAction\",\"target\":[\"https:\/\/sipin.com.vn\/index.php\/product\/hbm-z6fc3-200kg\/\"]}]},{\"@type\":\"ImageObject\",\"inLanguage\":\"vi\",\"@id\":\"https:\/\/sipin.com.vn\/index.php\/product\/hbm-z6fc3-200kg\/#primaryimage\",\"url\":\"https:\/\/sipin.com.vn\/wp-content\/uploads\/2025\/03\/Z6FC3-200KG.png\",\"contentUrl\":\"https:\/\/sipin.com.vn\/wp-content\/uploads\/2025\/03\/Z6FC3-200KG.png\",\"width\":1404,\"height\":898},{\"@type\":\"BreadcrumbList\",\"@id\":\"https:\/\/sipin.com.vn\/index.php\/product\/hbm-z6fc3-200kg\/#breadcrumb\",\"itemListElement\":[{\"@type\":\"ListItem\",\"position\":1,\"name\":\"Home\",\"item\":\"https:\/\/sipin.com.vn\/\"},{\"@type\":\"ListItem\",\"position\":2,\"name\":\"S\u1ea2N PH\u1ea8M\",\"item\":\"https:\/\/sipin.com.vn\/index.php\/cua-hang\/\"},{\"@type\":\"ListItem\",\"position\":3,\"name\":\"HBM Z6FC3 200KG\"}]},{\"@type\":\"WebSite\",\"@id\":\"https:\/\/sipin.com.vn\/#website\",\"url\":\"https:\/\/sipin.com.vn\/\",\"name\":\"OMANI VI\u1ec6T NAM\",\"description\":\"Nh\u00e0 ph\u00e2n ph\u1ed1i thi\u1ebft b\u1ecb kh\u00ed n\u00e9n v\u00e0 thi\u1ebft b\u1ecb t\u1ef1 \u0111\u1ed9ng h\u00f3a trong c\u00f4ng nghi\u1ec7p\",\"publisher\":{\"@id\":\"https:\/\/sipin.com.vn\/#\/schema\/person\/0ad398a980dc3fd696111c2c5c8fa897\"},\"potentialAction\":[{\"@type\":\"SearchAction\",\"target\":{\"@type\":\"EntryPoint\",\"urlTemplate\":\"https:\/\/sipin.com.vn\/?s={search_term_string}\"},\"query-input\":\"required name=search_term_string\"}],\"inLanguage\":\"vi\"},{\"@type\":[\"Person\",\"Organization\"],\"@id\":\"https:\/\/sipin.com.vn\/#\/schema\/person\/0ad398a980dc3fd696111c2c5c8fa897\",\"name\":\"Nguy\u1ec5n V\u0103n Kh\u00e1nh\",\"image\":{\"@type\":\"ImageObject\",\"inLanguage\":\"vi\",\"@id\":\"https:\/\/sipin.com.vn\/#\/schema\/person\/image\/\",\"url\":\"https:\/\/sipin.com.vn\/wp-content\/uploads\/2024\/06\/logo-1024x1024.png\",\"contentUrl\":\"https:\/\/sipin.com.vn\/wp-content\/uploads\/2024\/06\/logo-1024x1024.png\",\"width\":1024,\"height\":1024,\"caption\":\"Nguy\u1ec5n V\u0103n Kh\u00e1nh\"},\"logo\":{\"@id\":\"https:\/\/sipin.com.vn\/#\/schema\/person\/image\/\"},\"sameAs\":[\"https:\/\/sipin.com.vn\"]}]}<\/script>\n<!-- \/ Yoast SEO plugin. -->","yoast_head_json":{"title":"HBM Z6FC3 200KG - OMANI VI\u1ec6T NAM","description":"HBM Z6FC3 200KG Loadcell","robots":{"index":"index","follow":"follow","max-snippet":"max-snippet:-1","max-image-preview":"max-image-preview:large","max-video-preview":"max-video-preview:-1"},"canonical":"https:\/\/sipin.com.vn\/index.php\/product\/hbm-z6fc3-200kg\/","og_locale":"vi_VN","og_type":"article","og_title":"HBM Z6FC3 200KG - OMANI VI\u1ec6T NAM","og_description":"HBM Z6FC3 200KG Loadcell","og_url":"https:\/\/sipin.com.vn\/index.php\/product\/hbm-z6fc3-200kg\/","og_site_name":"OMANI VI\u1ec6T NAM","article_modified_time":"2025-04-19T09:53:18+00:00","og_image":[{"width":1404,"height":898,"url":"https:\/\/sipin.com.vn\/wp-content\/uploads\/2025\/03\/Z6FC3-200KG.png","type":"image\/png"}],"twitter_card":"summary_large_image","twitter_misc":{"\u01af\u1edbc t\u00ednh th\u1eddi gian \u0111\u1ecdc":"5 ph\u00fat"},"schema":{"@context":"https:\/\/schema.org","@graph":[{"@type":"WebPage","@id":"https:\/\/sipin.com.vn\/index.php\/product\/hbm-z6fc3-200kg\/","url":"https:\/\/sipin.com.vn\/index.php\/product\/hbm-z6fc3-200kg\/","name":"HBM Z6FC3 200KG - OMANI VI\u1ec6T NAM","isPartOf":{"@id":"https:\/\/sipin.com.vn\/#website"},"primaryImageOfPage":{"@id":"https:\/\/sipin.com.vn\/index.php\/product\/hbm-z6fc3-200kg\/#primaryimage"},"image":{"@id":"https:\/\/sipin.com.vn\/index.php\/product\/hbm-z6fc3-200kg\/#primaryimage"},"thumbnailUrl":"https:\/\/sipin.com.vn\/wp-content\/uploads\/2025\/03\/Z6FC3-200KG.png","datePublished":"2025-03-26T15:54:37+00:00","dateModified":"2025-04-19T09:53:18+00:00","description":"HBM Z6FC3 200KG Loadcell","breadcrumb":{"@id":"https:\/\/sipin.com.vn\/index.php\/product\/hbm-z6fc3-200kg\/#breadcrumb"},"inLanguage":"vi","potentialAction":[{"@type":"ReadAction","target":["https:\/\/sipin.com.vn\/index.php\/product\/hbm-z6fc3-200kg\/"]}]},{"@type":"ImageObject","inLanguage":"vi","@id":"https:\/\/sipin.com.vn\/index.php\/product\/hbm-z6fc3-200kg\/#primaryimage","url":"https:\/\/sipin.com.vn\/wp-content\/uploads\/2025\/03\/Z6FC3-200KG.png","contentUrl":"https:\/\/sipin.com.vn\/wp-content\/uploads\/2025\/03\/Z6FC3-200KG.png","width":1404,"height":898},{"@type":"BreadcrumbList","@id":"https:\/\/sipin.com.vn\/index.php\/product\/hbm-z6fc3-200kg\/#breadcrumb","itemListElement":[{"@type":"ListItem","position":1,"name":"Home","item":"https:\/\/sipin.com.vn\/"},{"@type":"ListItem","position":2,"name":"S\u1ea2N PH\u1ea8M","item":"https:\/\/sipin.com.vn\/index.php\/cua-hang\/"},{"@type":"ListItem","position":3,"name":"HBM Z6FC3 200KG"}]},{"@type":"WebSite","@id":"https:\/\/sipin.com.vn\/#website","url":"https:\/\/sipin.com.vn\/","name":"OMANI VI\u1ec6T NAM","description":"Nh\u00e0 ph\u00e2n ph\u1ed1i thi\u1ebft b\u1ecb kh\u00ed n\u00e9n v\u00e0 thi\u1ebft b\u1ecb t\u1ef1 \u0111\u1ed9ng h\u00f3a trong c\u00f4ng nghi\u1ec7p","publisher":{"@id":"https:\/\/sipin.com.vn\/#\/schema\/person\/0ad398a980dc3fd696111c2c5c8fa897"},"potentialAction":[{"@type":"SearchAction","target":{"@type":"EntryPoint","urlTemplate":"https:\/\/sipin.com.vn\/?s={search_term_string}"},"query-input":"required name=search_term_string"}],"inLanguage":"vi"},{"@type":["Person","Organization"],"@id":"https:\/\/sipin.com.vn\/#\/schema\/person\/0ad398a980dc3fd696111c2c5c8fa897","name":"Nguy\u1ec5n V\u0103n Kh\u00e1nh","image":{"@type":"ImageObject","inLanguage":"vi","@id":"https:\/\/sipin.com.vn\/#\/schema\/person\/image\/","url":"https:\/\/sipin.com.vn\/wp-content\/uploads\/2024\/06\/logo-1024x1024.png","contentUrl":"https:\/\/sipin.com.vn\/wp-content\/uploads\/2024\/06\/logo-1024x1024.png","width":1024,"height":1024,"caption":"Nguy\u1ec5n V\u0103n Kh\u00e1nh"},"logo":{"@id":"https:\/\/sipin.com.vn\/#\/schema\/person\/image\/"},"sameAs":["https:\/\/sipin.com.vn"]}]}},"_links":{"self":[{"href":"https:\/\/sipin.com.vn\/index.php\/wp-json\/wp\/v2\/product\/3416","targetHints":{"allow":["GET"]}}],"collection":[{"href":"https:\/\/sipin.com.vn\/index.php\/wp-json\/wp\/v2\/product"}],"about":[{"href":"https:\/\/sipin.com.vn\/index.php\/wp-json\/wp\/v2\/types\/product"}],"replies":[{"embeddable":true,"href":"https:\/\/sipin.com.vn\/index.php\/wp-json\/wp\/v2\/comments?post=3416"}],"wp:featuredmedia":[{"embeddable":true,"href":"https:\/\/sipin.com.vn\/index.php\/wp-json\/wp\/v2\/media\/3417"}],"wp:attachment":[{"href":"https:\/\/sipin.com.vn\/index.php\/wp-json\/wp\/v2\/media?parent=3416"}],"wp:term":[{"taxonomy":"product_cat","embeddable":true,"href":"https:\/\/sipin.com.vn\/index.php\/wp-json\/wp\/v2\/product_cat?post=3416"},{"taxonomy":"product_tag","embeddable":true,"href":"https:\/\/sipin.com.vn\/index.php\/wp-json\/wp\/v2\/product_tag?post=3416"}],"curies":[{"name":"wp","href":"https:\/\/api.w.org\/{rel}","templated":true}]}}