{"id":3378,"date":"2025-03-20T21:36:32","date_gmt":"2025-03-20T14:36:32","guid":{"rendered":"https:\/\/omanivietnam.com\/?post_type=product&#038;p=3378"},"modified":"2025-03-20T21:37:29","modified_gmt":"2025-03-20T14:37:29","slug":"hiwin-hgw25ccz0c","status":"publish","type":"product","link":"https:\/\/sipin.com.vn\/index.php\/product\/hiwin-hgw25ccz0c\/","title":{"rendered":"HIWIN HGW25CCZ0C"},"content":{"rendered":"<p>HIWIN HGW25CCZ0C<\/p>\n<p>HIWIN HGW25CC2R590Z0C+E2+KK<\/p>\n<p>HIWIN HGW25CC2R604Z0C<\/p>\n<p>HIWIN HGW25CCZ0C<\/p>\n<p>HIWIN HGR25R1120C (E1=E2=20mm)<\/p>\n<div class=\"m-h3--wysiwyg\">Product Overview<\/div>\n<p>Linear Guides, also known as slide rail or linear slide, which is used for linear reciprocating motion, has higher rated load and linear motion precision than linear bearings under the same moving component volume. Also, it bears a certain torque load, achieving high-precision linear motion under high load.<br \/>\nUsed to support and guide moving parts, Linear Guides make reciprocating linear motion in a specified direction. It is mainly used in mechanical structures with high precision requirements. Rolling steel balls are used instead of intermediate medium between the moving element and the fixed element of the Linear Guides rail.<\/p>\n<p class=\"m-h2\">Product Description<\/p>\n<div>Linear Guides Wide Long Blocks<br \/>\nThese linear guides or linear slides are an economy item, The price is cheaper than the MISUMI standard product.They offer a wide variety of sizes to choose from.<br \/>\n[Feature]<br \/>\n\u25cf Rail Length Minimum\/Maximum (mm.): 160 and 2800<br \/>\n\u25cf Assembly Height (mm.): 24, 30, 36, and 42<br \/>\n\u25cf Option: Set (Rail + Block) \/ Block only<br \/>\n\u25cf Material: Carbon Steel 58HRC<br \/>\n[Application]<br \/>\nIt is used in a variety of machines such as CNC machines, 3D printers, measuring instruments, and so on.<\/div>\n<div class=\"title\">Th\u00f4ng tin chi ti\u1ebft s\u1ea3n ph\u1ea9m<\/div>\n<div class=\"details_list_wrap\">\n<div class=\"item\">\n<div class=\"itemTitle\">T\u00ean s\u1ea3n ph\u1ea9m:<\/div>\n<div class=\"itemValue\">nhi\u1ec7m v\u1ee5 n\u1eb7ng n\u1ec1 h\u01b0\u1edbng d\u1eabn tuy\u1ebfn t\u00ednh \u0111\u01b0\u1eddng s\u1eaft<\/div>\n<\/div>\n<div class=\"item\">\n<div class=\"itemTitle\">Chi\u1ec1u d\u00e0i:<\/div>\n<div class=\"itemValue\">100-6000mm (T\u00f9y ch\u1ec9nh)<\/div>\n<\/div>\n<div class=\"item\">\n<div class=\"itemTitle\">\u1ee8ng d\u1ee5ng:<\/div>\n<div class=\"itemValue\">h\u1ec7 th\u1ed1ng t\u1ef1 \u0111\u1ed9ng<\/div>\n<\/div>\n<div class=\"item\">\n<div class=\"itemTitle\">T\u1eeb kh\u00f3a:<\/div>\n<div class=\"itemValue\">V\u00f2ng bi h\u01b0\u1edbng d\u1eabn tuy\u1ebfn t\u00ednh<\/div>\n<\/div>\n<div class=\"item\">\n<div class=\"itemTitle\">C\u1ea5u tr\u00fac:<\/div>\n<div class=\"itemValue\">Thanh tr\u01b0\u1ee3t + Kh\u1ed1i tr\u01b0\u1ee3t<\/div>\n<\/div>\n<div class=\"item\">\n<div class=\"itemTitle\">Lo\u1ea1i kh\u1ed1i:<\/div>\n<div class=\"itemValue\">c\u00f3 m\u1eb7t b\u00edch\/kh\u00f4ng c\u00f3 m\u1eb7t b\u00edch<\/div>\n<\/div>\n<div class=\"item\">\n<div class=\"itemTitle\">lo\u1ea1i h\u01b0\u1edbng d\u1eabn tuy\u1ebfn t\u00ednh:<\/div>\n<div class=\"itemValue\">Lo\u1ea1i W ho\u1eb7c lo\u1ea1i H ho\u1eb7c lo\u1ea1i R<\/div>\n<\/div>\n<div class=\"item\">\n<div class=\"itemTitle\">T\u00ednh n\u0103ng:<\/div>\n<div class=\"itemValue\">\u0111\u1ed9 c\u1ee9ng cao, \u0111\u1ed9 ch\u00ednh x\u00e1c cao<\/div>\n<\/div>\n<\/div>\n<p class=\"CDt4Ke zfr3Q\" dir=\"ltr\"><strong>C\u00e1c t\u00ednh n\u0103ng ch\u00ednh c\u1ee7a d\u00f2ng HGW25<\/strong><strong>CC :<\/strong><\/p>\n<ul class=\"n8H08c UVNKR\">\n<li class=\"TYR86d zfr3Q\" dir=\"ltr\">\n<p class=\"CDt4Ke zfr3Q\" dir=\"ltr\">T\u1ed1c \u0111\u1ed9 cao.<\/p>\n<\/li>\n<li class=\"TYR86d zfr3Q\" dir=\"ltr\">\n<p class=\"CDt4Ke zfr3Q\" dir=\"ltr\">\u0110\u1ed9 ch\u00ednh x\u00e1c cao.<\/p>\n<\/li>\n<li class=\"TYR86d zfr3Q\" dir=\"ltr\">\n<p class=\"CDt4Ke zfr3Q\" dir=\"ltr\">\u0110\u1ed9 c\u1ee9ng cao theo c\u1ea3 4 h\u01b0\u1edbng.<\/p>\n<\/li>\n<li class=\"TYR86d zfr3Q\" dir=\"ltr\">\n<p class=\"CDt4Ke zfr3Q\" dir=\"ltr\">Chuy\u1ec3n \u0111\u1ed9ng th\u1eb3ng tuy\u1ebfn t\u00ednh m\u01b0\u1ee3t m\u00e0.<\/p>\n<\/li>\n<li class=\"TYR86d zfr3Q\" dir=\"ltr\">\n<p class=\"CDt4Ke zfr3Q\" dir=\"ltr\">Kh\u1ea3 n\u0103ng t\u1ef1 \u0111i\u1ec1u ch\u1ec9nh.<\/p>\n<\/li>\n<li class=\"TYR86d zfr3Q\" dir=\"ltr\">\n<p class=\"CDt4Ke zfr3Q\" dir=\"ltr\">R\u00e3nh cho ph\u00e9p ch\u1ecbu t\u1ea3i l\u1edbn v\u00e0 \u0111\u1ed9 c\u1ee9ng cao.<\/p>\n<\/li>\n<li class=\"TYR86d zfr3Q\" dir=\"ltr\">\n<p class=\"CDt4Ke zfr3Q\" dir=\"ltr\">Bi tr\u01b0\u1ee3t c\u00f3 kh\u1ea3 n\u0103ng t\u1ef1 s\u1eafp x\u1ebfp v\u00e0 ho\u1ea1t \u0111\u1ed9ng tr\u01a1n tru.<\/p>\n<\/li>\n<li class=\"TYR86d zfr3Q\" dir=\"ltr\">\n<p class=\"CDt4Ke zfr3Q\" dir=\"ltr\">R\u00e3nh h\u00ecnh tr\u00f2n v\u1edbi di\u1ec7n t\u00edch r\u1ed9ng gi\u00fap cho vi\u1ec7c ti\u1ebfp x\u00fac gi\u1eefa c\u00e1c vi\u00ean bi ho\u1ea1t \u0111\u1ed9ng \u1ed5n \u0111\u1ecbnh.<\/p>\n<\/li>\n<\/ul>\n<p class=\"CDt4Ke zfr3Q\" dir=\"ltr\"><strong>\u1ee8ng d\u1ee5ng HGW<\/strong><strong>25<\/strong><strong>CC :<\/strong><\/p>\n<ul class=\"n8H08c UVNKR\">\n<li class=\"TYR86d zfr3Q\" dir=\"ltr\">\n<p class=\"CDt4Ke zfr3Q\" dir=\"ltr\">M\u00e1y gia c\u00f4ng c\u01a1 kh\u00ed ch\u00ednh x\u00e1c.<\/p>\n<\/li>\n<li class=\"TYR86d zfr3Q\" dir=\"ltr\">\n<p class=\"CDt4Ke zfr3Q\" dir=\"ltr\">M\u00e1y c\u1eaft n\u1eb7ng.<\/p>\n<\/li>\n<li class=\"TYR86d zfr3Q\" dir=\"ltr\">\n<p class=\"CDt4Ke zfr3Q\" dir=\"ltr\">M\u00e1y c\u1eaft \u0111\u00e1.<\/p>\n<\/li>\n<li class=\"TYR86d zfr3Q\" dir=\"ltr\">\n<p class=\"CDt4Ke zfr3Q\" dir=\"ltr\">M\u00e1y m\u00e0i.<\/p>\n<\/li>\n<li class=\"TYR86d zfr3Q\" dir=\"ltr\">\n<p class=\"CDt4Ke zfr3Q\" dir=\"ltr\">M\u00e1y v\u1eadn h\u00e0nh t\u1ed1c \u0111\u1ed9 cao.<\/p>\n<\/li>\n<\/ul>\n<p class=\"CDt4Ke zfr3Q\" dir=\"ltr\"><strong>Model c\u00e1c d\u00f2ng con tr\u01b0\u1ee3t vu\u00f4ng HG Series.<\/strong><\/p>\n<p class=\"CDt4Ke zfr3Q\" dir=\"ltr\">HGH15CA, HGH20CA, HGH20HA, HGH25CA, HGH25HA, HGH30CA, HGH30HA, HGH35CA, HGH35HA, HGH45CA, HGH45HA, HGH45CA, HGH55HA, HGH65CA, HGH65HA<\/p>\n<p class=\"CDt4Ke zfr3Q\" dir=\"ltr\">HGL15CA, HGL25CA, HGL25HA, HGL30CA, HGL30HA, HGL35CA, HGL35HA, HGL45CA, HGL45HA, HGL45CA, HGL55HA<\/p>\n<p class=\"CDt4Ke zfr3Q\" dir=\"ltr\">HGW15CA, HGW20CA, HGW20HA, HGW25CA, HGW25HA, HGW30CA, HGW30HA, HGW35CA, HGW35HA, HGW45CA, HGW45HA, HGW45CA, HGW55HA, HGW65CA, HGW65HA<\/p>\n<p class=\"CDt4Ke zfr3Q\" dir=\"ltr\">HGW15CB, HGW20CB, HGW20HB, HGW25CB, HGW25HB, HGW30CB, HGW30HB, HGW35CB, HGW35HB, HGW45CB, HGW45HB, HGW45CB, HGW55HB, HGW65CB, HGW65HB<\/p>\n<p class=\"CDt4Ke zfr3Q\" dir=\"ltr\">HGW15CC, HGW20CC, HGW20HC, HGW25CC, HGW25HC, HGW30CC, HGW30HC, HGW35CC, HGW35HC, HGW45CC, HGW45HC, HGW45CC, HGW55HC, HGW65CC, HGW65HC<\/p>\n<p class=\"CDt4Ke zfr3Q\" dir=\"ltr\">HG15, HG20, HG25, HG30, HG35, HG45, HG55, HG65<\/p>\n<p class=\"CDt4Ke zfr3Q\" dir=\"ltr\">HGR15, HGR20, HGR25, HGR30, HGR35, HGR40, HGR45, HGR55, HGR65<\/p>\n","protected":false},"excerpt":{"rendered":"<p>HIWIN HGW25CCZ0C HIWIN HGW25CC2R590Z0C+E2+KK HIWIN HGW25CC2R604Z0C HIWIN HGW25CCZ0C HIWIN HGR25R1120C (E1=E2=20mm) Product Overview Linear Guides, also known as slide rail or linear slide, which is used for linear reciprocating motion, has higher rated load and linear motion precision than linear bearings under the same moving component volume. Also, it bears&hellip; <\/p>\n","protected":false},"featured_media":3379,"comment_status":"open","ping_status":"closed","template":"","meta":{"om_disable_all_campaigns":false,"_monsterinsights_skip_tracking":false,"_monsterinsights_sitenote_active":false,"_monsterinsights_sitenote_note":"","_monsterinsights_sitenote_category":0},"product_cat":[15],"product_tag":[617,641,640],"class_list":{"0":"post-3378","1":"product","2":"type-product","3":"status-publish","4":"has-post-thumbnail","6":"product_cat-apex","7":"product_tag-block","8":"product_tag-dai-ly-hiwin-viet-nam","9":"product_tag-hiwin-viet-nam","11":"first","12":"instock","13":"shipping-taxable","14":"product-type-simple"},"aioseo_notices":[],"yoast_head":"<!-- This site is optimized with the Yoast SEO plugin v22.8 - https:\/\/yoast.com\/wordpress\/plugins\/seo\/ -->\n<title>HIWIN HGW25CCZ0C - OMANI VI\u1ec6T NAM<\/title>\n<meta name=\"robots\" content=\"index, follow, max-snippet:-1, max-image-preview:large, max-video-preview:-1\" \/>\n<link rel=\"canonical\" href=\"https:\/\/sipin.com.vn\/index.php\/product\/hiwin-hgw25ccz0c\/\" \/>\n<meta property=\"og:locale\" content=\"vi_VN\" \/>\n<meta property=\"og:type\" content=\"article\" \/>\n<meta property=\"og:title\" content=\"HIWIN HGW25CCZ0C - OMANI VI\u1ec6T NAM\" \/>\n<meta property=\"og:description\" content=\"HIWIN HGW25CCZ0C HIWIN HGW25CC2R590Z0C+E2+KK HIWIN HGW25CC2R604Z0C HIWIN HGW25CCZ0C HIWIN HGR25R1120C (E1=E2=20mm) Product Overview Linear Guides, also known as slide rail or linear slide, which is used for linear reciprocating motion, has higher rated load and linear motion precision than linear bearings under the same moving component volume. Also, it bears&hellip;\" \/>\n<meta property=\"og:url\" content=\"https:\/\/sipin.com.vn\/index.php\/product\/hiwin-hgw25ccz0c\/\" \/>\n<meta property=\"og:site_name\" content=\"OMANI VI\u1ec6T NAM\" \/>\n<meta property=\"article:modified_time\" content=\"2025-03-20T14:37:29+00:00\" \/>\n<meta property=\"og:image\" content=\"https:\/\/sipin.com.vn\/wp-content\/uploads\/2025\/03\/HGW25CCZ0C.png\" \/>\n\t<meta property=\"og:image:width\" content=\"1097\" \/>\n\t<meta property=\"og:image:height\" content=\"922\" \/>\n\t<meta property=\"og:image:type\" content=\"image\/png\" \/>\n<meta name=\"twitter:card\" content=\"summary_large_image\" \/>\n<meta name=\"twitter:label1\" content=\"\u01af\u1edbc t\u00ednh th\u1eddi gian \u0111\u1ecdc\" \/>\n\t<meta name=\"twitter:data1\" content=\"3 ph\u00fat\" \/>\n<script type=\"application\/ld+json\" class=\"yoast-schema-graph\">{\"@context\":\"https:\/\/schema.org\",\"@graph\":[{\"@type\":\"WebPage\",\"@id\":\"https:\/\/sipin.com.vn\/index.php\/product\/hiwin-hgw25ccz0c\/\",\"url\":\"https:\/\/sipin.com.vn\/index.php\/product\/hiwin-hgw25ccz0c\/\",\"name\":\"HIWIN HGW25CCZ0C - OMANI VI\u1ec6T NAM\",\"isPartOf\":{\"@id\":\"https:\/\/sipin.com.vn\/#website\"},\"primaryImageOfPage\":{\"@id\":\"https:\/\/sipin.com.vn\/index.php\/product\/hiwin-hgw25ccz0c\/#primaryimage\"},\"image\":{\"@id\":\"https:\/\/sipin.com.vn\/index.php\/product\/hiwin-hgw25ccz0c\/#primaryimage\"},\"thumbnailUrl\":\"https:\/\/sipin.com.vn\/wp-content\/uploads\/2025\/03\/HGW25CCZ0C.png\",\"datePublished\":\"2025-03-20T14:36:32+00:00\",\"dateModified\":\"2025-03-20T14:37:29+00:00\",\"breadcrumb\":{\"@id\":\"https:\/\/sipin.com.vn\/index.php\/product\/hiwin-hgw25ccz0c\/#breadcrumb\"},\"inLanguage\":\"vi\",\"potentialAction\":[{\"@type\":\"ReadAction\",\"target\":[\"https:\/\/sipin.com.vn\/index.php\/product\/hiwin-hgw25ccz0c\/\"]}]},{\"@type\":\"ImageObject\",\"inLanguage\":\"vi\",\"@id\":\"https:\/\/sipin.com.vn\/index.php\/product\/hiwin-hgw25ccz0c\/#primaryimage\",\"url\":\"https:\/\/sipin.com.vn\/wp-content\/uploads\/2025\/03\/HGW25CCZ0C.png\",\"contentUrl\":\"https:\/\/sipin.com.vn\/wp-content\/uploads\/2025\/03\/HGW25CCZ0C.png\",\"width\":1097,\"height\":922},{\"@type\":\"BreadcrumbList\",\"@id\":\"https:\/\/sipin.com.vn\/index.php\/product\/hiwin-hgw25ccz0c\/#breadcrumb\",\"itemListElement\":[{\"@type\":\"ListItem\",\"position\":1,\"name\":\"Home\",\"item\":\"https:\/\/sipin.com.vn\/\"},{\"@type\":\"ListItem\",\"position\":2,\"name\":\"S\u1ea2N PH\u1ea8M\",\"item\":\"https:\/\/sipin.com.vn\/index.php\/cua-hang\/\"},{\"@type\":\"ListItem\",\"position\":3,\"name\":\"HIWIN HGW25CCZ0C\"}]},{\"@type\":\"WebSite\",\"@id\":\"https:\/\/sipin.com.vn\/#website\",\"url\":\"https:\/\/sipin.com.vn\/\",\"name\":\"OMANI VI\u1ec6T NAM\",\"description\":\"Nh\u00e0 ph\u00e2n ph\u1ed1i thi\u1ebft b\u1ecb kh\u00ed n\u00e9n v\u00e0 thi\u1ebft b\u1ecb t\u1ef1 \u0111\u1ed9ng h\u00f3a trong c\u00f4ng nghi\u1ec7p\",\"publisher\":{\"@id\":\"https:\/\/sipin.com.vn\/#\/schema\/person\/0ad398a980dc3fd696111c2c5c8fa897\"},\"potentialAction\":[{\"@type\":\"SearchAction\",\"target\":{\"@type\":\"EntryPoint\",\"urlTemplate\":\"https:\/\/sipin.com.vn\/?s={search_term_string}\"},\"query-input\":\"required name=search_term_string\"}],\"inLanguage\":\"vi\"},{\"@type\":[\"Person\",\"Organization\"],\"@id\":\"https:\/\/sipin.com.vn\/#\/schema\/person\/0ad398a980dc3fd696111c2c5c8fa897\",\"name\":\"Nguy\u1ec5n V\u0103n Kh\u00e1nh\",\"image\":{\"@type\":\"ImageObject\",\"inLanguage\":\"vi\",\"@id\":\"https:\/\/sipin.com.vn\/#\/schema\/person\/image\/\",\"url\":\"https:\/\/sipin.com.vn\/wp-content\/uploads\/2024\/06\/logo-1024x1024.png\",\"contentUrl\":\"https:\/\/sipin.com.vn\/wp-content\/uploads\/2024\/06\/logo-1024x1024.png\",\"width\":1024,\"height\":1024,\"caption\":\"Nguy\u1ec5n V\u0103n Kh\u00e1nh\"},\"logo\":{\"@id\":\"https:\/\/sipin.com.vn\/#\/schema\/person\/image\/\"},\"sameAs\":[\"https:\/\/sipin.com.vn\"]}]}<\/script>\n<!-- \/ Yoast SEO plugin. -->","yoast_head_json":{"title":"HIWIN HGW25CCZ0C - OMANI VI\u1ec6T NAM","robots":{"index":"index","follow":"follow","max-snippet":"max-snippet:-1","max-image-preview":"max-image-preview:large","max-video-preview":"max-video-preview:-1"},"canonical":"https:\/\/sipin.com.vn\/index.php\/product\/hiwin-hgw25ccz0c\/","og_locale":"vi_VN","og_type":"article","og_title":"HIWIN HGW25CCZ0C - OMANI VI\u1ec6T NAM","og_description":"HIWIN HGW25CCZ0C HIWIN HGW25CC2R590Z0C+E2+KK HIWIN HGW25CC2R604Z0C HIWIN HGW25CCZ0C HIWIN HGR25R1120C (E1=E2=20mm) Product Overview Linear Guides, also known as slide rail or linear slide, which is used for linear reciprocating motion, has higher rated load and linear motion precision than linear bearings under the same moving component volume. Also, it bears&hellip;","og_url":"https:\/\/sipin.com.vn\/index.php\/product\/hiwin-hgw25ccz0c\/","og_site_name":"OMANI VI\u1ec6T NAM","article_modified_time":"2025-03-20T14:37:29+00:00","og_image":[{"width":1097,"height":922,"url":"https:\/\/sipin.com.vn\/wp-content\/uploads\/2025\/03\/HGW25CCZ0C.png","type":"image\/png"}],"twitter_card":"summary_large_image","twitter_misc":{"\u01af\u1edbc t\u00ednh th\u1eddi gian \u0111\u1ecdc":"3 ph\u00fat"},"schema":{"@context":"https:\/\/schema.org","@graph":[{"@type":"WebPage","@id":"https:\/\/sipin.com.vn\/index.php\/product\/hiwin-hgw25ccz0c\/","url":"https:\/\/sipin.com.vn\/index.php\/product\/hiwin-hgw25ccz0c\/","name":"HIWIN HGW25CCZ0C - OMANI VI\u1ec6T NAM","isPartOf":{"@id":"https:\/\/sipin.com.vn\/#website"},"primaryImageOfPage":{"@id":"https:\/\/sipin.com.vn\/index.php\/product\/hiwin-hgw25ccz0c\/#primaryimage"},"image":{"@id":"https:\/\/sipin.com.vn\/index.php\/product\/hiwin-hgw25ccz0c\/#primaryimage"},"thumbnailUrl":"https:\/\/sipin.com.vn\/wp-content\/uploads\/2025\/03\/HGW25CCZ0C.png","datePublished":"2025-03-20T14:36:32+00:00","dateModified":"2025-03-20T14:37:29+00:00","breadcrumb":{"@id":"https:\/\/sipin.com.vn\/index.php\/product\/hiwin-hgw25ccz0c\/#breadcrumb"},"inLanguage":"vi","potentialAction":[{"@type":"ReadAction","target":["https:\/\/sipin.com.vn\/index.php\/product\/hiwin-hgw25ccz0c\/"]}]},{"@type":"ImageObject","inLanguage":"vi","@id":"https:\/\/sipin.com.vn\/index.php\/product\/hiwin-hgw25ccz0c\/#primaryimage","url":"https:\/\/sipin.com.vn\/wp-content\/uploads\/2025\/03\/HGW25CCZ0C.png","contentUrl":"https:\/\/sipin.com.vn\/wp-content\/uploads\/2025\/03\/HGW25CCZ0C.png","width":1097,"height":922},{"@type":"BreadcrumbList","@id":"https:\/\/sipin.com.vn\/index.php\/product\/hiwin-hgw25ccz0c\/#breadcrumb","itemListElement":[{"@type":"ListItem","position":1,"name":"Home","item":"https:\/\/sipin.com.vn\/"},{"@type":"ListItem","position":2,"name":"S\u1ea2N PH\u1ea8M","item":"https:\/\/sipin.com.vn\/index.php\/cua-hang\/"},{"@type":"ListItem","position":3,"name":"HIWIN HGW25CCZ0C"}]},{"@type":"WebSite","@id":"https:\/\/sipin.com.vn\/#website","url":"https:\/\/sipin.com.vn\/","name":"OMANI VI\u1ec6T NAM","description":"Nh\u00e0 ph\u00e2n ph\u1ed1i thi\u1ebft b\u1ecb kh\u00ed n\u00e9n v\u00e0 thi\u1ebft b\u1ecb t\u1ef1 \u0111\u1ed9ng h\u00f3a trong c\u00f4ng nghi\u1ec7p","publisher":{"@id":"https:\/\/sipin.com.vn\/#\/schema\/person\/0ad398a980dc3fd696111c2c5c8fa897"},"potentialAction":[{"@type":"SearchAction","target":{"@type":"EntryPoint","urlTemplate":"https:\/\/sipin.com.vn\/?s={search_term_string}"},"query-input":"required name=search_term_string"}],"inLanguage":"vi"},{"@type":["Person","Organization"],"@id":"https:\/\/sipin.com.vn\/#\/schema\/person\/0ad398a980dc3fd696111c2c5c8fa897","name":"Nguy\u1ec5n V\u0103n Kh\u00e1nh","image":{"@type":"ImageObject","inLanguage":"vi","@id":"https:\/\/sipin.com.vn\/#\/schema\/person\/image\/","url":"https:\/\/sipin.com.vn\/wp-content\/uploads\/2024\/06\/logo-1024x1024.png","contentUrl":"https:\/\/sipin.com.vn\/wp-content\/uploads\/2024\/06\/logo-1024x1024.png","width":1024,"height":1024,"caption":"Nguy\u1ec5n V\u0103n Kh\u00e1nh"},"logo":{"@id":"https:\/\/sipin.com.vn\/#\/schema\/person\/image\/"},"sameAs":["https:\/\/sipin.com.vn"]}]}},"_links":{"self":[{"href":"https:\/\/sipin.com.vn\/index.php\/wp-json\/wp\/v2\/product\/3378","targetHints":{"allow":["GET"]}}],"collection":[{"href":"https:\/\/sipin.com.vn\/index.php\/wp-json\/wp\/v2\/product"}],"about":[{"href":"https:\/\/sipin.com.vn\/index.php\/wp-json\/wp\/v2\/types\/product"}],"replies":[{"embeddable":true,"href":"https:\/\/sipin.com.vn\/index.php\/wp-json\/wp\/v2\/comments?post=3378"}],"wp:featuredmedia":[{"embeddable":true,"href":"https:\/\/sipin.com.vn\/index.php\/wp-json\/wp\/v2\/media\/3379"}],"wp:attachment":[{"href":"https:\/\/sipin.com.vn\/index.php\/wp-json\/wp\/v2\/media?parent=3378"}],"wp:term":[{"taxonomy":"product_cat","embeddable":true,"href":"https:\/\/sipin.com.vn\/index.php\/wp-json\/wp\/v2\/product_cat?post=3378"},{"taxonomy":"product_tag","embeddable":true,"href":"https:\/\/sipin.com.vn\/index.php\/wp-json\/wp\/v2\/product_tag?post=3378"}],"curies":[{"name":"wp","href":"https:\/\/api.w.org\/{rel}","templated":true}]}}