{"id":3347,"date":"2025-03-15T20:51:54","date_gmt":"2025-03-15T13:51:54","guid":{"rendered":"https:\/\/omanivietnam.com\/?post_type=product&#038;p=3347"},"modified":"2025-03-15T20:51:54","modified_gmt":"2025-03-15T13:51:54","slug":"smc-af40-f04d-a","status":"publish","type":"product","link":"https:\/\/sipin.com.vn\/index.php\/product\/smc-af40-f04d-a\/","title":{"rendered":"SMC AF40-F04D-A"},"content":{"rendered":"<p>SMC AF40-F04D-A<\/p>\n<p class=\"m-h1\">Air Filter AF10-A to AF60-A (AF40-F04D-A)<\/p>\n<p class=\"m-h2\">Product Description<\/p>\n<p>An SMC air filter.<br \/>\n[Features]<br \/>\n\u00b7 Improved usability: the element and bowl are combined into one unit, making it possible to replace the element by hand.<br \/>\n\u00b7 The amount of space required for maintenance has been reduced (reduction of up to 46%).<br \/>\n\u00b7 Improved visibility and safety<br \/>\nThe bowl is completely covered by transparent bowl guard.<br \/>\nThis allows for 360\u00b0 monitoring while also protecting the bowl from the external environment, helping improve safety.<\/p>\n<p>&nbsp;<\/p>\n<h3 class=\"m-h3\"><span data-lang=\"ENG\">Configured Specifications<\/span><\/h3>\n<table class=\"m-listTable\" summary=\"Price, Spec., etc.\">\n<colgroup>\n<col width=\"20%\" \/>\n<col width=\"30%\" \/>\n<col width=\"20%\" \/>\n<col width=\"30%\" \/><\/colgroup>\n<tbody>\n<tr>\n<th>Filtration Level<\/th>\n<td>5\u03bcm<\/td>\n<th>Plumbing Thread Nominal<\/th>\n<td>1\/2<\/td>\n<\/tr>\n<tr>\n<th>Compressed Air Quality<\/th>\n<td>General Dry Air<\/td>\n<th>Type<\/th>\n<td>Standard<\/td>\n<\/tr>\n<tr>\n<th>Connection Type<\/th>\n<td>[G] G<\/td>\n<th>Operating Environment<\/th>\n<td>Standard<\/td>\n<\/tr>\n<tr>\n<th>Drain Cock<\/th>\n<td>[Auto Float Type] N.O. Automatic Drain<\/td>\n<th>Bowl Material<\/th>\n<td>[Plastic] Nylon Case<\/td>\n<\/tr>\n<tr>\n<th>Bowl Guard<\/th>\n<td>Presence<\/td>\n<th>Flow Direction<\/th>\n<td>[(Right)] From Left to Right<\/td>\n<\/tr>\n<tr>\n<th>Size of Body<\/th>\n<td>40<\/td>\n<th>Accessory<\/th>\n<td>None<\/td>\n<\/tr>\n<tr class=\"VN_table-row\">\n<th>Drain Outlet<\/th>\n<td>With drain cock<\/td>\n<th>Pressure Unit<\/th>\n<td>Name plate and bowl caution plate units: MPa<\/td>\n<\/tr>\n<tr class=\"VN_table-row\">\n<th>Custom-made Specifications<\/th>\n<td>None<\/td>\n<th>&#8211;<\/th>\n<td>&#8211;<\/td>\n<\/tr>\n<\/tbody>\n<\/table>\n","protected":false},"excerpt":{"rendered":"<p>SMC AF40-F04D-A Air Filter AF10-A to AF60-A (AF40-F04D-A) Product Description An SMC air filter. [Features] \u00b7 Improved usability: the element and bowl are combined into one unit, making it possible to replace the element by hand. \u00b7 The amount of space required for maintenance has been reduced (reduction of up&hellip; <\/p>\n","protected":false},"featured_media":3348,"comment_status":"open","ping_status":"closed","template":"","meta":{"om_disable_all_campaigns":false,"_monsterinsights_skip_tracking":false,"_monsterinsights_sitenote_active":false,"_monsterinsights_sitenote_note":"","_monsterinsights_sitenote_category":0},"product_cat":[15],"product_tag":[93,92,350],"class_list":{"0":"post-3347","1":"product","2":"type-product","3":"status-publish","4":"has-post-thumbnail","6":"product_cat-apex","7":"product_tag-dai-ly-smc-viet-nam","8":"product_tag-smc-viet-nam","9":"product_tag-thiet-bi-loc-khi","11":"first","12":"instock","13":"shipping-taxable","14":"product-type-simple"},"aioseo_notices":[],"yoast_head":"<!-- This site is optimized with the Yoast SEO plugin v22.8 - https:\/\/yoast.com\/wordpress\/plugins\/seo\/ -->\n<title>SMC AF40-F04D-A - OMANI VI\u1ec6T NAM<\/title>\n<meta name=\"description\" content=\"SMC AF40-F04D-A Air Filter\" \/>\n<meta name=\"robots\" content=\"index, follow, max-snippet:-1, max-image-preview:large, max-video-preview:-1\" \/>\n<link rel=\"canonical\" href=\"https:\/\/sipin.com.vn\/index.php\/product\/smc-af40-f04d-a\/\" \/>\n<meta property=\"og:locale\" content=\"vi_VN\" \/>\n<meta property=\"og:type\" content=\"article\" \/>\n<meta property=\"og:title\" content=\"SMC AF40-F04D-A - OMANI VI\u1ec6T NAM\" \/>\n<meta property=\"og:description\" content=\"SMC AF40-F04D-A Air Filter\" \/>\n<meta property=\"og:url\" content=\"https:\/\/sipin.com.vn\/index.php\/product\/smc-af40-f04d-a\/\" \/>\n<meta property=\"og:site_name\" content=\"OMANI VI\u1ec6T NAM\" \/>\n<meta property=\"og:image\" content=\"https:\/\/sipin.com.vn\/wp-content\/uploads\/2025\/03\/AF40-F04D-A.png\" \/>\n\t<meta property=\"og:image:width\" content=\"460\" \/>\n\t<meta property=\"og:image:height\" content=\"812\" \/>\n\t<meta property=\"og:image:type\" content=\"image\/png\" \/>\n<meta name=\"twitter:card\" content=\"summary_large_image\" \/>\n<meta name=\"twitter:label1\" content=\"\u01af\u1edbc t\u00ednh th\u1eddi gian \u0111\u1ecdc\" \/>\n\t<meta name=\"twitter:data1\" content=\"2 ph\u00fat\" \/>\n<script type=\"application\/ld+json\" class=\"yoast-schema-graph\">{\"@context\":\"https:\/\/schema.org\",\"@graph\":[{\"@type\":\"WebPage\",\"@id\":\"https:\/\/sipin.com.vn\/index.php\/product\/smc-af40-f04d-a\/\",\"url\":\"https:\/\/sipin.com.vn\/index.php\/product\/smc-af40-f04d-a\/\",\"name\":\"SMC AF40-F04D-A - OMANI VI\u1ec6T NAM\",\"isPartOf\":{\"@id\":\"https:\/\/sipin.com.vn\/#website\"},\"primaryImageOfPage\":{\"@id\":\"https:\/\/sipin.com.vn\/index.php\/product\/smc-af40-f04d-a\/#primaryimage\"},\"image\":{\"@id\":\"https:\/\/sipin.com.vn\/index.php\/product\/smc-af40-f04d-a\/#primaryimage\"},\"thumbnailUrl\":\"https:\/\/sipin.com.vn\/wp-content\/uploads\/2025\/03\/AF40-F04D-A.png\",\"datePublished\":\"2025-03-15T13:51:54+00:00\",\"dateModified\":\"2025-03-15T13:51:54+00:00\",\"description\":\"SMC AF40-F04D-A Air Filter\",\"breadcrumb\":{\"@id\":\"https:\/\/sipin.com.vn\/index.php\/product\/smc-af40-f04d-a\/#breadcrumb\"},\"inLanguage\":\"vi\",\"potentialAction\":[{\"@type\":\"ReadAction\",\"target\":[\"https:\/\/sipin.com.vn\/index.php\/product\/smc-af40-f04d-a\/\"]}]},{\"@type\":\"ImageObject\",\"inLanguage\":\"vi\",\"@id\":\"https:\/\/sipin.com.vn\/index.php\/product\/smc-af40-f04d-a\/#primaryimage\",\"url\":\"https:\/\/sipin.com.vn\/wp-content\/uploads\/2025\/03\/AF40-F04D-A.png\",\"contentUrl\":\"https:\/\/sipin.com.vn\/wp-content\/uploads\/2025\/03\/AF40-F04D-A.png\",\"width\":460,\"height\":812},{\"@type\":\"BreadcrumbList\",\"@id\":\"https:\/\/sipin.com.vn\/index.php\/product\/smc-af40-f04d-a\/#breadcrumb\",\"itemListElement\":[{\"@type\":\"ListItem\",\"position\":1,\"name\":\"Home\",\"item\":\"https:\/\/sipin.com.vn\/\"},{\"@type\":\"ListItem\",\"position\":2,\"name\":\"S\u1ea2N PH\u1ea8M\",\"item\":\"https:\/\/sipin.com.vn\/index.php\/cua-hang\/\"},{\"@type\":\"ListItem\",\"position\":3,\"name\":\"SMC AF40-F04D-A\"}]},{\"@type\":\"WebSite\",\"@id\":\"https:\/\/sipin.com.vn\/#website\",\"url\":\"https:\/\/sipin.com.vn\/\",\"name\":\"OMANI VI\u1ec6T NAM\",\"description\":\"Nh\u00e0 ph\u00e2n ph\u1ed1i thi\u1ebft b\u1ecb kh\u00ed n\u00e9n v\u00e0 thi\u1ebft b\u1ecb t\u1ef1 \u0111\u1ed9ng h\u00f3a trong c\u00f4ng nghi\u1ec7p\",\"publisher\":{\"@id\":\"https:\/\/sipin.com.vn\/#\/schema\/person\/0ad398a980dc3fd696111c2c5c8fa897\"},\"potentialAction\":[{\"@type\":\"SearchAction\",\"target\":{\"@type\":\"EntryPoint\",\"urlTemplate\":\"https:\/\/sipin.com.vn\/?s={search_term_string}\"},\"query-input\":\"required name=search_term_string\"}],\"inLanguage\":\"vi\"},{\"@type\":[\"Person\",\"Organization\"],\"@id\":\"https:\/\/sipin.com.vn\/#\/schema\/person\/0ad398a980dc3fd696111c2c5c8fa897\",\"name\":\"Nguy\u1ec5n V\u0103n Kh\u00e1nh\",\"image\":{\"@type\":\"ImageObject\",\"inLanguage\":\"vi\",\"@id\":\"https:\/\/sipin.com.vn\/#\/schema\/person\/image\/\",\"url\":\"https:\/\/sipin.com.vn\/wp-content\/uploads\/2024\/06\/logo-1024x1024.png\",\"contentUrl\":\"https:\/\/sipin.com.vn\/wp-content\/uploads\/2024\/06\/logo-1024x1024.png\",\"width\":1024,\"height\":1024,\"caption\":\"Nguy\u1ec5n V\u0103n Kh\u00e1nh\"},\"logo\":{\"@id\":\"https:\/\/sipin.com.vn\/#\/schema\/person\/image\/\"},\"sameAs\":[\"https:\/\/sipin.com.vn\"]}]}<\/script>\n<!-- \/ Yoast SEO plugin. -->","yoast_head_json":{"title":"SMC AF40-F04D-A - OMANI VI\u1ec6T NAM","description":"SMC AF40-F04D-A Air Filter","robots":{"index":"index","follow":"follow","max-snippet":"max-snippet:-1","max-image-preview":"max-image-preview:large","max-video-preview":"max-video-preview:-1"},"canonical":"https:\/\/sipin.com.vn\/index.php\/product\/smc-af40-f04d-a\/","og_locale":"vi_VN","og_type":"article","og_title":"SMC AF40-F04D-A - OMANI VI\u1ec6T NAM","og_description":"SMC AF40-F04D-A Air Filter","og_url":"https:\/\/sipin.com.vn\/index.php\/product\/smc-af40-f04d-a\/","og_site_name":"OMANI VI\u1ec6T NAM","og_image":[{"width":460,"height":812,"url":"https:\/\/sipin.com.vn\/wp-content\/uploads\/2025\/03\/AF40-F04D-A.png","type":"image\/png"}],"twitter_card":"summary_large_image","twitter_misc":{"\u01af\u1edbc t\u00ednh th\u1eddi gian \u0111\u1ecdc":"2 ph\u00fat"},"schema":{"@context":"https:\/\/schema.org","@graph":[{"@type":"WebPage","@id":"https:\/\/sipin.com.vn\/index.php\/product\/smc-af40-f04d-a\/","url":"https:\/\/sipin.com.vn\/index.php\/product\/smc-af40-f04d-a\/","name":"SMC AF40-F04D-A - OMANI VI\u1ec6T NAM","isPartOf":{"@id":"https:\/\/sipin.com.vn\/#website"},"primaryImageOfPage":{"@id":"https:\/\/sipin.com.vn\/index.php\/product\/smc-af40-f04d-a\/#primaryimage"},"image":{"@id":"https:\/\/sipin.com.vn\/index.php\/product\/smc-af40-f04d-a\/#primaryimage"},"thumbnailUrl":"https:\/\/sipin.com.vn\/wp-content\/uploads\/2025\/03\/AF40-F04D-A.png","datePublished":"2025-03-15T13:51:54+00:00","dateModified":"2025-03-15T13:51:54+00:00","description":"SMC AF40-F04D-A Air Filter","breadcrumb":{"@id":"https:\/\/sipin.com.vn\/index.php\/product\/smc-af40-f04d-a\/#breadcrumb"},"inLanguage":"vi","potentialAction":[{"@type":"ReadAction","target":["https:\/\/sipin.com.vn\/index.php\/product\/smc-af40-f04d-a\/"]}]},{"@type":"ImageObject","inLanguage":"vi","@id":"https:\/\/sipin.com.vn\/index.php\/product\/smc-af40-f04d-a\/#primaryimage","url":"https:\/\/sipin.com.vn\/wp-content\/uploads\/2025\/03\/AF40-F04D-A.png","contentUrl":"https:\/\/sipin.com.vn\/wp-content\/uploads\/2025\/03\/AF40-F04D-A.png","width":460,"height":812},{"@type":"BreadcrumbList","@id":"https:\/\/sipin.com.vn\/index.php\/product\/smc-af40-f04d-a\/#breadcrumb","itemListElement":[{"@type":"ListItem","position":1,"name":"Home","item":"https:\/\/sipin.com.vn\/"},{"@type":"ListItem","position":2,"name":"S\u1ea2N PH\u1ea8M","item":"https:\/\/sipin.com.vn\/index.php\/cua-hang\/"},{"@type":"ListItem","position":3,"name":"SMC AF40-F04D-A"}]},{"@type":"WebSite","@id":"https:\/\/sipin.com.vn\/#website","url":"https:\/\/sipin.com.vn\/","name":"OMANI VI\u1ec6T NAM","description":"Nh\u00e0 ph\u00e2n ph\u1ed1i thi\u1ebft b\u1ecb kh\u00ed n\u00e9n v\u00e0 thi\u1ebft b\u1ecb t\u1ef1 \u0111\u1ed9ng h\u00f3a trong c\u00f4ng nghi\u1ec7p","publisher":{"@id":"https:\/\/sipin.com.vn\/#\/schema\/person\/0ad398a980dc3fd696111c2c5c8fa897"},"potentialAction":[{"@type":"SearchAction","target":{"@type":"EntryPoint","urlTemplate":"https:\/\/sipin.com.vn\/?s={search_term_string}"},"query-input":"required name=search_term_string"}],"inLanguage":"vi"},{"@type":["Person","Organization"],"@id":"https:\/\/sipin.com.vn\/#\/schema\/person\/0ad398a980dc3fd696111c2c5c8fa897","name":"Nguy\u1ec5n V\u0103n Kh\u00e1nh","image":{"@type":"ImageObject","inLanguage":"vi","@id":"https:\/\/sipin.com.vn\/#\/schema\/person\/image\/","url":"https:\/\/sipin.com.vn\/wp-content\/uploads\/2024\/06\/logo-1024x1024.png","contentUrl":"https:\/\/sipin.com.vn\/wp-content\/uploads\/2024\/06\/logo-1024x1024.png","width":1024,"height":1024,"caption":"Nguy\u1ec5n V\u0103n Kh\u00e1nh"},"logo":{"@id":"https:\/\/sipin.com.vn\/#\/schema\/person\/image\/"},"sameAs":["https:\/\/sipin.com.vn"]}]}},"_links":{"self":[{"href":"https:\/\/sipin.com.vn\/index.php\/wp-json\/wp\/v2\/product\/3347","targetHints":{"allow":["GET"]}}],"collection":[{"href":"https:\/\/sipin.com.vn\/index.php\/wp-json\/wp\/v2\/product"}],"about":[{"href":"https:\/\/sipin.com.vn\/index.php\/wp-json\/wp\/v2\/types\/product"}],"replies":[{"embeddable":true,"href":"https:\/\/sipin.com.vn\/index.php\/wp-json\/wp\/v2\/comments?post=3347"}],"wp:featuredmedia":[{"embeddable":true,"href":"https:\/\/sipin.com.vn\/index.php\/wp-json\/wp\/v2\/media\/3348"}],"wp:attachment":[{"href":"https:\/\/sipin.com.vn\/index.php\/wp-json\/wp\/v2\/media?parent=3347"}],"wp:term":[{"taxonomy":"product_cat","embeddable":true,"href":"https:\/\/sipin.com.vn\/index.php\/wp-json\/wp\/v2\/product_cat?post=3347"},{"taxonomy":"product_tag","embeddable":true,"href":"https:\/\/sipin.com.vn\/index.php\/wp-json\/wp\/v2\/product_tag?post=3347"}],"curies":[{"name":"wp","href":"https:\/\/api.w.org\/{rel}","templated":true}]}}