{"id":3298,"date":"2025-03-05T22:27:11","date_gmt":"2025-03-05T15:27:11","guid":{"rendered":"https:\/\/omanivietnam.com\/?post_type=product&#038;p=3298"},"modified":"2025-03-05T22:27:11","modified_gmt":"2025-03-05T15:27:11","slug":"honeywell-zt931","status":"publish","type":"product","link":"https:\/\/sipin.com.vn\/index.php\/product\/honeywell-zt931\/","title":{"rendered":"HONEYWELL ZT931"},"content":{"rendered":"<p>HONEYWELL ZT931<\/p>\n<div class=\"subtitle-footer productLongDescTitle\">Description<\/div>\n<div class=\"productLongDesc\">\n<p><strong><i>OBSOLETE MATERIAL.<\/i><\/strong><\/p>\n<p>The Satronic ZT 931 high frequency ignition transformer is suitable for use with power gas burners of unlimited rating. The ZT 931 enables a big spark deformation on burners with a high fire-rating or high combustion-air velocity.<\/p>\n<div><\/div>\n<div><\/div>\n<div>Specifications:<\/div>\n<div><\/div>\n<div>&#8211; Complete reference: \u00a0ZT 931\u00a0 pin \u00f8 1 mm (13131U Honeywell), ZT 931 pin \u00f8 4 mm (13134U Honeywell)<\/div>\n<div>&#8211;\u00a0For power gas burners of unlimited rating. With plug-in ignition and power supply cables, designed to fit beneath the burner safety control box.<\/div>\n<div>&#8211; Power supply: 220 &#8211; 240V<\/div>\n<div>&#8211; Connections:\u00a03 AMP plug type terminals 6.30 x 0.8 mm<\/div>\n<div>&#8211; High tension:\u00a0 \u00f8 4 mm pin or \u00f8 1 mm pin<\/div>\n<div>&#8211; \u00a0ZT 931 4.0 mm pin (13134U) to suit standard ignition cable connectors, e.g. for pre-assembled &#8220;Teflon&#8221; H.T. cables. ZT 931 1.0 mm pin (13134U) to suit 7.0 mm silicon H.T. cable in conjunction with the Satronic clip.<\/div>\n<div><\/div>\n<\/div>\n<p>Bi\u1ebfn th\u1ebf \u0111\u00e1nh l\u1eeda l\u00e0 m\u1ed9t ph\u1ea7n quan tr\u1ecdng trong h\u1ec7 th\u1ed1ng \u0111\u1ed1t c\u1ee7a c\u00e1c thi\u1ebft b\u1ecb \u0111\u1ed1t c\u00f4ng nghi\u1ec7p nh\u01b0 l\u00f2 nung, l\u00f2 h\u01a1i, m\u00e1y n\u00e9n kh\u00ed v\u00e0 c\u00e1c h\u1ec7 th\u1ed1ng \u0111\u1ed1t kh\u00e1c. Bi\u1ebfn th\u1ebf \u0111\u00e1nh l\u1eeda \u0111\u01b0\u1ee3c s\u1eed d\u1ee5ng \u0111\u1ec3 t\u1ea1o ra \u0111i\u1ec7n \u00e1p cao \u0111\u1ec3 t\u1ea1o l\u1eeda trong qu\u00e1 tr\u00ecnh \u0111\u1ed1t. N\u00f3 l\u00e0 m\u1ed9t ph\u1ea7n kh\u00f4ng th\u1ec3 thi\u1ebfu \u0111\u1ec3 \u0111\u1ea3m b\u1ea3o ho\u1ea1t \u0111\u1ed9ng \u1ed5n \u0111\u1ecbnh v\u00e0 hi\u1ec7u qu\u1ea3 c\u1ee7a h\u1ec7 th\u1ed1ng \u0111\u1ed1t.<\/p>\n<p>C\u00e1c bi\u1ebfn th\u1ebf \u0111\u00e1nh l\u1eeda th\u01b0\u1eddng \u0111\u01b0\u1ee3c thi\u1ebft k\u1ebf \u0111\u1ec3 ho\u1ea1t \u0111\u1ed9ng \u1edf \u0111i\u1ec7n \u00e1p \u0111\u1ecbnh m\u1ee9c c\u1ee5 th\u1ec3 v\u00e0 c\u00f3 th\u1ec3 c\u00f3 nhi\u1ec1u ki\u1ec3u d\u00e1ng v\u00e0 k\u00edch th\u01b0\u1edbc kh\u00e1c nhau t\u00f9y thu\u1ed9c v\u00e0o \u1ee9ng d\u1ee5ng v\u00e0 lo\u1ea1i h\u1ec7 th\u1ed1ng \u0111\u1ed1t. Ch\u00fang th\u01b0\u1eddng \u0111\u01b0\u1ee3c s\u1ea3n xu\u1ea5t t\u1eeb c\u00e1c v\u1eadt li\u1ec7u ch\u1ea5t l\u01b0\u1ee3ng cao \u0111\u1ec3 \u0111\u1ea3m b\u1ea3o \u0111\u1ed9 b\u1ec1n v\u00e0 \u0111\u1ed9 tin c\u1eady trong m\u00f4i tr\u01b0\u1eddng c\u00f4ng nghi\u1ec7p kh\u1eafc nghi\u1ec7t.<\/p>\n<p>V\u1edbi vai tr\u00f2 quan tr\u1ecdng trong qu\u00e1 tr\u00ecnh \u0111\u00e1nh l\u1eeda, b\u1ed9 bi\u1ebfn th\u1ebf \u0111\u00e1nh l\u1eeda l\u00e0 m\u1ed9t th\u00e0nh ph\u1ea7n quan tr\u1ecdng trong vi\u1ec7c duy tr\u00ec an to\u00e0n v\u00e0 hi\u1ec7u qu\u1ea3 c\u1ee7a c\u00e1c h\u1ec7 th\u1ed1ng s\u01b0\u1edfi. Vi\u1ec7c b\u1ea3o tr\u00ec v\u00e0 ki\u1ec3m tra \u0111\u1ecbnh k\u1ef3 c\u1ee7a b\u1ed9 bi\u1ebfn th\u1ebf c\u00f3 th\u1ec3 gi\u00fap \u0111\u1ea3m b\u1ea3o n\u00f3 ho\u1ea1t \u0111\u1ed9ng \u0111\u00fang c\u00e1ch v\u00e0 ng\u0103n ng\u1eeba c\u00e1c v\u1ea5n \u0111\u1ec1 ti\u1ec1m \u1ea9n c\u00f3 th\u1ec3 d\u1eabn \u0111\u1ebfn s\u1ef1 c\u1ed1 ho\u1eb7c nguy hi\u1ec3m an to\u00e0n.<\/p>\n<p><strong>M\u00e1y bi\u1ebfn \u00e1p \u0111\u00e1nh l\u1eeda Honeywell ZT931 &#8211; 13134U<\/strong><\/p>\n<div>\n<p>K\u1ef9 thu\u1eadt<\/p>\n<p>M\u00e1y bi\u1ebfn \u00e1p \u0111\u00e1nh l\u1eeda t\u1ea7n s\u1ed1 cao ZT 931 ph\u00f9 h\u1ee3p \u0111\u1ec3 s\u1eed d\u1ee5ng v\u1edbi \u0111\u1ea7u \u0111\u1ed1t kh\u00ed \u0111i\u1ec7n c\u00f3 x\u1ebfp h\u1ea1ng kh\u00f4ng gi\u1edbi h\u1ea1n. ZT 931 cho ph\u00e9p bi\u1ebfn d\u1ea1ng tia l\u1eeda l\u1edbn tr\u00ean \u0111\u1ea7u \u0111\u1ed1t v\u1edbi t\u1ed1c \u0111\u1ed9 ch\u00e1y cao ho\u1eb7c v\u1eadn t\u1ed1c \u0111\u1ed1t ch\u00e1y kh\u00f4ng kh\u00ed cao. Th\u00eam v\u00e0o \u0111\u00f3, n\u00f3 t\u1ea1o ra nhi\u1ec5u \u0111i\u1ec7n t\u1eeb th\u1ea5p nh\u1ea5t trong t\u1ea5t c\u1ea3 c\u00e1c thi\u1ebft b\u1ecb \u0111\u00e1nh l\u1eeda \u0111i\u1ec7n t\u1eed \u0111\u00e3 bi\u1ebft, \u0111i\u1ec1u n\u00e0y \u0111\u1eb7c bi\u1ec7t quan tr\u1ecdng n\u1ebfu \u0111\u1ea7u \u0111\u1ed1t ph\u1ea3i tu\u00e2n th\u1ee7 EN 55014. ZT 931 k\u1ebft h\u1ee3p m\u1ee9c ti\u00eau th\u1ee5 \u0111i\u1ec7n n\u0103ng th\u1ea5p v\u1edbi d\u00f2ng ch\u1ea3y inrush th\u1ea5p. \u0110\u1ea7u n\u1ed1i ngu\u1ed3n t\u01b0\u01a1ng th\u00edch v\u1edbi \u0111\u1ea7u n\u1ed1i 3 d\u00e2y \u0111\u01b0\u1ee3c s\u1eed d\u1ee5ng r\u1ed9ng r\u00e3i. Do \u0111\u00f3, m\u1ed9t s\u1ef1 thay th\u1ebf b\u1eb1ng m\u1ed9t cu\u1ed9n d\u00e2y c\u00f3 th\u1ec3 c\u1eafm l\u00e0 c\u00f3 th\u1ec3 m\u00e0 kh\u00f4ng c\u00f3 b\u1ea5t k\u1ef3 v\u1ea5n \u0111\u1ec1.<\/p>\n<p>\u0110i\u1ec7n \u00e1p cung c\u1ea5p:<\/p>\n<p>220 \/ 240 V (-15&#8230; +10%); 50 Hz (40 &#8211; 60 Hz)<\/p>\n<p>K\u1ebft n\u1ed1i:<\/p>\n<p>Thi\u1ebft b\u1ecb \u0111\u1ea7u cu\u1ed1i lo\u1ea1i ph\u00edch c\u1eafm LIVE \/ trung t\u00ednh \/ tr\u00e1i \u0111\u1ea5t 3 AMP<\/p>\n<p>6,30 x 0,8 mm<\/p>\n<p>C\u0103ng th\u1eb3ng cao<\/p>\n<p>\u00f8 4 mm pin or \u00f8 1 mm pin<\/p>\n<p>D\u00f2ng \u0111i\u1ec7n ch\u00ednh<\/p>\n<p>0.25 A<\/p>\n<p>X\u1ebfp h\u1ea1ng Kh\u00f4ng li\u00ean t\u1ee5c<\/p>\n<p>33% ED trong 3 ph\u00fat<\/p>\n<p>Kho\u1ea3ng c\u00e1ch tia l\u1eeda<\/p>\n<p>3 &#8211; 5 mm<\/p>\n<\/div>\n","protected":false},"excerpt":{"rendered":"<p>HONEYWELL ZT931 Description OBSOLETE MATERIAL. The Satronic ZT 931 high frequency ignition transformer is suitable for use with power gas burners of unlimited rating. The ZT 931 enables a big spark deformation on burners with a high fire-rating or high combustion-air velocity. Specifications: &#8211; Complete reference: \u00a0ZT 931\u00a0 pin \u00f8&hellip; <\/p>\n","protected":false},"featured_media":3299,"comment_status":"open","ping_status":"closed","template":"","meta":{"om_disable_all_campaigns":false,"_monsterinsights_skip_tracking":false,"_monsterinsights_sitenote_active":false,"_monsterinsights_sitenote_note":"","_monsterinsights_sitenote_category":0},"product_cat":[15],"product_tag":[88,196,195,625],"class_list":{"0":"post-3298","1":"product","2":"type-product","3":"status-publish","4":"has-post-thumbnail","6":"product_cat-apex","7":"product_tag-cam-bien","8":"product_tag-dai-ly-honeywell-viet-nam","9":"product_tag-honeywell-viet-nam","10":"product_tag-ignition-transformer","12":"first","13":"instock","14":"shipping-taxable","15":"product-type-simple"},"aioseo_notices":[],"yoast_head":"<!-- This site is optimized with the Yoast SEO plugin v22.8 - https:\/\/yoast.com\/wordpress\/plugins\/seo\/ -->\n<title>HONEYWELL ZT931 - OMANI VI\u1ec6T NAM<\/title>\n<meta name=\"description\" content=\"Honeywell ZT931, 4mm Ignition transformer\" \/>\n<meta name=\"robots\" content=\"index, follow, max-snippet:-1, max-image-preview:large, max-video-preview:-1\" \/>\n<link rel=\"canonical\" href=\"https:\/\/sipin.com.vn\/index.php\/product\/honeywell-zt931\/\" \/>\n<meta property=\"og:locale\" content=\"vi_VN\" \/>\n<meta property=\"og:type\" content=\"article\" \/>\n<meta property=\"og:title\" content=\"HONEYWELL ZT931 - OMANI VI\u1ec6T NAM\" \/>\n<meta property=\"og:description\" content=\"Honeywell ZT931, 4mm Ignition transformer\" \/>\n<meta property=\"og:url\" content=\"https:\/\/sipin.com.vn\/index.php\/product\/honeywell-zt931\/\" \/>\n<meta property=\"og:site_name\" content=\"OMANI VI\u1ec6T NAM\" \/>\n<meta property=\"og:image\" content=\"https:\/\/sipin.com.vn\/wp-content\/uploads\/2025\/03\/ZT931.png\" \/>\n\t<meta property=\"og:image:width\" content=\"655\" \/>\n\t<meta property=\"og:image:height\" content=\"521\" \/>\n\t<meta property=\"og:image:type\" content=\"image\/png\" \/>\n<meta name=\"twitter:card\" content=\"summary_large_image\" \/>\n<meta name=\"twitter:label1\" content=\"\u01af\u1edbc t\u00ednh th\u1eddi gian \u0111\u1ecdc\" \/>\n\t<meta name=\"twitter:data1\" content=\"4 ph\u00fat\" \/>\n<script type=\"application\/ld+json\" class=\"yoast-schema-graph\">{\"@context\":\"https:\/\/schema.org\",\"@graph\":[{\"@type\":\"WebPage\",\"@id\":\"https:\/\/sipin.com.vn\/index.php\/product\/honeywell-zt931\/\",\"url\":\"https:\/\/sipin.com.vn\/index.php\/product\/honeywell-zt931\/\",\"name\":\"HONEYWELL ZT931 - OMANI VI\u1ec6T NAM\",\"isPartOf\":{\"@id\":\"https:\/\/sipin.com.vn\/#website\"},\"primaryImageOfPage\":{\"@id\":\"https:\/\/sipin.com.vn\/index.php\/product\/honeywell-zt931\/#primaryimage\"},\"image\":{\"@id\":\"https:\/\/sipin.com.vn\/index.php\/product\/honeywell-zt931\/#primaryimage\"},\"thumbnailUrl\":\"https:\/\/sipin.com.vn\/wp-content\/uploads\/2025\/03\/ZT931.png\",\"datePublished\":\"2025-03-05T15:27:11+00:00\",\"dateModified\":\"2025-03-05T15:27:11+00:00\",\"description\":\"Honeywell ZT931, 4mm Ignition transformer\",\"breadcrumb\":{\"@id\":\"https:\/\/sipin.com.vn\/index.php\/product\/honeywell-zt931\/#breadcrumb\"},\"inLanguage\":\"vi\",\"potentialAction\":[{\"@type\":\"ReadAction\",\"target\":[\"https:\/\/sipin.com.vn\/index.php\/product\/honeywell-zt931\/\"]}]},{\"@type\":\"ImageObject\",\"inLanguage\":\"vi\",\"@id\":\"https:\/\/sipin.com.vn\/index.php\/product\/honeywell-zt931\/#primaryimage\",\"url\":\"https:\/\/sipin.com.vn\/wp-content\/uploads\/2025\/03\/ZT931.png\",\"contentUrl\":\"https:\/\/sipin.com.vn\/wp-content\/uploads\/2025\/03\/ZT931.png\",\"width\":655,\"height\":521},{\"@type\":\"BreadcrumbList\",\"@id\":\"https:\/\/sipin.com.vn\/index.php\/product\/honeywell-zt931\/#breadcrumb\",\"itemListElement\":[{\"@type\":\"ListItem\",\"position\":1,\"name\":\"Home\",\"item\":\"https:\/\/sipin.com.vn\/\"},{\"@type\":\"ListItem\",\"position\":2,\"name\":\"S\u1ea2N PH\u1ea8M\",\"item\":\"https:\/\/sipin.com.vn\/index.php\/cua-hang\/\"},{\"@type\":\"ListItem\",\"position\":3,\"name\":\"HONEYWELL ZT931\"}]},{\"@type\":\"WebSite\",\"@id\":\"https:\/\/sipin.com.vn\/#website\",\"url\":\"https:\/\/sipin.com.vn\/\",\"name\":\"OMANI VI\u1ec6T NAM\",\"description\":\"Nh\u00e0 ph\u00e2n ph\u1ed1i thi\u1ebft b\u1ecb kh\u00ed n\u00e9n v\u00e0 thi\u1ebft b\u1ecb t\u1ef1 \u0111\u1ed9ng h\u00f3a trong c\u00f4ng nghi\u1ec7p\",\"publisher\":{\"@id\":\"https:\/\/sipin.com.vn\/#\/schema\/person\/0ad398a980dc3fd696111c2c5c8fa897\"},\"potentialAction\":[{\"@type\":\"SearchAction\",\"target\":{\"@type\":\"EntryPoint\",\"urlTemplate\":\"https:\/\/sipin.com.vn\/?s={search_term_string}\"},\"query-input\":\"required name=search_term_string\"}],\"inLanguage\":\"vi\"},{\"@type\":[\"Person\",\"Organization\"],\"@id\":\"https:\/\/sipin.com.vn\/#\/schema\/person\/0ad398a980dc3fd696111c2c5c8fa897\",\"name\":\"Nguy\u1ec5n V\u0103n Kh\u00e1nh\",\"image\":{\"@type\":\"ImageObject\",\"inLanguage\":\"vi\",\"@id\":\"https:\/\/sipin.com.vn\/#\/schema\/person\/image\/\",\"url\":\"https:\/\/sipin.com.vn\/wp-content\/uploads\/2024\/06\/logo-1024x1024.png\",\"contentUrl\":\"https:\/\/sipin.com.vn\/wp-content\/uploads\/2024\/06\/logo-1024x1024.png\",\"width\":1024,\"height\":1024,\"caption\":\"Nguy\u1ec5n V\u0103n Kh\u00e1nh\"},\"logo\":{\"@id\":\"https:\/\/sipin.com.vn\/#\/schema\/person\/image\/\"},\"sameAs\":[\"https:\/\/sipin.com.vn\"]}]}<\/script>\n<!-- \/ Yoast SEO plugin. -->","yoast_head_json":{"title":"HONEYWELL ZT931 - OMANI VI\u1ec6T NAM","description":"Honeywell ZT931, 4mm Ignition transformer","robots":{"index":"index","follow":"follow","max-snippet":"max-snippet:-1","max-image-preview":"max-image-preview:large","max-video-preview":"max-video-preview:-1"},"canonical":"https:\/\/sipin.com.vn\/index.php\/product\/honeywell-zt931\/","og_locale":"vi_VN","og_type":"article","og_title":"HONEYWELL ZT931 - OMANI VI\u1ec6T NAM","og_description":"Honeywell ZT931, 4mm Ignition transformer","og_url":"https:\/\/sipin.com.vn\/index.php\/product\/honeywell-zt931\/","og_site_name":"OMANI VI\u1ec6T NAM","og_image":[{"width":655,"height":521,"url":"https:\/\/sipin.com.vn\/wp-content\/uploads\/2025\/03\/ZT931.png","type":"image\/png"}],"twitter_card":"summary_large_image","twitter_misc":{"\u01af\u1edbc t\u00ednh th\u1eddi gian \u0111\u1ecdc":"4 ph\u00fat"},"schema":{"@context":"https:\/\/schema.org","@graph":[{"@type":"WebPage","@id":"https:\/\/sipin.com.vn\/index.php\/product\/honeywell-zt931\/","url":"https:\/\/sipin.com.vn\/index.php\/product\/honeywell-zt931\/","name":"HONEYWELL ZT931 - OMANI VI\u1ec6T NAM","isPartOf":{"@id":"https:\/\/sipin.com.vn\/#website"},"primaryImageOfPage":{"@id":"https:\/\/sipin.com.vn\/index.php\/product\/honeywell-zt931\/#primaryimage"},"image":{"@id":"https:\/\/sipin.com.vn\/index.php\/product\/honeywell-zt931\/#primaryimage"},"thumbnailUrl":"https:\/\/sipin.com.vn\/wp-content\/uploads\/2025\/03\/ZT931.png","datePublished":"2025-03-05T15:27:11+00:00","dateModified":"2025-03-05T15:27:11+00:00","description":"Honeywell ZT931, 4mm Ignition transformer","breadcrumb":{"@id":"https:\/\/sipin.com.vn\/index.php\/product\/honeywell-zt931\/#breadcrumb"},"inLanguage":"vi","potentialAction":[{"@type":"ReadAction","target":["https:\/\/sipin.com.vn\/index.php\/product\/honeywell-zt931\/"]}]},{"@type":"ImageObject","inLanguage":"vi","@id":"https:\/\/sipin.com.vn\/index.php\/product\/honeywell-zt931\/#primaryimage","url":"https:\/\/sipin.com.vn\/wp-content\/uploads\/2025\/03\/ZT931.png","contentUrl":"https:\/\/sipin.com.vn\/wp-content\/uploads\/2025\/03\/ZT931.png","width":655,"height":521},{"@type":"BreadcrumbList","@id":"https:\/\/sipin.com.vn\/index.php\/product\/honeywell-zt931\/#breadcrumb","itemListElement":[{"@type":"ListItem","position":1,"name":"Home","item":"https:\/\/sipin.com.vn\/"},{"@type":"ListItem","position":2,"name":"S\u1ea2N PH\u1ea8M","item":"https:\/\/sipin.com.vn\/index.php\/cua-hang\/"},{"@type":"ListItem","position":3,"name":"HONEYWELL ZT931"}]},{"@type":"WebSite","@id":"https:\/\/sipin.com.vn\/#website","url":"https:\/\/sipin.com.vn\/","name":"OMANI VI\u1ec6T NAM","description":"Nh\u00e0 ph\u00e2n ph\u1ed1i thi\u1ebft b\u1ecb kh\u00ed n\u00e9n v\u00e0 thi\u1ebft b\u1ecb t\u1ef1 \u0111\u1ed9ng h\u00f3a trong c\u00f4ng nghi\u1ec7p","publisher":{"@id":"https:\/\/sipin.com.vn\/#\/schema\/person\/0ad398a980dc3fd696111c2c5c8fa897"},"potentialAction":[{"@type":"SearchAction","target":{"@type":"EntryPoint","urlTemplate":"https:\/\/sipin.com.vn\/?s={search_term_string}"},"query-input":"required name=search_term_string"}],"inLanguage":"vi"},{"@type":["Person","Organization"],"@id":"https:\/\/sipin.com.vn\/#\/schema\/person\/0ad398a980dc3fd696111c2c5c8fa897","name":"Nguy\u1ec5n V\u0103n Kh\u00e1nh","image":{"@type":"ImageObject","inLanguage":"vi","@id":"https:\/\/sipin.com.vn\/#\/schema\/person\/image\/","url":"https:\/\/sipin.com.vn\/wp-content\/uploads\/2024\/06\/logo-1024x1024.png","contentUrl":"https:\/\/sipin.com.vn\/wp-content\/uploads\/2024\/06\/logo-1024x1024.png","width":1024,"height":1024,"caption":"Nguy\u1ec5n V\u0103n Kh\u00e1nh"},"logo":{"@id":"https:\/\/sipin.com.vn\/#\/schema\/person\/image\/"},"sameAs":["https:\/\/sipin.com.vn"]}]}},"_links":{"self":[{"href":"https:\/\/sipin.com.vn\/index.php\/wp-json\/wp\/v2\/product\/3298","targetHints":{"allow":["GET"]}}],"collection":[{"href":"https:\/\/sipin.com.vn\/index.php\/wp-json\/wp\/v2\/product"}],"about":[{"href":"https:\/\/sipin.com.vn\/index.php\/wp-json\/wp\/v2\/types\/product"}],"replies":[{"embeddable":true,"href":"https:\/\/sipin.com.vn\/index.php\/wp-json\/wp\/v2\/comments?post=3298"}],"wp:featuredmedia":[{"embeddable":true,"href":"https:\/\/sipin.com.vn\/index.php\/wp-json\/wp\/v2\/media\/3299"}],"wp:attachment":[{"href":"https:\/\/sipin.com.vn\/index.php\/wp-json\/wp\/v2\/media?parent=3298"}],"wp:term":[{"taxonomy":"product_cat","embeddable":true,"href":"https:\/\/sipin.com.vn\/index.php\/wp-json\/wp\/v2\/product_cat?post=3298"},{"taxonomy":"product_tag","embeddable":true,"href":"https:\/\/sipin.com.vn\/index.php\/wp-json\/wp\/v2\/product_tag?post=3298"}],"curies":[{"name":"wp","href":"https:\/\/api.w.org\/{rel}","templated":true}]}}