{"id":3284,"date":"2025-03-01T22:13:37","date_gmt":"2025-03-01T15:13:37","guid":{"rendered":"https:\/\/omanivietnam.com\/?post_type=product&#038;p=3284"},"modified":"2025-03-01T22:13:37","modified_gmt":"2025-03-01T15:13:37","slug":"aventics-0820055501","status":"publish","type":"product","link":"https:\/\/sipin.com.vn\/index.php\/product\/aventics-0820055501\/","title":{"rendered":"AVENTICS 0820055501"},"content":{"rendered":"<p>AVENTICS 0820055501 DC24V<\/p>\n<p>AVENTICS 0820055101<\/p>\n<p>AVENTICS 0820055051<\/p>\n<p><span class=\"text\">AVENTICS 820055601<\/span><\/p>\n<p class=\"product-name\" role=\"heading\">AVENTICS\u2122 5\/2-directional valve<\/p>\n<div id=\"container_10001\" class=\"product-page pdp-new-design\">\n<div data-slot-id=\"4\">\n<div class=\"pdp-horizontal-tabs\">\n<div id=\"section-specificationgroup-2007\" class=\"specifications section selected\">\n<div class=\"padded-container\">\n<div class=\"row\">\n<div class=\"col-xs-12 col-sm-4 col-md-3\">\n<h3>Specifications<\/h3>\n<\/div>\n<div id=\"specButton-3074457345628877490\" class=\"col-xs-12 col-sm-8 col-md-9\"><span style=\"font-weight: bold\">Activation Electrically<\/span><\/div>\n<\/div>\n<dl class=\"row generic-attr\">\n<dt class=\"col-xs-12 col-sm-4 col-md-3\">Switching principle 5\/2, double solenoid<\/dt>\n<dt class=\"col-xs-12 col-sm-4 col-md-3\">Actuating control Double Solenoid<\/dt>\n<dt class=\"col-xs-12 col-sm-4 col-md-3\">Manual override with detent<\/dt>\n<dt class=\"col-xs-12 col-sm-4 col-md-3\">Pilot External<\/dt>\n<dt class=\"col-xs-12 col-sm-4 col-md-3\">Nominal flow Qn 850 l\/min<\/dt>\n<dt class=\"col-xs-12 col-sm-4 col-md-3\">Min. working pressure -0.9 bar<\/dt>\n<dt class=\"col-xs-12 col-sm-4 col-md-3\">Max. working pressure 10 bar<\/dt>\n<dt class=\"col-xs-12 col-sm-4 col-md-3\">Operational\u21a9voltage 24 V DC<\/dt>\n<dt class=\"col-xs-12 col-sm-4 col-md-3\">Voltage tolerance DC -15% \/ +20%<\/dt>\n<dt class=\"col-xs-12 col-sm-4 col-md-3\">Protection class with connection IP65<\/dt>\n<dt class=\"col-xs-12 col-sm-4 col-md-3\">Reverse polarity protection Protected against polarity reversal<\/dt>\n<dt class=\"col-xs-12 col-sm-4 col-md-3\">Sealing principle 16 mm, Soft seal<\/dt>\n<dt class=\"col-xs-12 col-sm-4 col-md-3\">Power consumption DC 0.35 W<\/dt>\n<dt class=\"col-xs-12 col-sm-4 col-md-3\">Duty cycle 100 %<\/dt>\n<dt class=\"col-xs-12 col-sm-4 col-md-3\">Typ. switch-on time<span style=\"font-weight: 400\">13 ms<\/span><\/dt>\n<dt class=\"col-xs-12 col-sm-4 col-md-3\">Typ. switch-off time 15 ms<\/dt>\n<dt class=\"col-xs-12 col-sm-4 col-md-3\">Certificates UR (Underwriters Laboratories) \u2012 pilot valve only<\/dt>\n<dt class=\"col-xs-12 col-sm-4 col-md-3\">Min. ambient temperature 0 \u00b0C<\/dt>\n<dt class=\"col-xs-12 col-sm-4 col-md-3\">Max. ambient temperature 50 \u00b0C<\/dt>\n<dt class=\"col-xs-12 col-sm-4 col-md-3\">Weight 0.082 kg<\/dt>\n<dt class=\"col-xs-12 col-sm-4 col-md-3\">Housing material Polyamide fiber-glass reinforced<\/dt>\n<\/dl>\n<\/div>\n<\/div>\n<\/div>\n<\/div>\n<div data-slot-id=\"6\"><\/div>\n<\/div>\n","protected":false},"excerpt":{"rendered":"<p>AVENTICS 0820055501 DC24V AVENTICS 0820055101 AVENTICS 0820055051 AVENTICS 820055601 AVENTICS\u2122 5\/2-directional valve Specifications Activation Electrically Switching principle 5\/2, double solenoid Actuating control Double Solenoid Manual override with detent Pilot External Nominal flow Qn 850 l\/min Min. working pressure -0.9 bar Max. working pressure 10 bar Operational\u21a9voltage 24 V DC Voltage&hellip; <\/p>\n","protected":false},"featured_media":3285,"comment_status":"open","ping_status":"closed","template":"","meta":{"om_disable_all_campaigns":false,"_monsterinsights_skip_tracking":false,"_monsterinsights_sitenote_active":false,"_monsterinsights_sitenote_note":"","_monsterinsights_sitenote_category":0},"product_cat":[15],"product_tag":[264,265,102],"class_list":{"0":"post-3284","1":"product","2":"type-product","3":"status-publish","4":"has-post-thumbnail","6":"product_cat-apex","7":"product_tag-aventics-viet-nam","8":"product_tag-dai-ly-aventics-viet-nam","9":"product_tag-van-khi-nen","11":"first","12":"instock","13":"shipping-taxable","14":"product-type-simple"},"aioseo_notices":[],"yoast_head":"<!-- This site is optimized with the Yoast SEO plugin v22.8 - https:\/\/yoast.com\/wordpress\/plugins\/seo\/ -->\n<title>AVENTICS 0820055501 - OMANI VI\u1ec6T NAM<\/title>\n<meta name=\"description\" content=\"AVENTICS 0820055501 Pneumatic Valves &amp; Valve Systems\" \/>\n<meta name=\"robots\" content=\"index, follow, max-snippet:-1, max-image-preview:large, max-video-preview:-1\" \/>\n<link rel=\"canonical\" href=\"https:\/\/sipin.com.vn\/index.php\/product\/aventics-0820055501\/\" \/>\n<meta property=\"og:locale\" content=\"vi_VN\" \/>\n<meta property=\"og:type\" content=\"article\" \/>\n<meta property=\"og:title\" content=\"AVENTICS 0820055501 - OMANI VI\u1ec6T NAM\" \/>\n<meta property=\"og:description\" content=\"AVENTICS 0820055501 Pneumatic Valves &amp; Valve Systems\" \/>\n<meta property=\"og:url\" content=\"https:\/\/sipin.com.vn\/index.php\/product\/aventics-0820055501\/\" \/>\n<meta property=\"og:site_name\" content=\"OMANI VI\u1ec6T NAM\" \/>\n<meta property=\"og:image\" content=\"https:\/\/sipin.com.vn\/wp-content\/uploads\/2025\/03\/0820055501-DC24V.png\" \/>\n\t<meta property=\"og:image:width\" content=\"691\" \/>\n\t<meta property=\"og:image:height\" content=\"337\" \/>\n\t<meta property=\"og:image:type\" content=\"image\/png\" \/>\n<meta name=\"twitter:card\" content=\"summary_large_image\" \/>\n<meta name=\"twitter:label1\" content=\"\u01af\u1edbc t\u00ednh th\u1eddi gian \u0111\u1ecdc\" \/>\n\t<meta name=\"twitter:data1\" content=\"1 ph\u00fat\" \/>\n<script type=\"application\/ld+json\" class=\"yoast-schema-graph\">{\"@context\":\"https:\/\/schema.org\",\"@graph\":[{\"@type\":\"WebPage\",\"@id\":\"https:\/\/sipin.com.vn\/index.php\/product\/aventics-0820055501\/\",\"url\":\"https:\/\/sipin.com.vn\/index.php\/product\/aventics-0820055501\/\",\"name\":\"AVENTICS 0820055501 - OMANI VI\u1ec6T NAM\",\"isPartOf\":{\"@id\":\"https:\/\/sipin.com.vn\/#website\"},\"primaryImageOfPage\":{\"@id\":\"https:\/\/sipin.com.vn\/index.php\/product\/aventics-0820055501\/#primaryimage\"},\"image\":{\"@id\":\"https:\/\/sipin.com.vn\/index.php\/product\/aventics-0820055501\/#primaryimage\"},\"thumbnailUrl\":\"https:\/\/sipin.com.vn\/wp-content\/uploads\/2025\/03\/0820055501-DC24V.png\",\"datePublished\":\"2025-03-01T15:13:37+00:00\",\"dateModified\":\"2025-03-01T15:13:37+00:00\",\"description\":\"AVENTICS 0820055501 Pneumatic Valves & Valve Systems\",\"breadcrumb\":{\"@id\":\"https:\/\/sipin.com.vn\/index.php\/product\/aventics-0820055501\/#breadcrumb\"},\"inLanguage\":\"vi\",\"potentialAction\":[{\"@type\":\"ReadAction\",\"target\":[\"https:\/\/sipin.com.vn\/index.php\/product\/aventics-0820055501\/\"]}]},{\"@type\":\"ImageObject\",\"inLanguage\":\"vi\",\"@id\":\"https:\/\/sipin.com.vn\/index.php\/product\/aventics-0820055501\/#primaryimage\",\"url\":\"https:\/\/sipin.com.vn\/wp-content\/uploads\/2025\/03\/0820055501-DC24V.png\",\"contentUrl\":\"https:\/\/sipin.com.vn\/wp-content\/uploads\/2025\/03\/0820055501-DC24V.png\",\"width\":691,\"height\":337},{\"@type\":\"BreadcrumbList\",\"@id\":\"https:\/\/sipin.com.vn\/index.php\/product\/aventics-0820055501\/#breadcrumb\",\"itemListElement\":[{\"@type\":\"ListItem\",\"position\":1,\"name\":\"Home\",\"item\":\"https:\/\/sipin.com.vn\/\"},{\"@type\":\"ListItem\",\"position\":2,\"name\":\"S\u1ea2N PH\u1ea8M\",\"item\":\"https:\/\/sipin.com.vn\/index.php\/cua-hang\/\"},{\"@type\":\"ListItem\",\"position\":3,\"name\":\"AVENTICS 0820055501\"}]},{\"@type\":\"WebSite\",\"@id\":\"https:\/\/sipin.com.vn\/#website\",\"url\":\"https:\/\/sipin.com.vn\/\",\"name\":\"OMANI VI\u1ec6T NAM\",\"description\":\"Nh\u00e0 ph\u00e2n ph\u1ed1i thi\u1ebft b\u1ecb kh\u00ed n\u00e9n v\u00e0 thi\u1ebft b\u1ecb t\u1ef1 \u0111\u1ed9ng h\u00f3a trong c\u00f4ng nghi\u1ec7p\",\"publisher\":{\"@id\":\"https:\/\/sipin.com.vn\/#\/schema\/person\/0ad398a980dc3fd696111c2c5c8fa897\"},\"potentialAction\":[{\"@type\":\"SearchAction\",\"target\":{\"@type\":\"EntryPoint\",\"urlTemplate\":\"https:\/\/sipin.com.vn\/?s={search_term_string}\"},\"query-input\":\"required name=search_term_string\"}],\"inLanguage\":\"vi\"},{\"@type\":[\"Person\",\"Organization\"],\"@id\":\"https:\/\/sipin.com.vn\/#\/schema\/person\/0ad398a980dc3fd696111c2c5c8fa897\",\"name\":\"Nguy\u1ec5n V\u0103n Kh\u00e1nh\",\"image\":{\"@type\":\"ImageObject\",\"inLanguage\":\"vi\",\"@id\":\"https:\/\/sipin.com.vn\/#\/schema\/person\/image\/\",\"url\":\"https:\/\/sipin.com.vn\/wp-content\/uploads\/2024\/06\/logo-1024x1024.png\",\"contentUrl\":\"https:\/\/sipin.com.vn\/wp-content\/uploads\/2024\/06\/logo-1024x1024.png\",\"width\":1024,\"height\":1024,\"caption\":\"Nguy\u1ec5n V\u0103n Kh\u00e1nh\"},\"logo\":{\"@id\":\"https:\/\/sipin.com.vn\/#\/schema\/person\/image\/\"},\"sameAs\":[\"https:\/\/sipin.com.vn\"]}]}<\/script>\n<!-- \/ Yoast SEO plugin. -->","yoast_head_json":{"title":"AVENTICS 0820055501 - OMANI VI\u1ec6T NAM","description":"AVENTICS 0820055501 Pneumatic Valves & Valve Systems","robots":{"index":"index","follow":"follow","max-snippet":"max-snippet:-1","max-image-preview":"max-image-preview:large","max-video-preview":"max-video-preview:-1"},"canonical":"https:\/\/sipin.com.vn\/index.php\/product\/aventics-0820055501\/","og_locale":"vi_VN","og_type":"article","og_title":"AVENTICS 0820055501 - OMANI VI\u1ec6T NAM","og_description":"AVENTICS 0820055501 Pneumatic Valves & Valve Systems","og_url":"https:\/\/sipin.com.vn\/index.php\/product\/aventics-0820055501\/","og_site_name":"OMANI VI\u1ec6T NAM","og_image":[{"width":691,"height":337,"url":"https:\/\/sipin.com.vn\/wp-content\/uploads\/2025\/03\/0820055501-DC24V.png","type":"image\/png"}],"twitter_card":"summary_large_image","twitter_misc":{"\u01af\u1edbc t\u00ednh th\u1eddi gian \u0111\u1ecdc":"1 ph\u00fat"},"schema":{"@context":"https:\/\/schema.org","@graph":[{"@type":"WebPage","@id":"https:\/\/sipin.com.vn\/index.php\/product\/aventics-0820055501\/","url":"https:\/\/sipin.com.vn\/index.php\/product\/aventics-0820055501\/","name":"AVENTICS 0820055501 - OMANI VI\u1ec6T NAM","isPartOf":{"@id":"https:\/\/sipin.com.vn\/#website"},"primaryImageOfPage":{"@id":"https:\/\/sipin.com.vn\/index.php\/product\/aventics-0820055501\/#primaryimage"},"image":{"@id":"https:\/\/sipin.com.vn\/index.php\/product\/aventics-0820055501\/#primaryimage"},"thumbnailUrl":"https:\/\/sipin.com.vn\/wp-content\/uploads\/2025\/03\/0820055501-DC24V.png","datePublished":"2025-03-01T15:13:37+00:00","dateModified":"2025-03-01T15:13:37+00:00","description":"AVENTICS 0820055501 Pneumatic Valves & Valve Systems","breadcrumb":{"@id":"https:\/\/sipin.com.vn\/index.php\/product\/aventics-0820055501\/#breadcrumb"},"inLanguage":"vi","potentialAction":[{"@type":"ReadAction","target":["https:\/\/sipin.com.vn\/index.php\/product\/aventics-0820055501\/"]}]},{"@type":"ImageObject","inLanguage":"vi","@id":"https:\/\/sipin.com.vn\/index.php\/product\/aventics-0820055501\/#primaryimage","url":"https:\/\/sipin.com.vn\/wp-content\/uploads\/2025\/03\/0820055501-DC24V.png","contentUrl":"https:\/\/sipin.com.vn\/wp-content\/uploads\/2025\/03\/0820055501-DC24V.png","width":691,"height":337},{"@type":"BreadcrumbList","@id":"https:\/\/sipin.com.vn\/index.php\/product\/aventics-0820055501\/#breadcrumb","itemListElement":[{"@type":"ListItem","position":1,"name":"Home","item":"https:\/\/sipin.com.vn\/"},{"@type":"ListItem","position":2,"name":"S\u1ea2N PH\u1ea8M","item":"https:\/\/sipin.com.vn\/index.php\/cua-hang\/"},{"@type":"ListItem","position":3,"name":"AVENTICS 0820055501"}]},{"@type":"WebSite","@id":"https:\/\/sipin.com.vn\/#website","url":"https:\/\/sipin.com.vn\/","name":"OMANI VI\u1ec6T NAM","description":"Nh\u00e0 ph\u00e2n ph\u1ed1i thi\u1ebft b\u1ecb kh\u00ed n\u00e9n v\u00e0 thi\u1ebft b\u1ecb t\u1ef1 \u0111\u1ed9ng h\u00f3a trong c\u00f4ng nghi\u1ec7p","publisher":{"@id":"https:\/\/sipin.com.vn\/#\/schema\/person\/0ad398a980dc3fd696111c2c5c8fa897"},"potentialAction":[{"@type":"SearchAction","target":{"@type":"EntryPoint","urlTemplate":"https:\/\/sipin.com.vn\/?s={search_term_string}"},"query-input":"required name=search_term_string"}],"inLanguage":"vi"},{"@type":["Person","Organization"],"@id":"https:\/\/sipin.com.vn\/#\/schema\/person\/0ad398a980dc3fd696111c2c5c8fa897","name":"Nguy\u1ec5n V\u0103n Kh\u00e1nh","image":{"@type":"ImageObject","inLanguage":"vi","@id":"https:\/\/sipin.com.vn\/#\/schema\/person\/image\/","url":"https:\/\/sipin.com.vn\/wp-content\/uploads\/2024\/06\/logo-1024x1024.png","contentUrl":"https:\/\/sipin.com.vn\/wp-content\/uploads\/2024\/06\/logo-1024x1024.png","width":1024,"height":1024,"caption":"Nguy\u1ec5n V\u0103n Kh\u00e1nh"},"logo":{"@id":"https:\/\/sipin.com.vn\/#\/schema\/person\/image\/"},"sameAs":["https:\/\/sipin.com.vn"]}]}},"_links":{"self":[{"href":"https:\/\/sipin.com.vn\/index.php\/wp-json\/wp\/v2\/product\/3284","targetHints":{"allow":["GET"]}}],"collection":[{"href":"https:\/\/sipin.com.vn\/index.php\/wp-json\/wp\/v2\/product"}],"about":[{"href":"https:\/\/sipin.com.vn\/index.php\/wp-json\/wp\/v2\/types\/product"}],"replies":[{"embeddable":true,"href":"https:\/\/sipin.com.vn\/index.php\/wp-json\/wp\/v2\/comments?post=3284"}],"wp:featuredmedia":[{"embeddable":true,"href":"https:\/\/sipin.com.vn\/index.php\/wp-json\/wp\/v2\/media\/3285"}],"wp:attachment":[{"href":"https:\/\/sipin.com.vn\/index.php\/wp-json\/wp\/v2\/media?parent=3284"}],"wp:term":[{"taxonomy":"product_cat","embeddable":true,"href":"https:\/\/sipin.com.vn\/index.php\/wp-json\/wp\/v2\/product_cat?post=3284"},{"taxonomy":"product_tag","embeddable":true,"href":"https:\/\/sipin.com.vn\/index.php\/wp-json\/wp\/v2\/product_tag?post=3284"}],"curies":[{"name":"wp","href":"https:\/\/api.w.org\/{rel}","templated":true}]}}