{"id":3267,"date":"2025-02-26T21:27:38","date_gmt":"2025-02-26T14:27:38","guid":{"rendered":"https:\/\/omanivietnam.com\/?post_type=product&#038;p=3267"},"modified":"2025-02-26T21:35:56","modified_gmt":"2025-02-26T14:35:56","slug":"smc-aw20-01bg-a","status":"publish","type":"product","link":"https:\/\/sipin.com.vn\/index.php\/product\/smc-aw20-01bg-a\/","title":{"rendered":"SMC AW20-01BG-A"},"content":{"rendered":"<p>SMC AW20-01BG-A<\/p>\n<p class=\"m-h1\">Filter Regulator AW10-A To AW40-A (AW20-01BG-A)<\/p>\n<p class=\"m-h2\">Product Description<\/p>\n<p>SMC modular-type F.R.L. combination unit.<br \/>\n[Features]<br \/>\n\u00b7 Uses a transparent bowl guard.<br \/>\n\u00b7 A transparent bowl guard with improved environmental resistance that provides all-round protection.<br \/>\n\u00b7 The manufacturer has removed the window from the bowl guard and instead covered the entire internal bowl with a polycarbonate transparent bowl guard.<br \/>\n\u00b7 Now, even if the environment changes and the bowl is exposed to corrosive chemicals or oil, the foreign matter will not stick directly to the pressurized bowl. This can help reduce the risk of the bowl breaking.<br \/>\n\u00b7 Superior visibility: 360\u00b0<br \/>\n\u00b7 The use of the transparent bowl guard allows you to check the status of the drain inside the filter bowl and to check the amount of residual oil in the lubricator from any angle<br \/>\n\u00b7 Without corrosion. The use of a resin body ensures there is no rusting.<\/p>\n<h3 class=\"m-h3\"><span data-lang=\"ENG\">Configured Specifications<\/span><\/h3>\n<table class=\"m-listTable\" summary=\"Price, Spec., etc.\">\n<colgroup>\n<col width=\"20%\" \/>\n<col width=\"30%\" \/>\n<col width=\"20%\" \/>\n<col width=\"30%\" \/><\/colgroup>\n<tbody>\n<tr>\n<th>Regulator Unit Combination<\/th>\n<td>Filter Regulator<\/td>\n<th>Connection Dia.<\/th>\n<td>Rc1\/8<\/td>\n<\/tr>\n<tr>\n<th>Filter, Filtration Level<\/th>\n<td>5\u03bcm<\/td>\n<th>Compressed Air Quality<\/th>\n<td>General Dry Air<\/td>\n<\/tr>\n<tr>\n<th>Max. Operating Pressure(MPa)<\/th>\n<td>1<\/td>\n<th>Case Material<\/th>\n<td>[Plastic] Polycarbonate Case<\/td>\n<\/tr>\n<tr>\n<th>Case Guard<\/th>\n<td>No<\/td>\n<th>Exhaust Structure<\/th>\n<td>Relief type<\/td>\n<\/tr>\n<tr>\n<th>Flow Direction<\/th>\n<td>[Standard Flow (Left to Right)] Flow Direction<\/td>\n<th>Drain Cock<\/th>\n<td>[Manual] Manual<\/td>\n<\/tr>\n<tr>\n<th>Pressure Gauge<\/th>\n<td>[With Standard Pressure Gauge] Round-shaped pressure gauge (with limit indicator)<\/td>\n<th>Size of Body<\/th>\n<td>20<\/td>\n<\/tr>\n<tr class=\"VN_table-row\">\n<th>Set Pressure<\/th>\n<td>0.05 to 0.7\u00a0MPa<\/td>\n<th>Drain Outlet<\/th>\n<td>With drain cock<\/td>\n<\/tr>\n<tr class=\"VN_table-row\">\n<th>Pressure Unit<\/th>\n<td>Unit used on nameplate and pressure gauge: MPa<\/td>\n<th>Made to order specifications<\/th>\n<td>None<\/td>\n<\/tr>\n<tr class=\"VN_table-row\">\n<th>Accessories<\/th>\n<td>With Bracket<\/td>\n<th>Type<\/th>\n<td>&#8211;<\/td>\n<\/tr>\n<tr class=\"VN_table-row\">\n<th>RoHS<\/th>\n<td>&#8211;<\/td>\n<th>&#8211;<\/th>\n<td>&#8211;<\/td>\n<\/tr>\n<\/tbody>\n<\/table>\n<p>&nbsp;<\/p>\n<p>&nbsp;<\/p>\n","protected":false},"excerpt":{"rendered":"<p>SMC AW20-01BG-A Filter Regulator AW10-A To AW40-A (AW20-01BG-A) Product Description SMC modular-type F.R.L. combination unit. [Features] \u00b7 Uses a transparent bowl guard. \u00b7 A transparent bowl guard with improved environmental resistance that provides all-round protection. \u00b7 The manufacturer has removed the window from the bowl guard and instead covered the&hellip; <\/p>\n","protected":false},"featured_media":3268,"comment_status":"open","ping_status":"closed","template":"","meta":{"om_disable_all_campaigns":false,"_monsterinsights_skip_tracking":false,"_monsterinsights_sitenote_active":false,"_monsterinsights_sitenote_note":"","_monsterinsights_sitenote_category":0},"product_cat":[15],"product_tag":[93,92,350],"class_list":{"0":"post-3267","1":"product","2":"type-product","3":"status-publish","4":"has-post-thumbnail","6":"product_cat-apex","7":"product_tag-dai-ly-smc-viet-nam","8":"product_tag-smc-viet-nam","9":"product_tag-thiet-bi-loc-khi","11":"first","12":"instock","13":"shipping-taxable","14":"product-type-simple"},"aioseo_notices":[],"yoast_head":"<!-- This site is optimized with the Yoast SEO plugin v22.8 - https:\/\/yoast.com\/wordpress\/plugins\/seo\/ -->\n<title>SMC AW20-01BG-A - OMANI VI\u1ec6T NAM<\/title>\n<meta name=\"description\" content=\"SMC AW20-01BG-A | Filter Regulator\" \/>\n<meta name=\"robots\" content=\"index, follow, max-snippet:-1, max-image-preview:large, max-video-preview:-1\" \/>\n<link rel=\"canonical\" href=\"https:\/\/sipin.com.vn\/index.php\/product\/smc-aw20-01bg-a\/\" \/>\n<meta property=\"og:locale\" content=\"vi_VN\" \/>\n<meta property=\"og:type\" content=\"article\" \/>\n<meta property=\"og:title\" content=\"SMC AW20-01BG-A - OMANI VI\u1ec6T NAM\" \/>\n<meta property=\"og:description\" content=\"SMC AW20-01BG-A | Filter Regulator\" \/>\n<meta property=\"og:url\" content=\"https:\/\/sipin.com.vn\/index.php\/product\/smc-aw20-01bg-a\/\" \/>\n<meta property=\"og:site_name\" content=\"OMANI VI\u1ec6T NAM\" \/>\n<meta property=\"article:modified_time\" content=\"2025-02-26T14:35:56+00:00\" \/>\n<meta property=\"og:image\" content=\"https:\/\/sipin.com.vn\/wp-content\/uploads\/2025\/02\/AW20-01BG-A.png\" \/>\n\t<meta property=\"og:image:width\" content=\"870\" \/>\n\t<meta property=\"og:image:height\" content=\"883\" \/>\n\t<meta property=\"og:image:type\" content=\"image\/png\" \/>\n<meta name=\"twitter:card\" content=\"summary_large_image\" \/>\n<meta name=\"twitter:label1\" content=\"\u01af\u1edbc t\u00ednh th\u1eddi gian \u0111\u1ecdc\" \/>\n\t<meta name=\"twitter:data1\" content=\"2 ph\u00fat\" \/>\n<script type=\"application\/ld+json\" class=\"yoast-schema-graph\">{\"@context\":\"https:\/\/schema.org\",\"@graph\":[{\"@type\":\"WebPage\",\"@id\":\"https:\/\/sipin.com.vn\/index.php\/product\/smc-aw20-01bg-a\/\",\"url\":\"https:\/\/sipin.com.vn\/index.php\/product\/smc-aw20-01bg-a\/\",\"name\":\"SMC AW20-01BG-A - OMANI VI\u1ec6T NAM\",\"isPartOf\":{\"@id\":\"https:\/\/sipin.com.vn\/#website\"},\"primaryImageOfPage\":{\"@id\":\"https:\/\/sipin.com.vn\/index.php\/product\/smc-aw20-01bg-a\/#primaryimage\"},\"image\":{\"@id\":\"https:\/\/sipin.com.vn\/index.php\/product\/smc-aw20-01bg-a\/#primaryimage\"},\"thumbnailUrl\":\"https:\/\/sipin.com.vn\/wp-content\/uploads\/2025\/02\/AW20-01BG-A.png\",\"datePublished\":\"2025-02-26T14:27:38+00:00\",\"dateModified\":\"2025-02-26T14:35:56+00:00\",\"description\":\"SMC AW20-01BG-A | Filter Regulator\",\"breadcrumb\":{\"@id\":\"https:\/\/sipin.com.vn\/index.php\/product\/smc-aw20-01bg-a\/#breadcrumb\"},\"inLanguage\":\"vi\",\"potentialAction\":[{\"@type\":\"ReadAction\",\"target\":[\"https:\/\/sipin.com.vn\/index.php\/product\/smc-aw20-01bg-a\/\"]}]},{\"@type\":\"ImageObject\",\"inLanguage\":\"vi\",\"@id\":\"https:\/\/sipin.com.vn\/index.php\/product\/smc-aw20-01bg-a\/#primaryimage\",\"url\":\"https:\/\/sipin.com.vn\/wp-content\/uploads\/2025\/02\/AW20-01BG-A.png\",\"contentUrl\":\"https:\/\/sipin.com.vn\/wp-content\/uploads\/2025\/02\/AW20-01BG-A.png\",\"width\":870,\"height\":883},{\"@type\":\"BreadcrumbList\",\"@id\":\"https:\/\/sipin.com.vn\/index.php\/product\/smc-aw20-01bg-a\/#breadcrumb\",\"itemListElement\":[{\"@type\":\"ListItem\",\"position\":1,\"name\":\"Home\",\"item\":\"https:\/\/sipin.com.vn\/\"},{\"@type\":\"ListItem\",\"position\":2,\"name\":\"S\u1ea2N PH\u1ea8M\",\"item\":\"https:\/\/sipin.com.vn\/index.php\/cua-hang\/\"},{\"@type\":\"ListItem\",\"position\":3,\"name\":\"SMC AW20-01BG-A\"}]},{\"@type\":\"WebSite\",\"@id\":\"https:\/\/sipin.com.vn\/#website\",\"url\":\"https:\/\/sipin.com.vn\/\",\"name\":\"OMANI VI\u1ec6T NAM\",\"description\":\"Nh\u00e0 ph\u00e2n ph\u1ed1i thi\u1ebft b\u1ecb kh\u00ed n\u00e9n v\u00e0 thi\u1ebft b\u1ecb t\u1ef1 \u0111\u1ed9ng h\u00f3a trong c\u00f4ng nghi\u1ec7p\",\"publisher\":{\"@id\":\"https:\/\/sipin.com.vn\/#\/schema\/person\/0ad398a980dc3fd696111c2c5c8fa897\"},\"potentialAction\":[{\"@type\":\"SearchAction\",\"target\":{\"@type\":\"EntryPoint\",\"urlTemplate\":\"https:\/\/sipin.com.vn\/?s={search_term_string}\"},\"query-input\":\"required name=search_term_string\"}],\"inLanguage\":\"vi\"},{\"@type\":[\"Person\",\"Organization\"],\"@id\":\"https:\/\/sipin.com.vn\/#\/schema\/person\/0ad398a980dc3fd696111c2c5c8fa897\",\"name\":\"Nguy\u1ec5n V\u0103n Kh\u00e1nh\",\"image\":{\"@type\":\"ImageObject\",\"inLanguage\":\"vi\",\"@id\":\"https:\/\/sipin.com.vn\/#\/schema\/person\/image\/\",\"url\":\"https:\/\/sipin.com.vn\/wp-content\/uploads\/2024\/06\/logo-1024x1024.png\",\"contentUrl\":\"https:\/\/sipin.com.vn\/wp-content\/uploads\/2024\/06\/logo-1024x1024.png\",\"width\":1024,\"height\":1024,\"caption\":\"Nguy\u1ec5n V\u0103n Kh\u00e1nh\"},\"logo\":{\"@id\":\"https:\/\/sipin.com.vn\/#\/schema\/person\/image\/\"},\"sameAs\":[\"https:\/\/sipin.com.vn\"]}]}<\/script>\n<!-- \/ Yoast SEO plugin. -->","yoast_head_json":{"title":"SMC AW20-01BG-A - OMANI VI\u1ec6T NAM","description":"SMC AW20-01BG-A | Filter Regulator","robots":{"index":"index","follow":"follow","max-snippet":"max-snippet:-1","max-image-preview":"max-image-preview:large","max-video-preview":"max-video-preview:-1"},"canonical":"https:\/\/sipin.com.vn\/index.php\/product\/smc-aw20-01bg-a\/","og_locale":"vi_VN","og_type":"article","og_title":"SMC AW20-01BG-A - OMANI VI\u1ec6T NAM","og_description":"SMC AW20-01BG-A | Filter Regulator","og_url":"https:\/\/sipin.com.vn\/index.php\/product\/smc-aw20-01bg-a\/","og_site_name":"OMANI VI\u1ec6T NAM","article_modified_time":"2025-02-26T14:35:56+00:00","og_image":[{"width":870,"height":883,"url":"https:\/\/sipin.com.vn\/wp-content\/uploads\/2025\/02\/AW20-01BG-A.png","type":"image\/png"}],"twitter_card":"summary_large_image","twitter_misc":{"\u01af\u1edbc t\u00ednh th\u1eddi gian \u0111\u1ecdc":"2 ph\u00fat"},"schema":{"@context":"https:\/\/schema.org","@graph":[{"@type":"WebPage","@id":"https:\/\/sipin.com.vn\/index.php\/product\/smc-aw20-01bg-a\/","url":"https:\/\/sipin.com.vn\/index.php\/product\/smc-aw20-01bg-a\/","name":"SMC AW20-01BG-A - OMANI VI\u1ec6T NAM","isPartOf":{"@id":"https:\/\/sipin.com.vn\/#website"},"primaryImageOfPage":{"@id":"https:\/\/sipin.com.vn\/index.php\/product\/smc-aw20-01bg-a\/#primaryimage"},"image":{"@id":"https:\/\/sipin.com.vn\/index.php\/product\/smc-aw20-01bg-a\/#primaryimage"},"thumbnailUrl":"https:\/\/sipin.com.vn\/wp-content\/uploads\/2025\/02\/AW20-01BG-A.png","datePublished":"2025-02-26T14:27:38+00:00","dateModified":"2025-02-26T14:35:56+00:00","description":"SMC AW20-01BG-A | Filter Regulator","breadcrumb":{"@id":"https:\/\/sipin.com.vn\/index.php\/product\/smc-aw20-01bg-a\/#breadcrumb"},"inLanguage":"vi","potentialAction":[{"@type":"ReadAction","target":["https:\/\/sipin.com.vn\/index.php\/product\/smc-aw20-01bg-a\/"]}]},{"@type":"ImageObject","inLanguage":"vi","@id":"https:\/\/sipin.com.vn\/index.php\/product\/smc-aw20-01bg-a\/#primaryimage","url":"https:\/\/sipin.com.vn\/wp-content\/uploads\/2025\/02\/AW20-01BG-A.png","contentUrl":"https:\/\/sipin.com.vn\/wp-content\/uploads\/2025\/02\/AW20-01BG-A.png","width":870,"height":883},{"@type":"BreadcrumbList","@id":"https:\/\/sipin.com.vn\/index.php\/product\/smc-aw20-01bg-a\/#breadcrumb","itemListElement":[{"@type":"ListItem","position":1,"name":"Home","item":"https:\/\/sipin.com.vn\/"},{"@type":"ListItem","position":2,"name":"S\u1ea2N PH\u1ea8M","item":"https:\/\/sipin.com.vn\/index.php\/cua-hang\/"},{"@type":"ListItem","position":3,"name":"SMC AW20-01BG-A"}]},{"@type":"WebSite","@id":"https:\/\/sipin.com.vn\/#website","url":"https:\/\/sipin.com.vn\/","name":"OMANI VI\u1ec6T NAM","description":"Nh\u00e0 ph\u00e2n ph\u1ed1i thi\u1ebft b\u1ecb kh\u00ed n\u00e9n v\u00e0 thi\u1ebft b\u1ecb t\u1ef1 \u0111\u1ed9ng h\u00f3a trong c\u00f4ng nghi\u1ec7p","publisher":{"@id":"https:\/\/sipin.com.vn\/#\/schema\/person\/0ad398a980dc3fd696111c2c5c8fa897"},"potentialAction":[{"@type":"SearchAction","target":{"@type":"EntryPoint","urlTemplate":"https:\/\/sipin.com.vn\/?s={search_term_string}"},"query-input":"required name=search_term_string"}],"inLanguage":"vi"},{"@type":["Person","Organization"],"@id":"https:\/\/sipin.com.vn\/#\/schema\/person\/0ad398a980dc3fd696111c2c5c8fa897","name":"Nguy\u1ec5n V\u0103n Kh\u00e1nh","image":{"@type":"ImageObject","inLanguage":"vi","@id":"https:\/\/sipin.com.vn\/#\/schema\/person\/image\/","url":"https:\/\/sipin.com.vn\/wp-content\/uploads\/2024\/06\/logo-1024x1024.png","contentUrl":"https:\/\/sipin.com.vn\/wp-content\/uploads\/2024\/06\/logo-1024x1024.png","width":1024,"height":1024,"caption":"Nguy\u1ec5n V\u0103n Kh\u00e1nh"},"logo":{"@id":"https:\/\/sipin.com.vn\/#\/schema\/person\/image\/"},"sameAs":["https:\/\/sipin.com.vn"]}]}},"_links":{"self":[{"href":"https:\/\/sipin.com.vn\/index.php\/wp-json\/wp\/v2\/product\/3267","targetHints":{"allow":["GET"]}}],"collection":[{"href":"https:\/\/sipin.com.vn\/index.php\/wp-json\/wp\/v2\/product"}],"about":[{"href":"https:\/\/sipin.com.vn\/index.php\/wp-json\/wp\/v2\/types\/product"}],"replies":[{"embeddable":true,"href":"https:\/\/sipin.com.vn\/index.php\/wp-json\/wp\/v2\/comments?post=3267"}],"wp:featuredmedia":[{"embeddable":true,"href":"https:\/\/sipin.com.vn\/index.php\/wp-json\/wp\/v2\/media\/3268"}],"wp:attachment":[{"href":"https:\/\/sipin.com.vn\/index.php\/wp-json\/wp\/v2\/media?parent=3267"}],"wp:term":[{"taxonomy":"product_cat","embeddable":true,"href":"https:\/\/sipin.com.vn\/index.php\/wp-json\/wp\/v2\/product_cat?post=3267"},{"taxonomy":"product_tag","embeddable":true,"href":"https:\/\/sipin.com.vn\/index.php\/wp-json\/wp\/v2\/product_tag?post=3267"}],"curies":[{"name":"wp","href":"https:\/\/api.w.org\/{rel}","templated":true}]}}