{"id":3221,"date":"2025-02-18T21:55:40","date_gmt":"2025-02-18T14:55:40","guid":{"rendered":"https:\/\/omanivietnam.com\/?post_type=product&#038;p=3221"},"modified":"2025-02-18T21:55:40","modified_gmt":"2025-02-18T14:55:40","slug":"smc-itv1030-312n","status":"publish","type":"product","link":"https:\/\/sipin.com.vn\/index.php\/product\/smc-itv1030-312n\/","title":{"rendered":"SMC ITV1030-312N"},"content":{"rendered":"<p>SMC ITV1030-312N<\/p>\n<p>SMC ITV1030-312BL2<\/p>\n<p>Van \u0111i\u1ec1u \u00e1p\u00a0 ITV1030-312N<\/p>\n<p>Electro-Pneumatic Regulator ITV1030-312N<\/p>\n<ul>\n<li><strong>Model : ITV1030-312N<\/strong><\/li>\n<li>Ngu\u1ed3n c\u1ea5p : 24VDC<\/li>\n<li>T\u00edn hi\u1ec7u \u0111i\u1ec1u khi\u1ec3n DC 0-10V<\/li>\n<li>T\u00edch h\u1ee3p m\u00e0n h\u00ecnh hi\u1ec3n th\u1ecb \u00e1p<\/li>\n<li>Ch\u1ee9c n\u0103ng lock \/ unlock<\/li>\n<li>\u00c1p ng\u00f5 ra \u0111i\u1ec1u ch\u1ec9nh trong kho\u1ea3ng 0.005 &#8211; 0.5MPa ( 5kg\/cm2 )<\/li>\n<li>NSX : SMC Japan<\/li>\n<\/ul>\n<h3>C\u00e1c m\u00e3 h\u00e0ng t\u01b0\u01a1ng \u0111\u01b0\u01a1ng Van \u0111i\u1ec1u \u00e1p ITV1030-312N:<\/h3>\n<div>\n<div class=\"x11i5rnm xat24cr x1mh8g0r x1vvkbs xtlvy1s x126k92a\">\n<div dir=\"auto\">ITV1030-312BL<br \/>\nITV1030-312BL2<br \/>\nITV1030-312CL<br \/>\nITV1030-312CL3<br \/>\nITV1030-312L<br \/>\nITV1030-312L3<br \/>\nITV1030-312N<br \/>\nITV1030-312S<\/div>\n<\/div>\n<\/div>\n<div dir=\"auto\"><\/div>\n<div dir=\"auto\"><\/div>\n","protected":false},"excerpt":{"rendered":"<p>SMC ITV1030-312N SMC ITV1030-312BL2 Van \u0111i\u1ec1u \u00e1p\u00a0 ITV1030-312N Electro-Pneumatic Regulator ITV1030-312N Model : ITV1030-312N Ngu\u1ed3n c\u1ea5p : 24VDC T\u00edn hi\u1ec7u \u0111i\u1ec1u khi\u1ec3n DC 0-10V T\u00edch h\u1ee3p m\u00e0n h\u00ecnh hi\u1ec3n th\u1ecb \u00e1p Ch\u1ee9c n\u0103ng lock \/ unlock \u00c1p ng\u00f5 ra \u0111i\u1ec1u ch\u1ec9nh trong kho\u1ea3ng 0.005 &#8211; 0.5MPa ( 5kg\/cm2 ) NSX&hellip; <\/p>\n","protected":false},"featured_media":3222,"comment_status":"open","ping_status":"closed","template":"","meta":{"om_disable_all_campaigns":false,"_monsterinsights_skip_tracking":false,"_monsterinsights_sitenote_active":false,"_monsterinsights_sitenote_note":"","_monsterinsights_sitenote_category":0},"product_cat":[15],"product_tag":[93,92,198],"class_list":{"0":"post-3221","1":"product","2":"type-product","3":"status-publish","4":"has-post-thumbnail","6":"product_cat-apex","7":"product_tag-dai-ly-smc-viet-nam","8":"product_tag-smc-viet-nam","9":"product_tag-van-dieu-ap","11":"first","12":"instock","13":"shipping-taxable","14":"product-type-simple"},"aioseo_notices":[],"yoast_head":"<!-- This site is optimized with the Yoast SEO plugin v22.8 - https:\/\/yoast.com\/wordpress\/plugins\/seo\/ -->\n<title>SMC ITV1030-312N - OMANI VI\u1ec6T NAM<\/title>\n<meta name=\"description\" content=\"SMC ITV1030-312N regulator electro-pneumatic\" \/>\n<meta name=\"robots\" content=\"index, follow, max-snippet:-1, max-image-preview:large, max-video-preview:-1\" \/>\n<link rel=\"canonical\" href=\"https:\/\/sipin.com.vn\/index.php\/product\/smc-itv1030-312n\/\" \/>\n<meta property=\"og:locale\" content=\"vi_VN\" \/>\n<meta property=\"og:type\" content=\"article\" \/>\n<meta property=\"og:title\" content=\"SMC ITV1030-312N - OMANI VI\u1ec6T NAM\" \/>\n<meta property=\"og:description\" content=\"SMC ITV1030-312N regulator electro-pneumatic\" \/>\n<meta property=\"og:url\" content=\"https:\/\/sipin.com.vn\/index.php\/product\/smc-itv1030-312n\/\" \/>\n<meta property=\"og:site_name\" content=\"OMANI VI\u1ec6T NAM\" \/>\n<meta property=\"og:image\" content=\"https:\/\/sipin.com.vn\/wp-content\/uploads\/2025\/02\/ITV1030-312N.png\" \/>\n\t<meta property=\"og:image:width\" content=\"743\" \/>\n\t<meta property=\"og:image:height\" content=\"471\" \/>\n\t<meta property=\"og:image:type\" content=\"image\/png\" \/>\n<meta name=\"twitter:card\" content=\"summary_large_image\" \/>\n<meta name=\"twitter:label1\" content=\"\u01af\u1edbc t\u00ednh th\u1eddi gian \u0111\u1ecdc\" \/>\n\t<meta name=\"twitter:data1\" content=\"1 ph\u00fat\" \/>\n<script type=\"application\/ld+json\" class=\"yoast-schema-graph\">{\"@context\":\"https:\/\/schema.org\",\"@graph\":[{\"@type\":\"WebPage\",\"@id\":\"https:\/\/sipin.com.vn\/index.php\/product\/smc-itv1030-312n\/\",\"url\":\"https:\/\/sipin.com.vn\/index.php\/product\/smc-itv1030-312n\/\",\"name\":\"SMC ITV1030-312N - OMANI VI\u1ec6T NAM\",\"isPartOf\":{\"@id\":\"https:\/\/sipin.com.vn\/#website\"},\"primaryImageOfPage\":{\"@id\":\"https:\/\/sipin.com.vn\/index.php\/product\/smc-itv1030-312n\/#primaryimage\"},\"image\":{\"@id\":\"https:\/\/sipin.com.vn\/index.php\/product\/smc-itv1030-312n\/#primaryimage\"},\"thumbnailUrl\":\"https:\/\/sipin.com.vn\/wp-content\/uploads\/2025\/02\/ITV1030-312N.png\",\"datePublished\":\"2025-02-18T14:55:40+00:00\",\"dateModified\":\"2025-02-18T14:55:40+00:00\",\"description\":\"SMC ITV1030-312N regulator electro-pneumatic\",\"breadcrumb\":{\"@id\":\"https:\/\/sipin.com.vn\/index.php\/product\/smc-itv1030-312n\/#breadcrumb\"},\"inLanguage\":\"vi\",\"potentialAction\":[{\"@type\":\"ReadAction\",\"target\":[\"https:\/\/sipin.com.vn\/index.php\/product\/smc-itv1030-312n\/\"]}]},{\"@type\":\"ImageObject\",\"inLanguage\":\"vi\",\"@id\":\"https:\/\/sipin.com.vn\/index.php\/product\/smc-itv1030-312n\/#primaryimage\",\"url\":\"https:\/\/sipin.com.vn\/wp-content\/uploads\/2025\/02\/ITV1030-312N.png\",\"contentUrl\":\"https:\/\/sipin.com.vn\/wp-content\/uploads\/2025\/02\/ITV1030-312N.png\",\"width\":743,\"height\":471},{\"@type\":\"BreadcrumbList\",\"@id\":\"https:\/\/sipin.com.vn\/index.php\/product\/smc-itv1030-312n\/#breadcrumb\",\"itemListElement\":[{\"@type\":\"ListItem\",\"position\":1,\"name\":\"Home\",\"item\":\"https:\/\/sipin.com.vn\/\"},{\"@type\":\"ListItem\",\"position\":2,\"name\":\"S\u1ea2N PH\u1ea8M\",\"item\":\"https:\/\/sipin.com.vn\/index.php\/cua-hang\/\"},{\"@type\":\"ListItem\",\"position\":3,\"name\":\"SMC ITV1030-312N\"}]},{\"@type\":\"WebSite\",\"@id\":\"https:\/\/sipin.com.vn\/#website\",\"url\":\"https:\/\/sipin.com.vn\/\",\"name\":\"OMANI VI\u1ec6T NAM\",\"description\":\"Nh\u00e0 ph\u00e2n ph\u1ed1i thi\u1ebft b\u1ecb kh\u00ed n\u00e9n v\u00e0 thi\u1ebft b\u1ecb t\u1ef1 \u0111\u1ed9ng h\u00f3a trong c\u00f4ng nghi\u1ec7p\",\"publisher\":{\"@id\":\"https:\/\/sipin.com.vn\/#\/schema\/person\/0ad398a980dc3fd696111c2c5c8fa897\"},\"potentialAction\":[{\"@type\":\"SearchAction\",\"target\":{\"@type\":\"EntryPoint\",\"urlTemplate\":\"https:\/\/sipin.com.vn\/?s={search_term_string}\"},\"query-input\":\"required name=search_term_string\"}],\"inLanguage\":\"vi\"},{\"@type\":[\"Person\",\"Organization\"],\"@id\":\"https:\/\/sipin.com.vn\/#\/schema\/person\/0ad398a980dc3fd696111c2c5c8fa897\",\"name\":\"Nguy\u1ec5n V\u0103n Kh\u00e1nh\",\"image\":{\"@type\":\"ImageObject\",\"inLanguage\":\"vi\",\"@id\":\"https:\/\/sipin.com.vn\/#\/schema\/person\/image\/\",\"url\":\"https:\/\/sipin.com.vn\/wp-content\/uploads\/2024\/06\/logo-1024x1024.png\",\"contentUrl\":\"https:\/\/sipin.com.vn\/wp-content\/uploads\/2024\/06\/logo-1024x1024.png\",\"width\":1024,\"height\":1024,\"caption\":\"Nguy\u1ec5n V\u0103n Kh\u00e1nh\"},\"logo\":{\"@id\":\"https:\/\/sipin.com.vn\/#\/schema\/person\/image\/\"},\"sameAs\":[\"https:\/\/sipin.com.vn\"]}]}<\/script>\n<!-- \/ Yoast SEO plugin. -->","yoast_head_json":{"title":"SMC ITV1030-312N - OMANI VI\u1ec6T NAM","description":"SMC ITV1030-312N regulator electro-pneumatic","robots":{"index":"index","follow":"follow","max-snippet":"max-snippet:-1","max-image-preview":"max-image-preview:large","max-video-preview":"max-video-preview:-1"},"canonical":"https:\/\/sipin.com.vn\/index.php\/product\/smc-itv1030-312n\/","og_locale":"vi_VN","og_type":"article","og_title":"SMC ITV1030-312N - OMANI VI\u1ec6T NAM","og_description":"SMC ITV1030-312N regulator electro-pneumatic","og_url":"https:\/\/sipin.com.vn\/index.php\/product\/smc-itv1030-312n\/","og_site_name":"OMANI VI\u1ec6T NAM","og_image":[{"width":743,"height":471,"url":"https:\/\/sipin.com.vn\/wp-content\/uploads\/2025\/02\/ITV1030-312N.png","type":"image\/png"}],"twitter_card":"summary_large_image","twitter_misc":{"\u01af\u1edbc t\u00ednh th\u1eddi gian \u0111\u1ecdc":"1 ph\u00fat"},"schema":{"@context":"https:\/\/schema.org","@graph":[{"@type":"WebPage","@id":"https:\/\/sipin.com.vn\/index.php\/product\/smc-itv1030-312n\/","url":"https:\/\/sipin.com.vn\/index.php\/product\/smc-itv1030-312n\/","name":"SMC ITV1030-312N - OMANI VI\u1ec6T NAM","isPartOf":{"@id":"https:\/\/sipin.com.vn\/#website"},"primaryImageOfPage":{"@id":"https:\/\/sipin.com.vn\/index.php\/product\/smc-itv1030-312n\/#primaryimage"},"image":{"@id":"https:\/\/sipin.com.vn\/index.php\/product\/smc-itv1030-312n\/#primaryimage"},"thumbnailUrl":"https:\/\/sipin.com.vn\/wp-content\/uploads\/2025\/02\/ITV1030-312N.png","datePublished":"2025-02-18T14:55:40+00:00","dateModified":"2025-02-18T14:55:40+00:00","description":"SMC ITV1030-312N regulator electro-pneumatic","breadcrumb":{"@id":"https:\/\/sipin.com.vn\/index.php\/product\/smc-itv1030-312n\/#breadcrumb"},"inLanguage":"vi","potentialAction":[{"@type":"ReadAction","target":["https:\/\/sipin.com.vn\/index.php\/product\/smc-itv1030-312n\/"]}]},{"@type":"ImageObject","inLanguage":"vi","@id":"https:\/\/sipin.com.vn\/index.php\/product\/smc-itv1030-312n\/#primaryimage","url":"https:\/\/sipin.com.vn\/wp-content\/uploads\/2025\/02\/ITV1030-312N.png","contentUrl":"https:\/\/sipin.com.vn\/wp-content\/uploads\/2025\/02\/ITV1030-312N.png","width":743,"height":471},{"@type":"BreadcrumbList","@id":"https:\/\/sipin.com.vn\/index.php\/product\/smc-itv1030-312n\/#breadcrumb","itemListElement":[{"@type":"ListItem","position":1,"name":"Home","item":"https:\/\/sipin.com.vn\/"},{"@type":"ListItem","position":2,"name":"S\u1ea2N PH\u1ea8M","item":"https:\/\/sipin.com.vn\/index.php\/cua-hang\/"},{"@type":"ListItem","position":3,"name":"SMC ITV1030-312N"}]},{"@type":"WebSite","@id":"https:\/\/sipin.com.vn\/#website","url":"https:\/\/sipin.com.vn\/","name":"OMANI VI\u1ec6T NAM","description":"Nh\u00e0 ph\u00e2n ph\u1ed1i thi\u1ebft b\u1ecb kh\u00ed n\u00e9n v\u00e0 thi\u1ebft b\u1ecb t\u1ef1 \u0111\u1ed9ng h\u00f3a trong c\u00f4ng nghi\u1ec7p","publisher":{"@id":"https:\/\/sipin.com.vn\/#\/schema\/person\/0ad398a980dc3fd696111c2c5c8fa897"},"potentialAction":[{"@type":"SearchAction","target":{"@type":"EntryPoint","urlTemplate":"https:\/\/sipin.com.vn\/?s={search_term_string}"},"query-input":"required name=search_term_string"}],"inLanguage":"vi"},{"@type":["Person","Organization"],"@id":"https:\/\/sipin.com.vn\/#\/schema\/person\/0ad398a980dc3fd696111c2c5c8fa897","name":"Nguy\u1ec5n V\u0103n Kh\u00e1nh","image":{"@type":"ImageObject","inLanguage":"vi","@id":"https:\/\/sipin.com.vn\/#\/schema\/person\/image\/","url":"https:\/\/sipin.com.vn\/wp-content\/uploads\/2024\/06\/logo-1024x1024.png","contentUrl":"https:\/\/sipin.com.vn\/wp-content\/uploads\/2024\/06\/logo-1024x1024.png","width":1024,"height":1024,"caption":"Nguy\u1ec5n V\u0103n Kh\u00e1nh"},"logo":{"@id":"https:\/\/sipin.com.vn\/#\/schema\/person\/image\/"},"sameAs":["https:\/\/sipin.com.vn"]}]}},"_links":{"self":[{"href":"https:\/\/sipin.com.vn\/index.php\/wp-json\/wp\/v2\/product\/3221","targetHints":{"allow":["GET"]}}],"collection":[{"href":"https:\/\/sipin.com.vn\/index.php\/wp-json\/wp\/v2\/product"}],"about":[{"href":"https:\/\/sipin.com.vn\/index.php\/wp-json\/wp\/v2\/types\/product"}],"replies":[{"embeddable":true,"href":"https:\/\/sipin.com.vn\/index.php\/wp-json\/wp\/v2\/comments?post=3221"}],"wp:featuredmedia":[{"embeddable":true,"href":"https:\/\/sipin.com.vn\/index.php\/wp-json\/wp\/v2\/media\/3222"}],"wp:attachment":[{"href":"https:\/\/sipin.com.vn\/index.php\/wp-json\/wp\/v2\/media?parent=3221"}],"wp:term":[{"taxonomy":"product_cat","embeddable":true,"href":"https:\/\/sipin.com.vn\/index.php\/wp-json\/wp\/v2\/product_cat?post=3221"},{"taxonomy":"product_tag","embeddable":true,"href":"https:\/\/sipin.com.vn\/index.php\/wp-json\/wp\/v2\/product_tag?post=3221"}],"curies":[{"name":"wp","href":"https:\/\/api.w.org\/{rel}","templated":true}]}}