{"id":3213,"date":"2025-02-16T21:06:05","date_gmt":"2025-02-16T14:06:05","guid":{"rendered":"https:\/\/omanivietnam.com\/?post_type=product&#038;p=3213"},"modified":"2025-04-12T11:31:24","modified_gmt":"2025-04-12T04:31:24","slug":"orion-ad-5","status":"publish","type":"product","link":"https:\/\/sipin.com.vn\/index.php\/product\/orion-ad-5\/","title":{"rendered":"ORION AD-5"},"content":{"rendered":"<p>ORION AD-5<\/p>\n<p>ORION AD-5-G1<\/p>\n<h1 class=\"title-head\">Van x\u1ea3 n\u01b0\u1edbc t\u1ef1 \u0111\u1ed9ng ORION AD5<\/h1>\n<p>Part name: Orion Auto drain<\/p>\n<p>Model: AD-5<\/p>\n<p>Nguy\u00ean l\u00fd: d\u1ea1ng \u0111\u0129a<\/p>\n<p>L\u01b0u l\u01b0\u1ee3ng: 450L\/h<\/p>\n<p>\u00c1p su\u1ea5t l\u00e0m vi\u1ec7c: 0.29~0.98Mpa<\/p>\n<p>Ng\u00f5 v\u00e0o ra: 1\/2\u201d (21mm)<\/p>\n<p>Tr\u1ecdng l\u01b0\u1ee3ng: 1.7kg<\/p>\n<p>an x\u1ea3 n\u01b0\u1edbc t\u1ef1 \u0111\u1ed9ng Orion AD5 l\u00e0 m\u1ed9t s\u1ea3n ph\u1ea9m ch\u1ea5t l\u01b0\u1ee3ng cao, \u0111\u01b0\u1ee3c thi\u1ebft k\u1ebf \u0111\u1ec3 gi\u1ea3m thi\u1ec3u t\u1ed1i \u0111a t\u00ecnh tr\u1ea1ng \u1ee9 \u0111\u1ecdng n\u01b0\u1edbc trong c\u00e1c h\u1ec7 th\u1ed1ng \u0111\u01b0\u1eddng \u1ed1ng, \u0111\u1eb7c bi\u1ec7t l\u00e0 trong h\u1ec7 th\u1ed1ng th\u00f4ng gi\u00f3 v\u00e0 h\u1ec7 th\u1ed1ng l\u00e0m m\u00e1t. V\u1edbi thi\u1ebft k\u1ebf th\u00f4ng minh v\u00e0 ti\u00ean ti\u1ebfn, n\u00f3 s\u1ebd gi\u00fap cho c\u00e1c h\u1ec7 th\u1ed1ng ho\u1ea1t \u0111\u1ed9ng hi\u1ec7u qu\u1ea3 v\u00e0 k\u00e9o d\u00e0i tu\u1ed5i th\u1ecd c\u1ee7a ch\u00fang.<\/p>\n<h2><strong>\u0110\u1eb7c \u0111i\u1ec3m \u0111i\u1ec3n h\u00ecnh<\/strong><\/h2>\n<p>Van ho\u1ea1t \u0111\u1ed9ng tr\u00ean nguy\u00ean l\u00fd d\u1ea1ng \u0111\u0129a (Disc operated). \u0110\u00e2y l\u00e0 nguy\u00ean l\u00fd x\u1ea3 n\u01b0\u1edbc \u0111\u1eb7c bi\u1ec7t v\u00e0 kh\u00e1c so v\u1edbi nh\u1eefng van x\u1ea3 n\u01b0\u1edbc\u00a0 c\u00f2n l\u1ea1i l\u00e0 d\u1ea1ng phao c\u01a1 v\u00e0 van \u0111i\u1ec7n.<\/p>\n<p>Van c\u00f3 l\u01b0u l\u01b0\u1ee3ng x\u1ea3 l\u1edbn. Ph\u00f9 h\u1ee3p cho nh\u1eefng v\u1ecb tr\u00ed \u0111\u00f2i h\u1ecfi van x\u1ea3 kh\u1eaft khe nh\u01b0 sau m\u00e1y s\u1ea5y. \u0110\u00e1y b\u00ecnh t\u00edch \u00e1p.<\/p>\n<p>\u0110i\u1ec3m \u0111\u1ed9c \u0111\u00e1o v\u1ec1 thi\u1ebft k\u1ebf gi\u00fap van ho\u1ea1t \u0111\u1ed9ng b\u1ec1n b\u1ec9 h\u1ea1n ch\u1ebf t\u1eafc c\u1eb7n b\u1ea9n h\u01a1n hai nguy\u00ean l\u00fd x\u1ea3 c\u00f2n l\u1ea1i. N\u00ean van th\u01b0\u1eddng \u0111\u01b0\u1ee3c d\u00f9ng trong nh\u1eefng h\u1ec7 th\u1ed1ng x\u1eed l\u00fd kh\u00ed n\u00e9n quan tr\u1ecdng v\u00e0 hi\u1ec7n \u0111\u1ea1i.<\/p>\n<p>Nh\u01b0\u1ee3c \u0111i\u1ec3m duy nh\u1ea5t c\u1ee7a d\u00f2ng van n\u00e0y l\u00e0 n\u00f3 ph\u00e1t ra ti\u1ebfng \u1ed3n nh\u1ecf c\u1ee7a \u0111\u1ed3ng xu b\u1eadt, n\u1ea9y khi trong khi ho\u1ea1t \u0111\u1ed9ng v\u00e0 chi ph\u00ed \u0111\u1eaft. B\u1ea1n c\u0169ng c\u00f3 th\u1ec3 t\u00ecm \u0111\u1ebfn Van x\u1ea3 n\u01b0\u1edbc c\u00f9ng nguy\u00ean l\u00fd nh\u01b0 PA68,Wellair xu\u1ea5t x\u1ee9 Trung Qu\u1ed1c v\u1edbi \u0111\u1ed9 c\u1ee9ng c\u00e1p cao t\u1eeb nh\u00f4m \u0111\u00fac nguy\u00ean kh\u1ed1i, c\u00f3 gi\u00e1 th\u00e0nh r\u1ebb.<\/p>\n<p>Van AD-5 c\u0169ng c\u1ea7n \u0111\u01b0\u1ee3c b\u1ea3o d\u01b0\u1ee1ng \u0111\u1ecbnh k\u00ec, v\u1ec7 sinh l\u01b0\u1edbi l\u1ecdc, thay KIt Oring sau khi \u0111\u1ed3ng xu b\u1ecb m\u00f2n.<\/p>\n<h2><strong>Th\u00f4ng s\u1ed1 k\u0129 thu\u1eadt<\/strong><\/h2>\n<p>Model: AD-5<\/p>\n<p>Nguy\u00ean l\u00fd: d\u1ea1ng \u0111\u0129a<\/p>\n<p>L\u01b0u l\u01b0\u1ee3ng: 450L\/h<\/p>\n<p>\u00c1p su\u1ea5t l\u00e0m vi\u1ec7c: 0.29~0.98Mpa<\/p>\n<p>Ng\u00f5 v\u00e0o ra: 1\/2\u201d (21mm)<\/p>\n<p>Tr\u1ecdng l\u01b0\u1ee3ng: 1.7kg<\/p>\n<p>&nbsp;<\/p>\n<p><strong>TH\u00d4NG TIN S\u1ea2N PH\u1ea8M VAN X\u1ea2 N\u01af\u1edaC T\u1ef0 \u0110\u1ed8NG AD-5:<\/strong><\/p>\n<table width=\"909\">\n<tbody>\n<tr>\n<td width=\"509\">\u2013 T\u00ean s\u1ea3n ph\u1ea9m: Van x\u1ea3 n\u01b0\u1edbc t\u1ef1 \u0111\u1ed9ng\/ Auto Drain Trap<\/td>\n<td width=\"400\">\u2013 D\u1ea3i nhi\u1ec7t \u0111\u1ed9 l\u00e0m vi\u1ec7c c\u1ee7a van: 0 \u0111\u1ebfn 60 \u0111\u1ed9 C<\/td>\n<\/tr>\n<tr>\n<td>\u2013 M\u00e3 hi\u1ec7u s\u1ea3n ph\u1ea9m: AD-5<\/td>\n<td>\u2013 Ren k\u1ebft n\u1ed1i \u0111\u1ea7u v\u00e0o v\u00e0 \u0111\u1ea7u ra: 1\/2 inch (21mm)<\/td>\n<\/tr>\n<tr>\n<td>\u2013 Ch\u1ee9c n\u0103ng: Lo\u1ea1i b\u1ecf n\u01b0\u1edbc ra ngo\u00e0i h\u1ec7 th\u1ed1ng<\/td>\n<td>\u2013 \u0110\u01b0\u1eddng k\u00ednh c\u1ee7a van c\u1ed5ng ch\u00ednh: 3.5mm<\/td>\n<\/tr>\n<tr>\n<td>\u2013 Lo\u1ea1i van: van c\u01a1, x\u1ea3 n\u01b0\u1edbc t\u1ef1 \u0111\u1ed9ng<\/td>\n<td>\u2013 K\u00edch th\u01b0\u1edbc: \u0110\u01b0\u1eddng k\u00ednh ngo\u00e0i 86mm, chi\u1ec1u d\u00e0i 198mm<\/td>\n<\/tr>\n<tr>\n<td>\u2013 L\u01b0u l\u01b0\u1ee3ng t\u1ed1i \u0111a: 450 l\u00edt\/ ph\u00fat<\/td>\n<td>\u2013 Tr\u1ecdng l\u01b0\u1ee3ng van: 1.7 kg<\/td>\n<\/tr>\n<tr>\n<td>\u2013 D\u1ea3i \u00e1p su\u1ea5t l\u00e0m vi\u1ec7c: 0.29 \u0111\u1ebfn 0.98 MPa (2.9- 9.8 bar)<\/td>\n<td>\u2013 H\u00e3ng s\u1ea3n xu\u1ea5t: Orion, xu\u1ea5t x\u1ee9 Nh\u1eadt B\u1ea3n<\/td>\n<\/tr>\n<\/tbody>\n<\/table>\n<p>C\u00e1c m\u00e3 h\u00e0ng t\u01b0\u01a1ng t\u01b0:<\/p>\n<p>SMC AD402-02<\/p>\n<p>SMC AD402-03<\/p>\n<p>SMC AD402-04<\/p>\n<p>SMC AD600-06<\/p>\n<p>SMC AD600-06<\/p>\n<p>SMC AD600-10<\/p>\n<p>ORION AD-5<\/p>\n<p>ORION FD6-G1<\/p>\n<p>ORION FD-1D<\/p>\n<p>ORION FD2-G3<\/p>\n<p>ORION FD6-G3<\/p>\n<p>ORION FD-10A<\/p>\n<p>&nbsp;<\/p>\n<p>\u0110\u1ea1i l\u00fd ORION vietnam, ORION viet nam, ORION vietnam distributor, Ph\u00e2n ph\u1ed1i ORION t\u1ea1i vi\u1ec7t nam<\/p>\n<p>\u0110\u1ea1i l\u00fd ORION vietnam, ORION viet nam, ORION vietnam distributor, Ph\u00e2n ph\u1ed1i ORION t\u1ea1i vi\u1ec7t nam<\/p>\n<p>\u0110\u1ea1i l\u00fd ORION vietnam, ORION viet nam, ORION vietnam distributor, Ph\u00e2n ph\u1ed1i ORION t\u1ea1i vi\u1ec7t nam<\/p>\n<p>\u0110\u1ea1i l\u00fd ORION vietnam, ORION viet nam, ORION vietnam distributor, Ph\u00e2n ph\u1ed1i ORION t\u1ea1i vi\u1ec7t nam<\/p>\n<p>\u0110\u1ea1i l\u00fd ORION vietnam, ORION viet nam, ORION vietnam distributor, Ph\u00e2n ph\u1ed1i ORION t\u1ea1i vi\u1ec7t nam<\/p>\n","protected":false},"excerpt":{"rendered":"<p>ORION AD-5 ORION AD-5-G1 Van x\u1ea3 n\u01b0\u1edbc t\u1ef1 \u0111\u1ed9ng ORION AD5 Part name: Orion Auto drain Model: AD-5 Nguy\u00ean l\u00fd: d\u1ea1ng \u0111\u0129a L\u01b0u l\u01b0\u1ee3ng: 450L\/h \u00c1p su\u1ea5t l\u00e0m vi\u1ec7c: 0.29~0.98Mpa Ng\u00f5 v\u00e0o ra: 1\/2\u201d (21mm) Tr\u1ecdng l\u01b0\u1ee3ng: 1.7kg an x\u1ea3 n\u01b0\u1edbc t\u1ef1 \u0111\u1ed9ng Orion AD5 l\u00e0 m\u1ed9t s\u1ea3n ph\u1ea9m ch\u1ea5t&hellip; <\/p>\n","protected":false},"featured_media":3214,"comment_status":"open","ping_status":"closed","template":"","meta":{"om_disable_all_campaigns":false,"_monsterinsights_skip_tracking":false,"_monsterinsights_sitenote_active":false,"_monsterinsights_sitenote_note":"","_monsterinsights_sitenote_category":0},"product_cat":[15],"product_tag":[610,609,431],"class_list":{"0":"post-3213","1":"product","2":"type-product","3":"status-publish","4":"has-post-thumbnail","6":"product_cat-apex","7":"product_tag-dai-ly-orion-viet-nam","8":"product_tag-orion-viet-nam","9":"product_tag-van-xa","11":"first","12":"instock","13":"shipping-taxable","14":"product-type-simple"},"aioseo_notices":[],"yoast_head":"<!-- This site is optimized with the Yoast SEO plugin v22.8 - https:\/\/yoast.com\/wordpress\/plugins\/seo\/ -->\n<title>ORION AD-5 - OMANI VI\u1ec6T NAM<\/title>\n<meta name=\"description\" content=\"ORION AD-5 Auto Drain Trap\" \/>\n<meta name=\"robots\" content=\"index, follow, max-snippet:-1, max-image-preview:large, max-video-preview:-1\" \/>\n<link rel=\"canonical\" href=\"https:\/\/sipin.com.vn\/index.php\/product\/orion-ad-5\/\" \/>\n<meta property=\"og:locale\" content=\"vi_VN\" \/>\n<meta property=\"og:type\" content=\"article\" \/>\n<meta property=\"og:title\" content=\"ORION AD-5 - OMANI VI\u1ec6T NAM\" \/>\n<meta property=\"og:description\" content=\"ORION AD-5 Auto Drain Trap\" \/>\n<meta property=\"og:url\" content=\"https:\/\/sipin.com.vn\/index.php\/product\/orion-ad-5\/\" \/>\n<meta property=\"og:site_name\" content=\"OMANI VI\u1ec6T NAM\" \/>\n<meta property=\"article:modified_time\" content=\"2025-04-12T04:31:24+00:00\" \/>\n<meta property=\"og:image\" content=\"https:\/\/sipin.com.vn\/wp-content\/uploads\/2025\/02\/AD-5.png\" \/>\n\t<meta property=\"og:image:width\" content=\"469\" \/>\n\t<meta property=\"og:image:height\" content=\"379\" \/>\n\t<meta property=\"og:image:type\" content=\"image\/png\" \/>\n<meta name=\"twitter:card\" content=\"summary_large_image\" \/>\n<meta name=\"twitter:label1\" content=\"\u01af\u1edbc t\u00ednh th\u1eddi gian \u0111\u1ecdc\" \/>\n\t<meta name=\"twitter:data1\" content=\"4 ph\u00fat\" \/>\n<script type=\"application\/ld+json\" class=\"yoast-schema-graph\">{\"@context\":\"https:\/\/schema.org\",\"@graph\":[{\"@type\":\"WebPage\",\"@id\":\"https:\/\/sipin.com.vn\/index.php\/product\/orion-ad-5\/\",\"url\":\"https:\/\/sipin.com.vn\/index.php\/product\/orion-ad-5\/\",\"name\":\"ORION AD-5 - OMANI VI\u1ec6T NAM\",\"isPartOf\":{\"@id\":\"https:\/\/sipin.com.vn\/#website\"},\"primaryImageOfPage\":{\"@id\":\"https:\/\/sipin.com.vn\/index.php\/product\/orion-ad-5\/#primaryimage\"},\"image\":{\"@id\":\"https:\/\/sipin.com.vn\/index.php\/product\/orion-ad-5\/#primaryimage\"},\"thumbnailUrl\":\"https:\/\/sipin.com.vn\/wp-content\/uploads\/2025\/02\/AD-5.png\",\"datePublished\":\"2025-02-16T14:06:05+00:00\",\"dateModified\":\"2025-04-12T04:31:24+00:00\",\"description\":\"ORION AD-5 Auto Drain Trap\",\"breadcrumb\":{\"@id\":\"https:\/\/sipin.com.vn\/index.php\/product\/orion-ad-5\/#breadcrumb\"},\"inLanguage\":\"vi\",\"potentialAction\":[{\"@type\":\"ReadAction\",\"target\":[\"https:\/\/sipin.com.vn\/index.php\/product\/orion-ad-5\/\"]}]},{\"@type\":\"ImageObject\",\"inLanguage\":\"vi\",\"@id\":\"https:\/\/sipin.com.vn\/index.php\/product\/orion-ad-5\/#primaryimage\",\"url\":\"https:\/\/sipin.com.vn\/wp-content\/uploads\/2025\/02\/AD-5.png\",\"contentUrl\":\"https:\/\/sipin.com.vn\/wp-content\/uploads\/2025\/02\/AD-5.png\",\"width\":469,\"height\":379},{\"@type\":\"BreadcrumbList\",\"@id\":\"https:\/\/sipin.com.vn\/index.php\/product\/orion-ad-5\/#breadcrumb\",\"itemListElement\":[{\"@type\":\"ListItem\",\"position\":1,\"name\":\"Home\",\"item\":\"https:\/\/sipin.com.vn\/\"},{\"@type\":\"ListItem\",\"position\":2,\"name\":\"S\u1ea2N PH\u1ea8M\",\"item\":\"https:\/\/sipin.com.vn\/index.php\/cua-hang\/\"},{\"@type\":\"ListItem\",\"position\":3,\"name\":\"ORION AD-5\"}]},{\"@type\":\"WebSite\",\"@id\":\"https:\/\/sipin.com.vn\/#website\",\"url\":\"https:\/\/sipin.com.vn\/\",\"name\":\"OMANI VI\u1ec6T NAM\",\"description\":\"Nh\u00e0 ph\u00e2n ph\u1ed1i thi\u1ebft b\u1ecb kh\u00ed n\u00e9n v\u00e0 thi\u1ebft b\u1ecb t\u1ef1 \u0111\u1ed9ng h\u00f3a trong c\u00f4ng nghi\u1ec7p\",\"publisher\":{\"@id\":\"https:\/\/sipin.com.vn\/#\/schema\/person\/0ad398a980dc3fd696111c2c5c8fa897\"},\"potentialAction\":[{\"@type\":\"SearchAction\",\"target\":{\"@type\":\"EntryPoint\",\"urlTemplate\":\"https:\/\/sipin.com.vn\/?s={search_term_string}\"},\"query-input\":\"required name=search_term_string\"}],\"inLanguage\":\"vi\"},{\"@type\":[\"Person\",\"Organization\"],\"@id\":\"https:\/\/sipin.com.vn\/#\/schema\/person\/0ad398a980dc3fd696111c2c5c8fa897\",\"name\":\"Nguy\u1ec5n V\u0103n Kh\u00e1nh\",\"image\":{\"@type\":\"ImageObject\",\"inLanguage\":\"vi\",\"@id\":\"https:\/\/sipin.com.vn\/#\/schema\/person\/image\/\",\"url\":\"https:\/\/sipin.com.vn\/wp-content\/uploads\/2024\/06\/logo-1024x1024.png\",\"contentUrl\":\"https:\/\/sipin.com.vn\/wp-content\/uploads\/2024\/06\/logo-1024x1024.png\",\"width\":1024,\"height\":1024,\"caption\":\"Nguy\u1ec5n V\u0103n Kh\u00e1nh\"},\"logo\":{\"@id\":\"https:\/\/sipin.com.vn\/#\/schema\/person\/image\/\"},\"sameAs\":[\"https:\/\/sipin.com.vn\"]}]}<\/script>\n<!-- \/ Yoast SEO plugin. -->","yoast_head_json":{"title":"ORION AD-5 - OMANI VI\u1ec6T NAM","description":"ORION AD-5 Auto Drain Trap","robots":{"index":"index","follow":"follow","max-snippet":"max-snippet:-1","max-image-preview":"max-image-preview:large","max-video-preview":"max-video-preview:-1"},"canonical":"https:\/\/sipin.com.vn\/index.php\/product\/orion-ad-5\/","og_locale":"vi_VN","og_type":"article","og_title":"ORION AD-5 - OMANI VI\u1ec6T NAM","og_description":"ORION AD-5 Auto Drain Trap","og_url":"https:\/\/sipin.com.vn\/index.php\/product\/orion-ad-5\/","og_site_name":"OMANI VI\u1ec6T NAM","article_modified_time":"2025-04-12T04:31:24+00:00","og_image":[{"width":469,"height":379,"url":"https:\/\/sipin.com.vn\/wp-content\/uploads\/2025\/02\/AD-5.png","type":"image\/png"}],"twitter_card":"summary_large_image","twitter_misc":{"\u01af\u1edbc t\u00ednh th\u1eddi gian \u0111\u1ecdc":"4 ph\u00fat"},"schema":{"@context":"https:\/\/schema.org","@graph":[{"@type":"WebPage","@id":"https:\/\/sipin.com.vn\/index.php\/product\/orion-ad-5\/","url":"https:\/\/sipin.com.vn\/index.php\/product\/orion-ad-5\/","name":"ORION AD-5 - OMANI VI\u1ec6T NAM","isPartOf":{"@id":"https:\/\/sipin.com.vn\/#website"},"primaryImageOfPage":{"@id":"https:\/\/sipin.com.vn\/index.php\/product\/orion-ad-5\/#primaryimage"},"image":{"@id":"https:\/\/sipin.com.vn\/index.php\/product\/orion-ad-5\/#primaryimage"},"thumbnailUrl":"https:\/\/sipin.com.vn\/wp-content\/uploads\/2025\/02\/AD-5.png","datePublished":"2025-02-16T14:06:05+00:00","dateModified":"2025-04-12T04:31:24+00:00","description":"ORION AD-5 Auto Drain Trap","breadcrumb":{"@id":"https:\/\/sipin.com.vn\/index.php\/product\/orion-ad-5\/#breadcrumb"},"inLanguage":"vi","potentialAction":[{"@type":"ReadAction","target":["https:\/\/sipin.com.vn\/index.php\/product\/orion-ad-5\/"]}]},{"@type":"ImageObject","inLanguage":"vi","@id":"https:\/\/sipin.com.vn\/index.php\/product\/orion-ad-5\/#primaryimage","url":"https:\/\/sipin.com.vn\/wp-content\/uploads\/2025\/02\/AD-5.png","contentUrl":"https:\/\/sipin.com.vn\/wp-content\/uploads\/2025\/02\/AD-5.png","width":469,"height":379},{"@type":"BreadcrumbList","@id":"https:\/\/sipin.com.vn\/index.php\/product\/orion-ad-5\/#breadcrumb","itemListElement":[{"@type":"ListItem","position":1,"name":"Home","item":"https:\/\/sipin.com.vn\/"},{"@type":"ListItem","position":2,"name":"S\u1ea2N PH\u1ea8M","item":"https:\/\/sipin.com.vn\/index.php\/cua-hang\/"},{"@type":"ListItem","position":3,"name":"ORION AD-5"}]},{"@type":"WebSite","@id":"https:\/\/sipin.com.vn\/#website","url":"https:\/\/sipin.com.vn\/","name":"OMANI VI\u1ec6T NAM","description":"Nh\u00e0 ph\u00e2n ph\u1ed1i thi\u1ebft b\u1ecb kh\u00ed n\u00e9n v\u00e0 thi\u1ebft b\u1ecb t\u1ef1 \u0111\u1ed9ng h\u00f3a trong c\u00f4ng nghi\u1ec7p","publisher":{"@id":"https:\/\/sipin.com.vn\/#\/schema\/person\/0ad398a980dc3fd696111c2c5c8fa897"},"potentialAction":[{"@type":"SearchAction","target":{"@type":"EntryPoint","urlTemplate":"https:\/\/sipin.com.vn\/?s={search_term_string}"},"query-input":"required name=search_term_string"}],"inLanguage":"vi"},{"@type":["Person","Organization"],"@id":"https:\/\/sipin.com.vn\/#\/schema\/person\/0ad398a980dc3fd696111c2c5c8fa897","name":"Nguy\u1ec5n V\u0103n Kh\u00e1nh","image":{"@type":"ImageObject","inLanguage":"vi","@id":"https:\/\/sipin.com.vn\/#\/schema\/person\/image\/","url":"https:\/\/sipin.com.vn\/wp-content\/uploads\/2024\/06\/logo-1024x1024.png","contentUrl":"https:\/\/sipin.com.vn\/wp-content\/uploads\/2024\/06\/logo-1024x1024.png","width":1024,"height":1024,"caption":"Nguy\u1ec5n V\u0103n Kh\u00e1nh"},"logo":{"@id":"https:\/\/sipin.com.vn\/#\/schema\/person\/image\/"},"sameAs":["https:\/\/sipin.com.vn"]}]}},"_links":{"self":[{"href":"https:\/\/sipin.com.vn\/index.php\/wp-json\/wp\/v2\/product\/3213","targetHints":{"allow":["GET"]}}],"collection":[{"href":"https:\/\/sipin.com.vn\/index.php\/wp-json\/wp\/v2\/product"}],"about":[{"href":"https:\/\/sipin.com.vn\/index.php\/wp-json\/wp\/v2\/types\/product"}],"replies":[{"embeddable":true,"href":"https:\/\/sipin.com.vn\/index.php\/wp-json\/wp\/v2\/comments?post=3213"}],"wp:featuredmedia":[{"embeddable":true,"href":"https:\/\/sipin.com.vn\/index.php\/wp-json\/wp\/v2\/media\/3214"}],"wp:attachment":[{"href":"https:\/\/sipin.com.vn\/index.php\/wp-json\/wp\/v2\/media?parent=3213"}],"wp:term":[{"taxonomy":"product_cat","embeddable":true,"href":"https:\/\/sipin.com.vn\/index.php\/wp-json\/wp\/v2\/product_cat?post=3213"},{"taxonomy":"product_tag","embeddable":true,"href":"https:\/\/sipin.com.vn\/index.php\/wp-json\/wp\/v2\/product_tag?post=3213"}],"curies":[{"name":"wp","href":"https:\/\/api.w.org\/{rel}","templated":true}]}}