{"id":3188,"date":"2025-02-09T17:38:30","date_gmt":"2025-02-09T10:38:30","guid":{"rendered":"https:\/\/omanivietnam.com\/?post_type=product&#038;p=3188"},"modified":"2025-02-09T17:38:30","modified_gmt":"2025-02-09T10:38:30","slug":"murr-56112","status":"publish","type":"product","link":"https:\/\/sipin.com.vn\/index.php\/product\/murr-56112\/","title":{"rendered":"MURR 56112"},"content":{"rendered":"<p>MURR 56112<\/p>\n<p class=\"n0oB5\">Fieldbus interface; 24VDC; for DIN rail mounting; IP20; 0\u00f755\u00b0C<\/p>\n<p class=\"rr1wB n0oB5\" data-css-type=\"producer\">Manufacturer part number: 56112<\/p>\n<h3 class=\"accordion-header\">Technical data<\/h3>\n<div id=\"detailsAttributes\" class=\"accordion-collapse collapse show\" data-bs-parent=\"#detailsAccordion\">\n<div class=\"accordion-body\">\n<div id=\"attributes\">\n<div class=\"nfcAttrgroupItems\">Electrical data | Supply<\/div>\n<table class=\"attributes\">\n<tbody>\n<tr>\n<th id=\"attrTitle_1\"><strong>Norm operating voltage<\/strong><\/th>\n<td id=\"attrValue_1\">EN 61131-2<\/td>\n<\/tr>\n<tr>\n<th id=\"attrTitle_2\"><strong>Operating voltage US DC<\/strong><\/th>\n<td id=\"attrValue_2\">24 V<\/td>\n<\/tr>\n<tr>\n<th id=\"attrTitle_3\"><strong>Current consumption max.<\/strong><\/th>\n<td id=\"attrValue_3\">25 mA<\/td>\n<\/tr>\n<tr>\n<th id=\"attrTitle_4\"><strong>Total current UA max.<\/strong><\/th>\n<td id=\"attrValue_4\">12 A<\/td>\n<\/tr>\n<tr>\n<th id=\"attrTitle_5\"><strong>module supply<\/strong><\/th>\n<td id=\"attrValue_5\">via system connection<\/td>\n<\/tr>\n<\/tbody>\n<\/table>\n<div class=\"nfcAttrgroupItems\">Electrical data | Input<\/div>\n<table class=\"attributes\">\n<tbody>\n<tr>\n<th id=\"attrTitle_1\"><strong>Type input<\/strong><\/th>\n<td id=\"attrValue_1\">PNP (EN 61131-2)<\/td>\n<\/tr>\n<tr>\n<th id=\"attrTitle_2\"><strong>Input filter time<\/strong><\/th>\n<td id=\"attrValue_2\">1 ms<\/td>\n<\/tr>\n<tr>\n<th id=\"attrTitle_3\"><strong>Current carrying capacity max.<\/strong><\/th>\n<td id=\"attrValue_3\">0,7 A<\/td>\n<\/tr>\n<\/tbody>\n<\/table>\n<div class=\"nfcAttrgroupItems\">Diagnostics<\/div>\n<table class=\"attributes\">\n<tbody>\n<tr>\n<th id=\"attrTitle_1\"><strong>Diagnostic<\/strong><\/th>\n<td id=\"attrValue_1\">Under voltage<\/td>\n<\/tr>\n<tr>\n<th id=\"attrTitle_2\"><strong>Diagnostic via BUS<\/strong><\/th>\n<td id=\"attrValue_2\">per module and channel<\/td>\n<\/tr>\n<tr>\n<th id=\"attrTitle_3\"><strong>Diagnostic via LED<\/strong><\/th>\n<td id=\"attrValue_3\">per module<\/td>\n<\/tr>\n<tr>\n<th id=\"attrTitle_4\"><strong>Short circuit diagnosis<\/strong><\/th>\n<td id=\"attrValue_4\">yes<\/td>\n<\/tr>\n<tr>\n<th id=\"attrTitle_5\"><strong>LED display<\/strong><\/th>\n<td id=\"attrValue_5\">Ethernet connection\/data traffic<\/td>\n<\/tr>\n<tr>\n<th id=\"attrTitle_6\"><strong>Overload diagnosis<\/strong><\/th>\n<td id=\"attrValue_6\">yes<\/td>\n<\/tr>\n<\/tbody>\n<\/table>\n<div class=\"nfcAttrgroupItems\">Installation<\/div>\n<table class=\"attributes\">\n<tbody>\n<tr>\n<th id=\"attrTitle_1\"><strong>Connection cross section max.<\/strong><\/th>\n<td id=\"attrValue_1\">2,5 mm\u00b2<\/td>\n<\/tr>\n<\/tbody>\n<\/table>\n<div class=\"nfcAttrgroupItems\">Device protection | Electrical<\/div>\n<table class=\"attributes\">\n<tbody>\n<tr>\n<th id=\"attrTitle_1\"><strong>Degree of protection (EN IEC 60529)<\/strong><\/th>\n<td id=\"attrValue_1\">IP20<\/td>\n<\/tr>\n<tr>\n<th id=\"attrTitle_2\"><strong>Galvanic separation (operating voltage)<\/strong><\/th>\n<td id=\"attrValue_2\">yes<\/td>\n<\/tr>\n<tr>\n<th id=\"attrTitle_3\"><strong>Galvanic separation input\/input<\/strong><\/th>\n<td id=\"attrValue_3\">yes<\/td>\n<\/tr>\n<\/tbody>\n<\/table>\n<div class=\"nfcAttrgroupItems\">Mechanical data | Mounting data<\/div>\n<table class=\"attributes\">\n<tbody>\n<tr>\n<th id=\"attrTitle_1\"><strong>Mounting method<\/strong><\/th>\n<td id=\"attrValue_1\">geschnappt<\/td>\n<\/tr>\n<tr>\n<th id=\"attrTitle_2\"><strong>Suitable for mounting type<\/strong><\/th>\n<td id=\"attrValue_2\">mounting rail, (EN 60715)<\/td>\n<\/tr>\n<tr>\n<th id=\"attrTitle_3\"><strong>Height<\/strong><\/th>\n<td id=\"attrValue_3\">117 mm<\/td>\n<\/tr>\n<tr>\n<th id=\"attrTitle_4\"><strong>Width<\/strong><\/th>\n<td id=\"attrValue_4\">56 mm<\/td>\n<\/tr>\n<tr>\n<th id=\"attrTitle_5\"><strong>Depth<\/strong><\/th>\n<td id=\"attrValue_5\">47 mm<\/td>\n<\/tr>\n<\/tbody>\n<\/table>\n<div class=\"nfcAttrgroupItems\">Environmental characteristics | Climatic<\/div>\n<table class=\"attributes\">\n<tbody>\n<tr>\n<th id=\"attrTitle_1\"><strong>Operating temperature min.<\/strong><\/th>\n<td id=\"attrValue_1\">0 \u00b0C<\/td>\n<\/tr>\n<tr>\n<th id=\"attrTitle_2\"><strong>Operating temperature max.<\/strong><\/th>\n<td id=\"attrValue_2\">55 \u00b0C<\/td>\n<\/tr>\n<tr>\n<th id=\"attrTitle_3\"><strong>Storage temperature min.<\/strong><\/th>\n<td id=\"attrValue_3\">-20 \u00b0C<\/td>\n<\/tr>\n<tr>\n<th id=\"attrTitle_4\"><strong>Storage temperature max.<\/strong><\/th>\n<td id=\"attrValue_4\">85 \u00b0C<\/td>\n<\/tr>\n<\/tbody>\n<\/table>\n<\/div>\n<\/div>\n<\/div>\n","protected":false},"excerpt":{"rendered":"<p>MURR 56112 Fieldbus interface; 24VDC; for DIN rail mounting; IP20; 0\u00f755\u00b0C Manufacturer part number: 56112 Technical data Electrical data | Supply Norm operating voltage EN 61131-2 Operating voltage US DC 24 V Current consumption max. 25 mA Total current UA max. 12 A module supply via system connection Electrical data&hellip; <\/p>\n","protected":false},"featured_media":3189,"comment_status":"open","ping_status":"closed","template":"","meta":{"om_disable_all_campaigns":false,"_monsterinsights_skip_tracking":false,"_monsterinsights_sitenote_active":false,"_monsterinsights_sitenote_note":"","_monsterinsights_sitenote_category":0},"product_cat":[15],"product_tag":[449,159,448],"class_list":{"0":"post-3188","1":"product","2":"type-product","3":"status-publish","4":"has-post-thumbnail","6":"product_cat-apex","7":"product_tag-dai-ly-murr-viet-nam","8":"product_tag-mo-dun","9":"product_tag-murr-viet-nam","11":"first","12":"instock","13":"shipping-taxable","14":"product-type-simple"},"aioseo_notices":[],"yoast_head":"<!-- This site is optimized with the Yoast SEO plugin v22.8 - https:\/\/yoast.com\/wordpress\/plugins\/seo\/ -->\n<title>MURR 56112 - OMANI VI\u1ec6T NAM<\/title>\n<meta name=\"description\" content=\"Murr Electronics 56112 Digital Input Module\" \/>\n<meta name=\"robots\" content=\"index, follow, max-snippet:-1, max-image-preview:large, max-video-preview:-1\" \/>\n<link rel=\"canonical\" href=\"https:\/\/sipin.com.vn\/index.php\/product\/murr-56112\/\" \/>\n<meta property=\"og:locale\" content=\"vi_VN\" \/>\n<meta property=\"og:type\" content=\"article\" \/>\n<meta property=\"og:title\" content=\"MURR 56112 - OMANI VI\u1ec6T NAM\" \/>\n<meta property=\"og:description\" content=\"Murr Electronics 56112 Digital Input Module\" \/>\n<meta property=\"og:url\" content=\"https:\/\/sipin.com.vn\/index.php\/product\/murr-56112\/\" \/>\n<meta property=\"og:site_name\" content=\"OMANI VI\u1ec6T NAM\" \/>\n<meta property=\"og:image\" content=\"https:\/\/sipin.com.vn\/wp-content\/uploads\/2025\/02\/56112.png\" \/>\n\t<meta property=\"og:image:width\" content=\"546\" \/>\n\t<meta property=\"og:image:height\" content=\"617\" \/>\n\t<meta property=\"og:image:type\" content=\"image\/png\" \/>\n<meta name=\"twitter:card\" content=\"summary_large_image\" \/>\n<meta name=\"twitter:label1\" content=\"\u01af\u1edbc t\u00ednh th\u1eddi gian \u0111\u1ecdc\" \/>\n\t<meta name=\"twitter:data1\" content=\"2 ph\u00fat\" \/>\n<script type=\"application\/ld+json\" class=\"yoast-schema-graph\">{\"@context\":\"https:\/\/schema.org\",\"@graph\":[{\"@type\":\"WebPage\",\"@id\":\"https:\/\/sipin.com.vn\/index.php\/product\/murr-56112\/\",\"url\":\"https:\/\/sipin.com.vn\/index.php\/product\/murr-56112\/\",\"name\":\"MURR 56112 - OMANI VI\u1ec6T NAM\",\"isPartOf\":{\"@id\":\"https:\/\/sipin.com.vn\/#website\"},\"primaryImageOfPage\":{\"@id\":\"https:\/\/sipin.com.vn\/index.php\/product\/murr-56112\/#primaryimage\"},\"image\":{\"@id\":\"https:\/\/sipin.com.vn\/index.php\/product\/murr-56112\/#primaryimage\"},\"thumbnailUrl\":\"https:\/\/sipin.com.vn\/wp-content\/uploads\/2025\/02\/56112.png\",\"datePublished\":\"2025-02-09T10:38:30+00:00\",\"dateModified\":\"2025-02-09T10:38:30+00:00\",\"description\":\"Murr Electronics 56112 Digital Input Module\",\"breadcrumb\":{\"@id\":\"https:\/\/sipin.com.vn\/index.php\/product\/murr-56112\/#breadcrumb\"},\"inLanguage\":\"vi\",\"potentialAction\":[{\"@type\":\"ReadAction\",\"target\":[\"https:\/\/sipin.com.vn\/index.php\/product\/murr-56112\/\"]}]},{\"@type\":\"ImageObject\",\"inLanguage\":\"vi\",\"@id\":\"https:\/\/sipin.com.vn\/index.php\/product\/murr-56112\/#primaryimage\",\"url\":\"https:\/\/sipin.com.vn\/wp-content\/uploads\/2025\/02\/56112.png\",\"contentUrl\":\"https:\/\/sipin.com.vn\/wp-content\/uploads\/2025\/02\/56112.png\",\"width\":546,\"height\":617},{\"@type\":\"BreadcrumbList\",\"@id\":\"https:\/\/sipin.com.vn\/index.php\/product\/murr-56112\/#breadcrumb\",\"itemListElement\":[{\"@type\":\"ListItem\",\"position\":1,\"name\":\"Home\",\"item\":\"https:\/\/sipin.com.vn\/\"},{\"@type\":\"ListItem\",\"position\":2,\"name\":\"S\u1ea2N PH\u1ea8M\",\"item\":\"https:\/\/sipin.com.vn\/index.php\/cua-hang\/\"},{\"@type\":\"ListItem\",\"position\":3,\"name\":\"MURR 56112\"}]},{\"@type\":\"WebSite\",\"@id\":\"https:\/\/sipin.com.vn\/#website\",\"url\":\"https:\/\/sipin.com.vn\/\",\"name\":\"OMANI VI\u1ec6T NAM\",\"description\":\"Nh\u00e0 ph\u00e2n ph\u1ed1i thi\u1ebft b\u1ecb kh\u00ed n\u00e9n v\u00e0 thi\u1ebft b\u1ecb t\u1ef1 \u0111\u1ed9ng h\u00f3a trong c\u00f4ng nghi\u1ec7p\",\"publisher\":{\"@id\":\"https:\/\/sipin.com.vn\/#\/schema\/person\/0ad398a980dc3fd696111c2c5c8fa897\"},\"potentialAction\":[{\"@type\":\"SearchAction\",\"target\":{\"@type\":\"EntryPoint\",\"urlTemplate\":\"https:\/\/sipin.com.vn\/?s={search_term_string}\"},\"query-input\":\"required name=search_term_string\"}],\"inLanguage\":\"vi\"},{\"@type\":[\"Person\",\"Organization\"],\"@id\":\"https:\/\/sipin.com.vn\/#\/schema\/person\/0ad398a980dc3fd696111c2c5c8fa897\",\"name\":\"Nguy\u1ec5n V\u0103n Kh\u00e1nh\",\"image\":{\"@type\":\"ImageObject\",\"inLanguage\":\"vi\",\"@id\":\"https:\/\/sipin.com.vn\/#\/schema\/person\/image\/\",\"url\":\"https:\/\/sipin.com.vn\/wp-content\/uploads\/2024\/06\/logo-1024x1024.png\",\"contentUrl\":\"https:\/\/sipin.com.vn\/wp-content\/uploads\/2024\/06\/logo-1024x1024.png\",\"width\":1024,\"height\":1024,\"caption\":\"Nguy\u1ec5n V\u0103n Kh\u00e1nh\"},\"logo\":{\"@id\":\"https:\/\/sipin.com.vn\/#\/schema\/person\/image\/\"},\"sameAs\":[\"https:\/\/sipin.com.vn\"]}]}<\/script>\n<!-- \/ Yoast SEO plugin. -->","yoast_head_json":{"title":"MURR 56112 - OMANI VI\u1ec6T NAM","description":"Murr Electronics 56112 Digital Input Module","robots":{"index":"index","follow":"follow","max-snippet":"max-snippet:-1","max-image-preview":"max-image-preview:large","max-video-preview":"max-video-preview:-1"},"canonical":"https:\/\/sipin.com.vn\/index.php\/product\/murr-56112\/","og_locale":"vi_VN","og_type":"article","og_title":"MURR 56112 - OMANI VI\u1ec6T NAM","og_description":"Murr Electronics 56112 Digital Input Module","og_url":"https:\/\/sipin.com.vn\/index.php\/product\/murr-56112\/","og_site_name":"OMANI VI\u1ec6T NAM","og_image":[{"width":546,"height":617,"url":"https:\/\/sipin.com.vn\/wp-content\/uploads\/2025\/02\/56112.png","type":"image\/png"}],"twitter_card":"summary_large_image","twitter_misc":{"\u01af\u1edbc t\u00ednh th\u1eddi gian \u0111\u1ecdc":"2 ph\u00fat"},"schema":{"@context":"https:\/\/schema.org","@graph":[{"@type":"WebPage","@id":"https:\/\/sipin.com.vn\/index.php\/product\/murr-56112\/","url":"https:\/\/sipin.com.vn\/index.php\/product\/murr-56112\/","name":"MURR 56112 - OMANI VI\u1ec6T NAM","isPartOf":{"@id":"https:\/\/sipin.com.vn\/#website"},"primaryImageOfPage":{"@id":"https:\/\/sipin.com.vn\/index.php\/product\/murr-56112\/#primaryimage"},"image":{"@id":"https:\/\/sipin.com.vn\/index.php\/product\/murr-56112\/#primaryimage"},"thumbnailUrl":"https:\/\/sipin.com.vn\/wp-content\/uploads\/2025\/02\/56112.png","datePublished":"2025-02-09T10:38:30+00:00","dateModified":"2025-02-09T10:38:30+00:00","description":"Murr Electronics 56112 Digital Input Module","breadcrumb":{"@id":"https:\/\/sipin.com.vn\/index.php\/product\/murr-56112\/#breadcrumb"},"inLanguage":"vi","potentialAction":[{"@type":"ReadAction","target":["https:\/\/sipin.com.vn\/index.php\/product\/murr-56112\/"]}]},{"@type":"ImageObject","inLanguage":"vi","@id":"https:\/\/sipin.com.vn\/index.php\/product\/murr-56112\/#primaryimage","url":"https:\/\/sipin.com.vn\/wp-content\/uploads\/2025\/02\/56112.png","contentUrl":"https:\/\/sipin.com.vn\/wp-content\/uploads\/2025\/02\/56112.png","width":546,"height":617},{"@type":"BreadcrumbList","@id":"https:\/\/sipin.com.vn\/index.php\/product\/murr-56112\/#breadcrumb","itemListElement":[{"@type":"ListItem","position":1,"name":"Home","item":"https:\/\/sipin.com.vn\/"},{"@type":"ListItem","position":2,"name":"S\u1ea2N PH\u1ea8M","item":"https:\/\/sipin.com.vn\/index.php\/cua-hang\/"},{"@type":"ListItem","position":3,"name":"MURR 56112"}]},{"@type":"WebSite","@id":"https:\/\/sipin.com.vn\/#website","url":"https:\/\/sipin.com.vn\/","name":"OMANI VI\u1ec6T NAM","description":"Nh\u00e0 ph\u00e2n ph\u1ed1i thi\u1ebft b\u1ecb kh\u00ed n\u00e9n v\u00e0 thi\u1ebft b\u1ecb t\u1ef1 \u0111\u1ed9ng h\u00f3a trong c\u00f4ng nghi\u1ec7p","publisher":{"@id":"https:\/\/sipin.com.vn\/#\/schema\/person\/0ad398a980dc3fd696111c2c5c8fa897"},"potentialAction":[{"@type":"SearchAction","target":{"@type":"EntryPoint","urlTemplate":"https:\/\/sipin.com.vn\/?s={search_term_string}"},"query-input":"required name=search_term_string"}],"inLanguage":"vi"},{"@type":["Person","Organization"],"@id":"https:\/\/sipin.com.vn\/#\/schema\/person\/0ad398a980dc3fd696111c2c5c8fa897","name":"Nguy\u1ec5n V\u0103n Kh\u00e1nh","image":{"@type":"ImageObject","inLanguage":"vi","@id":"https:\/\/sipin.com.vn\/#\/schema\/person\/image\/","url":"https:\/\/sipin.com.vn\/wp-content\/uploads\/2024\/06\/logo-1024x1024.png","contentUrl":"https:\/\/sipin.com.vn\/wp-content\/uploads\/2024\/06\/logo-1024x1024.png","width":1024,"height":1024,"caption":"Nguy\u1ec5n V\u0103n Kh\u00e1nh"},"logo":{"@id":"https:\/\/sipin.com.vn\/#\/schema\/person\/image\/"},"sameAs":["https:\/\/sipin.com.vn"]}]}},"_links":{"self":[{"href":"https:\/\/sipin.com.vn\/index.php\/wp-json\/wp\/v2\/product\/3188","targetHints":{"allow":["GET"]}}],"collection":[{"href":"https:\/\/sipin.com.vn\/index.php\/wp-json\/wp\/v2\/product"}],"about":[{"href":"https:\/\/sipin.com.vn\/index.php\/wp-json\/wp\/v2\/types\/product"}],"replies":[{"embeddable":true,"href":"https:\/\/sipin.com.vn\/index.php\/wp-json\/wp\/v2\/comments?post=3188"}],"wp:featuredmedia":[{"embeddable":true,"href":"https:\/\/sipin.com.vn\/index.php\/wp-json\/wp\/v2\/media\/3189"}],"wp:attachment":[{"href":"https:\/\/sipin.com.vn\/index.php\/wp-json\/wp\/v2\/media?parent=3188"}],"wp:term":[{"taxonomy":"product_cat","embeddable":true,"href":"https:\/\/sipin.com.vn\/index.php\/wp-json\/wp\/v2\/product_cat?post=3188"},{"taxonomy":"product_tag","embeddable":true,"href":"https:\/\/sipin.com.vn\/index.php\/wp-json\/wp\/v2\/product_tag?post=3188"}],"curies":[{"name":"wp","href":"https:\/\/api.w.org\/{rel}","templated":true}]}}