{"id":3101,"date":"2025-01-05T15:05:39","date_gmt":"2025-01-05T08:05:39","guid":{"rendered":"https:\/\/omanivietnam.com\/?post_type=product&#038;p=3101"},"modified":"2025-01-05T15:05:39","modified_gmt":"2025-01-05T08:05:39","slug":"festo-vppe-3-1-1-8-6-420-e1","status":"publish","type":"product","link":"https:\/\/sipin.com.vn\/index.php\/product\/festo-vppe-3-1-1-8-6-420-e1\/","title":{"rendered":"FESTO VPPE-3-1-1\/8-6-420-E1"},"content":{"rendered":"<p>FESTO VPPE-3-1-1\/8-6-420-E1 557775<\/p>\n<h2><strong>Th\u00f4ng Tin S\u1ea3n Ph\u1ea9m VPPE-3-1-1\/8-6-420-E1<\/strong><\/h2>\n<p>S\u1ea3n ph\u1ea9m c\u00f3 m\u00e3 l\u00e0 VPPE-3-1-1\/8-6-420-E1 l\u00e0 m\u1ed9t van \u0111i\u1ec1u khi\u1ec3n \u00e1p su\u1ea5t t\u1ef7 l\u1ec7 c\u1ee7a c\u00f4ng ty Festo\u00a0.<\/p>\n<p>N\u00f3 thu\u1ed9c d\u00f2ng s\u1ea3n ph\u1ea9m ch\u00ednh c\u1ee7a Festo v\u00e0 lu\u00f4n c\u00f3 s\u1eb5n tr\u00ean to\u00e0n th\u1ebf gi\u1edbi\u00a0.<\/p>\n<p>Ngo\u00e0i ra, s\u1ea3n ph\u1ea9m c\u00f3 m\u00e3 VPPE-3-1-1\/8-6-010-E1 c\u0169ng l\u00e0 m\u1ed9t van \u0111i\u1ec1u khi\u1ec3n \u00e1p su\u1ea5t t\u1ef7 l\u1ec7 c\u1ee7a c\u00f4ng ty Festo\u00a0.\u00a0N\u00f3 c\u00f3 k\u00edch th\u01b0\u1edbc danh ngh\u0129a 5mm cho ngu\u1ed3n c\u1ea5p v\u00e0 2.5mm cho x\u1ea3, \u0111\u01b0\u1ee3c \u0111i\u1ec1u khi\u1ec3n b\u1eb1ng \u0111i\u1ec7n.<\/p>\n<h3><strong>Th\u00f4ng S\u1ed1 K\u1ef9 Thu\u1eadt C\u1ee7a FESTO VPPE-3-1-1\/8-6-420-E1<\/strong><\/h3>\n<table width=\"783\">\n<tbody>\n<tr>\n<td>Lo\u1ea1i s\u1ea3n ph\u1ea9m<\/td>\n<td>B\u1ed9 \u0111i\u1ec1u ch\u1ec9nh \u00e1p su\u1ea5t Festo Proportional<\/td>\n<\/tr>\n<tr>\n<td>M\u00e3 lo\u1ea1i ng\u1eafn<\/td>\n<td>VPPE<\/td>\n<\/tr>\n<tr>\n<td>Ch\u1ee9c n\u0103ng van<\/td>\n<td>B\u1ed9 \u0111i\u1ec1u ch\u1ec9nh \u00e1p su\u1ea5t t\u1ef7 l\u1ec7 3 chi\u1ec1u<\/td>\n<\/tr>\n<tr>\n<td>k\u1ebft n\u1ed1i \u0111i\u1ec7n<\/td>\n<td>5-pin<\/td>\n<\/tr>\n<tr>\n<td>k\u1ebft n\u1ed1i \u0111i\u1ec7n<\/td>\n<td>M12<\/td>\n<\/tr>\n<tr>\n<td>k\u1ebft n\u1ed1i \u0111i\u1ec7n<\/td>\n<td>Ph\u00edch c\u1eafm<\/td>\n<\/tr>\n<tr>\n<td>G\u1eafn<\/td>\n<td>V\u1edbi l\u1ed7 th\u00f4ng qua<\/td>\n<\/tr>\n<tr>\n<td>Lo\u1ea1i thi\u1ebft l\u1eadp l\u1ea1i<\/td>\n<td>l\u00f2 xo c\u01a1<\/td>\n<\/tr>\n<tr>\n<td>nhi\u1ec7t \u0111\u1ed9 xung quanh<\/td>\n<td>0 \u2013 60\u00b0C<\/td>\n<\/tr>\n<tr>\n<td>v\u1ecb tr\u00ed l\u1eafp r\u00e1p<\/td>\n<td>B\u1ea5t k\u00ec<\/td>\n<\/tr>\n<tr>\n<td>v\u1ecb tr\u00ed l\u1eafp r\u00e1p<\/td>\n<td>t\u1ed1t nh\u1ea5t l\u00e0 th\u1eb3ng \u0111\u1ee9ng<\/td>\n<\/tr>\n<tr>\n<td>D\u1ea5u CE (xem tuy\u00ean b\u1ed1 v\u1ec1 s\u1ef1 ph\u00f9 h\u1ee3p)<\/td>\n<td>theo ch\u1ec9 th\u1ecb c\u1ee7a EU cho EMC<\/td>\n<\/tr>\n<tr>\n<td>Ph\u00e2n lo\u1ea1i ch\u1ed1ng \u0103n m\u00f2n CRC<\/td>\n<td>2<\/td>\n<\/tr>\n<tr>\n<td>C\u1ea5u tr\u00fac thi\u1ebft k\u1ebf<\/td>\n<td>Pilot actuated m\u00e0ng \u0111i\u1ec1u ch\u1ec9nh<\/td>\n<\/tr>\n<tr>\n<td>chu k\u1ef3 nhi\u1ec7m v\u1ee5<\/td>\n<td>100%<\/td>\n<\/tr>\n<tr>\n<td>\u00c1p su\u1ea5t \u0111\u1ea7u v\u00e0o 1<\/td>\n<td>6 \u2013 8 thanh<\/td>\n<\/tr>\n<tr>\n<td>Sai s\u1ed1 tuy\u1ebfn t\u00ednh \u00b1 %FS<\/td>\n<td>1 %FS<\/td>\n<\/tr>\n<tr>\n<td>Th\u00f4ng tin v\u1eadt li\u1ec7u, nh\u00e0 \u1edf<\/td>\n<td>anot h\u00f3a<\/td>\n<\/tr>\n<tr>\n<td>Th\u00f4ng tin v\u1eadt li\u1ec7u, nh\u00e0 \u1edf<\/td>\n<td>H\u1ee3p kim nh\u00f4m r\u00e8n<\/td>\n<\/tr>\n<tr>\n<td>v\u1eadt li\u1ec7u l\u01b0u \u00fd<\/td>\n<td>Ph\u00f9 h\u1ee3p v\u1edbi RoHS<\/td>\n<\/tr>\n<tr>\n<td>t\u1ed1i \u0111a.\u00a0\u0111i\u1ec7n n\u0103ng ti\u00eau th\u1ee5<\/td>\n<td>4.2W<\/td>\n<\/tr>\n<tr>\n<td>t\u1ed1i \u0111a.\u00a0tr\u1ec5 \u00e1p su\u1ea5t<\/td>\n<td>0,03 thanh<\/td>\n<\/tr>\n<tr>\n<td>nhi\u1ec7t \u0111\u1ed9 trung b\u00ecnh<\/td>\n<td>10 \u2013 50\u00b0C<\/td>\n<\/tr>\n<tr>\n<td>\u0110\u01b0\u1eddng k\u00ednh danh ngh\u0129a, \u1ed1ng x\u1ea3<\/td>\n<td>2,5mm<\/td>\n<\/tr>\n<tr>\n<td>\u0110\u01b0\u1eddng k\u00ednh danh ngh\u0129a, \u00e1p su\u1ea5t<\/td>\n<td>5mm<\/td>\n<\/tr>\n<tr>\n<td>ph\u01b0\u01a1ng ti\u1ec7n \u0111i\u1ec1u h\u00e0nh<\/td>\n<td>Kh\u00ed n\u00e9n \u0111\u01b0\u1ee3c l\u1ecdc, kh\u00f4ng b\u00f4i tr\u01a1n, l\u1ecdc 40 \u00b5m<\/td>\n<\/tr>\n<tr>\n<td>ph\u01b0\u01a1ng ti\u1ec7n \u0111i\u1ec1u h\u00e0nh<\/td>\n<td>kh\u00ed trung t\u00ednh<\/td>\n<\/tr>\n<tr>\n<td>D\u1ea3i \u0111i\u1ec7n \u00e1p ho\u1ea1t \u0111\u1ed9ng DC<\/td>\n<td>21,6 \u2013 26,4 V<\/td>\n<\/tr>\n<tr>\n<td>K\u1ebft n\u1ed1i kh\u00ed n\u00e9n, c\u1ed5ng 1<\/td>\n<td>G1\/8<\/td>\n<\/tr>\n<tr>\n<td>K\u1ebft n\u1ed1i kh\u00ed n\u00e9n, c\u1ed5ng 2<\/td>\n<td>G1\/8<\/td>\n<\/tr>\n<tr>\n<td>K\u1ebft n\u1ed1i kh\u00ed n\u00e9n, c\u1ed5ng 3<\/td>\n<td>G1\/8<\/td>\n<\/tr>\n<tr>\n<td>ph\u00e2n c\u1ef1c \u0111\u01b0\u1ee3c b\u1ea3o v\u1ec7<\/td>\n<td>cho t\u1ea5t c\u1ea3 c\u00e1c k\u1ebft n\u1ed1i \u0111i\u1ec7n<\/td>\n<\/tr>\n<tr>\n<td>Ph\u1ea1m vi ki\u1ec3m so\u00e1t \u00e1p su\u1ea5t<\/td>\n<td>0,06 \u2013 6 thanh<\/td>\n<\/tr>\n<tr>\n<td>Tr\u1ecdng l\u01b0\u1ee3ng s\u1ea3n ph\u1ea9m<\/td>\n<td>390 gam<\/td>\n<\/tr>\n<tr>\n<td>l\u1edbp b\u1ea3o v\u1ec7<\/td>\n<td>IP65<\/td>\n<\/tr>\n<tr>\n<td>\u0110\u1ed9 ch\u00ednh x\u00e1c l\u1eb7p l\u1ea1i t\u00ednh b\u1eb1ng \u00b1 %FS<\/td>\n<td>0,5 %FS<\/td>\n<\/tr>\n<tr>\n<td>g\u1ee3n s\u00f3ng d\u01b0<\/td>\n<td>10 %<\/td>\n<\/tr>\n<tr>\n<td>Nh\u1eefng ch\u1ec9 d\u1eabn an to\u00e0n<\/td>\n<td>V\u1ecb tr\u00ed an to\u00e0n VPPE: N\u1ebfu c\u00e1p ngu\u1ed3n b\u1ecb gi\u00e1n \u0111o\u1ea1n, \u00e1p su\u1ea5t \u0111\u1ea7u ra \u0111\u01b0\u1ee3c duy tr\u00ec kh\u00f4ng \u0111\u1ec1u<\/td>\n<\/tr>\n<tr>\n<td>nguy\u00ean t\u1eafc ni\u00eam phong<\/td>\n<td>M\u1ec1m m\u1ea1i<\/td>\n<\/tr>\n<tr>\n<td>c\u01b0\u1eddng \u0111\u1ed9 ng\u1eafn m\u1ea1ch<\/td>\n<td>\u0110\u1ed1i v\u1edbi t\u1ea5t c\u1ea3 c\u00e1c k\u1ebft n\u1ed1i \u0111i\u1ec7n<\/td>\n<\/tr>\n<tr>\n<td>Ph\u1ea1m vi t\u00edn hi\u1ec7u, \u0111\u1ea7u v\u00e0o t\u01b0\u01a1ng t\u1ef1<\/td>\n<td>0 \u2013 10 V<\/td>\n<\/tr>\n<tr>\n<td>Ph\u1ea1m vi t\u00edn hi\u1ec7u, \u0111\u1ea7u ra t\u01b0\u01a1ng t\u1ef1<\/td>\n<td>0 \u2013 10 V<\/td>\n<\/tr>\n<tr>\n<td>T\u1ed1c \u0111\u1ed9 d\u00f2ng ch\u1ea3y danh ngh\u0129a ti\u00eau chu\u1ea9n<\/td>\n<td>800 l\/ph\u00fat<\/td>\n<\/tr>\n<tr>\n<td>chuy\u1ec3n \u0111\u1ed5i \u0111\u1ea7u ra<\/td>\n<td>PNP<\/td>\n<\/tr>\n<tr>\n<td>H\u1ec7 s\u1ed1 nhi\u1ec7t \u0111\u1ed9<\/td>\n<td>0,04 %\/K<\/td>\n<\/tr>\n<tr>\n<td>Lo\u1ea1i h\u00e0nh \u0111\u1ed9ng<\/td>\n<td>\u0111i\u1ec7n<\/td>\n<\/tr>\n<tr>\n<td>Lo\u1ea1i m\u00e0n h\u00ecnh<\/td>\n<td>3 ch\u1eef s\u1ed1<\/td>\n<\/tr>\n<tr>\n<td>Lo\u1ea1i m\u00e0n h\u00ecnh<\/td>\n<td>m\u00e0n h\u00ecnh LED<\/td>\n<\/tr>\n<\/tbody>\n<\/table>\n<h2 class=\"title-product item_name\">Van \u0111i\u1ec1u \u00e1p Festo VPPE-3-1-1\/8-10-010-E1 557773<\/h2>\n<h3>1. Van \u0111i\u1ec1u \u00e1p VPPE-3-1-1\/8-10-010-E1 557773:<\/h3>\n<div>\n<div class=\"product-summary product_description\">\n<div class=\"rte description\">\n<p>Chi\u1ec1u r\u1ed9ng danh ngh\u0129a th\u00f4ng gi\u00f3 [mm] 5<br \/>\nChi\u1ec1u r\u1ed9ng danh ngh\u0129a l\u1ed7 th\u00f4ng h\u01a1i [mm] 2,5<br \/>\nKi\u1ec3u h\u00e0nh \u0111\u1ed9ng \u0110i\u1ec7n<br \/>\nNguy\u00ean t\u1eafc ni\u00eam phong M\u1ec1m m\u1ea1i<br \/>\nv\u1ecb tr\u00ed l\u1eafp \u0111\u1eb7t t\u00f9y \u00fd V\u1ecb tr\u00ed \u01b0u ti\u00ean<br \/>\nX\u00e2y d\u1ef1ng thi\u1ebft l\u1eadp Van \u0111i\u1ec1u khi\u1ec3n m\u00e0ng \u0111i\u1ec1u khi\u1ec3n tr\u01b0\u1edbc<br \/>\n\u0110i\u1ec7n tr\u1edf ng\u1eafn m\u1ea1ch cho t\u1ea5t c\u1ea3 c\u00e1c k\u1ebft n\u1ed1i \u0111i\u1ec7n<br \/>\nB\u1ea3o v\u1ec7 ph\u00e2n c\u1ef1c ng\u01b0\u1ee3c cho t\u1ea5t c\u1ea3 c\u00e1c k\u1ebft n\u1ed1i \u0111i\u1ec7n<br \/>\nCh\u1ee9c n\u0103ng van Van \u0111i\u1ec1u ch\u1ec9nh \u00e1p su\u1ea5t t\u1ef7 l\u1ec7 3 chi\u1ec1u<br \/>\nPh\u1ea1m vi \u0111i\u1ec1u ch\u1ec9nh \u00e1p su\u1ea5t [bar] 0,1 \u0111\u1ebfn 10<br \/>\n\u00c1p su\u1ea5t \u0111\u1ea7u v\u00e0o 1 [bar] 6 \u0111\u1ebfn 11<br \/>\nT\u1ed1i \u0111a \u0111\u1ed9 tr\u1ec5 \u00e1p su\u1ea5t [bar] 0,05<\/p>\n<\/div>\n<\/div>\n<h3>2. Van \u0111i\u1ec1u \u00e1p VPPE-3-1-1\/8-10-010-E1 557773:<\/h3>\n<p>VPPE-3-1\/8-6-010 539639<br \/>\nVPPE-3-1-1\/8-10-010-E1 557773<br \/>\nVPPE-3-1-1\/8-10-010-E1T 557777<br \/>\nVPPE-3-1-1\/8-10-420-E1 557776<br \/>\nVPPE-3-1-1\/8-10-420-E1T<br \/>\nVPPE-3-1-1\/8-2-010-E1 557771<br \/>\nVPPE-3-1-1\/8-6-010-E1<br \/>\nVPPE-3-1-1\/8-6-010-E1 557772<br \/>\nVPPE-3-1-1\/8-6-010-E1T 567539<br \/>\nVPPE-3-1-1\/8-6-420-E1 557775<br \/>\nVPPE-3-1-1\/8-6-420-E1T 567540<\/p>\n<\/div>\n","protected":false},"excerpt":{"rendered":"<p>FESTO VPPE-3-1-1\/8-6-420-E1 557775 Th\u00f4ng Tin S\u1ea3n Ph\u1ea9m VPPE-3-1-1\/8-6-420-E1 S\u1ea3n ph\u1ea9m c\u00f3 m\u00e3 l\u00e0 VPPE-3-1-1\/8-6-420-E1 l\u00e0 m\u1ed9t van \u0111i\u1ec1u khi\u1ec3n \u00e1p su\u1ea5t t\u1ef7 l\u1ec7 c\u1ee7a c\u00f4ng ty Festo\u00a0. N\u00f3 thu\u1ed9c d\u00f2ng s\u1ea3n ph\u1ea9m ch\u00ednh c\u1ee7a Festo v\u00e0 lu\u00f4n c\u00f3 s\u1eb5n tr\u00ean to\u00e0n th\u1ebf gi\u1edbi\u00a0. Ngo\u00e0i ra, s\u1ea3n ph\u1ea9m c\u00f3 m\u00e3 VPPE-3-1-1\/8-6-010-E1&hellip; <\/p>\n","protected":false},"featured_media":3102,"comment_status":"open","ping_status":"closed","template":"","meta":{"om_disable_all_campaigns":false,"_monsterinsights_skip_tracking":false,"_monsterinsights_sitenote_active":false,"_monsterinsights_sitenote_note":"","_monsterinsights_sitenote_category":0},"product_cat":[15],"product_tag":[364,363,587,198],"class_list":{"0":"post-3101","1":"product","2":"type-product","3":"status-publish","4":"has-post-thumbnail","6":"product_cat-apex","7":"product_tag-dai-ly-festo-viet-nam","8":"product_tag-festo-viet-nam","9":"product_tag-proportional-pressure-regulator","10":"product_tag-van-dieu-ap","12":"first","13":"instock","14":"shipping-taxable","15":"product-type-simple"},"aioseo_notices":[],"yoast_head":"<!-- This site is optimized with the Yoast SEO plugin v22.8 - https:\/\/yoast.com\/wordpress\/plugins\/seo\/ -->\n<title>FESTO VPPE-3-1-1\/8-6-420-E1 - OMANI VI\u1ec6T NAM<\/title>\n<meta name=\"description\" content=\"VPPE-3-1-1\/8-6-420-E1 proportional pressure regulator Inline pressure control valve for 0.06 to 6bar pressure range. 4 to 20mA setpoint\" \/>\n<meta name=\"robots\" content=\"index, follow, max-snippet:-1, max-image-preview:large, max-video-preview:-1\" \/>\n<link rel=\"canonical\" href=\"https:\/\/sipin.com.vn\/index.php\/product\/festo-vppe-3-1-1-8-6-420-e1\/\" \/>\n<meta property=\"og:locale\" content=\"vi_VN\" \/>\n<meta property=\"og:type\" content=\"article\" \/>\n<meta property=\"og:title\" content=\"FESTO VPPE-3-1-1\/8-6-420-E1 - OMANI VI\u1ec6T NAM\" \/>\n<meta property=\"og:description\" content=\"VPPE-3-1-1\/8-6-420-E1 proportional pressure regulator Inline pressure control valve for 0.06 to 6bar pressure range. 4 to 20mA setpoint\" \/>\n<meta property=\"og:url\" content=\"https:\/\/sipin.com.vn\/index.php\/product\/festo-vppe-3-1-1-8-6-420-e1\/\" \/>\n<meta property=\"og:site_name\" content=\"OMANI VI\u1ec6T NAM\" \/>\n<meta property=\"og:image\" content=\"https:\/\/sipin.com.vn\/wp-content\/uploads\/2025\/01\/VPPE-3-1-1-8-6-420-E1.png\" \/>\n\t<meta property=\"og:image:width\" content=\"619\" \/>\n\t<meta property=\"og:image:height\" content=\"620\" \/>\n\t<meta property=\"og:image:type\" content=\"image\/png\" \/>\n<meta name=\"twitter:card\" content=\"summary_large_image\" \/>\n<meta name=\"twitter:label1\" content=\"\u01af\u1edbc t\u00ednh th\u1eddi gian \u0111\u1ecdc\" \/>\n\t<meta name=\"twitter:data1\" content=\"4 ph\u00fat\" \/>\n<script type=\"application\/ld+json\" class=\"yoast-schema-graph\">{\"@context\":\"https:\/\/schema.org\",\"@graph\":[{\"@type\":\"WebPage\",\"@id\":\"https:\/\/sipin.com.vn\/index.php\/product\/festo-vppe-3-1-1-8-6-420-e1\/\",\"url\":\"https:\/\/sipin.com.vn\/index.php\/product\/festo-vppe-3-1-1-8-6-420-e1\/\",\"name\":\"FESTO VPPE-3-1-1\/8-6-420-E1 - OMANI VI\u1ec6T NAM\",\"isPartOf\":{\"@id\":\"https:\/\/sipin.com.vn\/#website\"},\"primaryImageOfPage\":{\"@id\":\"https:\/\/sipin.com.vn\/index.php\/product\/festo-vppe-3-1-1-8-6-420-e1\/#primaryimage\"},\"image\":{\"@id\":\"https:\/\/sipin.com.vn\/index.php\/product\/festo-vppe-3-1-1-8-6-420-e1\/#primaryimage\"},\"thumbnailUrl\":\"https:\/\/sipin.com.vn\/wp-content\/uploads\/2025\/01\/VPPE-3-1-1-8-6-420-E1.png\",\"datePublished\":\"2025-01-05T08:05:39+00:00\",\"dateModified\":\"2025-01-05T08:05:39+00:00\",\"description\":\"VPPE-3-1-1\/8-6-420-E1 proportional pressure regulator Inline pressure control valve for 0.06 to 6bar pressure range. 4 to 20mA setpoint\",\"breadcrumb\":{\"@id\":\"https:\/\/sipin.com.vn\/index.php\/product\/festo-vppe-3-1-1-8-6-420-e1\/#breadcrumb\"},\"inLanguage\":\"vi\",\"potentialAction\":[{\"@type\":\"ReadAction\",\"target\":[\"https:\/\/sipin.com.vn\/index.php\/product\/festo-vppe-3-1-1-8-6-420-e1\/\"]}]},{\"@type\":\"ImageObject\",\"inLanguage\":\"vi\",\"@id\":\"https:\/\/sipin.com.vn\/index.php\/product\/festo-vppe-3-1-1-8-6-420-e1\/#primaryimage\",\"url\":\"https:\/\/sipin.com.vn\/wp-content\/uploads\/2025\/01\/VPPE-3-1-1-8-6-420-E1.png\",\"contentUrl\":\"https:\/\/sipin.com.vn\/wp-content\/uploads\/2025\/01\/VPPE-3-1-1-8-6-420-E1.png\",\"width\":619,\"height\":620},{\"@type\":\"BreadcrumbList\",\"@id\":\"https:\/\/sipin.com.vn\/index.php\/product\/festo-vppe-3-1-1-8-6-420-e1\/#breadcrumb\",\"itemListElement\":[{\"@type\":\"ListItem\",\"position\":1,\"name\":\"Home\",\"item\":\"https:\/\/sipin.com.vn\/\"},{\"@type\":\"ListItem\",\"position\":2,\"name\":\"S\u1ea2N PH\u1ea8M\",\"item\":\"https:\/\/sipin.com.vn\/index.php\/cua-hang\/\"},{\"@type\":\"ListItem\",\"position\":3,\"name\":\"FESTO VPPE-3-1-1\/8-6-420-E1\"}]},{\"@type\":\"WebSite\",\"@id\":\"https:\/\/sipin.com.vn\/#website\",\"url\":\"https:\/\/sipin.com.vn\/\",\"name\":\"OMANI VI\u1ec6T NAM\",\"description\":\"Nh\u00e0 ph\u00e2n ph\u1ed1i thi\u1ebft b\u1ecb kh\u00ed n\u00e9n v\u00e0 thi\u1ebft b\u1ecb t\u1ef1 \u0111\u1ed9ng h\u00f3a trong c\u00f4ng nghi\u1ec7p\",\"publisher\":{\"@id\":\"https:\/\/sipin.com.vn\/#\/schema\/person\/0ad398a980dc3fd696111c2c5c8fa897\"},\"potentialAction\":[{\"@type\":\"SearchAction\",\"target\":{\"@type\":\"EntryPoint\",\"urlTemplate\":\"https:\/\/sipin.com.vn\/?s={search_term_string}\"},\"query-input\":\"required name=search_term_string\"}],\"inLanguage\":\"vi\"},{\"@type\":[\"Person\",\"Organization\"],\"@id\":\"https:\/\/sipin.com.vn\/#\/schema\/person\/0ad398a980dc3fd696111c2c5c8fa897\",\"name\":\"Nguy\u1ec5n V\u0103n Kh\u00e1nh\",\"image\":{\"@type\":\"ImageObject\",\"inLanguage\":\"vi\",\"@id\":\"https:\/\/sipin.com.vn\/#\/schema\/person\/image\/\",\"url\":\"https:\/\/sipin.com.vn\/wp-content\/uploads\/2024\/06\/logo-1024x1024.png\",\"contentUrl\":\"https:\/\/sipin.com.vn\/wp-content\/uploads\/2024\/06\/logo-1024x1024.png\",\"width\":1024,\"height\":1024,\"caption\":\"Nguy\u1ec5n V\u0103n Kh\u00e1nh\"},\"logo\":{\"@id\":\"https:\/\/sipin.com.vn\/#\/schema\/person\/image\/\"},\"sameAs\":[\"https:\/\/sipin.com.vn\"]}]}<\/script>\n<!-- \/ Yoast SEO plugin. -->","yoast_head_json":{"title":"FESTO VPPE-3-1-1\/8-6-420-E1 - OMANI VI\u1ec6T NAM","description":"VPPE-3-1-1\/8-6-420-E1 proportional pressure regulator Inline pressure control valve for 0.06 to 6bar pressure range. 4 to 20mA setpoint","robots":{"index":"index","follow":"follow","max-snippet":"max-snippet:-1","max-image-preview":"max-image-preview:large","max-video-preview":"max-video-preview:-1"},"canonical":"https:\/\/sipin.com.vn\/index.php\/product\/festo-vppe-3-1-1-8-6-420-e1\/","og_locale":"vi_VN","og_type":"article","og_title":"FESTO VPPE-3-1-1\/8-6-420-E1 - OMANI VI\u1ec6T NAM","og_description":"VPPE-3-1-1\/8-6-420-E1 proportional pressure regulator Inline pressure control valve for 0.06 to 6bar pressure range. 4 to 20mA setpoint","og_url":"https:\/\/sipin.com.vn\/index.php\/product\/festo-vppe-3-1-1-8-6-420-e1\/","og_site_name":"OMANI VI\u1ec6T NAM","og_image":[{"width":619,"height":620,"url":"https:\/\/sipin.com.vn\/wp-content\/uploads\/2025\/01\/VPPE-3-1-1-8-6-420-E1.png","type":"image\/png"}],"twitter_card":"summary_large_image","twitter_misc":{"\u01af\u1edbc t\u00ednh th\u1eddi gian \u0111\u1ecdc":"4 ph\u00fat"},"schema":{"@context":"https:\/\/schema.org","@graph":[{"@type":"WebPage","@id":"https:\/\/sipin.com.vn\/index.php\/product\/festo-vppe-3-1-1-8-6-420-e1\/","url":"https:\/\/sipin.com.vn\/index.php\/product\/festo-vppe-3-1-1-8-6-420-e1\/","name":"FESTO VPPE-3-1-1\/8-6-420-E1 - OMANI VI\u1ec6T NAM","isPartOf":{"@id":"https:\/\/sipin.com.vn\/#website"},"primaryImageOfPage":{"@id":"https:\/\/sipin.com.vn\/index.php\/product\/festo-vppe-3-1-1-8-6-420-e1\/#primaryimage"},"image":{"@id":"https:\/\/sipin.com.vn\/index.php\/product\/festo-vppe-3-1-1-8-6-420-e1\/#primaryimage"},"thumbnailUrl":"https:\/\/sipin.com.vn\/wp-content\/uploads\/2025\/01\/VPPE-3-1-1-8-6-420-E1.png","datePublished":"2025-01-05T08:05:39+00:00","dateModified":"2025-01-05T08:05:39+00:00","description":"VPPE-3-1-1\/8-6-420-E1 proportional pressure regulator Inline pressure control valve for 0.06 to 6bar pressure range. 4 to 20mA setpoint","breadcrumb":{"@id":"https:\/\/sipin.com.vn\/index.php\/product\/festo-vppe-3-1-1-8-6-420-e1\/#breadcrumb"},"inLanguage":"vi","potentialAction":[{"@type":"ReadAction","target":["https:\/\/sipin.com.vn\/index.php\/product\/festo-vppe-3-1-1-8-6-420-e1\/"]}]},{"@type":"ImageObject","inLanguage":"vi","@id":"https:\/\/sipin.com.vn\/index.php\/product\/festo-vppe-3-1-1-8-6-420-e1\/#primaryimage","url":"https:\/\/sipin.com.vn\/wp-content\/uploads\/2025\/01\/VPPE-3-1-1-8-6-420-E1.png","contentUrl":"https:\/\/sipin.com.vn\/wp-content\/uploads\/2025\/01\/VPPE-3-1-1-8-6-420-E1.png","width":619,"height":620},{"@type":"BreadcrumbList","@id":"https:\/\/sipin.com.vn\/index.php\/product\/festo-vppe-3-1-1-8-6-420-e1\/#breadcrumb","itemListElement":[{"@type":"ListItem","position":1,"name":"Home","item":"https:\/\/sipin.com.vn\/"},{"@type":"ListItem","position":2,"name":"S\u1ea2N PH\u1ea8M","item":"https:\/\/sipin.com.vn\/index.php\/cua-hang\/"},{"@type":"ListItem","position":3,"name":"FESTO VPPE-3-1-1\/8-6-420-E1"}]},{"@type":"WebSite","@id":"https:\/\/sipin.com.vn\/#website","url":"https:\/\/sipin.com.vn\/","name":"OMANI VI\u1ec6T NAM","description":"Nh\u00e0 ph\u00e2n ph\u1ed1i thi\u1ebft b\u1ecb kh\u00ed n\u00e9n v\u00e0 thi\u1ebft b\u1ecb t\u1ef1 \u0111\u1ed9ng h\u00f3a trong c\u00f4ng nghi\u1ec7p","publisher":{"@id":"https:\/\/sipin.com.vn\/#\/schema\/person\/0ad398a980dc3fd696111c2c5c8fa897"},"potentialAction":[{"@type":"SearchAction","target":{"@type":"EntryPoint","urlTemplate":"https:\/\/sipin.com.vn\/?s={search_term_string}"},"query-input":"required name=search_term_string"}],"inLanguage":"vi"},{"@type":["Person","Organization"],"@id":"https:\/\/sipin.com.vn\/#\/schema\/person\/0ad398a980dc3fd696111c2c5c8fa897","name":"Nguy\u1ec5n V\u0103n Kh\u00e1nh","image":{"@type":"ImageObject","inLanguage":"vi","@id":"https:\/\/sipin.com.vn\/#\/schema\/person\/image\/","url":"https:\/\/sipin.com.vn\/wp-content\/uploads\/2024\/06\/logo-1024x1024.png","contentUrl":"https:\/\/sipin.com.vn\/wp-content\/uploads\/2024\/06\/logo-1024x1024.png","width":1024,"height":1024,"caption":"Nguy\u1ec5n V\u0103n Kh\u00e1nh"},"logo":{"@id":"https:\/\/sipin.com.vn\/#\/schema\/person\/image\/"},"sameAs":["https:\/\/sipin.com.vn"]}]}},"_links":{"self":[{"href":"https:\/\/sipin.com.vn\/index.php\/wp-json\/wp\/v2\/product\/3101","targetHints":{"allow":["GET"]}}],"collection":[{"href":"https:\/\/sipin.com.vn\/index.php\/wp-json\/wp\/v2\/product"}],"about":[{"href":"https:\/\/sipin.com.vn\/index.php\/wp-json\/wp\/v2\/types\/product"}],"replies":[{"embeddable":true,"href":"https:\/\/sipin.com.vn\/index.php\/wp-json\/wp\/v2\/comments?post=3101"}],"wp:featuredmedia":[{"embeddable":true,"href":"https:\/\/sipin.com.vn\/index.php\/wp-json\/wp\/v2\/media\/3102"}],"wp:attachment":[{"href":"https:\/\/sipin.com.vn\/index.php\/wp-json\/wp\/v2\/media?parent=3101"}],"wp:term":[{"taxonomy":"product_cat","embeddable":true,"href":"https:\/\/sipin.com.vn\/index.php\/wp-json\/wp\/v2\/product_cat?post=3101"},{"taxonomy":"product_tag","embeddable":true,"href":"https:\/\/sipin.com.vn\/index.php\/wp-json\/wp\/v2\/product_tag?post=3101"}],"curies":[{"name":"wp","href":"https:\/\/api.w.org\/{rel}","templated":true}]}}