{"id":3074,"date":"2024-12-29T19:46:14","date_gmt":"2024-12-29T12:46:14","guid":{"rendered":"https:\/\/omanivietnam.com\/?post_type=product&#038;p=3074"},"modified":"2024-12-29T19:46:14","modified_gmt":"2024-12-29T12:46:14","slug":"mitsubishi-hf-kp13j","status":"publish","type":"product","link":"https:\/\/sipin.com.vn\/index.php\/product\/mitsubishi-hf-kp13j\/","title":{"rendered":"MITSUBISHI HF-KP13J"},"content":{"rendered":"<p>MITSUBISHI HF-KP13J<\/p>\n<p>HF-KP13J b\u1ed9 \u0111\u1ed9ng c\u01a1 Mitsubishi 100w ch\u00ednh h\u00e3ng m\u1edbi<\/p>\n<p>Servo Motor HF-KP13J<br \/>\n\u2013 \u0110i\u1ec7n \u00e1p cung c\u1ea5p: 200V<br \/>\n\u2013 C\u00f4ng su\u1ea5t: 0.1 kW<br \/>\n\u2013 T\u1ed1c \u0111\u1ed9 v\u00f2ng quay: 3000 \u2013 6000 v\u00f2ng\/ph\u00fat<br \/>\n\u2013 Encoder 18-bit, \u0111\u1ed9 ph\u00e2n gi\u1ea3i 262.144 xung\/v\u00f2ng<br \/>\n\u2013 M\u00f4 men xo\u1eafn: 0.32 Nm, Max 1.11 Nm<br \/>\n\u2013 \u0110\u1ed9ng c\u01a1 c\u00f3 ph\u1edbt ch\u1eafn d\u1ea7u<br \/>\n\u2013 T\u01b0\u01a1ng th\u00edch v\u1edbi Servo Amplifiler: MR-J3-10A-RJ006, MR-J3-10A1-RJ006, MR-J3-10B-RJ006, MR-J3-10B1-RJ006, MR-J3-10T, MR-J3-10T1<br \/>\n\u2013 C\u1ea5p \u0111\u1ed9 b\u1ea3o v\u1ec7: IP65<br \/>\n\u2013 \u1ee8ng d\u1ee5ng trong \u0111i\u1ec1u khi\u1ec3n t\u1ed1c \u0111\u1ed9, v\u1ecb tr\u00ed<br \/>\n\u2013 H\u00e3ng s\u1ea3n xu\u1ea5t: Mitsubishi \u2013 Nh\u1eadt B\u1ea3n<\/p>\n<p>&nbsp;<\/p>\n<p><strong>Model:<\/strong><\/p>\n<p>HF-KP053<\/p>\n<p>HF-KP13<\/p>\n<p>HF-KP23<\/p>\n<p>HF-KP73<\/p>\n<p>HF-KP053B<\/p>\n<p>HF-KP13B<\/p>\n<p>HF-KP13J<\/p>\n<p>HF-KP13BJ<\/p>\n<p>HF-KP23B<\/p>\n<p>HF-KP23J<\/p>\n<p>HF-KP23BJ<\/p>\n<p>HF-KP43B<\/p>\n<p>HF-KP43BJ<\/p>\n<p>HF-KP43J<\/p>\n<p>HF-KP73BJ<\/p>\n<p>HF-KP73J<\/p>\n<p>HF-KP053G1<\/p>\n<p>HF-KP053BG1<\/p>\n<p>HF-KP13G1<\/p>\n<p>HF-KP13BG1<\/p>\n<div><b>M\u1ed9t s\u1ed1 d\u00f2ng \u0111\u1ed9ng c\u01a1 Mitsubishi:<\/b><\/div>\n<div>HF-KP053,<\/div>\n<div>HF-KP053B,<\/div>\n<div>HF-KP053BK,<\/div>\n<div>HF-KP053K,<\/div>\n<div>HF-KP13,<\/div>\n<div>HF-KP13B,<\/div>\n<div>HF-KP13BK,<\/div>\n<div>HF-KP13K,<\/div>\n<div>HF-KP23,<\/div>\n<div>HF-KP23B,<\/div>\n<div>HF-KP23BK,<\/div>\n<div>HF-KP23G1,<\/div>\n<div>HF-KP23K,<\/div>\n<div>HF-KP43<\/div>\n<div>HF-KP43B<\/div>\n<div>HF-KP43BJW04-S6<\/div>\n<div>HF-KP43G1<\/div>\n<div>HF-KP43J<\/div>\n<div>HF-KP43K<\/div>\n<div>HF-KP43-S12<\/div>\n<div>HF-KP73<\/div>\n<div><\/div>\n<div>HF-KP053, HF-KP13, HF-KP23, HF-KP43, HF-KP73, HF-KP053B, HF-KP13B, HF-KP23B, HF-KP43B, HF-KP73B, HF-KP053G1, HF-KP13G1, HF-KP23G1, HF-KP43G1, HF-KP73G1, HF-KP053BG1, HF-KP13BG1, HF-KP23BG1, HFKP43BG1, HF-KP73BG1, HF-KP053G5, HF-KP13G5, HF-KP23G5, HF-KP43G5, HFKP73G5, HF-KP053BG5, HF-KP13BG5, HF-KP23BG5, HF-KP43BG5, HFKP73BG5, HF-KP053G7, HF-KP13G7, HF-KP23G7, HF-KP43G7, HF-KP73G7, HF-KP053BG7, HF-KP13BG7, HF-KP23BG7, HF-KP43BG7, HF-KP73BG7, HF-SN52J, HF-SN102J, HF-SN152J, HF-SN202J, HF-SN302J, HF-SN52BJ<\/div>\n<p>\u2026\u2026\u2026\u2026\u2026\u2026<\/p>\n<p>\u0110\u1ea1i l\u00fd MITSUBISHI vietnam, MITSUBISHI viet nam, MITSUBISHI vietnam distributor, Ph\u00e2n ph\u1ed1i MITSUBISHI t\u1ea1i vi\u1ec7t nam<\/p>\n<p>\u0110\u1ea1i l\u00fd MITSUBISHI vietnam, MITSUBISHI viet nam, MITSUBISHI vietnam distributor, Ph\u00e2n ph\u1ed1i MITSUBISHI t\u1ea1i vi\u1ec7t nam<\/p>\n<p>\u0110\u1ea1i l\u00fd MITSUBISHI vietnam, MITSUBISHI viet nam, MITSUBISHI vietnam distributor, Ph\u00e2n ph\u1ed1i MITSUBISHI t\u1ea1i vi\u1ec7t nam<\/p>\n<p>\u0110\u1ea1i l\u00fd MITSUBISHI vietnam, MITSUBISHI viet nam, MITSUBISHI vietnam distributor, Ph\u00e2n ph\u1ed1i MITSUBISHI t\u1ea1i vi\u1ec7t nam<\/p>\n<p>\u0110\u1ea1i l\u00fd MITSUBISHI vietnam, MITSUBISHI viet nam, MITSUBISHI vietnam distributor, Ph\u00e2n ph\u1ed1i MITSUBISHI t\u1ea1i vi\u1ec7t nam<\/p>\n","protected":false},"excerpt":{"rendered":"<p>MITSUBISHI HF-KP13J HF-KP13J b\u1ed9 \u0111\u1ed9ng c\u01a1 Mitsubishi 100w ch\u00ednh h\u00e3ng m\u1edbi Servo Motor HF-KP13J \u2013 \u0110i\u1ec7n \u00e1p cung c\u1ea5p: 200V \u2013 C\u00f4ng su\u1ea5t: 0.1 kW \u2013 T\u1ed1c \u0111\u1ed9 v\u00f2ng quay: 3000 \u2013 6000 v\u00f2ng\/ph\u00fat \u2013 Encoder 18-bit, \u0111\u1ed9 ph\u00e2n gi\u1ea3i 262.144 xung\/v\u00f2ng \u2013 M\u00f4 men xo\u1eafn: 0.32 Nm, Max 1.11&hellip; <\/p>\n","protected":false},"featured_media":3075,"comment_status":"open","ping_status":"closed","template":"","meta":{"om_disable_all_campaigns":false,"_monsterinsights_skip_tracking":false,"_monsterinsights_sitenote_active":false,"_monsterinsights_sitenote_note":"","_monsterinsights_sitenote_category":0},"product_cat":[15],"product_tag":[158,120,157],"class_list":{"0":"post-3074","1":"product","2":"type-product","3":"status-publish","4":"has-post-thumbnail","6":"product_cat-apex","7":"product_tag-dai-ly-mitsubishi-viet-nam","8":"product_tag-dong-co","9":"product_tag-mitsubishi-viet-nam","11":"first","12":"instock","13":"shipping-taxable","14":"product-type-simple"},"aioseo_notices":[],"yoast_head":"<!-- This site is optimized with the Yoast SEO plugin v22.8 - https:\/\/yoast.com\/wordpress\/plugins\/seo\/ -->\n<title>MITSUBISHI HF-KP13J - OMANI VI\u1ec6T NAM<\/title>\n<meta name=\"description\" content=\"\u0110\u1ed9ng c\u01a1 HF-KP13J Mitsubishi\" \/>\n<meta name=\"robots\" content=\"index, follow, max-snippet:-1, max-image-preview:large, max-video-preview:-1\" \/>\n<link rel=\"canonical\" href=\"https:\/\/sipin.com.vn\/index.php\/product\/mitsubishi-hf-kp13j\/\" \/>\n<meta property=\"og:locale\" content=\"vi_VN\" \/>\n<meta property=\"og:type\" content=\"article\" \/>\n<meta property=\"og:title\" content=\"MITSUBISHI HF-KP13J - OMANI VI\u1ec6T NAM\" \/>\n<meta property=\"og:description\" content=\"\u0110\u1ed9ng c\u01a1 HF-KP13J Mitsubishi\" \/>\n<meta property=\"og:url\" content=\"https:\/\/sipin.com.vn\/index.php\/product\/mitsubishi-hf-kp13j\/\" \/>\n<meta property=\"og:site_name\" content=\"OMANI VI\u1ec6T NAM\" \/>\n<meta property=\"og:image\" content=\"https:\/\/sipin.com.vn\/wp-content\/uploads\/2024\/12\/HF-KP13J.png\" \/>\n\t<meta property=\"og:image:width\" content=\"617\" \/>\n\t<meta property=\"og:image:height\" content=\"388\" \/>\n\t<meta property=\"og:image:type\" content=\"image\/png\" \/>\n<meta name=\"twitter:card\" content=\"summary_large_image\" \/>\n<meta name=\"twitter:label1\" content=\"\u01af\u1edbc t\u00ednh th\u1eddi gian \u0111\u1ecdc\" \/>\n\t<meta name=\"twitter:data1\" content=\"2 ph\u00fat\" \/>\n<script type=\"application\/ld+json\" class=\"yoast-schema-graph\">{\"@context\":\"https:\/\/schema.org\",\"@graph\":[{\"@type\":\"WebPage\",\"@id\":\"https:\/\/sipin.com.vn\/index.php\/product\/mitsubishi-hf-kp13j\/\",\"url\":\"https:\/\/sipin.com.vn\/index.php\/product\/mitsubishi-hf-kp13j\/\",\"name\":\"MITSUBISHI HF-KP13J - OMANI VI\u1ec6T NAM\",\"isPartOf\":{\"@id\":\"https:\/\/sipin.com.vn\/#website\"},\"primaryImageOfPage\":{\"@id\":\"https:\/\/sipin.com.vn\/index.php\/product\/mitsubishi-hf-kp13j\/#primaryimage\"},\"image\":{\"@id\":\"https:\/\/sipin.com.vn\/index.php\/product\/mitsubishi-hf-kp13j\/#primaryimage\"},\"thumbnailUrl\":\"https:\/\/sipin.com.vn\/wp-content\/uploads\/2024\/12\/HF-KP13J.png\",\"datePublished\":\"2024-12-29T12:46:14+00:00\",\"dateModified\":\"2024-12-29T12:46:14+00:00\",\"description\":\"\u0110\u1ed9ng c\u01a1 HF-KP13J Mitsubishi\",\"breadcrumb\":{\"@id\":\"https:\/\/sipin.com.vn\/index.php\/product\/mitsubishi-hf-kp13j\/#breadcrumb\"},\"inLanguage\":\"vi\",\"potentialAction\":[{\"@type\":\"ReadAction\",\"target\":[\"https:\/\/sipin.com.vn\/index.php\/product\/mitsubishi-hf-kp13j\/\"]}]},{\"@type\":\"ImageObject\",\"inLanguage\":\"vi\",\"@id\":\"https:\/\/sipin.com.vn\/index.php\/product\/mitsubishi-hf-kp13j\/#primaryimage\",\"url\":\"https:\/\/sipin.com.vn\/wp-content\/uploads\/2024\/12\/HF-KP13J.png\",\"contentUrl\":\"https:\/\/sipin.com.vn\/wp-content\/uploads\/2024\/12\/HF-KP13J.png\",\"width\":617,\"height\":388},{\"@type\":\"BreadcrumbList\",\"@id\":\"https:\/\/sipin.com.vn\/index.php\/product\/mitsubishi-hf-kp13j\/#breadcrumb\",\"itemListElement\":[{\"@type\":\"ListItem\",\"position\":1,\"name\":\"Home\",\"item\":\"https:\/\/sipin.com.vn\/\"},{\"@type\":\"ListItem\",\"position\":2,\"name\":\"S\u1ea2N PH\u1ea8M\",\"item\":\"https:\/\/sipin.com.vn\/index.php\/cua-hang\/\"},{\"@type\":\"ListItem\",\"position\":3,\"name\":\"MITSUBISHI HF-KP13J\"}]},{\"@type\":\"WebSite\",\"@id\":\"https:\/\/sipin.com.vn\/#website\",\"url\":\"https:\/\/sipin.com.vn\/\",\"name\":\"OMANI VI\u1ec6T NAM\",\"description\":\"Nh\u00e0 ph\u00e2n ph\u1ed1i thi\u1ebft b\u1ecb kh\u00ed n\u00e9n v\u00e0 thi\u1ebft b\u1ecb t\u1ef1 \u0111\u1ed9ng h\u00f3a trong c\u00f4ng nghi\u1ec7p\",\"publisher\":{\"@id\":\"https:\/\/sipin.com.vn\/#\/schema\/person\/0ad398a980dc3fd696111c2c5c8fa897\"},\"potentialAction\":[{\"@type\":\"SearchAction\",\"target\":{\"@type\":\"EntryPoint\",\"urlTemplate\":\"https:\/\/sipin.com.vn\/?s={search_term_string}\"},\"query-input\":\"required name=search_term_string\"}],\"inLanguage\":\"vi\"},{\"@type\":[\"Person\",\"Organization\"],\"@id\":\"https:\/\/sipin.com.vn\/#\/schema\/person\/0ad398a980dc3fd696111c2c5c8fa897\",\"name\":\"Nguy\u1ec5n V\u0103n Kh\u00e1nh\",\"image\":{\"@type\":\"ImageObject\",\"inLanguage\":\"vi\",\"@id\":\"https:\/\/sipin.com.vn\/#\/schema\/person\/image\/\",\"url\":\"https:\/\/sipin.com.vn\/wp-content\/uploads\/2024\/06\/logo-1024x1024.png\",\"contentUrl\":\"https:\/\/sipin.com.vn\/wp-content\/uploads\/2024\/06\/logo-1024x1024.png\",\"width\":1024,\"height\":1024,\"caption\":\"Nguy\u1ec5n V\u0103n Kh\u00e1nh\"},\"logo\":{\"@id\":\"https:\/\/sipin.com.vn\/#\/schema\/person\/image\/\"},\"sameAs\":[\"https:\/\/sipin.com.vn\"]}]}<\/script>\n<!-- \/ Yoast SEO plugin. -->","yoast_head_json":{"title":"MITSUBISHI HF-KP13J - OMANI VI\u1ec6T NAM","description":"\u0110\u1ed9ng c\u01a1 HF-KP13J Mitsubishi","robots":{"index":"index","follow":"follow","max-snippet":"max-snippet:-1","max-image-preview":"max-image-preview:large","max-video-preview":"max-video-preview:-1"},"canonical":"https:\/\/sipin.com.vn\/index.php\/product\/mitsubishi-hf-kp13j\/","og_locale":"vi_VN","og_type":"article","og_title":"MITSUBISHI HF-KP13J - OMANI VI\u1ec6T NAM","og_description":"\u0110\u1ed9ng c\u01a1 HF-KP13J Mitsubishi","og_url":"https:\/\/sipin.com.vn\/index.php\/product\/mitsubishi-hf-kp13j\/","og_site_name":"OMANI VI\u1ec6T NAM","og_image":[{"width":617,"height":388,"url":"https:\/\/sipin.com.vn\/wp-content\/uploads\/2024\/12\/HF-KP13J.png","type":"image\/png"}],"twitter_card":"summary_large_image","twitter_misc":{"\u01af\u1edbc t\u00ednh th\u1eddi gian \u0111\u1ecdc":"2 ph\u00fat"},"schema":{"@context":"https:\/\/schema.org","@graph":[{"@type":"WebPage","@id":"https:\/\/sipin.com.vn\/index.php\/product\/mitsubishi-hf-kp13j\/","url":"https:\/\/sipin.com.vn\/index.php\/product\/mitsubishi-hf-kp13j\/","name":"MITSUBISHI HF-KP13J - OMANI VI\u1ec6T NAM","isPartOf":{"@id":"https:\/\/sipin.com.vn\/#website"},"primaryImageOfPage":{"@id":"https:\/\/sipin.com.vn\/index.php\/product\/mitsubishi-hf-kp13j\/#primaryimage"},"image":{"@id":"https:\/\/sipin.com.vn\/index.php\/product\/mitsubishi-hf-kp13j\/#primaryimage"},"thumbnailUrl":"https:\/\/sipin.com.vn\/wp-content\/uploads\/2024\/12\/HF-KP13J.png","datePublished":"2024-12-29T12:46:14+00:00","dateModified":"2024-12-29T12:46:14+00:00","description":"\u0110\u1ed9ng c\u01a1 HF-KP13J Mitsubishi","breadcrumb":{"@id":"https:\/\/sipin.com.vn\/index.php\/product\/mitsubishi-hf-kp13j\/#breadcrumb"},"inLanguage":"vi","potentialAction":[{"@type":"ReadAction","target":["https:\/\/sipin.com.vn\/index.php\/product\/mitsubishi-hf-kp13j\/"]}]},{"@type":"ImageObject","inLanguage":"vi","@id":"https:\/\/sipin.com.vn\/index.php\/product\/mitsubishi-hf-kp13j\/#primaryimage","url":"https:\/\/sipin.com.vn\/wp-content\/uploads\/2024\/12\/HF-KP13J.png","contentUrl":"https:\/\/sipin.com.vn\/wp-content\/uploads\/2024\/12\/HF-KP13J.png","width":617,"height":388},{"@type":"BreadcrumbList","@id":"https:\/\/sipin.com.vn\/index.php\/product\/mitsubishi-hf-kp13j\/#breadcrumb","itemListElement":[{"@type":"ListItem","position":1,"name":"Home","item":"https:\/\/sipin.com.vn\/"},{"@type":"ListItem","position":2,"name":"S\u1ea2N PH\u1ea8M","item":"https:\/\/sipin.com.vn\/index.php\/cua-hang\/"},{"@type":"ListItem","position":3,"name":"MITSUBISHI HF-KP13J"}]},{"@type":"WebSite","@id":"https:\/\/sipin.com.vn\/#website","url":"https:\/\/sipin.com.vn\/","name":"OMANI VI\u1ec6T NAM","description":"Nh\u00e0 ph\u00e2n ph\u1ed1i thi\u1ebft b\u1ecb kh\u00ed n\u00e9n v\u00e0 thi\u1ebft b\u1ecb t\u1ef1 \u0111\u1ed9ng h\u00f3a trong c\u00f4ng nghi\u1ec7p","publisher":{"@id":"https:\/\/sipin.com.vn\/#\/schema\/person\/0ad398a980dc3fd696111c2c5c8fa897"},"potentialAction":[{"@type":"SearchAction","target":{"@type":"EntryPoint","urlTemplate":"https:\/\/sipin.com.vn\/?s={search_term_string}"},"query-input":"required name=search_term_string"}],"inLanguage":"vi"},{"@type":["Person","Organization"],"@id":"https:\/\/sipin.com.vn\/#\/schema\/person\/0ad398a980dc3fd696111c2c5c8fa897","name":"Nguy\u1ec5n V\u0103n Kh\u00e1nh","image":{"@type":"ImageObject","inLanguage":"vi","@id":"https:\/\/sipin.com.vn\/#\/schema\/person\/image\/","url":"https:\/\/sipin.com.vn\/wp-content\/uploads\/2024\/06\/logo-1024x1024.png","contentUrl":"https:\/\/sipin.com.vn\/wp-content\/uploads\/2024\/06\/logo-1024x1024.png","width":1024,"height":1024,"caption":"Nguy\u1ec5n V\u0103n Kh\u00e1nh"},"logo":{"@id":"https:\/\/sipin.com.vn\/#\/schema\/person\/image\/"},"sameAs":["https:\/\/sipin.com.vn"]}]}},"_links":{"self":[{"href":"https:\/\/sipin.com.vn\/index.php\/wp-json\/wp\/v2\/product\/3074","targetHints":{"allow":["GET"]}}],"collection":[{"href":"https:\/\/sipin.com.vn\/index.php\/wp-json\/wp\/v2\/product"}],"about":[{"href":"https:\/\/sipin.com.vn\/index.php\/wp-json\/wp\/v2\/types\/product"}],"replies":[{"embeddable":true,"href":"https:\/\/sipin.com.vn\/index.php\/wp-json\/wp\/v2\/comments?post=3074"}],"wp:featuredmedia":[{"embeddable":true,"href":"https:\/\/sipin.com.vn\/index.php\/wp-json\/wp\/v2\/media\/3075"}],"wp:attachment":[{"href":"https:\/\/sipin.com.vn\/index.php\/wp-json\/wp\/v2\/media?parent=3074"}],"wp:term":[{"taxonomy":"product_cat","embeddable":true,"href":"https:\/\/sipin.com.vn\/index.php\/wp-json\/wp\/v2\/product_cat?post=3074"},{"taxonomy":"product_tag","embeddable":true,"href":"https:\/\/sipin.com.vn\/index.php\/wp-json\/wp\/v2\/product_tag?post=3074"}],"curies":[{"name":"wp","href":"https:\/\/api.w.org\/{rel}","templated":true}]}}