{"id":2976,"date":"2024-11-30T05:42:41","date_gmt":"2024-11-29T22:42:41","guid":{"rendered":"https:\/\/omanivietnam.com\/?post_type=product&#038;p=2976"},"modified":"2025-04-22T21:28:54","modified_gmt":"2025-04-22T14:28:54","slug":"fonrayasc-63m200","status":"publish","type":"product","link":"https:\/\/sipin.com.vn\/index.php\/product\/fonrayasc-63m200\/","title":{"rendered":"FONRAY\tASC-63M200"},"content":{"rendered":"<p>FONRAY ASC-63M200<\/p>\n<p>\u1ed0ng xi lanh kh\u00ed n\u00e9n \u0111\u01b0\u1ee3c l\u00e0m b\u1eb1ng h\u1ee3p kim nh\u00f4m v\u00e0 \u0111\u01b0\u1ee3c x\u1eed l\u00fd b\u1eb1ng m\u00e0ng oxit nh\u00f4m, gi\u00fap ch\u1ed1ng m\u00e0i m\u00f2n v\u00e0 ch\u1ed1ng \u0103n m\u00f2n t\u1ed1t h\u01a1n.<br \/>\nV\u1edbi nhi\u1ec1u ch\u1ee7ng lo\u1ea1i, k\u00edch th\u01b0\u1edbc v\u00e0 n\u00e9t kh\u00e1c ngo\u00e0i nh\u1eefng lo\u1ea1i \u0111\u00e3 n\u00eau trong catalog, vui l\u00f2ng li\u00ean h\u1ec7 v\u1edbi c\u00f4ng ty ch\u00fang t\u00f4i.<\/p>\n<p>&nbsp;<\/p>\n<table class=\"datatable\" border=\"0\" cellspacing=\"0\" cellpadding=\"0\">\n<tbody>\n<tr>\n<th>D\u00f2ng xy lanh<\/th>\n<th>\u0110\u01b0\u1eddng k\u00ednh l\u1ed7 khoan<br \/>\n(mm)<\/th>\n<th>Ch\u1ebf \u0111\u1ed9 h\u00e0nh \u0111\u1ed9ng<\/th>\n<th>Lo\u1ea1i c\u1ed1 \u0111\u1ecbnh<\/th>\n<th>T\u1ed1c \u0111\u1ed9 s\u1eed d\u1ee5ng<br \/>\n(mm\/s)<\/th>\n<th>S\u1eed d\u1ee5ng ph\u1ea1m vi \u00e1p su\u1ea5t<\/th>\n<\/tr>\n<tr>\n<td>D\u00f2ng xi lanh ti\u00eau chu\u1ea9n ASC<\/td>\n<td>32<br \/>\n40<br \/>\n50<br \/>\n63<br \/>\n80<br \/>\n100<br \/>\n125<br \/>\n160<br \/>\n200<\/td>\n<td>Ki\u1ec3u h\u00e0nh \u0111\u1ed9ng k\u00e9p<\/td>\n<td>Lo\u1ea1i ti\u00eau chu\u1ea9n Lo\u1ea1i<br \/>\nFA Lo\u1ea1i<br \/>\nFB Lo\u1ea1i<br \/>\nLB Lo\u1ea1i<br \/>\nCA Lo\u1ea1i<br \/>\nCB Lo\u1ea1i<br \/>\nTC<\/td>\n<td>50-500<\/td>\n<td>0,15 ~ 0,9<\/td>\n<\/tr>\n<\/tbody>\n<\/table>\n<p><span style=\"font-family: Arial;font-size: small\">Fonray ASC-40M200 Standard Cylinder<\/span><\/p>\n<p><span style=\"font-family: Arial;font-size: small\">100% Made in Taiwan<\/span><\/p>\n<p><span style=\"font-family: Arial;font-size: small\">Other sizes available.<\/span><\/p>\n<ul>\n<li><span style=\"font-family: Arial;font-size: small\">Designs of oil-filled alloy special housing and bushing provide the needed self-lubrication of piston rod.<\/span><\/li>\n<li><span style=\"font-family: Arial;font-size: small\">Ard anodized aluminum cylinder tubes resist corrosion and abrasion.<\/span><\/li>\n<li><span style=\"font-family: Arial;font-size: small\">Non-standard type is also available.<\/span><\/li>\n<\/ul>\n<p>&nbsp;<\/p>\n<div class=\"abgne_tab\">\n<div class=\"tab_container\">\n<div id=\"tab3\" class=\"tab_content\">\n<table class=\"datatable\" border=\"0\" cellspacing=\"0\" cellpadding=\"0\">\n<tbody>\n<tr>\n<th>Model<\/th>\n<th>Bore<br \/>\n\uff08mm)<\/th>\n<th>Motion<\/th>\n<th>Mounting Type<\/th>\n<th>Operating Speed<br \/>\n(mm\/s)<\/th>\n<th>Working-pressure Range<\/th>\n<\/tr>\n<tr>\n<td>ASC Standard Cylinder Series<\/td>\n<td>32<br \/>\n40<br \/>\n50<br \/>\n63<br \/>\n80<br \/>\n100<br \/>\n125<br \/>\n160<br \/>\n200<\/td>\n<td>Double Acting<\/td>\n<td>Standard Type<br \/>\nFront Flange<br \/>\nRear Flange<br \/>\nFoot Mounting<br \/>\nPivot Type<br \/>\nClevis Mounting<br \/>\nTrunnion<\/td>\n<td>50~500<\/td>\n<td>0.15~0.9<\/td>\n<\/tr>\n<\/tbody>\n<\/table>\n<\/div>\n<\/div>\n<\/div>\n<ul>\n<li style=\"list-style-type: none\">\n<ul>\n<li class=\"style1\">63M50<\/li>\n<\/ul>\n<\/li>\n<\/ul>\n<ul>\n<li style=\"list-style-type: none\">\n<ul>\n<li class=\"style1\">ASC-63M100<\/li>\n<\/ul>\n<\/li>\n<\/ul>\n<ul>\n<li style=\"list-style-type: none\">\n<ul>\n<li class=\"style1\">ASC-63M150<\/li>\n<\/ul>\n<\/li>\n<\/ul>\n<ul>\n<li style=\"list-style-type: none\">\n<ul>\n<li class=\"style1\">ASC-63M200<\/li>\n<\/ul>\n<\/li>\n<\/ul>\n<ul>\n<li style=\"list-style-type: none\">\n<ul>\n<li class=\"style1\">ASC-80M50<\/li>\n<\/ul>\n<\/li>\n<\/ul>\n<ul>\n<li style=\"list-style-type: none\">\n<ul>\n<li class=\"style1\">ASC-80M100<\/li>\n<\/ul>\n<\/li>\n<\/ul>\n<ul>\n<li style=\"list-style-type: none\">\n<ul>\n<li class=\"style1\">ASC-80M150<\/li>\n<\/ul>\n<\/li>\n<\/ul>\n<ul>\n<li style=\"list-style-type: none\">\n<ul>\n<li class=\"style1\">ASC-80M200<\/li>\n<\/ul>\n<\/li>\n<\/ul>\n<ul>\n<li style=\"list-style-type: none\">\n<ul>\n<li class=\"style1\">ASC-100M50<\/li>\n<\/ul>\n<\/li>\n<\/ul>\n<ul>\n<li style=\"list-style-type: none\">\n<ul>\n<li class=\"style1\">ASC-100M100<\/li>\n<\/ul>\n<\/li>\n<\/ul>\n<ul>\n<li style=\"list-style-type: none\">\n<ul>\n<li class=\"style1\">ASC-100M150<\/li>\n<\/ul>\n<\/li>\n<\/ul>\n<ul>\n<li style=\"list-style-type: none\">\n<ul>\n<li class=\"style1\">ASC-100M200<\/li>\n<\/ul>\n<\/li>\n<\/ul>\n<ul>\n<li class=\"style1\">ASC-125M25<\/li>\n<\/ul>\n<ul>\n<li style=\"list-style-type: none\">\n<ul>\n<li style=\"list-style-type: none\">\n<ul>\n<li class=\"style1\">ASC-63M50<\/li>\n<li class=\"style1\">ASC-63M100<\/li>\n<li class=\"style1\">ASC-63M150<\/li>\n<\/ul>\n<\/li>\n<\/ul>\n<ul>\n<li class=\"style1\">ASC-63M200<\/li>\n<li class=\"style1\">ASC-80M50<\/li>\n<li class=\"style1\">ASC-80M85<\/li>\n<li class=\"style1\">ASC-80M100<\/li>\n<li class=\"style1\">ASC-80M150<\/li>\n<li class=\"style1\">ASC-80M185+TA<\/li>\n<li class=\"style1\">ASC-80M200<\/li>\n<li class=\"style1\">ASC-100M50<\/li>\n<li class=\"style1\">ASC-100M100<\/li>\n<li class=\"style1\">ASC-100M150<\/li>\n<li class=\"style1\">ASC-100M200<\/li>\n<\/ul>\n<\/li>\n<\/ul>\n<p>C\u00e1c d\u00f2ng s\u1ea3n ph\u1ea9m:<\/p>\n<p><em>ASC<\/em>&#8211;<em>63M200<\/em>;<\/p>\n<p>ASC-80M50;<\/p>\n<p>ASC-80M100;<\/p>\n<p>ASC-80M150;<\/p>\n<p>ASC-80M200;<\/p>\n<p>ASC-100M50;<\/p>\n<p>ASC-100M100<\/p>\n<p><em>ASC<\/em>&#8211;<em>63M200<\/em>;<\/p>\n<p>ASC-80M50;<\/p>\n<p>ASC-80M85;<\/p>\n<p>ASC-80M100;<\/p>\n<p>ASC-80M15<\/p>\n<p>Xy lanh<br \/>\nModel: ASC40x200<br \/>\nBrand: Fonray<\/p>\n<p>Cylinder Model: FA16-M25 Brand: Fonray<\/p>\n<p>Cylinder<br \/>\nModel: FA16-M100<br \/>\nBrand: Fonray<\/p>\n<p>Cylinder<br \/>\nModel: ASC-100M125<\/p>\n<p>Xi lanh<br \/>\nModel: ASC-100M125<br \/>\nBrand: Fonray<\/p>\n<p>\u0110\u1ea1i l\u00fd FONRAY vietnam, FONRAY viet nam, FONRAY vietnam distributor, Ph\u00e2n ph\u1ed1i FONRAY t\u1ea1i vi\u1ec7t nam<\/p>\n<p>\u0110\u1ea1i l\u00fd FONRAY vietnam, FONRAY viet nam, FONRAY vietnam distributor, Ph\u00e2n ph\u1ed1i FONRAY t\u1ea1i vi\u1ec7t nam<\/p>\n<p>\u0110\u1ea1i l\u00fd FONRAY vietnam, FONRAY viet nam, FONRAY vietnam distributor, Ph\u00e2n ph\u1ed1i FONRAY t\u1ea1i vi\u1ec7t nam<\/p>\n<p>\u0110\u1ea1i l\u00fd FONRAY vietnam, FONRAY viet nam, FONRAY vietnam distributor, Ph\u00e2n ph\u1ed1i FONRAY t\u1ea1i vi\u1ec7t nam<\/p>\n<p>\u0110\u1ea1i l\u00fd FONRAY vietnam, FONRAY viet nam, FONRAY vietnam distributor, Ph\u00e2n ph\u1ed1i FONRAY t\u1ea1i vi\u1ec7t nam<\/p>\n","protected":false},"excerpt":{"rendered":"<p>FONRAY ASC-63M200 \u1ed0ng xi lanh kh\u00ed n\u00e9n \u0111\u01b0\u1ee3c l\u00e0m b\u1eb1ng h\u1ee3p kim nh\u00f4m v\u00e0 \u0111\u01b0\u1ee3c x\u1eed l\u00fd b\u1eb1ng m\u00e0ng oxit nh\u00f4m, gi\u00fap ch\u1ed1ng m\u00e0i m\u00f2n v\u00e0 ch\u1ed1ng \u0103n m\u00f2n t\u1ed1t h\u01a1n. V\u1edbi nhi\u1ec1u ch\u1ee7ng lo\u1ea1i, k\u00edch th\u01b0\u1edbc v\u00e0 n\u00e9t kh\u00e1c ngo\u00e0i nh\u1eefng lo\u1ea1i \u0111\u00e3 n\u00eau trong catalog, vui l\u00f2ng li\u00ean&hellip; <\/p>\n","protected":false},"featured_media":2977,"comment_status":"open","ping_status":"closed","template":"","meta":{"om_disable_all_campaigns":false,"_monsterinsights_skip_tracking":false,"_monsterinsights_sitenote_active":false,"_monsterinsights_sitenote_note":"","_monsterinsights_sitenote_category":0},"product_cat":[15],"product_tag":[273,272,98],"class_list":{"0":"post-2976","1":"product","2":"type-product","3":"status-publish","4":"has-post-thumbnail","6":"product_cat-apex","7":"product_tag-dai-ly-fonray-viet-nam","8":"product_tag-fonray-viet-nam","9":"product_tag-xy-lanh-khi","11":"first","12":"instock","13":"shipping-taxable","14":"product-type-simple"},"aioseo_notices":[],"yoast_head":"<!-- This site is optimized with the Yoast SEO plugin v22.8 - https:\/\/yoast.com\/wordpress\/plugins\/seo\/ -->\n<title>FONRAY ASC-63M200 - OMANI VI\u1ec6T NAM<\/title>\n<meta name=\"description\" content=\"FONRAY ASC-63M200 Cylinder\" \/>\n<meta name=\"robots\" content=\"index, follow, max-snippet:-1, max-image-preview:large, max-video-preview:-1\" \/>\n<link rel=\"canonical\" href=\"https:\/\/sipin.com.vn\/index.php\/product\/fonrayasc-63m200\/\" \/>\n<meta property=\"og:locale\" content=\"vi_VN\" \/>\n<meta property=\"og:type\" content=\"article\" \/>\n<meta property=\"og:title\" content=\"FONRAY ASC-63M200 - OMANI VI\u1ec6T NAM\" \/>\n<meta property=\"og:description\" content=\"FONRAY ASC-63M200 Cylinder\" \/>\n<meta property=\"og:url\" content=\"https:\/\/sipin.com.vn\/index.php\/product\/fonrayasc-63m200\/\" \/>\n<meta property=\"og:site_name\" content=\"OMANI VI\u1ec6T NAM\" \/>\n<meta property=\"article:modified_time\" content=\"2025-04-22T14:28:54+00:00\" \/>\n<meta property=\"og:image\" content=\"https:\/\/sipin.com.vn\/wp-content\/uploads\/2024\/11\/FONRAY.png\" \/>\n\t<meta property=\"og:image:width\" content=\"542\" \/>\n\t<meta property=\"og:image:height\" content=\"384\" \/>\n\t<meta property=\"og:image:type\" content=\"image\/png\" \/>\n<meta name=\"twitter:card\" content=\"summary_large_image\" \/>\n<meta name=\"twitter:label1\" content=\"\u01af\u1edbc t\u00ednh th\u1eddi gian \u0111\u1ecdc\" \/>\n\t<meta name=\"twitter:data1\" content=\"3 ph\u00fat\" \/>\n<script type=\"application\/ld+json\" class=\"yoast-schema-graph\">{\"@context\":\"https:\/\/schema.org\",\"@graph\":[{\"@type\":\"WebPage\",\"@id\":\"https:\/\/sipin.com.vn\/index.php\/product\/fonrayasc-63m200\/\",\"url\":\"https:\/\/sipin.com.vn\/index.php\/product\/fonrayasc-63m200\/\",\"name\":\"FONRAY ASC-63M200 - OMANI VI\u1ec6T NAM\",\"isPartOf\":{\"@id\":\"https:\/\/sipin.com.vn\/#website\"},\"primaryImageOfPage\":{\"@id\":\"https:\/\/sipin.com.vn\/index.php\/product\/fonrayasc-63m200\/#primaryimage\"},\"image\":{\"@id\":\"https:\/\/sipin.com.vn\/index.php\/product\/fonrayasc-63m200\/#primaryimage\"},\"thumbnailUrl\":\"https:\/\/sipin.com.vn\/wp-content\/uploads\/2024\/11\/FONRAY.png\",\"datePublished\":\"2024-11-29T22:42:41+00:00\",\"dateModified\":\"2025-04-22T14:28:54+00:00\",\"description\":\"FONRAY ASC-63M200 Cylinder\",\"breadcrumb\":{\"@id\":\"https:\/\/sipin.com.vn\/index.php\/product\/fonrayasc-63m200\/#breadcrumb\"},\"inLanguage\":\"vi\",\"potentialAction\":[{\"@type\":\"ReadAction\",\"target\":[\"https:\/\/sipin.com.vn\/index.php\/product\/fonrayasc-63m200\/\"]}]},{\"@type\":\"ImageObject\",\"inLanguage\":\"vi\",\"@id\":\"https:\/\/sipin.com.vn\/index.php\/product\/fonrayasc-63m200\/#primaryimage\",\"url\":\"https:\/\/sipin.com.vn\/wp-content\/uploads\/2024\/11\/FONRAY.png\",\"contentUrl\":\"https:\/\/sipin.com.vn\/wp-content\/uploads\/2024\/11\/FONRAY.png\",\"width\":542,\"height\":384},{\"@type\":\"BreadcrumbList\",\"@id\":\"https:\/\/sipin.com.vn\/index.php\/product\/fonrayasc-63m200\/#breadcrumb\",\"itemListElement\":[{\"@type\":\"ListItem\",\"position\":1,\"name\":\"Home\",\"item\":\"https:\/\/sipin.com.vn\/\"},{\"@type\":\"ListItem\",\"position\":2,\"name\":\"S\u1ea2N PH\u1ea8M\",\"item\":\"https:\/\/sipin.com.vn\/index.php\/cua-hang\/\"},{\"@type\":\"ListItem\",\"position\":3,\"name\":\"FONRAY ASC-63M200\"}]},{\"@type\":\"WebSite\",\"@id\":\"https:\/\/sipin.com.vn\/#website\",\"url\":\"https:\/\/sipin.com.vn\/\",\"name\":\"OMANI VI\u1ec6T NAM\",\"description\":\"Nh\u00e0 ph\u00e2n ph\u1ed1i thi\u1ebft b\u1ecb kh\u00ed n\u00e9n v\u00e0 thi\u1ebft b\u1ecb t\u1ef1 \u0111\u1ed9ng h\u00f3a trong c\u00f4ng nghi\u1ec7p\",\"publisher\":{\"@id\":\"https:\/\/sipin.com.vn\/#\/schema\/person\/0ad398a980dc3fd696111c2c5c8fa897\"},\"potentialAction\":[{\"@type\":\"SearchAction\",\"target\":{\"@type\":\"EntryPoint\",\"urlTemplate\":\"https:\/\/sipin.com.vn\/?s={search_term_string}\"},\"query-input\":\"required name=search_term_string\"}],\"inLanguage\":\"vi\"},{\"@type\":[\"Person\",\"Organization\"],\"@id\":\"https:\/\/sipin.com.vn\/#\/schema\/person\/0ad398a980dc3fd696111c2c5c8fa897\",\"name\":\"Nguy\u1ec5n V\u0103n Kh\u00e1nh\",\"image\":{\"@type\":\"ImageObject\",\"inLanguage\":\"vi\",\"@id\":\"https:\/\/sipin.com.vn\/#\/schema\/person\/image\/\",\"url\":\"https:\/\/sipin.com.vn\/wp-content\/uploads\/2024\/06\/logo-1024x1024.png\",\"contentUrl\":\"https:\/\/sipin.com.vn\/wp-content\/uploads\/2024\/06\/logo-1024x1024.png\",\"width\":1024,\"height\":1024,\"caption\":\"Nguy\u1ec5n V\u0103n Kh\u00e1nh\"},\"logo\":{\"@id\":\"https:\/\/sipin.com.vn\/#\/schema\/person\/image\/\"},\"sameAs\":[\"https:\/\/sipin.com.vn\"]}]}<\/script>\n<!-- \/ Yoast SEO plugin. -->","yoast_head_json":{"title":"FONRAY ASC-63M200 - OMANI VI\u1ec6T NAM","description":"FONRAY ASC-63M200 Cylinder","robots":{"index":"index","follow":"follow","max-snippet":"max-snippet:-1","max-image-preview":"max-image-preview:large","max-video-preview":"max-video-preview:-1"},"canonical":"https:\/\/sipin.com.vn\/index.php\/product\/fonrayasc-63m200\/","og_locale":"vi_VN","og_type":"article","og_title":"FONRAY ASC-63M200 - OMANI VI\u1ec6T NAM","og_description":"FONRAY ASC-63M200 Cylinder","og_url":"https:\/\/sipin.com.vn\/index.php\/product\/fonrayasc-63m200\/","og_site_name":"OMANI VI\u1ec6T NAM","article_modified_time":"2025-04-22T14:28:54+00:00","og_image":[{"width":542,"height":384,"url":"https:\/\/sipin.com.vn\/wp-content\/uploads\/2024\/11\/FONRAY.png","type":"image\/png"}],"twitter_card":"summary_large_image","twitter_misc":{"\u01af\u1edbc t\u00ednh th\u1eddi gian \u0111\u1ecdc":"3 ph\u00fat"},"schema":{"@context":"https:\/\/schema.org","@graph":[{"@type":"WebPage","@id":"https:\/\/sipin.com.vn\/index.php\/product\/fonrayasc-63m200\/","url":"https:\/\/sipin.com.vn\/index.php\/product\/fonrayasc-63m200\/","name":"FONRAY ASC-63M200 - OMANI VI\u1ec6T NAM","isPartOf":{"@id":"https:\/\/sipin.com.vn\/#website"},"primaryImageOfPage":{"@id":"https:\/\/sipin.com.vn\/index.php\/product\/fonrayasc-63m200\/#primaryimage"},"image":{"@id":"https:\/\/sipin.com.vn\/index.php\/product\/fonrayasc-63m200\/#primaryimage"},"thumbnailUrl":"https:\/\/sipin.com.vn\/wp-content\/uploads\/2024\/11\/FONRAY.png","datePublished":"2024-11-29T22:42:41+00:00","dateModified":"2025-04-22T14:28:54+00:00","description":"FONRAY ASC-63M200 Cylinder","breadcrumb":{"@id":"https:\/\/sipin.com.vn\/index.php\/product\/fonrayasc-63m200\/#breadcrumb"},"inLanguage":"vi","potentialAction":[{"@type":"ReadAction","target":["https:\/\/sipin.com.vn\/index.php\/product\/fonrayasc-63m200\/"]}]},{"@type":"ImageObject","inLanguage":"vi","@id":"https:\/\/sipin.com.vn\/index.php\/product\/fonrayasc-63m200\/#primaryimage","url":"https:\/\/sipin.com.vn\/wp-content\/uploads\/2024\/11\/FONRAY.png","contentUrl":"https:\/\/sipin.com.vn\/wp-content\/uploads\/2024\/11\/FONRAY.png","width":542,"height":384},{"@type":"BreadcrumbList","@id":"https:\/\/sipin.com.vn\/index.php\/product\/fonrayasc-63m200\/#breadcrumb","itemListElement":[{"@type":"ListItem","position":1,"name":"Home","item":"https:\/\/sipin.com.vn\/"},{"@type":"ListItem","position":2,"name":"S\u1ea2N PH\u1ea8M","item":"https:\/\/sipin.com.vn\/index.php\/cua-hang\/"},{"@type":"ListItem","position":3,"name":"FONRAY ASC-63M200"}]},{"@type":"WebSite","@id":"https:\/\/sipin.com.vn\/#website","url":"https:\/\/sipin.com.vn\/","name":"OMANI VI\u1ec6T NAM","description":"Nh\u00e0 ph\u00e2n ph\u1ed1i thi\u1ebft b\u1ecb kh\u00ed n\u00e9n v\u00e0 thi\u1ebft b\u1ecb t\u1ef1 \u0111\u1ed9ng h\u00f3a trong c\u00f4ng nghi\u1ec7p","publisher":{"@id":"https:\/\/sipin.com.vn\/#\/schema\/person\/0ad398a980dc3fd696111c2c5c8fa897"},"potentialAction":[{"@type":"SearchAction","target":{"@type":"EntryPoint","urlTemplate":"https:\/\/sipin.com.vn\/?s={search_term_string}"},"query-input":"required name=search_term_string"}],"inLanguage":"vi"},{"@type":["Person","Organization"],"@id":"https:\/\/sipin.com.vn\/#\/schema\/person\/0ad398a980dc3fd696111c2c5c8fa897","name":"Nguy\u1ec5n V\u0103n Kh\u00e1nh","image":{"@type":"ImageObject","inLanguage":"vi","@id":"https:\/\/sipin.com.vn\/#\/schema\/person\/image\/","url":"https:\/\/sipin.com.vn\/wp-content\/uploads\/2024\/06\/logo-1024x1024.png","contentUrl":"https:\/\/sipin.com.vn\/wp-content\/uploads\/2024\/06\/logo-1024x1024.png","width":1024,"height":1024,"caption":"Nguy\u1ec5n V\u0103n Kh\u00e1nh"},"logo":{"@id":"https:\/\/sipin.com.vn\/#\/schema\/person\/image\/"},"sameAs":["https:\/\/sipin.com.vn"]}]}},"_links":{"self":[{"href":"https:\/\/sipin.com.vn\/index.php\/wp-json\/wp\/v2\/product\/2976","targetHints":{"allow":["GET"]}}],"collection":[{"href":"https:\/\/sipin.com.vn\/index.php\/wp-json\/wp\/v2\/product"}],"about":[{"href":"https:\/\/sipin.com.vn\/index.php\/wp-json\/wp\/v2\/types\/product"}],"replies":[{"embeddable":true,"href":"https:\/\/sipin.com.vn\/index.php\/wp-json\/wp\/v2\/comments?post=2976"}],"wp:featuredmedia":[{"embeddable":true,"href":"https:\/\/sipin.com.vn\/index.php\/wp-json\/wp\/v2\/media\/2977"}],"wp:attachment":[{"href":"https:\/\/sipin.com.vn\/index.php\/wp-json\/wp\/v2\/media?parent=2976"}],"wp:term":[{"taxonomy":"product_cat","embeddable":true,"href":"https:\/\/sipin.com.vn\/index.php\/wp-json\/wp\/v2\/product_cat?post=2976"},{"taxonomy":"product_tag","embeddable":true,"href":"https:\/\/sipin.com.vn\/index.php\/wp-json\/wp\/v2\/product_tag?post=2976"}],"curies":[{"name":"wp","href":"https:\/\/api.w.org\/{rel}","templated":true}]}}