{"id":2672,"date":"2024-11-11T05:43:11","date_gmt":"2024-11-10T22:43:11","guid":{"rendered":"https:\/\/omanivietnam.com\/?post_type=product&#038;p=2672"},"modified":"2024-11-11T05:44:36","modified_gmt":"2024-11-10T22:44:36","slug":"smc-zfc75-b","status":"publish","type":"product","link":"https:\/\/sipin.com.vn\/index.php\/product\/smc-zfc75-b\/","title":{"rendered":"SMC ZFC75-B"},"content":{"rendered":"<p>SMC ZFC75-B<\/p>\n<p class=\"m-h1\">Inline Air Filter ZFC Series (ZFC75-B)<\/p>\n<p class=\"m-h2\">Product Description<\/p>\n<p>Inline Air Filter ZFC Series with one-touch fitting.<br \/>\n[Features]<br \/>\n\u00b7 Capable of supporting both positive pressure and vacuum pressures.<br \/>\n\u00b7 Prevents components from being scattered when loosened when used at positive pressures.<br \/>\n[Applications]<br \/>\n\u00b7 Use to protect solenoid valves.<\/p>\n<table class=\"m-listTable\" summary=\"Price, Spec., etc.\">\n<tbody>\n<tr>\n<th>Bowl Material<\/th>\n<td>[Plastic] Nylon Case<\/td>\n<th>Bowl Guard<\/th>\n<td>No<\/td>\n<\/tr>\n<tr>\n<th>Size of Body<\/th>\n<td>7<\/td>\n<th>Accessory<\/th>\n<td>Bracket<\/td>\n<\/tr>\n<tr>\n<th>Custom-made Specifications<\/th>\n<td>None<\/td>\n<th>Connection tube diameter on IN side<\/th>\n<td>\u00f88<\/td>\n<\/tr>\n<tr class=\"VN_table-row\">\n<th>Connection tube diameter on OUT side<\/th>\n<td>\u00f88<\/td>\n<th>Compatible Models<\/th>\n<td>&#8211;<\/td>\n<\/tr>\n<tr class=\"VN_table-row\">\n<th>Element Size<\/th>\n<td>&#8211;<\/td>\n<th>&#8211;<\/th>\n<td>&#8211;<\/td>\n<\/tr>\n<\/tbody>\n<\/table>\n<p>&nbsp;<\/p>\n<p><img decoding=\"async\" src=\"https:\/\/kythuatthuykhi.com\/wp-content\/uploads\/2016\/11\/ZFC5.jpg\" \/><\/p>\n<p>C\u00e1c m\u00e3 h\u00e0ng t\u01b0\u01a1ng t\u1ef1<\/p>\n<p><strong>B\u1ed9 L\u1ecdc Kh\u00ed Ch\u00e2n Kh\u00f4ng ZFC53-B<\/strong><\/p>\n<p><strong>B\u1ed9 L\u1ecdc Kh\u00ed Ch\u00e2n Kh\u00f4ng ZFC54-B<\/strong><\/p>\n<p><strong>B\u1ed9 L\u1ecdc Kh\u00ed Ch\u00e2n Kh\u00f4ng ZFC74-B<\/strong><\/p>\n<p><strong>B\u1ed9 L\u1ecdc Kh\u00ed Ch\u00e2n Kh\u00f4ng ZFC75-B<\/strong><\/p>\n<p><strong>B\u1ed9 L\u1ecdc Kh\u00ed Ch\u00e2n Kh\u00f4ng ZFC76-B<br \/>\n<\/strong><\/p>\n<p><strong>B\u1ed9 L\u1ecdc Kh\u00ed Ch\u00e2n Kh\u00f4ng ZFC77-B<\/strong><\/p>\n<p><strong><br \/>\nB\u1ed9 L\u1ecdc Kh\u00ed Ch\u00e2n Kh\u00f4ng ZFC100-04B<\/strong><\/p>\n<p><strong>B\u1ed9 L\u1ecdc Kh\u00ed Ch\u00e2n Kh\u00f4ng\u00a0ZFC100-06B<\/strong><\/p>\n<p><strong>B\u1ed9 L\u1ecdc Kh\u00ed Ch\u00e2n Kh\u00f4ng ZFC200-06B<\/strong><\/p>\n<p><strong>B\u1ed9 L\u1ecdc Kh\u00ed Ch\u00e2n Kh\u00f4ng ZFC200-08B<\/strong><\/p>\n<p><strong>B\u1ed9 L\u1ecdc Kh\u00ed Ch\u00e2n Kh\u00f4ng ZFC200-10B<\/strong><\/p>\n<p><strong>B\u1ed9 L\u1ecdc Ch\u00e2n Kh\u00f4ng ZFC100-04B<\/strong><\/p>\n<p><strong>B\u1ed9 L\u1ecdc Ch\u00e2n Kh\u00f4ng ZFC100-06B<\/strong><\/p>\n<p><strong>B\u1ed9 L\u1ecdc Ch\u00e2n Kh\u00f4ng ZFC200-06B<\/strong><\/p>\n<p><strong>B\u1ed9 L\u1ecdc Ch\u00e2n Kh\u00f4ng ZFC200-08B<\/strong><\/p>\n<p><strong>B\u1ed9 L\u1ecdc Ch\u00e2n Kh\u00f4ng ZFC200-10B<\/strong><\/p>\n<p><strong>B\u1ed9 L\u1ecdc Ch\u00e2n Kh\u00f4ng ZFC54-B<\/strong><\/p>\n<p><strong>B\u1ed9 L\u1ecdc Ch\u00e2n Kh\u00f4ng ZFC74-B<\/strong><\/p>\n<p><strong>B\u1ed9 L\u1ecdc Ch\u00e2n Kh\u00f4ng ZFC75-B<\/strong><\/p>\n<p><strong>B\u1ed9 L\u1ecdc Ch\u00e2n Kh\u00f4ng ZFC76-B<br \/>\n<\/strong><\/p>\n<p><strong>B\u1ed9 L\u1ecdc Ch\u00e2n Kh\u00f4ng ZFC77-B<\/strong><\/p>\n<p>Xy lanh kh\u00ed SMC model: MGPM25-20Z MGPM25-25Z MGPM25-30Z MGPM25-40Z MGPM25-50Z MGPM25-75Z MGPM25-100Z MGPM25-125Z MGPM25-150Z<\/p>\n<p>Xy lanh MGJ10-10 Xy lanh MGJ10-15 Xy lanh MGJ10-20 Xy lanh MGJ6-10 Xy lanh MGJ6-5 Xy lanh MGPL16-50Z Xy lanh MGPL25-175 Xy lanh MGPL40-45Z Xy lanh MGPL40-50Z Xy lanh MGPM12-100Z Xy lanh MGPM12-10Z Xy lanh MGPM12-125Z Xy lanh MGPM12-150Z Xy lanh MGPM12-20Z Xy lanh MGPM12-25Z Xy lanh MGPM12-30Z Xy lanh MGPM12-40Z Xy lanh MGPM12-50Z Xy lanh MGPM12-75Z Xy lanh MGPM16-100Z Xy lanh MGPM16-10Z Xy lanh MGPM16-125Z Xy lanh MGPM16-150Z Xy lanh MGPM16-15Z Xy lanh MGPM16-20Z Xy lanh MGPM16-25Z Xy lanh MGPM16-30Z Xy lanh MGPM16-40Z Xy lanh MGPM16-50Z Xy lanh MGPM20-100Z Xy lanh MGPM20-125Z Xy lanh MGPM20-20Z Xy lanh MGPM20-25Z Xy lanh MGPM20-30Z Xy lanh MGPM20-40Z Xy lanh MGPM20-50Z Xy lanh MGPM25-100Z Xy lanh MGPM25-125Z Xy lanh MGPM25-20Z Xy lanh MGPM25-25Z Xy lanh MGPM25-30Z Xy lanh MGPM25-40Z Xy lanh MGPM25-50Z Xy lanh MGPM25-75Z Xy lanh MGPM32-50Z Xy lanh MGPM32-75Z Xy lanh MGPM40-50Z Xy Lanh MGPM40-75Z Xy lanh MGPM50-40Z Xy lanh MGPM50-50Z Xy lanh MGPM63-50Z Xy lanh MGJ10-10 Xy lanh MGJ10-15 Xy lanh MGJ10-20 Xy lanh MGJ6-10 Xy lanh MGJ6-5 Xy lanh MGPL16-50Z Xy lanh MGPL25-175 Xy lanh MGPL40-45Z Xy lanh MGPL40-50Z Xy lanh MGPM12-100Z Xy lanh MGPM12-10Z Xy lanh MGPM12-125Z Xy lanh MGPM12-150Z Xy lanh MGPM12-20Z Xy lanh MGPM12-25Z Xy lanh MGPM12-30Z Xy lanh MGPM12-40Z Xy lanh MGPM12-50Z Xy lanh MGPM12-75Z Xy lanh MGPM16-100Z Xy lanh MGPM16-10Z Xy lanh MGPM16-125Z Xy lanh MGPM16-150Z Xy lanh MGPM16-15Z Xy lanh MGPM16-20Z Xy lanh MGPM16-25Z Xy lanh MGPM16-30Z Xy lanh MGPM16-40Z Xy lanh MGPM16-50Z Xy lanh MGPM20-100Z Xy lanh MGPM20-125Z Xy lanh MGPM20-20Z Xy lanh MGPM20-25Z Xy lanh MGPM20-30Z Xy lanh MGPM20-40Z Xy lanh MGPM20-50Z Xy lanh MGPM25-100Z Xy lanh MGPM25-125Z Xy lanh MGPM25-20Z Xy lanh MGPM25-25Z Xy lanh MGPM25-30Z Xy lanh MGPM25-40Z Xy lanh MGPM25-50Z Xy lanh MGPM25-75Z Xy lanh MGPM32-50Z Xy lanh MGPM32-75Z Xy lanh MGPM40-50Z Xy Lanh MGPM40-75Z Xy lanh MGPM50-40Z Xy lanh MGPM50-50Z Xy lanh MGPM63-50Z<\/p>\n<p>\u0110\u1ea1i l\u00fd SMC vietnam, SMC viet nam, SMC vietnam distributor, Ph\u00e2n ph\u1ed1i SMC t\u1ea1i vi\u1ec7t nam<\/p>\n<p>\u0110\u1ea1i l\u00fd SMC vietnam, SMC viet nam, SMC vietnam distributor, Ph\u00e2n ph\u1ed1i SMC t\u1ea1i vi\u1ec7t nam<\/p>\n<p>\u0110\u1ea1i l\u00fd SMC vietnam, SMC viet nam, SMC vietnam distributor, Ph\u00e2n ph\u1ed1i SMC t\u1ea1i vi\u1ec7t nam<\/p>\n<p>\u0110\u1ea1i l\u00fd SMC vietnam, SMC viet nam, SMC vietnam distributor, Ph\u00e2n ph\u1ed1i SMC t\u1ea1i vi\u1ec7t nam<\/p>\n<p>\u0110\u1ea1i l\u00fd SMC vietnam, SMC viet nam, SMC vietnam distributor, Ph\u00e2n ph\u1ed1i SMC t\u1ea1i vi\u1ec7t nam<\/p>\n","protected":false},"excerpt":{"rendered":"<p>SMC ZFC75-B Inline Air Filter ZFC Series (ZFC75-B) Product Description Inline Air Filter ZFC Series with one-touch fitting. [Features] \u00b7 Capable of supporting both positive pressure and vacuum pressures. \u00b7 Prevents components from being scattered when loosened when used at positive pressures. [Applications] \u00b7 Use to protect solenoid valves. Bowl&hellip; <\/p>\n","protected":false},"featured_media":2673,"comment_status":"open","ping_status":"closed","template":"","meta":{"om_disable_all_campaigns":false,"_monsterinsights_skip_tracking":false,"_monsterinsights_sitenote_active":false,"_monsterinsights_sitenote_note":"","_monsterinsights_sitenote_category":0},"product_cat":[15],"product_tag":[93,92,350],"class_list":{"0":"post-2672","1":"product","2":"type-product","3":"status-publish","4":"has-post-thumbnail","6":"product_cat-apex","7":"product_tag-dai-ly-smc-viet-nam","8":"product_tag-smc-viet-nam","9":"product_tag-thiet-bi-loc-khi","11":"first","12":"instock","13":"shipping-taxable","14":"product-type-simple"},"aioseo_notices":[],"yoast_head":"<!-- This site is optimized with the Yoast SEO plugin v22.8 - https:\/\/yoast.com\/wordpress\/plugins\/seo\/ -->\n<title>SMC ZFC75-B - OMANI VI\u1ec6T NAM<\/title>\n<meta name=\"robots\" content=\"index, follow, max-snippet:-1, max-image-preview:large, max-video-preview:-1\" \/>\n<link rel=\"canonical\" href=\"https:\/\/sipin.com.vn\/index.php\/product\/smc-zfc75-b\/\" \/>\n<meta property=\"og:locale\" content=\"vi_VN\" \/>\n<meta property=\"og:type\" content=\"article\" \/>\n<meta property=\"og:title\" content=\"SMC ZFC75-B - OMANI VI\u1ec6T NAM\" \/>\n<meta property=\"og:description\" content=\"SMC ZFC75-B Inline Air Filter ZFC Series (ZFC75-B) Product Description Inline Air Filter ZFC Series with one-touch fitting. [Features] \u00b7 Capable of supporting both positive pressure and vacuum pressures. \u00b7 Prevents components from being scattered when loosened when used at positive pressures. [Applications] \u00b7 Use to protect solenoid valves. Bowl&hellip;\" \/>\n<meta property=\"og:url\" content=\"https:\/\/sipin.com.vn\/index.php\/product\/smc-zfc75-b\/\" \/>\n<meta property=\"og:site_name\" content=\"OMANI VI\u1ec6T NAM\" \/>\n<meta property=\"article:modified_time\" content=\"2024-11-10T22:44:36+00:00\" \/>\n<meta property=\"og:image\" content=\"https:\/\/sipin.com.vn\/wp-content\/uploads\/2024\/11\/ZFC75-B.png\" \/>\n\t<meta property=\"og:image:width\" content=\"616\" \/>\n\t<meta property=\"og:image:height\" content=\"395\" \/>\n\t<meta property=\"og:image:type\" content=\"image\/png\" \/>\n<meta name=\"twitter:card\" content=\"summary_large_image\" \/>\n<meta name=\"twitter:label1\" content=\"\u01af\u1edbc t\u00ednh th\u1eddi gian \u0111\u1ecdc\" \/>\n\t<meta name=\"twitter:data1\" content=\"4 ph\u00fat\" \/>\n<script type=\"application\/ld+json\" class=\"yoast-schema-graph\">{\"@context\":\"https:\/\/schema.org\",\"@graph\":[{\"@type\":\"WebPage\",\"@id\":\"https:\/\/sipin.com.vn\/index.php\/product\/smc-zfc75-b\/\",\"url\":\"https:\/\/sipin.com.vn\/index.php\/product\/smc-zfc75-b\/\",\"name\":\"SMC ZFC75-B - OMANI VI\u1ec6T NAM\",\"isPartOf\":{\"@id\":\"https:\/\/sipin.com.vn\/#website\"},\"primaryImageOfPage\":{\"@id\":\"https:\/\/sipin.com.vn\/index.php\/product\/smc-zfc75-b\/#primaryimage\"},\"image\":{\"@id\":\"https:\/\/sipin.com.vn\/index.php\/product\/smc-zfc75-b\/#primaryimage\"},\"thumbnailUrl\":\"https:\/\/sipin.com.vn\/wp-content\/uploads\/2024\/11\/ZFC75-B.png\",\"datePublished\":\"2024-11-10T22:43:11+00:00\",\"dateModified\":\"2024-11-10T22:44:36+00:00\",\"breadcrumb\":{\"@id\":\"https:\/\/sipin.com.vn\/index.php\/product\/smc-zfc75-b\/#breadcrumb\"},\"inLanguage\":\"vi\",\"potentialAction\":[{\"@type\":\"ReadAction\",\"target\":[\"https:\/\/sipin.com.vn\/index.php\/product\/smc-zfc75-b\/\"]}]},{\"@type\":\"ImageObject\",\"inLanguage\":\"vi\",\"@id\":\"https:\/\/sipin.com.vn\/index.php\/product\/smc-zfc75-b\/#primaryimage\",\"url\":\"https:\/\/sipin.com.vn\/wp-content\/uploads\/2024\/11\/ZFC75-B.png\",\"contentUrl\":\"https:\/\/sipin.com.vn\/wp-content\/uploads\/2024\/11\/ZFC75-B.png\",\"width\":616,\"height\":395},{\"@type\":\"BreadcrumbList\",\"@id\":\"https:\/\/sipin.com.vn\/index.php\/product\/smc-zfc75-b\/#breadcrumb\",\"itemListElement\":[{\"@type\":\"ListItem\",\"position\":1,\"name\":\"Home\",\"item\":\"https:\/\/sipin.com.vn\/\"},{\"@type\":\"ListItem\",\"position\":2,\"name\":\"S\u1ea2N PH\u1ea8M\",\"item\":\"https:\/\/sipin.com.vn\/index.php\/cua-hang\/\"},{\"@type\":\"ListItem\",\"position\":3,\"name\":\"SMC ZFC75-B\"}]},{\"@type\":\"WebSite\",\"@id\":\"https:\/\/sipin.com.vn\/#website\",\"url\":\"https:\/\/sipin.com.vn\/\",\"name\":\"OMANI VI\u1ec6T NAM\",\"description\":\"Nh\u00e0 ph\u00e2n ph\u1ed1i thi\u1ebft b\u1ecb kh\u00ed n\u00e9n v\u00e0 thi\u1ebft b\u1ecb t\u1ef1 \u0111\u1ed9ng h\u00f3a trong c\u00f4ng nghi\u1ec7p\",\"publisher\":{\"@id\":\"https:\/\/sipin.com.vn\/#\/schema\/person\/0ad398a980dc3fd696111c2c5c8fa897\"},\"potentialAction\":[{\"@type\":\"SearchAction\",\"target\":{\"@type\":\"EntryPoint\",\"urlTemplate\":\"https:\/\/sipin.com.vn\/?s={search_term_string}\"},\"query-input\":\"required name=search_term_string\"}],\"inLanguage\":\"vi\"},{\"@type\":[\"Person\",\"Organization\"],\"@id\":\"https:\/\/sipin.com.vn\/#\/schema\/person\/0ad398a980dc3fd696111c2c5c8fa897\",\"name\":\"Nguy\u1ec5n V\u0103n Kh\u00e1nh\",\"image\":{\"@type\":\"ImageObject\",\"inLanguage\":\"vi\",\"@id\":\"https:\/\/sipin.com.vn\/#\/schema\/person\/image\/\",\"url\":\"https:\/\/sipin.com.vn\/wp-content\/uploads\/2024\/06\/logo-1024x1024.png\",\"contentUrl\":\"https:\/\/sipin.com.vn\/wp-content\/uploads\/2024\/06\/logo-1024x1024.png\",\"width\":1024,\"height\":1024,\"caption\":\"Nguy\u1ec5n V\u0103n Kh\u00e1nh\"},\"logo\":{\"@id\":\"https:\/\/sipin.com.vn\/#\/schema\/person\/image\/\"},\"sameAs\":[\"https:\/\/sipin.com.vn\"]}]}<\/script>\n<!-- \/ Yoast SEO plugin. -->","yoast_head_json":{"title":"SMC ZFC75-B - OMANI VI\u1ec6T NAM","robots":{"index":"index","follow":"follow","max-snippet":"max-snippet:-1","max-image-preview":"max-image-preview:large","max-video-preview":"max-video-preview:-1"},"canonical":"https:\/\/sipin.com.vn\/index.php\/product\/smc-zfc75-b\/","og_locale":"vi_VN","og_type":"article","og_title":"SMC ZFC75-B - OMANI VI\u1ec6T NAM","og_description":"SMC ZFC75-B Inline Air Filter ZFC Series (ZFC75-B) Product Description Inline Air Filter ZFC Series with one-touch fitting. [Features] \u00b7 Capable of supporting both positive pressure and vacuum pressures. \u00b7 Prevents components from being scattered when loosened when used at positive pressures. [Applications] \u00b7 Use to protect solenoid valves. Bowl&hellip;","og_url":"https:\/\/sipin.com.vn\/index.php\/product\/smc-zfc75-b\/","og_site_name":"OMANI VI\u1ec6T NAM","article_modified_time":"2024-11-10T22:44:36+00:00","og_image":[{"width":616,"height":395,"url":"https:\/\/sipin.com.vn\/wp-content\/uploads\/2024\/11\/ZFC75-B.png","type":"image\/png"}],"twitter_card":"summary_large_image","twitter_misc":{"\u01af\u1edbc t\u00ednh th\u1eddi gian \u0111\u1ecdc":"4 ph\u00fat"},"schema":{"@context":"https:\/\/schema.org","@graph":[{"@type":"WebPage","@id":"https:\/\/sipin.com.vn\/index.php\/product\/smc-zfc75-b\/","url":"https:\/\/sipin.com.vn\/index.php\/product\/smc-zfc75-b\/","name":"SMC ZFC75-B - OMANI VI\u1ec6T NAM","isPartOf":{"@id":"https:\/\/sipin.com.vn\/#website"},"primaryImageOfPage":{"@id":"https:\/\/sipin.com.vn\/index.php\/product\/smc-zfc75-b\/#primaryimage"},"image":{"@id":"https:\/\/sipin.com.vn\/index.php\/product\/smc-zfc75-b\/#primaryimage"},"thumbnailUrl":"https:\/\/sipin.com.vn\/wp-content\/uploads\/2024\/11\/ZFC75-B.png","datePublished":"2024-11-10T22:43:11+00:00","dateModified":"2024-11-10T22:44:36+00:00","breadcrumb":{"@id":"https:\/\/sipin.com.vn\/index.php\/product\/smc-zfc75-b\/#breadcrumb"},"inLanguage":"vi","potentialAction":[{"@type":"ReadAction","target":["https:\/\/sipin.com.vn\/index.php\/product\/smc-zfc75-b\/"]}]},{"@type":"ImageObject","inLanguage":"vi","@id":"https:\/\/sipin.com.vn\/index.php\/product\/smc-zfc75-b\/#primaryimage","url":"https:\/\/sipin.com.vn\/wp-content\/uploads\/2024\/11\/ZFC75-B.png","contentUrl":"https:\/\/sipin.com.vn\/wp-content\/uploads\/2024\/11\/ZFC75-B.png","width":616,"height":395},{"@type":"BreadcrumbList","@id":"https:\/\/sipin.com.vn\/index.php\/product\/smc-zfc75-b\/#breadcrumb","itemListElement":[{"@type":"ListItem","position":1,"name":"Home","item":"https:\/\/sipin.com.vn\/"},{"@type":"ListItem","position":2,"name":"S\u1ea2N PH\u1ea8M","item":"https:\/\/sipin.com.vn\/index.php\/cua-hang\/"},{"@type":"ListItem","position":3,"name":"SMC ZFC75-B"}]},{"@type":"WebSite","@id":"https:\/\/sipin.com.vn\/#website","url":"https:\/\/sipin.com.vn\/","name":"OMANI VI\u1ec6T NAM","description":"Nh\u00e0 ph\u00e2n ph\u1ed1i thi\u1ebft b\u1ecb kh\u00ed n\u00e9n v\u00e0 thi\u1ebft b\u1ecb t\u1ef1 \u0111\u1ed9ng h\u00f3a trong c\u00f4ng nghi\u1ec7p","publisher":{"@id":"https:\/\/sipin.com.vn\/#\/schema\/person\/0ad398a980dc3fd696111c2c5c8fa897"},"potentialAction":[{"@type":"SearchAction","target":{"@type":"EntryPoint","urlTemplate":"https:\/\/sipin.com.vn\/?s={search_term_string}"},"query-input":"required name=search_term_string"}],"inLanguage":"vi"},{"@type":["Person","Organization"],"@id":"https:\/\/sipin.com.vn\/#\/schema\/person\/0ad398a980dc3fd696111c2c5c8fa897","name":"Nguy\u1ec5n V\u0103n Kh\u00e1nh","image":{"@type":"ImageObject","inLanguage":"vi","@id":"https:\/\/sipin.com.vn\/#\/schema\/person\/image\/","url":"https:\/\/sipin.com.vn\/wp-content\/uploads\/2024\/06\/logo-1024x1024.png","contentUrl":"https:\/\/sipin.com.vn\/wp-content\/uploads\/2024\/06\/logo-1024x1024.png","width":1024,"height":1024,"caption":"Nguy\u1ec5n V\u0103n Kh\u00e1nh"},"logo":{"@id":"https:\/\/sipin.com.vn\/#\/schema\/person\/image\/"},"sameAs":["https:\/\/sipin.com.vn"]}]}},"_links":{"self":[{"href":"https:\/\/sipin.com.vn\/index.php\/wp-json\/wp\/v2\/product\/2672","targetHints":{"allow":["GET"]}}],"collection":[{"href":"https:\/\/sipin.com.vn\/index.php\/wp-json\/wp\/v2\/product"}],"about":[{"href":"https:\/\/sipin.com.vn\/index.php\/wp-json\/wp\/v2\/types\/product"}],"replies":[{"embeddable":true,"href":"https:\/\/sipin.com.vn\/index.php\/wp-json\/wp\/v2\/comments?post=2672"}],"wp:featuredmedia":[{"embeddable":true,"href":"https:\/\/sipin.com.vn\/index.php\/wp-json\/wp\/v2\/media\/2673"}],"wp:attachment":[{"href":"https:\/\/sipin.com.vn\/index.php\/wp-json\/wp\/v2\/media?parent=2672"}],"wp:term":[{"taxonomy":"product_cat","embeddable":true,"href":"https:\/\/sipin.com.vn\/index.php\/wp-json\/wp\/v2\/product_cat?post=2672"},{"taxonomy":"product_tag","embeddable":true,"href":"https:\/\/sipin.com.vn\/index.php\/wp-json\/wp\/v2\/product_tag?post=2672"}],"curies":[{"name":"wp","href":"https:\/\/api.w.org\/{rel}","templated":true}]}}