{"id":2457,"date":"2024-10-28T17:57:14","date_gmt":"2024-10-28T10:57:14","guid":{"rendered":"https:\/\/omanivietnam.com\/?post_type=product&#038;p=2457"},"modified":"2024-10-28T17:59:02","modified_gmt":"2024-10-28T10:59:02","slug":"smc-amd450c-06bd-r","status":"publish","type":"product","link":"https:\/\/sipin.com.vn\/index.php\/product\/smc-amd450c-06bd-r\/","title":{"rendered":"SMC AMD450C-06BD-R"},"content":{"rendered":"<p>SMC AMD450C-06BD-R<\/p>\n<p>SMC AMD450C-06BD-R<br \/>\nSMC AMD-EL450<br \/>\nSMC AMD550C-06D-R<br \/>\nSMC AMD-EL550<\/p>\n<p>Part Number : AMD450C-06BD-R Micro Mist Separator AMD Series<\/p>\n<p class=\"m-h3--wysiwyg\">Micro Mist Separator, AMD Series Specifications<\/p>\n<table class=\"m-table\">\n<colgroup>\n<col \/>\n<col \/><\/colgroup>\n<tbody>\n<tr>\n<th>Applicable Fluid<\/th>\n<td>Compressed air<\/td>\n<\/tr>\n<tr>\n<th>Maximum Operating Pressure<\/th>\n<td>1.0\u00a0MPa<sup>*3<\/sup><\/td>\n<\/tr>\n<tr>\n<th>Minimum Operating Pressure<sup>*1<\/sup><\/th>\n<td>0.05\u00a0MPa<\/td>\n<\/tr>\n<tr>\n<th>Proof Pressure<\/th>\n<td>1.5\u00a0MPa<\/td>\n<\/tr>\n<tr>\n<th>Ambient and Fluid Temperature<\/th>\n<td>5 to 60\u00b0C<\/td>\n<\/tr>\n<tr>\n<th>Filtration Rating<\/th>\n<td>0.01\u00a0\u03bcm (filtration efficiency 99.9%)<\/td>\n<\/tr>\n<tr>\n<th>Oil Mist Density At Outlet Side<\/th>\n<td>Max. 0.1\u00a0mg\/m<sup>3<\/sup>\u00a0(ANR)<sup>*2<\/sup><br \/>\n(Before saturated with oil, 0.1\u00a0mg\/m<sup>3<\/sup>\u00a0[ANR] or less \u22520.008\u00a0ppm)<\/td>\n<\/tr>\n<tr>\n<th>Element Replacement Period<\/th>\n<td>2 years (1 year for stand-alone type)<br \/>\nor when pressure drop reaches 0.1\u00a0MPa<\/td>\n<\/tr>\n<\/tbody>\n<\/table>\n<h4 class=\"m-h4--wysiwyg\">Model<\/h4>\n<table class=\"m-table\">\n<colgroup>\n<col \/>\n<col \/>\n<col \/>\n<col \/>\n<col \/>\n<col \/>\n<col \/>\n<col \/><\/colgroup>\n<thead>\n<tr>\n<th>Model<\/th>\n<th>AMD150C<\/th>\n<th>AMD250C<\/th>\n<th>AMD350C<\/th>\n<th>AMD450C<\/th>\n<th>AMD550C<\/th>\n<th>AMD650<\/th>\n<th>AMD850<\/th>\n<\/tr>\n<\/thead>\n<tbody>\n<tr>\n<th>Rated Flow (L\/min[ANR])<sup>*<\/sup><\/th>\n<td>200<\/td>\n<td>500<\/td>\n<td>1,000<\/td>\n<td>2,000<\/td>\n<td>3,700<\/td>\n<td>6,000<\/td>\n<td>12,000<\/td>\n<\/tr>\n<tr>\n<th>Piping Connection Port Diameter<\/th>\n<td>1\/8, 1\/4<\/td>\n<td>1\/4, 3\/8<\/td>\n<td>3\/8, 1\/2<\/td>\n<td>1\/2, 3\/4<\/td>\n<td>3\/4, 1<\/td>\n<td>1, 1 1\/2<\/td>\n<td>1 1\/2, 2<\/td>\n<\/tr>\n<tr>\n<th>Weight (kg)<\/th>\n<td>0.38<\/td>\n<td>0.55<\/td>\n<td>0.9<\/td>\n<td>1.4<\/td>\n<td>2.1<\/td>\n<td>4.2<\/td>\n<td>10.5<\/td>\n<\/tr>\n<\/tbody>\n<\/table>\n<p class=\"u-fs-M\">*Maximum flow capacity at pressure of 0.7\u00a0MPa. Maximum flow capacity varies depending on the working pressure.<\/p>\n<h4 class=\"m-h4--wysiwyg\">Accessories Part Nos.<\/h4>\n<table class=\"m-table\">\n<colgroup>\n<col \/>\n<col \/>\n<col \/>\n<col \/>\n<col \/>\n<col \/>\n<col \/>\n<col \/><\/colgroup>\n<thead>\n<tr>\n<th>Compatible Models<\/th>\n<th>AMD150C<\/th>\n<th>AMD250C<\/th>\n<th>AMD350C<\/th>\n<th>AMD450C<\/th>\n<th>AMD550C<\/th>\n<th>AMD650<\/th>\n<th>AMD850<\/th>\n<\/tr>\n<\/thead>\n<tbody>\n<tr>\n<td>Bracket assembly<br \/>\n(With mounting screws (2 pcs.))<\/td>\n<td>AM-BM101<\/td>\n<td>AM-BM102<\/td>\n<td>AM-BM103<\/td>\n<td>AM-BM104<\/td>\n<td>AM-BM105<\/td>\n<td>BM56<\/td>\n<td>BM57<\/td>\n<\/tr>\n<\/tbody>\n<\/table>\n<p class=\"PartNumberSpecList_title__mOjmd\">Configured Specifications<\/p>\n<div class=\"PartNumberSpecList_table__2WUGL\">\n<div class=\"PartNumberSpecList_row__ayJSj\">\n<div class=\"PartNumberSpecList_cell__zIZJ3 PartNumberSpecList_headingCell__qeT5_\">Filtration Level<\/div>\n<div class=\"PartNumberSpecList_cell__zIZJ3 PartNumberSpecList_valueCell___4RGI\">0.01\u03bcm<\/div>\n<div class=\"PartNumberSpecList_cell__zIZJ3 PartNumberSpecList_headingCell__qeT5_\">Plumbing Thread Nominal<\/div>\n<div class=\"PartNumberSpecList_cell__zIZJ3 PartNumberSpecList_valueCell___4RGI\">3\/4<\/div>\n<\/div>\n<div class=\"PartNumberSpecList_row__ayJSj\">\n<div class=\"PartNumberSpecList_cell__zIZJ3 PartNumberSpecList_headingCell__qeT5_\">Compressed Air Quality<\/div>\n<div class=\"PartNumberSpecList_cell__zIZJ3 PartNumberSpecList_valueCell___4RGI\">General Dry Air<\/div>\n<div class=\"PartNumberSpecList_cell__zIZJ3 PartNumberSpecList_headingCell__qeT5_\">Type<\/div>\n<div class=\"PartNumberSpecList_cell__zIZJ3 PartNumberSpecList_valueCell___4RGI\">Standard<\/div>\n<\/div>\n<div class=\"PartNumberSpecList_row__ayJSj\">\n<div class=\"PartNumberSpecList_cell__zIZJ3 PartNumberSpecList_headingCell__qeT5_\">Connection Type<\/div>\n<div class=\"PartNumberSpecList_cell__zIZJ3 PartNumberSpecList_valueCell___4RGI\">[Rc (R)] Rc<\/div>\n<div class=\"PartNumberSpecList_cell__zIZJ3 PartNumberSpecList_headingCell__qeT5_\">Treatment Air Flow Rate(l\/min)<\/div>\n<div class=\"PartNumberSpecList_cell__zIZJ3 PartNumberSpecList_valueCell___4RGI\">&#8211;<\/div>\n<\/div>\n<div class=\"PartNumberSpecList_row__ayJSj\">\n<div class=\"PartNumberSpecList_cell__zIZJ3 PartNumberSpecList_headingCell__qeT5_\">Operating Environment<\/div>\n<div class=\"PartNumberSpecList_cell__zIZJ3 PartNumberSpecList_valueCell___4RGI\">Standard<\/div>\n<div class=\"PartNumberSpecList_cell__zIZJ3 PartNumberSpecList_headingCell__qeT5_\">Tube Flange Nominal<\/div>\n<div class=\"PartNumberSpecList_cell__zIZJ3 PartNumberSpecList_valueCell___4RGI\">&#8211;<\/div>\n<\/div>\n<div class=\"PartNumberSpecList_row__ayJSj\">\n<div class=\"PartNumberSpecList_cell__zIZJ3 PartNumberSpecList_headingCell__qeT5_\">Drain Cock<\/div>\n<div class=\"PartNumberSpecList_cell__zIZJ3 PartNumberSpecList_valueCell___4RGI\">[Auto Float Type] N.O. Automatic Drain<\/div>\n<div class=\"PartNumberSpecList_cell__zIZJ3 PartNumberSpecList_headingCell__qeT5_\">Bowl Material<\/div>\n<div class=\"PartNumberSpecList_cell__zIZJ3 PartNumberSpecList_valueCell___4RGI\">[Metal] Aluminum Alloy<\/div>\n<\/div>\n<div class=\"PartNumberSpecList_row__ayJSj\">\n<div class=\"PartNumberSpecList_cell__zIZJ3 PartNumberSpecList_headingCell__qeT5_\">Bowl Guard<\/div>\n<div class=\"PartNumberSpecList_cell__zIZJ3 PartNumberSpecList_valueCell___4RGI\">No<\/div>\n<div class=\"PartNumberSpecList_cell__zIZJ3 PartNumberSpecList_headingCell__qeT5_\">Flow Direction<\/div>\n<div class=\"PartNumberSpecList_cell__zIZJ3 PartNumberSpecList_valueCell___4RGI\">[(Left)] Right\u2192Left<\/div>\n<\/div>\n<div class=\"PartNumberSpecList_row__ayJSj\">\n<div class=\"PartNumberSpecList_cell__zIZJ3 PartNumberSpecList_headingCell__qeT5_\">Specifications<\/div>\n<div class=\"PartNumberSpecList_cell__zIZJ3 PartNumberSpecList_valueCell___4RGI\">&#8211;<\/div>\n<div class=\"PartNumberSpecList_cell__zIZJ3 PartNumberSpecList_headingCell__qeT5_\">Size of Body<\/div>\n<div class=\"PartNumberSpecList_cell__zIZJ3 PartNumberSpecList_valueCell___4RGI\">450<\/div>\n<\/div>\n<div class=\"PartNumberSpecList_row__ayJSj\">\n<div class=\"PartNumberSpecList_cell__zIZJ3 PartNumberSpecList_headingCell__qeT5_\">Accessory<\/div>\n<div class=\"PartNumberSpecList_cell__zIZJ3 PartNumberSpecList_valueCell___4RGI\">Bracket<\/div>\n<div class=\"PartNumberSpecList_cell__zIZJ3 PartNumberSpecList_headingCell__qeT5_\">O-Ring, Gasket Material<\/div>\n<div class=\"PartNumberSpecList_cell__zIZJ3 PartNumberSpecList_valueCell___4RGI\">NBR<\/div>\n<\/div>\n<div class=\"PartNumberSpecList_row__ayJSj\">\n<div class=\"PartNumberSpecList_cell__zIZJ3 PartNumberSpecList_headingCell__qeT5_\">Max. Operating Pressure(MPa)<\/div>\n<div class=\"PartNumberSpecList_cell__zIZJ3 PartNumberSpecList_valueCell___4RGI\">1<\/div>\n<div class=\"PartNumberSpecList_cell__zIZJ3 PartNumberSpecList_headingCell__qeT5_\">Drain Outlet<\/div>\n<div class=\"PartNumberSpecList_cell__zIZJ3 PartNumberSpecList_valueCell___4RGI\">With drain cock<\/div>\n<\/div>\n<div class=\"PartNumberSpecList_row__ayJSj\">\n<div class=\"PartNumberSpecList_cell__zIZJ3 PartNumberSpecList_headingCell__qeT5_\">Differential Pressure Switch<\/div>\n<div class=\"PartNumberSpecList_cell__zIZJ3 PartNumberSpecList_valueCell___4RGI\">None<\/div>\n<div class=\"PartNumberSpecList_cell__zIZJ3 PartNumberSpecList_headingCell__qeT5_\">Clogging Checker<\/div>\n<div class=\"PartNumberSpecList_cell__zIZJ3 PartNumberSpecList_valueCell___4RGI\">None<\/div>\n<\/div>\n<div class=\"PartNumberSpecList_row__ayJSj\">\n<div class=\"PartNumberSpecList_cell__zIZJ3 PartNumberSpecList_headingCell__qeT5_\">Degreasing Cleaning, White Vaseline Specifications<\/div>\n<div class=\"PartNumberSpecList_cell__zIZJ3 PartNumberSpecList_valueCell___4RGI\">Non-compatible<\/div>\n<div class=\"PartNumberSpecList_cell__zIZJ3 PartNumberSpecList_headingCell__qeT5_\">Custom-made Specifications<\/div>\n<div class=\"PartNumberSpecList_cell__zIZJ3 PartNumberSpecList_valueCell___4RGI\">With differential pressure gauge<\/div>\n<\/div>\n<div class=\"PartNumberSpecList_row__ayJSj\">\n<div class=\"PartNumberSpecList_cell__zIZJ3 PartNumberSpecList_headingCell__qeT5_\">Nominal of pipe flange<\/div>\n<div class=\"PartNumberSpecList_cell__zIZJ3 PartNumberSpecList_valueCell___4RGI\">&#8211;<\/div>\n<div class=\"PartNumberSpecList_cell__zIZJ3 PartNumberSpecList_headingCell__qeT5_\">Compatible Models<\/div>\n<div class=\"PartNumberSpecList_cell__zIZJ3 PartNumberSpecList_valueCell___4RGI\">&#8211;<\/div>\n<\/div>\n<\/div>\n<div><\/div>\n<div>\n<p>\u0110\u1ea1i l\u00fd SMC vietnam, SMC viet nam, SMC vietnam distributor, Ph\u00e2n ph\u1ed1i SMC t\u1ea1i vi\u1ec7t nam<\/p>\n<p>\u0110\u1ea1i l\u00fd SMC vietnam, SMC viet nam, SMC vietnam distributor, Ph\u00e2n ph\u1ed1i SMC t\u1ea1i vi\u1ec7t nam<\/p>\n<p>\u0110\u1ea1i l\u00fd SMC vietnam, SMC viet nam, SMC vietnam distributor, Ph\u00e2n ph\u1ed1i SMC t\u1ea1i vi\u1ec7t nam<\/p>\n<p>\u0110\u1ea1i l\u00fd SMC vietnam, SMC viet nam, SMC vietnam distributor, Ph\u00e2n ph\u1ed1i SMC t\u1ea1i vi\u1ec7t nam<\/p>\n<p>\u0110\u1ea1i l\u00fd SMC vietnam, SMC viet nam, SMC vietnam distributor, Ph\u00e2n ph\u1ed1i SMC t\u1ea1i vi\u1ec7t nam<\/p>\n<\/div>\n","protected":false},"excerpt":{"rendered":"<p>SMC AMD450C-06BD-R SMC AMD450C-06BD-R SMC AMD-EL450 SMC AMD550C-06D-R SMC AMD-EL550 Part Number : AMD450C-06BD-R Micro Mist Separator AMD Series Micro Mist Separator, AMD Series Specifications Applicable Fluid Compressed air Maximum Operating Pressure 1.0\u00a0MPa*3 Minimum Operating Pressure*1 0.05\u00a0MPa Proof Pressure 1.5\u00a0MPa Ambient and Fluid Temperature 5 to 60\u00b0C Filtration Rating 0.01\u00a0\u03bcm&hellip; <\/p>\n","protected":false},"featured_media":2458,"comment_status":"open","ping_status":"closed","template":"","meta":{"om_disable_all_campaigns":false,"_monsterinsights_skip_tracking":false,"_monsterinsights_sitenote_active":false,"_monsterinsights_sitenote_note":"","_monsterinsights_sitenote_category":0},"product_cat":[15],"product_tag":[93,92,350],"class_list":{"0":"post-2457","1":"product","2":"type-product","3":"status-publish","4":"has-post-thumbnail","6":"product_cat-apex","7":"product_tag-dai-ly-smc-viet-nam","8":"product_tag-smc-viet-nam","9":"product_tag-thiet-bi-loc-khi","11":"first","12":"instock","13":"shipping-taxable","14":"product-type-simple"},"aioseo_notices":[],"yoast_head":"<!-- This site is optimized with the Yoast SEO plugin v22.8 - https:\/\/yoast.com\/wordpress\/plugins\/seo\/ -->\n<title>SMC AMD450C-06BD-R - OMANI VI\u1ec6T NAM<\/title>\n<meta name=\"robots\" content=\"index, follow, max-snippet:-1, max-image-preview:large, max-video-preview:-1\" \/>\n<link rel=\"canonical\" href=\"https:\/\/sipin.com.vn\/index.php\/product\/smc-amd450c-06bd-r\/\" \/>\n<meta property=\"og:locale\" content=\"vi_VN\" \/>\n<meta property=\"og:type\" content=\"article\" \/>\n<meta property=\"og:title\" content=\"SMC AMD450C-06BD-R - OMANI VI\u1ec6T NAM\" \/>\n<meta property=\"og:description\" content=\"SMC AMD450C-06BD-R SMC AMD450C-06BD-R SMC AMD-EL450 SMC AMD550C-06D-R SMC AMD-EL550 Part Number : AMD450C-06BD-R Micro Mist Separator AMD Series Micro Mist Separator, AMD Series Specifications Applicable Fluid Compressed air Maximum Operating Pressure 1.0\u00a0MPa*3 Minimum Operating Pressure*1 0.05\u00a0MPa Proof Pressure 1.5\u00a0MPa Ambient and Fluid Temperature 5 to 60\u00b0C Filtration Rating 0.01\u00a0\u03bcm&hellip;\" \/>\n<meta property=\"og:url\" content=\"https:\/\/sipin.com.vn\/index.php\/product\/smc-amd450c-06bd-r\/\" \/>\n<meta property=\"og:site_name\" content=\"OMANI VI\u1ec6T NAM\" \/>\n<meta property=\"article:modified_time\" content=\"2024-10-28T10:59:02+00:00\" \/>\n<meta property=\"og:image\" content=\"https:\/\/sipin.com.vn\/wp-content\/uploads\/2024\/10\/AMD450C-06BD-R.png\" \/>\n\t<meta property=\"og:image:width\" content=\"438\" \/>\n\t<meta property=\"og:image:height\" content=\"451\" \/>\n\t<meta property=\"og:image:type\" content=\"image\/png\" \/>\n<meta name=\"twitter:card\" content=\"summary_large_image\" \/>\n<meta name=\"twitter:label1\" content=\"\u01af\u1edbc t\u00ednh th\u1eddi gian \u0111\u1ecdc\" \/>\n\t<meta name=\"twitter:data1\" content=\"3 ph\u00fat\" \/>\n<script type=\"application\/ld+json\" class=\"yoast-schema-graph\">{\"@context\":\"https:\/\/schema.org\",\"@graph\":[{\"@type\":\"WebPage\",\"@id\":\"https:\/\/sipin.com.vn\/index.php\/product\/smc-amd450c-06bd-r\/\",\"url\":\"https:\/\/sipin.com.vn\/index.php\/product\/smc-amd450c-06bd-r\/\",\"name\":\"SMC AMD450C-06BD-R - OMANI VI\u1ec6T NAM\",\"isPartOf\":{\"@id\":\"https:\/\/sipin.com.vn\/#website\"},\"primaryImageOfPage\":{\"@id\":\"https:\/\/sipin.com.vn\/index.php\/product\/smc-amd450c-06bd-r\/#primaryimage\"},\"image\":{\"@id\":\"https:\/\/sipin.com.vn\/index.php\/product\/smc-amd450c-06bd-r\/#primaryimage\"},\"thumbnailUrl\":\"https:\/\/sipin.com.vn\/wp-content\/uploads\/2024\/10\/AMD450C-06BD-R.png\",\"datePublished\":\"2024-10-28T10:57:14+00:00\",\"dateModified\":\"2024-10-28T10:59:02+00:00\",\"breadcrumb\":{\"@id\":\"https:\/\/sipin.com.vn\/index.php\/product\/smc-amd450c-06bd-r\/#breadcrumb\"},\"inLanguage\":\"vi\",\"potentialAction\":[{\"@type\":\"ReadAction\",\"target\":[\"https:\/\/sipin.com.vn\/index.php\/product\/smc-amd450c-06bd-r\/\"]}]},{\"@type\":\"ImageObject\",\"inLanguage\":\"vi\",\"@id\":\"https:\/\/sipin.com.vn\/index.php\/product\/smc-amd450c-06bd-r\/#primaryimage\",\"url\":\"https:\/\/sipin.com.vn\/wp-content\/uploads\/2024\/10\/AMD450C-06BD-R.png\",\"contentUrl\":\"https:\/\/sipin.com.vn\/wp-content\/uploads\/2024\/10\/AMD450C-06BD-R.png\",\"width\":438,\"height\":451},{\"@type\":\"BreadcrumbList\",\"@id\":\"https:\/\/sipin.com.vn\/index.php\/product\/smc-amd450c-06bd-r\/#breadcrumb\",\"itemListElement\":[{\"@type\":\"ListItem\",\"position\":1,\"name\":\"Home\",\"item\":\"https:\/\/sipin.com.vn\/\"},{\"@type\":\"ListItem\",\"position\":2,\"name\":\"S\u1ea2N PH\u1ea8M\",\"item\":\"https:\/\/sipin.com.vn\/index.php\/cua-hang\/\"},{\"@type\":\"ListItem\",\"position\":3,\"name\":\"SMC AMD450C-06BD-R\"}]},{\"@type\":\"WebSite\",\"@id\":\"https:\/\/sipin.com.vn\/#website\",\"url\":\"https:\/\/sipin.com.vn\/\",\"name\":\"OMANI VI\u1ec6T NAM\",\"description\":\"Nh\u00e0 ph\u00e2n ph\u1ed1i thi\u1ebft b\u1ecb kh\u00ed n\u00e9n v\u00e0 thi\u1ebft b\u1ecb t\u1ef1 \u0111\u1ed9ng h\u00f3a trong c\u00f4ng nghi\u1ec7p\",\"publisher\":{\"@id\":\"https:\/\/sipin.com.vn\/#\/schema\/person\/0ad398a980dc3fd696111c2c5c8fa897\"},\"potentialAction\":[{\"@type\":\"SearchAction\",\"target\":{\"@type\":\"EntryPoint\",\"urlTemplate\":\"https:\/\/sipin.com.vn\/?s={search_term_string}\"},\"query-input\":\"required name=search_term_string\"}],\"inLanguage\":\"vi\"},{\"@type\":[\"Person\",\"Organization\"],\"@id\":\"https:\/\/sipin.com.vn\/#\/schema\/person\/0ad398a980dc3fd696111c2c5c8fa897\",\"name\":\"Nguy\u1ec5n V\u0103n Kh\u00e1nh\",\"image\":{\"@type\":\"ImageObject\",\"inLanguage\":\"vi\",\"@id\":\"https:\/\/sipin.com.vn\/#\/schema\/person\/image\/\",\"url\":\"https:\/\/sipin.com.vn\/wp-content\/uploads\/2024\/06\/logo-1024x1024.png\",\"contentUrl\":\"https:\/\/sipin.com.vn\/wp-content\/uploads\/2024\/06\/logo-1024x1024.png\",\"width\":1024,\"height\":1024,\"caption\":\"Nguy\u1ec5n V\u0103n Kh\u00e1nh\"},\"logo\":{\"@id\":\"https:\/\/sipin.com.vn\/#\/schema\/person\/image\/\"},\"sameAs\":[\"https:\/\/sipin.com.vn\"]}]}<\/script>\n<!-- \/ Yoast SEO plugin. -->","yoast_head_json":{"title":"SMC AMD450C-06BD-R - OMANI VI\u1ec6T NAM","robots":{"index":"index","follow":"follow","max-snippet":"max-snippet:-1","max-image-preview":"max-image-preview:large","max-video-preview":"max-video-preview:-1"},"canonical":"https:\/\/sipin.com.vn\/index.php\/product\/smc-amd450c-06bd-r\/","og_locale":"vi_VN","og_type":"article","og_title":"SMC AMD450C-06BD-R - OMANI VI\u1ec6T NAM","og_description":"SMC AMD450C-06BD-R SMC AMD450C-06BD-R SMC AMD-EL450 SMC AMD550C-06D-R SMC AMD-EL550 Part Number : AMD450C-06BD-R Micro Mist Separator AMD Series Micro Mist Separator, AMD Series Specifications Applicable Fluid Compressed air Maximum Operating Pressure 1.0\u00a0MPa*3 Minimum Operating Pressure*1 0.05\u00a0MPa Proof Pressure 1.5\u00a0MPa Ambient and Fluid Temperature 5 to 60\u00b0C Filtration Rating 0.01\u00a0\u03bcm&hellip;","og_url":"https:\/\/sipin.com.vn\/index.php\/product\/smc-amd450c-06bd-r\/","og_site_name":"OMANI VI\u1ec6T NAM","article_modified_time":"2024-10-28T10:59:02+00:00","og_image":[{"width":438,"height":451,"url":"https:\/\/sipin.com.vn\/wp-content\/uploads\/2024\/10\/AMD450C-06BD-R.png","type":"image\/png"}],"twitter_card":"summary_large_image","twitter_misc":{"\u01af\u1edbc t\u00ednh th\u1eddi gian \u0111\u1ecdc":"3 ph\u00fat"},"schema":{"@context":"https:\/\/schema.org","@graph":[{"@type":"WebPage","@id":"https:\/\/sipin.com.vn\/index.php\/product\/smc-amd450c-06bd-r\/","url":"https:\/\/sipin.com.vn\/index.php\/product\/smc-amd450c-06bd-r\/","name":"SMC AMD450C-06BD-R - OMANI VI\u1ec6T NAM","isPartOf":{"@id":"https:\/\/sipin.com.vn\/#website"},"primaryImageOfPage":{"@id":"https:\/\/sipin.com.vn\/index.php\/product\/smc-amd450c-06bd-r\/#primaryimage"},"image":{"@id":"https:\/\/sipin.com.vn\/index.php\/product\/smc-amd450c-06bd-r\/#primaryimage"},"thumbnailUrl":"https:\/\/sipin.com.vn\/wp-content\/uploads\/2024\/10\/AMD450C-06BD-R.png","datePublished":"2024-10-28T10:57:14+00:00","dateModified":"2024-10-28T10:59:02+00:00","breadcrumb":{"@id":"https:\/\/sipin.com.vn\/index.php\/product\/smc-amd450c-06bd-r\/#breadcrumb"},"inLanguage":"vi","potentialAction":[{"@type":"ReadAction","target":["https:\/\/sipin.com.vn\/index.php\/product\/smc-amd450c-06bd-r\/"]}]},{"@type":"ImageObject","inLanguage":"vi","@id":"https:\/\/sipin.com.vn\/index.php\/product\/smc-amd450c-06bd-r\/#primaryimage","url":"https:\/\/sipin.com.vn\/wp-content\/uploads\/2024\/10\/AMD450C-06BD-R.png","contentUrl":"https:\/\/sipin.com.vn\/wp-content\/uploads\/2024\/10\/AMD450C-06BD-R.png","width":438,"height":451},{"@type":"BreadcrumbList","@id":"https:\/\/sipin.com.vn\/index.php\/product\/smc-amd450c-06bd-r\/#breadcrumb","itemListElement":[{"@type":"ListItem","position":1,"name":"Home","item":"https:\/\/sipin.com.vn\/"},{"@type":"ListItem","position":2,"name":"S\u1ea2N PH\u1ea8M","item":"https:\/\/sipin.com.vn\/index.php\/cua-hang\/"},{"@type":"ListItem","position":3,"name":"SMC AMD450C-06BD-R"}]},{"@type":"WebSite","@id":"https:\/\/sipin.com.vn\/#website","url":"https:\/\/sipin.com.vn\/","name":"OMANI VI\u1ec6T NAM","description":"Nh\u00e0 ph\u00e2n ph\u1ed1i thi\u1ebft b\u1ecb kh\u00ed n\u00e9n v\u00e0 thi\u1ebft b\u1ecb t\u1ef1 \u0111\u1ed9ng h\u00f3a trong c\u00f4ng nghi\u1ec7p","publisher":{"@id":"https:\/\/sipin.com.vn\/#\/schema\/person\/0ad398a980dc3fd696111c2c5c8fa897"},"potentialAction":[{"@type":"SearchAction","target":{"@type":"EntryPoint","urlTemplate":"https:\/\/sipin.com.vn\/?s={search_term_string}"},"query-input":"required name=search_term_string"}],"inLanguage":"vi"},{"@type":["Person","Organization"],"@id":"https:\/\/sipin.com.vn\/#\/schema\/person\/0ad398a980dc3fd696111c2c5c8fa897","name":"Nguy\u1ec5n V\u0103n Kh\u00e1nh","image":{"@type":"ImageObject","inLanguage":"vi","@id":"https:\/\/sipin.com.vn\/#\/schema\/person\/image\/","url":"https:\/\/sipin.com.vn\/wp-content\/uploads\/2024\/06\/logo-1024x1024.png","contentUrl":"https:\/\/sipin.com.vn\/wp-content\/uploads\/2024\/06\/logo-1024x1024.png","width":1024,"height":1024,"caption":"Nguy\u1ec5n V\u0103n Kh\u00e1nh"},"logo":{"@id":"https:\/\/sipin.com.vn\/#\/schema\/person\/image\/"},"sameAs":["https:\/\/sipin.com.vn"]}]}},"_links":{"self":[{"href":"https:\/\/sipin.com.vn\/index.php\/wp-json\/wp\/v2\/product\/2457","targetHints":{"allow":["GET"]}}],"collection":[{"href":"https:\/\/sipin.com.vn\/index.php\/wp-json\/wp\/v2\/product"}],"about":[{"href":"https:\/\/sipin.com.vn\/index.php\/wp-json\/wp\/v2\/types\/product"}],"replies":[{"embeddable":true,"href":"https:\/\/sipin.com.vn\/index.php\/wp-json\/wp\/v2\/comments?post=2457"}],"wp:featuredmedia":[{"embeddable":true,"href":"https:\/\/sipin.com.vn\/index.php\/wp-json\/wp\/v2\/media\/2458"}],"wp:attachment":[{"href":"https:\/\/sipin.com.vn\/index.php\/wp-json\/wp\/v2\/media?parent=2457"}],"wp:term":[{"taxonomy":"product_cat","embeddable":true,"href":"https:\/\/sipin.com.vn\/index.php\/wp-json\/wp\/v2\/product_cat?post=2457"},{"taxonomy":"product_tag","embeddable":true,"href":"https:\/\/sipin.com.vn\/index.php\/wp-json\/wp\/v2\/product_tag?post=2457"}],"curies":[{"name":"wp","href":"https:\/\/api.w.org\/{rel}","templated":true}]}}