{"id":2162,"date":"2024-10-15T06:09:16","date_gmt":"2024-10-14T23:09:16","guid":{"rendered":"https:\/\/omanivietnam.com\/?post_type=product&#038;p=2162"},"modified":"2024-10-15T06:10:41","modified_gmt":"2024-10-14T23:10:41","slug":"fine-suntronix-esf150-24","status":"publish","type":"product","link":"https:\/\/sipin.com.vn\/index.php\/product\/fine-suntronix-esf150-24\/","title":{"rendered":"FINE SUNTRONIX ESF150-24"},"content":{"rendered":"<p>FINE SUNTRONIX ESF150-24<\/p>\n<p>B\u1ed9 ngu\u1ed3n\u00a0<em>Fine Suntronix ESF150-24<\/em>, Power Supply\u00a0<em>Fine Suntronix ESF150-24<\/em>. Model: ESF150-24. H\u00e3ng s\u1ea3n xu\u1ea5t: Orient ( Fine Suntronix).<\/p>\n<p>M\u1ed9t s\u1ed1 b\u1ed9 ngu\u1ed3n Fine Suntronix:<\/p>\n<table border=\"0\" cellspacing=\"0\" cellpadding=\"0\">\n<colgroup>\n<col width=\"91\" \/>\n<col width=\"485\" \/>\n<col width=\"81\" \/><\/colgroup>\n<tbody>\n<tr>\n<td class=\"xl68\" width=\"91\" height=\"19\">\n<div>MODEL<\/div>\n<\/td>\n<td class=\"xl68\" width=\"485\">\n<div>INPUT<\/div>\n<\/td>\n<td class=\"xl68\" width=\"81\">\n<div>OUTPUT<\/div>\n<\/td>\n<\/tr>\n<tr>\n<td class=\"xl65\" height=\"19\">ESF100-05<\/td>\n<td class=\"xl66\">\u00a0AC100-120V \/ 200~240V (AC90~132V \/ 180~264V or DC255~370V),..<\/td>\n<td class=\"xl66\">5<\/td>\n<\/tr>\n<tr>\n<td class=\"xl65\" height=\"19\">ESF150-09<\/td>\n<td class=\"xl66\">\u00a0\u00a0AC100-120V \/ 200~240V (AC90~132V \/ 180~264V or DC255~370V),..<\/td>\n<td class=\"xl66\">9<\/td>\n<\/tr>\n<tr>\n<td class=\"xl65\" height=\"19\">ESF150-12<\/td>\n<td class=\"xl66\">\u00a0AC100-120V \/ 200~240V (AC90~132V \/ 180~264V or DC255~370V),..<\/td>\n<td class=\"xl66\">12<\/td>\n<\/tr>\n<tr>\n<td class=\"xl65\" height=\"19\">ESF150-15<\/td>\n<td class=\"xl66\">\u00a0AC100-120V \/ 200~240V (AC90~132V \/ 180~264V or DC255~370V),..<\/td>\n<td class=\"xl66\">15<\/td>\n<\/tr>\n<tr>\n<td class=\"xl65\" height=\"19\">ESF150-24<\/td>\n<td class=\"xl66\">\u00a0AC100-120V \/ 200~240V (AC90~132V \/ 180~264V or DC255~370V),..<\/td>\n<td class=\"xl66\">24<\/td>\n<\/tr>\n<tr>\n<td class=\"xl65\" height=\"19\">ESF150-36<\/td>\n<td class=\"xl66\">\u00a0AC100-120V \/ 200~240V (AC90~132V \/ 180~264V or DC255~370V),..<\/td>\n<td class=\"xl66\">36<\/td>\n<\/tr>\n<tr>\n<td class=\"xl65\" height=\"19\">ESF150-48<\/td>\n<td class=\"xl66\">\u00a0AC100-120V \/ 200~240V (AC90~132V \/ 180~264V or DC255~370V),..<\/td>\n<td class=\"xl66\">48<\/td>\n<\/tr>\n<\/tbody>\n<\/table>\n<p>C\u00e1c m\u00e3 h\u00e0ng t\u01b0\u01a1ng \u0111\u01b0\u01a1ng B\u1ed9 ngu\u1ed3n\u00a0ESF150-24:<\/p>\n<div>ESF150-09<br \/>\nESF150-12<br \/>\nESF150-15<br \/>\nESF150-24<br \/>\nESF150-36<br \/>\nESF150-48<br \/>\nESF15-05<br \/>\nESF15-09<br \/>\nESF15-12<br \/>\nESF15-15<br \/>\nESF15-24<br \/>\nESF15-3R3<\/div>\n<div><\/div>\n<div>\n<p>\u0110\u1ea1i l\u00fd FINE SUNTRONIX vietnam, FINE SUNTRONIX viet nam, FINE SUNTRONIX vietnam distributor, Ph\u00e2n ph\u1ed1i FINE SUNTRONIX t\u1ea1i vi\u1ec7t nam<\/p>\n<p>\u0110\u1ea1i l\u00fd FINE SUNTRONIX vietnam, FINE SUNTRONIX viet nam, FINE SUNTRONIX vietnam distributor, Ph\u00e2n ph\u1ed1i FINE SUNTRONIX t\u1ea1i vi\u1ec7t nam<\/p>\n<p>\u0110\u1ea1i l\u00fd FINE SUNTRONIX vietnam, FINE SUNTRONIX viet nam, FINE SUNTRONIX vietnam distributor, Ph\u00e2n ph\u1ed1i FINE SUNTRONIX t\u1ea1i vi\u1ec7t nam<\/p>\n<p>\u0110\u1ea1i l\u00fd FINE SUNTRONIX vietnam, FINE SUNTRONIX viet nam, FINE SUNTRONIX vietnam distributor, Ph\u00e2n ph\u1ed1i FINE SUNTRONIX t\u1ea1i vi\u1ec7t nam<\/p>\n<p>\u0110\u1ea1i l\u00fd FINE SUNTRONIX vietnam, FINE SUNTRONIX viet nam, FINE SUNTRONIX vietnam distributor, Ph\u00e2n ph\u1ed1i FINE SUNTRONIX t\u1ea1i vi\u1ec7t nam<\/p>\n<p>&nbsp;<\/p>\n<p>\u0110\u1ea1i l\u00fd ORIENT vietnam, ORIENT viet nam, ORIENT vietnam distributor, Ph\u00e2n ph\u1ed1i ORIENT t\u1ea1i vi\u1ec7t nam<\/p>\n<p>\u0110\u1ea1i l\u00fd ORIENT vietnam, ORIENT viet nam, ORIENT vietnam distributor, Ph\u00e2n ph\u1ed1i ORIENT t\u1ea1i vi\u1ec7t nam<\/p>\n<p>\u0110\u1ea1i l\u00fd ORIENT vietnam, ORIENT viet nam, ORIENT vietnam distributor, Ph\u00e2n ph\u1ed1i ORIENT t\u1ea1i vi\u1ec7t nam<\/p>\n<p>\u0110\u1ea1i l\u00fd ORIENT vietnam, ORIENT viet nam, ORIENT vietnam distributor, Ph\u00e2n ph\u1ed1i ORIENT t\u1ea1i vi\u1ec7t nam<\/p>\n<p>\u0110\u1ea1i l\u00fd ORIENT vietnam, ORIENT viet nam, ORIENT vietnam distributor, Ph\u00e2n ph\u1ed1i ORIENT t\u1ea1i vi\u1ec7t<\/p>\n<\/div>\n","protected":false},"excerpt":{"rendered":"<p>FINE SUNTRONIX ESF150-24 B\u1ed9 ngu\u1ed3n\u00a0Fine Suntronix ESF150-24, Power Supply\u00a0Fine Suntronix ESF150-24. Model: ESF150-24. H\u00e3ng s\u1ea3n xu\u1ea5t: Orient ( Fine Suntronix). M\u1ed9t s\u1ed1 b\u1ed9 ngu\u1ed3n Fine Suntronix: MODEL INPUT OUTPUT ESF100-05 \u00a0AC100-120V \/ 200~240V (AC90~132V \/ 180~264V or DC255~370V),.. 5 ESF150-09 \u00a0\u00a0AC100-120V \/ 200~240V (AC90~132V \/ 180~264V or DC255~370V),.. 9 ESF150-12&hellip; <\/p>\n","protected":false},"featured_media":2163,"comment_status":"open","ping_status":"closed","template":"","meta":{"om_disable_all_campaigns":false,"_monsterinsights_skip_tracking":false,"_monsterinsights_sitenote_active":false,"_monsterinsights_sitenote_note":"","_monsterinsights_sitenote_category":0},"product_cat":[15],"product_tag":[221,218,217],"class_list":{"0":"post-2162","1":"product","2":"type-product","3":"status-publish","4":"has-post-thumbnail","6":"product_cat-apex","7":"product_tag-bo-nguon","8":"product_tag-dai-ly-fine-suntronix-viet-nam","9":"product_tag-fine-suntronix-viet-nam","11":"first","12":"instock","13":"shipping-taxable","14":"product-type-simple"},"aioseo_notices":[],"yoast_head":"<!-- This site is optimized with the Yoast SEO plugin v22.8 - https:\/\/yoast.com\/wordpress\/plugins\/seo\/ -->\n<title>FINE SUNTRONIX ESF150-24 - OMANI VI\u1ec6T NAM<\/title>\n<meta name=\"robots\" content=\"index, follow, max-snippet:-1, max-image-preview:large, max-video-preview:-1\" \/>\n<link rel=\"canonical\" href=\"https:\/\/sipin.com.vn\/index.php\/product\/fine-suntronix-esf150-24\/\" \/>\n<meta property=\"og:locale\" content=\"vi_VN\" \/>\n<meta property=\"og:type\" content=\"article\" \/>\n<meta property=\"og:title\" content=\"FINE SUNTRONIX ESF150-24 - OMANI VI\u1ec6T NAM\" \/>\n<meta property=\"og:description\" content=\"FINE SUNTRONIX ESF150-24 B\u1ed9 ngu\u1ed3n\u00a0Fine Suntronix ESF150-24, Power Supply\u00a0Fine Suntronix ESF150-24. Model: ESF150-24. H\u00e3ng s\u1ea3n xu\u1ea5t: Orient ( Fine Suntronix). M\u1ed9t s\u1ed1 b\u1ed9 ngu\u1ed3n Fine Suntronix: MODEL INPUT OUTPUT ESF100-05 \u00a0AC100-120V \/ 200~240V (AC90~132V \/ 180~264V or DC255~370V),.. 5 ESF150-09 \u00a0\u00a0AC100-120V \/ 200~240V (AC90~132V \/ 180~264V or DC255~370V),.. 9 ESF150-12&hellip;\" \/>\n<meta property=\"og:url\" content=\"https:\/\/sipin.com.vn\/index.php\/product\/fine-suntronix-esf150-24\/\" \/>\n<meta property=\"og:site_name\" content=\"OMANI VI\u1ec6T NAM\" \/>\n<meta property=\"article:modified_time\" content=\"2024-10-14T23:10:41+00:00\" \/>\n<meta property=\"og:image\" content=\"https:\/\/sipin.com.vn\/wp-content\/uploads\/2024\/10\/ESF150-24.png\" \/>\n\t<meta property=\"og:image:width\" content=\"508\" \/>\n\t<meta property=\"og:image:height\" content=\"383\" \/>\n\t<meta property=\"og:image:type\" content=\"image\/png\" \/>\n<meta name=\"twitter:card\" content=\"summary_large_image\" \/>\n<meta name=\"twitter:label1\" content=\"\u01af\u1edbc t\u00ednh th\u1eddi gian \u0111\u1ecdc\" \/>\n\t<meta name=\"twitter:data1\" content=\"2 ph\u00fat\" \/>\n<script type=\"application\/ld+json\" class=\"yoast-schema-graph\">{\"@context\":\"https:\/\/schema.org\",\"@graph\":[{\"@type\":\"WebPage\",\"@id\":\"https:\/\/sipin.com.vn\/index.php\/product\/fine-suntronix-esf150-24\/\",\"url\":\"https:\/\/sipin.com.vn\/index.php\/product\/fine-suntronix-esf150-24\/\",\"name\":\"FINE SUNTRONIX ESF150-24 - OMANI VI\u1ec6T NAM\",\"isPartOf\":{\"@id\":\"https:\/\/sipin.com.vn\/#website\"},\"primaryImageOfPage\":{\"@id\":\"https:\/\/sipin.com.vn\/index.php\/product\/fine-suntronix-esf150-24\/#primaryimage\"},\"image\":{\"@id\":\"https:\/\/sipin.com.vn\/index.php\/product\/fine-suntronix-esf150-24\/#primaryimage\"},\"thumbnailUrl\":\"https:\/\/sipin.com.vn\/wp-content\/uploads\/2024\/10\/ESF150-24.png\",\"datePublished\":\"2024-10-14T23:09:16+00:00\",\"dateModified\":\"2024-10-14T23:10:41+00:00\",\"breadcrumb\":{\"@id\":\"https:\/\/sipin.com.vn\/index.php\/product\/fine-suntronix-esf150-24\/#breadcrumb\"},\"inLanguage\":\"vi\",\"potentialAction\":[{\"@type\":\"ReadAction\",\"target\":[\"https:\/\/sipin.com.vn\/index.php\/product\/fine-suntronix-esf150-24\/\"]}]},{\"@type\":\"ImageObject\",\"inLanguage\":\"vi\",\"@id\":\"https:\/\/sipin.com.vn\/index.php\/product\/fine-suntronix-esf150-24\/#primaryimage\",\"url\":\"https:\/\/sipin.com.vn\/wp-content\/uploads\/2024\/10\/ESF150-24.png\",\"contentUrl\":\"https:\/\/sipin.com.vn\/wp-content\/uploads\/2024\/10\/ESF150-24.png\",\"width\":508,\"height\":383},{\"@type\":\"BreadcrumbList\",\"@id\":\"https:\/\/sipin.com.vn\/index.php\/product\/fine-suntronix-esf150-24\/#breadcrumb\",\"itemListElement\":[{\"@type\":\"ListItem\",\"position\":1,\"name\":\"Home\",\"item\":\"https:\/\/sipin.com.vn\/\"},{\"@type\":\"ListItem\",\"position\":2,\"name\":\"S\u1ea2N PH\u1ea8M\",\"item\":\"https:\/\/sipin.com.vn\/index.php\/cua-hang\/\"},{\"@type\":\"ListItem\",\"position\":3,\"name\":\"FINE SUNTRONIX ESF150-24\"}]},{\"@type\":\"WebSite\",\"@id\":\"https:\/\/sipin.com.vn\/#website\",\"url\":\"https:\/\/sipin.com.vn\/\",\"name\":\"OMANI VI\u1ec6T NAM\",\"description\":\"Nh\u00e0 ph\u00e2n ph\u1ed1i thi\u1ebft b\u1ecb kh\u00ed n\u00e9n v\u00e0 thi\u1ebft b\u1ecb t\u1ef1 \u0111\u1ed9ng h\u00f3a trong c\u00f4ng nghi\u1ec7p\",\"publisher\":{\"@id\":\"https:\/\/sipin.com.vn\/#\/schema\/person\/0ad398a980dc3fd696111c2c5c8fa897\"},\"potentialAction\":[{\"@type\":\"SearchAction\",\"target\":{\"@type\":\"EntryPoint\",\"urlTemplate\":\"https:\/\/sipin.com.vn\/?s={search_term_string}\"},\"query-input\":\"required name=search_term_string\"}],\"inLanguage\":\"vi\"},{\"@type\":[\"Person\",\"Organization\"],\"@id\":\"https:\/\/sipin.com.vn\/#\/schema\/person\/0ad398a980dc3fd696111c2c5c8fa897\",\"name\":\"Nguy\u1ec5n V\u0103n Kh\u00e1nh\",\"image\":{\"@type\":\"ImageObject\",\"inLanguage\":\"vi\",\"@id\":\"https:\/\/sipin.com.vn\/#\/schema\/person\/image\/\",\"url\":\"https:\/\/sipin.com.vn\/wp-content\/uploads\/2024\/06\/logo-1024x1024.png\",\"contentUrl\":\"https:\/\/sipin.com.vn\/wp-content\/uploads\/2024\/06\/logo-1024x1024.png\",\"width\":1024,\"height\":1024,\"caption\":\"Nguy\u1ec5n V\u0103n Kh\u00e1nh\"},\"logo\":{\"@id\":\"https:\/\/sipin.com.vn\/#\/schema\/person\/image\/\"},\"sameAs\":[\"https:\/\/sipin.com.vn\"]}]}<\/script>\n<!-- \/ Yoast SEO plugin. -->","yoast_head_json":{"title":"FINE SUNTRONIX ESF150-24 - OMANI VI\u1ec6T NAM","robots":{"index":"index","follow":"follow","max-snippet":"max-snippet:-1","max-image-preview":"max-image-preview:large","max-video-preview":"max-video-preview:-1"},"canonical":"https:\/\/sipin.com.vn\/index.php\/product\/fine-suntronix-esf150-24\/","og_locale":"vi_VN","og_type":"article","og_title":"FINE SUNTRONIX ESF150-24 - OMANI VI\u1ec6T NAM","og_description":"FINE SUNTRONIX ESF150-24 B\u1ed9 ngu\u1ed3n\u00a0Fine Suntronix ESF150-24, Power Supply\u00a0Fine Suntronix ESF150-24. Model: ESF150-24. H\u00e3ng s\u1ea3n xu\u1ea5t: Orient ( Fine Suntronix). M\u1ed9t s\u1ed1 b\u1ed9 ngu\u1ed3n Fine Suntronix: MODEL INPUT OUTPUT ESF100-05 \u00a0AC100-120V \/ 200~240V (AC90~132V \/ 180~264V or DC255~370V),.. 5 ESF150-09 \u00a0\u00a0AC100-120V \/ 200~240V (AC90~132V \/ 180~264V or DC255~370V),.. 9 ESF150-12&hellip;","og_url":"https:\/\/sipin.com.vn\/index.php\/product\/fine-suntronix-esf150-24\/","og_site_name":"OMANI VI\u1ec6T NAM","article_modified_time":"2024-10-14T23:10:41+00:00","og_image":[{"width":508,"height":383,"url":"https:\/\/sipin.com.vn\/wp-content\/uploads\/2024\/10\/ESF150-24.png","type":"image\/png"}],"twitter_card":"summary_large_image","twitter_misc":{"\u01af\u1edbc t\u00ednh th\u1eddi gian \u0111\u1ecdc":"2 ph\u00fat"},"schema":{"@context":"https:\/\/schema.org","@graph":[{"@type":"WebPage","@id":"https:\/\/sipin.com.vn\/index.php\/product\/fine-suntronix-esf150-24\/","url":"https:\/\/sipin.com.vn\/index.php\/product\/fine-suntronix-esf150-24\/","name":"FINE SUNTRONIX ESF150-24 - OMANI VI\u1ec6T NAM","isPartOf":{"@id":"https:\/\/sipin.com.vn\/#website"},"primaryImageOfPage":{"@id":"https:\/\/sipin.com.vn\/index.php\/product\/fine-suntronix-esf150-24\/#primaryimage"},"image":{"@id":"https:\/\/sipin.com.vn\/index.php\/product\/fine-suntronix-esf150-24\/#primaryimage"},"thumbnailUrl":"https:\/\/sipin.com.vn\/wp-content\/uploads\/2024\/10\/ESF150-24.png","datePublished":"2024-10-14T23:09:16+00:00","dateModified":"2024-10-14T23:10:41+00:00","breadcrumb":{"@id":"https:\/\/sipin.com.vn\/index.php\/product\/fine-suntronix-esf150-24\/#breadcrumb"},"inLanguage":"vi","potentialAction":[{"@type":"ReadAction","target":["https:\/\/sipin.com.vn\/index.php\/product\/fine-suntronix-esf150-24\/"]}]},{"@type":"ImageObject","inLanguage":"vi","@id":"https:\/\/sipin.com.vn\/index.php\/product\/fine-suntronix-esf150-24\/#primaryimage","url":"https:\/\/sipin.com.vn\/wp-content\/uploads\/2024\/10\/ESF150-24.png","contentUrl":"https:\/\/sipin.com.vn\/wp-content\/uploads\/2024\/10\/ESF150-24.png","width":508,"height":383},{"@type":"BreadcrumbList","@id":"https:\/\/sipin.com.vn\/index.php\/product\/fine-suntronix-esf150-24\/#breadcrumb","itemListElement":[{"@type":"ListItem","position":1,"name":"Home","item":"https:\/\/sipin.com.vn\/"},{"@type":"ListItem","position":2,"name":"S\u1ea2N PH\u1ea8M","item":"https:\/\/sipin.com.vn\/index.php\/cua-hang\/"},{"@type":"ListItem","position":3,"name":"FINE SUNTRONIX ESF150-24"}]},{"@type":"WebSite","@id":"https:\/\/sipin.com.vn\/#website","url":"https:\/\/sipin.com.vn\/","name":"OMANI VI\u1ec6T NAM","description":"Nh\u00e0 ph\u00e2n ph\u1ed1i thi\u1ebft b\u1ecb kh\u00ed n\u00e9n v\u00e0 thi\u1ebft b\u1ecb t\u1ef1 \u0111\u1ed9ng h\u00f3a trong c\u00f4ng nghi\u1ec7p","publisher":{"@id":"https:\/\/sipin.com.vn\/#\/schema\/person\/0ad398a980dc3fd696111c2c5c8fa897"},"potentialAction":[{"@type":"SearchAction","target":{"@type":"EntryPoint","urlTemplate":"https:\/\/sipin.com.vn\/?s={search_term_string}"},"query-input":"required name=search_term_string"}],"inLanguage":"vi"},{"@type":["Person","Organization"],"@id":"https:\/\/sipin.com.vn\/#\/schema\/person\/0ad398a980dc3fd696111c2c5c8fa897","name":"Nguy\u1ec5n V\u0103n Kh\u00e1nh","image":{"@type":"ImageObject","inLanguage":"vi","@id":"https:\/\/sipin.com.vn\/#\/schema\/person\/image\/","url":"https:\/\/sipin.com.vn\/wp-content\/uploads\/2024\/06\/logo-1024x1024.png","contentUrl":"https:\/\/sipin.com.vn\/wp-content\/uploads\/2024\/06\/logo-1024x1024.png","width":1024,"height":1024,"caption":"Nguy\u1ec5n V\u0103n Kh\u00e1nh"},"logo":{"@id":"https:\/\/sipin.com.vn\/#\/schema\/person\/image\/"},"sameAs":["https:\/\/sipin.com.vn"]}]}},"_links":{"self":[{"href":"https:\/\/sipin.com.vn\/index.php\/wp-json\/wp\/v2\/product\/2162","targetHints":{"allow":["GET"]}}],"collection":[{"href":"https:\/\/sipin.com.vn\/index.php\/wp-json\/wp\/v2\/product"}],"about":[{"href":"https:\/\/sipin.com.vn\/index.php\/wp-json\/wp\/v2\/types\/product"}],"replies":[{"embeddable":true,"href":"https:\/\/sipin.com.vn\/index.php\/wp-json\/wp\/v2\/comments?post=2162"}],"wp:featuredmedia":[{"embeddable":true,"href":"https:\/\/sipin.com.vn\/index.php\/wp-json\/wp\/v2\/media\/2163"}],"wp:attachment":[{"href":"https:\/\/sipin.com.vn\/index.php\/wp-json\/wp\/v2\/media?parent=2162"}],"wp:term":[{"taxonomy":"product_cat","embeddable":true,"href":"https:\/\/sipin.com.vn\/index.php\/wp-json\/wp\/v2\/product_cat?post=2162"},{"taxonomy":"product_tag","embeddable":true,"href":"https:\/\/sipin.com.vn\/index.php\/wp-json\/wp\/v2\/product_tag?post=2162"}],"curies":[{"name":"wp","href":"https:\/\/api.w.org\/{rel}","templated":true}]}}