{"id":2100,"date":"2024-10-12T10:54:02","date_gmt":"2024-10-12T03:54:02","guid":{"rendered":"https:\/\/omanivietnam.com\/?post_type=product&#038;p=2100"},"modified":"2024-10-12T10:54:02","modified_gmt":"2024-10-12T03:54:02","slug":"mitsubishi-hg-kr73","status":"publish","type":"product","link":"https:\/\/sipin.com.vn\/index.php\/product\/mitsubishi-hg-kr73\/","title":{"rendered":"MITSUBISHI HG-KR73"},"content":{"rendered":"<p>MITSUBISHI HG-KR73<\/p>\n<p>Model : Servo Motor HG-KR73 &#8211; C\u00f4ng su\u1ea5t: 750w &#8211; Ngu\u1ed3n c\u1ea5p: 200vac &#8211; \u1ee8ng d\u1ee5ng : \u0111i\u1ec1u khi\u1ec3n t\u1ed1c \u0111\u1ed9 , v\u1ecb tr\u00ed &#8211; T\u01b0\u01a1ng th\u00edch v\u1edbi b\u1ed9 \u0111i\u1ec1u khi\u1ec3n : MR-J4-70b,MR-J4-70a,MR-J4-70b-rj,MR-J4-70a-RJ &#8211; Encoder: 22 bit &#8211; T\u1ed1c \u0111\u1ed9 v\u00f2ng quay:3000rpm &#8211; Ti\u00eau chu\u1ea9n IP65 : kh\u00e1ng n\u01b0\u1edbc kh\u00e1ng b\u1ee5i _H\u00e3ng s\u1ea3n xu\u1ea5t: Mitsubishi<\/p>\n<table class=\"feature__metadata--tab active w-100\" data-tab=\"0\">\n<thead class=\"d-table w-100\">\n<tr>\n<td>\n<p class=\"text-danger fw-bold fs-4\">Th\u00f4ng s\u1ed1 k\u1ef9 thu\u1eadt c\u1ee7a \u0110\u1ed9ng c\u01a1 servo lo\u1ea1i HG-KR MITSUBISHI HG-KR73<\/p>\n<\/td>\n<\/tr>\n<\/thead>\n<tbody class=\"d-block mt-1\">\n<tr class=\"bg-light\">\n<td class=\"feature__metadata__td--first p-2 rounded-left\"><label id=\"param_2\">C\u00f4ng su\u1ea5t<\/label><\/td>\n<td class=\"feature__metadata__td--middle p-2\">\n<div>750W<\/div>\n<\/td>\n<td class=\"p-2 rounded-right\"><label><\/label><\/td>\n<\/tr>\n<tr class=\"\">\n<td class=\"feature__metadata__td--first p-2 rounded-left\"><label id=\"param_2\">D\u00f2ng \u0111i\u1ec7n<\/label><\/td>\n<td class=\"feature__metadata__td--middle p-2\">\n<div>4.8A<\/div>\n<\/td>\n<td class=\"p-2 rounded-right\"><label><\/label><\/td>\n<\/tr>\n<tr class=\"bg-light\">\n<td class=\"feature__metadata__td--first p-2 rounded-left\"><label id=\"param_2\">T\u1ed1c \u0111\u1ed9<\/label><\/td>\n<td class=\"feature__metadata__td--middle p-2\">\n<div>3000rpm<\/div>\n<\/td>\n<td class=\"p-2 rounded-right\"><label><\/label><\/td>\n<\/tr>\n<tr class=\"\">\n<td class=\"feature__metadata__td--first p-2 rounded-left\"><label id=\"param_2\">Momen<\/label><\/td>\n<td class=\"feature__metadata__td--middle p-2\">\n<div>2.4N.m<\/div>\n<\/td>\n<td class=\"p-2 rounded-right\"><label><\/label><\/td>\n<\/tr>\n<tr class=\"bg-light\">\n<td class=\"feature__metadata__td--first p-2 rounded-left\"><label id=\"param_2\">L\u1eafp s\u1eb5n phanh<\/label><\/td>\n<td class=\"feature__metadata__td--middle p-2\">\n<div>Kh\u00f4ng<\/div>\n<\/td>\n<td class=\"p-2 rounded-right\"><label><\/label><\/td>\n<\/tr>\n<tr class=\"\">\n<td class=\"feature__metadata__td--first p-2 rounded-left\"><label id=\"param_2\">B\u1ed9 \u0111i\u1ec1u khi\u1ec3n (B\u00e1n r\u1eddi)<\/label><\/td>\n<td class=\"feature__metadata__td--middle p-2\">\n<div>MR-J4-70A, MR-J4-70A-RJ, MR-J4-70B, MR-J4-70B-RJ, MR-J4-70B-RJ010, MR-<span class=\"moreellipses\">\u00a0\u00a0<\/span><span class=\"morecontent\"><span class=\"morelink text-primary\" role=\"button\">\u00a0[&#8230;]<\/span><\/span><\/div>\n<\/td>\n<td class=\"p-2 rounded-right\"><label><\/label><\/td>\n<\/tr>\n<tr class=\"bg-light\">\n<td class=\"feature__metadata__td--first p-2 rounded-left\"><label id=\"param_2\">Lo\u1ea1i<\/label><\/td>\n<td class=\"feature__metadata__td--middle p-2\">\n<div>\u0110\u1ed9ng c\u01a1 servo<\/div>\n<\/td>\n<td class=\"p-2 rounded-right\"><label><\/label><\/td>\n<\/tr>\n<tr class=\"\">\n<td class=\"feature__metadata__td--first p-2 rounded-left\"><label id=\"param_2\">Ki\u1ec3u h\u00e0nh tr\u00ecnh<\/label><\/td>\n<td class=\"feature__metadata__td--middle p-2\">\n<div>Rotary<\/div>\n<\/td>\n<td class=\"p-2 rounded-right\"><label><\/label><\/td>\n<\/tr>\n<tr class=\"bg-light\">\n<td class=\"feature__metadata__td--first p-2 rounded-left\"><label id=\"param_2\">T\u1ed1c \u0111\u1ed9 t\u1ed1i \u0111a<\/label><\/td>\n<td class=\"feature__metadata__td--middle p-2\">\n<div>6000rpm<\/div>\n<\/td>\n<td class=\"p-2 rounded-right\"><label><\/label><\/td>\n<\/tr>\n<tr class=\"\">\n<td class=\"feature__metadata__td--first p-2 rounded-left\"><label id=\"param_2\">Momen t\u1ed1i \u0111a<\/label><\/td>\n<td class=\"feature__metadata__td--middle p-2\">\n<div>8.4N.m<\/div>\n<\/td>\n<td class=\"p-2 rounded-right\"><label><\/label><\/td>\n<\/tr>\n<tr class=\"bg-light\">\n<td class=\"feature__metadata__td--first p-2 rounded-left\"><label id=\"param_2\">Momen qu\u00e1n t\u00ednh r\u00f4 to<\/label><\/td>\n<td class=\"feature__metadata__td--middle p-2\">\n<div>1.26&#215;10^-4kg.m\u00b2<\/div>\n<\/td>\n<td class=\"p-2 rounded-right\"><label><\/label><\/td>\n<\/tr>\n<tr class=\"\">\n<td class=\"feature__metadata__td--first p-2 rounded-left\"><label id=\"param_2\">D\u00f2ng \u0111i\u1ec7n l\u1edbn nh\u1ea5t<\/label><\/td>\n<td class=\"feature__metadata__td--middle p-2\">\n<div>17A<\/div>\n<\/td>\n<td class=\"p-2 rounded-right\"><label><\/label><\/td>\n<\/tr>\n<tr class=\"bg-light\">\n<td class=\"feature__metadata__td--first p-2 rounded-left\"><label id=\"param_2\">T\u00edch h\u1ee3p b\u1ed9 ph\u00e1t xung<\/label><\/td>\n<td class=\"feature__metadata__td--middle p-2\">\n<div>C\u00f3<\/div>\n<\/td>\n<td class=\"p-2 rounded-right\"><label><\/label><\/td>\n<\/tr>\n<tr class=\"\">\n<td class=\"feature__metadata__td--first p-2 rounded-left\"><label id=\"param_2\">\u0110\u1ed9 ph\u00e2n gi\u1ea3i ph\u00e1t xung<\/label><\/td>\n<td class=\"feature__metadata__td--middle p-2\">\n<div>4194304p\/v<\/div>\n<\/td>\n<td class=\"p-2 rounded-right\"><label><\/label><\/td>\n<\/tr>\n<tr class=\"bg-light\">\n<td class=\"feature__metadata__td--first p-2 rounded-left\"><label id=\"param_2\">\u0110\u01b0\u1eddng k\u00ednh tr\u1ee5c<\/label><\/td>\n<td class=\"feature__metadata__td--middle p-2\">\n<div>19mm<\/div>\n<\/td>\n<td class=\"p-2 rounded-right\"><label><\/label><\/td>\n<\/tr>\n<tr class=\"\">\n<td class=\"feature__metadata__td--first p-2 rounded-left\"><label id=\"param_2\">Chi\u1ec1u d\u00e0i tr\u1ee5c<\/label><\/td>\n<td class=\"feature__metadata__td--middle p-2\">\n<div>36mm<\/div>\n<\/td>\n<td class=\"p-2 rounded-right\"><label><\/label><\/td>\n<\/tr>\n<tr class=\"bg-light\">\n<td class=\"feature__metadata__td--first p-2 rounded-left\"><label id=\"param_2\">Ki\u1ec3u tr\u1ee5c<\/label><\/td>\n<td class=\"feature__metadata__td--middle p-2\">\n<div>Tr\u1ee5c tr\u00f2n<\/div>\n<\/td>\n<td class=\"p-2 rounded-right\"><label><\/label><\/td>\n<\/tr>\n<tr class=\"\">\n<td class=\"feature__metadata__td--first p-2 rounded-left\"><label id=\"param_2\">T\u1ea3i h\u01b0\u1edbng t\u00e2m tr\u1ee5c t\u1ed1i \u0111a<\/label><\/td>\n<td class=\"feature__metadata__td--middle p-2\">\n<div>392N<\/div>\n<\/td>\n<td class=\"p-2 rounded-right\"><label><\/label><\/td>\n<\/tr>\n<tr class=\"bg-light\">\n<td class=\"feature__metadata__td--first p-2 rounded-left\"><label id=\"param_2\">T\u1ea3i d\u1ecdc tr\u1ee5c t\u1ed1i \u0111a<\/label><\/td>\n<td class=\"feature__metadata__td--middle p-2\">\n<div>147N<\/div>\n<\/td>\n<td class=\"p-2 rounded-right\"><label><\/label><\/td>\n<\/tr>\n<tr class=\"\">\n<td class=\"feature__metadata__td--first p-2 rounded-left\"><label id=\"param_2\">K\u00edch th\u01b0\u1edbc m\u1eb7t b\u00edch<\/label><\/td>\n<td class=\"feature__metadata__td--middle p-2\">\n<div>80x80mm<\/div>\n<\/td>\n<td class=\"p-2 rounded-right\"><label><\/label><\/td>\n<\/tr>\n<tr class=\"bg-light\">\n<td class=\"feature__metadata__td--first p-2 rounded-left\"><label id=\"param_2\">V\u1eadt li\u1ec7u v\u1ecf<\/label><\/td>\n<td class=\"feature__metadata__td--middle p-2\">\n<div>H\u1ee3p kim nh\u00f4m<\/div>\n<\/td>\n<td class=\"p-2 rounded-right\"><label><\/label><\/td>\n<\/tr>\n<tr class=\"\">\n<td class=\"feature__metadata__td--first p-2 rounded-left\"><label id=\"param_2\">C\u1ea5p \u0111\u1ed9 b\u1ea3o v\u1ec7<\/label><\/td>\n<td class=\"feature__metadata__td--middle p-2\">\n<div>Class 105(A)<\/div>\n<\/td>\n<td class=\"p-2 rounded-right\"><label><\/label><\/td>\n<\/tr>\n<tr class=\"bg-light\">\n<td class=\"feature__metadata__td--first p-2 rounded-left\"><label id=\"param_2\">Ki\u1ec3u \u0111\u1ea7u n\u1ed1i \u0111i\u1ec7n<\/label><\/td>\n<td class=\"feature__metadata__td--middle p-2\">\n<div>Gi\u1eafc c\u1eafm<\/div>\n<\/td>\n<td class=\"p-2 rounded-right\"><label><\/label><\/td>\n<\/tr>\n<tr class=\"\">\n<td class=\"feature__metadata__td--first p-2 rounded-left\"><label id=\"param_2\">Ki\u1ec3u l\u1eafp \u0111\u1eb7t<\/label><\/td>\n<td class=\"feature__metadata__td--middle p-2\">\n<div>L\u1eafp tr\u00ean m\u1eb7t b\u00edch<\/div>\n<\/td>\n<td class=\"p-2 rounded-right\"><label><\/label><\/td>\n<\/tr>\n<tr class=\"bg-light\">\n<td class=\"feature__metadata__td--first p-2 rounded-left\"><label id=\"param_2\">M\u00f4i tr\u01b0\u1eddng ho\u1ea1t \u0111\u1ed9ng<\/label><\/td>\n<td class=\"feature__metadata__td--middle p-2\">\n<div>Trong nh\u00e0<\/div>\n<\/td>\n<td class=\"p-2 rounded-right\"><label><\/label><\/td>\n<\/tr>\n<tr class=\"\">\n<td class=\"feature__metadata__td--first p-2 rounded-left\"><label id=\"param_2\">Nhi\u1ec7t \u0111\u1ed9 m\u00f4i tr\u01b0\u1eddng<\/label><\/td>\n<td class=\"feature__metadata__td--middle p-2\">\n<div>0&#8230;40\u00b0C<\/div>\n<\/td>\n<td class=\"p-2 rounded-right\"><label><\/label><\/td>\n<\/tr>\n<tr class=\"bg-light\">\n<td class=\"feature__metadata__td--first p-2 rounded-left\"><label id=\"param_2\">\u0110\u1ed9 \u1ea9m m\u00f4i tr\u01b0\u1eddng<\/label><\/td>\n<td class=\"feature__metadata__td--middle p-2\">\n<div>10&#8230;80%<\/div>\n<\/td>\n<td class=\"p-2 rounded-right\"><label><\/label><\/td>\n<\/tr>\n<tr class=\"\">\n<td class=\"feature__metadata__td--first p-2 rounded-left\"><label id=\"param_2\">Kh\u1ed1i l\u01b0\u1ee3ng t\u01b0\u01a1ng \u0111\u1ed1i<\/label><\/td>\n<td class=\"feature__metadata__td--middle p-2\">\n<div>2.8kg<\/div>\n<\/td>\n<td class=\"p-2 rounded-right\"><label><\/label><\/td>\n<\/tr>\n<tr class=\"bg-light\">\n<td class=\"feature__metadata__td--first p-2 rounded-left\"><label id=\"param_2\">Chi\u1ec1u r\u1ed9ng t\u1ed5ng th\u1ec3<\/label><\/td>\n<td class=\"feature__metadata__td--middle p-2\">\n<div>80mm<\/div>\n<\/td>\n<td class=\"p-2 rounded-right\"><label><\/label><\/td>\n<\/tr>\n<tr class=\"\">\n<td class=\"feature__metadata__td--first p-2 rounded-left\"><label id=\"param_2\">Chi\u1ec1u cao t\u1ed5ng th\u1ec3<\/label><\/td>\n<td class=\"feature__metadata__td--middle p-2\">\n<div>97.1mm<\/div>\n<\/td>\n<td class=\"p-2 rounded-right\"><label><\/label><\/td>\n<\/tr>\n<tr class=\"bg-light\">\n<td class=\"feature__metadata__td--first p-2 rounded-left\"><label id=\"param_2\">Chi\u1ec1u s\u00e2u t\u1ed5ng th\u1ec3<\/label><\/td>\n<td class=\"feature__metadata__td--middle p-2\">\n<div>152mm<\/div>\n<\/td>\n<td class=\"p-2 rounded-right\"><label><\/label><\/td>\n<\/tr>\n<tr class=\"\">\n<td class=\"feature__metadata__td--first p-2 rounded-left\"><label id=\"param_2\">C\u1ea5p b\u1ea3o v\u1ec7<\/label><\/td>\n<td class=\"feature__metadata__td--middle p-2\">\n<div>IP65<\/div>\n<\/td>\n<td class=\"p-2 rounded-right\"><label><\/label><\/td>\n<\/tr>\n<tr class=\"bg-light\">\n<td class=\"feature__metadata__td--first p-2 rounded-left\"><label id=\"param_2\">Ti\u00eau chu\u1ea9n<\/label><\/td>\n<td class=\"feature__metadata__td--middle p-2\">\n<div>CE, EAC, IEC, UL<\/div>\n<\/td>\n<\/tr>\n<\/tbody>\n<\/table>\n<p class=\"product_title entry-title\">\u0110\u1ed9ng c\u01a1 Servo Mitsubishi HG-KR73 0.75kW 220V<\/p>\n<p>FA-Servo-Motion: Servo Motor<\/p>\n<table class=\"woocommerce-product-attributes shop_attributes\">\n<tbody>\n<tr>\n<td>Series<\/td>\n<td>MELSERVO-J4<\/td>\n<\/tr>\n<tr>\n<td>Type<\/td>\n<td>HG-KR<\/td>\n<\/tr>\n<tr>\n<td>Rated Capacity (kW)<\/td>\n<td>0,75<\/td>\n<\/tr>\n<tr>\n<td>Rated Torque (Nm)<\/td>\n<td>2,4<\/td>\n<\/tr>\n<tr>\n<td>Maximum Torque (Nm)<\/td>\n<td>8,4<\/td>\n<\/tr>\n<tr>\n<td>Rated Speed (rpm)<\/td>\n<td>3000<\/td>\n<\/tr>\n<tr>\n<td>Maximum Speed (rpm)<\/td>\n<td>6000<\/td>\n<\/tr>\n<tr>\n<td>Inertia (kg*cm2)<\/td>\n<td>1,26<\/td>\n<\/tr>\n<tr>\n<td>Brake<\/td>\n<td>NO<\/td>\n<\/tr>\n<tr>\n<td>Shaft Type<\/td>\n<td>STRAIGHT SHAFT<\/td>\n<\/tr>\n<tr>\n<td>Protection Class<\/td>\n<td>IP65<\/td>\n<\/tr>\n<tr>\n<td>Power Supply (V)<\/td>\n<td>200<\/td>\n<\/tr>\n<tr>\n<td>Current Type<\/td>\n<td>AC<\/td>\n<\/tr>\n<tr>\n<td>Encoder Type<\/td>\n<td>ABSOLUTE\/INCREMENTAL<\/td>\n<\/tr>\n<tr>\n<td>Encoder Resolution (p\/rev)<\/td>\n<td>4194304<\/td>\n<\/tr>\n<tr>\n<td>Width (mm)<\/td>\n<td>80<\/td>\n<\/tr>\n<tr>\n<td>Height (mm)<\/td>\n<td>97,1<\/td>\n<\/tr>\n<tr>\n<td>Depth (mm)<\/td>\n<td>112<\/td>\n<\/tr>\n<tr>\n<td>Weight (kg)<\/td>\n<td>2,8<\/td>\n<\/tr>\n<\/tbody>\n<\/table>\n<p>B\u1ea3ng h\u01b0\u1edbng d\u1eabn l\u1ef1a ch\u1ecdn Servo Driver Mitsubishi MR-J4 Series<\/p>\n<p><img decoding=\"async\" src=\"https:\/\/codienhaiau.com\/wp-content\/uploads\/2021\/12\/Huong-dan-lua-chon-Servo-Driver-Mitsubishi-dong-MR-J4.jpg\" alt=\"B\u1ea3ng h\u01b0\u1edbng d\u1eabn l\u1ef1a ch\u1ecdn Servo Driver Mitsubishi MR-J4 Series\" \/><\/p>\n<p>&nbsp;<\/p>\n<p>&nbsp;<\/p>\n","protected":false},"excerpt":{"rendered":"<p>MITSUBISHI HG-KR73 Model : Servo Motor HG-KR73 &#8211; C\u00f4ng su\u1ea5t: 750w &#8211; Ngu\u1ed3n c\u1ea5p: 200vac &#8211; \u1ee8ng d\u1ee5ng : \u0111i\u1ec1u khi\u1ec3n t\u1ed1c \u0111\u1ed9 , v\u1ecb tr\u00ed &#8211; T\u01b0\u01a1ng th\u00edch v\u1edbi b\u1ed9 \u0111i\u1ec1u khi\u1ec3n : MR-J4-70b,MR-J4-70a,MR-J4-70b-rj,MR-J4-70a-RJ &#8211; Encoder: 22 bit &#8211; T\u1ed1c \u0111\u1ed9 v\u00f2ng quay:3000rpm &#8211; Ti\u00eau chu\u1ea9n IP65 : kh\u00e1ng&hellip; <\/p>\n","protected":false},"featured_media":2101,"comment_status":"open","ping_status":"closed","template":"","meta":{"om_disable_all_campaigns":false,"_monsterinsights_skip_tracking":false,"_monsterinsights_sitenote_active":false,"_monsterinsights_sitenote_note":"","_monsterinsights_sitenote_category":0},"product_cat":[15],"product_tag":[158,120,157],"class_list":{"0":"post-2100","1":"product","2":"type-product","3":"status-publish","4":"has-post-thumbnail","6":"product_cat-apex","7":"product_tag-dai-ly-mitsubishi-viet-nam","8":"product_tag-dong-co","9":"product_tag-mitsubishi-viet-nam","11":"first","12":"instock","13":"shipping-taxable","14":"product-type-simple"},"aioseo_notices":[],"yoast_head":"<!-- This site is optimized with the Yoast SEO plugin v22.8 - https:\/\/yoast.com\/wordpress\/plugins\/seo\/ -->\n<title>MITSUBISHI HG-KR73 - OMANI VI\u1ec6T NAM<\/title>\n<meta name=\"robots\" content=\"index, follow, max-snippet:-1, max-image-preview:large, max-video-preview:-1\" \/>\n<link rel=\"canonical\" href=\"https:\/\/sipin.com.vn\/index.php\/product\/mitsubishi-hg-kr73\/\" \/>\n<meta property=\"og:locale\" content=\"vi_VN\" \/>\n<meta property=\"og:type\" content=\"article\" \/>\n<meta property=\"og:title\" content=\"MITSUBISHI HG-KR73 - OMANI VI\u1ec6T NAM\" \/>\n<meta property=\"og:description\" content=\"MITSUBISHI HG-KR73 Model : Servo Motor HG-KR73 &#8211; C\u00f4ng su\u1ea5t: 750w &#8211; Ngu\u1ed3n c\u1ea5p: 200vac &#8211; \u1ee8ng d\u1ee5ng : \u0111i\u1ec1u khi\u1ec3n t\u1ed1c \u0111\u1ed9 , v\u1ecb tr\u00ed &#8211; T\u01b0\u01a1ng th\u00edch v\u1edbi b\u1ed9 \u0111i\u1ec1u khi\u1ec3n : MR-J4-70b,MR-J4-70a,MR-J4-70b-rj,MR-J4-70a-RJ &#8211; Encoder: 22 bit &#8211; T\u1ed1c \u0111\u1ed9 v\u00f2ng quay:3000rpm &#8211; Ti\u00eau chu\u1ea9n IP65 : kh\u00e1ng&hellip;\" \/>\n<meta property=\"og:url\" content=\"https:\/\/sipin.com.vn\/index.php\/product\/mitsubishi-hg-kr73\/\" \/>\n<meta property=\"og:site_name\" content=\"OMANI VI\u1ec6T NAM\" \/>\n<meta property=\"og:image\" content=\"https:\/\/sipin.com.vn\/wp-content\/uploads\/2024\/10\/HG-KR73.png\" \/>\n\t<meta property=\"og:image:width\" content=\"529\" \/>\n\t<meta property=\"og:image:height\" content=\"500\" \/>\n\t<meta property=\"og:image:type\" content=\"image\/png\" \/>\n<meta name=\"twitter:card\" content=\"summary_large_image\" \/>\n<meta name=\"twitter:label1\" content=\"\u01af\u1edbc t\u00ednh th\u1eddi gian \u0111\u1ecdc\" \/>\n\t<meta name=\"twitter:data1\" content=\"3 ph\u00fat\" \/>\n<script type=\"application\/ld+json\" class=\"yoast-schema-graph\">{\"@context\":\"https:\/\/schema.org\",\"@graph\":[{\"@type\":\"WebPage\",\"@id\":\"https:\/\/sipin.com.vn\/index.php\/product\/mitsubishi-hg-kr73\/\",\"url\":\"https:\/\/sipin.com.vn\/index.php\/product\/mitsubishi-hg-kr73\/\",\"name\":\"MITSUBISHI HG-KR73 - OMANI VI\u1ec6T NAM\",\"isPartOf\":{\"@id\":\"https:\/\/sipin.com.vn\/#website\"},\"primaryImageOfPage\":{\"@id\":\"https:\/\/sipin.com.vn\/index.php\/product\/mitsubishi-hg-kr73\/#primaryimage\"},\"image\":{\"@id\":\"https:\/\/sipin.com.vn\/index.php\/product\/mitsubishi-hg-kr73\/#primaryimage\"},\"thumbnailUrl\":\"https:\/\/sipin.com.vn\/wp-content\/uploads\/2024\/10\/HG-KR73.png\",\"datePublished\":\"2024-10-12T03:54:02+00:00\",\"dateModified\":\"2024-10-12T03:54:02+00:00\",\"breadcrumb\":{\"@id\":\"https:\/\/sipin.com.vn\/index.php\/product\/mitsubishi-hg-kr73\/#breadcrumb\"},\"inLanguage\":\"vi\",\"potentialAction\":[{\"@type\":\"ReadAction\",\"target\":[\"https:\/\/sipin.com.vn\/index.php\/product\/mitsubishi-hg-kr73\/\"]}]},{\"@type\":\"ImageObject\",\"inLanguage\":\"vi\",\"@id\":\"https:\/\/sipin.com.vn\/index.php\/product\/mitsubishi-hg-kr73\/#primaryimage\",\"url\":\"https:\/\/sipin.com.vn\/wp-content\/uploads\/2024\/10\/HG-KR73.png\",\"contentUrl\":\"https:\/\/sipin.com.vn\/wp-content\/uploads\/2024\/10\/HG-KR73.png\",\"width\":529,\"height\":500},{\"@type\":\"BreadcrumbList\",\"@id\":\"https:\/\/sipin.com.vn\/index.php\/product\/mitsubishi-hg-kr73\/#breadcrumb\",\"itemListElement\":[{\"@type\":\"ListItem\",\"position\":1,\"name\":\"Home\",\"item\":\"https:\/\/sipin.com.vn\/\"},{\"@type\":\"ListItem\",\"position\":2,\"name\":\"S\u1ea2N PH\u1ea8M\",\"item\":\"https:\/\/sipin.com.vn\/index.php\/cua-hang\/\"},{\"@type\":\"ListItem\",\"position\":3,\"name\":\"MITSUBISHI HG-KR73\"}]},{\"@type\":\"WebSite\",\"@id\":\"https:\/\/sipin.com.vn\/#website\",\"url\":\"https:\/\/sipin.com.vn\/\",\"name\":\"OMANI VI\u1ec6T NAM\",\"description\":\"Nh\u00e0 ph\u00e2n ph\u1ed1i thi\u1ebft b\u1ecb kh\u00ed n\u00e9n v\u00e0 thi\u1ebft b\u1ecb t\u1ef1 \u0111\u1ed9ng h\u00f3a trong c\u00f4ng nghi\u1ec7p\",\"publisher\":{\"@id\":\"https:\/\/sipin.com.vn\/#\/schema\/person\/0ad398a980dc3fd696111c2c5c8fa897\"},\"potentialAction\":[{\"@type\":\"SearchAction\",\"target\":{\"@type\":\"EntryPoint\",\"urlTemplate\":\"https:\/\/sipin.com.vn\/?s={search_term_string}\"},\"query-input\":\"required name=search_term_string\"}],\"inLanguage\":\"vi\"},{\"@type\":[\"Person\",\"Organization\"],\"@id\":\"https:\/\/sipin.com.vn\/#\/schema\/person\/0ad398a980dc3fd696111c2c5c8fa897\",\"name\":\"Nguy\u1ec5n V\u0103n Kh\u00e1nh\",\"image\":{\"@type\":\"ImageObject\",\"inLanguage\":\"vi\",\"@id\":\"https:\/\/sipin.com.vn\/#\/schema\/person\/image\/\",\"url\":\"https:\/\/sipin.com.vn\/wp-content\/uploads\/2024\/06\/logo-1024x1024.png\",\"contentUrl\":\"https:\/\/sipin.com.vn\/wp-content\/uploads\/2024\/06\/logo-1024x1024.png\",\"width\":1024,\"height\":1024,\"caption\":\"Nguy\u1ec5n V\u0103n Kh\u00e1nh\"},\"logo\":{\"@id\":\"https:\/\/sipin.com.vn\/#\/schema\/person\/image\/\"},\"sameAs\":[\"https:\/\/sipin.com.vn\"]}]}<\/script>\n<!-- \/ Yoast SEO plugin. -->","yoast_head_json":{"title":"MITSUBISHI HG-KR73 - OMANI VI\u1ec6T NAM","robots":{"index":"index","follow":"follow","max-snippet":"max-snippet:-1","max-image-preview":"max-image-preview:large","max-video-preview":"max-video-preview:-1"},"canonical":"https:\/\/sipin.com.vn\/index.php\/product\/mitsubishi-hg-kr73\/","og_locale":"vi_VN","og_type":"article","og_title":"MITSUBISHI HG-KR73 - OMANI VI\u1ec6T NAM","og_description":"MITSUBISHI HG-KR73 Model : Servo Motor HG-KR73 &#8211; C\u00f4ng su\u1ea5t: 750w &#8211; Ngu\u1ed3n c\u1ea5p: 200vac &#8211; \u1ee8ng d\u1ee5ng : \u0111i\u1ec1u khi\u1ec3n t\u1ed1c \u0111\u1ed9 , v\u1ecb tr\u00ed &#8211; T\u01b0\u01a1ng th\u00edch v\u1edbi b\u1ed9 \u0111i\u1ec1u khi\u1ec3n : MR-J4-70b,MR-J4-70a,MR-J4-70b-rj,MR-J4-70a-RJ &#8211; Encoder: 22 bit &#8211; T\u1ed1c \u0111\u1ed9 v\u00f2ng quay:3000rpm &#8211; Ti\u00eau chu\u1ea9n IP65 : kh\u00e1ng&hellip;","og_url":"https:\/\/sipin.com.vn\/index.php\/product\/mitsubishi-hg-kr73\/","og_site_name":"OMANI VI\u1ec6T NAM","og_image":[{"width":529,"height":500,"url":"https:\/\/sipin.com.vn\/wp-content\/uploads\/2024\/10\/HG-KR73.png","type":"image\/png"}],"twitter_card":"summary_large_image","twitter_misc":{"\u01af\u1edbc t\u00ednh th\u1eddi gian \u0111\u1ecdc":"3 ph\u00fat"},"schema":{"@context":"https:\/\/schema.org","@graph":[{"@type":"WebPage","@id":"https:\/\/sipin.com.vn\/index.php\/product\/mitsubishi-hg-kr73\/","url":"https:\/\/sipin.com.vn\/index.php\/product\/mitsubishi-hg-kr73\/","name":"MITSUBISHI HG-KR73 - OMANI VI\u1ec6T NAM","isPartOf":{"@id":"https:\/\/sipin.com.vn\/#website"},"primaryImageOfPage":{"@id":"https:\/\/sipin.com.vn\/index.php\/product\/mitsubishi-hg-kr73\/#primaryimage"},"image":{"@id":"https:\/\/sipin.com.vn\/index.php\/product\/mitsubishi-hg-kr73\/#primaryimage"},"thumbnailUrl":"https:\/\/sipin.com.vn\/wp-content\/uploads\/2024\/10\/HG-KR73.png","datePublished":"2024-10-12T03:54:02+00:00","dateModified":"2024-10-12T03:54:02+00:00","breadcrumb":{"@id":"https:\/\/sipin.com.vn\/index.php\/product\/mitsubishi-hg-kr73\/#breadcrumb"},"inLanguage":"vi","potentialAction":[{"@type":"ReadAction","target":["https:\/\/sipin.com.vn\/index.php\/product\/mitsubishi-hg-kr73\/"]}]},{"@type":"ImageObject","inLanguage":"vi","@id":"https:\/\/sipin.com.vn\/index.php\/product\/mitsubishi-hg-kr73\/#primaryimage","url":"https:\/\/sipin.com.vn\/wp-content\/uploads\/2024\/10\/HG-KR73.png","contentUrl":"https:\/\/sipin.com.vn\/wp-content\/uploads\/2024\/10\/HG-KR73.png","width":529,"height":500},{"@type":"BreadcrumbList","@id":"https:\/\/sipin.com.vn\/index.php\/product\/mitsubishi-hg-kr73\/#breadcrumb","itemListElement":[{"@type":"ListItem","position":1,"name":"Home","item":"https:\/\/sipin.com.vn\/"},{"@type":"ListItem","position":2,"name":"S\u1ea2N PH\u1ea8M","item":"https:\/\/sipin.com.vn\/index.php\/cua-hang\/"},{"@type":"ListItem","position":3,"name":"MITSUBISHI HG-KR73"}]},{"@type":"WebSite","@id":"https:\/\/sipin.com.vn\/#website","url":"https:\/\/sipin.com.vn\/","name":"OMANI VI\u1ec6T NAM","description":"Nh\u00e0 ph\u00e2n ph\u1ed1i thi\u1ebft b\u1ecb kh\u00ed n\u00e9n v\u00e0 thi\u1ebft b\u1ecb t\u1ef1 \u0111\u1ed9ng h\u00f3a trong c\u00f4ng nghi\u1ec7p","publisher":{"@id":"https:\/\/sipin.com.vn\/#\/schema\/person\/0ad398a980dc3fd696111c2c5c8fa897"},"potentialAction":[{"@type":"SearchAction","target":{"@type":"EntryPoint","urlTemplate":"https:\/\/sipin.com.vn\/?s={search_term_string}"},"query-input":"required name=search_term_string"}],"inLanguage":"vi"},{"@type":["Person","Organization"],"@id":"https:\/\/sipin.com.vn\/#\/schema\/person\/0ad398a980dc3fd696111c2c5c8fa897","name":"Nguy\u1ec5n V\u0103n Kh\u00e1nh","image":{"@type":"ImageObject","inLanguage":"vi","@id":"https:\/\/sipin.com.vn\/#\/schema\/person\/image\/","url":"https:\/\/sipin.com.vn\/wp-content\/uploads\/2024\/06\/logo-1024x1024.png","contentUrl":"https:\/\/sipin.com.vn\/wp-content\/uploads\/2024\/06\/logo-1024x1024.png","width":1024,"height":1024,"caption":"Nguy\u1ec5n V\u0103n Kh\u00e1nh"},"logo":{"@id":"https:\/\/sipin.com.vn\/#\/schema\/person\/image\/"},"sameAs":["https:\/\/sipin.com.vn"]}]}},"_links":{"self":[{"href":"https:\/\/sipin.com.vn\/index.php\/wp-json\/wp\/v2\/product\/2100","targetHints":{"allow":["GET"]}}],"collection":[{"href":"https:\/\/sipin.com.vn\/index.php\/wp-json\/wp\/v2\/product"}],"about":[{"href":"https:\/\/sipin.com.vn\/index.php\/wp-json\/wp\/v2\/types\/product"}],"replies":[{"embeddable":true,"href":"https:\/\/sipin.com.vn\/index.php\/wp-json\/wp\/v2\/comments?post=2100"}],"wp:featuredmedia":[{"embeddable":true,"href":"https:\/\/sipin.com.vn\/index.php\/wp-json\/wp\/v2\/media\/2101"}],"wp:attachment":[{"href":"https:\/\/sipin.com.vn\/index.php\/wp-json\/wp\/v2\/media?parent=2100"}],"wp:term":[{"taxonomy":"product_cat","embeddable":true,"href":"https:\/\/sipin.com.vn\/index.php\/wp-json\/wp\/v2\/product_cat?post=2100"},{"taxonomy":"product_tag","embeddable":true,"href":"https:\/\/sipin.com.vn\/index.php\/wp-json\/wp\/v2\/product_tag?post=2100"}],"curies":[{"name":"wp","href":"https:\/\/api.w.org\/{rel}","templated":true}]}}