{"id":2065,"date":"2024-10-10T06:02:13","date_gmt":"2024-10-09T23:02:13","guid":{"rendered":"https:\/\/omanivietnam.com\/?post_type=product&#038;p=2065"},"modified":"2024-10-10T06:03:11","modified_gmt":"2024-10-09T23:03:11","slug":"smc-aw40-n04bg-z-b","status":"publish","type":"product","link":"https:\/\/sipin.com.vn\/index.php\/product\/smc-aw40-n04bg-z-b\/","title":{"rendered":"SMC AW40-N04BG-Z-B"},"content":{"rendered":"<p>SMC AW40-N04BG-Z-B<\/p>\n<p>SMC AW40-N04BG-2Z-B<\/p>\n<p>SMC AW40-N04BG-6Z-B<\/p>\n<p class=\"product-display-name OneLinkNoTx\">SMC Corporation AW40-N04BG-Z-B<\/p>\n<p class=\"product-display-description\">Filter Regulator, modular, 1\/2NPT, airline, brkt, gauge<\/p>\n<p class=\"p-subtitle overview-header\">Overview<\/p>\n<div class=\"exp-coll-mobile exp-coll-mobile-expanded\">\n<div class=\"exp-coll-mobile-container\">\n<div class=\"exp-coll-mobile-content\"><strong>Modular Filter Regulator AW20 &#8211; AW40<\/strong><br \/>\nModular filter regulators from SMC. The AW Series of filter regulators are now easier to replace as the element and the bowl are now in one piece. This range also features a transparent bowl guard with body sizes over 30. The range is interchangeable allowing for easier mounting to suit your installlation needs and connection with SMC&#8217;s modular mist separators and lubricators.<\/div>\n<\/div>\n<div>\n<p class=\"m-h2\">Product Description<\/p>\n<p>Filter regulators and filter regulators with backflow function, with both filter and regulator integrated in one unit.<br \/>\n[Features]<br \/>\n\u00b7 Helps save on space, and requires less piping.<\/p>\n<\/div>\n<p class=\"m-h3\"><span data-lang=\"ENG\">Configured Specifications<\/span><\/p>\n<table class=\"m-listTable\" summary=\"Price, Spec., etc.\">\n<colgroup>\n<col width=\"20%\" \/>\n<col width=\"30%\" \/>\n<col width=\"20%\" \/>\n<col width=\"30%\" \/><\/colgroup>\n<tbody>\n<tr>\n<th>Regulator Unit Combination<\/th>\n<td>Filter Regulator<\/td>\n<th>Connection Dia.<\/th>\n<td>1\/2NPT<\/td>\n<\/tr>\n<tr>\n<th>Filter, Filtration Level<\/th>\n<td>5\u03bcm<\/td>\n<th>Compressed Air Quality<\/th>\n<td>General Dry Air<\/td>\n<\/tr>\n<tr>\n<th>Max. Operating Pressure(MPa)<\/th>\n<td>1<\/td>\n<th>Case Material<\/th>\n<td>[Plastic] Polycarbonate Case<\/td>\n<\/tr>\n<tr>\n<th>Case Guard<\/th>\n<td>Presence<\/td>\n<th>Exhaust Structure<\/th>\n<td>Relief type<\/td>\n<\/tr>\n<tr>\n<th>Flow Direction<\/th>\n<td>[Standard Flow (Left to Right)] Standard Flow (Left to Right)<\/td>\n<th>Drain Cock<\/th>\n<td>[Manual] Manual<\/td>\n<\/tr>\n<tr>\n<th>Pressure Gauge<\/th>\n<td>[With Standard Pressure Gauge] Square type inserted pressure gauge (with limit indicator)<\/td>\n<th>Size of Body<\/th>\n<td>40<\/td>\n<\/tr>\n<tr class=\"VN_table-row\">\n<th>Set Pressure<\/th>\n<td>0.05 to 0.85\u00a0MPa<\/td>\n<th>Drain Outlet<\/th>\n<td>With drain cock<\/td>\n<\/tr>\n<tr class=\"VN_table-row\">\n<th>Pressure Unit<\/th>\n<td>Product name plate, case caution display, pressure gauge unit notation: MPa<\/td>\n<th>Made to order specifications<\/th>\n<td>None<\/td>\n<\/tr>\n<tr class=\"VN_table-row\">\n<th>Filter regulator backflow function<\/th>\n<td>None<\/td>\n<th>Accessories<\/th>\n<td>None<\/td>\n<\/tr>\n<tr class=\"VN_table-row\">\n<th>RoHS<\/th>\n<td>&#8211;<\/td>\n<th>&#8211;<\/th>\n<td>&#8211;<\/td>\n<\/tr>\n<\/tbody>\n<\/table>\n<div><\/div>\n<div>\n<p>\u0110\u1ea1i l\u00fd SMC vietnam, SMC viet nam, SMC vietnam distributor, Ph\u00e2n ph\u1ed1i SMC t\u1ea1i vi\u1ec7t nam<\/p>\n<p>\u0110\u1ea1i l\u00fd SMC vietnam, SMC viet nam, SMC vietnam distributor, Ph\u00e2n ph\u1ed1i SMC t\u1ea1i vi\u1ec7t nam<\/p>\n<p>\u0110\u1ea1i l\u00fd SMC vietnam, SMC viet nam, SMC vietnam distributor, Ph\u00e2n ph\u1ed1i SMC t\u1ea1i vi\u1ec7t nam<\/p>\n<p>\u0110\u1ea1i l\u00fd SMC vietnam, SMC viet nam, SMC vietnam distributor, Ph\u00e2n ph\u1ed1i SMC t\u1ea1i vi\u1ec7t nam<\/p>\n<p>\u0110\u1ea1i l\u00fd SMC vietnam, SMC viet nam, SMC vietnam distributor, Ph\u00e2n ph\u1ed1i SMC t\u1ea1i vi\u1ec7t nam<\/p>\n<\/div>\n<\/div>\n","protected":false},"excerpt":{"rendered":"<p>SMC AW40-N04BG-Z-B SMC AW40-N04BG-2Z-B SMC AW40-N04BG-6Z-B SMC Corporation AW40-N04BG-Z-B Filter Regulator, modular, 1\/2NPT, airline, brkt, gauge Overview Modular Filter Regulator AW20 &#8211; AW40 Modular filter regulators from SMC. The AW Series of filter regulators are now easier to replace as the element and the bowl are now in one piece.&hellip; <\/p>\n","protected":false},"featured_media":2066,"comment_status":"open","ping_status":"closed","template":"","meta":{"om_disable_all_campaigns":false,"_monsterinsights_skip_tracking":false,"_monsterinsights_sitenote_active":false,"_monsterinsights_sitenote_note":"","_monsterinsights_sitenote_category":0},"product_cat":[15],"product_tag":[93,92,350],"class_list":{"0":"post-2065","1":"product","2":"type-product","3":"status-publish","4":"has-post-thumbnail","6":"product_cat-apex","7":"product_tag-dai-ly-smc-viet-nam","8":"product_tag-smc-viet-nam","9":"product_tag-thiet-bi-loc-khi","11":"first","12":"instock","13":"shipping-taxable","14":"product-type-simple"},"aioseo_notices":[],"yoast_head":"<!-- This site is optimized with the Yoast SEO plugin v22.8 - https:\/\/yoast.com\/wordpress\/plugins\/seo\/ -->\n<title>SMC AW40-N04BG-Z-B - OMANI VI\u1ec6T NAM<\/title>\n<meta name=\"robots\" content=\"index, follow, max-snippet:-1, max-image-preview:large, max-video-preview:-1\" \/>\n<link rel=\"canonical\" href=\"https:\/\/sipin.com.vn\/index.php\/product\/smc-aw40-n04bg-z-b\/\" \/>\n<meta property=\"og:locale\" content=\"vi_VN\" \/>\n<meta property=\"og:type\" content=\"article\" \/>\n<meta property=\"og:title\" content=\"SMC AW40-N04BG-Z-B - OMANI VI\u1ec6T NAM\" \/>\n<meta property=\"og:description\" content=\"SMC AW40-N04BG-Z-B SMC AW40-N04BG-2Z-B SMC AW40-N04BG-6Z-B SMC Corporation AW40-N04BG-Z-B Filter Regulator, modular, 1\/2NPT, airline, brkt, gauge Overview Modular Filter Regulator AW20 &#8211; AW40 Modular filter regulators from SMC. The AW Series of filter regulators are now easier to replace as the element and the bowl are now in one piece.&hellip;\" \/>\n<meta property=\"og:url\" content=\"https:\/\/sipin.com.vn\/index.php\/product\/smc-aw40-n04bg-z-b\/\" \/>\n<meta property=\"og:site_name\" content=\"OMANI VI\u1ec6T NAM\" \/>\n<meta property=\"article:modified_time\" content=\"2024-10-09T23:03:11+00:00\" \/>\n<meta property=\"og:image\" content=\"https:\/\/sipin.com.vn\/wp-content\/uploads\/2024\/10\/AW40-N04BG-Z-B.png\" \/>\n\t<meta property=\"og:image:width\" content=\"323\" \/>\n\t<meta property=\"og:image:height\" content=\"333\" \/>\n\t<meta property=\"og:image:type\" content=\"image\/png\" \/>\n<meta name=\"twitter:card\" content=\"summary_large_image\" \/>\n<meta name=\"twitter:label1\" content=\"\u01af\u1edbc t\u00ednh th\u1eddi gian \u0111\u1ecdc\" \/>\n\t<meta name=\"twitter:data1\" content=\"2 ph\u00fat\" \/>\n<script type=\"application\/ld+json\" class=\"yoast-schema-graph\">{\"@context\":\"https:\/\/schema.org\",\"@graph\":[{\"@type\":\"WebPage\",\"@id\":\"https:\/\/sipin.com.vn\/index.php\/product\/smc-aw40-n04bg-z-b\/\",\"url\":\"https:\/\/sipin.com.vn\/index.php\/product\/smc-aw40-n04bg-z-b\/\",\"name\":\"SMC AW40-N04BG-Z-B - OMANI VI\u1ec6T NAM\",\"isPartOf\":{\"@id\":\"https:\/\/sipin.com.vn\/#website\"},\"primaryImageOfPage\":{\"@id\":\"https:\/\/sipin.com.vn\/index.php\/product\/smc-aw40-n04bg-z-b\/#primaryimage\"},\"image\":{\"@id\":\"https:\/\/sipin.com.vn\/index.php\/product\/smc-aw40-n04bg-z-b\/#primaryimage\"},\"thumbnailUrl\":\"https:\/\/sipin.com.vn\/wp-content\/uploads\/2024\/10\/AW40-N04BG-Z-B.png\",\"datePublished\":\"2024-10-09T23:02:13+00:00\",\"dateModified\":\"2024-10-09T23:03:11+00:00\",\"breadcrumb\":{\"@id\":\"https:\/\/sipin.com.vn\/index.php\/product\/smc-aw40-n04bg-z-b\/#breadcrumb\"},\"inLanguage\":\"vi\",\"potentialAction\":[{\"@type\":\"ReadAction\",\"target\":[\"https:\/\/sipin.com.vn\/index.php\/product\/smc-aw40-n04bg-z-b\/\"]}]},{\"@type\":\"ImageObject\",\"inLanguage\":\"vi\",\"@id\":\"https:\/\/sipin.com.vn\/index.php\/product\/smc-aw40-n04bg-z-b\/#primaryimage\",\"url\":\"https:\/\/sipin.com.vn\/wp-content\/uploads\/2024\/10\/AW40-N04BG-Z-B.png\",\"contentUrl\":\"https:\/\/sipin.com.vn\/wp-content\/uploads\/2024\/10\/AW40-N04BG-Z-B.png\",\"width\":323,\"height\":333},{\"@type\":\"BreadcrumbList\",\"@id\":\"https:\/\/sipin.com.vn\/index.php\/product\/smc-aw40-n04bg-z-b\/#breadcrumb\",\"itemListElement\":[{\"@type\":\"ListItem\",\"position\":1,\"name\":\"Home\",\"item\":\"https:\/\/sipin.com.vn\/\"},{\"@type\":\"ListItem\",\"position\":2,\"name\":\"S\u1ea2N PH\u1ea8M\",\"item\":\"https:\/\/sipin.com.vn\/index.php\/cua-hang\/\"},{\"@type\":\"ListItem\",\"position\":3,\"name\":\"SMC AW40-N04BG-Z-B\"}]},{\"@type\":\"WebSite\",\"@id\":\"https:\/\/sipin.com.vn\/#website\",\"url\":\"https:\/\/sipin.com.vn\/\",\"name\":\"OMANI VI\u1ec6T NAM\",\"description\":\"Nh\u00e0 ph\u00e2n ph\u1ed1i thi\u1ebft b\u1ecb kh\u00ed n\u00e9n v\u00e0 thi\u1ebft b\u1ecb t\u1ef1 \u0111\u1ed9ng h\u00f3a trong c\u00f4ng nghi\u1ec7p\",\"publisher\":{\"@id\":\"https:\/\/sipin.com.vn\/#\/schema\/person\/0ad398a980dc3fd696111c2c5c8fa897\"},\"potentialAction\":[{\"@type\":\"SearchAction\",\"target\":{\"@type\":\"EntryPoint\",\"urlTemplate\":\"https:\/\/sipin.com.vn\/?s={search_term_string}\"},\"query-input\":\"required name=search_term_string\"}],\"inLanguage\":\"vi\"},{\"@type\":[\"Person\",\"Organization\"],\"@id\":\"https:\/\/sipin.com.vn\/#\/schema\/person\/0ad398a980dc3fd696111c2c5c8fa897\",\"name\":\"Nguy\u1ec5n V\u0103n Kh\u00e1nh\",\"image\":{\"@type\":\"ImageObject\",\"inLanguage\":\"vi\",\"@id\":\"https:\/\/sipin.com.vn\/#\/schema\/person\/image\/\",\"url\":\"https:\/\/sipin.com.vn\/wp-content\/uploads\/2024\/06\/logo-1024x1024.png\",\"contentUrl\":\"https:\/\/sipin.com.vn\/wp-content\/uploads\/2024\/06\/logo-1024x1024.png\",\"width\":1024,\"height\":1024,\"caption\":\"Nguy\u1ec5n V\u0103n Kh\u00e1nh\"},\"logo\":{\"@id\":\"https:\/\/sipin.com.vn\/#\/schema\/person\/image\/\"},\"sameAs\":[\"https:\/\/sipin.com.vn\"]}]}<\/script>\n<!-- \/ Yoast SEO plugin. -->","yoast_head_json":{"title":"SMC AW40-N04BG-Z-B - OMANI VI\u1ec6T NAM","robots":{"index":"index","follow":"follow","max-snippet":"max-snippet:-1","max-image-preview":"max-image-preview:large","max-video-preview":"max-video-preview:-1"},"canonical":"https:\/\/sipin.com.vn\/index.php\/product\/smc-aw40-n04bg-z-b\/","og_locale":"vi_VN","og_type":"article","og_title":"SMC AW40-N04BG-Z-B - OMANI VI\u1ec6T NAM","og_description":"SMC AW40-N04BG-Z-B SMC AW40-N04BG-2Z-B SMC AW40-N04BG-6Z-B SMC Corporation AW40-N04BG-Z-B Filter Regulator, modular, 1\/2NPT, airline, brkt, gauge Overview Modular Filter Regulator AW20 &#8211; AW40 Modular filter regulators from SMC. The AW Series of filter regulators are now easier to replace as the element and the bowl are now in one piece.&hellip;","og_url":"https:\/\/sipin.com.vn\/index.php\/product\/smc-aw40-n04bg-z-b\/","og_site_name":"OMANI VI\u1ec6T NAM","article_modified_time":"2024-10-09T23:03:11+00:00","og_image":[{"width":323,"height":333,"url":"https:\/\/sipin.com.vn\/wp-content\/uploads\/2024\/10\/AW40-N04BG-Z-B.png","type":"image\/png"}],"twitter_card":"summary_large_image","twitter_misc":{"\u01af\u1edbc t\u00ednh th\u1eddi gian \u0111\u1ecdc":"2 ph\u00fat"},"schema":{"@context":"https:\/\/schema.org","@graph":[{"@type":"WebPage","@id":"https:\/\/sipin.com.vn\/index.php\/product\/smc-aw40-n04bg-z-b\/","url":"https:\/\/sipin.com.vn\/index.php\/product\/smc-aw40-n04bg-z-b\/","name":"SMC AW40-N04BG-Z-B - OMANI VI\u1ec6T NAM","isPartOf":{"@id":"https:\/\/sipin.com.vn\/#website"},"primaryImageOfPage":{"@id":"https:\/\/sipin.com.vn\/index.php\/product\/smc-aw40-n04bg-z-b\/#primaryimage"},"image":{"@id":"https:\/\/sipin.com.vn\/index.php\/product\/smc-aw40-n04bg-z-b\/#primaryimage"},"thumbnailUrl":"https:\/\/sipin.com.vn\/wp-content\/uploads\/2024\/10\/AW40-N04BG-Z-B.png","datePublished":"2024-10-09T23:02:13+00:00","dateModified":"2024-10-09T23:03:11+00:00","breadcrumb":{"@id":"https:\/\/sipin.com.vn\/index.php\/product\/smc-aw40-n04bg-z-b\/#breadcrumb"},"inLanguage":"vi","potentialAction":[{"@type":"ReadAction","target":["https:\/\/sipin.com.vn\/index.php\/product\/smc-aw40-n04bg-z-b\/"]}]},{"@type":"ImageObject","inLanguage":"vi","@id":"https:\/\/sipin.com.vn\/index.php\/product\/smc-aw40-n04bg-z-b\/#primaryimage","url":"https:\/\/sipin.com.vn\/wp-content\/uploads\/2024\/10\/AW40-N04BG-Z-B.png","contentUrl":"https:\/\/sipin.com.vn\/wp-content\/uploads\/2024\/10\/AW40-N04BG-Z-B.png","width":323,"height":333},{"@type":"BreadcrumbList","@id":"https:\/\/sipin.com.vn\/index.php\/product\/smc-aw40-n04bg-z-b\/#breadcrumb","itemListElement":[{"@type":"ListItem","position":1,"name":"Home","item":"https:\/\/sipin.com.vn\/"},{"@type":"ListItem","position":2,"name":"S\u1ea2N PH\u1ea8M","item":"https:\/\/sipin.com.vn\/index.php\/cua-hang\/"},{"@type":"ListItem","position":3,"name":"SMC AW40-N04BG-Z-B"}]},{"@type":"WebSite","@id":"https:\/\/sipin.com.vn\/#website","url":"https:\/\/sipin.com.vn\/","name":"OMANI VI\u1ec6T NAM","description":"Nh\u00e0 ph\u00e2n ph\u1ed1i thi\u1ebft b\u1ecb kh\u00ed n\u00e9n v\u00e0 thi\u1ebft b\u1ecb t\u1ef1 \u0111\u1ed9ng h\u00f3a trong c\u00f4ng nghi\u1ec7p","publisher":{"@id":"https:\/\/sipin.com.vn\/#\/schema\/person\/0ad398a980dc3fd696111c2c5c8fa897"},"potentialAction":[{"@type":"SearchAction","target":{"@type":"EntryPoint","urlTemplate":"https:\/\/sipin.com.vn\/?s={search_term_string}"},"query-input":"required name=search_term_string"}],"inLanguage":"vi"},{"@type":["Person","Organization"],"@id":"https:\/\/sipin.com.vn\/#\/schema\/person\/0ad398a980dc3fd696111c2c5c8fa897","name":"Nguy\u1ec5n V\u0103n Kh\u00e1nh","image":{"@type":"ImageObject","inLanguage":"vi","@id":"https:\/\/sipin.com.vn\/#\/schema\/person\/image\/","url":"https:\/\/sipin.com.vn\/wp-content\/uploads\/2024\/06\/logo-1024x1024.png","contentUrl":"https:\/\/sipin.com.vn\/wp-content\/uploads\/2024\/06\/logo-1024x1024.png","width":1024,"height":1024,"caption":"Nguy\u1ec5n V\u0103n Kh\u00e1nh"},"logo":{"@id":"https:\/\/sipin.com.vn\/#\/schema\/person\/image\/"},"sameAs":["https:\/\/sipin.com.vn"]}]}},"_links":{"self":[{"href":"https:\/\/sipin.com.vn\/index.php\/wp-json\/wp\/v2\/product\/2065","targetHints":{"allow":["GET"]}}],"collection":[{"href":"https:\/\/sipin.com.vn\/index.php\/wp-json\/wp\/v2\/product"}],"about":[{"href":"https:\/\/sipin.com.vn\/index.php\/wp-json\/wp\/v2\/types\/product"}],"replies":[{"embeddable":true,"href":"https:\/\/sipin.com.vn\/index.php\/wp-json\/wp\/v2\/comments?post=2065"}],"wp:featuredmedia":[{"embeddable":true,"href":"https:\/\/sipin.com.vn\/index.php\/wp-json\/wp\/v2\/media\/2066"}],"wp:attachment":[{"href":"https:\/\/sipin.com.vn\/index.php\/wp-json\/wp\/v2\/media?parent=2065"}],"wp:term":[{"taxonomy":"product_cat","embeddable":true,"href":"https:\/\/sipin.com.vn\/index.php\/wp-json\/wp\/v2\/product_cat?post=2065"},{"taxonomy":"product_tag","embeddable":true,"href":"https:\/\/sipin.com.vn\/index.php\/wp-json\/wp\/v2\/product_tag?post=2065"}],"curies":[{"name":"wp","href":"https:\/\/api.w.org\/{rel}","templated":true}]}}