{"id":2001,"date":"2024-10-05T22:04:51","date_gmt":"2024-10-05T15:04:51","guid":{"rendered":"https:\/\/omanivietnam.com\/?post_type=product&#038;p=2001"},"modified":"2025-04-09T22:55:08","modified_gmt":"2025-04-09T15:55:08","slug":"omron-e3s-ls3nw-2m","status":"publish","type":"product","link":"https:\/\/sipin.com.vn\/index.php\/product\/omron-e3s-ls3nw-2m\/","title":{"rendered":"OMRON E3S-LS3NW 2M"},"content":{"rendered":"<p>OMRON E3S-LS3NW 2M<\/p>\n<p class=\"m-h2\">Product Description<\/p>\n<p>Stable detection is possible without being influenced by holes and notches in the board<\/p>\n<p>[Features]<br \/>\n\u00b7 A narrow type, suitable for built-in equipment. (form E3S-LS3\u25a1).<br \/>\n\u00b7 Wide range type ideal for mounting boards with high back parts (type E3S-LS3 \u25a1W).<br \/>\n\u00b7 With a timer function, also PNP output assortment<\/p>\n<p class=\"m-h3\"><span data-lang=\"ENG\">Configured Specifications<\/span><\/p>\n<table class=\"m-listTable\" summary=\"Price, Spec., etc.\">\n<colgroup>\n<col width=\"20%\" \/>\n<col width=\"30%\" \/>\n<col width=\"20%\" \/>\n<col width=\"30%\" \/><\/colgroup>\n<tbody>\n<tr>\n<th>Type<\/th>\n<td>[Photoelectric Sensor] Photoelectric sensor<\/td>\n<th>Detected Objects<\/th>\n<td>Opaque Objects<\/td>\n<\/tr>\n<tr>\n<th>Detection Method<\/th>\n<td>Retro reflective<\/td>\n<th>Light Axis Arrangement Type<\/th>\n<td>Emitting and Receiving Integrated Single Use<\/td>\n<\/tr>\n<tr>\n<th>Beam Shape<\/th>\n<td>[Wide] Area Beam<\/td>\n<th>Light Source<\/th>\n<td>[Red] Red light emitting diode<\/td>\n<\/tr>\n<tr>\n<th>Head Shape<\/th>\n<td>[Square] Square shape<\/td>\n<th>Case Material<\/th>\n<td>[Plastic] ABS<\/td>\n<\/tr>\n<tr>\n<th>Amplifier Installation Type<\/th>\n<td>Amplifier Built-in Type<\/td>\n<th>Detection distance \u3010classification\u3011(mm)<\/th>\n<td>~20<\/td>\n<\/tr>\n<tr>\n<th>Reflection type detection method<\/th>\n<td>Limited Reflective Type<\/td>\n<th>Operating Environment<\/th>\n<td>Standard \/ Cold Resistance<\/td>\n<\/tr>\n<tr class=\"VN_table-row\">\n<th>Ambient Operating Temperature(\u00b0C)<\/th>\n<td>-10\uff5e55<\/td>\n<th>Ambient Operating Temperature(%)<\/th>\n<td>35\uff5e85<\/td>\n<\/tr>\n<tr class=\"VN_table-row\">\n<th>Protection Structure<\/th>\n<td>IP40<\/td>\n<th>Head maximum size width(mm)<\/th>\n<td>19.6<\/td>\n<\/tr>\n<tr class=\"VN_table-row\">\n<th>Head maximum size height(mm)<\/th>\n<td>10<\/td>\n<th>Head maximum size, depth(mm)<\/th>\n<td>34<\/td>\n<\/tr>\n<tr class=\"VN_table-row\">\n<th>Power Supply Voltage(V)<\/th>\n<td>12-24 V DC<\/td>\n<th>Output Mode<\/th>\n<td>NPN open-collector<\/td>\n<\/tr>\n<tr class=\"VN_table-row\">\n<th>Operation Mode<\/th>\n<td>Light-ON<\/td>\n<th>Connection Method<\/th>\n<td>Pre-wired<\/td>\n<\/tr>\n<tr class=\"VN_table-row\">\n<th>Cable length(m)<\/th>\n<td>2<\/td>\n<th>Strength (tightening)(N\u00b7m)<\/th>\n<td>0.54 (M3 screws)<\/td>\n<\/tr>\n<tr class=\"VN_table-row\">\n<th>Material (detection head)<\/th>\n<td>Methacrylic Resin<\/td>\n<th>Detection Distance details(mm)<\/th>\n<td>10<\/td>\n<\/tr>\n<\/tbody>\n<\/table>\n<p>&nbsp;<\/p>\n<div class=\"content-tab__title w-100\">\n<p>Th\u00f4ng s\u1ed1 k\u1ef9 thu\u1eadt \u201cC\u1ea3m bi\u1ebfn quang E3S-LS3NW 2M Omron\u201d<\/p>\n<\/div>\n<ul>\n<li><span class=\"title\">T\u00ean s\u1ea3n ph\u1ea9m<\/span><span class=\"content\">C\u1ea3m bi\u1ebfn quang E3S-LS3NW 2M Omron<\/span><\/li>\n<li><span class=\"title\">H\u00ecnh d\u00e1ng<\/span><span class=\"content\">Lo\u1ea1i h\u00ecnh h\u1ed9p<\/span><\/li>\n<li><span class=\"title\">Kho\u1ea3ng c\u00e1ch ph\u00e1t hi\u1ec7n<\/span><span class=\"content\">10-60mm<\/span><\/li>\n<li><span class=\"title\">Lo\u1ea1i ph\u00e1t hi\u1ec7n<\/span><span class=\"content\">Ph\u1ea3n x\u1ea1 khu\u1ebfch t\u00e1n<\/span><\/li>\n<li><span class=\"title\">Ch\u1ea5t li\u1ec7u c\u1ea3m bi\u1ebfn<\/span><span class=\"content\">PCB Sensors<\/span><\/li>\n<li><span class=\"title\">K\u1ebft n\u1ed1i<\/span><span class=\"content\">Lo\u1ea1i c\u00e1p<\/span><\/li>\n<li><span class=\"title\">\u0110i\u1ec7n \u00e1p cung c\u1ea5p<\/span><span class=\"content\">12-24VDC<\/span><\/li>\n<\/ul>\n<ul>\n<li><span class=\"title\">\u0110\u1ea7u ra \u0111i\u1ec1u khi\u1ec3n<\/span><span class=\"content\">NPN\/PNP Collector h\u1edf<\/span><\/li>\n<li><span class=\"title\">Ch\u1ebf \u0111\u1ed9 ho\u1ea1t \u0111\u1ed9ng<\/span><span class=\"content\">Light ON<\/span><\/li>\n<li><span class=\"title\">Ngu\u1ed3n s\u00e1ng<\/span><span class=\"content\">LED \u0110\u1ecf<\/span><\/li>\n<li><span class=\"title\">K\u00edch th\u01b0\u1edbc<\/span><span class=\"content\">34&#215;19.3&#215;10<\/span><\/li>\n<li><span class=\"title\">\u0110\u01a1n v\u1ecb t\u00ednh<\/span><span class=\"content\">Pcs<\/span><\/li>\n<li><span class=\"title\">S\u1ed1 l\u01b0\u1ee3ng trong 1 h\u1ed9p<\/span><span class=\"content\">1<\/span><\/li>\n<\/ul>\n","protected":false},"excerpt":{"rendered":"<p>OMRON E3S-LS3NW 2M Product Description Stable detection is possible without being influenced by holes and notches in the board [Features] \u00b7 A narrow type, suitable for built-in equipment. (form E3S-LS3\u25a1). \u00b7 Wide range type ideal for mounting boards with high back parts (type E3S-LS3 \u25a1W). \u00b7 With a timer function,&hellip; <\/p>\n","protected":false},"featured_media":2002,"comment_status":"open","ping_status":"closed","template":"","meta":{"om_disable_all_campaigns":false,"_monsterinsights_skip_tracking":false,"_monsterinsights_sitenote_active":false,"_monsterinsights_sitenote_note":"","_monsterinsights_sitenote_category":0},"product_cat":[15],"product_tag":[88,105,104],"class_list":{"0":"post-2001","1":"product","2":"type-product","3":"status-publish","4":"has-post-thumbnail","6":"product_cat-apex","7":"product_tag-cam-bien","8":"product_tag-dai-ly-omron-viet-nam","9":"product_tag-omron-viet-nam","11":"first","12":"instock","13":"shipping-taxable","14":"product-type-simple"},"aioseo_notices":[],"yoast_head":"<!-- This site is optimized with the Yoast SEO plugin v22.8 - https:\/\/yoast.com\/wordpress\/plugins\/seo\/ -->\n<title>OMRON E3S-LS3NW 2M - OMANI VI\u1ec6T NAM<\/title>\n<meta name=\"description\" content=\"OMRON E3S-LS3NW photoelectric sensor\" \/>\n<meta name=\"robots\" content=\"index, follow, max-snippet:-1, max-image-preview:large, max-video-preview:-1\" \/>\n<link rel=\"canonical\" href=\"https:\/\/sipin.com.vn\/index.php\/product\/omron-e3s-ls3nw-2m\/\" \/>\n<meta property=\"og:locale\" content=\"vi_VN\" \/>\n<meta property=\"og:type\" content=\"article\" \/>\n<meta property=\"og:title\" content=\"OMRON E3S-LS3NW 2M - OMANI VI\u1ec6T NAM\" \/>\n<meta property=\"og:description\" content=\"OMRON E3S-LS3NW photoelectric sensor\" \/>\n<meta property=\"og:url\" content=\"https:\/\/sipin.com.vn\/index.php\/product\/omron-e3s-ls3nw-2m\/\" \/>\n<meta property=\"og:site_name\" content=\"OMANI VI\u1ec6T NAM\" \/>\n<meta property=\"article:modified_time\" content=\"2025-04-09T15:55:08+00:00\" \/>\n<meta property=\"og:image\" content=\"https:\/\/sipin.com.vn\/wp-content\/uploads\/2024\/10\/E3S-LS3NW-2M.png\" \/>\n\t<meta property=\"og:image:width\" content=\"664\" \/>\n\t<meta property=\"og:image:height\" content=\"555\" \/>\n\t<meta property=\"og:image:type\" content=\"image\/png\" \/>\n<meta name=\"twitter:card\" content=\"summary_large_image\" \/>\n<meta name=\"twitter:label1\" content=\"\u01af\u1edbc t\u00ednh th\u1eddi gian \u0111\u1ecdc\" \/>\n\t<meta name=\"twitter:data1\" content=\"2 ph\u00fat\" \/>\n<script type=\"application\/ld+json\" class=\"yoast-schema-graph\">{\"@context\":\"https:\/\/schema.org\",\"@graph\":[{\"@type\":\"WebPage\",\"@id\":\"https:\/\/sipin.com.vn\/index.php\/product\/omron-e3s-ls3nw-2m\/\",\"url\":\"https:\/\/sipin.com.vn\/index.php\/product\/omron-e3s-ls3nw-2m\/\",\"name\":\"OMRON E3S-LS3NW 2M - OMANI VI\u1ec6T NAM\",\"isPartOf\":{\"@id\":\"https:\/\/sipin.com.vn\/#website\"},\"primaryImageOfPage\":{\"@id\":\"https:\/\/sipin.com.vn\/index.php\/product\/omron-e3s-ls3nw-2m\/#primaryimage\"},\"image\":{\"@id\":\"https:\/\/sipin.com.vn\/index.php\/product\/omron-e3s-ls3nw-2m\/#primaryimage\"},\"thumbnailUrl\":\"https:\/\/sipin.com.vn\/wp-content\/uploads\/2024\/10\/E3S-LS3NW-2M.png\",\"datePublished\":\"2024-10-05T15:04:51+00:00\",\"dateModified\":\"2025-04-09T15:55:08+00:00\",\"description\":\"OMRON E3S-LS3NW photoelectric sensor\",\"breadcrumb\":{\"@id\":\"https:\/\/sipin.com.vn\/index.php\/product\/omron-e3s-ls3nw-2m\/#breadcrumb\"},\"inLanguage\":\"vi\",\"potentialAction\":[{\"@type\":\"ReadAction\",\"target\":[\"https:\/\/sipin.com.vn\/index.php\/product\/omron-e3s-ls3nw-2m\/\"]}]},{\"@type\":\"ImageObject\",\"inLanguage\":\"vi\",\"@id\":\"https:\/\/sipin.com.vn\/index.php\/product\/omron-e3s-ls3nw-2m\/#primaryimage\",\"url\":\"https:\/\/sipin.com.vn\/wp-content\/uploads\/2024\/10\/E3S-LS3NW-2M.png\",\"contentUrl\":\"https:\/\/sipin.com.vn\/wp-content\/uploads\/2024\/10\/E3S-LS3NW-2M.png\",\"width\":664,\"height\":555},{\"@type\":\"BreadcrumbList\",\"@id\":\"https:\/\/sipin.com.vn\/index.php\/product\/omron-e3s-ls3nw-2m\/#breadcrumb\",\"itemListElement\":[{\"@type\":\"ListItem\",\"position\":1,\"name\":\"Home\",\"item\":\"https:\/\/sipin.com.vn\/\"},{\"@type\":\"ListItem\",\"position\":2,\"name\":\"S\u1ea2N PH\u1ea8M\",\"item\":\"https:\/\/sipin.com.vn\/index.php\/cua-hang\/\"},{\"@type\":\"ListItem\",\"position\":3,\"name\":\"OMRON E3S-LS3NW 2M\"}]},{\"@type\":\"WebSite\",\"@id\":\"https:\/\/sipin.com.vn\/#website\",\"url\":\"https:\/\/sipin.com.vn\/\",\"name\":\"OMANI VI\u1ec6T NAM\",\"description\":\"Nh\u00e0 ph\u00e2n ph\u1ed1i thi\u1ebft b\u1ecb kh\u00ed n\u00e9n v\u00e0 thi\u1ebft b\u1ecb t\u1ef1 \u0111\u1ed9ng h\u00f3a trong c\u00f4ng nghi\u1ec7p\",\"publisher\":{\"@id\":\"https:\/\/sipin.com.vn\/#\/schema\/person\/0ad398a980dc3fd696111c2c5c8fa897\"},\"potentialAction\":[{\"@type\":\"SearchAction\",\"target\":{\"@type\":\"EntryPoint\",\"urlTemplate\":\"https:\/\/sipin.com.vn\/?s={search_term_string}\"},\"query-input\":\"required name=search_term_string\"}],\"inLanguage\":\"vi\"},{\"@type\":[\"Person\",\"Organization\"],\"@id\":\"https:\/\/sipin.com.vn\/#\/schema\/person\/0ad398a980dc3fd696111c2c5c8fa897\",\"name\":\"Nguy\u1ec5n V\u0103n Kh\u00e1nh\",\"image\":{\"@type\":\"ImageObject\",\"inLanguage\":\"vi\",\"@id\":\"https:\/\/sipin.com.vn\/#\/schema\/person\/image\/\",\"url\":\"https:\/\/sipin.com.vn\/wp-content\/uploads\/2024\/06\/logo-1024x1024.png\",\"contentUrl\":\"https:\/\/sipin.com.vn\/wp-content\/uploads\/2024\/06\/logo-1024x1024.png\",\"width\":1024,\"height\":1024,\"caption\":\"Nguy\u1ec5n V\u0103n Kh\u00e1nh\"},\"logo\":{\"@id\":\"https:\/\/sipin.com.vn\/#\/schema\/person\/image\/\"},\"sameAs\":[\"https:\/\/sipin.com.vn\"]}]}<\/script>\n<!-- \/ Yoast SEO plugin. -->","yoast_head_json":{"title":"OMRON E3S-LS3NW 2M - OMANI VI\u1ec6T NAM","description":"OMRON E3S-LS3NW photoelectric sensor","robots":{"index":"index","follow":"follow","max-snippet":"max-snippet:-1","max-image-preview":"max-image-preview:large","max-video-preview":"max-video-preview:-1"},"canonical":"https:\/\/sipin.com.vn\/index.php\/product\/omron-e3s-ls3nw-2m\/","og_locale":"vi_VN","og_type":"article","og_title":"OMRON E3S-LS3NW 2M - OMANI VI\u1ec6T NAM","og_description":"OMRON E3S-LS3NW photoelectric sensor","og_url":"https:\/\/sipin.com.vn\/index.php\/product\/omron-e3s-ls3nw-2m\/","og_site_name":"OMANI VI\u1ec6T NAM","article_modified_time":"2025-04-09T15:55:08+00:00","og_image":[{"width":664,"height":555,"url":"https:\/\/sipin.com.vn\/wp-content\/uploads\/2024\/10\/E3S-LS3NW-2M.png","type":"image\/png"}],"twitter_card":"summary_large_image","twitter_misc":{"\u01af\u1edbc t\u00ednh th\u1eddi gian \u0111\u1ecdc":"2 ph\u00fat"},"schema":{"@context":"https:\/\/schema.org","@graph":[{"@type":"WebPage","@id":"https:\/\/sipin.com.vn\/index.php\/product\/omron-e3s-ls3nw-2m\/","url":"https:\/\/sipin.com.vn\/index.php\/product\/omron-e3s-ls3nw-2m\/","name":"OMRON E3S-LS3NW 2M - OMANI VI\u1ec6T NAM","isPartOf":{"@id":"https:\/\/sipin.com.vn\/#website"},"primaryImageOfPage":{"@id":"https:\/\/sipin.com.vn\/index.php\/product\/omron-e3s-ls3nw-2m\/#primaryimage"},"image":{"@id":"https:\/\/sipin.com.vn\/index.php\/product\/omron-e3s-ls3nw-2m\/#primaryimage"},"thumbnailUrl":"https:\/\/sipin.com.vn\/wp-content\/uploads\/2024\/10\/E3S-LS3NW-2M.png","datePublished":"2024-10-05T15:04:51+00:00","dateModified":"2025-04-09T15:55:08+00:00","description":"OMRON E3S-LS3NW photoelectric sensor","breadcrumb":{"@id":"https:\/\/sipin.com.vn\/index.php\/product\/omron-e3s-ls3nw-2m\/#breadcrumb"},"inLanguage":"vi","potentialAction":[{"@type":"ReadAction","target":["https:\/\/sipin.com.vn\/index.php\/product\/omron-e3s-ls3nw-2m\/"]}]},{"@type":"ImageObject","inLanguage":"vi","@id":"https:\/\/sipin.com.vn\/index.php\/product\/omron-e3s-ls3nw-2m\/#primaryimage","url":"https:\/\/sipin.com.vn\/wp-content\/uploads\/2024\/10\/E3S-LS3NW-2M.png","contentUrl":"https:\/\/sipin.com.vn\/wp-content\/uploads\/2024\/10\/E3S-LS3NW-2M.png","width":664,"height":555},{"@type":"BreadcrumbList","@id":"https:\/\/sipin.com.vn\/index.php\/product\/omron-e3s-ls3nw-2m\/#breadcrumb","itemListElement":[{"@type":"ListItem","position":1,"name":"Home","item":"https:\/\/sipin.com.vn\/"},{"@type":"ListItem","position":2,"name":"S\u1ea2N PH\u1ea8M","item":"https:\/\/sipin.com.vn\/index.php\/cua-hang\/"},{"@type":"ListItem","position":3,"name":"OMRON E3S-LS3NW 2M"}]},{"@type":"WebSite","@id":"https:\/\/sipin.com.vn\/#website","url":"https:\/\/sipin.com.vn\/","name":"OMANI VI\u1ec6T NAM","description":"Nh\u00e0 ph\u00e2n ph\u1ed1i thi\u1ebft b\u1ecb kh\u00ed n\u00e9n v\u00e0 thi\u1ebft b\u1ecb t\u1ef1 \u0111\u1ed9ng h\u00f3a trong c\u00f4ng nghi\u1ec7p","publisher":{"@id":"https:\/\/sipin.com.vn\/#\/schema\/person\/0ad398a980dc3fd696111c2c5c8fa897"},"potentialAction":[{"@type":"SearchAction","target":{"@type":"EntryPoint","urlTemplate":"https:\/\/sipin.com.vn\/?s={search_term_string}"},"query-input":"required name=search_term_string"}],"inLanguage":"vi"},{"@type":["Person","Organization"],"@id":"https:\/\/sipin.com.vn\/#\/schema\/person\/0ad398a980dc3fd696111c2c5c8fa897","name":"Nguy\u1ec5n V\u0103n Kh\u00e1nh","image":{"@type":"ImageObject","inLanguage":"vi","@id":"https:\/\/sipin.com.vn\/#\/schema\/person\/image\/","url":"https:\/\/sipin.com.vn\/wp-content\/uploads\/2024\/06\/logo-1024x1024.png","contentUrl":"https:\/\/sipin.com.vn\/wp-content\/uploads\/2024\/06\/logo-1024x1024.png","width":1024,"height":1024,"caption":"Nguy\u1ec5n V\u0103n Kh\u00e1nh"},"logo":{"@id":"https:\/\/sipin.com.vn\/#\/schema\/person\/image\/"},"sameAs":["https:\/\/sipin.com.vn"]}]}},"_links":{"self":[{"href":"https:\/\/sipin.com.vn\/index.php\/wp-json\/wp\/v2\/product\/2001","targetHints":{"allow":["GET"]}}],"collection":[{"href":"https:\/\/sipin.com.vn\/index.php\/wp-json\/wp\/v2\/product"}],"about":[{"href":"https:\/\/sipin.com.vn\/index.php\/wp-json\/wp\/v2\/types\/product"}],"replies":[{"embeddable":true,"href":"https:\/\/sipin.com.vn\/index.php\/wp-json\/wp\/v2\/comments?post=2001"}],"wp:featuredmedia":[{"embeddable":true,"href":"https:\/\/sipin.com.vn\/index.php\/wp-json\/wp\/v2\/media\/2002"}],"wp:attachment":[{"href":"https:\/\/sipin.com.vn\/index.php\/wp-json\/wp\/v2\/media?parent=2001"}],"wp:term":[{"taxonomy":"product_cat","embeddable":true,"href":"https:\/\/sipin.com.vn\/index.php\/wp-json\/wp\/v2\/product_cat?post=2001"},{"taxonomy":"product_tag","embeddable":true,"href":"https:\/\/sipin.com.vn\/index.php\/wp-json\/wp\/v2\/product_tag?post=2001"}],"curies":[{"name":"wp","href":"https:\/\/api.w.org\/{rel}","templated":true}]}}