{"id":1990,"date":"2024-10-05T05:43:36","date_gmt":"2024-10-04T22:43:36","guid":{"rendered":"https:\/\/omanivietnam.com\/?post_type=product&#038;p=1990"},"modified":"2025-12-11T22:42:31","modified_gmt":"2025-12-11T15:42:31","slug":"honeywell-spxcdxso1ss","status":"publish","type":"product","link":"https:\/\/sipin.com.vn\/index.php\/product\/honeywell-spxcdxso1ss\/","title":{"rendered":"HONEYWELL SPXCDXSO1SS"},"content":{"rendered":"<p>HONEYWELL SPXCDXSO1SS<\/p>\n<div class=\"collapsible-row cf\">\n<div class=\"collapsible-row-left\">\n<p>Series Description<\/p>\n<\/div>\n<div class=\"collapsible-row-right\">\n<p>The Honeywell Analytics XCD Series explosion proof gas monitor\/transmitter provides comprehensive monitoring of flammmable, toxic, and oxygen gas hazards in potentially explosive atmospheres. Users can modify detector operation using the LCD and magnet switches without ever needing to open the unit. This enables one-man, non-intrusive operation and reduces routine maintenance time and costs. The XCD series is suitable for both indoor and outdoor use.<\/p>\n<\/div>\n<\/div>\n<div class=\"collapsible-row cf ng-star-inserted\">\n<div class=\"collapsible-row-left\">\n<p>Kele Description<\/p>\n<\/div>\n<div class=\"collapsible-row-right\">\n<p>REPLACEMENT SENSOR CARTRIDGE OXYGEN 25.0%\/VOL ONLY<\/p>\n<ul>\n<li class=\"ng-star-inserted\">User friendly and intuitive tri-colored backlit display with digits, bar graph, and icons<\/li>\n<li class=\"ng-star-inserted\">Fully configurable via magnetic switches<\/li>\n<li class=\"ng-star-inserted\">Selectable sink or source 4-20 mA output<\/li>\n<li class=\"ng-star-inserted\">Built in Alarm and Fault relays<\/li>\n<li class=\"ng-star-inserted\">MODBUS communications for remote diagnostics\/configuration<\/li>\n<li class=\"ng-star-inserted\">Removable plug in display module provides easy access to terminal area<\/li>\n<li class=\"ng-star-inserted\">Integral mounting bracket<\/li>\n<li class=\"ng-star-inserted\">2 x M20 or 3\/4 in. NPT cable\/conduit entries<\/li>\n<li class=\"ng-star-inserted\">Epoxy painted aluminum alloy housing<\/li>\n<li class=\"ng-star-inserted\">Class I, Division 1 Groups B, C, and D; Class I, Division 2, Groups B, C, and D; Class II, Division 1 Groups E, F, and G; Class II, Division 2, Groups F and G<\/li>\n<\/ul>\n<\/div>\n<\/div>\n<p>Honeywell Analytics &#8211;\u00a0<span class=\"partNumber\">SPXCDXSO1SS<\/span>\u00a0SENSEPOINT XCD, OXYGEN SENSOR, 25%, VOLUME ONLY, REPLACEMENT SENSOR, INDUSTRIAL GAS MONITORING<\/p>\n<p id=\"alternative-part-number\">SPXCDXSO1SS<\/p>\n<p><b>Manufacturer:<\/b>\u00a0Honeywell Analytics<br \/>\nSENSEPOINT XCD, OXYGEN SENSOR, 25%, VOLUME ONLY, REPLACEMENT SENSOR, INDUSTRIAL GAS MONITORING<\/p>\n<p><strong>Sensepoint XCD, Oxygen Sensor, 25%, Volume Only<\/strong><\/p>\n<p>This Oxygen sensor is a replacement unit for the Honeywell XCD O2 Transmitter, which as the name suggests is used to detect the presence of oxygen within the medium being transported through the system the XCD is monitoring. The sensor simply plugs into the bottom of the transmitter and the transmitter automatically configures itself accordingly.<\/p>\n<p><strong>The Sensepoint XCD Range<\/strong><\/p>\n<p>The Sensepoint XCD range provides comprehensive monitoring of flammable, toxic and Oxygen gas hazards in potentially explosive atmospheres, both indoors and outdoors. It\u2019s easy to modify detector operation using the LCD and magnet switches without ever needing to open the unit. This enables one-man, non-intrusive operation and reduces routine maintenance time and costs.<\/p>\n<p>Honeywell\u2019s Sensepoint XCD system uses three instantly recognisable traffic light colours to indicate its status. Steady green to indicate normal operation, flashes yellow to indicate a fault\/warning and flashes red to indicate an alarm. This allows anyone in the area to clearly see the status of any detector.<\/p>\n<p><strong>XCD Oxygen (O2) Sensor Features<\/strong><\/p>\n<ul>\n<li>Oxygen sensor for XCD Transmitter System<\/li>\n<li>25.0% Volume Only<\/li>\n<li>Replacement Sensor<\/li>\n<li>Explosion proof<\/li>\n<\/ul>\n<p class=\"tab-header\">Product Information<\/p>\n<div class=\"table-overflow-wrapper\">\n<table class=\"table table-sm\">\n<tbody>\n<tr>\n<td><b>Manufacturer:<\/b><\/td>\n<td>Honeywell Analytics<\/td>\n<\/tr>\n<tr>\n<td><b>Pricing Unit:<\/b><\/td>\n<td>Each<\/td>\n<\/tr>\n<tr>\n<td><b>Weight:<\/b><\/td>\n<td>0.087 kg (each)<\/td>\n<\/tr>\n<tr>\n<td><b>Tariff code:<\/b><\/td>\n<td>85369095<\/td>\n<\/tr>\n<tr>\n<td><b>Generic code:<\/b><\/td>\n<td>NET<\/td>\n<\/tr>\n<tr>\n<td><b>GTIN\/UPC\/EAN:<\/b><\/td>\n<td>8011517146879<\/td>\n<\/tr>\n<\/tbody>\n<\/table>\n<\/div>\n<ul>Supply Voltage:<\/p>\n<li>16 to 32 VDC @ 208.3 mA<\/li>\n<\/ul>\n<ul>Operating Temperature:<\/p>\n<li>-40\u00b0 to 149\u201a\u00d1\u00e2 (-40\u00b0 to 65\u201a\u00d1\u00c9)<\/li>\n<\/ul>\n<ul>Conduit Connection:<\/p>\n<li>2 x 3\/4&#8243; NPT<\/li>\n<\/ul>\n<ul>Enclosure Rating:<\/p>\n<li>NEMA 4, IP66; Housing: Epoxy painted aluminum alloy LM25; Sensor: stainless steel<\/li>\n<\/ul>\n<ul>Mounting:<\/p>\n<li>Integral mounting plate with 4 x mounting holes suitable for M8 bolts<\/li>\n<\/ul>\n<ul>Communication:<\/p>\n<li>RS485, MODBUS RTU<\/li>\n<\/ul>\n<ul>Inrush Current:<\/p>\n<li>800 mA @ 24 VDC maximum<\/li>\n<\/ul>\n<ul>Output Current:<\/p>\n<li>4 &#8211; 20 mA sink or source<\/li>\n<\/ul>\n<ul>Relay Output:<\/p>\n<li>3 x 5A@250VAC. Selectable normally open or normally closed (switch) and energized\/de-energized (programmable). Alarm relays default normally open\/de-energized. Fault relay default normally open\/energized<\/li>\n<\/ul>\n<ul>Terminals:<\/p>\n<li>15 x screw terminals<\/li>\n<\/ul>\n<ul>Wire Size:<\/p>\n<li>20 to 14 AWG<\/li>\n<\/ul>\n<ul>Dimensions:<\/p>\n<li>8.9\u201a\u00c4=H x 6.5\u201a\u00c4=W x 3.9\u201a\u00c4=D (2.25 x 16.4 x 9.9 cm)<\/li>\n<\/ul>\n<ul>Weight:<\/p>\n<li>4.4 lb (2 Kg)<\/li>\n<\/ul>\n<ul>Approvals UL File #E186567, CE:<\/p>\n<li><\/li>\n<\/ul>\n<ul>Warranty:<\/p>\n<li>1 Year<\/li>\n<\/ul>\n<div>\n<p>M\u1ed9t s\u1ed1 d\u00f2ng c\u1ea3m bi\u1ebfn Honeywell:<\/p>\n<table border=\"0\" cellspacing=\"0\" cellpadding=\"0\">\n<colgroup>\n<col width=\"115\" \/><\/colgroup>\n<tbody>\n<tr>\n<td width=\"115\" height=\"19\"><span data-spm-anchor-id=\"a261y.7663282.descBanner.i3.295ce644hcvzdN\">C7012A1145<\/span><\/td>\n<\/tr>\n<tr>\n<td height=\"19\">C7012A1152<\/td>\n<\/tr>\n<tr>\n<td height=\"19\">C7012A1160<\/td>\n<\/tr>\n<tr>\n<td height=\"19\">C7012A1186<\/td>\n<\/tr>\n<tr>\n<td height=\"19\">C7012A1194<\/td>\n<\/tr>\n<tr>\n<td height=\"19\">C7012C1042<\/td>\n<\/tr>\n<tr>\n<td height=\"19\">C7012E1104<\/td>\n<\/tr>\n<tr>\n<td height=\"19\">C7012E1112<\/td>\n<\/tr>\n<tr>\n<td height=\"19\">C7012E1120<\/td>\n<\/tr>\n<tr>\n<td height=\"19\">C7012E1146<\/td>\n<\/tr>\n<tr>\n<td height=\"19\">C7012E1153<\/td>\n<\/tr>\n<tr>\n<td height=\"19\">C7012E1161<\/td>\n<\/tr>\n<tr>\n<td height=\"19\">C7012E1278<\/td>\n<\/tr>\n<tr>\n<td height=\"19\">C7012F1052<\/td>\n<\/tr>\n<tr>\n<td height=\"19\">C7027A1023<\/td>\n<\/tr>\n<tr>\n<td height=\"19\">C7027A1031<\/td>\n<\/tr>\n<tr>\n<td height=\"19\">C7027A1049<\/td>\n<\/tr>\n<tr>\n<td height=\"19\">C7027A1056<\/td>\n<\/tr>\n<tr>\n<td height=\"19\">C7027A1064<\/td>\n<\/tr>\n<tr>\n<td height=\"19\">C7027A1072<\/td>\n<\/tr>\n<tr>\n<td height=\"19\">C7027A1080<\/td>\n<\/tr>\n<tr>\n<td height=\"19\">C7027A1098<\/td>\n<\/tr>\n<tr>\n<td height=\"19\">C7035A1023<\/td>\n<\/tr>\n<tr>\n<td height=\"19\">C7035A1031<\/td>\n<\/tr>\n<tr>\n<td height=\"19\">C7035A1056<\/td>\n<\/tr>\n<tr>\n<td height=\"19\">C7035A1064<\/td>\n<\/tr>\n<tr>\n<td height=\"19\">C7035A1080<\/td>\n<\/tr>\n<\/tbody>\n<\/table>\n<\/div>\n<p>\u0110\u1ea1i l\u00fd HONEYWELL vietnam, HONEYWELL viet nam, HONEYWELL vietnam distributor, Ph\u00e2n ph\u1ed1i HONEYWELL t\u1ea1i vi\u1ec7t nam<\/p>\n<p>\u0110\u1ea1i l\u00fd HONEYWELL vietnam, HONEYWELL viet nam, HONEYWELL vietnam distributor, Ph\u00e2n ph\u1ed1i HONEYWELL t\u1ea1i vi\u1ec7t nam<\/p>\n<p>\u0110\u1ea1i l\u00fd HONEYWELL vietnam, HONEYWELL viet nam, HONEYWELL vietnam distributor, Ph\u00e2n ph\u1ed1i HONEYWELL t\u1ea1i vi\u1ec7t nam<\/p>\n<p>\u0110\u1ea1i l\u00fd HONEYWELL vietnam, HONEYWELL viet nam, HONEYWELL vietnam distributor, Ph\u00e2n ph\u1ed1i HONEYWELL t\u1ea1i vi\u1ec7t nam<\/p>\n<p>\u0110\u1ea1i l\u00fd HONEYWELL vietnam, HONEYWELL viet nam, HONEYWELL vietnam distributor, Ph\u00e2n ph\u1ed1i HONEYWELL t\u1ea1i vi\u1ec7t nam<\/p>\n","protected":false},"excerpt":{"rendered":"<p>HONEYWELL SPXCDXSO1SS Series Description The Honeywell Analytics XCD Series explosion proof gas monitor\/transmitter provides comprehensive monitoring of flammmable, toxic, and oxygen gas hazards in potentially explosive atmospheres. Users can modify detector operation using the LCD and magnet switches without ever needing to open the unit. This enables one-man, non-intrusive operation&hellip; <\/p>\n","protected":false},"featured_media":1991,"comment_status":"open","ping_status":"closed","template":"","meta":{"om_disable_all_campaigns":false,"_monsterinsights_skip_tracking":false,"_monsterinsights_sitenote_active":false,"_monsterinsights_sitenote_note":"","_monsterinsights_sitenote_category":0},"product_cat":[15],"product_tag":[88,196,195],"class_list":{"0":"post-1990","1":"product","2":"type-product","3":"status-publish","4":"has-post-thumbnail","6":"product_cat-apex","7":"product_tag-cam-bien","8":"product_tag-dai-ly-honeywell-viet-nam","9":"product_tag-honeywell-viet-nam","11":"first","12":"instock","13":"shipping-taxable","14":"product-type-simple"},"aioseo_notices":[],"yoast_head":"<!-- This site is optimized with the Yoast SEO plugin v22.8 - https:\/\/yoast.com\/wordpress\/plugins\/seo\/ -->\n<title>HONEYWELL SPXCDXSO1SS - OMANI VI\u1ec6T NAM<\/title>\n<meta name=\"description\" content=\"HONEYWELL SPXCDXSO1SS Sensors\" \/>\n<meta name=\"robots\" content=\"index, follow, max-snippet:-1, max-image-preview:large, max-video-preview:-1\" \/>\n<link rel=\"canonical\" href=\"https:\/\/sipin.com.vn\/index.php\/product\/honeywell-spxcdxso1ss\/\" \/>\n<meta property=\"og:locale\" content=\"vi_VN\" \/>\n<meta property=\"og:type\" content=\"article\" \/>\n<meta property=\"og:title\" content=\"HONEYWELL SPXCDXSO1SS - OMANI VI\u1ec6T NAM\" \/>\n<meta property=\"og:description\" content=\"HONEYWELL SPXCDXSO1SS Sensors\" \/>\n<meta property=\"og:url\" content=\"https:\/\/sipin.com.vn\/index.php\/product\/honeywell-spxcdxso1ss\/\" \/>\n<meta property=\"og:site_name\" content=\"OMANI VI\u1ec6T NAM\" \/>\n<meta property=\"article:modified_time\" content=\"2025-12-11T15:42:31+00:00\" \/>\n<meta property=\"og:image\" content=\"https:\/\/sipin.com.vn\/wp-content\/uploads\/2024\/10\/SPXCDXSO1SS.png\" \/>\n\t<meta property=\"og:image:width\" content=\"756\" \/>\n\t<meta property=\"og:image:height\" content=\"433\" \/>\n\t<meta property=\"og:image:type\" content=\"image\/png\" \/>\n<meta name=\"twitter:card\" content=\"summary_large_image\" \/>\n<meta name=\"twitter:label1\" content=\"\u01af\u1edbc t\u00ednh th\u1eddi gian \u0111\u1ecdc\" \/>\n\t<meta name=\"twitter:data1\" content=\"4 ph\u00fat\" \/>\n<script type=\"application\/ld+json\" class=\"yoast-schema-graph\">{\"@context\":\"https:\/\/schema.org\",\"@graph\":[{\"@type\":\"WebPage\",\"@id\":\"https:\/\/sipin.com.vn\/index.php\/product\/honeywell-spxcdxso1ss\/\",\"url\":\"https:\/\/sipin.com.vn\/index.php\/product\/honeywell-spxcdxso1ss\/\",\"name\":\"HONEYWELL SPXCDXSO1SS - OMANI VI\u1ec6T NAM\",\"isPartOf\":{\"@id\":\"https:\/\/sipin.com.vn\/#website\"},\"primaryImageOfPage\":{\"@id\":\"https:\/\/sipin.com.vn\/index.php\/product\/honeywell-spxcdxso1ss\/#primaryimage\"},\"image\":{\"@id\":\"https:\/\/sipin.com.vn\/index.php\/product\/honeywell-spxcdxso1ss\/#primaryimage\"},\"thumbnailUrl\":\"https:\/\/sipin.com.vn\/wp-content\/uploads\/2024\/10\/SPXCDXSO1SS.png\",\"datePublished\":\"2024-10-04T22:43:36+00:00\",\"dateModified\":\"2025-12-11T15:42:31+00:00\",\"description\":\"HONEYWELL SPXCDXSO1SS Sensors\",\"breadcrumb\":{\"@id\":\"https:\/\/sipin.com.vn\/index.php\/product\/honeywell-spxcdxso1ss\/#breadcrumb\"},\"inLanguage\":\"vi\",\"potentialAction\":[{\"@type\":\"ReadAction\",\"target\":[\"https:\/\/sipin.com.vn\/index.php\/product\/honeywell-spxcdxso1ss\/\"]}]},{\"@type\":\"ImageObject\",\"inLanguage\":\"vi\",\"@id\":\"https:\/\/sipin.com.vn\/index.php\/product\/honeywell-spxcdxso1ss\/#primaryimage\",\"url\":\"https:\/\/sipin.com.vn\/wp-content\/uploads\/2024\/10\/SPXCDXSO1SS.png\",\"contentUrl\":\"https:\/\/sipin.com.vn\/wp-content\/uploads\/2024\/10\/SPXCDXSO1SS.png\",\"width\":756,\"height\":433},{\"@type\":\"BreadcrumbList\",\"@id\":\"https:\/\/sipin.com.vn\/index.php\/product\/honeywell-spxcdxso1ss\/#breadcrumb\",\"itemListElement\":[{\"@type\":\"ListItem\",\"position\":1,\"name\":\"Home\",\"item\":\"https:\/\/sipin.com.vn\/\"},{\"@type\":\"ListItem\",\"position\":2,\"name\":\"S\u1ea2N PH\u1ea8M\",\"item\":\"https:\/\/sipin.com.vn\/index.php\/cua-hang\/\"},{\"@type\":\"ListItem\",\"position\":3,\"name\":\"HONEYWELL SPXCDXSO1SS\"}]},{\"@type\":\"WebSite\",\"@id\":\"https:\/\/sipin.com.vn\/#website\",\"url\":\"https:\/\/sipin.com.vn\/\",\"name\":\"OMANI VI\u1ec6T NAM\",\"description\":\"Nh\u00e0 ph\u00e2n ph\u1ed1i thi\u1ebft b\u1ecb kh\u00ed n\u00e9n v\u00e0 thi\u1ebft b\u1ecb t\u1ef1 \u0111\u1ed9ng h\u00f3a trong c\u00f4ng nghi\u1ec7p\",\"publisher\":{\"@id\":\"https:\/\/sipin.com.vn\/#\/schema\/person\/0ad398a980dc3fd696111c2c5c8fa897\"},\"potentialAction\":[{\"@type\":\"SearchAction\",\"target\":{\"@type\":\"EntryPoint\",\"urlTemplate\":\"https:\/\/sipin.com.vn\/?s={search_term_string}\"},\"query-input\":\"required name=search_term_string\"}],\"inLanguage\":\"vi\"},{\"@type\":[\"Person\",\"Organization\"],\"@id\":\"https:\/\/sipin.com.vn\/#\/schema\/person\/0ad398a980dc3fd696111c2c5c8fa897\",\"name\":\"Nguy\u1ec5n V\u0103n Kh\u00e1nh\",\"image\":{\"@type\":\"ImageObject\",\"inLanguage\":\"vi\",\"@id\":\"https:\/\/sipin.com.vn\/#\/schema\/person\/image\/\",\"url\":\"https:\/\/sipin.com.vn\/wp-content\/uploads\/2024\/06\/logo-1024x1024.png\",\"contentUrl\":\"https:\/\/sipin.com.vn\/wp-content\/uploads\/2024\/06\/logo-1024x1024.png\",\"width\":1024,\"height\":1024,\"caption\":\"Nguy\u1ec5n V\u0103n Kh\u00e1nh\"},\"logo\":{\"@id\":\"https:\/\/sipin.com.vn\/#\/schema\/person\/image\/\"},\"sameAs\":[\"https:\/\/sipin.com.vn\"]}]}<\/script>\n<!-- \/ Yoast SEO plugin. -->","yoast_head_json":{"title":"HONEYWELL SPXCDXSO1SS - OMANI VI\u1ec6T NAM","description":"HONEYWELL SPXCDXSO1SS Sensors","robots":{"index":"index","follow":"follow","max-snippet":"max-snippet:-1","max-image-preview":"max-image-preview:large","max-video-preview":"max-video-preview:-1"},"canonical":"https:\/\/sipin.com.vn\/index.php\/product\/honeywell-spxcdxso1ss\/","og_locale":"vi_VN","og_type":"article","og_title":"HONEYWELL SPXCDXSO1SS - OMANI VI\u1ec6T NAM","og_description":"HONEYWELL SPXCDXSO1SS Sensors","og_url":"https:\/\/sipin.com.vn\/index.php\/product\/honeywell-spxcdxso1ss\/","og_site_name":"OMANI VI\u1ec6T NAM","article_modified_time":"2025-12-11T15:42:31+00:00","og_image":[{"width":756,"height":433,"url":"https:\/\/sipin.com.vn\/wp-content\/uploads\/2024\/10\/SPXCDXSO1SS.png","type":"image\/png"}],"twitter_card":"summary_large_image","twitter_misc":{"\u01af\u1edbc t\u00ednh th\u1eddi gian \u0111\u1ecdc":"4 ph\u00fat"},"schema":{"@context":"https:\/\/schema.org","@graph":[{"@type":"WebPage","@id":"https:\/\/sipin.com.vn\/index.php\/product\/honeywell-spxcdxso1ss\/","url":"https:\/\/sipin.com.vn\/index.php\/product\/honeywell-spxcdxso1ss\/","name":"HONEYWELL SPXCDXSO1SS - OMANI VI\u1ec6T NAM","isPartOf":{"@id":"https:\/\/sipin.com.vn\/#website"},"primaryImageOfPage":{"@id":"https:\/\/sipin.com.vn\/index.php\/product\/honeywell-spxcdxso1ss\/#primaryimage"},"image":{"@id":"https:\/\/sipin.com.vn\/index.php\/product\/honeywell-spxcdxso1ss\/#primaryimage"},"thumbnailUrl":"https:\/\/sipin.com.vn\/wp-content\/uploads\/2024\/10\/SPXCDXSO1SS.png","datePublished":"2024-10-04T22:43:36+00:00","dateModified":"2025-12-11T15:42:31+00:00","description":"HONEYWELL SPXCDXSO1SS Sensors","breadcrumb":{"@id":"https:\/\/sipin.com.vn\/index.php\/product\/honeywell-spxcdxso1ss\/#breadcrumb"},"inLanguage":"vi","potentialAction":[{"@type":"ReadAction","target":["https:\/\/sipin.com.vn\/index.php\/product\/honeywell-spxcdxso1ss\/"]}]},{"@type":"ImageObject","inLanguage":"vi","@id":"https:\/\/sipin.com.vn\/index.php\/product\/honeywell-spxcdxso1ss\/#primaryimage","url":"https:\/\/sipin.com.vn\/wp-content\/uploads\/2024\/10\/SPXCDXSO1SS.png","contentUrl":"https:\/\/sipin.com.vn\/wp-content\/uploads\/2024\/10\/SPXCDXSO1SS.png","width":756,"height":433},{"@type":"BreadcrumbList","@id":"https:\/\/sipin.com.vn\/index.php\/product\/honeywell-spxcdxso1ss\/#breadcrumb","itemListElement":[{"@type":"ListItem","position":1,"name":"Home","item":"https:\/\/sipin.com.vn\/"},{"@type":"ListItem","position":2,"name":"S\u1ea2N PH\u1ea8M","item":"https:\/\/sipin.com.vn\/index.php\/cua-hang\/"},{"@type":"ListItem","position":3,"name":"HONEYWELL SPXCDXSO1SS"}]},{"@type":"WebSite","@id":"https:\/\/sipin.com.vn\/#website","url":"https:\/\/sipin.com.vn\/","name":"OMANI VI\u1ec6T NAM","description":"Nh\u00e0 ph\u00e2n ph\u1ed1i thi\u1ebft b\u1ecb kh\u00ed n\u00e9n v\u00e0 thi\u1ebft b\u1ecb t\u1ef1 \u0111\u1ed9ng h\u00f3a trong c\u00f4ng nghi\u1ec7p","publisher":{"@id":"https:\/\/sipin.com.vn\/#\/schema\/person\/0ad398a980dc3fd696111c2c5c8fa897"},"potentialAction":[{"@type":"SearchAction","target":{"@type":"EntryPoint","urlTemplate":"https:\/\/sipin.com.vn\/?s={search_term_string}"},"query-input":"required name=search_term_string"}],"inLanguage":"vi"},{"@type":["Person","Organization"],"@id":"https:\/\/sipin.com.vn\/#\/schema\/person\/0ad398a980dc3fd696111c2c5c8fa897","name":"Nguy\u1ec5n V\u0103n Kh\u00e1nh","image":{"@type":"ImageObject","inLanguage":"vi","@id":"https:\/\/sipin.com.vn\/#\/schema\/person\/image\/","url":"https:\/\/sipin.com.vn\/wp-content\/uploads\/2024\/06\/logo-1024x1024.png","contentUrl":"https:\/\/sipin.com.vn\/wp-content\/uploads\/2024\/06\/logo-1024x1024.png","width":1024,"height":1024,"caption":"Nguy\u1ec5n V\u0103n Kh\u00e1nh"},"logo":{"@id":"https:\/\/sipin.com.vn\/#\/schema\/person\/image\/"},"sameAs":["https:\/\/sipin.com.vn"]}]}},"_links":{"self":[{"href":"https:\/\/sipin.com.vn\/index.php\/wp-json\/wp\/v2\/product\/1990","targetHints":{"allow":["GET"]}}],"collection":[{"href":"https:\/\/sipin.com.vn\/index.php\/wp-json\/wp\/v2\/product"}],"about":[{"href":"https:\/\/sipin.com.vn\/index.php\/wp-json\/wp\/v2\/types\/product"}],"replies":[{"embeddable":true,"href":"https:\/\/sipin.com.vn\/index.php\/wp-json\/wp\/v2\/comments?post=1990"}],"wp:featuredmedia":[{"embeddable":true,"href":"https:\/\/sipin.com.vn\/index.php\/wp-json\/wp\/v2\/media\/1991"}],"wp:attachment":[{"href":"https:\/\/sipin.com.vn\/index.php\/wp-json\/wp\/v2\/media?parent=1990"}],"wp:term":[{"taxonomy":"product_cat","embeddable":true,"href":"https:\/\/sipin.com.vn\/index.php\/wp-json\/wp\/v2\/product_cat?post=1990"},{"taxonomy":"product_tag","embeddable":true,"href":"https:\/\/sipin.com.vn\/index.php\/wp-json\/wp\/v2\/product_tag?post=1990"}],"curies":[{"name":"wp","href":"https:\/\/api.w.org\/{rel}","templated":true}]}}