{"id":1985,"date":"2024-10-04T22:30:06","date_gmt":"2024-10-04T15:30:06","guid":{"rendered":"https:\/\/omanivietnam.com\/?post_type=product&#038;p=1985"},"modified":"2025-04-12T11:25:02","modified_gmt":"2025-04-12T04:25:02","slug":"smc-ad402-04","status":"publish","type":"product","link":"https:\/\/sipin.com.vn\/index.php\/product\/smc-ad402-04\/","title":{"rendered":"SMC AD402-04"},"content":{"rendered":"<p>SMC AD402-04<\/p>\n<p><strong>Van x\u1ea3 n\u01b0\u1edbc t\u1ef1 \u0111\u1ed9ng SMC AD402-04 \u2013 S\u1ea3n ph\u1ea9m ch\u1ea5t l\u01b0\u1ee3ng cao t\u1eeb Nh\u1eadt B\u1ea3n<\/strong><\/p>\n<p>B\u1ea1n \u0111ang t\u00ecm ki\u1ebfm m\u1ed9t lo\u1ea1i van x\u1ea3 n\u01b0\u1edbc t\u1ef1 \u0111\u1ed9ng cho h\u1ec7 th\u1ed1ng kh\u00ed n\u00e9n c\u1ee7a b\u1ea1n? B\u1ea1n mu\u1ed1n s\u1eed d\u1ee5ng m\u1ed9t s\u1ea3n ph\u1ea9m ch\u1ea5t l\u01b0\u1ee3ng cao, b\u1ec1n b\u1ec9 v\u00e0 ti\u1ebft ki\u1ec7m \u0111i\u1ec7n n\u0103ng? B\u1ea1n mu\u1ed1n \u0111\u01b0\u1ee3c h\u01b0\u1edfng c\u00e1c ch\u00ednh s\u00e1ch b\u00e1n h\u00e0ng h\u1ea5p d\u1eabn v\u00e0 h\u1ed7 tr\u1ee3 k\u1ef9 thu\u1eadt t\u1eadn t\u00ecnh? N\u1ebfu c\u00e2u tr\u1ea3 l\u1eddi l\u00e0 c\u00f3, th\u00ec b\u1ea1n kh\u00f4ng th\u1ec3 b\u1ecf qua s\u1ea3n ph\u1ea9m SMC AD402-04 \u2013 m\u1ed9t lo\u1ea1i van x\u1ea3 n\u01b0\u1edbc t\u1ef1 \u0111\u1ed9ng d\u1ea1ng c\u01a1, \u0111\u01b0\u1ee3c s\u1ea3n xu\u1ea5t b\u1edfi h\u00e3ng SMC Nh\u1eadt B\u1ea3n, m\u1ed9t trong nh\u1eefng nh\u00e0 cung c\u1ea5p h\u00e0ng \u0111\u1ea7u v\u1ec1 c\u00e1c thi\u1ebft b\u1ecb kh\u00ed n\u00e9n tr\u00ean th\u1ebf gi\u1edbi. Trong b\u00e0i vi\u1ebft n\u00e0y, ch\u00fang t\u00f4i s\u1ebd gi\u1edbi thi\u1ec7u v\u00e0 qu\u1ea3ng b\u00e1 s\u1ea3n ph\u1ea9m SMC AD402-04 cho b\u1ea1n, gi\u00fap b\u1ea1n hi\u1ec3u r\u00f5 h\u01a1n v\u1ec1 th\u00f4ng s\u1ed1 k\u1ef9 thu\u1eadt, nguy\u00ean l\u00fd ho\u1ea1t \u0111\u1ed9ng, l\u1ee3i \u00edch v\u00e0 \u1ee9ng d\u1ee5ng c\u1ee7a s\u1ea3n ph\u1ea9m n\u00e0y. H\u00e3y c\u00f9ng theo d\u00f5i nh\u00e9!<\/p>\n<h2 class=\"m-h2\">Product Description<\/h2>\n<p>A drain valve made by SMC.<br \/>\n[Features]<br \/>\n\u00b7 Resistant to dust and corrosion, operates reliably, and includes a bowl guard as standard.<br \/>\n[Applications]<br \/>\n\u00b7 The drain is automatically and reliably discharged, without requiring human intervention.<\/p>\n<p>&nbsp;<\/p>\n<h3 class=\"m-h3\"><span data-lang=\"ENG\">Configured Specifications<\/span><\/h3>\n<table class=\"m-listTable\" summary=\"Price, Spec., etc.\">\n<colgroup>\n<col width=\"20%\" \/>\n<col width=\"30%\" \/>\n<col width=\"20%\" \/>\n<col width=\"30%\" \/><\/colgroup>\n<tbody>\n<tr>\n<th>Type<\/th>\n<td>Drain Discharge Apparatus<\/td>\n<th>Drain Discharge<\/th>\n<td>Automatic ejection<\/td>\n<\/tr>\n<tr>\n<th>Drain Discharge Operating Method<\/th>\n<td>Float type<\/td>\n<th>Power Supply Voltage<\/th>\n<td>No Power Supply Type<\/td>\n<\/tr>\n<tr>\n<th>Inlet Connection Type<\/th>\n<td>[R(Rc)] Rc<\/td>\n<th>Inlet Connection Screw Nominal<\/th>\n<td>[1\/2B] 1\/2B<\/td>\n<\/tr>\n<tr>\n<th>Outlet Connection Type<\/th>\n<td>[R(Rc)] Rc<\/td>\n<th>Outlet Screw Nominal<\/th>\n<td>[3\/8B] 3\/8B<\/td>\n<\/tr>\n<tr>\n<th>Max. Operating Pressure(MPa)<\/th>\n<td>1<\/td>\n<th>Semi-standard specifications<\/th>\n<td>None<\/td>\n<\/tr>\n<\/tbody>\n<\/table>\n<h2><strong>Th\u00f4ng s\u1ed1 k\u1ef9 thu\u1eadt c\u1ee7a Van x\u1ea3 n\u01b0\u1edbc t\u1ef1 \u0111\u1ed9ng SMC AD402-04<\/strong><\/h2>\n<p>Van x\u1ea3 n\u01b0\u1edbc t\u1ef1 \u0111\u1ed9ng SMC AD402-04 l\u00e0 m\u1ed9t lo\u1ea1i van x\u1ea3 n\u01b0\u1edbc t\u1ef1 \u0111\u1ed9ng d\u1ea1ng c\u01a1, c\u00f3 ren k\u1ebft n\u1ed1i l\u00e0 1\/2 inch t\u01b0\u01a1ng \u1ee9ng c\u1ee1 ren 20-21mm. D\u01b0\u1edbi \u0111\u00e2y l\u00e0 b\u1ea3ng th\u00f4ng s\u1ed1 k\u1ef9 thu\u1eadt c\u1ee7a SMC AD402-04:<\/p>\n<table>\n<thead>\n<tr>\n<th>Th\u00f4ng s\u1ed1<\/th>\n<th>Gi\u00e1 tr\u1ecb<\/th>\n<\/tr>\n<\/thead>\n<tbody>\n<tr>\n<td>\u00c1p su\u1ea5t ch\u1ecbu \u0111\u01b0\u1ee3c t\u1ed1i \u0111a<\/td>\n<td>1.5 MPa<\/td>\n<\/tr>\n<tr>\n<td>\u00c1p su\u1ea5t ho\u1ea1t \u0111\u1ed9ng t\u1ed1i \u0111a<\/td>\n<td>1.0 MPa<\/td>\n<\/tr>\n<tr>\n<td>D\u1ea3i ho\u1ea1t \u0111\u1ed9ng c\u1ee7a \u00e1p su\u1ea5t<\/td>\n<td>0.1 \u2013 1.0 MPa<\/td>\n<\/tr>\n<tr>\n<td>Nhi\u1ec7t \u0111\u1ed9<\/td>\n<td>-5 \u2013 60\u00b0C (Kh\u00f4ng \u0111\u00f3ng \u0111\u00e1)<\/td>\n<\/tr>\n<tr>\n<td>Ren k\u1ebft n\u1ed1i<\/td>\n<td>PT 1\/8\u201d ho\u1eb7c 1\/4\u201d ho\u1eb7c 3\/8\u201d ho\u1eb7c 1\/2\u201d ho\u1eb7c 3\/4\u201d ho\u1eb7c 1\u201d<\/td>\n<\/tr>\n<tr>\n<td>Kh\u1ed1i l\u01b0\u1ee3ng<\/td>\n<td>620g<\/td>\n<\/tr>\n<tr>\n<td>B\u1ea3o h\u00e0nh<\/td>\n<td>1 n\u0103m theo ti\u00eau chu\u1ea9n SMC<\/td>\n<\/tr>\n<\/tbody>\n<\/table>\n<p>B\u1ea1n c\u00f3 th\u1ec3 th\u1ea5y r\u1eb1ng, SMC AD402-04 c\u00f3 c\u00e1c th\u00f4ng s\u1ed1 k\u1ef9 thu\u1eadt r\u1ea5t t\u1ed1t, ph\u00f9 h\u1ee3p v\u1edbi nhi\u1ec1u lo\u1ea1i m\u00e1y s\u1ea5y kh\u00ed ho\u1eb7c \u0111\u01b0\u1eddng \u1ed1ng kh\u00ed n\u00e9n. N\u00f3 c\u00f3 \u00e1p su\u1ea5t ch\u1ecbu \u0111\u01b0\u1ee3c v\u00e0 ho\u1ea1t \u0111\u1ed9ng cao, nhi\u1ec7t \u0111\u1ed9 l\u00e0m vi\u1ec7c r\u1ed9ng, ren k\u1ebft n\u1ed1i linh ho\u1ea1t v\u00e0 kh\u1ed1i l\u01b0\u1ee3ng nh\u1eb9. N\u00f3 c\u0169ng \u0111\u01b0\u1ee3c b\u1ea3o h\u00e0nh ch\u00ednh h\u00e3ng trong v\u00f2ng 1 n\u0103m, gi\u00fap b\u1ea1n y\u00ean t\u00e2m s\u1eed d\u1ee5ng.<\/p>\n<h2><strong>Nguy\u00ean l\u00fd ho\u1ea1t \u0111\u1ed9ng c\u1ee7a Van x\u1ea3 n\u01b0\u1edbc t\u1ef1 \u0111\u1ed9ng SMC AD402-04<\/strong><\/h2>\n<p>SMC AD402-04 ho\u1ea1t \u0111\u1ed9ng theo nguy\u00ean l\u00fd phao c\u01a1, t\u1ef1 \u0111\u1ed9ng x\u1ea3 n\u01b0\u1edbc khi n\u01b0\u1edbc \u0111\u01b0\u1ee3c t\u00edch \u0111\u1ea7y trong b\u1ed9 x\u1ea3, kh\u00f4ng c\u1ea7n \u0111i\u1ec7n. C\u01a1 ch\u1ebf ho\u1ea1t \u0111\u1ed9ng c\u1ee7a Van x\u1ea3 n\u01b0\u1edbc t\u1ef1 \u0111\u1ed9ng SMC AD402-04 nh\u01b0 sau:<\/p>\n<ul>\n<li>Khi kh\u00f4ng c\u00f3 n\u01b0\u1edbc ng\u01b0ng t\u1ee5 trong b\u1ed9 x\u1ea3, phao s\u1ebd \u0111\u01b0\u1ee3c gi\u1eef \u1edf v\u1ecb tr\u00ed cao nh\u1ea5t b\u1edfi l\u00f2 xo v\u00e0 van s\u1ebd \u0111\u01b0\u1ee3c k\u00edn.<\/li>\n<li>Khi c\u00f3 n\u01b0\u1edbc ng\u01b0ng t\u1ee5 v\u00e0o b\u1ed9 x\u1ea3, phao s\u1ebd t\u1ef1 \u0111\u1ed9ng h\u1ea1 xu\u1ed1ng nh\u1edd v\u00e0o tr\u1ecdng l\u01b0\u1ee3ng c\u1ee7a ch\u00ednh n\u00f3 v\u00e0 van. N\u01b0\u1edbc s\u1ebd tho\u00e1t qua l\u1ed7 \u0111\u1ebfn v\u1ecf van v\u00e0 x\u1ea3 ra ngo\u00e0i theo \u0111\u01b0\u1eddng d\u1eabn n\u01b0\u1edbc.<\/li>\n<li>Khi n\u01b0\u1edbc ng\u01b0ng t\u1ee5 \u0111\u00e3 \u0111\u01b0\u1ee3c x\u1ea3 h\u1ebft, phao s\u1ebd l\u1ea1i \u0111\u01b0\u1ee3c n\u00e2ng l\u00ean b\u1edfi l\u00f2 xo v\u00e0 van s\u1ebd l\u1ea1i \u0111\u01b0\u1ee3c k\u00edn.<\/li>\n<\/ul>\n<h2><strong>L\u1ee3i \u00edch v\u00e0 \u1ee9ng d\u1ee5ng c\u1ee7a SMC AD402-04<\/strong><\/h2>\n<p>SMC AD402-04 c\u00f3 nhi\u1ec1u l\u1ee3i \u00edch v\u00e0 \u1ee9ng d\u1ee5ng cho h\u1ec7 th\u1ed1ng kh\u00ed n\u00e9n, nh\u01b0 sau:<\/p>\n<ul>\n<li>B\u1ea3o v\u1ec7 c\u00e1c thi\u1ebft b\u1ecb kh\u1ecfi n\u01b0\u1edbc ng\u01b0ng t\u1ee5 v\u00e0 c\u00e1c m\u1ea3nh v\u1ee5n kh\u00e1c, gi\u00fap k\u00e9o d\u00e0i tu\u1ed5i th\u1ecd v\u00e0 gi\u1ea3m thi\u1ec3u r\u1ee7i ro h\u01b0 h\u1ecfng.<\/li>\n<li>T\u0103ng hi\u1ec7u su\u1ea5t ho\u1ea1t \u0111\u1ed9ng c\u1ee7a h\u1ec7 th\u1ed1ng kh\u00ed n\u00e9n, gi\u00fap ti\u1ebft ki\u1ec7m chi ph\u00ed v\u00e0 t\u0103ng l\u1ee3i nhu\u1eadn.<\/li>\n<li>Ti\u1ebft ki\u1ec7m \u0111i\u1ec7n n\u0103ng, gi\u00fap b\u1ea3o v\u1ec7 m\u00f4i tr\u01b0\u1eddng v\u00e0 gi\u1ea3m l\u01b0\u1ee3ng kh\u00ed th\u1ea3i.<\/li>\n<li>D\u1ec5 d\u00e0ng l\u1eafp \u0111\u1eb7t v\u00e0 b\u1ea3o tr\u00ec, gi\u00fap ti\u1ebft ki\u1ec7m th\u1eddi gian v\u00e0 c\u00f4ng s\u1ee9c.<\/li>\n<\/ul>\n<p><strong>SMC AD402-04 c\u00f3 th\u1ec3 \u0111\u01b0\u1ee3c \u1ee9ng d\u1ee5ng trong c\u00e1c ng\u00e0nh c\u00f4ng nghi\u1ec7p kh\u00e1c nhau, nh\u01b0:<\/strong><\/p>\n<ul>\n<li>M\u00e1y s\u1ea5y kh\u00ed: lo\u1ea1i b\u1ecf l\u01b0\u1ee3ng n\u01b0\u1edbc c\u00f3 ch\u1ee9a trong kh\u00ed n\u00e9n, gi\u00fap t\u0103ng ch\u1ea5t l\u01b0\u1ee3ng kh\u00ed n\u00e9n v\u00e0 b\u1ea3o v\u1ec7 c\u00e1c thi\u1ebft b\u1ecb kh\u00e1c.<\/li>\n<li>M\u00e1y n\u00e9n kh\u00ed: o\u1ea1i b\u1ecf l\u01b0\u1ee3ng n\u01b0\u1edbc ng\u01b0ng t\u1ee5 trong qu\u00e1 tr\u00ecnh n\u00e9n kh\u00ed, gi\u00fap t\u0103ng hi\u1ec7u su\u1ea5t ho\u1ea1t \u0111\u1ed9ng v\u00e0 gi\u1ea3m ti\u00eau hao \u0111i\u1ec7n n\u0103ng.<\/li>\n<li>M\u00e1y \u00e9p nh\u1ef1a: lo\u1ea1i b\u1ecf l\u01b0\u1ee3ng n\u01b0\u1edbc ng\u01b0ng t\u1ee5 trong qu\u00e1 tr\u00ecnh \u00e9p nh\u1ef1a, gi\u00fap t\u0103ng ch\u1ea5t l\u01b0\u1ee3ng s\u1ea3n ph\u1ea9m v\u00e0 gi\u1ea3m chi ph\u00ed s\u1ea3n xu\u1ea5t.<\/li>\n<li>M\u00e1y in phun: lo\u1ea1i b\u1ecf l\u01b0\u1ee3ng n\u01b0\u1edbc ng\u01b0ng t\u1ee5 trong qu\u00e1 tr\u00ecnh in phun, gi\u00fap t\u0103ng \u0111\u1ed9 s\u1eafc n\u00e9t v\u00e0 m\u00e0u s\u1eafc c\u1ee7a h\u00ecnh \u1ea3nh in.<\/li>\n<\/ul>\n<p>Ngo\u00e0i ra, SMC AD402-04 c\u00f2n c\u00f3 th\u1ec3 \u0111\u01b0\u1ee3c \u1ee9ng d\u1ee5ng trong c\u00e1c ng\u00e0nh c\u00f4ng nghi\u1ec7p kh\u00e1c c\u00f3 s\u1eed d\u1ee5ng h\u1ec7 th\u1ed1ng kh\u00ed n\u00e9n, nh\u01b0 m\u00e1y c\u1eaft laser, m\u00e1y c\u01b0a g\u1ed7, m\u00e1y may c\u00f4ng nghi\u1ec7p, vv.<\/p>\n<p>\u0110\u1ea1i l\u00fd SMC vietnam, SMC viet nam, SMC vietnam distributor, Ph\u00e2n ph\u1ed1i SMC t\u1ea1i vi\u1ec7t nam<\/p>\n<p>\u0110\u1ea1i l\u00fd SMC vietnam, SMC viet nam, SMC vietnam distributor, Ph\u00e2n ph\u1ed1i SMC t\u1ea1i vi\u1ec7t nam<\/p>\n<p>\u0110\u1ea1i l\u00fd SMC vietnam, SMC viet nam, SMC vietnam distributor, Ph\u00e2n ph\u1ed1i SMC t\u1ea1i vi\u1ec7t nam<\/p>\n<p>\u0110\u1ea1i l\u00fd SMC vietnam, SMC viet nam, SMC vietnam distributor, Ph\u00e2n ph\u1ed1i SMC t\u1ea1i vi\u1ec7t nam<\/p>\n<p>\u0110\u1ea1i l\u00fd SMC vietnam, SMC viet nam, SMC vietnam distributor, Ph\u00e2n ph\u1ed1i SMC t\u1ea1i vi\u1ec7t nam<\/p>\n","protected":false},"excerpt":{"rendered":"<p>SMC AD402-04 Van x\u1ea3 n\u01b0\u1edbc t\u1ef1 \u0111\u1ed9ng SMC AD402-04 \u2013 S\u1ea3n ph\u1ea9m ch\u1ea5t l\u01b0\u1ee3ng cao t\u1eeb Nh\u1eadt B\u1ea3n B\u1ea1n \u0111ang t\u00ecm ki\u1ebfm m\u1ed9t lo\u1ea1i van x\u1ea3 n\u01b0\u1edbc t\u1ef1 \u0111\u1ed9ng cho h\u1ec7 th\u1ed1ng kh\u00ed n\u00e9n c\u1ee7a b\u1ea1n? B\u1ea1n mu\u1ed1n s\u1eed d\u1ee5ng m\u1ed9t s\u1ea3n ph\u1ea9m ch\u1ea5t l\u01b0\u1ee3ng cao, b\u1ec1n b\u1ec9 v\u00e0 ti\u1ebft&hellip; <\/p>\n","protected":false},"featured_media":1986,"comment_status":"open","ping_status":"closed","template":"","meta":{"om_disable_all_campaigns":false,"_monsterinsights_skip_tracking":false,"_monsterinsights_sitenote_active":false,"_monsterinsights_sitenote_note":"","_monsterinsights_sitenote_category":0},"product_cat":[15],"product_tag":[93,92,431],"class_list":{"0":"post-1985","1":"product","2":"type-product","3":"status-publish","4":"has-post-thumbnail","6":"product_cat-apex","7":"product_tag-dai-ly-smc-viet-nam","8":"product_tag-smc-viet-nam","9":"product_tag-van-xa","11":"first","12":"instock","13":"shipping-taxable","14":"product-type-simple"},"aioseo_notices":[],"yoast_head":"<!-- This site is optimized with the Yoast SEO plugin v22.8 - https:\/\/yoast.com\/wordpress\/plugins\/seo\/ -->\n<title>SMC AD402-04 - OMANI VI\u1ec6T NAM<\/title>\n<meta name=\"description\" content=\"SMC AD402-04 Auto Drain Valve\" \/>\n<meta name=\"robots\" content=\"index, follow, max-snippet:-1, max-image-preview:large, max-video-preview:-1\" \/>\n<link rel=\"canonical\" href=\"https:\/\/sipin.com.vn\/index.php\/product\/smc-ad402-04\/\" \/>\n<meta property=\"og:locale\" content=\"vi_VN\" \/>\n<meta property=\"og:type\" content=\"article\" \/>\n<meta property=\"og:title\" content=\"SMC AD402-04 - OMANI VI\u1ec6T NAM\" \/>\n<meta property=\"og:description\" content=\"SMC AD402-04 Auto Drain Valve\" \/>\n<meta property=\"og:url\" content=\"https:\/\/sipin.com.vn\/index.php\/product\/smc-ad402-04\/\" \/>\n<meta property=\"og:site_name\" content=\"OMANI VI\u1ec6T NAM\" \/>\n<meta property=\"article:modified_time\" content=\"2025-04-12T04:25:02+00:00\" \/>\n<meta property=\"og:image\" content=\"https:\/\/sipin.com.vn\/wp-content\/uploads\/2024\/10\/AD402-04.png\" \/>\n\t<meta property=\"og:image:width\" content=\"583\" \/>\n\t<meta property=\"og:image:height\" content=\"424\" \/>\n\t<meta property=\"og:image:type\" content=\"image\/png\" \/>\n<meta name=\"twitter:card\" content=\"summary_large_image\" \/>\n<meta name=\"twitter:label1\" content=\"\u01af\u1edbc t\u00ednh th\u1eddi gian \u0111\u1ecdc\" \/>\n\t<meta name=\"twitter:data1\" content=\"6 ph\u00fat\" \/>\n<script type=\"application\/ld+json\" class=\"yoast-schema-graph\">{\"@context\":\"https:\/\/schema.org\",\"@graph\":[{\"@type\":\"WebPage\",\"@id\":\"https:\/\/sipin.com.vn\/index.php\/product\/smc-ad402-04\/\",\"url\":\"https:\/\/sipin.com.vn\/index.php\/product\/smc-ad402-04\/\",\"name\":\"SMC AD402-04 - OMANI VI\u1ec6T NAM\",\"isPartOf\":{\"@id\":\"https:\/\/sipin.com.vn\/#website\"},\"primaryImageOfPage\":{\"@id\":\"https:\/\/sipin.com.vn\/index.php\/product\/smc-ad402-04\/#primaryimage\"},\"image\":{\"@id\":\"https:\/\/sipin.com.vn\/index.php\/product\/smc-ad402-04\/#primaryimage\"},\"thumbnailUrl\":\"https:\/\/sipin.com.vn\/wp-content\/uploads\/2024\/10\/AD402-04.png\",\"datePublished\":\"2024-10-04T15:30:06+00:00\",\"dateModified\":\"2025-04-12T04:25:02+00:00\",\"description\":\"SMC AD402-04 Auto Drain Valve\",\"breadcrumb\":{\"@id\":\"https:\/\/sipin.com.vn\/index.php\/product\/smc-ad402-04\/#breadcrumb\"},\"inLanguage\":\"vi\",\"potentialAction\":[{\"@type\":\"ReadAction\",\"target\":[\"https:\/\/sipin.com.vn\/index.php\/product\/smc-ad402-04\/\"]}]},{\"@type\":\"ImageObject\",\"inLanguage\":\"vi\",\"@id\":\"https:\/\/sipin.com.vn\/index.php\/product\/smc-ad402-04\/#primaryimage\",\"url\":\"https:\/\/sipin.com.vn\/wp-content\/uploads\/2024\/10\/AD402-04.png\",\"contentUrl\":\"https:\/\/sipin.com.vn\/wp-content\/uploads\/2024\/10\/AD402-04.png\",\"width\":583,\"height\":424},{\"@type\":\"BreadcrumbList\",\"@id\":\"https:\/\/sipin.com.vn\/index.php\/product\/smc-ad402-04\/#breadcrumb\",\"itemListElement\":[{\"@type\":\"ListItem\",\"position\":1,\"name\":\"Home\",\"item\":\"https:\/\/sipin.com.vn\/\"},{\"@type\":\"ListItem\",\"position\":2,\"name\":\"S\u1ea2N PH\u1ea8M\",\"item\":\"https:\/\/sipin.com.vn\/index.php\/cua-hang\/\"},{\"@type\":\"ListItem\",\"position\":3,\"name\":\"SMC AD402-04\"}]},{\"@type\":\"WebSite\",\"@id\":\"https:\/\/sipin.com.vn\/#website\",\"url\":\"https:\/\/sipin.com.vn\/\",\"name\":\"OMANI VI\u1ec6T NAM\",\"description\":\"Nh\u00e0 ph\u00e2n ph\u1ed1i thi\u1ebft b\u1ecb kh\u00ed n\u00e9n v\u00e0 thi\u1ebft b\u1ecb t\u1ef1 \u0111\u1ed9ng h\u00f3a trong c\u00f4ng nghi\u1ec7p\",\"publisher\":{\"@id\":\"https:\/\/sipin.com.vn\/#\/schema\/person\/0ad398a980dc3fd696111c2c5c8fa897\"},\"potentialAction\":[{\"@type\":\"SearchAction\",\"target\":{\"@type\":\"EntryPoint\",\"urlTemplate\":\"https:\/\/sipin.com.vn\/?s={search_term_string}\"},\"query-input\":\"required name=search_term_string\"}],\"inLanguage\":\"vi\"},{\"@type\":[\"Person\",\"Organization\"],\"@id\":\"https:\/\/sipin.com.vn\/#\/schema\/person\/0ad398a980dc3fd696111c2c5c8fa897\",\"name\":\"Nguy\u1ec5n V\u0103n Kh\u00e1nh\",\"image\":{\"@type\":\"ImageObject\",\"inLanguage\":\"vi\",\"@id\":\"https:\/\/sipin.com.vn\/#\/schema\/person\/image\/\",\"url\":\"https:\/\/sipin.com.vn\/wp-content\/uploads\/2024\/06\/logo-1024x1024.png\",\"contentUrl\":\"https:\/\/sipin.com.vn\/wp-content\/uploads\/2024\/06\/logo-1024x1024.png\",\"width\":1024,\"height\":1024,\"caption\":\"Nguy\u1ec5n V\u0103n Kh\u00e1nh\"},\"logo\":{\"@id\":\"https:\/\/sipin.com.vn\/#\/schema\/person\/image\/\"},\"sameAs\":[\"https:\/\/sipin.com.vn\"]}]}<\/script>\n<!-- \/ Yoast SEO plugin. -->","yoast_head_json":{"title":"SMC AD402-04 - OMANI VI\u1ec6T NAM","description":"SMC AD402-04 Auto Drain Valve","robots":{"index":"index","follow":"follow","max-snippet":"max-snippet:-1","max-image-preview":"max-image-preview:large","max-video-preview":"max-video-preview:-1"},"canonical":"https:\/\/sipin.com.vn\/index.php\/product\/smc-ad402-04\/","og_locale":"vi_VN","og_type":"article","og_title":"SMC AD402-04 - OMANI VI\u1ec6T NAM","og_description":"SMC AD402-04 Auto Drain Valve","og_url":"https:\/\/sipin.com.vn\/index.php\/product\/smc-ad402-04\/","og_site_name":"OMANI VI\u1ec6T NAM","article_modified_time":"2025-04-12T04:25:02+00:00","og_image":[{"width":583,"height":424,"url":"https:\/\/sipin.com.vn\/wp-content\/uploads\/2024\/10\/AD402-04.png","type":"image\/png"}],"twitter_card":"summary_large_image","twitter_misc":{"\u01af\u1edbc t\u00ednh th\u1eddi gian \u0111\u1ecdc":"6 ph\u00fat"},"schema":{"@context":"https:\/\/schema.org","@graph":[{"@type":"WebPage","@id":"https:\/\/sipin.com.vn\/index.php\/product\/smc-ad402-04\/","url":"https:\/\/sipin.com.vn\/index.php\/product\/smc-ad402-04\/","name":"SMC AD402-04 - OMANI VI\u1ec6T NAM","isPartOf":{"@id":"https:\/\/sipin.com.vn\/#website"},"primaryImageOfPage":{"@id":"https:\/\/sipin.com.vn\/index.php\/product\/smc-ad402-04\/#primaryimage"},"image":{"@id":"https:\/\/sipin.com.vn\/index.php\/product\/smc-ad402-04\/#primaryimage"},"thumbnailUrl":"https:\/\/sipin.com.vn\/wp-content\/uploads\/2024\/10\/AD402-04.png","datePublished":"2024-10-04T15:30:06+00:00","dateModified":"2025-04-12T04:25:02+00:00","description":"SMC AD402-04 Auto Drain Valve","breadcrumb":{"@id":"https:\/\/sipin.com.vn\/index.php\/product\/smc-ad402-04\/#breadcrumb"},"inLanguage":"vi","potentialAction":[{"@type":"ReadAction","target":["https:\/\/sipin.com.vn\/index.php\/product\/smc-ad402-04\/"]}]},{"@type":"ImageObject","inLanguage":"vi","@id":"https:\/\/sipin.com.vn\/index.php\/product\/smc-ad402-04\/#primaryimage","url":"https:\/\/sipin.com.vn\/wp-content\/uploads\/2024\/10\/AD402-04.png","contentUrl":"https:\/\/sipin.com.vn\/wp-content\/uploads\/2024\/10\/AD402-04.png","width":583,"height":424},{"@type":"BreadcrumbList","@id":"https:\/\/sipin.com.vn\/index.php\/product\/smc-ad402-04\/#breadcrumb","itemListElement":[{"@type":"ListItem","position":1,"name":"Home","item":"https:\/\/sipin.com.vn\/"},{"@type":"ListItem","position":2,"name":"S\u1ea2N PH\u1ea8M","item":"https:\/\/sipin.com.vn\/index.php\/cua-hang\/"},{"@type":"ListItem","position":3,"name":"SMC AD402-04"}]},{"@type":"WebSite","@id":"https:\/\/sipin.com.vn\/#website","url":"https:\/\/sipin.com.vn\/","name":"OMANI VI\u1ec6T NAM","description":"Nh\u00e0 ph\u00e2n ph\u1ed1i thi\u1ebft b\u1ecb kh\u00ed n\u00e9n v\u00e0 thi\u1ebft b\u1ecb t\u1ef1 \u0111\u1ed9ng h\u00f3a trong c\u00f4ng nghi\u1ec7p","publisher":{"@id":"https:\/\/sipin.com.vn\/#\/schema\/person\/0ad398a980dc3fd696111c2c5c8fa897"},"potentialAction":[{"@type":"SearchAction","target":{"@type":"EntryPoint","urlTemplate":"https:\/\/sipin.com.vn\/?s={search_term_string}"},"query-input":"required name=search_term_string"}],"inLanguage":"vi"},{"@type":["Person","Organization"],"@id":"https:\/\/sipin.com.vn\/#\/schema\/person\/0ad398a980dc3fd696111c2c5c8fa897","name":"Nguy\u1ec5n V\u0103n Kh\u00e1nh","image":{"@type":"ImageObject","inLanguage":"vi","@id":"https:\/\/sipin.com.vn\/#\/schema\/person\/image\/","url":"https:\/\/sipin.com.vn\/wp-content\/uploads\/2024\/06\/logo-1024x1024.png","contentUrl":"https:\/\/sipin.com.vn\/wp-content\/uploads\/2024\/06\/logo-1024x1024.png","width":1024,"height":1024,"caption":"Nguy\u1ec5n V\u0103n Kh\u00e1nh"},"logo":{"@id":"https:\/\/sipin.com.vn\/#\/schema\/person\/image\/"},"sameAs":["https:\/\/sipin.com.vn"]}]}},"_links":{"self":[{"href":"https:\/\/sipin.com.vn\/index.php\/wp-json\/wp\/v2\/product\/1985","targetHints":{"allow":["GET"]}}],"collection":[{"href":"https:\/\/sipin.com.vn\/index.php\/wp-json\/wp\/v2\/product"}],"about":[{"href":"https:\/\/sipin.com.vn\/index.php\/wp-json\/wp\/v2\/types\/product"}],"replies":[{"embeddable":true,"href":"https:\/\/sipin.com.vn\/index.php\/wp-json\/wp\/v2\/comments?post=1985"}],"wp:featuredmedia":[{"embeddable":true,"href":"https:\/\/sipin.com.vn\/index.php\/wp-json\/wp\/v2\/media\/1986"}],"wp:attachment":[{"href":"https:\/\/sipin.com.vn\/index.php\/wp-json\/wp\/v2\/media?parent=1985"}],"wp:term":[{"taxonomy":"product_cat","embeddable":true,"href":"https:\/\/sipin.com.vn\/index.php\/wp-json\/wp\/v2\/product_cat?post=1985"},{"taxonomy":"product_tag","embeddable":true,"href":"https:\/\/sipin.com.vn\/index.php\/wp-json\/wp\/v2\/product_tag?post=1985"}],"curies":[{"name":"wp","href":"https:\/\/api.w.org\/{rel}","templated":true}]}}