{"id":1848,"date":"2024-09-24T06:02:07","date_gmt":"2024-09-23T23:02:07","guid":{"rendered":"https:\/\/omanivietnam.com\/?post_type=product&#038;p=1848"},"modified":"2024-09-24T06:03:42","modified_gmt":"2024-09-23T23:03:42","slug":"mitsubishi-q03udvcpu","status":"publish","type":"product","link":"https:\/\/sipin.com.vn\/index.php\/product\/mitsubishi-q03udvcpu\/","title":{"rendered":"MITSUBISHI Q03UDVCPU"},"content":{"rendered":"<p>MITSUBISHI Q03UDVCPU<\/p>\n<p>FA-MOD PLC: CPU Module<\/p>\n<p>B\u1ed9 l\u1eadp tr\u00ecnh Mitsubishi Q03UDVCPU\u00a0T\u1ed1c \u0111\u1ed9 x\u1eed l\u00fd (LD instruction): 1.9\u03bcs &#8211; Dung l\u01b0\u1ee3ng ch\u01b0\u01a1ng tr\u00ecnh: 30K Step B\u1ed9 nh\u1edb ch\u01b0\u01a1ng tr\u00ecnh: 120 KB &#8211;\u00a0C\u1ed5ng truy\u1ec1n th\u00f4ng: Ethernet 100BASE-TX\/10BASE-T &#8211; B\u1ed9 nh\u1edb: SD Card, SDHC Card Maximum 32GB<\/p>\n<table class=\"woocommerce-product-attributes shop_attributes\">\n<tbody>\n<tr>\n<td>T\u00ean s\u1ea3n ph\u1ea9m<\/td>\n<td>Q03UDVCPU<\/td>\n<\/tr>\n<tr>\n<td>Series<\/td>\n<td>MELSEC-Q SERIES<\/td>\n<\/tr>\n<tr>\n<td>Type<\/td>\n<td>UNIVERSAL MODEL QCPU<\/td>\n<\/tr>\n<tr>\n<td>Program Memory<\/td>\n<td>30K<\/td>\n<\/tr>\n<tr>\n<td>Program Memory Unit<\/td>\n<td>STEPS<\/td>\n<\/tr>\n<tr>\n<td>Local I\/O Points<\/td>\n<td>4096<\/td>\n<\/tr>\n<tr>\n<td>Local + Remote I\/O Points<\/td>\n<td>8192<\/td>\n<\/tr>\n<tr>\n<td>Cycle Time LD (ns)<\/td>\n<td>1,9<\/td>\n<\/tr>\n<tr>\n<td>Cycle Time MOV (ns)<\/td>\n<td>3,9<\/td>\n<\/tr>\n<tr>\n<td>USB<\/td>\n<td>1<\/td>\n<\/tr>\n<tr>\n<td>Ethernet Port<\/td>\n<td>1<\/td>\n<\/tr>\n<tr>\n<td>Buffer Battery<\/td>\n<td>YES<\/td>\n<\/tr>\n<tr>\n<td>Int. Current Consumption (A)<\/td>\n<td>0,58<\/td>\n<\/tr>\n<tr>\n<td>Width (mm)<\/td>\n<td>27,4<\/td>\n<\/tr>\n<tr>\n<td>Height (mm)<\/td>\n<td>98<\/td>\n<\/tr>\n<tr>\n<td>Depth (mm)<\/td>\n<td>115<\/td>\n<\/tr>\n<tr>\n<td>Weight (kg)<\/td>\n<td>0,2<\/td>\n<\/tr>\n<\/tbody>\n<\/table>\n<p>B\u1ed9 l\u1eadp tr\u00ecnh Mitsubishi Q04UDVCPU\u00a0&#8211; T\u1ed1c \u0111\u1ed9 x\u1eed l\u00fd (LD instruction): 1.9\u03bcs &#8211; Dung l\u01b0\u1ee3ng ch\u01b0\u01a1ng tr\u00ecnh: 40K Step B\u1ed9 nh\u1edb ch\u01b0\u01a1ng tr\u00ecnh: 160 KB &#8211;\u00a0C\u1ed5ng truy\u1ec1n th\u00f4ng: Ethernet 100BASE-TX\/10BASE-T &#8211; B\u1ed9 nh\u1edb: SD Card, SDHC Card\u00a0Maximum 32GB<\/p>\n<p>B\u1ed9 l\u1eadp tr\u00ecnh Mitsubishi Q06UDVCPU\u00a0&#8211; T\u1ed1c \u0111\u1ed9 x\u1eed l\u00fd (LD instruction): 1.9\u03bcs &#8211; Dung l\u01b0\u1ee3ng ch\u01b0\u01a1ng tr\u00ecnh: 60K Step B\u1ed9 nh\u1edb ch\u01b0\u01a1ng tr\u00ecnh: 240 KB &#8211;\u00a0C\u1ed5ng truy\u1ec1n th\u00f4ng: Ethernet 100BASE-TX\/10BASE-T &#8211; B\u1ed9 nh\u1edb: SD Card, SDHC Card\u00a0Maximum 32GB<\/p>\n<p>&nbsp;<\/p>\n<p>&nbsp;<\/p>\n<p>C\u00e1c s\u1ea3n ph\u1ea9m t\u01b0\u01a1ng t\u1ef1<\/p>\n<p class=\"woocommerce-loop-product__title\">Mitsubishi Q01UCPU<\/p>\n<p class=\"woocommerce-loop-product__title\">Mitsubishi Q26UDVCPU<\/p>\n<p class=\"woocommerce-loop-product__title\">Mitsubishi Q13UDVCPU<\/p>\n<p class=\"woocommerce-loop-product__title\">Mitsubishi Q04UDVCPU<\/p>\n<p class=\"woocommerce-loop-product__title\">Mitsubishi Q00UJCPU<\/p>\n<p class=\"woocommerce-loop-product__title\">Mitsubishi Q00UCPU<\/p>\n<p class=\"woocommerce-loop-product__title\">Mitsubishi Q06UDVCPU<\/p>\n<p>\u0110\u1ea1i l\u00fd MITSUBISHI vietnam, MITSUBISHI viet nam, MITSUBISHI vietnam distributor, Ph\u00e2n ph\u1ed1i MITSUBISHIt\u1ea1i vi\u1ec7t nam<\/p>\n<p>\u0110\u1ea1i l\u00fd MITSUBISHI vietnam, MITSUBISHI viet nam, MITSUBISHI vietnam distributor, Ph\u00e2n ph\u1ed1i MITSUBISHIt\u1ea1i vi\u1ec7t nam<\/p>\n<p>\u0110\u1ea1i l\u00fd MITSUBISHI vietnam, MITSUBISHI viet nam, MITSUBISHI vietnam distributor, Ph\u00e2n ph\u1ed1i MITSUBISHIt\u1ea1i vi\u1ec7t nam<\/p>\n<p>\u0110\u1ea1i l\u00fd MITSUBISHI vietnam, MITSUBISHI viet nam, MITSUBISHI vietnam distributor, Ph\u00e2n ph\u1ed1i MITSUBISHIt\u1ea1i vi\u1ec7t nam<\/p>\n<p>\u0110\u1ea1i l\u00fd MITSUBISHI vietnam, MITSUBISHI viet nam, MITSUBISHI vietnam distributor, Ph\u00e2n ph\u1ed1i MITSUBISHIt\u1ea1i vi\u1ec7t nam<\/p>\n","protected":false},"excerpt":{"rendered":"<p>MITSUBISHI Q03UDVCPU FA-MOD PLC: CPU Module B\u1ed9 l\u1eadp tr\u00ecnh Mitsubishi Q03UDVCPU\u00a0T\u1ed1c \u0111\u1ed9 x\u1eed l\u00fd (LD instruction): 1.9\u03bcs &#8211; Dung l\u01b0\u1ee3ng ch\u01b0\u01a1ng tr\u00ecnh: 30K Step B\u1ed9 nh\u1edb ch\u01b0\u01a1ng tr\u00ecnh: 120 KB &#8211;\u00a0C\u1ed5ng truy\u1ec1n th\u00f4ng: Ethernet 100BASE-TX\/10BASE-T &#8211; B\u1ed9 nh\u1edb: SD Card, SDHC Card Maximum 32GB T\u00ean s\u1ea3n ph\u1ea9m Q03UDVCPU Series MELSEC-Q&hellip; <\/p>\n","protected":false},"featured_media":1849,"comment_status":"open","ping_status":"closed","template":"","meta":{"om_disable_all_campaigns":false,"_monsterinsights_skip_tracking":false,"_monsterinsights_sitenote_active":false,"_monsterinsights_sitenote_note":"","_monsterinsights_sitenote_category":0},"product_cat":[15],"product_tag":[167,158,157],"class_list":{"0":"post-1848","1":"product","2":"type-product","3":"status-publish","4":"has-post-thumbnail","6":"product_cat-apex","7":"product_tag-bo-dieu-khien","8":"product_tag-dai-ly-mitsubishi-viet-nam","9":"product_tag-mitsubishi-viet-nam","11":"first","12":"instock","13":"shipping-taxable","14":"product-type-simple"},"aioseo_notices":[],"yoast_head":"<!-- This site is optimized with the Yoast SEO plugin v22.8 - https:\/\/yoast.com\/wordpress\/plugins\/seo\/ -->\n<title>MITSUBISHI Q03UDVCPU - OMANI VI\u1ec6T NAM<\/title>\n<meta name=\"robots\" content=\"index, follow, max-snippet:-1, max-image-preview:large, max-video-preview:-1\" \/>\n<link rel=\"canonical\" href=\"https:\/\/sipin.com.vn\/index.php\/product\/mitsubishi-q03udvcpu\/\" \/>\n<meta property=\"og:locale\" content=\"vi_VN\" \/>\n<meta property=\"og:type\" content=\"article\" \/>\n<meta property=\"og:title\" content=\"MITSUBISHI Q03UDVCPU - OMANI VI\u1ec6T NAM\" \/>\n<meta property=\"og:description\" content=\"MITSUBISHI Q03UDVCPU FA-MOD PLC: CPU Module B\u1ed9 l\u1eadp tr\u00ecnh Mitsubishi Q03UDVCPU\u00a0T\u1ed1c \u0111\u1ed9 x\u1eed l\u00fd (LD instruction): 1.9\u03bcs &#8211; Dung l\u01b0\u1ee3ng ch\u01b0\u01a1ng tr\u00ecnh: 30K Step B\u1ed9 nh\u1edb ch\u01b0\u01a1ng tr\u00ecnh: 120 KB &#8211;\u00a0C\u1ed5ng truy\u1ec1n th\u00f4ng: Ethernet 100BASE-TX\/10BASE-T &#8211; B\u1ed9 nh\u1edb: SD Card, SDHC Card Maximum 32GB T\u00ean s\u1ea3n ph\u1ea9m Q03UDVCPU Series MELSEC-Q&hellip;\" \/>\n<meta property=\"og:url\" content=\"https:\/\/sipin.com.vn\/index.php\/product\/mitsubishi-q03udvcpu\/\" \/>\n<meta property=\"og:site_name\" content=\"OMANI VI\u1ec6T NAM\" \/>\n<meta property=\"article:modified_time\" content=\"2024-09-23T23:03:42+00:00\" \/>\n<meta property=\"og:image\" content=\"https:\/\/sipin.com.vn\/wp-content\/uploads\/2024\/09\/Q03UDVCPU.png\" \/>\n\t<meta property=\"og:image:width\" content=\"621\" \/>\n\t<meta property=\"og:image:height\" content=\"535\" \/>\n\t<meta property=\"og:image:type\" content=\"image\/png\" \/>\n<meta name=\"twitter:card\" content=\"summary_large_image\" \/>\n<meta name=\"twitter:label1\" content=\"\u01af\u1edbc t\u00ednh th\u1eddi gian \u0111\u1ecdc\" \/>\n\t<meta name=\"twitter:data1\" content=\"2 ph\u00fat\" \/>\n<script type=\"application\/ld+json\" class=\"yoast-schema-graph\">{\"@context\":\"https:\/\/schema.org\",\"@graph\":[{\"@type\":\"WebPage\",\"@id\":\"https:\/\/sipin.com.vn\/index.php\/product\/mitsubishi-q03udvcpu\/\",\"url\":\"https:\/\/sipin.com.vn\/index.php\/product\/mitsubishi-q03udvcpu\/\",\"name\":\"MITSUBISHI Q03UDVCPU - OMANI VI\u1ec6T NAM\",\"isPartOf\":{\"@id\":\"https:\/\/sipin.com.vn\/#website\"},\"primaryImageOfPage\":{\"@id\":\"https:\/\/sipin.com.vn\/index.php\/product\/mitsubishi-q03udvcpu\/#primaryimage\"},\"image\":{\"@id\":\"https:\/\/sipin.com.vn\/index.php\/product\/mitsubishi-q03udvcpu\/#primaryimage\"},\"thumbnailUrl\":\"https:\/\/sipin.com.vn\/wp-content\/uploads\/2024\/09\/Q03UDVCPU.png\",\"datePublished\":\"2024-09-23T23:02:07+00:00\",\"dateModified\":\"2024-09-23T23:03:42+00:00\",\"breadcrumb\":{\"@id\":\"https:\/\/sipin.com.vn\/index.php\/product\/mitsubishi-q03udvcpu\/#breadcrumb\"},\"inLanguage\":\"vi\",\"potentialAction\":[{\"@type\":\"ReadAction\",\"target\":[\"https:\/\/sipin.com.vn\/index.php\/product\/mitsubishi-q03udvcpu\/\"]}]},{\"@type\":\"ImageObject\",\"inLanguage\":\"vi\",\"@id\":\"https:\/\/sipin.com.vn\/index.php\/product\/mitsubishi-q03udvcpu\/#primaryimage\",\"url\":\"https:\/\/sipin.com.vn\/wp-content\/uploads\/2024\/09\/Q03UDVCPU.png\",\"contentUrl\":\"https:\/\/sipin.com.vn\/wp-content\/uploads\/2024\/09\/Q03UDVCPU.png\",\"width\":621,\"height\":535},{\"@type\":\"BreadcrumbList\",\"@id\":\"https:\/\/sipin.com.vn\/index.php\/product\/mitsubishi-q03udvcpu\/#breadcrumb\",\"itemListElement\":[{\"@type\":\"ListItem\",\"position\":1,\"name\":\"Home\",\"item\":\"https:\/\/sipin.com.vn\/\"},{\"@type\":\"ListItem\",\"position\":2,\"name\":\"S\u1ea2N PH\u1ea8M\",\"item\":\"https:\/\/sipin.com.vn\/index.php\/cua-hang\/\"},{\"@type\":\"ListItem\",\"position\":3,\"name\":\"MITSUBISHI Q03UDVCPU\"}]},{\"@type\":\"WebSite\",\"@id\":\"https:\/\/sipin.com.vn\/#website\",\"url\":\"https:\/\/sipin.com.vn\/\",\"name\":\"OMANI VI\u1ec6T NAM\",\"description\":\"Nh\u00e0 ph\u00e2n ph\u1ed1i thi\u1ebft b\u1ecb kh\u00ed n\u00e9n v\u00e0 thi\u1ebft b\u1ecb t\u1ef1 \u0111\u1ed9ng h\u00f3a trong c\u00f4ng nghi\u1ec7p\",\"publisher\":{\"@id\":\"https:\/\/sipin.com.vn\/#\/schema\/person\/0ad398a980dc3fd696111c2c5c8fa897\"},\"potentialAction\":[{\"@type\":\"SearchAction\",\"target\":{\"@type\":\"EntryPoint\",\"urlTemplate\":\"https:\/\/sipin.com.vn\/?s={search_term_string}\"},\"query-input\":\"required name=search_term_string\"}],\"inLanguage\":\"vi\"},{\"@type\":[\"Person\",\"Organization\"],\"@id\":\"https:\/\/sipin.com.vn\/#\/schema\/person\/0ad398a980dc3fd696111c2c5c8fa897\",\"name\":\"Nguy\u1ec5n V\u0103n Kh\u00e1nh\",\"image\":{\"@type\":\"ImageObject\",\"inLanguage\":\"vi\",\"@id\":\"https:\/\/sipin.com.vn\/#\/schema\/person\/image\/\",\"url\":\"https:\/\/sipin.com.vn\/wp-content\/uploads\/2024\/06\/logo-1024x1024.png\",\"contentUrl\":\"https:\/\/sipin.com.vn\/wp-content\/uploads\/2024\/06\/logo-1024x1024.png\",\"width\":1024,\"height\":1024,\"caption\":\"Nguy\u1ec5n V\u0103n Kh\u00e1nh\"},\"logo\":{\"@id\":\"https:\/\/sipin.com.vn\/#\/schema\/person\/image\/\"},\"sameAs\":[\"https:\/\/sipin.com.vn\"]}]}<\/script>\n<!-- \/ Yoast SEO plugin. -->","yoast_head_json":{"title":"MITSUBISHI Q03UDVCPU - OMANI VI\u1ec6T NAM","robots":{"index":"index","follow":"follow","max-snippet":"max-snippet:-1","max-image-preview":"max-image-preview:large","max-video-preview":"max-video-preview:-1"},"canonical":"https:\/\/sipin.com.vn\/index.php\/product\/mitsubishi-q03udvcpu\/","og_locale":"vi_VN","og_type":"article","og_title":"MITSUBISHI Q03UDVCPU - OMANI VI\u1ec6T NAM","og_description":"MITSUBISHI Q03UDVCPU FA-MOD PLC: CPU Module B\u1ed9 l\u1eadp tr\u00ecnh Mitsubishi Q03UDVCPU\u00a0T\u1ed1c \u0111\u1ed9 x\u1eed l\u00fd (LD instruction): 1.9\u03bcs &#8211; Dung l\u01b0\u1ee3ng ch\u01b0\u01a1ng tr\u00ecnh: 30K Step B\u1ed9 nh\u1edb ch\u01b0\u01a1ng tr\u00ecnh: 120 KB &#8211;\u00a0C\u1ed5ng truy\u1ec1n th\u00f4ng: Ethernet 100BASE-TX\/10BASE-T &#8211; B\u1ed9 nh\u1edb: SD Card, SDHC Card Maximum 32GB T\u00ean s\u1ea3n ph\u1ea9m Q03UDVCPU Series MELSEC-Q&hellip;","og_url":"https:\/\/sipin.com.vn\/index.php\/product\/mitsubishi-q03udvcpu\/","og_site_name":"OMANI VI\u1ec6T NAM","article_modified_time":"2024-09-23T23:03:42+00:00","og_image":[{"width":621,"height":535,"url":"https:\/\/sipin.com.vn\/wp-content\/uploads\/2024\/09\/Q03UDVCPU.png","type":"image\/png"}],"twitter_card":"summary_large_image","twitter_misc":{"\u01af\u1edbc t\u00ednh th\u1eddi gian \u0111\u1ecdc":"2 ph\u00fat"},"schema":{"@context":"https:\/\/schema.org","@graph":[{"@type":"WebPage","@id":"https:\/\/sipin.com.vn\/index.php\/product\/mitsubishi-q03udvcpu\/","url":"https:\/\/sipin.com.vn\/index.php\/product\/mitsubishi-q03udvcpu\/","name":"MITSUBISHI Q03UDVCPU - OMANI VI\u1ec6T NAM","isPartOf":{"@id":"https:\/\/sipin.com.vn\/#website"},"primaryImageOfPage":{"@id":"https:\/\/sipin.com.vn\/index.php\/product\/mitsubishi-q03udvcpu\/#primaryimage"},"image":{"@id":"https:\/\/sipin.com.vn\/index.php\/product\/mitsubishi-q03udvcpu\/#primaryimage"},"thumbnailUrl":"https:\/\/sipin.com.vn\/wp-content\/uploads\/2024\/09\/Q03UDVCPU.png","datePublished":"2024-09-23T23:02:07+00:00","dateModified":"2024-09-23T23:03:42+00:00","breadcrumb":{"@id":"https:\/\/sipin.com.vn\/index.php\/product\/mitsubishi-q03udvcpu\/#breadcrumb"},"inLanguage":"vi","potentialAction":[{"@type":"ReadAction","target":["https:\/\/sipin.com.vn\/index.php\/product\/mitsubishi-q03udvcpu\/"]}]},{"@type":"ImageObject","inLanguage":"vi","@id":"https:\/\/sipin.com.vn\/index.php\/product\/mitsubishi-q03udvcpu\/#primaryimage","url":"https:\/\/sipin.com.vn\/wp-content\/uploads\/2024\/09\/Q03UDVCPU.png","contentUrl":"https:\/\/sipin.com.vn\/wp-content\/uploads\/2024\/09\/Q03UDVCPU.png","width":621,"height":535},{"@type":"BreadcrumbList","@id":"https:\/\/sipin.com.vn\/index.php\/product\/mitsubishi-q03udvcpu\/#breadcrumb","itemListElement":[{"@type":"ListItem","position":1,"name":"Home","item":"https:\/\/sipin.com.vn\/"},{"@type":"ListItem","position":2,"name":"S\u1ea2N PH\u1ea8M","item":"https:\/\/sipin.com.vn\/index.php\/cua-hang\/"},{"@type":"ListItem","position":3,"name":"MITSUBISHI Q03UDVCPU"}]},{"@type":"WebSite","@id":"https:\/\/sipin.com.vn\/#website","url":"https:\/\/sipin.com.vn\/","name":"OMANI VI\u1ec6T NAM","description":"Nh\u00e0 ph\u00e2n ph\u1ed1i thi\u1ebft b\u1ecb kh\u00ed n\u00e9n v\u00e0 thi\u1ebft b\u1ecb t\u1ef1 \u0111\u1ed9ng h\u00f3a trong c\u00f4ng nghi\u1ec7p","publisher":{"@id":"https:\/\/sipin.com.vn\/#\/schema\/person\/0ad398a980dc3fd696111c2c5c8fa897"},"potentialAction":[{"@type":"SearchAction","target":{"@type":"EntryPoint","urlTemplate":"https:\/\/sipin.com.vn\/?s={search_term_string}"},"query-input":"required name=search_term_string"}],"inLanguage":"vi"},{"@type":["Person","Organization"],"@id":"https:\/\/sipin.com.vn\/#\/schema\/person\/0ad398a980dc3fd696111c2c5c8fa897","name":"Nguy\u1ec5n V\u0103n Kh\u00e1nh","image":{"@type":"ImageObject","inLanguage":"vi","@id":"https:\/\/sipin.com.vn\/#\/schema\/person\/image\/","url":"https:\/\/sipin.com.vn\/wp-content\/uploads\/2024\/06\/logo-1024x1024.png","contentUrl":"https:\/\/sipin.com.vn\/wp-content\/uploads\/2024\/06\/logo-1024x1024.png","width":1024,"height":1024,"caption":"Nguy\u1ec5n V\u0103n Kh\u00e1nh"},"logo":{"@id":"https:\/\/sipin.com.vn\/#\/schema\/person\/image\/"},"sameAs":["https:\/\/sipin.com.vn"]}]}},"_links":{"self":[{"href":"https:\/\/sipin.com.vn\/index.php\/wp-json\/wp\/v2\/product\/1848","targetHints":{"allow":["GET"]}}],"collection":[{"href":"https:\/\/sipin.com.vn\/index.php\/wp-json\/wp\/v2\/product"}],"about":[{"href":"https:\/\/sipin.com.vn\/index.php\/wp-json\/wp\/v2\/types\/product"}],"replies":[{"embeddable":true,"href":"https:\/\/sipin.com.vn\/index.php\/wp-json\/wp\/v2\/comments?post=1848"}],"wp:featuredmedia":[{"embeddable":true,"href":"https:\/\/sipin.com.vn\/index.php\/wp-json\/wp\/v2\/media\/1849"}],"wp:attachment":[{"href":"https:\/\/sipin.com.vn\/index.php\/wp-json\/wp\/v2\/media?parent=1848"}],"wp:term":[{"taxonomy":"product_cat","embeddable":true,"href":"https:\/\/sipin.com.vn\/index.php\/wp-json\/wp\/v2\/product_cat?post=1848"},{"taxonomy":"product_tag","embeddable":true,"href":"https:\/\/sipin.com.vn\/index.php\/wp-json\/wp\/v2\/product_tag?post=1848"}],"curies":[{"name":"wp","href":"https:\/\/api.w.org\/{rel}","templated":true}]}}